{"id":274,"date":"2021-06-30T12:52:32","date_gmt":"2021-06-30T09:52:32","guid":{"rendered":"http:\/\/ticaret.edu.tr\/medya\/?page_id=274"},"modified":"2025-10-22T15:09:04","modified_gmt":"2025-10-22T12:09:04","slug":"lisans-ders-icerikleri","status":"publish","type":"page","link":"http:\/\/ticaret.edu.tr\/medya-ve-iletisim\/lisans-ders-icerikleri\/","title":{"rendered":"Ders \u0130\u00e7erikleri"},"content":{"rendered":"<p><a href=\"http:\/\/ticaret.edu.tr\/medya-ve-iletisim\/wp-content\/uploads\/sites\/14\/2025\/10\/2025-2026-Medya-ve-Iletisim-Bolumu-Ders-Icerikleri-1.pdf\">2025-2026 Medya ve \u0130leti\u015fim B\u00f6l\u00fcm\u00fc Ders I\u0307\u00e7erikleri<\/a><\/p>\n<p><a href=\"http:\/\/ticaret.edu.tr\/medya-ve-iletisim\/wp-content\/uploads\/sites\/14\/2025\/01\/Medya-ve-Iletisim-Bolumu-2024-2025-Ders-Icerikleri.pdf\">2024-2025 Medya ve \u0130leti\u015fim B\u00f6l\u00fcm\u00fc Ders \u0130\u00e7erikleri<\/a><\/p>\n<p><a href=\"http:\/\/ticaret.edu.tr\/medya-ve-iletisim\/wp-content\/uploads\/sites\/14\/2025\/01\/Medya-ve-Iletisim-Bolumu-2023-2024-Ders-Icerikleri.pdf\">2023-2024 Medya ve \u0130leti\u015fim B\u00f6l\u00fcm\u00fc Ders I\u0307\u00e7erikleri<\/a><\/p>\n<p><a href=\"http:\/\/ticaret.edu.tr\/medya-ve-iletisim\/wp-content\/uploads\/sites\/14\/2025\/01\/Medya-ve-Iletisim-Bolumu-2022-2023-Ders-Icerikleri.pdf\">2022-2023 Medya ve \u0130leti\u015fim B\u00f6l\u00fcm\u00fc Ders \u0130\u00e7erikleri<\/a><\/p>\n<p><a href=\"http:\/\/ticaret.edu.tr\/medya-ve-iletisim\/wp-content\/uploads\/sites\/14\/2021\/11\/Medya-ve-Iletisim-Bolumu-2021-2022-Ders-Icerikleri.pdf\">2021-2022 Medya ve \u0130leti\u015fim B\u00f6l\u00fcm\u00fc Ders \u0130\u00e7erikleri<\/a><\/p>\n<p><a href=\"http:\/\/ticaret.edu.tr\/medya\/wp-content\/uploads\/sites\/14\/2021\/07\/Medya-ve-Iletisim-Ingilizce-Destekli-Program-Ders-Icerikleri.pdf\">Medya ve \u0130leti\u015fim \u0130ngilizce Destekli Program Ders \u0130\u00e7erikleri<\/a><\/p>\n<p><a href=\"http:\/\/ticaret.edu.tr\/medya\/wp-content\/uploads\/sites\/14\/2021\/07\/Medya-ve-Iletisim-Turkce-Program-Ders-Icerikleri-1.pdf\">Medya ve \u0130leti\u015fim T\u00fcrk\u00e7e Program Ders \u0130\u00e7erikleri<\/a><\/p>\n<p><a href=\"http:\/\/ticaret.edu.tr\/medya\/wp-content\/uploads\/sites\/14\/2021\/07\/2019-2020-Medya-ve-Iletisim-Ders-Icerikleri.pdf\">2019-2020 Medya ve \u0130leti\u015fim Ders \u0130\u00e7erikleri<\/a><\/p>\n<p><a href=\"http:\/\/ticaret.edu.tr\/medya\/wp-content\/uploads\/sites\/14\/2021\/07\/2018-2019-Medya-ve-Iletisim-Ders-Icerikleri.pdf\">2018-2019 Medya ve \u0130leti\u015fim Ders \u0130\u00e7erikleri<\/a><\/p>\n<p><a href=\"http:\/\/ticaret.edu.tr\/medya\/wp-content\/uploads\/sites\/14\/2021\/07\/2017-2018-Medya-ve-Iletisim-Ders-Icerikleri.pdf\">2017-2018 Medya ve \u0130leti\u015fim Ders \u0130\u00e7erikleri<\/a><\/p>\n<p><a href=\"http:\/\/ticaret.edu.tr\/medya\/wp-content\/uploads\/sites\/14\/2021\/07\/2016-2017-Medya-ve-Iletisim-Ders-Icerikleri.pdf\">2016-2017 Medya ve \u0130leti\u015fim Ders \u0130\u00e7erikleri<\/a><\/p>\n","protected":false},"excerpt":{"rendered":"<p>2025-2026 Medya ve \u0130leti\u015fim B\u00f6l\u00fcm\u00fc Ders I\u0307\u00e7erikleri 2024-2025 Medya ve \u0130leti\u015fim B\u00f6l\u00fcm\u00fc Ders \u0130\u00e7erikleri 2023-2024 Medya ve \u0130leti\u015fim B\u00f6l\u00fcm\u00fc Ders I\u0307\u00e7erikleri 2022-2023 Medya ve \u0130leti\u015fim B\u00f6l\u00fcm\u00fc Ders \u0130\u00e7erikleri 2021-2022 Medya ve \u0130leti\u015fim B\u00f6l\u00fcm\u00fc Ders \u0130\u00e7erikleri Medya ve \u0130leti\u015fim \u0130ngilizce Destekli Program Ders \u0130\u00e7erikleri Medya ve \u0130leti\u015fim T\u00fcrk\u00e7e Program Ders \u0130\u00e7erikleri 2019-2020 Medya ve \u0130leti\u015fim Ders [&hellip;]<\/p>\n","protected":false},"author":149,"featured_media":0,"parent":0,"menu_order":0,"comment_status":"closed","ping_status":"closed","template":"genel_sayfa.php","meta":{"footnotes":""},"yoast_head":"<!-- This site is optimized with the Yoast SEO Premium plugin v22.1 (Yoast SEO v22.1) - https:\/\/yoast.com\/wordpress\/plugins\/seo\/ -->\n<title>Ders \u0130\u00e7erikleri - Medya ve \u0130leti\u015fim<\/title>\n<meta name=\"robots\" content=\"index, follow, max-snippet:-1, max-image-preview:large, max-video-preview:-1\" \/>\n<link rel=\"canonical\" href=\"https:\/\/ticaret.edu.tr\/medya-ve-iletisim\/lisans-ders-icerikleri\/\" \/>\n<meta property=\"og:locale\" content=\"tr_TR\" \/>\n<meta property=\"og:type\" content=\"article\" \/>\n<meta property=\"og:title\" content=\"Ders \u0130\u00e7erikleri\" \/>\n<meta property=\"og:description\" content=\"2025-2026 Medya ve \u0130leti\u015fim B\u00f6l\u00fcm\u00fc Ders I\u0307\u00e7erikleri 2024-2025 Medya ve \u0130leti\u015fim B\u00f6l\u00fcm\u00fc Ders \u0130\u00e7erikleri 2023-2024 Medya ve \u0130leti\u015fim B\u00f6l\u00fcm\u00fc Ders I\u0307\u00e7erikleri 2022-2023 Medya ve \u0130leti\u015fim B\u00f6l\u00fcm\u00fc Ders \u0130\u00e7erikleri 2021-2022 Medya ve \u0130leti\u015fim B\u00f6l\u00fcm\u00fc Ders \u0130\u00e7erikleri Medya ve \u0130leti\u015fim \u0130ngilizce Destekli Program Ders \u0130\u00e7erikleri Medya ve \u0130leti\u015fim T\u00fcrk\u00e7e Program Ders \u0130\u00e7erikleri 2019-2020 Medya ve \u0130leti\u015fim Ders [&hellip;]\" \/>\n<meta property=\"og:url\" content=\"https:\/\/ticaret.edu.tr\/medya-ve-iletisim\/lisans-ders-icerikleri\/\" \/>\n<meta property=\"og:site_name\" content=\"Medya ve \u0130leti\u015fim\" \/>\n<meta property=\"article:publisher\" content=\"https:\/\/www.facebook.com\/ticaretedutr\" \/>\n<meta property=\"article:modified_time\" content=\"2025-10-22T12:09:04+00:00\" \/>\n<meta property=\"og:image\" content=\"http:\/\/ticaret.edu.tr\/medya-ve-iletisim\/wp-content\/uploads\/sites\/14\/2021\/11\/web_logo-01.jpg\" \/>\n\t<meta property=\"og:image:width\" content=\"1250\" \/>\n\t<meta property=\"og:image:height\" content=\"833\" \/>\n\t<meta property=\"og:image:type\" content=\"image\/jpeg\" \/>\n<meta name=\"twitter:card\" content=\"summary_large_image\" \/>\n<meta name=\"twitter:site\" content=\"@ticaretedutr\" \/>\n<meta name=\"twitter:label1\" content=\"Tahmini okuma s\u00fcresi\" \/>\n\t<meta name=\"twitter:data1\" content=\"1 dakika\" \/>\n<script type=\"application\/ld+json\" class=\"yoast-schema-graph\">{\"@context\":\"https:\/\/schema.org\",\"@graph\":[{\"@type\":\"WebPage\",\"@id\":\"https:\/\/ticaret.edu.tr\/medya-ve-iletisim\/lisans-ders-icerikleri\/\",\"url\":\"https:\/\/ticaret.edu.tr\/medya-ve-iletisim\/lisans-ders-icerikleri\/\",\"name\":\"Ders \u0130\u00e7erikleri - Medya ve \u0130leti\u015fim\",\"isPartOf\":{\"@id\":\"http:\/\/ticaret.edu.tr\/medya-ve-iletisim\/#website\"},\"datePublished\":\"2021-06-30T09:52:32+00:00\",\"dateModified\":\"2025-10-22T12:09:04+00:00\",\"breadcrumb\":{\"@id\":\"https:\/\/ticaret.edu.tr\/medya-ve-iletisim\/lisans-ders-icerikleri\/#breadcrumb\"},\"inLanguage\":\"tr\",\"potentialAction\":[{\"@type\":\"ReadAction\",\"target\":[\"https:\/\/ticaret.edu.tr\/medya-ve-iletisim\/lisans-ders-icerikleri\/\"]}]},{\"@type\":\"BreadcrumbList\",\"@id\":\"https:\/\/ticaret.edu.tr\/medya-ve-iletisim\/lisans-ders-icerikleri\/#breadcrumb\",\"itemListElement\":[{\"@type\":\"ListItem\",\"position\":1,\"name\":\"Ana sayfa\",\"item\":\"http:\/\/ticaret.edu.tr\/medya-ve-iletisim\/\"},{\"@type\":\"ListItem\",\"position\":2,\"name\":\"Ders \u0130\u00e7erikleri\"}]},{\"@type\":\"WebSite\",\"@id\":\"http:\/\/ticaret.edu.tr\/medya-ve-iletisim\/#website\",\"url\":\"http:\/\/ticaret.edu.tr\/medya-ve-iletisim\/\",\"name\":\"Medya ve \u0130leti\u015fim\",\"description\":\"\",\"potentialAction\":[{\"@type\":\"SearchAction\",\"target\":{\"@type\":\"EntryPoint\",\"urlTemplate\":\"http:\/\/ticaret.edu.tr\/medya-ve-iletisim\/?s={search_term_string}\"},\"query-input\":\"required name=search_term_string\"}],\"inLanguage\":\"tr\"}]}<\/script>\n<!-- \/ Yoast SEO Premium plugin. -->","yoast_head_json":{"title":"Ders \u0130\u00e7erikleri - Medya ve \u0130leti\u015fim","robots":{"index":"index","follow":"follow","max-snippet":"max-snippet:-1","max-image-preview":"max-image-preview:large","max-video-preview":"max-video-preview:-1"},"canonical":"https:\/\/ticaret.edu.tr\/medya-ve-iletisim\/lisans-ders-icerikleri\/","og_locale":"tr_TR","og_type":"article","og_title":"Ders \u0130\u00e7erikleri","og_description":"2025-2026 Medya ve \u0130leti\u015fim B\u00f6l\u00fcm\u00fc Ders I\u0307\u00e7erikleri 2024-2025 Medya ve \u0130leti\u015fim B\u00f6l\u00fcm\u00fc Ders \u0130\u00e7erikleri 2023-2024 Medya ve \u0130leti\u015fim B\u00f6l\u00fcm\u00fc Ders I\u0307\u00e7erikleri 2022-2023 Medya ve \u0130leti\u015fim B\u00f6l\u00fcm\u00fc Ders \u0130\u00e7erikleri 2021-2022 Medya ve \u0130leti\u015fim B\u00f6l\u00fcm\u00fc Ders \u0130\u00e7erikleri Medya ve \u0130leti\u015fim \u0130ngilizce Destekli Program Ders \u0130\u00e7erikleri Medya ve \u0130leti\u015fim T\u00fcrk\u00e7e Program Ders \u0130\u00e7erikleri 2019-2020 Medya ve \u0130leti\u015fim Ders [&hellip;]","og_url":"https:\/\/ticaret.edu.tr\/medya-ve-iletisim\/lisans-ders-icerikleri\/","og_site_name":"Medya ve \u0130leti\u015fim","article_publisher":"https:\/\/www.facebook.com\/ticaretedutr","article_modified_time":"2025-10-22T12:09:04+00:00","og_image":[{"width":1250,"height":833,"url":"http:\/\/ticaret.edu.tr\/medya-ve-iletisim\/wp-content\/uploads\/sites\/14\/2021\/11\/web_logo-01.jpg","type":"image\/jpeg"}],"twitter_card":"summary_large_image","twitter_site":"@ticaretedutr","twitter_misc":{"Tahmini okuma s\u00fcresi":"1 dakika"},"schema":{"@context":"https:\/\/schema.org","@graph":[{"@type":"WebPage","@id":"https:\/\/ticaret.edu.tr\/medya-ve-iletisim\/lisans-ders-icerikleri\/","url":"https:\/\/ticaret.edu.tr\/medya-ve-iletisim\/lisans-ders-icerikleri\/","name":"Ders \u0130\u00e7erikleri - Medya ve \u0130leti\u015fim","isPartOf":{"@id":"http:\/\/ticaret.edu.tr\/medya-ve-iletisim\/#website"},"datePublished":"2021-06-30T09:52:32+00:00","dateModified":"2025-10-22T12:09:04+00:00","breadcrumb":{"@id":"https:\/\/ticaret.edu.tr\/medya-ve-iletisim\/lisans-ders-icerikleri\/#breadcrumb"},"inLanguage":"tr","potentialAction":[{"@type":"ReadAction","target":["https:\/\/ticaret.edu.tr\/medya-ve-iletisim\/lisans-ders-icerikleri\/"]}]},{"@type":"BreadcrumbList","@id":"https:\/\/ticaret.edu.tr\/medya-ve-iletisim\/lisans-ders-icerikleri\/#breadcrumb","itemListElement":[{"@type":"ListItem","position":1,"name":"Ana sayfa","item":"http:\/\/ticaret.edu.tr\/medya-ve-iletisim\/"},{"@type":"ListItem","position":2,"name":"Ders \u0130\u00e7erikleri"}]},{"@type":"WebSite","@id":"http:\/\/ticaret.edu.tr\/medya-ve-iletisim\/#website","url":"http:\/\/ticaret.edu.tr\/medya-ve-iletisim\/","name":"Medya ve \u0130leti\u015fim","description":"","potentialAction":[{"@type":"SearchAction","target":{"@type":"EntryPoint","urlTemplate":"http:\/\/ticaret.edu.tr\/medya-ve-iletisim\/?s={search_term_string}"},"query-input":"required name=search_term_string"}],"inLanguage":"tr"}]}},"lang":"tr","translations":{"en":524,"tr":274},"pll_sync_post":[],"_links":{"self":[{"href":"http:\/\/ticaret.edu.tr\/medya-ve-iletisim\/wp-json\/wp\/v2\/pages\/274"}],"collection":[{"href":"http:\/\/ticaret.edu.tr\/medya-ve-iletisim\/wp-json\/wp\/v2\/pages"}],"about":[{"href":"http:\/\/ticaret.edu.tr\/medya-ve-iletisim\/wp-json\/wp\/v2\/types\/page"}],"author":[{"embeddable":true,"href":"http:\/\/ticaret.edu.tr\/medya-ve-iletisim\/wp-json\/wp\/v2\/users\/149"}],"replies":[{"embeddable":true,"href":"http:\/\/ticaret.edu.tr\/medya-ve-iletisim\/wp-json\/wp\/v2\/comments?post=274"}],"version-history":[{"count":15,"href":"http:\/\/ticaret.edu.tr\/medya-ve-iletisim\/wp-json\/wp\/v2\/pages\/274\/revisions"}],"predecessor-version":[{"id":2334,"href":"http:\/\/ticaret.edu.tr\/medya-ve-iletisim\/wp-json\/wp\/v2\/pages\/274\/revisions\/2334"}],"wp:attachment":[{"href":"http:\/\/ticaret.edu.tr\/medya-ve-iletisim\/wp-json\/wp\/v2\/media?parent=274"}],"curies":[{"name":"wp","href":"https:\/\/api.w.org\/{rel}","templated":true}]}}