{"id":997,"date":"2023-03-17T13:53:52","date_gmt":"2023-03-17T10:53:52","guid":{"rendered":"https:\/\/ticaret.edu.tr\/medya-ve-iletisim\/?page_id=997"},"modified":"2025-03-03T14:00:27","modified_gmt":"2025-03-03T11:00:27","slug":"tarihce","status":"publish","type":"page","link":"http:\/\/ticaret.edu.tr\/medya-ve-iletisim\/tarihce\/","title":{"rendered":"Tarih\u00e7e"},"content":{"rendered":"<h3><span style=\"font-size: 16px;font-family: Arial, sans-serif;color: black\">\u0130stanbul Ticaret \u00dcniversitesi, \u0130leti\u015fim Fak\u00fcltesi b\u00fcnyesinde Medya ve \u0130leti\u015fim B\u00f6l\u00fcm\u00fc \u0130stanbul Ticaret Odas\u0131 E\u011fitim ve Sosyal Hizmetler Vakf\u0131 taraf\u0131ndan 2001 y\u0131l\u0131nda kurulmu\u015ftur. Medya ve \u0130leti\u015fim Sistemleri ad\u0131 ile kurulan b\u00f6l\u00fcm ilk \u00f6\u011frencilerini 2001-2002 y\u0131l\u0131nda alm\u0131\u015ft\u0131r. Y\u00fcksek\u00f6\u011fretim Kurulu Ba\u015fkanl\u0131\u011f\u0131n\u0131n 13.02.2021 tarih ve 75850160-101.03.01-E.11915 say\u0131l\u0131 yaz\u0131s\u0131 ile 2020-2021 e\u011fitim \u00f6\u011fretim y\u0131l\u0131ndan itibaren \u0130leti\u015fim Fak\u00fcltesi b\u00fcnyesindeki Medya ve \u0130leti\u015fim Program\u0131n\u0131n \u00f6\u011fretim dili %30 \u0130ngilizceden T\u00fcrk\u00e7eye d\u00f6nm\u00fc\u015ft\u00fcr<\/span><span style=\"font-size: 16px;font-family: Arial, sans-serif\">.<\/span><\/h3>\n<p class=\"MsoNormal\" style=\"margin: 12.0pt 0cm 12.0pt 0cm\"><span style=\"font-family: 'Arial',sans-serif;color: black\">\u0130stanbul Ticaret \u00dcniversitesi \u0130leti\u015fim Fak\u00fcltesi Medya ve \u0130leti\u015fim B\u00f6l\u00fcm\u00fc, kalite k\u00fclt\u00fcr\u00fcne \u00f6nem veren ve b\u00f6l\u00fcm i\u00e7erisinde kurumsalla\u015fmay\u0131 \u00f6nemseyen bir birimdir. Bu \u00e7er\u00e7evede kalite yakla\u015f\u0131m\u0131n\u0131n sunmakta oldu\u011fu sistematik, kapsay\u0131c\u0131 ve kan\u0131tlara dayal\u0131 s\u00fcre\u00e7 yakla\u015f\u0131m\u0131n\u0131 benimsemektedir. B\u00f6l\u00fcm d\u00e2hilinde programlar\u0131n tasar\u0131m\u0131ndan, e\u011fitim \u00f6\u011fretim, \u00f6l\u00e7me ve de\u011ferlendirme, ara\u015ft\u0131rma geli\u015ftirme, payda\u015flarla ili\u015fkiler ve toplumsal katk\u0131ya kadar her s\u00fcre\u00e7te kat\u0131l\u0131m ve \u015feffafl\u0131k esas al\u0131nmaktad\u0131r.<\/span><\/p>\n<p class=\"MsoNormal\"><span style=\"font-family: 'Arial',sans-serif;color: black\">Medya ve \u0130leti\u015fim B\u00f6l\u00fcm\u00fc, bug\u00fcnle gelecek aras\u0131nda sistemli ve g\u00fc\u00e7l\u00fc bir ba\u011f kurmay\u0131, \u00f6\u011frencilerine nitelikli bir kuramsal bilgi birikimi sa\u011flamaya katk\u0131 \u00e7abas\u0131n\u0131n yan\u0131nda uygulama yetene\u011fi de kazand\u0131rmay\u0131 ama\u00e7lamaktad\u0131r. Buna uygun olarak da \u00f6\u011frencilere, geleneksel medyadan her g\u00fcn yeni bir boyut ve i\u00e7erik kazanarak h\u0131zla geli\u015fmeye devam eden yeni medyaya uzanan yelpazede bir m\u00fcfredat sunulmaktad\u0131r. Bu ba\u011flamda m\u00fcfredat, disiplinler aras\u0131 bir yakla\u015f\u0131mla desteklenmekte, ileti\u015fimle ilgili kuramsal bilgilerin yan\u0131 s\u0131ra sosyal ve be\u015feri bilimlerin temel birikimlerinin de kazand\u0131r\u0131lmas\u0131 \u00f6ng\u00f6r\u00fclmekte, b\u00f6ylece \u00f6\u011frencilerin alanla ilgili bak\u0131\u015f a\u00e7\u0131lar\u0131n\u0131n geni\u015fletilmesi, akademik y\u00f6nlerinin g\u00fc\u00e7lendirilmesi, geni\u015f ufuklu, kar\u015f\u0131la\u015ft\u0131\u011f\u0131 durumlara farkl\u0131 perspektiflerden bakabilme becerisiyle donat\u0131lmas\u0131 hedeflenmektedir.<\/span><span style=\"color: black;font-family: Arial, sans-serif\">\u00a0<\/span><\/p>\n<p class=\"MsoNormal\">\n","protected":false},"excerpt":{"rendered":"<p>\u0130stanbul Ticaret \u00dcniversitesi, \u0130leti\u015fim Fak\u00fcltesi b\u00fcnyesinde Medya ve \u0130leti\u015fim B\u00f6l\u00fcm\u00fc \u0130stanbul Ticaret Odas\u0131 E\u011fitim ve Sosyal Hizmetler Vakf\u0131 taraf\u0131ndan 2001 y\u0131l\u0131nda kurulmu\u015ftur. Medya ve \u0130leti\u015fim Sistemleri ad\u0131 ile kurulan b\u00f6l\u00fcm ilk \u00f6\u011frencilerini 2001-2002 y\u0131l\u0131nda alm\u0131\u015ft\u0131r. Y\u00fcksek\u00f6\u011fretim Kurulu Ba\u015fkanl\u0131\u011f\u0131n\u0131n 13.02.2021 tarih ve 75850160-101.03.01-E.11915 say\u0131l\u0131 yaz\u0131s\u0131 ile 2020-2021 e\u011fitim \u00f6\u011fretim y\u0131l\u0131ndan itibaren \u0130leti\u015fim Fak\u00fcltesi b\u00fcnyesindeki Medya ve [&hellip;]<\/p>\n","protected":false},"author":153,"featured_media":0,"parent":0,"menu_order":0,"comment_status":"closed","ping_status":"closed","template":"genel_sayfa.php","meta":{"footnotes":""},"yoast_head":"<!-- This site is optimized with the Yoast SEO Premium plugin v22.1 (Yoast SEO v22.1) - https:\/\/yoast.com\/wordpress\/plugins\/seo\/ -->\n<title>Tarih\u00e7e - Medya ve \u0130leti\u015fim<\/title>\n<meta name=\"robots\" content=\"index, follow, max-snippet:-1, max-image-preview:large, max-video-preview:-1\" \/>\n<link rel=\"canonical\" href=\"https:\/\/ticaret.edu.tr\/medya-ve-iletisim\/tarihce\/\" \/>\n<meta property=\"og:locale\" content=\"tr_TR\" \/>\n<meta property=\"og:type\" content=\"article\" \/>\n<meta property=\"og:title\" content=\"Tarih\u00e7e\" \/>\n<meta property=\"og:description\" content=\"\u0130stanbul Ticaret \u00dcniversitesi, \u0130leti\u015fim Fak\u00fcltesi b\u00fcnyesinde Medya ve \u0130leti\u015fim B\u00f6l\u00fcm\u00fc \u0130stanbul Ticaret Odas\u0131 E\u011fitim ve Sosyal Hizmetler Vakf\u0131 taraf\u0131ndan 2001 y\u0131l\u0131nda kurulmu\u015ftur. Medya ve \u0130leti\u015fim Sistemleri ad\u0131 ile kurulan b\u00f6l\u00fcm ilk \u00f6\u011frencilerini 2001-2002 y\u0131l\u0131nda alm\u0131\u015ft\u0131r. Y\u00fcksek\u00f6\u011fretim Kurulu Ba\u015fkanl\u0131\u011f\u0131n\u0131n 13.02.2021 tarih ve 75850160-101.03.01-E.11915 say\u0131l\u0131 yaz\u0131s\u0131 ile 2020-2021 e\u011fitim \u00f6\u011fretim y\u0131l\u0131ndan itibaren \u0130leti\u015fim Fak\u00fcltesi b\u00fcnyesindeki Medya ve [&hellip;]\" \/>\n<meta property=\"og:url\" content=\"https:\/\/ticaret.edu.tr\/medya-ve-iletisim\/tarihce\/\" \/>\n<meta property=\"og:site_name\" content=\"Medya ve \u0130leti\u015fim\" \/>\n<meta property=\"article:publisher\" content=\"https:\/\/www.facebook.com\/ticaretedutr\" \/>\n<meta property=\"article:modified_time\" content=\"2025-03-03T11:00:27+00:00\" \/>\n<meta property=\"og:image\" content=\"http:\/\/ticaret.edu.tr\/medya-ve-iletisim\/wp-content\/uploads\/sites\/14\/2021\/11\/web_logo-01.jpg\" \/>\n\t<meta property=\"og:image:width\" content=\"1250\" \/>\n\t<meta property=\"og:image:height\" content=\"833\" \/>\n\t<meta property=\"og:image:type\" content=\"image\/jpeg\" \/>\n<meta name=\"twitter:card\" content=\"summary_large_image\" \/>\n<meta name=\"twitter:site\" content=\"@ticaretedutr\" \/>\n<meta name=\"twitter:label1\" content=\"Tahmini okuma s\u00fcresi\" \/>\n\t<meta name=\"twitter:data1\" content=\"3 dakika\" \/>\n<script type=\"application\/ld+json\" class=\"yoast-schema-graph\">{\"@context\":\"https:\/\/schema.org\",\"@graph\":[{\"@type\":\"WebPage\",\"@id\":\"https:\/\/ticaret.edu.tr\/medya-ve-iletisim\/tarihce\/\",\"url\":\"https:\/\/ticaret.edu.tr\/medya-ve-iletisim\/tarihce\/\",\"name\":\"Tarih\u00e7e - Medya ve \u0130leti\u015fim\",\"isPartOf\":{\"@id\":\"http:\/\/ticaret.edu.tr\/medya-ve-iletisim\/#website\"},\"datePublished\":\"2023-03-17T10:53:52+00:00\",\"dateModified\":\"2025-03-03T11:00:27+00:00\",\"breadcrumb\":{\"@id\":\"https:\/\/ticaret.edu.tr\/medya-ve-iletisim\/tarihce\/#breadcrumb\"},\"inLanguage\":\"tr\",\"potentialAction\":[{\"@type\":\"ReadAction\",\"target\":[\"https:\/\/ticaret.edu.tr\/medya-ve-iletisim\/tarihce\/\"]}]},{\"@type\":\"BreadcrumbList\",\"@id\":\"https:\/\/ticaret.edu.tr\/medya-ve-iletisim\/tarihce\/#breadcrumb\",\"itemListElement\":[{\"@type\":\"ListItem\",\"position\":1,\"name\":\"Ana sayfa\",\"item\":\"http:\/\/ticaret.edu.tr\/medya-ve-iletisim\/\"},{\"@type\":\"ListItem\",\"position\":2,\"name\":\"Tarih\u00e7e\"}]},{\"@type\":\"WebSite\",\"@id\":\"http:\/\/ticaret.edu.tr\/medya-ve-iletisim\/#website\",\"url\":\"http:\/\/ticaret.edu.tr\/medya-ve-iletisim\/\",\"name\":\"Medya ve \u0130leti\u015fim\",\"description\":\"\",\"potentialAction\":[{\"@type\":\"SearchAction\",\"target\":{\"@type\":\"EntryPoint\",\"urlTemplate\":\"http:\/\/ticaret.edu.tr\/medya-ve-iletisim\/?s={search_term_string}\"},\"query-input\":\"required name=search_term_string\"}],\"inLanguage\":\"tr\"}]}<\/script>\n<!-- \/ Yoast SEO Premium plugin. -->","yoast_head_json":{"title":"Tarih\u00e7e - Medya ve \u0130leti\u015fim","robots":{"index":"index","follow":"follow","max-snippet":"max-snippet:-1","max-image-preview":"max-image-preview:large","max-video-preview":"max-video-preview:-1"},"canonical":"https:\/\/ticaret.edu.tr\/medya-ve-iletisim\/tarihce\/","og_locale":"tr_TR","og_type":"article","og_title":"Tarih\u00e7e","og_description":"\u0130stanbul Ticaret \u00dcniversitesi, \u0130leti\u015fim Fak\u00fcltesi b\u00fcnyesinde Medya ve \u0130leti\u015fim B\u00f6l\u00fcm\u00fc \u0130stanbul Ticaret Odas\u0131 E\u011fitim ve Sosyal Hizmetler Vakf\u0131 taraf\u0131ndan 2001 y\u0131l\u0131nda kurulmu\u015ftur. Medya ve \u0130leti\u015fim Sistemleri ad\u0131 ile kurulan b\u00f6l\u00fcm ilk \u00f6\u011frencilerini 2001-2002 y\u0131l\u0131nda alm\u0131\u015ft\u0131r. Y\u00fcksek\u00f6\u011fretim Kurulu Ba\u015fkanl\u0131\u011f\u0131n\u0131n 13.02.2021 tarih ve 75850160-101.03.01-E.11915 say\u0131l\u0131 yaz\u0131s\u0131 ile 2020-2021 e\u011fitim \u00f6\u011fretim y\u0131l\u0131ndan itibaren \u0130leti\u015fim Fak\u00fcltesi b\u00fcnyesindeki Medya ve [&hellip;]","og_url":"https:\/\/ticaret.edu.tr\/medya-ve-iletisim\/tarihce\/","og_site_name":"Medya ve \u0130leti\u015fim","article_publisher":"https:\/\/www.facebook.com\/ticaretedutr","article_modified_time":"2025-03-03T11:00:27+00:00","og_image":[{"width":1250,"height":833,"url":"http:\/\/ticaret.edu.tr\/medya-ve-iletisim\/wp-content\/uploads\/sites\/14\/2021\/11\/web_logo-01.jpg","type":"image\/jpeg"}],"twitter_card":"summary_large_image","twitter_site":"@ticaretedutr","twitter_misc":{"Tahmini okuma s\u00fcresi":"3 dakika"},"schema":{"@context":"https:\/\/schema.org","@graph":[{"@type":"WebPage","@id":"https:\/\/ticaret.edu.tr\/medya-ve-iletisim\/tarihce\/","url":"https:\/\/ticaret.edu.tr\/medya-ve-iletisim\/tarihce\/","name":"Tarih\u00e7e - Medya ve \u0130leti\u015fim","isPartOf":{"@id":"http:\/\/ticaret.edu.tr\/medya-ve-iletisim\/#website"},"datePublished":"2023-03-17T10:53:52+00:00","dateModified":"2025-03-03T11:00:27+00:00","breadcrumb":{"@id":"https:\/\/ticaret.edu.tr\/medya-ve-iletisim\/tarihce\/#breadcrumb"},"inLanguage":"tr","potentialAction":[{"@type":"ReadAction","target":["https:\/\/ticaret.edu.tr\/medya-ve-iletisim\/tarihce\/"]}]},{"@type":"BreadcrumbList","@id":"https:\/\/ticaret.edu.tr\/medya-ve-iletisim\/tarihce\/#breadcrumb","itemListElement":[{"@type":"ListItem","position":1,"name":"Ana sayfa","item":"http:\/\/ticaret.edu.tr\/medya-ve-iletisim\/"},{"@type":"ListItem","position":2,"name":"Tarih\u00e7e"}]},{"@type":"WebSite","@id":"http:\/\/ticaret.edu.tr\/medya-ve-iletisim\/#website","url":"http:\/\/ticaret.edu.tr\/medya-ve-iletisim\/","name":"Medya ve \u0130leti\u015fim","description":"","potentialAction":[{"@type":"SearchAction","target":{"@type":"EntryPoint","urlTemplate":"http:\/\/ticaret.edu.tr\/medya-ve-iletisim\/?s={search_term_string}"},"query-input":"required name=search_term_string"}],"inLanguage":"tr"}]}},"lang":"tr","translations":{"en":1376,"tr":997},"pll_sync_post":[],"_links":{"self":[{"href":"http:\/\/ticaret.edu.tr\/medya-ve-iletisim\/wp-json\/wp\/v2\/pages\/997"}],"collection":[{"href":"http:\/\/ticaret.edu.tr\/medya-ve-iletisim\/wp-json\/wp\/v2\/pages"}],"about":[{"href":"http:\/\/ticaret.edu.tr\/medya-ve-iletisim\/wp-json\/wp\/v2\/types\/page"}],"author":[{"embeddable":true,"href":"http:\/\/ticaret.edu.tr\/medya-ve-iletisim\/wp-json\/wp\/v2\/users\/153"}],"replies":[{"embeddable":true,"href":"http:\/\/ticaret.edu.tr\/medya-ve-iletisim\/wp-json\/wp\/v2\/comments?post=997"}],"version-history":[{"count":4,"href":"http:\/\/ticaret.edu.tr\/medya-ve-iletisim\/wp-json\/wp\/v2\/pages\/997\/revisions"}],"predecessor-version":[{"id":1378,"href":"http:\/\/ticaret.edu.tr\/medya-ve-iletisim\/wp-json\/wp\/v2\/pages\/997\/revisions\/1378"}],"wp:attachment":[{"href":"http:\/\/ticaret.edu.tr\/medya-ve-iletisim\/wp-json\/wp\/v2\/media?parent=997"}],"curies":[{"name":"wp","href":"https:\/\/api.w.org\/{rel}","templated":true}]}}