{"id":461,"date":"2022-11-14T13:48:08","date_gmt":"2022-11-14T10:48:08","guid":{"rendered":"https:\/\/ticaret.edu.tr\/mekatronik-muhendisligi\/?page_id=461"},"modified":"2025-02-11T16:18:58","modified_gmt":"2025-02-11T13:18:58","slug":"aday-ogrenci","status":"publish","type":"page","link":"http:\/\/ticaret.edu.tr\/mekatronik-muhendisligi\/aday-ogrenci\/","title":{"rendered":"Aday \u00d6\u011frenci"},"content":{"rendered":"<p>Mekatronik M\u00fchendisli\u011fi b\u00f6l\u00fcm\u00fcn\u00fc tercih etmeyi d\u00fc\u015f\u00fcnen adaylar\u0131m\u0131z i\u00e7in \u00f6\u011frencimiz Mekatronik M\u00fchendisli\u011fi b\u00f6l\u00fcm\u00fcn\u00fc anlat\u0131yor !<\/p>\n<p><iframe loading=\"lazy\" title=\"Mikrofon Mekatronik M\u00fchendisli\u011fi B\u00f6l\u00fcm\u00fc \u00d6\u011frencimizde\" width=\"500\" height=\"281\" src=\"https:\/\/www.youtube.com\/embed\/G2WB-uQsJa4?feature=oembed\" frameborder=\"0\" allow=\"accelerometer; autoplay; clipboard-write; encrypted-media; gyroscope; picture-in-picture; web-share\" referrerpolicy=\"strict-origin-when-cross-origin\" allowfullscreen><\/iframe><\/p>\n","protected":false},"excerpt":{"rendered":"<p>Mekatronik M\u00fchendisli\u011fi b\u00f6l\u00fcm\u00fcn\u00fc tercih etmeyi d\u00fc\u015f\u00fcnen adaylar\u0131m\u0131z i\u00e7in \u00f6\u011frencimiz Mekatronik M\u00fchendisli\u011fi b\u00f6l\u00fcm\u00fcn\u00fc anlat\u0131yor !<\/p>\n","protected":false},"author":159,"featured_media":0,"parent":0,"menu_order":0,"comment_status":"closed","ping_status":"closed","template":"genel_sayfa.php","meta":{"footnotes":""},"yoast_head":"<!-- This site is optimized with the Yoast SEO Premium plugin v22.1 (Yoast SEO v22.1) - https:\/\/yoast.com\/wordpress\/plugins\/seo\/ -->\n<title>Aday \u00d6\u011frenci - Mekatronik M\u00fchendisli\u011fi<\/title>\n<meta name=\"description\" content=\"Mekatronik M\u00fchendisli\u011fi b\u00f6l\u00fcm\u00fcn\u00fc tercih etmeyi d\u00fc\u015f\u00fcnen adaylar\u0131m\u0131z i\u00e7in \u00f6\u011frencimiz b\u00f6l\u00fcm\u00fcm\u00fcz\u00fc anlat\u0131yor! Mekatronik M\u00fchendisli\u011fi nedir ?\" \/>\n<meta name=\"robots\" content=\"index, follow, max-snippet:-1, max-image-preview:large, max-video-preview:-1\" \/>\n<link rel=\"canonical\" href=\"http:\/\/ticaret.edu.tr\/mekatronik-muhendisligi\/aday-ogrenci\/\" \/>\n<meta property=\"og:locale\" content=\"tr_TR\" \/>\n<meta property=\"og:type\" content=\"article\" \/>\n<meta property=\"og:title\" content=\"Aday \u00d6\u011frenci\" \/>\n<meta property=\"og:description\" content=\"Mekatronik M\u00fchendisli\u011fi b\u00f6l\u00fcm\u00fcn\u00fc tercih etmeyi d\u00fc\u015f\u00fcnen adaylar\u0131m\u0131z i\u00e7in \u00f6\u011frencimiz b\u00f6l\u00fcm\u00fcm\u00fcz\u00fc anlat\u0131yor! Mekatronik M\u00fchendisli\u011fi nedir ?\" \/>\n<meta property=\"og:url\" content=\"http:\/\/ticaret.edu.tr\/mekatronik-muhendisligi\/aday-ogrenci\/\" \/>\n<meta property=\"og:site_name\" content=\"Mekatronik M\u00fchendisli\u011fi\" \/>\n<meta property=\"article:publisher\" content=\"https:\/\/www.facebook.com\/ticaretedutr\" \/>\n<meta property=\"article:modified_time\" content=\"2025-02-11T13:18:58+00:00\" \/>\n<meta property=\"og:image\" content=\"http:\/\/ticaret.edu.tr\/mekatronik-muhendisligi\/wp-content\/uploads\/sites\/22\/2021\/11\/web_logo-01.jpg\" \/>\n\t<meta property=\"og:image:width\" content=\"1250\" \/>\n\t<meta property=\"og:image:height\" content=\"833\" \/>\n\t<meta property=\"og:image:type\" content=\"image\/jpeg\" \/>\n<meta name=\"twitter:card\" content=\"summary_large_image\" \/>\n<meta name=\"twitter:site\" content=\"@ticaretedutr\" \/>\n<meta name=\"twitter:label1\" content=\"Tahmini okuma s\u00fcresi\" \/>\n\t<meta name=\"twitter:data1\" content=\"1 dakika\" \/>\n<script type=\"application\/ld+json\" class=\"yoast-schema-graph\">{\"@context\":\"https:\/\/schema.org\",\"@graph\":[{\"@type\":\"WebPage\",\"@id\":\"http:\/\/ticaret.edu.tr\/mekatronik-muhendisligi\/aday-ogrenci\/\",\"url\":\"http:\/\/ticaret.edu.tr\/mekatronik-muhendisligi\/aday-ogrenci\/\",\"name\":\"Aday \u00d6\u011frenci - Mekatronik M\u00fchendisli\u011fi\",\"isPartOf\":{\"@id\":\"http:\/\/ticaret.edu.tr\/mekatronik-muhendisligi\/en\/#website\"},\"datePublished\":\"2022-11-14T10:48:08+00:00\",\"dateModified\":\"2025-02-11T13:18:58+00:00\",\"description\":\"Mekatronik M\u00fchendisli\u011fi b\u00f6l\u00fcm\u00fcn\u00fc tercih etmeyi d\u00fc\u015f\u00fcnen adaylar\u0131m\u0131z i\u00e7in \u00f6\u011frencimiz b\u00f6l\u00fcm\u00fcm\u00fcz\u00fc anlat\u0131yor! Mekatronik M\u00fchendisli\u011fi nedir ?\",\"breadcrumb\":{\"@id\":\"http:\/\/ticaret.edu.tr\/mekatronik-muhendisligi\/aday-ogrenci\/#breadcrumb\"},\"inLanguage\":\"tr\",\"potentialAction\":[{\"@type\":\"ReadAction\",\"target\":[\"http:\/\/ticaret.edu.tr\/mekatronik-muhendisligi\/aday-ogrenci\/\"]}]},{\"@type\":\"BreadcrumbList\",\"@id\":\"http:\/\/ticaret.edu.tr\/mekatronik-muhendisligi\/aday-ogrenci\/#breadcrumb\",\"itemListElement\":[{\"@type\":\"ListItem\",\"position\":1,\"name\":\"Ana sayfa\",\"item\":\"https:\/\/ticaret.edu.tr\/mekatronik-muhendisligi\/\"},{\"@type\":\"ListItem\",\"position\":2,\"name\":\"Aday \u00d6\u011frenci\"}]},{\"@type\":\"WebSite\",\"@id\":\"http:\/\/ticaret.edu.tr\/mekatronik-muhendisligi\/en\/#website\",\"url\":\"http:\/\/ticaret.edu.tr\/mekatronik-muhendisligi\/en\/\",\"name\":\"Mekatronik M\u00fchendisli\u011fi\",\"description\":\"\",\"potentialAction\":[{\"@type\":\"SearchAction\",\"target\":{\"@type\":\"EntryPoint\",\"urlTemplate\":\"http:\/\/ticaret.edu.tr\/mekatronik-muhendisligi\/en\/?s={search_term_string}\"},\"query-input\":\"required name=search_term_string\"}],\"inLanguage\":\"tr\"}]}<\/script>\n<!-- \/ Yoast SEO Premium plugin. -->","yoast_head_json":{"title":"Aday \u00d6\u011frenci - Mekatronik M\u00fchendisli\u011fi","description":"Mekatronik M\u00fchendisli\u011fi b\u00f6l\u00fcm\u00fcn\u00fc tercih etmeyi d\u00fc\u015f\u00fcnen adaylar\u0131m\u0131z i\u00e7in \u00f6\u011frencimiz b\u00f6l\u00fcm\u00fcm\u00fcz\u00fc anlat\u0131yor! Mekatronik M\u00fchendisli\u011fi nedir ?","robots":{"index":"index","follow":"follow","max-snippet":"max-snippet:-1","max-image-preview":"max-image-preview:large","max-video-preview":"max-video-preview:-1"},"canonical":"http:\/\/ticaret.edu.tr\/mekatronik-muhendisligi\/aday-ogrenci\/","og_locale":"tr_TR","og_type":"article","og_title":"Aday \u00d6\u011frenci","og_description":"Mekatronik M\u00fchendisli\u011fi b\u00f6l\u00fcm\u00fcn\u00fc tercih etmeyi d\u00fc\u015f\u00fcnen adaylar\u0131m\u0131z i\u00e7in \u00f6\u011frencimiz b\u00f6l\u00fcm\u00fcm\u00fcz\u00fc anlat\u0131yor! Mekatronik M\u00fchendisli\u011fi nedir ?","og_url":"http:\/\/ticaret.edu.tr\/mekatronik-muhendisligi\/aday-ogrenci\/","og_site_name":"Mekatronik M\u00fchendisli\u011fi","article_publisher":"https:\/\/www.facebook.com\/ticaretedutr","article_modified_time":"2025-02-11T13:18:58+00:00","og_image":[{"width":1250,"height":833,"url":"http:\/\/ticaret.edu.tr\/mekatronik-muhendisligi\/wp-content\/uploads\/sites\/22\/2021\/11\/web_logo-01.jpg","type":"image\/jpeg"}],"twitter_card":"summary_large_image","twitter_site":"@ticaretedutr","twitter_misc":{"Tahmini okuma s\u00fcresi":"1 dakika"},"schema":{"@context":"https:\/\/schema.org","@graph":[{"@type":"WebPage","@id":"http:\/\/ticaret.edu.tr\/mekatronik-muhendisligi\/aday-ogrenci\/","url":"http:\/\/ticaret.edu.tr\/mekatronik-muhendisligi\/aday-ogrenci\/","name":"Aday \u00d6\u011frenci - Mekatronik M\u00fchendisli\u011fi","isPartOf":{"@id":"http:\/\/ticaret.edu.tr\/mekatronik-muhendisligi\/en\/#website"},"datePublished":"2022-11-14T10:48:08+00:00","dateModified":"2025-02-11T13:18:58+00:00","description":"Mekatronik M\u00fchendisli\u011fi b\u00f6l\u00fcm\u00fcn\u00fc tercih etmeyi d\u00fc\u015f\u00fcnen adaylar\u0131m\u0131z i\u00e7in \u00f6\u011frencimiz b\u00f6l\u00fcm\u00fcm\u00fcz\u00fc anlat\u0131yor! Mekatronik M\u00fchendisli\u011fi nedir ?","breadcrumb":{"@id":"http:\/\/ticaret.edu.tr\/mekatronik-muhendisligi\/aday-ogrenci\/#breadcrumb"},"inLanguage":"tr","potentialAction":[{"@type":"ReadAction","target":["http:\/\/ticaret.edu.tr\/mekatronik-muhendisligi\/aday-ogrenci\/"]}]},{"@type":"BreadcrumbList","@id":"http:\/\/ticaret.edu.tr\/mekatronik-muhendisligi\/aday-ogrenci\/#breadcrumb","itemListElement":[{"@type":"ListItem","position":1,"name":"Ana sayfa","item":"https:\/\/ticaret.edu.tr\/mekatronik-muhendisligi\/"},{"@type":"ListItem","position":2,"name":"Aday \u00d6\u011frenci"}]},{"@type":"WebSite","@id":"http:\/\/ticaret.edu.tr\/mekatronik-muhendisligi\/en\/#website","url":"http:\/\/ticaret.edu.tr\/mekatronik-muhendisligi\/en\/","name":"Mekatronik M\u00fchendisli\u011fi","description":"","potentialAction":[{"@type":"SearchAction","target":{"@type":"EntryPoint","urlTemplate":"http:\/\/ticaret.edu.tr\/mekatronik-muhendisligi\/en\/?s={search_term_string}"},"query-input":"required name=search_term_string"}],"inLanguage":"tr"}]}},"lang":"tr","translations":{"en":739,"tr":461},"pll_sync_post":[],"_links":{"self":[{"href":"http:\/\/ticaret.edu.tr\/mekatronik-muhendisligi\/wp-json\/wp\/v2\/pages\/461"}],"collection":[{"href":"http:\/\/ticaret.edu.tr\/mekatronik-muhendisligi\/wp-json\/wp\/v2\/pages"}],"about":[{"href":"http:\/\/ticaret.edu.tr\/mekatronik-muhendisligi\/wp-json\/wp\/v2\/types\/page"}],"author":[{"embeddable":true,"href":"http:\/\/ticaret.edu.tr\/mekatronik-muhendisligi\/wp-json\/wp\/v2\/users\/159"}],"replies":[{"embeddable":true,"href":"http:\/\/ticaret.edu.tr\/mekatronik-muhendisligi\/wp-json\/wp\/v2\/comments?post=461"}],"version-history":[{"count":1,"href":"http:\/\/ticaret.edu.tr\/mekatronik-muhendisligi\/wp-json\/wp\/v2\/pages\/461\/revisions"}],"predecessor-version":[{"id":462,"href":"http:\/\/ticaret.edu.tr\/mekatronik-muhendisligi\/wp-json\/wp\/v2\/pages\/461\/revisions\/462"}],"wp:attachment":[{"href":"http:\/\/ticaret.edu.tr\/mekatronik-muhendisligi\/wp-json\/wp\/v2\/media?parent=461"}],"curies":[{"name":"wp","href":"https:\/\/api.w.org\/{rel}","templated":true}]}}