{"id":463,"date":"2022-11-14T14:53:47","date_gmt":"2022-11-14T11:53:47","guid":{"rendered":"https:\/\/ticaret.edu.tr\/mekatronik-muhendisligi\/?page_id=463"},"modified":"2025-02-17T11:15:36","modified_gmt":"2025-02-17T08:15:36","slug":"giris-yazisi","status":"publish","type":"page","link":"http:\/\/ticaret.edu.tr\/mekatronik-muhendisligi\/giris-yazisi\/","title":{"rendered":"Giri\u015f Yaz\u0131s\u0131"},"content":{"rendered":"<p><strong>Mekatronik M\u00fchendisli\u011fi (\u0130ngilizce) Lisans B\u00f6l\u00fcm\u00fc<\/strong><\/p>\n<p>Mekatronik; makina, elektronik, yaz\u0131l\u0131m ve kontrol sistemleri teknolojilerine dayanan multidisipliner yeni bir m\u00fchendislik alan\u0131 olarak ortaya \u00e7\u0131km\u0131\u015ft\u0131r. G\u00fcn\u00fcm\u00fcz d\u00fcnyas\u0131nda var olan rekabet ko\u015fullar\u0131n\u0131n her ge\u00e7en g\u00fcn daha da gerekli k\u0131ld\u0131\u011f\u0131 ve \u00f6n plana \u00e7\u0131kard\u0131\u011f\u0131 otomasyonun temelinde yer alan ana bilim dal\u0131d\u0131r. Mekatronik g\u00fcn\u00fcm\u00fcz d\u00fcnyas\u0131nda bilgisayarlardan end\u00fcstriyel robotlara, otomobillerden uzay ara\u00e7lar\u0131na kadar ya\u015fam\u0131m\u0131z\u0131n her alan\u0131nda kullan\u0131lan sistemlerde var olan bir m\u00fchendislik dal\u0131d\u0131r. Bu nedenle ki\u015fiye m\u00fchendisli\u011fin girdi\u011fi t\u00fcm alanlar\u0131 i\u00e7eren \u00e7ok geni\u015f bir i\u015f alan\u0131 sa\u011flamaktad\u0131r ve gelece\u011fin aranan mesleklerinden biri konumundad\u0131r.<\/p>\n<p>Mekatronik sistemlerin tasar\u0131m\u0131, i\u015fletimi, bak\u0131m\u0131, onar\u0131m\u0131, yenilenmesi, d\u00f6n\u00fc\u015ft\u00fcr\u00fclmesi gibi makina, elektronik, yaz\u0131l\u0131m ve kontrol sistemleri teknolojilerine dayal\u0131 i\u015fleri yapacak olan mekatronik m\u00fchendislerine \u00f6zellikle imalat teknolojileri, otomotiv end\u00fcstrisi, havac\u0131l\u0131k ve uzay teknolojisi, savunma sanayi, malzeme i\u015fleme, g\u00f6r\u00fcnt\u00fcleme, t\u0131p ve sa\u011fl\u0131k bilimleri sekt\u00f6rlerinde ihtiya\u00e7 duyulmaktad\u0131r.<\/p>\n<p>Mekatronik e\u011fitiminde \u00f6ncelikle m\u00fchendislik temelleri verilmekte, bunu takiben geni\u015f bir teknoloji bilgi ve becerisi geli\u015ftirilmekte ve nihayet pratik uygulamalarla ile beceriler yetkinli\u011fe d\u00f6n\u00fc\u015ft\u00fcr\u00fclmektedir. Ama\u00e7 elektronik, makina ve yaz\u0131l\u0131m konular\u0131na hakim, sahip oldu\u011fu mekatronik bilgi ve becerisiyle yenilik\u00e7i ve ak\u0131ll\u0131 \u00fcr\u00fcnler geli\u015ftiren, sorun \u00e7\u00f6zen, mesle\u011fini severek yapan m\u00fchendisler yeti\u015ftirmektir.<\/p>\n<p>&nbsp;<\/p>\n<p><a href=\"https:\/\/ticaret.edu.tr\/prof-dr-muammer-kalyon\/\"><strong>Prof.Dr. Muammer KALYON<\/strong><\/a><\/p>\n<p><strong>B\u00f6l\u00fcm Ba\u015fkan\u0131<\/strong><\/p>\n<p>mkalyon@ticaret.edu.tr<\/p>\n","protected":false},"excerpt":{"rendered":"<p>Mekatronik M\u00fchendisli\u011fi (\u0130ngilizce) Lisans B\u00f6l\u00fcm\u00fc Mekatronik; makina, elektronik, yaz\u0131l\u0131m ve kontrol sistemleri teknolojilerine dayanan multidisipliner yeni bir m\u00fchendislik alan\u0131 olarak ortaya \u00e7\u0131km\u0131\u015ft\u0131r. G\u00fcn\u00fcm\u00fcz d\u00fcnyas\u0131nda var olan rekabet ko\u015fullar\u0131n\u0131n her ge\u00e7en g\u00fcn daha da gerekli k\u0131ld\u0131\u011f\u0131 ve \u00f6n plana \u00e7\u0131kard\u0131\u011f\u0131 otomasyonun temelinde yer alan ana bilim dal\u0131d\u0131r. Mekatronik g\u00fcn\u00fcm\u00fcz d\u00fcnyas\u0131nda bilgisayarlardan end\u00fcstriyel robotlara, otomobillerden uzay ara\u00e7lar\u0131na [&hellip;]<\/p>\n","protected":false},"author":159,"featured_media":0,"parent":0,"menu_order":0,"comment_status":"closed","ping_status":"closed","template":"genel_sayfa.php","meta":{"footnotes":""},"yoast_head":"<!-- This site is optimized with the Yoast SEO Premium plugin v22.1 (Yoast SEO v22.1) - https:\/\/yoast.com\/wordpress\/plugins\/seo\/ -->\n<title>Giri\u015f Yaz\u0131s\u0131 - Mekatronik M\u00fchendisli\u011fi<\/title>\n<meta name=\"description\" content=\"Mekatronik M\u00fchendisli\u011fi nedir ? Neden \u0130stanbul Ticaret \u00dcniversitesi Mekatronik M\u00fchendisli\u011fi ? B\u00f6l\u00fcm Ba\u015fkan\u0131&#039;m\u0131z\u0131n size mesaj\u0131 var !\" \/>\n<meta name=\"robots\" content=\"index, follow, max-snippet:-1, max-image-preview:large, max-video-preview:-1\" \/>\n<link rel=\"canonical\" href=\"http:\/\/ticaret.edu.tr\/mekatronik-muhendisligi\/giris-yazisi\/\" \/>\n<meta property=\"og:locale\" content=\"tr_TR\" \/>\n<meta property=\"og:type\" content=\"article\" \/>\n<meta property=\"og:title\" content=\"Giri\u015f Yaz\u0131s\u0131\" \/>\n<meta property=\"og:description\" content=\"Mekatronik M\u00fchendisli\u011fi nedir ? Neden \u0130stanbul Ticaret \u00dcniversitesi Mekatronik M\u00fchendisli\u011fi ? B\u00f6l\u00fcm Ba\u015fkan\u0131&#039;m\u0131z\u0131n size mesaj\u0131 var !\" \/>\n<meta property=\"og:url\" content=\"http:\/\/ticaret.edu.tr\/mekatronik-muhendisligi\/giris-yazisi\/\" \/>\n<meta property=\"og:site_name\" content=\"Mekatronik M\u00fchendisli\u011fi\" \/>\n<meta property=\"article:publisher\" content=\"https:\/\/www.facebook.com\/ticaretedutr\" \/>\n<meta property=\"article:modified_time\" content=\"2025-02-17T08:15:36+00:00\" \/>\n<meta property=\"og:image\" content=\"http:\/\/ticaret.edu.tr\/mekatronik-muhendisligi\/wp-content\/uploads\/sites\/22\/2021\/11\/web_logo-01.jpg\" \/>\n\t<meta property=\"og:image:width\" content=\"1250\" \/>\n\t<meta property=\"og:image:height\" content=\"833\" \/>\n\t<meta property=\"og:image:type\" content=\"image\/jpeg\" \/>\n<meta name=\"twitter:card\" content=\"summary_large_image\" \/>\n<meta name=\"twitter:site\" content=\"@ticaretedutr\" \/>\n<meta name=\"twitter:label1\" content=\"Tahmini okuma s\u00fcresi\" \/>\n\t<meta name=\"twitter:data1\" content=\"2 dakika\" \/>\n<script type=\"application\/ld+json\" class=\"yoast-schema-graph\">{\"@context\":\"https:\/\/schema.org\",\"@graph\":[{\"@type\":\"WebPage\",\"@id\":\"http:\/\/ticaret.edu.tr\/mekatronik-muhendisligi\/giris-yazisi\/\",\"url\":\"http:\/\/ticaret.edu.tr\/mekatronik-muhendisligi\/giris-yazisi\/\",\"name\":\"Giri\u015f Yaz\u0131s\u0131 - Mekatronik M\u00fchendisli\u011fi\",\"isPartOf\":{\"@id\":\"http:\/\/ticaret.edu.tr\/mekatronik-muhendisligi\/en\/#website\"},\"datePublished\":\"2022-11-14T11:53:47+00:00\",\"dateModified\":\"2025-02-17T08:15:36+00:00\",\"description\":\"Mekatronik M\u00fchendisli\u011fi nedir ? Neden \u0130stanbul Ticaret \u00dcniversitesi Mekatronik M\u00fchendisli\u011fi ? B\u00f6l\u00fcm Ba\u015fkan\u0131'm\u0131z\u0131n size mesaj\u0131 var !\",\"breadcrumb\":{\"@id\":\"http:\/\/ticaret.edu.tr\/mekatronik-muhendisligi\/giris-yazisi\/#breadcrumb\"},\"inLanguage\":\"tr\",\"potentialAction\":[{\"@type\":\"ReadAction\",\"target\":[\"http:\/\/ticaret.edu.tr\/mekatronik-muhendisligi\/giris-yazisi\/\"]}]},{\"@type\":\"BreadcrumbList\",\"@id\":\"http:\/\/ticaret.edu.tr\/mekatronik-muhendisligi\/giris-yazisi\/#breadcrumb\",\"itemListElement\":[{\"@type\":\"ListItem\",\"position\":1,\"name\":\"Ana sayfa\",\"item\":\"https:\/\/ticaret.edu.tr\/mekatronik-muhendisligi\/\"},{\"@type\":\"ListItem\",\"position\":2,\"name\":\"Giri\u015f Yaz\u0131s\u0131\"}]},{\"@type\":\"WebSite\",\"@id\":\"http:\/\/ticaret.edu.tr\/mekatronik-muhendisligi\/en\/#website\",\"url\":\"http:\/\/ticaret.edu.tr\/mekatronik-muhendisligi\/en\/\",\"name\":\"Mekatronik M\u00fchendisli\u011fi\",\"description\":\"\",\"potentialAction\":[{\"@type\":\"SearchAction\",\"target\":{\"@type\":\"EntryPoint\",\"urlTemplate\":\"http:\/\/ticaret.edu.tr\/mekatronik-muhendisligi\/en\/?s={search_term_string}\"},\"query-input\":\"required name=search_term_string\"}],\"inLanguage\":\"tr\"}]}<\/script>\n<!-- \/ Yoast SEO Premium plugin. -->","yoast_head_json":{"title":"Giri\u015f Yaz\u0131s\u0131 - Mekatronik M\u00fchendisli\u011fi","description":"Mekatronik M\u00fchendisli\u011fi nedir ? Neden \u0130stanbul Ticaret \u00dcniversitesi Mekatronik M\u00fchendisli\u011fi ? B\u00f6l\u00fcm Ba\u015fkan\u0131'm\u0131z\u0131n size mesaj\u0131 var !","robots":{"index":"index","follow":"follow","max-snippet":"max-snippet:-1","max-image-preview":"max-image-preview:large","max-video-preview":"max-video-preview:-1"},"canonical":"http:\/\/ticaret.edu.tr\/mekatronik-muhendisligi\/giris-yazisi\/","og_locale":"tr_TR","og_type":"article","og_title":"Giri\u015f Yaz\u0131s\u0131","og_description":"Mekatronik M\u00fchendisli\u011fi nedir ? Neden \u0130stanbul Ticaret \u00dcniversitesi Mekatronik M\u00fchendisli\u011fi ? B\u00f6l\u00fcm Ba\u015fkan\u0131'm\u0131z\u0131n size mesaj\u0131 var !","og_url":"http:\/\/ticaret.edu.tr\/mekatronik-muhendisligi\/giris-yazisi\/","og_site_name":"Mekatronik M\u00fchendisli\u011fi","article_publisher":"https:\/\/www.facebook.com\/ticaretedutr","article_modified_time":"2025-02-17T08:15:36+00:00","og_image":[{"width":1250,"height":833,"url":"http:\/\/ticaret.edu.tr\/mekatronik-muhendisligi\/wp-content\/uploads\/sites\/22\/2021\/11\/web_logo-01.jpg","type":"image\/jpeg"}],"twitter_card":"summary_large_image","twitter_site":"@ticaretedutr","twitter_misc":{"Tahmini okuma s\u00fcresi":"2 dakika"},"schema":{"@context":"https:\/\/schema.org","@graph":[{"@type":"WebPage","@id":"http:\/\/ticaret.edu.tr\/mekatronik-muhendisligi\/giris-yazisi\/","url":"http:\/\/ticaret.edu.tr\/mekatronik-muhendisligi\/giris-yazisi\/","name":"Giri\u015f Yaz\u0131s\u0131 - Mekatronik M\u00fchendisli\u011fi","isPartOf":{"@id":"http:\/\/ticaret.edu.tr\/mekatronik-muhendisligi\/en\/#website"},"datePublished":"2022-11-14T11:53:47+00:00","dateModified":"2025-02-17T08:15:36+00:00","description":"Mekatronik M\u00fchendisli\u011fi nedir ? Neden \u0130stanbul Ticaret \u00dcniversitesi Mekatronik M\u00fchendisli\u011fi ? B\u00f6l\u00fcm Ba\u015fkan\u0131'm\u0131z\u0131n size mesaj\u0131 var !","breadcrumb":{"@id":"http:\/\/ticaret.edu.tr\/mekatronik-muhendisligi\/giris-yazisi\/#breadcrumb"},"inLanguage":"tr","potentialAction":[{"@type":"ReadAction","target":["http:\/\/ticaret.edu.tr\/mekatronik-muhendisligi\/giris-yazisi\/"]}]},{"@type":"BreadcrumbList","@id":"http:\/\/ticaret.edu.tr\/mekatronik-muhendisligi\/giris-yazisi\/#breadcrumb","itemListElement":[{"@type":"ListItem","position":1,"name":"Ana sayfa","item":"https:\/\/ticaret.edu.tr\/mekatronik-muhendisligi\/"},{"@type":"ListItem","position":2,"name":"Giri\u015f Yaz\u0131s\u0131"}]},{"@type":"WebSite","@id":"http:\/\/ticaret.edu.tr\/mekatronik-muhendisligi\/en\/#website","url":"http:\/\/ticaret.edu.tr\/mekatronik-muhendisligi\/en\/","name":"Mekatronik M\u00fchendisli\u011fi","description":"","potentialAction":[{"@type":"SearchAction","target":{"@type":"EntryPoint","urlTemplate":"http:\/\/ticaret.edu.tr\/mekatronik-muhendisligi\/en\/?s={search_term_string}"},"query-input":"required name=search_term_string"}],"inLanguage":"tr"}]}},"lang":"tr","translations":{"tr":463,"en":712},"pll_sync_post":[],"_links":{"self":[{"href":"http:\/\/ticaret.edu.tr\/mekatronik-muhendisligi\/wp-json\/wp\/v2\/pages\/463"}],"collection":[{"href":"http:\/\/ticaret.edu.tr\/mekatronik-muhendisligi\/wp-json\/wp\/v2\/pages"}],"about":[{"href":"http:\/\/ticaret.edu.tr\/mekatronik-muhendisligi\/wp-json\/wp\/v2\/types\/page"}],"author":[{"embeddable":true,"href":"http:\/\/ticaret.edu.tr\/mekatronik-muhendisligi\/wp-json\/wp\/v2\/users\/159"}],"replies":[{"embeddable":true,"href":"http:\/\/ticaret.edu.tr\/mekatronik-muhendisligi\/wp-json\/wp\/v2\/comments?post=463"}],"version-history":[{"count":4,"href":"http:\/\/ticaret.edu.tr\/mekatronik-muhendisligi\/wp-json\/wp\/v2\/pages\/463\/revisions"}],"predecessor-version":[{"id":774,"href":"http:\/\/ticaret.edu.tr\/mekatronik-muhendisligi\/wp-json\/wp\/v2\/pages\/463\/revisions\/774"}],"wp:attachment":[{"href":"http:\/\/ticaret.edu.tr\/mekatronik-muhendisligi\/wp-json\/wp\/v2\/media?parent=463"}],"curies":[{"name":"wp","href":"https:\/\/api.w.org\/{rel}","templated":true}]}}