{"id":478,"date":"2022-11-14T14:53:33","date_gmt":"2022-11-14T11:53:33","guid":{"rendered":"https:\/\/ticaret.edu.tr\/mekatronik-muhendisligi\/?page_id=478"},"modified":"2025-04-16T09:30:28","modified_gmt":"2025-04-16T06:30:28","slug":"bolum-kurul-ve-komisyonlari","status":"publish","type":"page","link":"http:\/\/ticaret.edu.tr\/mekatronik-muhendisligi\/bolum-kurul-ve-komisyonlari\/","title":{"rendered":"B\u00f6l\u00fcm Kurul ve Komisyonlar\u0131"},"content":{"rendered":"<p>B\u00f6l\u00fcm\u00fcm\u00fcz\u00fcn Staj Komisyonu, B\u00f6l\u00fcm \u0130ntibak Komisyonu, B\u00f6l\u00fcm \u00c7ift Anadal ve Yandal Komisyonu,\u00a0 B\u00f6l\u00fcm \u00d6\u011frenci De\u011fi\u015fimleri Programlar\u0131 Komisyonu, B\u00f6l\u00fcm \u00d6l\u00e7me De\u011ferlendirme ve Akreditasyon Komisyonu, B\u00f6l\u00fcm M\u00fcfredat Komisyonu ve Kurul Komisyon \u0130\u00e7 Payda\u015flar\u0131 \u00fcye bilgileri a\u015fa\u011f\u0131daki gibidir.<\/p>\n<p>&nbsp;<\/p>\n<p><strong><em>Staj Komisyonu<\/em><\/strong><\/p>\n<p><a href=\"https:\/\/avesis.ticaret.edu.tr\/akar\">Prof. Dr. Abd\u00fclkerim KAR<\/a><\/p>\n<p><a href=\"https:\/\/avesis.ticaret.edu.tr\/aftabak\/yayinlar?themeId=1\">Do\u00e7. Dr. Ahmet Fatih TABAK<\/a><\/p>\n<p><a href=\"http:\/\/tubis.ticaret.edu.tr\/_Adek\/CV\/CV.aspx?adi=8wYxfv6NIeclqZ0cdKPERWRIR0kQNxqizWUcCS78wcTVVQoLf9YD0X5MEru5Atv4c38k0Mt+T3WPEx4LbyPDdg==\">Do\u00e7.Dr. Muhammet CEYLAN<\/a><\/p>\n<p><a href=\"https:\/\/avesis.ticaret.edu.tr\/mkalyon\">Prof.Dr. Muammer Kalyon<\/a><\/p>\n<p>&nbsp;<\/p>\n<p><strong><em>B\u00f6l\u00fcm \u0130ntibak Komisyonu<\/em><\/strong><\/p>\n<p><a href=\"https:\/\/avesis.ticaret.edu.tr\/mkalyon\">Prof.Dr. Muammer Kalyon<\/a><\/p>\n<p><a href=\"https:\/\/avesis.ticaret.edu.tr\/akar\">Prof. Dr. Abd\u00fclkerim KAR<\/a><\/p>\n<p><a href=\"https:\/\/avesis.ticaret.edu.tr\/afbozkurt\">Dr. \u00d6\u011fr. \u00dcyesi Ahmet Fevzi BOZKURT<\/a><\/p>\n<p><a href=\"https:\/\/avesis.ticaret.edu.tr\/mceylan\">Do\u00e7.Dr. Muhammet CEYLAN<\/a><\/p>\n<p>&nbsp;<\/p>\n<p><strong><em>B\u00f6l\u00fcm \u00c7ift Anadal ve Yandal Komisyonu<\/em><\/strong><\/p>\n<p><a href=\"https:\/\/avesis.ticaret.edu.tr\/mkalyon\">Prof.Dr. Muammer Kalyon<\/a><\/p>\n<p><a href=\"https:\/\/avesis.ticaret.edu.tr\/akar\">Prof. Dr. Abd\u00fclkerim KAR<\/a><\/p>\n<p><a href=\"https:\/\/avesis.ticaret.edu.tr\/afbozkurt\">Dr. \u00d6\u011fr. \u00dcyesi Ahmet Fevzi BOZKURT<\/a><\/p>\n<p><a href=\"https:\/\/avesis.ticaret.edu.tr\/mceylan\">Do\u00e7.Dr. Muhammet CEYLAN<\/a><\/p>\n<p>&nbsp;<\/p>\n<p><strong><em>B\u00f6l\u00fcm \u00d6\u011frenci De\u011fi\u015fimleri Programlar\u0131 Komisyonu<\/em><\/strong><\/p>\n<p><a href=\"https:\/\/avesis.ticaret.edu.tr\/mceylan\">Do\u00e7.Dr. Muhammet CEYLAN<\/a><\/p>\n<p><a href=\"https:\/\/avesis.ticaret.edu.tr\/afbozkurt\">Dr. \u00d6\u011fr. \u00dcyesi Ahmet Fevzi BOZKURT<\/a><\/p>\n<p><a href=\"https:\/\/avesis.ticaret.edu.tr\/ecelik\">Dr. \u00d6\u011fr. \u00dcyesi Esra \u00c7EL\u0130K<\/a><\/p>\n<p><a href=\"https:\/\/avesis.ticaret.edu.tr\/aftabak\/yayinlar?themeId=1\">Do\u00e7. Dr. Ahmet Fatih TABAK<\/a><\/p>\n<p>&nbsp;<\/p>\n<p><strong><em>B\u00f6l\u00fcm \u00d6l\u00e7me De\u011ferlendirme ve Akreditasyon Komisyonu<\/em><\/strong><\/p>\n<p><a href=\"https:\/\/avesis.ticaret.edu.tr\/akar\">Prof. Dr. Abd\u00fclkerim KAR<\/a><\/p>\n<p><a href=\"https:\/\/avesis.ticaret.edu.tr\/ecelik\">Dr. \u00d6\u011fr. \u00dcyesi Esra \u00c7EL\u0130K<\/a><\/p>\n<p><a href=\"https:\/\/avesis.ticaret.edu.tr\/aftabak\/yayinlar?themeId=1\">Do\u00e7. Dr. Ahmet Fatih TABAK<\/a><\/p>\n<p><a href=\"https:\/\/avesis.ticaret.edu.tr\/mkalyon\">Prof.Dr. Muammer Kalyon<\/a><\/p>\n<p>&nbsp;<\/p>\n<p><strong><em>B\u00f6l\u00fcm M\u00fcfredat Komisyonu<\/em><\/strong><\/p>\n<p><a href=\"https:\/\/avesis.ticaret.edu.tr\/mkalyon\">Prof.Dr. Muammer Kalyon<\/a><\/p>\n<p><a href=\"https:\/\/avesis.ticaret.edu.tr\/akar\">Prof. Dr. Abd\u00fclkerim KAR<\/a><\/p>\n<p><a href=\"https:\/\/avesis.ticaret.edu.tr\/aftabak\/yayinlar?themeId=1\">Do\u00e7. Dr. Ahmet Fatih TABAK<\/a><\/p>\n<p><a href=\"https:\/\/avesis.ticaret.edu.tr\/idemir\">Prof.Dr. \u0130smail DEM\u0130R<\/a><\/p>\n<p>&nbsp;<\/p>\n<p><strong><em>Kurul Komisyon \u0130\u00e7 D\u0131\u015f Payda\u015flar\u0131<\/em><\/strong><\/p>\n<p><a href=\"https:\/\/avesis.ticaret.edu.tr\/tkotil\">Prof.Dr. Temel KOT\u0130L<\/a><\/p>\n<p><a href=\"https:\/\/avesis.ticaret.edu.tr\/abayhan\">Ar.G\u00f6r. Alara Bet\u00fcl AYHAN<\/a><\/p>\n<p><a href=\"https:\/\/avesis.ticaret.edu.tr\/sozata\">Ar.G\u00f6r. \u015eamilislam \u00d6ZATA<\/a><\/p>\n<p>Furkan Solmazg\u00fcl (HSB Solutions)<\/p>\n","protected":false},"excerpt":{"rendered":"<p>B\u00f6l\u00fcm\u00fcm\u00fcz\u00fcn Staj Komisyonu, B\u00f6l\u00fcm \u0130ntibak Komisyonu, B\u00f6l\u00fcm \u00c7ift Anadal ve Yandal Komisyonu,\u00a0 B\u00f6l\u00fcm \u00d6\u011frenci De\u011fi\u015fimleri Programlar\u0131 Komisyonu, B\u00f6l\u00fcm \u00d6l\u00e7me De\u011ferlendirme ve Akreditasyon Komisyonu, B\u00f6l\u00fcm M\u00fcfredat Komisyonu ve Kurul Komisyon \u0130\u00e7 Payda\u015flar\u0131 \u00fcye bilgileri a\u015fa\u011f\u0131daki gibidir. &nbsp; Staj Komisyonu Prof. Dr. Abd\u00fclkerim KAR Do\u00e7. Dr. Ahmet Fatih TABAK Do\u00e7.Dr. Muhammet CEYLAN Prof.Dr. Muammer Kalyon &nbsp; B\u00f6l\u00fcm [&hellip;]<\/p>\n","protected":false},"author":159,"featured_media":0,"parent":0,"menu_order":0,"comment_status":"closed","ping_status":"closed","template":"genel_sayfa.php","meta":{"footnotes":""},"yoast_head":"<!-- This site is optimized with the Yoast SEO Premium plugin v22.1 (Yoast SEO v22.1) - https:\/\/yoast.com\/wordpress\/plugins\/seo\/ -->\n<title>B\u00f6l\u00fcm Kurul ve Komisyonlar\u0131 - Mekatronik M\u00fchendisli\u011fi<\/title>\n<meta name=\"description\" content=\"\u0130ntibak ve Uyum Komisyonu, M\u00dcDEK Komisyonu, Staj Komisyonu, Tasar\u0131m ve Mezuniyet Projeleri Komisyonu ile ilgili bilgi\" \/>\n<meta name=\"robots\" content=\"index, follow, max-snippet:-1, max-image-preview:large, max-video-preview:-1\" \/>\n<link rel=\"canonical\" href=\"http:\/\/ticaret.edu.tr\/mekatronik-muhendisligi\/bolum-kurul-ve-komisyonlari\/\" \/>\n<meta property=\"og:locale\" content=\"tr_TR\" \/>\n<meta property=\"og:type\" content=\"article\" \/>\n<meta property=\"og:title\" content=\"B\u00f6l\u00fcm Kurul ve Komisyonlar\u0131\" \/>\n<meta property=\"og:description\" content=\"\u0130ntibak ve Uyum Komisyonu, M\u00dcDEK Komisyonu, Staj Komisyonu, Tasar\u0131m ve Mezuniyet Projeleri Komisyonu ile ilgili bilgi\" \/>\n<meta property=\"og:url\" content=\"http:\/\/ticaret.edu.tr\/mekatronik-muhendisligi\/bolum-kurul-ve-komisyonlari\/\" \/>\n<meta property=\"og:site_name\" content=\"Mekatronik M\u00fchendisli\u011fi\" \/>\n<meta property=\"article:publisher\" content=\"https:\/\/www.facebook.com\/ticaretedutr\" \/>\n<meta property=\"article:modified_time\" content=\"2025-04-16T06:30:28+00:00\" \/>\n<meta property=\"og:image\" content=\"http:\/\/ticaret.edu.tr\/mekatronik-muhendisligi\/wp-content\/uploads\/sites\/22\/2021\/11\/web_logo-01.jpg\" \/>\n\t<meta property=\"og:image:width\" content=\"1250\" \/>\n\t<meta property=\"og:image:height\" content=\"833\" \/>\n\t<meta property=\"og:image:type\" content=\"image\/jpeg\" \/>\n<meta name=\"twitter:card\" content=\"summary_large_image\" \/>\n<meta name=\"twitter:site\" content=\"@ticaretedutr\" \/>\n<meta name=\"twitter:label1\" content=\"Tahmini okuma s\u00fcresi\" \/>\n\t<meta name=\"twitter:data1\" content=\"2 dakika\" \/>\n<script type=\"application\/ld+json\" class=\"yoast-schema-graph\">{\"@context\":\"https:\/\/schema.org\",\"@graph\":[{\"@type\":\"WebPage\",\"@id\":\"http:\/\/ticaret.edu.tr\/mekatronik-muhendisligi\/bolum-kurul-ve-komisyonlari\/\",\"url\":\"http:\/\/ticaret.edu.tr\/mekatronik-muhendisligi\/bolum-kurul-ve-komisyonlari\/\",\"name\":\"B\u00f6l\u00fcm Kurul ve Komisyonlar\u0131 - Mekatronik M\u00fchendisli\u011fi\",\"isPartOf\":{\"@id\":\"http:\/\/ticaret.edu.tr\/mekatronik-muhendisligi\/en\/#website\"},\"datePublished\":\"2022-11-14T11:53:33+00:00\",\"dateModified\":\"2025-04-16T06:30:28+00:00\",\"description\":\"\u0130ntibak ve Uyum Komisyonu, M\u00dcDEK Komisyonu, Staj Komisyonu, Tasar\u0131m ve Mezuniyet Projeleri Komisyonu ile ilgili bilgi\",\"breadcrumb\":{\"@id\":\"http:\/\/ticaret.edu.tr\/mekatronik-muhendisligi\/bolum-kurul-ve-komisyonlari\/#breadcrumb\"},\"inLanguage\":\"tr\",\"potentialAction\":[{\"@type\":\"ReadAction\",\"target\":[\"http:\/\/ticaret.edu.tr\/mekatronik-muhendisligi\/bolum-kurul-ve-komisyonlari\/\"]}]},{\"@type\":\"BreadcrumbList\",\"@id\":\"http:\/\/ticaret.edu.tr\/mekatronik-muhendisligi\/bolum-kurul-ve-komisyonlari\/#breadcrumb\",\"itemListElement\":[{\"@type\":\"ListItem\",\"position\":1,\"name\":\"Ana sayfa\",\"item\":\"https:\/\/ticaret.edu.tr\/mekatronik-muhendisligi\/\"},{\"@type\":\"ListItem\",\"position\":2,\"name\":\"B\u00f6l\u00fcm Kurul ve Komisyonlar\u0131\"}]},{\"@type\":\"WebSite\",\"@id\":\"http:\/\/ticaret.edu.tr\/mekatronik-muhendisligi\/en\/#website\",\"url\":\"http:\/\/ticaret.edu.tr\/mekatronik-muhendisligi\/en\/\",\"name\":\"Mekatronik M\u00fchendisli\u011fi\",\"description\":\"\",\"potentialAction\":[{\"@type\":\"SearchAction\",\"target\":{\"@type\":\"EntryPoint\",\"urlTemplate\":\"http:\/\/ticaret.edu.tr\/mekatronik-muhendisligi\/en\/?s={search_term_string}\"},\"query-input\":\"required name=search_term_string\"}],\"inLanguage\":\"tr\"}]}<\/script>\n<!-- \/ Yoast SEO Premium plugin. -->","yoast_head_json":{"title":"B\u00f6l\u00fcm Kurul ve Komisyonlar\u0131 - Mekatronik M\u00fchendisli\u011fi","description":"\u0130ntibak ve Uyum Komisyonu, M\u00dcDEK Komisyonu, Staj Komisyonu, Tasar\u0131m ve Mezuniyet Projeleri Komisyonu ile ilgili bilgi","robots":{"index":"index","follow":"follow","max-snippet":"max-snippet:-1","max-image-preview":"max-image-preview:large","max-video-preview":"max-video-preview:-1"},"canonical":"http:\/\/ticaret.edu.tr\/mekatronik-muhendisligi\/bolum-kurul-ve-komisyonlari\/","og_locale":"tr_TR","og_type":"article","og_title":"B\u00f6l\u00fcm Kurul ve Komisyonlar\u0131","og_description":"\u0130ntibak ve Uyum Komisyonu, M\u00dcDEK Komisyonu, Staj Komisyonu, Tasar\u0131m ve Mezuniyet Projeleri Komisyonu ile ilgili bilgi","og_url":"http:\/\/ticaret.edu.tr\/mekatronik-muhendisligi\/bolum-kurul-ve-komisyonlari\/","og_site_name":"Mekatronik M\u00fchendisli\u011fi","article_publisher":"https:\/\/www.facebook.com\/ticaretedutr","article_modified_time":"2025-04-16T06:30:28+00:00","og_image":[{"width":1250,"height":833,"url":"http:\/\/ticaret.edu.tr\/mekatronik-muhendisligi\/wp-content\/uploads\/sites\/22\/2021\/11\/web_logo-01.jpg","type":"image\/jpeg"}],"twitter_card":"summary_large_image","twitter_site":"@ticaretedutr","twitter_misc":{"Tahmini okuma s\u00fcresi":"2 dakika"},"schema":{"@context":"https:\/\/schema.org","@graph":[{"@type":"WebPage","@id":"http:\/\/ticaret.edu.tr\/mekatronik-muhendisligi\/bolum-kurul-ve-komisyonlari\/","url":"http:\/\/ticaret.edu.tr\/mekatronik-muhendisligi\/bolum-kurul-ve-komisyonlari\/","name":"B\u00f6l\u00fcm Kurul ve Komisyonlar\u0131 - Mekatronik M\u00fchendisli\u011fi","isPartOf":{"@id":"http:\/\/ticaret.edu.tr\/mekatronik-muhendisligi\/en\/#website"},"datePublished":"2022-11-14T11:53:33+00:00","dateModified":"2025-04-16T06:30:28+00:00","description":"\u0130ntibak ve Uyum Komisyonu, M\u00dcDEK Komisyonu, Staj Komisyonu, Tasar\u0131m ve Mezuniyet Projeleri Komisyonu ile ilgili bilgi","breadcrumb":{"@id":"http:\/\/ticaret.edu.tr\/mekatronik-muhendisligi\/bolum-kurul-ve-komisyonlari\/#breadcrumb"},"inLanguage":"tr","potentialAction":[{"@type":"ReadAction","target":["http:\/\/ticaret.edu.tr\/mekatronik-muhendisligi\/bolum-kurul-ve-komisyonlari\/"]}]},{"@type":"BreadcrumbList","@id":"http:\/\/ticaret.edu.tr\/mekatronik-muhendisligi\/bolum-kurul-ve-komisyonlari\/#breadcrumb","itemListElement":[{"@type":"ListItem","position":1,"name":"Ana sayfa","item":"https:\/\/ticaret.edu.tr\/mekatronik-muhendisligi\/"},{"@type":"ListItem","position":2,"name":"B\u00f6l\u00fcm Kurul ve Komisyonlar\u0131"}]},{"@type":"WebSite","@id":"http:\/\/ticaret.edu.tr\/mekatronik-muhendisligi\/en\/#website","url":"http:\/\/ticaret.edu.tr\/mekatronik-muhendisligi\/en\/","name":"Mekatronik M\u00fchendisli\u011fi","description":"","potentialAction":[{"@type":"SearchAction","target":{"@type":"EntryPoint","urlTemplate":"http:\/\/ticaret.edu.tr\/mekatronik-muhendisligi\/en\/?s={search_term_string}"},"query-input":"required name=search_term_string"}],"inLanguage":"tr"}]}},"lang":"tr","translations":{"en":743,"tr":478},"pll_sync_post":[],"_links":{"self":[{"href":"http:\/\/ticaret.edu.tr\/mekatronik-muhendisligi\/wp-json\/wp\/v2\/pages\/478"}],"collection":[{"href":"http:\/\/ticaret.edu.tr\/mekatronik-muhendisligi\/wp-json\/wp\/v2\/pages"}],"about":[{"href":"http:\/\/ticaret.edu.tr\/mekatronik-muhendisligi\/wp-json\/wp\/v2\/types\/page"}],"author":[{"embeddable":true,"href":"http:\/\/ticaret.edu.tr\/mekatronik-muhendisligi\/wp-json\/wp\/v2\/users\/159"}],"replies":[{"embeddable":true,"href":"http:\/\/ticaret.edu.tr\/mekatronik-muhendisligi\/wp-json\/wp\/v2\/comments?post=478"}],"version-history":[{"count":7,"href":"http:\/\/ticaret.edu.tr\/mekatronik-muhendisligi\/wp-json\/wp\/v2\/pages\/478\/revisions"}],"predecessor-version":[{"id":1114,"href":"http:\/\/ticaret.edu.tr\/mekatronik-muhendisligi\/wp-json\/wp\/v2\/pages\/478\/revisions\/1114"}],"wp:attachment":[{"href":"http:\/\/ticaret.edu.tr\/mekatronik-muhendisligi\/wp-json\/wp\/v2\/media?parent=478"}],"curies":[{"name":"wp","href":"https:\/\/api.w.org\/{rel}","templated":true}]}}