{"id":484,"date":"2022-11-22T11:43:37","date_gmt":"2022-11-22T08:43:37","guid":{"rendered":"https:\/\/ticaret.edu.tr\/mekatronik-muhendisligi\/?page_id=484"},"modified":"2025-03-10T12:13:40","modified_gmt":"2025-03-10T09:13:40","slug":"vizyon-misyon","status":"publish","type":"page","link":"http:\/\/ticaret.edu.tr\/mekatronik-muhendisligi\/vizyon-misyon\/","title":{"rendered":"Vizyon &#8211; Misyon"},"content":{"rendered":"<p><strong>Mekatronik M\u00fchendisli\u011fi B\u00f6l\u00fcm\u00fc\u2019n\u00fcn Vizyonu<\/strong><\/p>\n<p>E\u011fitimde ve yapt\u0131\u011f\u0131 ara\u015ft\u0131rmalar ile i\u015f d\u00fcnyas\u0131 ve topluma rehberlik eden, \u00fclkemizin ve d\u00fcnyan\u0131n kalk\u0131nma ve ilerlemesine katk\u0131 sa\u011flayan bir b\u00f6l\u00fcm olmakt\u0131r.<\/p>\n<p><strong>Mekatronik M\u00fchendisli\u011fi B\u00f6l\u00fcm\u00fc\u2019n\u00fcn Misyonu<\/strong><\/p>\n<p>M\u00fchendislik e\u011fitimi ve ara\u015ft\u0131rmalar\u0131 ile toplumsal de\u011ferleri \u00f6n planda tutan, mekatronik m\u00fchendisli\u011fi alan\u0131nda d\u00fcnyam\u0131z\u0131n ve \u00fclkemizin ihtiya\u00e7lar\u0131na cevap veren akademik \u00e7al\u0131\u015fmalar, uygulamalar ve bilgi \u00fcreten, payda\u015flar\u0131na ve topluma katk\u0131 sa\u011flayan bir b\u00f6l\u00fcm olmakt\u0131r.<\/p>\n","protected":false},"excerpt":{"rendered":"<p>Mekatronik M\u00fchendisli\u011fi B\u00f6l\u00fcm\u00fc\u2019n\u00fcn Vizyonu E\u011fitimde ve yapt\u0131\u011f\u0131 ara\u015ft\u0131rmalar ile i\u015f d\u00fcnyas\u0131 ve topluma rehberlik eden, \u00fclkemizin ve d\u00fcnyan\u0131n kalk\u0131nma ve ilerlemesine katk\u0131 sa\u011flayan bir b\u00f6l\u00fcm olmakt\u0131r. Mekatronik M\u00fchendisli\u011fi B\u00f6l\u00fcm\u00fc\u2019n\u00fcn Misyonu M\u00fchendislik e\u011fitimi ve ara\u015ft\u0131rmalar\u0131 ile toplumsal de\u011ferleri \u00f6n planda tutan, mekatronik m\u00fchendisli\u011fi alan\u0131nda d\u00fcnyam\u0131z\u0131n ve \u00fclkemizin ihtiya\u00e7lar\u0131na cevap veren akademik \u00e7al\u0131\u015fmalar, uygulamalar ve bilgi \u00fcreten, [&hellip;]<\/p>\n","protected":false},"author":159,"featured_media":0,"parent":0,"menu_order":0,"comment_status":"closed","ping_status":"closed","template":"genel_sayfa.php","meta":{"footnotes":""},"yoast_head":"<!-- This site is optimized with the Yoast SEO Premium plugin v22.1 (Yoast SEO v22.1) - https:\/\/yoast.com\/wordpress\/plugins\/seo\/ -->\n<title>Vizyon - Misyon - Mekatronik M\u00fchendisli\u011fi<\/title>\n<meta name=\"robots\" content=\"index, follow, max-snippet:-1, max-image-preview:large, max-video-preview:-1\" \/>\n<link rel=\"canonical\" href=\"http:\/\/ticaret.edu.tr\/mekatronik-muhendisligi\/vizyon-misyon\/\" \/>\n<meta property=\"og:locale\" content=\"tr_TR\" \/>\n<meta property=\"og:type\" content=\"article\" \/>\n<meta property=\"og:title\" content=\"Vizyon - Misyon\" \/>\n<meta property=\"og:description\" content=\"Mekatronik M\u00fchendisli\u011fi B\u00f6l\u00fcm\u00fc\u2019n\u00fcn Vizyonu E\u011fitimde ve yapt\u0131\u011f\u0131 ara\u015ft\u0131rmalar ile i\u015f d\u00fcnyas\u0131 ve topluma rehberlik eden, \u00fclkemizin ve d\u00fcnyan\u0131n kalk\u0131nma ve ilerlemesine katk\u0131 sa\u011flayan bir b\u00f6l\u00fcm olmakt\u0131r. Mekatronik M\u00fchendisli\u011fi B\u00f6l\u00fcm\u00fc\u2019n\u00fcn Misyonu M\u00fchendislik e\u011fitimi ve ara\u015ft\u0131rmalar\u0131 ile toplumsal de\u011ferleri \u00f6n planda tutan, mekatronik m\u00fchendisli\u011fi alan\u0131nda d\u00fcnyam\u0131z\u0131n ve \u00fclkemizin ihtiya\u00e7lar\u0131na cevap veren akademik \u00e7al\u0131\u015fmalar, uygulamalar ve bilgi \u00fcreten, [&hellip;]\" \/>\n<meta property=\"og:url\" content=\"http:\/\/ticaret.edu.tr\/mekatronik-muhendisligi\/vizyon-misyon\/\" \/>\n<meta property=\"og:site_name\" content=\"Mekatronik M\u00fchendisli\u011fi\" \/>\n<meta property=\"article:publisher\" content=\"https:\/\/www.facebook.com\/ticaretedutr\" \/>\n<meta property=\"article:modified_time\" content=\"2025-03-10T09:13:40+00:00\" \/>\n<meta property=\"og:image\" content=\"http:\/\/ticaret.edu.tr\/mekatronik-muhendisligi\/wp-content\/uploads\/sites\/22\/2021\/11\/web_logo-01.jpg\" \/>\n\t<meta property=\"og:image:width\" content=\"1250\" \/>\n\t<meta property=\"og:image:height\" content=\"833\" \/>\n\t<meta property=\"og:image:type\" content=\"image\/jpeg\" \/>\n<meta name=\"twitter:card\" content=\"summary_large_image\" \/>\n<meta name=\"twitter:site\" content=\"@ticaretedutr\" \/>\n<meta name=\"twitter:label1\" content=\"Tahmini okuma s\u00fcresi\" \/>\n\t<meta name=\"twitter:data1\" content=\"1 dakika\" \/>\n<script type=\"application\/ld+json\" class=\"yoast-schema-graph\">{\"@context\":\"https:\/\/schema.org\",\"@graph\":[{\"@type\":\"WebPage\",\"@id\":\"http:\/\/ticaret.edu.tr\/mekatronik-muhendisligi\/vizyon-misyon\/\",\"url\":\"http:\/\/ticaret.edu.tr\/mekatronik-muhendisligi\/vizyon-misyon\/\",\"name\":\"Vizyon - Misyon - Mekatronik M\u00fchendisli\u011fi\",\"isPartOf\":{\"@id\":\"http:\/\/ticaret.edu.tr\/mekatronik-muhendisligi\/en\/#website\"},\"datePublished\":\"2022-11-22T08:43:37+00:00\",\"dateModified\":\"2025-03-10T09:13:40+00:00\",\"breadcrumb\":{\"@id\":\"http:\/\/ticaret.edu.tr\/mekatronik-muhendisligi\/vizyon-misyon\/#breadcrumb\"},\"inLanguage\":\"tr\",\"potentialAction\":[{\"@type\":\"ReadAction\",\"target\":[\"http:\/\/ticaret.edu.tr\/mekatronik-muhendisligi\/vizyon-misyon\/\"]}]},{\"@type\":\"BreadcrumbList\",\"@id\":\"http:\/\/ticaret.edu.tr\/mekatronik-muhendisligi\/vizyon-misyon\/#breadcrumb\",\"itemListElement\":[{\"@type\":\"ListItem\",\"position\":1,\"name\":\"Ana sayfa\",\"item\":\"https:\/\/ticaret.edu.tr\/mekatronik-muhendisligi\/\"},{\"@type\":\"ListItem\",\"position\":2,\"name\":\"Vizyon &#8211; Misyon\"}]},{\"@type\":\"WebSite\",\"@id\":\"http:\/\/ticaret.edu.tr\/mekatronik-muhendisligi\/en\/#website\",\"url\":\"http:\/\/ticaret.edu.tr\/mekatronik-muhendisligi\/en\/\",\"name\":\"Mekatronik M\u00fchendisli\u011fi\",\"description\":\"\",\"potentialAction\":[{\"@type\":\"SearchAction\",\"target\":{\"@type\":\"EntryPoint\",\"urlTemplate\":\"http:\/\/ticaret.edu.tr\/mekatronik-muhendisligi\/en\/?s={search_term_string}\"},\"query-input\":\"required name=search_term_string\"}],\"inLanguage\":\"tr\"}]}<\/script>\n<!-- \/ Yoast SEO Premium plugin. -->","yoast_head_json":{"title":"Vizyon - Misyon - Mekatronik M\u00fchendisli\u011fi","robots":{"index":"index","follow":"follow","max-snippet":"max-snippet:-1","max-image-preview":"max-image-preview:large","max-video-preview":"max-video-preview:-1"},"canonical":"http:\/\/ticaret.edu.tr\/mekatronik-muhendisligi\/vizyon-misyon\/","og_locale":"tr_TR","og_type":"article","og_title":"Vizyon - Misyon","og_description":"Mekatronik M\u00fchendisli\u011fi B\u00f6l\u00fcm\u00fc\u2019n\u00fcn Vizyonu E\u011fitimde ve yapt\u0131\u011f\u0131 ara\u015ft\u0131rmalar ile i\u015f d\u00fcnyas\u0131 ve topluma rehberlik eden, \u00fclkemizin ve d\u00fcnyan\u0131n kalk\u0131nma ve ilerlemesine katk\u0131 sa\u011flayan bir b\u00f6l\u00fcm olmakt\u0131r. Mekatronik M\u00fchendisli\u011fi B\u00f6l\u00fcm\u00fc\u2019n\u00fcn Misyonu M\u00fchendislik e\u011fitimi ve ara\u015ft\u0131rmalar\u0131 ile toplumsal de\u011ferleri \u00f6n planda tutan, mekatronik m\u00fchendisli\u011fi alan\u0131nda d\u00fcnyam\u0131z\u0131n ve \u00fclkemizin ihtiya\u00e7lar\u0131na cevap veren akademik \u00e7al\u0131\u015fmalar, uygulamalar ve bilgi \u00fcreten, [&hellip;]","og_url":"http:\/\/ticaret.edu.tr\/mekatronik-muhendisligi\/vizyon-misyon\/","og_site_name":"Mekatronik M\u00fchendisli\u011fi","article_publisher":"https:\/\/www.facebook.com\/ticaretedutr","article_modified_time":"2025-03-10T09:13:40+00:00","og_image":[{"width":1250,"height":833,"url":"http:\/\/ticaret.edu.tr\/mekatronik-muhendisligi\/wp-content\/uploads\/sites\/22\/2021\/11\/web_logo-01.jpg","type":"image\/jpeg"}],"twitter_card":"summary_large_image","twitter_site":"@ticaretedutr","twitter_misc":{"Tahmini okuma s\u00fcresi":"1 dakika"},"schema":{"@context":"https:\/\/schema.org","@graph":[{"@type":"WebPage","@id":"http:\/\/ticaret.edu.tr\/mekatronik-muhendisligi\/vizyon-misyon\/","url":"http:\/\/ticaret.edu.tr\/mekatronik-muhendisligi\/vizyon-misyon\/","name":"Vizyon - Misyon - Mekatronik M\u00fchendisli\u011fi","isPartOf":{"@id":"http:\/\/ticaret.edu.tr\/mekatronik-muhendisligi\/en\/#website"},"datePublished":"2022-11-22T08:43:37+00:00","dateModified":"2025-03-10T09:13:40+00:00","breadcrumb":{"@id":"http:\/\/ticaret.edu.tr\/mekatronik-muhendisligi\/vizyon-misyon\/#breadcrumb"},"inLanguage":"tr","potentialAction":[{"@type":"ReadAction","target":["http:\/\/ticaret.edu.tr\/mekatronik-muhendisligi\/vizyon-misyon\/"]}]},{"@type":"BreadcrumbList","@id":"http:\/\/ticaret.edu.tr\/mekatronik-muhendisligi\/vizyon-misyon\/#breadcrumb","itemListElement":[{"@type":"ListItem","position":1,"name":"Ana sayfa","item":"https:\/\/ticaret.edu.tr\/mekatronik-muhendisligi\/"},{"@type":"ListItem","position":2,"name":"Vizyon &#8211; Misyon"}]},{"@type":"WebSite","@id":"http:\/\/ticaret.edu.tr\/mekatronik-muhendisligi\/en\/#website","url":"http:\/\/ticaret.edu.tr\/mekatronik-muhendisligi\/en\/","name":"Mekatronik M\u00fchendisli\u011fi","description":"","potentialAction":[{"@type":"SearchAction","target":{"@type":"EntryPoint","urlTemplate":"http:\/\/ticaret.edu.tr\/mekatronik-muhendisligi\/en\/?s={search_term_string}"},"query-input":"required name=search_term_string"}],"inLanguage":"tr"}]}},"lang":"tr","translations":{"en":727,"tr":484},"pll_sync_post":[],"_links":{"self":[{"href":"http:\/\/ticaret.edu.tr\/mekatronik-muhendisligi\/wp-json\/wp\/v2\/pages\/484"}],"collection":[{"href":"http:\/\/ticaret.edu.tr\/mekatronik-muhendisligi\/wp-json\/wp\/v2\/pages"}],"about":[{"href":"http:\/\/ticaret.edu.tr\/mekatronik-muhendisligi\/wp-json\/wp\/v2\/types\/page"}],"author":[{"embeddable":true,"href":"http:\/\/ticaret.edu.tr\/mekatronik-muhendisligi\/wp-json\/wp\/v2\/users\/159"}],"replies":[{"embeddable":true,"href":"http:\/\/ticaret.edu.tr\/mekatronik-muhendisligi\/wp-json\/wp\/v2\/comments?post=484"}],"version-history":[{"count":5,"href":"http:\/\/ticaret.edu.tr\/mekatronik-muhendisligi\/wp-json\/wp\/v2\/pages\/484\/revisions"}],"predecessor-version":[{"id":1050,"href":"http:\/\/ticaret.edu.tr\/mekatronik-muhendisligi\/wp-json\/wp\/v2\/pages\/484\/revisions\/1050"}],"wp:attachment":[{"href":"http:\/\/ticaret.edu.tr\/mekatronik-muhendisligi\/wp-json\/wp\/v2\/media?parent=484"}],"curies":[{"name":"wp","href":"https:\/\/api.w.org\/{rel}","templated":true}]}}