{"id":495,"date":"2022-11-22T15:10:25","date_gmt":"2022-11-22T12:10:25","guid":{"rendered":"https:\/\/ticaret.edu.tr\/mekatronik-muhendisligi\/?page_id=495"},"modified":"2025-09-30T15:16:28","modified_gmt":"2025-09-30T12:16:28","slug":"programin-egitim-amaclari","status":"publish","type":"page","link":"http:\/\/ticaret.edu.tr\/mekatronik-muhendisligi\/programin-egitim-amaclari\/","title":{"rendered":"Program\u0131n E\u011fitim Ama\u00e7lar\u0131"},"content":{"rendered":"<p>PEA1. Ulusal veya uluslararas\u0131 \u015firketlerde mekatronik m\u00fchendisli\u011fi ile ilgili \u00e7al\u0131\u015ft\u0131klar\u0131<br \/>\nprojelerde makine, elektronik ve bilgisayar yaz\u0131l\u0131mlar\u0131 ile ilgili tak\u0131mlarda \u00e7al\u0131\u015fmalar\u0131 ve<br \/>\ngerekti\u011finde tak\u0131mlara liderlik veya y\u00f6neticilik yapabileceklerdir.<\/p>\n<p>PEA2. Mezuniyet sonras\u0131 ald\u0131klar\u0131 lisans\u00fcst\u00fc veya mesle\u011fi ile ilgili konulardaki sertifika<br \/>\ne\u011fitimleriyle bilgilerini s\u00fcrekli olarak g\u00fcncelleyebilecek; ara\u015ft\u0131rmac\u0131 veya akademisyen<br \/>\nolabileceklerdir.<\/p>\n<p>PEA3. Mekatronik m\u00fchendisli\u011fi veya ilgili alanlarda yeni teknolojiler i\u00e7eren \u00fcr\u00fcnler<br \/>\ngeli\u015ftirebilecek, giri\u015fimci olarak teknoloji tabanl\u0131 yeni \u015firketler kurabileceklerdir.<\/p>\n","protected":false},"excerpt":{"rendered":"<p>PEA1. Ulusal veya uluslararas\u0131 \u015firketlerde mekatronik m\u00fchendisli\u011fi ile ilgili \u00e7al\u0131\u015ft\u0131klar\u0131 projelerde makine, elektronik ve bilgisayar yaz\u0131l\u0131mlar\u0131 ile ilgili tak\u0131mlarda \u00e7al\u0131\u015fmalar\u0131 ve gerekti\u011finde tak\u0131mlara liderlik veya y\u00f6neticilik yapabileceklerdir. PEA2. Mezuniyet sonras\u0131 ald\u0131klar\u0131 lisans\u00fcst\u00fc veya mesle\u011fi ile ilgili konulardaki sertifika e\u011fitimleriyle bilgilerini s\u00fcrekli olarak g\u00fcncelleyebilecek; ara\u015ft\u0131rmac\u0131 veya akademisyen olabileceklerdir. PEA3. Mekatronik m\u00fchendisli\u011fi veya ilgili alanlarda yeni teknolojiler [&hellip;]<\/p>\n","protected":false},"author":159,"featured_media":0,"parent":0,"menu_order":0,"comment_status":"closed","ping_status":"closed","template":"genel_sayfa.php","meta":{"footnotes":""},"yoast_head":"<!-- This site is optimized with the Yoast SEO Premium plugin v22.1 (Yoast SEO v22.1) - https:\/\/yoast.com\/wordpress\/plugins\/seo\/ -->\n<title>Program\u0131n E\u011fitim Ama\u00e7lar\u0131 - Mekatronik M\u00fchendisli\u011fi<\/title>\n<meta name=\"description\" content=\"\u0130stanbul Ticaret \u00dcniversitesi Mekatronik M\u00fchendisli\u011fi B\u00f6l\u00fcm\u00fc Program\u0131&#039;n\u0131n e\u011fitim ama\u00e7lar\u0131. Mekatronik M\u00fchendisli\u011fi\" \/>\n<meta name=\"robots\" content=\"index, follow, max-snippet:-1, max-image-preview:large, max-video-preview:-1\" \/>\n<link rel=\"canonical\" href=\"http:\/\/ticaret.edu.tr\/mekatronik-muhendisligi\/programin-egitim-amaclari\/\" \/>\n<meta property=\"og:locale\" content=\"tr_TR\" \/>\n<meta property=\"og:type\" content=\"article\" \/>\n<meta property=\"og:title\" content=\"Program\u0131n E\u011fitim Ama\u00e7lar\u0131\" \/>\n<meta property=\"og:description\" content=\"\u0130stanbul Ticaret \u00dcniversitesi Mekatronik M\u00fchendisli\u011fi B\u00f6l\u00fcm\u00fc Program\u0131&#039;n\u0131n e\u011fitim ama\u00e7lar\u0131. Mekatronik M\u00fchendisli\u011fi\" \/>\n<meta property=\"og:url\" content=\"http:\/\/ticaret.edu.tr\/mekatronik-muhendisligi\/programin-egitim-amaclari\/\" \/>\n<meta property=\"og:site_name\" content=\"Mekatronik M\u00fchendisli\u011fi\" \/>\n<meta property=\"article:publisher\" content=\"https:\/\/www.facebook.com\/ticaretedutr\" \/>\n<meta property=\"article:modified_time\" content=\"2025-09-30T12:16:28+00:00\" \/>\n<meta property=\"og:image\" content=\"http:\/\/ticaret.edu.tr\/mekatronik-muhendisligi\/wp-content\/uploads\/sites\/22\/2021\/11\/web_logo-01.jpg\" \/>\n\t<meta property=\"og:image:width\" content=\"1250\" \/>\n\t<meta property=\"og:image:height\" content=\"833\" \/>\n\t<meta property=\"og:image:type\" content=\"image\/jpeg\" \/>\n<meta name=\"twitter:card\" content=\"summary_large_image\" \/>\n<meta name=\"twitter:site\" content=\"@ticaretedutr\" \/>\n<meta name=\"twitter:label1\" content=\"Tahmini okuma s\u00fcresi\" \/>\n\t<meta name=\"twitter:data1\" content=\"1 dakika\" \/>\n<script type=\"application\/ld+json\" class=\"yoast-schema-graph\">{\"@context\":\"https:\/\/schema.org\",\"@graph\":[{\"@type\":\"WebPage\",\"@id\":\"http:\/\/ticaret.edu.tr\/mekatronik-muhendisligi\/programin-egitim-amaclari\/\",\"url\":\"http:\/\/ticaret.edu.tr\/mekatronik-muhendisligi\/programin-egitim-amaclari\/\",\"name\":\"Program\u0131n E\u011fitim Ama\u00e7lar\u0131 - Mekatronik M\u00fchendisli\u011fi\",\"isPartOf\":{\"@id\":\"http:\/\/ticaret.edu.tr\/mekatronik-muhendisligi\/en\/#website\"},\"datePublished\":\"2022-11-22T12:10:25+00:00\",\"dateModified\":\"2025-09-30T12:16:28+00:00\",\"description\":\"\u0130stanbul Ticaret \u00dcniversitesi Mekatronik M\u00fchendisli\u011fi B\u00f6l\u00fcm\u00fc Program\u0131'n\u0131n e\u011fitim ama\u00e7lar\u0131. Mekatronik M\u00fchendisli\u011fi\",\"breadcrumb\":{\"@id\":\"http:\/\/ticaret.edu.tr\/mekatronik-muhendisligi\/programin-egitim-amaclari\/#breadcrumb\"},\"inLanguage\":\"tr\",\"potentialAction\":[{\"@type\":\"ReadAction\",\"target\":[\"http:\/\/ticaret.edu.tr\/mekatronik-muhendisligi\/programin-egitim-amaclari\/\"]}]},{\"@type\":\"BreadcrumbList\",\"@id\":\"http:\/\/ticaret.edu.tr\/mekatronik-muhendisligi\/programin-egitim-amaclari\/#breadcrumb\",\"itemListElement\":[{\"@type\":\"ListItem\",\"position\":1,\"name\":\"Ana sayfa\",\"item\":\"https:\/\/ticaret.edu.tr\/mekatronik-muhendisligi\/\"},{\"@type\":\"ListItem\",\"position\":2,\"name\":\"Program\u0131n E\u011fitim Ama\u00e7lar\u0131\"}]},{\"@type\":\"WebSite\",\"@id\":\"http:\/\/ticaret.edu.tr\/mekatronik-muhendisligi\/en\/#website\",\"url\":\"http:\/\/ticaret.edu.tr\/mekatronik-muhendisligi\/en\/\",\"name\":\"Mekatronik M\u00fchendisli\u011fi\",\"description\":\"\",\"potentialAction\":[{\"@type\":\"SearchAction\",\"target\":{\"@type\":\"EntryPoint\",\"urlTemplate\":\"http:\/\/ticaret.edu.tr\/mekatronik-muhendisligi\/en\/?s={search_term_string}\"},\"query-input\":\"required name=search_term_string\"}],\"inLanguage\":\"tr\"}]}<\/script>\n<!-- \/ Yoast SEO Premium plugin. -->","yoast_head_json":{"title":"Program\u0131n E\u011fitim Ama\u00e7lar\u0131 - Mekatronik M\u00fchendisli\u011fi","description":"\u0130stanbul Ticaret \u00dcniversitesi Mekatronik M\u00fchendisli\u011fi B\u00f6l\u00fcm\u00fc Program\u0131'n\u0131n e\u011fitim ama\u00e7lar\u0131. Mekatronik M\u00fchendisli\u011fi","robots":{"index":"index","follow":"follow","max-snippet":"max-snippet:-1","max-image-preview":"max-image-preview:large","max-video-preview":"max-video-preview:-1"},"canonical":"http:\/\/ticaret.edu.tr\/mekatronik-muhendisligi\/programin-egitim-amaclari\/","og_locale":"tr_TR","og_type":"article","og_title":"Program\u0131n E\u011fitim Ama\u00e7lar\u0131","og_description":"\u0130stanbul Ticaret \u00dcniversitesi Mekatronik M\u00fchendisli\u011fi B\u00f6l\u00fcm\u00fc Program\u0131'n\u0131n e\u011fitim ama\u00e7lar\u0131. Mekatronik M\u00fchendisli\u011fi","og_url":"http:\/\/ticaret.edu.tr\/mekatronik-muhendisligi\/programin-egitim-amaclari\/","og_site_name":"Mekatronik M\u00fchendisli\u011fi","article_publisher":"https:\/\/www.facebook.com\/ticaretedutr","article_modified_time":"2025-09-30T12:16:28+00:00","og_image":[{"width":1250,"height":833,"url":"http:\/\/ticaret.edu.tr\/mekatronik-muhendisligi\/wp-content\/uploads\/sites\/22\/2021\/11\/web_logo-01.jpg","type":"image\/jpeg"}],"twitter_card":"summary_large_image","twitter_site":"@ticaretedutr","twitter_misc":{"Tahmini okuma s\u00fcresi":"1 dakika"},"schema":{"@context":"https:\/\/schema.org","@graph":[{"@type":"WebPage","@id":"http:\/\/ticaret.edu.tr\/mekatronik-muhendisligi\/programin-egitim-amaclari\/","url":"http:\/\/ticaret.edu.tr\/mekatronik-muhendisligi\/programin-egitim-amaclari\/","name":"Program\u0131n E\u011fitim Ama\u00e7lar\u0131 - Mekatronik M\u00fchendisli\u011fi","isPartOf":{"@id":"http:\/\/ticaret.edu.tr\/mekatronik-muhendisligi\/en\/#website"},"datePublished":"2022-11-22T12:10:25+00:00","dateModified":"2025-09-30T12:16:28+00:00","description":"\u0130stanbul Ticaret \u00dcniversitesi Mekatronik M\u00fchendisli\u011fi B\u00f6l\u00fcm\u00fc Program\u0131'n\u0131n e\u011fitim ama\u00e7lar\u0131. Mekatronik M\u00fchendisli\u011fi","breadcrumb":{"@id":"http:\/\/ticaret.edu.tr\/mekatronik-muhendisligi\/programin-egitim-amaclari\/#breadcrumb"},"inLanguage":"tr","potentialAction":[{"@type":"ReadAction","target":["http:\/\/ticaret.edu.tr\/mekatronik-muhendisligi\/programin-egitim-amaclari\/"]}]},{"@type":"BreadcrumbList","@id":"http:\/\/ticaret.edu.tr\/mekatronik-muhendisligi\/programin-egitim-amaclari\/#breadcrumb","itemListElement":[{"@type":"ListItem","position":1,"name":"Ana sayfa","item":"https:\/\/ticaret.edu.tr\/mekatronik-muhendisligi\/"},{"@type":"ListItem","position":2,"name":"Program\u0131n E\u011fitim Ama\u00e7lar\u0131"}]},{"@type":"WebSite","@id":"http:\/\/ticaret.edu.tr\/mekatronik-muhendisligi\/en\/#website","url":"http:\/\/ticaret.edu.tr\/mekatronik-muhendisligi\/en\/","name":"Mekatronik M\u00fchendisli\u011fi","description":"","potentialAction":[{"@type":"SearchAction","target":{"@type":"EntryPoint","urlTemplate":"http:\/\/ticaret.edu.tr\/mekatronik-muhendisligi\/en\/?s={search_term_string}"},"query-input":"required name=search_term_string"}],"inLanguage":"tr"}]}},"lang":"tr","translations":{"tr":495},"pll_sync_post":[],"_links":{"self":[{"href":"http:\/\/ticaret.edu.tr\/mekatronik-muhendisligi\/wp-json\/wp\/v2\/pages\/495"}],"collection":[{"href":"http:\/\/ticaret.edu.tr\/mekatronik-muhendisligi\/wp-json\/wp\/v2\/pages"}],"about":[{"href":"http:\/\/ticaret.edu.tr\/mekatronik-muhendisligi\/wp-json\/wp\/v2\/types\/page"}],"author":[{"embeddable":true,"href":"http:\/\/ticaret.edu.tr\/mekatronik-muhendisligi\/wp-json\/wp\/v2\/users\/159"}],"replies":[{"embeddable":true,"href":"http:\/\/ticaret.edu.tr\/mekatronik-muhendisligi\/wp-json\/wp\/v2\/comments?post=495"}],"version-history":[{"count":4,"href":"http:\/\/ticaret.edu.tr\/mekatronik-muhendisligi\/wp-json\/wp\/v2\/pages\/495\/revisions"}],"predecessor-version":[{"id":1151,"href":"http:\/\/ticaret.edu.tr\/mekatronik-muhendisligi\/wp-json\/wp\/v2\/pages\/495\/revisions\/1151"}],"wp:attachment":[{"href":"http:\/\/ticaret.edu.tr\/mekatronik-muhendisligi\/wp-json\/wp\/v2\/media?parent=495"}],"curies":[{"name":"wp","href":"https:\/\/api.w.org\/{rel}","templated":true}]}}