{"id":511,"date":"2022-11-22T15:10:57","date_gmt":"2022-11-22T12:10:57","guid":{"rendered":"https:\/\/ticaret.edu.tr\/mekatronik-muhendisligi\/?page_id=511"},"modified":"2025-02-17T11:31:43","modified_gmt":"2025-02-17T08:31:43","slug":"program-ogretim-ciktilari","status":"publish","type":"page","link":"http:\/\/ticaret.edu.tr\/mekatronik-muhendisligi\/program-ogretim-ciktilari\/","title":{"rendered":"Program \u00d6\u011fretim \u00c7\u0131kt\u0131lar\u0131"},"content":{"rendered":"<p>1.a. Matematik, fen bilimleri ve ilgili m\u00fchendislik disiplinine \u00f6zg\u00fc konularda yeterli bilgi birikimi<br \/>\n1.b. Bu alanlardaki kuramsal ve uygulamal\u0131 bilgileri, karma\u015f\u0131k m\u00fchendislik problemlerinde kullanabilme becerisi.<br \/>\n2.a. Karma\u015f\u0131k m\u00fchendislik problemlerini saptama, tan\u0131mlama, form\u00fcle etme ve \u00e7\u00f6zme becerisi<br \/>\n2.b. Bu ama\u00e7la uygun analiz ve modelleme y\u00f6ntemlerini se\u00e7me ve uygulama becerisi.<br \/>\n3.a. Karma\u015f\u0131k bir sistemi, s\u00fcreci, cihaz\u0131 veya \u00fcr\u00fcn\u00fc ger\u00e7ek\u00e7i k\u0131s\u0131tlar ve ko\u015fullar alt\u0131nda, belirli gereksinimleri kar\u015f\u0131layacak \u015fekilde tasarlama becerisi<br \/>\n3.b. Bu ama\u00e7la modern tasar\u0131m y\u00f6ntemlerini uygulama becerisi.<br \/>\n4. M\u00fchendislik uygulamalar\u0131nda kar\u015f\u0131la\u015f\u0131lan karma\u015f\u0131k problemlerin analizi ve \u00e7\u00f6z\u00fcm\u00fc i\u00e7in gerekli olan modern teknik ve ara\u00e7lar\u0131 geli\u015ftirme, se\u00e7me ve kullanma becerisi<br \/>\n4.b. Bili\u015fim teknolojilerini etkin bir \u015fekilde kullanma becerisi.<br \/>\n5. Karma\u015f\u0131k m\u00fchendislik problemlerinin veya disipline \u00f6zg\u00fc ara\u015ft\u0131rma konular\u0131n\u0131n incelenmesi i\u00e7in deney tasarlama, deney yapma, veri toplama, sonu\u00e7lar\u0131 analiz etme ve yorumlama becerisi.<br \/>\n6.a. Disiplin i\u00e7i ve \u00e7ok disiplinli tak\u0131mlarda etkin bi\u00e7imde \u00e7al\u0131\u015fabilme becerisi<br \/>\n6.b. Bireysel \u00e7al\u0131\u015fma becerisi.<br \/>\n7.a. T\u00fcrk\u00e7e s\u00f6zl\u00fc ve yaz\u0131l\u0131 etkin ileti\u015fim kurma becerisi<br \/>\n7.b. En az bir yabanc\u0131 dil bilgisi<br \/>\n7.c. Etkin rapor yazma ve yaz\u0131l\u0131 raporlar\u0131 anlama, tasar\u0131m ve \u00fcretim raporlar\u0131 haz\u0131rlayabilme, etkin sunum yapabilme, a\u00e7\u0131k ve anla\u015f\u0131l\u0131r talimat verme ve alma becerisi.<br \/>\n8.a. Ya\u015fam boyu \u00f6\u011frenmenin gereklili\u011fi bilinci<br \/>\n8.b. Bilgiye eri\u015febilme, bilim ve teknolojideki geli\u015fmeleri izleme ve kendini s\u00fcrekli yenileme becerisi.<br \/>\n9. Etik ilkelerine uygun davranma, mesleki ve etik sorumluluk bilinci<br \/>\n9.b. M\u00fchendislik uygulamalar\u0131nda kullan\u0131lan standartlar hakk\u0131nda bilgi.<br \/>\n10.a. Proje y\u00f6netimi, risk y\u00f6netimi ve de\u011fi\u015fiklik y\u00f6netimi gibi, i\u015f hayat\u0131ndaki uygulamalar hakk\u0131nda bilgi<br \/>\n10.b. Giri\u015fimcilik, yenilik\u00e7ilik hakk\u0131nda fark\u0131ndal\u0131k<br \/>\n10.c. S\u00fcrd\u00fcr\u00fclebilir kalk\u0131nma hakk\u0131nda bilgi.<br \/>\n11.a. M\u00fchendislik uygulamalar\u0131n\u0131n evrensel ve toplumsal boyutlarda sa\u011fl\u0131k, \u00e7evre ve g\u00fcvenlik \u00fczerindeki etkileri ve \u00e7a\u011f\u0131n m\u00fchendislik alan\u0131na yans\u0131yan sorunlar\u0131 hakk\u0131nda bilgi<br \/>\n11.b. M\u00fchendislik \u00e7\u00f6z\u00fcmlerinin hukuksal sonu\u00e7lar\u0131 konusunda fark\u0131ndal\u0131k.<\/p>\n","protected":false},"excerpt":{"rendered":"<p>1.a. Matematik, fen bilimleri ve ilgili m\u00fchendislik disiplinine \u00f6zg\u00fc konularda yeterli bilgi birikimi 1.b. Bu alanlardaki kuramsal ve uygulamal\u0131 bilgileri, karma\u015f\u0131k m\u00fchendislik problemlerinde kullanabilme becerisi. 2.a. Karma\u015f\u0131k m\u00fchendislik problemlerini saptama, tan\u0131mlama, form\u00fcle etme ve \u00e7\u00f6zme becerisi 2.b. Bu ama\u00e7la uygun analiz ve modelleme y\u00f6ntemlerini se\u00e7me ve uygulama becerisi. 3.a. Karma\u015f\u0131k bir sistemi, s\u00fcreci, cihaz\u0131 veya [&hellip;]<\/p>\n","protected":false},"author":159,"featured_media":0,"parent":0,"menu_order":0,"comment_status":"closed","ping_status":"closed","template":"genel_sayfa.php","meta":{"footnotes":""},"yoast_head":"<!-- This site is optimized with the Yoast SEO Premium plugin v22.1 (Yoast SEO v22.1) - https:\/\/yoast.com\/wordpress\/plugins\/seo\/ -->\n<title>Program \u00d6\u011fretim \u00c7\u0131kt\u0131lar\u0131 - Mekatronik M\u00fchendisli\u011fi<\/title>\n<meta name=\"robots\" content=\"index, follow, max-snippet:-1, max-image-preview:large, max-video-preview:-1\" \/>\n<link rel=\"canonical\" href=\"http:\/\/ticaret.edu.tr\/mekatronik-muhendisligi\/program-ogretim-ciktilari\/\" \/>\n<meta property=\"og:locale\" content=\"tr_TR\" \/>\n<meta property=\"og:type\" content=\"article\" \/>\n<meta property=\"og:title\" content=\"Program \u00d6\u011fretim \u00c7\u0131kt\u0131lar\u0131\" \/>\n<meta property=\"og:description\" content=\"1.a. Matematik, fen bilimleri ve ilgili m\u00fchendislik disiplinine \u00f6zg\u00fc konularda yeterli bilgi birikimi 1.b. Bu alanlardaki kuramsal ve uygulamal\u0131 bilgileri, karma\u015f\u0131k m\u00fchendislik problemlerinde kullanabilme becerisi. 2.a. Karma\u015f\u0131k m\u00fchendislik problemlerini saptama, tan\u0131mlama, form\u00fcle etme ve \u00e7\u00f6zme becerisi 2.b. Bu ama\u00e7la uygun analiz ve modelleme y\u00f6ntemlerini se\u00e7me ve uygulama becerisi. 3.a. Karma\u015f\u0131k bir sistemi, s\u00fcreci, cihaz\u0131 veya [&hellip;]\" \/>\n<meta property=\"og:url\" content=\"http:\/\/ticaret.edu.tr\/mekatronik-muhendisligi\/program-ogretim-ciktilari\/\" \/>\n<meta property=\"og:site_name\" content=\"Mekatronik M\u00fchendisli\u011fi\" \/>\n<meta property=\"article:publisher\" content=\"https:\/\/www.facebook.com\/ticaretedutr\" \/>\n<meta property=\"article:modified_time\" content=\"2025-02-17T08:31:43+00:00\" \/>\n<meta property=\"og:image\" content=\"http:\/\/ticaret.edu.tr\/mekatronik-muhendisligi\/wp-content\/uploads\/sites\/22\/2021\/11\/web_logo-01.jpg\" \/>\n\t<meta property=\"og:image:width\" content=\"1250\" \/>\n\t<meta property=\"og:image:height\" content=\"833\" \/>\n\t<meta property=\"og:image:type\" content=\"image\/jpeg\" \/>\n<meta name=\"twitter:card\" content=\"summary_large_image\" \/>\n<meta name=\"twitter:site\" content=\"@ticaretedutr\" \/>\n<meta name=\"twitter:label1\" content=\"Tahmini okuma s\u00fcresi\" \/>\n\t<meta name=\"twitter:data1\" content=\"2 dakika\" \/>\n<script type=\"application\/ld+json\" class=\"yoast-schema-graph\">{\"@context\":\"https:\/\/schema.org\",\"@graph\":[{\"@type\":\"WebPage\",\"@id\":\"http:\/\/ticaret.edu.tr\/mekatronik-muhendisligi\/program-ogretim-ciktilari\/\",\"url\":\"http:\/\/ticaret.edu.tr\/mekatronik-muhendisligi\/program-ogretim-ciktilari\/\",\"name\":\"Program \u00d6\u011fretim \u00c7\u0131kt\u0131lar\u0131 - Mekatronik M\u00fchendisli\u011fi\",\"isPartOf\":{\"@id\":\"http:\/\/ticaret.edu.tr\/mekatronik-muhendisligi\/en\/#website\"},\"datePublished\":\"2022-11-22T12:10:57+00:00\",\"dateModified\":\"2025-02-17T08:31:43+00:00\",\"breadcrumb\":{\"@id\":\"http:\/\/ticaret.edu.tr\/mekatronik-muhendisligi\/program-ogretim-ciktilari\/#breadcrumb\"},\"inLanguage\":\"tr\",\"potentialAction\":[{\"@type\":\"ReadAction\",\"target\":[\"http:\/\/ticaret.edu.tr\/mekatronik-muhendisligi\/program-ogretim-ciktilari\/\"]}]},{\"@type\":\"BreadcrumbList\",\"@id\":\"http:\/\/ticaret.edu.tr\/mekatronik-muhendisligi\/program-ogretim-ciktilari\/#breadcrumb\",\"itemListElement\":[{\"@type\":\"ListItem\",\"position\":1,\"name\":\"Ana sayfa\",\"item\":\"https:\/\/ticaret.edu.tr\/mekatronik-muhendisligi\/\"},{\"@type\":\"ListItem\",\"position\":2,\"name\":\"Program \u00d6\u011fretim \u00c7\u0131kt\u0131lar\u0131\"}]},{\"@type\":\"WebSite\",\"@id\":\"http:\/\/ticaret.edu.tr\/mekatronik-muhendisligi\/en\/#website\",\"url\":\"http:\/\/ticaret.edu.tr\/mekatronik-muhendisligi\/en\/\",\"name\":\"Mekatronik M\u00fchendisli\u011fi\",\"description\":\"\",\"potentialAction\":[{\"@type\":\"SearchAction\",\"target\":{\"@type\":\"EntryPoint\",\"urlTemplate\":\"http:\/\/ticaret.edu.tr\/mekatronik-muhendisligi\/en\/?s={search_term_string}\"},\"query-input\":\"required name=search_term_string\"}],\"inLanguage\":\"tr\"}]}<\/script>\n<!-- \/ Yoast SEO Premium plugin. -->","yoast_head_json":{"title":"Program \u00d6\u011fretim \u00c7\u0131kt\u0131lar\u0131 - Mekatronik M\u00fchendisli\u011fi","robots":{"index":"index","follow":"follow","max-snippet":"max-snippet:-1","max-image-preview":"max-image-preview:large","max-video-preview":"max-video-preview:-1"},"canonical":"http:\/\/ticaret.edu.tr\/mekatronik-muhendisligi\/program-ogretim-ciktilari\/","og_locale":"tr_TR","og_type":"article","og_title":"Program \u00d6\u011fretim \u00c7\u0131kt\u0131lar\u0131","og_description":"1.a. Matematik, fen bilimleri ve ilgili m\u00fchendislik disiplinine \u00f6zg\u00fc konularda yeterli bilgi birikimi 1.b. Bu alanlardaki kuramsal ve uygulamal\u0131 bilgileri, karma\u015f\u0131k m\u00fchendislik problemlerinde kullanabilme becerisi. 2.a. Karma\u015f\u0131k m\u00fchendislik problemlerini saptama, tan\u0131mlama, form\u00fcle etme ve \u00e7\u00f6zme becerisi 2.b. Bu ama\u00e7la uygun analiz ve modelleme y\u00f6ntemlerini se\u00e7me ve uygulama becerisi. 3.a. Karma\u015f\u0131k bir sistemi, s\u00fcreci, cihaz\u0131 veya [&hellip;]","og_url":"http:\/\/ticaret.edu.tr\/mekatronik-muhendisligi\/program-ogretim-ciktilari\/","og_site_name":"Mekatronik M\u00fchendisli\u011fi","article_publisher":"https:\/\/www.facebook.com\/ticaretedutr","article_modified_time":"2025-02-17T08:31:43+00:00","og_image":[{"width":1250,"height":833,"url":"http:\/\/ticaret.edu.tr\/mekatronik-muhendisligi\/wp-content\/uploads\/sites\/22\/2021\/11\/web_logo-01.jpg","type":"image\/jpeg"}],"twitter_card":"summary_large_image","twitter_site":"@ticaretedutr","twitter_misc":{"Tahmini okuma s\u00fcresi":"2 dakika"},"schema":{"@context":"https:\/\/schema.org","@graph":[{"@type":"WebPage","@id":"http:\/\/ticaret.edu.tr\/mekatronik-muhendisligi\/program-ogretim-ciktilari\/","url":"http:\/\/ticaret.edu.tr\/mekatronik-muhendisligi\/program-ogretim-ciktilari\/","name":"Program \u00d6\u011fretim \u00c7\u0131kt\u0131lar\u0131 - Mekatronik M\u00fchendisli\u011fi","isPartOf":{"@id":"http:\/\/ticaret.edu.tr\/mekatronik-muhendisligi\/en\/#website"},"datePublished":"2022-11-22T12:10:57+00:00","dateModified":"2025-02-17T08:31:43+00:00","breadcrumb":{"@id":"http:\/\/ticaret.edu.tr\/mekatronik-muhendisligi\/program-ogretim-ciktilari\/#breadcrumb"},"inLanguage":"tr","potentialAction":[{"@type":"ReadAction","target":["http:\/\/ticaret.edu.tr\/mekatronik-muhendisligi\/program-ogretim-ciktilari\/"]}]},{"@type":"BreadcrumbList","@id":"http:\/\/ticaret.edu.tr\/mekatronik-muhendisligi\/program-ogretim-ciktilari\/#breadcrumb","itemListElement":[{"@type":"ListItem","position":1,"name":"Ana sayfa","item":"https:\/\/ticaret.edu.tr\/mekatronik-muhendisligi\/"},{"@type":"ListItem","position":2,"name":"Program \u00d6\u011fretim \u00c7\u0131kt\u0131lar\u0131"}]},{"@type":"WebSite","@id":"http:\/\/ticaret.edu.tr\/mekatronik-muhendisligi\/en\/#website","url":"http:\/\/ticaret.edu.tr\/mekatronik-muhendisligi\/en\/","name":"Mekatronik M\u00fchendisli\u011fi","description":"","potentialAction":[{"@type":"SearchAction","target":{"@type":"EntryPoint","urlTemplate":"http:\/\/ticaret.edu.tr\/mekatronik-muhendisligi\/en\/?s={search_term_string}"},"query-input":"required name=search_term_string"}],"inLanguage":"tr"}]}},"lang":"tr","translations":{"tr":511,"en":832},"pll_sync_post":[],"_links":{"self":[{"href":"http:\/\/ticaret.edu.tr\/mekatronik-muhendisligi\/wp-json\/wp\/v2\/pages\/511"}],"collection":[{"href":"http:\/\/ticaret.edu.tr\/mekatronik-muhendisligi\/wp-json\/wp\/v2\/pages"}],"about":[{"href":"http:\/\/ticaret.edu.tr\/mekatronik-muhendisligi\/wp-json\/wp\/v2\/types\/page"}],"author":[{"embeddable":true,"href":"http:\/\/ticaret.edu.tr\/mekatronik-muhendisligi\/wp-json\/wp\/v2\/users\/159"}],"replies":[{"embeddable":true,"href":"http:\/\/ticaret.edu.tr\/mekatronik-muhendisligi\/wp-json\/wp\/v2\/comments?post=511"}],"version-history":[{"count":2,"href":"http:\/\/ticaret.edu.tr\/mekatronik-muhendisligi\/wp-json\/wp\/v2\/pages\/511\/revisions"}],"predecessor-version":[{"id":1010,"href":"http:\/\/ticaret.edu.tr\/mekatronik-muhendisligi\/wp-json\/wp\/v2\/pages\/511\/revisions\/1010"}],"wp:attachment":[{"href":"http:\/\/ticaret.edu.tr\/mekatronik-muhendisligi\/wp-json\/wp\/v2\/media?parent=511"}],"curies":[{"name":"wp","href":"https:\/\/api.w.org\/{rel}","templated":true}]}}