{"id":517,"date":"2022-11-22T15:11:38","date_gmt":"2022-11-22T12:11:38","guid":{"rendered":"https:\/\/ticaret.edu.tr\/mekatronik-muhendisligi\/?page_id=517"},"modified":"2025-03-10T12:16:35","modified_gmt":"2025-03-10T09:16:35","slug":"lisans-ogrenci-degisim-programlari-erasmus","status":"publish","type":"page","link":"http:\/\/ticaret.edu.tr\/mekatronik-muhendisligi\/lisans-ogrenci-degisim-programlari-erasmus\/","title":{"rendered":"\u00d6\u011frenci De\u011fi\u015fim Programlar\u0131 \/ Erasmus"},"content":{"rendered":"<p>\u00dcniversitemiz ERASMUS+ \u00f6\u011frenci hareketlili\u011fi program\u0131na \u00fcyedir. Bu kapsamda \u00f6\u011frencilerimiz Avrupa\u2019da mevcut programa \u00fcye \u00fcniversitelere bir d\u00f6nem\/y\u0131l boyunca gidip \u00f6\u011frenimlerini orada s\u00fcrd\u00fcrebilmektedirler. Ayr\u0131ca Erasmus+ Staj Hareketlili\u011fi kapsam\u0131nda, \u00fcniversitemize kay\u0131tl\u0131 \u00f6\u011frencimiz yurtd\u0131\u015f\u0131ndaki bir i\u015fletmede staj yapabilmektedir.<\/p>\n<p>Mekatronik M\u00fchendisli\u011fi b\u00f6l\u00fcm\u00fcm\u00fcz\u00fcn Erasmus Program\u0131 dahilinde anla\u015fmal\u0131 oldu\u011fu \u00fcniversiteler listesi a\u015fa\u011f\u0131daki gibidir :<\/p>\n<ul>\n<li>Hochschule Harz (Almanya)<\/li>\n<li>Ecole Nationale Superieure Des Mines (Fransa)<\/li>\n<li>OBUDAI EGYETEM \/ Obuda University (Macaristan)<\/li>\n<li>Vilnaus Gedimino Technikos Universitetas (Litvanya)<\/li>\n<\/ul>\n<p>&nbsp;<\/p>\n<p>Detayl\u0131 bilgiye <a href=\"https:\/\/app.erasmus.ticaret.edu.tr\/tr\/euc-agreements\/list\">ba\u011flant\u0131dan<\/a> ula\u015fabilirsiniz.<\/p>\n","protected":false},"excerpt":{"rendered":"<p>\u00dcniversitemiz ERASMUS+ \u00f6\u011frenci hareketlili\u011fi program\u0131na \u00fcyedir. Bu kapsamda \u00f6\u011frencilerimiz Avrupa\u2019da mevcut programa \u00fcye \u00fcniversitelere bir d\u00f6nem\/y\u0131l boyunca gidip \u00f6\u011frenimlerini orada s\u00fcrd\u00fcrebilmektedirler. Ayr\u0131ca Erasmus+ Staj Hareketlili\u011fi kapsam\u0131nda, \u00fcniversitemize kay\u0131tl\u0131 \u00f6\u011frencimiz yurtd\u0131\u015f\u0131ndaki bir i\u015fletmede staj yapabilmektedir. Mekatronik M\u00fchendisli\u011fi b\u00f6l\u00fcm\u00fcm\u00fcz\u00fcn Erasmus Program\u0131 dahilinde anla\u015fmal\u0131 oldu\u011fu \u00fcniversiteler listesi a\u015fa\u011f\u0131daki gibidir : Hochschule Harz (Almanya) Ecole Nationale Superieure Des Mines [&hellip;]<\/p>\n","protected":false},"author":159,"featured_media":0,"parent":0,"menu_order":0,"comment_status":"closed","ping_status":"closed","template":"genel_sayfa.php","meta":{"footnotes":""},"yoast_head":"<!-- This site is optimized with the Yoast SEO Premium plugin v22.1 (Yoast SEO v22.1) - https:\/\/yoast.com\/wordpress\/plugins\/seo\/ -->\n<title>\u00d6\u011frenci De\u011fi\u015fim Programlar\u0131 \/ Erasmus - Mekatronik M\u00fchendisli\u011fi<\/title>\n<meta name=\"robots\" content=\"index, follow, max-snippet:-1, max-image-preview:large, max-video-preview:-1\" \/>\n<link rel=\"canonical\" href=\"http:\/\/ticaret.edu.tr\/mekatronik-muhendisligi\/lisans-ogrenci-degisim-programlari-erasmus\/\" \/>\n<meta property=\"og:locale\" content=\"tr_TR\" \/>\n<meta property=\"og:type\" content=\"article\" \/>\n<meta property=\"og:title\" content=\"\u00d6\u011frenci De\u011fi\u015fim Programlar\u0131 \/ Erasmus\" \/>\n<meta property=\"og:description\" content=\"\u00dcniversitemiz ERASMUS+ \u00f6\u011frenci hareketlili\u011fi program\u0131na \u00fcyedir. Bu kapsamda \u00f6\u011frencilerimiz Avrupa\u2019da mevcut programa \u00fcye \u00fcniversitelere bir d\u00f6nem\/y\u0131l boyunca gidip \u00f6\u011frenimlerini orada s\u00fcrd\u00fcrebilmektedirler. Ayr\u0131ca Erasmus+ Staj Hareketlili\u011fi kapsam\u0131nda, \u00fcniversitemize kay\u0131tl\u0131 \u00f6\u011frencimiz yurtd\u0131\u015f\u0131ndaki bir i\u015fletmede staj yapabilmektedir. Mekatronik M\u00fchendisli\u011fi b\u00f6l\u00fcm\u00fcm\u00fcz\u00fcn Erasmus Program\u0131 dahilinde anla\u015fmal\u0131 oldu\u011fu \u00fcniversiteler listesi a\u015fa\u011f\u0131daki gibidir : Hochschule Harz (Almanya) Ecole Nationale Superieure Des Mines [&hellip;]\" \/>\n<meta property=\"og:url\" content=\"http:\/\/ticaret.edu.tr\/mekatronik-muhendisligi\/lisans-ogrenci-degisim-programlari-erasmus\/\" \/>\n<meta property=\"og:site_name\" content=\"Mekatronik M\u00fchendisli\u011fi\" \/>\n<meta property=\"article:publisher\" content=\"https:\/\/www.facebook.com\/ticaretedutr\" \/>\n<meta property=\"article:modified_time\" content=\"2025-03-10T09:16:35+00:00\" \/>\n<meta property=\"og:image\" content=\"http:\/\/ticaret.edu.tr\/mekatronik-muhendisligi\/wp-content\/uploads\/sites\/22\/2021\/11\/web_logo-01.jpg\" \/>\n\t<meta property=\"og:image:width\" content=\"1250\" \/>\n\t<meta property=\"og:image:height\" content=\"833\" \/>\n\t<meta property=\"og:image:type\" content=\"image\/jpeg\" \/>\n<meta name=\"twitter:card\" content=\"summary_large_image\" \/>\n<meta name=\"twitter:site\" content=\"@ticaretedutr\" \/>\n<meta name=\"twitter:label1\" content=\"Tahmini okuma s\u00fcresi\" \/>\n\t<meta name=\"twitter:data1\" content=\"1 dakika\" \/>\n<script type=\"application\/ld+json\" class=\"yoast-schema-graph\">{\"@context\":\"https:\/\/schema.org\",\"@graph\":[{\"@type\":\"WebPage\",\"@id\":\"http:\/\/ticaret.edu.tr\/mekatronik-muhendisligi\/lisans-ogrenci-degisim-programlari-erasmus\/\",\"url\":\"http:\/\/ticaret.edu.tr\/mekatronik-muhendisligi\/lisans-ogrenci-degisim-programlari-erasmus\/\",\"name\":\"\u00d6\u011frenci De\u011fi\u015fim Programlar\u0131 \/ Erasmus - Mekatronik M\u00fchendisli\u011fi\",\"isPartOf\":{\"@id\":\"http:\/\/ticaret.edu.tr\/mekatronik-muhendisligi\/en\/#website\"},\"datePublished\":\"2022-11-22T12:11:38+00:00\",\"dateModified\":\"2025-03-10T09:16:35+00:00\",\"breadcrumb\":{\"@id\":\"http:\/\/ticaret.edu.tr\/mekatronik-muhendisligi\/lisans-ogrenci-degisim-programlari-erasmus\/#breadcrumb\"},\"inLanguage\":\"tr\",\"potentialAction\":[{\"@type\":\"ReadAction\",\"target\":[\"http:\/\/ticaret.edu.tr\/mekatronik-muhendisligi\/lisans-ogrenci-degisim-programlari-erasmus\/\"]}]},{\"@type\":\"BreadcrumbList\",\"@id\":\"http:\/\/ticaret.edu.tr\/mekatronik-muhendisligi\/lisans-ogrenci-degisim-programlari-erasmus\/#breadcrumb\",\"itemListElement\":[{\"@type\":\"ListItem\",\"position\":1,\"name\":\"Ana sayfa\",\"item\":\"https:\/\/ticaret.edu.tr\/mekatronik-muhendisligi\/\"},{\"@type\":\"ListItem\",\"position\":2,\"name\":\"\u00d6\u011frenci De\u011fi\u015fim Programlar\u0131 \/ Erasmus\"}]},{\"@type\":\"WebSite\",\"@id\":\"http:\/\/ticaret.edu.tr\/mekatronik-muhendisligi\/en\/#website\",\"url\":\"http:\/\/ticaret.edu.tr\/mekatronik-muhendisligi\/en\/\",\"name\":\"Mekatronik M\u00fchendisli\u011fi\",\"description\":\"\",\"potentialAction\":[{\"@type\":\"SearchAction\",\"target\":{\"@type\":\"EntryPoint\",\"urlTemplate\":\"http:\/\/ticaret.edu.tr\/mekatronik-muhendisligi\/en\/?s={search_term_string}\"},\"query-input\":\"required name=search_term_string\"}],\"inLanguage\":\"tr\"}]}<\/script>\n<!-- \/ Yoast SEO Premium plugin. -->","yoast_head_json":{"title":"\u00d6\u011frenci De\u011fi\u015fim Programlar\u0131 \/ Erasmus - Mekatronik M\u00fchendisli\u011fi","robots":{"index":"index","follow":"follow","max-snippet":"max-snippet:-1","max-image-preview":"max-image-preview:large","max-video-preview":"max-video-preview:-1"},"canonical":"http:\/\/ticaret.edu.tr\/mekatronik-muhendisligi\/lisans-ogrenci-degisim-programlari-erasmus\/","og_locale":"tr_TR","og_type":"article","og_title":"\u00d6\u011frenci De\u011fi\u015fim Programlar\u0131 \/ Erasmus","og_description":"\u00dcniversitemiz ERASMUS+ \u00f6\u011frenci hareketlili\u011fi program\u0131na \u00fcyedir. Bu kapsamda \u00f6\u011frencilerimiz Avrupa\u2019da mevcut programa \u00fcye \u00fcniversitelere bir d\u00f6nem\/y\u0131l boyunca gidip \u00f6\u011frenimlerini orada s\u00fcrd\u00fcrebilmektedirler. Ayr\u0131ca Erasmus+ Staj Hareketlili\u011fi kapsam\u0131nda, \u00fcniversitemize kay\u0131tl\u0131 \u00f6\u011frencimiz yurtd\u0131\u015f\u0131ndaki bir i\u015fletmede staj yapabilmektedir. Mekatronik M\u00fchendisli\u011fi b\u00f6l\u00fcm\u00fcm\u00fcz\u00fcn Erasmus Program\u0131 dahilinde anla\u015fmal\u0131 oldu\u011fu \u00fcniversiteler listesi a\u015fa\u011f\u0131daki gibidir : Hochschule Harz (Almanya) Ecole Nationale Superieure Des Mines [&hellip;]","og_url":"http:\/\/ticaret.edu.tr\/mekatronik-muhendisligi\/lisans-ogrenci-degisim-programlari-erasmus\/","og_site_name":"Mekatronik M\u00fchendisli\u011fi","article_publisher":"https:\/\/www.facebook.com\/ticaretedutr","article_modified_time":"2025-03-10T09:16:35+00:00","og_image":[{"width":1250,"height":833,"url":"http:\/\/ticaret.edu.tr\/mekatronik-muhendisligi\/wp-content\/uploads\/sites\/22\/2021\/11\/web_logo-01.jpg","type":"image\/jpeg"}],"twitter_card":"summary_large_image","twitter_site":"@ticaretedutr","twitter_misc":{"Tahmini okuma s\u00fcresi":"1 dakika"},"schema":{"@context":"https:\/\/schema.org","@graph":[{"@type":"WebPage","@id":"http:\/\/ticaret.edu.tr\/mekatronik-muhendisligi\/lisans-ogrenci-degisim-programlari-erasmus\/","url":"http:\/\/ticaret.edu.tr\/mekatronik-muhendisligi\/lisans-ogrenci-degisim-programlari-erasmus\/","name":"\u00d6\u011frenci De\u011fi\u015fim Programlar\u0131 \/ Erasmus - Mekatronik M\u00fchendisli\u011fi","isPartOf":{"@id":"http:\/\/ticaret.edu.tr\/mekatronik-muhendisligi\/en\/#website"},"datePublished":"2022-11-22T12:11:38+00:00","dateModified":"2025-03-10T09:16:35+00:00","breadcrumb":{"@id":"http:\/\/ticaret.edu.tr\/mekatronik-muhendisligi\/lisans-ogrenci-degisim-programlari-erasmus\/#breadcrumb"},"inLanguage":"tr","potentialAction":[{"@type":"ReadAction","target":["http:\/\/ticaret.edu.tr\/mekatronik-muhendisligi\/lisans-ogrenci-degisim-programlari-erasmus\/"]}]},{"@type":"BreadcrumbList","@id":"http:\/\/ticaret.edu.tr\/mekatronik-muhendisligi\/lisans-ogrenci-degisim-programlari-erasmus\/#breadcrumb","itemListElement":[{"@type":"ListItem","position":1,"name":"Ana sayfa","item":"https:\/\/ticaret.edu.tr\/mekatronik-muhendisligi\/"},{"@type":"ListItem","position":2,"name":"\u00d6\u011frenci De\u011fi\u015fim Programlar\u0131 \/ Erasmus"}]},{"@type":"WebSite","@id":"http:\/\/ticaret.edu.tr\/mekatronik-muhendisligi\/en\/#website","url":"http:\/\/ticaret.edu.tr\/mekatronik-muhendisligi\/en\/","name":"Mekatronik M\u00fchendisli\u011fi","description":"","potentialAction":[{"@type":"SearchAction","target":{"@type":"EntryPoint","urlTemplate":"http:\/\/ticaret.edu.tr\/mekatronik-muhendisligi\/en\/?s={search_term_string}"},"query-input":"required name=search_term_string"}],"inLanguage":"tr"}]}},"lang":"tr","translations":{"tr":517,"en":872},"pll_sync_post":[],"_links":{"self":[{"href":"http:\/\/ticaret.edu.tr\/mekatronik-muhendisligi\/wp-json\/wp\/v2\/pages\/517"}],"collection":[{"href":"http:\/\/ticaret.edu.tr\/mekatronik-muhendisligi\/wp-json\/wp\/v2\/pages"}],"about":[{"href":"http:\/\/ticaret.edu.tr\/mekatronik-muhendisligi\/wp-json\/wp\/v2\/types\/page"}],"author":[{"embeddable":true,"href":"http:\/\/ticaret.edu.tr\/mekatronik-muhendisligi\/wp-json\/wp\/v2\/users\/159"}],"replies":[{"embeddable":true,"href":"http:\/\/ticaret.edu.tr\/mekatronik-muhendisligi\/wp-json\/wp\/v2\/comments?post=517"}],"version-history":[{"count":4,"href":"http:\/\/ticaret.edu.tr\/mekatronik-muhendisligi\/wp-json\/wp\/v2\/pages\/517\/revisions"}],"predecessor-version":[{"id":1053,"href":"http:\/\/ticaret.edu.tr\/mekatronik-muhendisligi\/wp-json\/wp\/v2\/pages\/517\/revisions\/1053"}],"wp:attachment":[{"href":"http:\/\/ticaret.edu.tr\/mekatronik-muhendisligi\/wp-json\/wp\/v2\/media?parent=517"}],"curies":[{"name":"wp","href":"https:\/\/api.w.org\/{rel}","templated":true}]}}