{"id":567,"date":"2022-11-23T15:36:10","date_gmt":"2022-11-23T12:36:10","guid":{"rendered":"https:\/\/ticaret.edu.tr\/mekatronik-muhendisligi\/?page_id=567"},"modified":"2025-02-17T11:47:04","modified_gmt":"2025-02-17T08:47:04","slug":"lisansustu-genel-bilgi","status":"publish","type":"page","link":"http:\/\/ticaret.edu.tr\/mekatronik-muhendisligi\/lisansustu-genel-bilgi\/","title":{"rendered":"Genel Bilgi"},"content":{"rendered":"<p>Mekatronik M\u00fchendisli\u011fi Lisans\u00fcst\u00fc programlar\u0131 y\u00fcksek lisans seviyesinde tezli-tezsiz ve \u0130ngilizce-T\u00fcrk\u00e7e, doktora seviyesinde \u0130ngilizce olmak \u00fczere 5 programd\u0131r. Y\u00fcksek lisans normal \u00f6\u011frenim s\u00fcresi 4 yar\u0131y\u0131ld\u0131r.<\/p>\n<p>Y\u00fcksek lisans program\u0131n\u0131 ba\u015far\u0131 ile tamamlayan \u00f6\u011frenciler Mekatronik M\u00fchendisli\u011fi Y\u00fcksek Lisans derecesini almaya hak kazan\u0131rlar.<\/p>\n<p>Doktora program\u0131n\u0131 ba\u015far\u0131 ile tamamlayan \u00f6\u011frenciler Mekatronik M\u00fchendisli\u011fi doktora derecesini almaya hak kazan\u0131rlar.<\/p>\n<p>Detayl\u0131 bilgi i\u00e7in <a href=\"https:\/\/ticaret.edu.tr\/fen-bilimleri-enstitusu\/\">Fen Bilimleri Enstit\u00fcs\u00fc web sitesi<\/a>ni ziyaret edebilirsiniz.<\/p>\n","protected":false},"excerpt":{"rendered":"<p>Mekatronik M\u00fchendisli\u011fi Lisans\u00fcst\u00fc programlar\u0131 y\u00fcksek lisans seviyesinde tezli-tezsiz ve \u0130ngilizce-T\u00fcrk\u00e7e, doktora seviyesinde \u0130ngilizce olmak \u00fczere 5 programd\u0131r. Y\u00fcksek lisans normal \u00f6\u011frenim s\u00fcresi 4 yar\u0131y\u0131ld\u0131r. Y\u00fcksek lisans program\u0131n\u0131 ba\u015far\u0131 ile tamamlayan \u00f6\u011frenciler Mekatronik M\u00fchendisli\u011fi Y\u00fcksek Lisans derecesini almaya hak kazan\u0131rlar. Doktora program\u0131n\u0131 ba\u015far\u0131 ile tamamlayan \u00f6\u011frenciler Mekatronik M\u00fchendisli\u011fi doktora derecesini almaya hak kazan\u0131rlar. Detayl\u0131 bilgi i\u00e7in [&hellip;]<\/p>\n","protected":false},"author":159,"featured_media":0,"parent":0,"menu_order":0,"comment_status":"closed","ping_status":"closed","template":"genel_sayfa.php","meta":{"footnotes":""},"yoast_head":"<!-- This site is optimized with the Yoast SEO Premium plugin v22.1 (Yoast SEO v22.1) - https:\/\/yoast.com\/wordpress\/plugins\/seo\/ -->\n<title>Genel Bilgi - Mekatronik M\u00fchendisli\u011fi<\/title>\n<meta name=\"description\" content=\"istanbul Ticaret \u00dcniversitesi Mekatronik M\u00fchendisli\u011fi lisans\u00fcst\u00fc programlar hakk\u0131nda genel bilgi i\u00e7in t\u0131klay\u0131n\u0131z.\" \/>\n<meta name=\"robots\" content=\"index, follow, max-snippet:-1, max-image-preview:large, max-video-preview:-1\" \/>\n<link rel=\"canonical\" href=\"http:\/\/ticaret.edu.tr\/mekatronik-muhendisligi\/lisansustu-genel-bilgi\/\" \/>\n<meta property=\"og:locale\" content=\"tr_TR\" \/>\n<meta property=\"og:type\" content=\"article\" \/>\n<meta property=\"og:title\" content=\"Genel Bilgi\" \/>\n<meta property=\"og:description\" content=\"istanbul Ticaret \u00dcniversitesi Mekatronik M\u00fchendisli\u011fi lisans\u00fcst\u00fc programlar hakk\u0131nda genel bilgi i\u00e7in t\u0131klay\u0131n\u0131z.\" \/>\n<meta property=\"og:url\" content=\"http:\/\/ticaret.edu.tr\/mekatronik-muhendisligi\/lisansustu-genel-bilgi\/\" \/>\n<meta property=\"og:site_name\" content=\"Mekatronik M\u00fchendisli\u011fi\" \/>\n<meta property=\"article:publisher\" content=\"https:\/\/www.facebook.com\/ticaretedutr\" \/>\n<meta property=\"article:modified_time\" content=\"2025-02-17T08:47:04+00:00\" \/>\n<meta property=\"og:image\" content=\"http:\/\/ticaret.edu.tr\/mekatronik-muhendisligi\/wp-content\/uploads\/sites\/22\/2021\/11\/web_logo-01.jpg\" \/>\n\t<meta property=\"og:image:width\" content=\"1250\" \/>\n\t<meta property=\"og:image:height\" content=\"833\" \/>\n\t<meta property=\"og:image:type\" content=\"image\/jpeg\" \/>\n<meta name=\"twitter:card\" content=\"summary_large_image\" \/>\n<meta name=\"twitter:site\" content=\"@ticaretedutr\" \/>\n<meta name=\"twitter:label1\" content=\"Tahmini okuma s\u00fcresi\" \/>\n\t<meta name=\"twitter:data1\" content=\"1 dakika\" \/>\n<script type=\"application\/ld+json\" class=\"yoast-schema-graph\">{\"@context\":\"https:\/\/schema.org\",\"@graph\":[{\"@type\":\"WebPage\",\"@id\":\"http:\/\/ticaret.edu.tr\/mekatronik-muhendisligi\/lisansustu-genel-bilgi\/\",\"url\":\"http:\/\/ticaret.edu.tr\/mekatronik-muhendisligi\/lisansustu-genel-bilgi\/\",\"name\":\"Genel Bilgi - Mekatronik M\u00fchendisli\u011fi\",\"isPartOf\":{\"@id\":\"http:\/\/ticaret.edu.tr\/mekatronik-muhendisligi\/en\/#website\"},\"datePublished\":\"2022-11-23T12:36:10+00:00\",\"dateModified\":\"2025-02-17T08:47:04+00:00\",\"description\":\"istanbul Ticaret \u00dcniversitesi Mekatronik M\u00fchendisli\u011fi lisans\u00fcst\u00fc programlar hakk\u0131nda genel bilgi i\u00e7in t\u0131klay\u0131n\u0131z.\",\"breadcrumb\":{\"@id\":\"http:\/\/ticaret.edu.tr\/mekatronik-muhendisligi\/lisansustu-genel-bilgi\/#breadcrumb\"},\"inLanguage\":\"tr\",\"potentialAction\":[{\"@type\":\"ReadAction\",\"target\":[\"http:\/\/ticaret.edu.tr\/mekatronik-muhendisligi\/lisansustu-genel-bilgi\/\"]}]},{\"@type\":\"BreadcrumbList\",\"@id\":\"http:\/\/ticaret.edu.tr\/mekatronik-muhendisligi\/lisansustu-genel-bilgi\/#breadcrumb\",\"itemListElement\":[{\"@type\":\"ListItem\",\"position\":1,\"name\":\"Ana sayfa\",\"item\":\"https:\/\/ticaret.edu.tr\/mekatronik-muhendisligi\/\"},{\"@type\":\"ListItem\",\"position\":2,\"name\":\"Genel Bilgi\"}]},{\"@type\":\"WebSite\",\"@id\":\"http:\/\/ticaret.edu.tr\/mekatronik-muhendisligi\/en\/#website\",\"url\":\"http:\/\/ticaret.edu.tr\/mekatronik-muhendisligi\/en\/\",\"name\":\"Mekatronik M\u00fchendisli\u011fi\",\"description\":\"\",\"potentialAction\":[{\"@type\":\"SearchAction\",\"target\":{\"@type\":\"EntryPoint\",\"urlTemplate\":\"http:\/\/ticaret.edu.tr\/mekatronik-muhendisligi\/en\/?s={search_term_string}\"},\"query-input\":\"required name=search_term_string\"}],\"inLanguage\":\"tr\"}]}<\/script>\n<!-- \/ Yoast SEO Premium plugin. -->","yoast_head_json":{"title":"Genel Bilgi - Mekatronik M\u00fchendisli\u011fi","description":"istanbul Ticaret \u00dcniversitesi Mekatronik M\u00fchendisli\u011fi lisans\u00fcst\u00fc programlar hakk\u0131nda genel bilgi i\u00e7in t\u0131klay\u0131n\u0131z.","robots":{"index":"index","follow":"follow","max-snippet":"max-snippet:-1","max-image-preview":"max-image-preview:large","max-video-preview":"max-video-preview:-1"},"canonical":"http:\/\/ticaret.edu.tr\/mekatronik-muhendisligi\/lisansustu-genel-bilgi\/","og_locale":"tr_TR","og_type":"article","og_title":"Genel Bilgi","og_description":"istanbul Ticaret \u00dcniversitesi Mekatronik M\u00fchendisli\u011fi lisans\u00fcst\u00fc programlar hakk\u0131nda genel bilgi i\u00e7in t\u0131klay\u0131n\u0131z.","og_url":"http:\/\/ticaret.edu.tr\/mekatronik-muhendisligi\/lisansustu-genel-bilgi\/","og_site_name":"Mekatronik M\u00fchendisli\u011fi","article_publisher":"https:\/\/www.facebook.com\/ticaretedutr","article_modified_time":"2025-02-17T08:47:04+00:00","og_image":[{"width":1250,"height":833,"url":"http:\/\/ticaret.edu.tr\/mekatronik-muhendisligi\/wp-content\/uploads\/sites\/22\/2021\/11\/web_logo-01.jpg","type":"image\/jpeg"}],"twitter_card":"summary_large_image","twitter_site":"@ticaretedutr","twitter_misc":{"Tahmini okuma s\u00fcresi":"1 dakika"},"schema":{"@context":"https:\/\/schema.org","@graph":[{"@type":"WebPage","@id":"http:\/\/ticaret.edu.tr\/mekatronik-muhendisligi\/lisansustu-genel-bilgi\/","url":"http:\/\/ticaret.edu.tr\/mekatronik-muhendisligi\/lisansustu-genel-bilgi\/","name":"Genel Bilgi - Mekatronik M\u00fchendisli\u011fi","isPartOf":{"@id":"http:\/\/ticaret.edu.tr\/mekatronik-muhendisligi\/en\/#website"},"datePublished":"2022-11-23T12:36:10+00:00","dateModified":"2025-02-17T08:47:04+00:00","description":"istanbul Ticaret \u00dcniversitesi Mekatronik M\u00fchendisli\u011fi lisans\u00fcst\u00fc programlar hakk\u0131nda genel bilgi i\u00e7in t\u0131klay\u0131n\u0131z.","breadcrumb":{"@id":"http:\/\/ticaret.edu.tr\/mekatronik-muhendisligi\/lisansustu-genel-bilgi\/#breadcrumb"},"inLanguage":"tr","potentialAction":[{"@type":"ReadAction","target":["http:\/\/ticaret.edu.tr\/mekatronik-muhendisligi\/lisansustu-genel-bilgi\/"]}]},{"@type":"BreadcrumbList","@id":"http:\/\/ticaret.edu.tr\/mekatronik-muhendisligi\/lisansustu-genel-bilgi\/#breadcrumb","itemListElement":[{"@type":"ListItem","position":1,"name":"Ana sayfa","item":"https:\/\/ticaret.edu.tr\/mekatronik-muhendisligi\/"},{"@type":"ListItem","position":2,"name":"Genel Bilgi"}]},{"@type":"WebSite","@id":"http:\/\/ticaret.edu.tr\/mekatronik-muhendisligi\/en\/#website","url":"http:\/\/ticaret.edu.tr\/mekatronik-muhendisligi\/en\/","name":"Mekatronik M\u00fchendisli\u011fi","description":"","potentialAction":[{"@type":"SearchAction","target":{"@type":"EntryPoint","urlTemplate":"http:\/\/ticaret.edu.tr\/mekatronik-muhendisligi\/en\/?s={search_term_string}"},"query-input":"required name=search_term_string"}],"inLanguage":"tr"}]}},"lang":"tr","translations":{"tr":567,"en":891},"pll_sync_post":[],"_links":{"self":[{"href":"http:\/\/ticaret.edu.tr\/mekatronik-muhendisligi\/wp-json\/wp\/v2\/pages\/567"}],"collection":[{"href":"http:\/\/ticaret.edu.tr\/mekatronik-muhendisligi\/wp-json\/wp\/v2\/pages"}],"about":[{"href":"http:\/\/ticaret.edu.tr\/mekatronik-muhendisligi\/wp-json\/wp\/v2\/types\/page"}],"author":[{"embeddable":true,"href":"http:\/\/ticaret.edu.tr\/mekatronik-muhendisligi\/wp-json\/wp\/v2\/users\/159"}],"replies":[{"embeddable":true,"href":"http:\/\/ticaret.edu.tr\/mekatronik-muhendisligi\/wp-json\/wp\/v2\/comments?post=567"}],"version-history":[{"count":3,"href":"http:\/\/ticaret.edu.tr\/mekatronik-muhendisligi\/wp-json\/wp\/v2\/pages\/567\/revisions"}],"predecessor-version":[{"id":572,"href":"http:\/\/ticaret.edu.tr\/mekatronik-muhendisligi\/wp-json\/wp\/v2\/pages\/567\/revisions\/572"}],"wp:attachment":[{"href":"http:\/\/ticaret.edu.tr\/mekatronik-muhendisligi\/wp-json\/wp\/v2\/media?parent=567"}],"curies":[{"name":"wp","href":"https:\/\/api.w.org\/{rel}","templated":true}]}}