{"id":592,"date":"2022-11-28T15:20:35","date_gmt":"2022-11-28T12:20:35","guid":{"rendered":"https:\/\/ticaret.edu.tr\/mekatronik-muhendisligi\/?page_id=592"},"modified":"2025-02-17T11:55:38","modified_gmt":"2025-02-17T08:55:38","slug":"lisansustu-ders-ve-sinav-programi","status":"publish","type":"page","link":"http:\/\/ticaret.edu.tr\/mekatronik-muhendisligi\/lisansustu-ders-ve-sinav-programi\/","title":{"rendered":"Ders ve S\u0131nav Program\u0131"},"content":{"rendered":"<p><a href=\"https:\/\/ticaret.edu.tr\/fen-bilimleri-enstitusu\/wp-content\/uploads\/sites\/33\/2022\/01\/Mekatronik-Muhendisligi-Tezli-Yuksek-Lisans-Programi.pdf\">Mekatronik M\u00fchendisli\u011fi y\u00fcksek lisans program\u0131 ders program\u0131 i\u00e7in <strong>t\u0131klay\u0131n\u0131z!<\/strong><\/a><\/p>\n<p><a href=\"https:\/\/ticaret.edu.tr\/fen-bilimleri-enstitusu\/wp-content\/uploads\/sites\/33\/2022\/10\/Mekatronik-Muhendisligi-Ingilizce-Tezli-Yuksek-Lisans-Programi.pdf\">Mekatronik M\u00fchendisli\u011fi \u0130ngilizce y\u00fcksek lisans program\u0131 ders program\u0131 i\u00e7in <strong>t\u0131klay\u0131n\u0131z!<\/strong><\/a><\/p>\n<p><a href=\"https:\/\/www.ticaret.edu.tr\/uploads\/dosyalar\/2019\/201925102620114.pdf\">Mekatronik M\u00fchendisli\u011fi \u0130ngilizce doktora program\u0131 ders program\u0131 i\u00e7in <strong>t\u0131klay\u0131n\u0131z!<\/strong><\/a><\/p>\n","protected":false},"excerpt":{"rendered":"<p>Mekatronik M\u00fchendisli\u011fi y\u00fcksek lisans program\u0131 ders program\u0131 i\u00e7in t\u0131klay\u0131n\u0131z! Mekatronik M\u00fchendisli\u011fi \u0130ngilizce y\u00fcksek lisans program\u0131 ders program\u0131 i\u00e7in t\u0131klay\u0131n\u0131z! Mekatronik M\u00fchendisli\u011fi \u0130ngilizce doktora program\u0131 ders program\u0131 i\u00e7in t\u0131klay\u0131n\u0131z!<\/p>\n","protected":false},"author":159,"featured_media":0,"parent":0,"menu_order":0,"comment_status":"closed","ping_status":"closed","template":"genel_sayfa.php","meta":{"footnotes":""},"yoast_head":"<!-- This site is optimized with the Yoast SEO Premium plugin v22.1 (Yoast SEO v22.1) - https:\/\/yoast.com\/wordpress\/plugins\/seo\/ -->\n<title>Ders ve S\u0131nav Program\u0131 - Mekatronik M\u00fchendisli\u011fi<\/title>\n<meta name=\"description\" content=\"\u0130stanbl Ticaret \u00dcniversitesi Mekatronik M\u00fchendisli\u011fi lisans, y\u00fcksek lisans ve doktora ders programlar\u0131 hakk\u0131nda bilgi.\" \/>\n<meta name=\"robots\" content=\"index, follow, max-snippet:-1, max-image-preview:large, max-video-preview:-1\" \/>\n<link rel=\"canonical\" href=\"http:\/\/ticaret.edu.tr\/mekatronik-muhendisligi\/lisansustu-ders-ve-sinav-programi\/\" \/>\n<meta property=\"og:locale\" content=\"tr_TR\" \/>\n<meta property=\"og:type\" content=\"article\" \/>\n<meta property=\"og:title\" content=\"Ders ve S\u0131nav Program\u0131\" \/>\n<meta property=\"og:description\" content=\"\u0130stanbl Ticaret \u00dcniversitesi Mekatronik M\u00fchendisli\u011fi lisans, y\u00fcksek lisans ve doktora ders programlar\u0131 hakk\u0131nda bilgi.\" \/>\n<meta property=\"og:url\" content=\"http:\/\/ticaret.edu.tr\/mekatronik-muhendisligi\/lisansustu-ders-ve-sinav-programi\/\" \/>\n<meta property=\"og:site_name\" content=\"Mekatronik M\u00fchendisli\u011fi\" \/>\n<meta property=\"article:publisher\" content=\"https:\/\/www.facebook.com\/ticaretedutr\" \/>\n<meta property=\"article:modified_time\" content=\"2025-02-17T08:55:38+00:00\" \/>\n<meta property=\"og:image\" content=\"http:\/\/ticaret.edu.tr\/mekatronik-muhendisligi\/wp-content\/uploads\/sites\/22\/2021\/11\/web_logo-01.jpg\" \/>\n\t<meta property=\"og:image:width\" content=\"1250\" \/>\n\t<meta property=\"og:image:height\" content=\"833\" \/>\n\t<meta property=\"og:image:type\" content=\"image\/jpeg\" \/>\n<meta name=\"twitter:card\" content=\"summary_large_image\" \/>\n<meta name=\"twitter:site\" content=\"@ticaretedutr\" \/>\n<meta name=\"twitter:label1\" content=\"Tahmini okuma s\u00fcresi\" \/>\n\t<meta name=\"twitter:data1\" content=\"1 dakika\" \/>\n<script type=\"application\/ld+json\" class=\"yoast-schema-graph\">{\"@context\":\"https:\/\/schema.org\",\"@graph\":[{\"@type\":\"WebPage\",\"@id\":\"http:\/\/ticaret.edu.tr\/mekatronik-muhendisligi\/lisansustu-ders-ve-sinav-programi\/\",\"url\":\"http:\/\/ticaret.edu.tr\/mekatronik-muhendisligi\/lisansustu-ders-ve-sinav-programi\/\",\"name\":\"Ders ve S\u0131nav Program\u0131 - Mekatronik M\u00fchendisli\u011fi\",\"isPartOf\":{\"@id\":\"http:\/\/ticaret.edu.tr\/mekatronik-muhendisligi\/en\/#website\"},\"datePublished\":\"2022-11-28T12:20:35+00:00\",\"dateModified\":\"2025-02-17T08:55:38+00:00\",\"description\":\"\u0130stanbl Ticaret \u00dcniversitesi Mekatronik M\u00fchendisli\u011fi lisans, y\u00fcksek lisans ve doktora ders programlar\u0131 hakk\u0131nda bilgi.\",\"breadcrumb\":{\"@id\":\"http:\/\/ticaret.edu.tr\/mekatronik-muhendisligi\/lisansustu-ders-ve-sinav-programi\/#breadcrumb\"},\"inLanguage\":\"tr\",\"potentialAction\":[{\"@type\":\"ReadAction\",\"target\":[\"http:\/\/ticaret.edu.tr\/mekatronik-muhendisligi\/lisansustu-ders-ve-sinav-programi\/\"]}]},{\"@type\":\"BreadcrumbList\",\"@id\":\"http:\/\/ticaret.edu.tr\/mekatronik-muhendisligi\/lisansustu-ders-ve-sinav-programi\/#breadcrumb\",\"itemListElement\":[{\"@type\":\"ListItem\",\"position\":1,\"name\":\"Ana sayfa\",\"item\":\"https:\/\/ticaret.edu.tr\/mekatronik-muhendisligi\/\"},{\"@type\":\"ListItem\",\"position\":2,\"name\":\"Ders ve S\u0131nav Program\u0131\"}]},{\"@type\":\"WebSite\",\"@id\":\"http:\/\/ticaret.edu.tr\/mekatronik-muhendisligi\/en\/#website\",\"url\":\"http:\/\/ticaret.edu.tr\/mekatronik-muhendisligi\/en\/\",\"name\":\"Mekatronik M\u00fchendisli\u011fi\",\"description\":\"\",\"potentialAction\":[{\"@type\":\"SearchAction\",\"target\":{\"@type\":\"EntryPoint\",\"urlTemplate\":\"http:\/\/ticaret.edu.tr\/mekatronik-muhendisligi\/en\/?s={search_term_string}\"},\"query-input\":\"required name=search_term_string\"}],\"inLanguage\":\"tr\"}]}<\/script>\n<!-- \/ Yoast SEO Premium plugin. -->","yoast_head_json":{"title":"Ders ve S\u0131nav Program\u0131 - Mekatronik M\u00fchendisli\u011fi","description":"\u0130stanbl Ticaret \u00dcniversitesi Mekatronik M\u00fchendisli\u011fi lisans, y\u00fcksek lisans ve doktora ders programlar\u0131 hakk\u0131nda bilgi.","robots":{"index":"index","follow":"follow","max-snippet":"max-snippet:-1","max-image-preview":"max-image-preview:large","max-video-preview":"max-video-preview:-1"},"canonical":"http:\/\/ticaret.edu.tr\/mekatronik-muhendisligi\/lisansustu-ders-ve-sinav-programi\/","og_locale":"tr_TR","og_type":"article","og_title":"Ders ve S\u0131nav Program\u0131","og_description":"\u0130stanbl Ticaret \u00dcniversitesi Mekatronik M\u00fchendisli\u011fi lisans, y\u00fcksek lisans ve doktora ders programlar\u0131 hakk\u0131nda bilgi.","og_url":"http:\/\/ticaret.edu.tr\/mekatronik-muhendisligi\/lisansustu-ders-ve-sinav-programi\/","og_site_name":"Mekatronik M\u00fchendisli\u011fi","article_publisher":"https:\/\/www.facebook.com\/ticaretedutr","article_modified_time":"2025-02-17T08:55:38+00:00","og_image":[{"width":1250,"height":833,"url":"http:\/\/ticaret.edu.tr\/mekatronik-muhendisligi\/wp-content\/uploads\/sites\/22\/2021\/11\/web_logo-01.jpg","type":"image\/jpeg"}],"twitter_card":"summary_large_image","twitter_site":"@ticaretedutr","twitter_misc":{"Tahmini okuma s\u00fcresi":"1 dakika"},"schema":{"@context":"https:\/\/schema.org","@graph":[{"@type":"WebPage","@id":"http:\/\/ticaret.edu.tr\/mekatronik-muhendisligi\/lisansustu-ders-ve-sinav-programi\/","url":"http:\/\/ticaret.edu.tr\/mekatronik-muhendisligi\/lisansustu-ders-ve-sinav-programi\/","name":"Ders ve S\u0131nav Program\u0131 - Mekatronik M\u00fchendisli\u011fi","isPartOf":{"@id":"http:\/\/ticaret.edu.tr\/mekatronik-muhendisligi\/en\/#website"},"datePublished":"2022-11-28T12:20:35+00:00","dateModified":"2025-02-17T08:55:38+00:00","description":"\u0130stanbl Ticaret \u00dcniversitesi Mekatronik M\u00fchendisli\u011fi lisans, y\u00fcksek lisans ve doktora ders programlar\u0131 hakk\u0131nda bilgi.","breadcrumb":{"@id":"http:\/\/ticaret.edu.tr\/mekatronik-muhendisligi\/lisansustu-ders-ve-sinav-programi\/#breadcrumb"},"inLanguage":"tr","potentialAction":[{"@type":"ReadAction","target":["http:\/\/ticaret.edu.tr\/mekatronik-muhendisligi\/lisansustu-ders-ve-sinav-programi\/"]}]},{"@type":"BreadcrumbList","@id":"http:\/\/ticaret.edu.tr\/mekatronik-muhendisligi\/lisansustu-ders-ve-sinav-programi\/#breadcrumb","itemListElement":[{"@type":"ListItem","position":1,"name":"Ana sayfa","item":"https:\/\/ticaret.edu.tr\/mekatronik-muhendisligi\/"},{"@type":"ListItem","position":2,"name":"Ders ve S\u0131nav Program\u0131"}]},{"@type":"WebSite","@id":"http:\/\/ticaret.edu.tr\/mekatronik-muhendisligi\/en\/#website","url":"http:\/\/ticaret.edu.tr\/mekatronik-muhendisligi\/en\/","name":"Mekatronik M\u00fchendisli\u011fi","description":"","potentialAction":[{"@type":"SearchAction","target":{"@type":"EntryPoint","urlTemplate":"http:\/\/ticaret.edu.tr\/mekatronik-muhendisligi\/en\/?s={search_term_string}"},"query-input":"required name=search_term_string"}],"inLanguage":"tr"}]}},"lang":"tr","translations":{"tr":592,"en":897},"pll_sync_post":[],"_links":{"self":[{"href":"http:\/\/ticaret.edu.tr\/mekatronik-muhendisligi\/wp-json\/wp\/v2\/pages\/592"}],"collection":[{"href":"http:\/\/ticaret.edu.tr\/mekatronik-muhendisligi\/wp-json\/wp\/v2\/pages"}],"about":[{"href":"http:\/\/ticaret.edu.tr\/mekatronik-muhendisligi\/wp-json\/wp\/v2\/types\/page"}],"author":[{"embeddable":true,"href":"http:\/\/ticaret.edu.tr\/mekatronik-muhendisligi\/wp-json\/wp\/v2\/users\/159"}],"replies":[{"embeddable":true,"href":"http:\/\/ticaret.edu.tr\/mekatronik-muhendisligi\/wp-json\/wp\/v2\/comments?post=592"}],"version-history":[{"count":3,"href":"http:\/\/ticaret.edu.tr\/mekatronik-muhendisligi\/wp-json\/wp\/v2\/pages\/592\/revisions"}],"predecessor-version":[{"id":1036,"href":"http:\/\/ticaret.edu.tr\/mekatronik-muhendisligi\/wp-json\/wp\/v2\/pages\/592\/revisions\/1036"}],"wp:attachment":[{"href":"http:\/\/ticaret.edu.tr\/mekatronik-muhendisligi\/wp-json\/wp\/v2\/media?parent=592"}],"curies":[{"name":"wp","href":"https:\/\/api.w.org\/{rel}","templated":true}]}}