{"id":597,"date":"2022-11-29T13:51:44","date_gmt":"2022-11-29T10:51:44","guid":{"rendered":"https:\/\/ticaret.edu.tr\/mekatronik-muhendisligi\/?page_id=597"},"modified":"2025-02-17T12:01:57","modified_gmt":"2025-02-17T09:01:57","slug":"laboratuvarlar","status":"publish","type":"page","link":"http:\/\/ticaret.edu.tr\/mekatronik-muhendisligi\/laboratuvarlar\/","title":{"rendered":"Laboratuvarlar"},"content":{"rendered":"<p>B\u00f6l\u00fcm\u00fcm\u00fczde a\u015fa\u011f\u0131daki laboratuvarlar \u00f6\u011frencilerimizin ve ara\u015ft\u0131rmac\u0131lar\u0131m\u0131z\u0131n ders ve proje \u00e7al\u0131\u015fmalar\u0131 dahilinde kullan\u0131lmaktad\u0131r.<\/p>\n<ol>\n<li>End\u00fcstriyel Otomasyon Laboratuvar\u0131 : &#8216;End\u00fcstriyel Otomasyon&#8217; dersleri dahilinde deney setleri kullanarak laboratuvar \u00e7al\u0131\u015fmalar\u0131 yap\u0131lmaktad\u0131r. Laboratuvarda &#8216;Temel Seviye Pn\u00f6matik&#8217;, &#8216;Temel Seviye Hidrolik&#8217;, &#8216;Mesafe ve Bas\u0131n\u00e7 Sens\u00f6rleri&#8217; gibi setler kullan\u0131lmaktad\u0131r.<\/li>\n<li>Nano Teknoloji Laboratuvar\u0131<\/li>\n<li>Mekatronik M\u00fchendisli\u011fi \u00d6zel Projeler Laboratuvar\u0131 1<\/li>\n<li>Mekatronik M\u00fchendisli\u011fi \u00d6zel Projeler Laboratuvar\u0131 2<\/li>\n<li>Lisans\u00fcst\u00fc Proje Laboratuvar\u0131<\/li>\n<li>Dene-Yap At\u00f6lyesi<\/li>\n<\/ol>\n","protected":false},"excerpt":{"rendered":"<p>B\u00f6l\u00fcm\u00fcm\u00fczde a\u015fa\u011f\u0131daki laboratuvarlar \u00f6\u011frencilerimizin ve ara\u015ft\u0131rmac\u0131lar\u0131m\u0131z\u0131n ders ve proje \u00e7al\u0131\u015fmalar\u0131 dahilinde kullan\u0131lmaktad\u0131r. End\u00fcstriyel Otomasyon Laboratuvar\u0131 : &#8216;End\u00fcstriyel Otomasyon&#8217; dersleri dahilinde deney setleri kullanarak laboratuvar \u00e7al\u0131\u015fmalar\u0131 yap\u0131lmaktad\u0131r. Laboratuvarda &#8216;Temel Seviye Pn\u00f6matik&#8217;, &#8216;Temel Seviye Hidrolik&#8217;, &#8216;Mesafe ve Bas\u0131n\u00e7 Sens\u00f6rleri&#8217; gibi setler kullan\u0131lmaktad\u0131r. Nano Teknoloji Laboratuvar\u0131 Mekatronik M\u00fchendisli\u011fi \u00d6zel Projeler Laboratuvar\u0131 1 Mekatronik M\u00fchendisli\u011fi \u00d6zel Projeler Laboratuvar\u0131 2 [&hellip;]<\/p>\n","protected":false},"author":159,"featured_media":0,"parent":0,"menu_order":0,"comment_status":"closed","ping_status":"closed","template":"genel_sayfa.php","meta":{"footnotes":""},"yoast_head":"<!-- This site is optimized with the Yoast SEO Premium plugin v22.1 (Yoast SEO v22.1) - https:\/\/yoast.com\/wordpress\/plugins\/seo\/ -->\n<title>Laboratuvarlar - Mekatronik M\u00fchendisli\u011fi<\/title>\n<meta name=\"robots\" content=\"index, follow, max-snippet:-1, max-image-preview:large, max-video-preview:-1\" \/>\n<link rel=\"canonical\" href=\"http:\/\/ticaret.edu.tr\/mekatronik-muhendisligi\/laboratuvarlar\/\" \/>\n<meta property=\"og:locale\" content=\"tr_TR\" \/>\n<meta property=\"og:type\" content=\"article\" \/>\n<meta property=\"og:title\" content=\"Laboratuvarlar\" \/>\n<meta property=\"og:description\" content=\"B\u00f6l\u00fcm\u00fcm\u00fczde a\u015fa\u011f\u0131daki laboratuvarlar \u00f6\u011frencilerimizin ve ara\u015ft\u0131rmac\u0131lar\u0131m\u0131z\u0131n ders ve proje \u00e7al\u0131\u015fmalar\u0131 dahilinde kullan\u0131lmaktad\u0131r. End\u00fcstriyel Otomasyon Laboratuvar\u0131 : &#8216;End\u00fcstriyel Otomasyon&#8217; dersleri dahilinde deney setleri kullanarak laboratuvar \u00e7al\u0131\u015fmalar\u0131 yap\u0131lmaktad\u0131r. Laboratuvarda &#8216;Temel Seviye Pn\u00f6matik&#8217;, &#8216;Temel Seviye Hidrolik&#8217;, &#8216;Mesafe ve Bas\u0131n\u00e7 Sens\u00f6rleri&#8217; gibi setler kullan\u0131lmaktad\u0131r. Nano Teknoloji Laboratuvar\u0131 Mekatronik M\u00fchendisli\u011fi \u00d6zel Projeler Laboratuvar\u0131 1 Mekatronik M\u00fchendisli\u011fi \u00d6zel Projeler Laboratuvar\u0131 2 [&hellip;]\" \/>\n<meta property=\"og:url\" content=\"http:\/\/ticaret.edu.tr\/mekatronik-muhendisligi\/laboratuvarlar\/\" \/>\n<meta property=\"og:site_name\" content=\"Mekatronik M\u00fchendisli\u011fi\" \/>\n<meta property=\"article:publisher\" content=\"https:\/\/www.facebook.com\/ticaretedutr\" \/>\n<meta property=\"article:modified_time\" content=\"2025-02-17T09:01:57+00:00\" \/>\n<meta property=\"og:image\" content=\"http:\/\/ticaret.edu.tr\/mekatronik-muhendisligi\/wp-content\/uploads\/sites\/22\/2021\/11\/web_logo-01.jpg\" \/>\n\t<meta property=\"og:image:width\" content=\"1250\" \/>\n\t<meta property=\"og:image:height\" content=\"833\" \/>\n\t<meta property=\"og:image:type\" content=\"image\/jpeg\" \/>\n<meta name=\"twitter:card\" content=\"summary_large_image\" \/>\n<meta name=\"twitter:site\" content=\"@ticaretedutr\" \/>\n<meta name=\"twitter:label1\" content=\"Tahmini okuma s\u00fcresi\" \/>\n\t<meta name=\"twitter:data1\" content=\"1 dakika\" \/>\n<script type=\"application\/ld+json\" class=\"yoast-schema-graph\">{\"@context\":\"https:\/\/schema.org\",\"@graph\":[{\"@type\":\"WebPage\",\"@id\":\"http:\/\/ticaret.edu.tr\/mekatronik-muhendisligi\/laboratuvarlar\/\",\"url\":\"http:\/\/ticaret.edu.tr\/mekatronik-muhendisligi\/laboratuvarlar\/\",\"name\":\"Laboratuvarlar - Mekatronik M\u00fchendisli\u011fi\",\"isPartOf\":{\"@id\":\"http:\/\/ticaret.edu.tr\/mekatronik-muhendisligi\/en\/#website\"},\"datePublished\":\"2022-11-29T10:51:44+00:00\",\"dateModified\":\"2025-02-17T09:01:57+00:00\",\"breadcrumb\":{\"@id\":\"http:\/\/ticaret.edu.tr\/mekatronik-muhendisligi\/laboratuvarlar\/#breadcrumb\"},\"inLanguage\":\"tr\",\"potentialAction\":[{\"@type\":\"ReadAction\",\"target\":[\"http:\/\/ticaret.edu.tr\/mekatronik-muhendisligi\/laboratuvarlar\/\"]}]},{\"@type\":\"BreadcrumbList\",\"@id\":\"http:\/\/ticaret.edu.tr\/mekatronik-muhendisligi\/laboratuvarlar\/#breadcrumb\",\"itemListElement\":[{\"@type\":\"ListItem\",\"position\":1,\"name\":\"Ana sayfa\",\"item\":\"https:\/\/ticaret.edu.tr\/mekatronik-muhendisligi\/\"},{\"@type\":\"ListItem\",\"position\":2,\"name\":\"Laboratuvarlar\"}]},{\"@type\":\"WebSite\",\"@id\":\"http:\/\/ticaret.edu.tr\/mekatronik-muhendisligi\/en\/#website\",\"url\":\"http:\/\/ticaret.edu.tr\/mekatronik-muhendisligi\/en\/\",\"name\":\"Mekatronik M\u00fchendisli\u011fi\",\"description\":\"\",\"potentialAction\":[{\"@type\":\"SearchAction\",\"target\":{\"@type\":\"EntryPoint\",\"urlTemplate\":\"http:\/\/ticaret.edu.tr\/mekatronik-muhendisligi\/en\/?s={search_term_string}\"},\"query-input\":\"required name=search_term_string\"}],\"inLanguage\":\"tr\"}]}<\/script>\n<!-- \/ Yoast SEO Premium plugin. -->","yoast_head_json":{"title":"Laboratuvarlar - Mekatronik M\u00fchendisli\u011fi","robots":{"index":"index","follow":"follow","max-snippet":"max-snippet:-1","max-image-preview":"max-image-preview:large","max-video-preview":"max-video-preview:-1"},"canonical":"http:\/\/ticaret.edu.tr\/mekatronik-muhendisligi\/laboratuvarlar\/","og_locale":"tr_TR","og_type":"article","og_title":"Laboratuvarlar","og_description":"B\u00f6l\u00fcm\u00fcm\u00fczde a\u015fa\u011f\u0131daki laboratuvarlar \u00f6\u011frencilerimizin ve ara\u015ft\u0131rmac\u0131lar\u0131m\u0131z\u0131n ders ve proje \u00e7al\u0131\u015fmalar\u0131 dahilinde kullan\u0131lmaktad\u0131r. End\u00fcstriyel Otomasyon Laboratuvar\u0131 : &#8216;End\u00fcstriyel Otomasyon&#8217; dersleri dahilinde deney setleri kullanarak laboratuvar \u00e7al\u0131\u015fmalar\u0131 yap\u0131lmaktad\u0131r. Laboratuvarda &#8216;Temel Seviye Pn\u00f6matik&#8217;, &#8216;Temel Seviye Hidrolik&#8217;, &#8216;Mesafe ve Bas\u0131n\u00e7 Sens\u00f6rleri&#8217; gibi setler kullan\u0131lmaktad\u0131r. Nano Teknoloji Laboratuvar\u0131 Mekatronik M\u00fchendisli\u011fi \u00d6zel Projeler Laboratuvar\u0131 1 Mekatronik M\u00fchendisli\u011fi \u00d6zel Projeler Laboratuvar\u0131 2 [&hellip;]","og_url":"http:\/\/ticaret.edu.tr\/mekatronik-muhendisligi\/laboratuvarlar\/","og_site_name":"Mekatronik M\u00fchendisli\u011fi","article_publisher":"https:\/\/www.facebook.com\/ticaretedutr","article_modified_time":"2025-02-17T09:01:57+00:00","og_image":[{"width":1250,"height":833,"url":"http:\/\/ticaret.edu.tr\/mekatronik-muhendisligi\/wp-content\/uploads\/sites\/22\/2021\/11\/web_logo-01.jpg","type":"image\/jpeg"}],"twitter_card":"summary_large_image","twitter_site":"@ticaretedutr","twitter_misc":{"Tahmini okuma s\u00fcresi":"1 dakika"},"schema":{"@context":"https:\/\/schema.org","@graph":[{"@type":"WebPage","@id":"http:\/\/ticaret.edu.tr\/mekatronik-muhendisligi\/laboratuvarlar\/","url":"http:\/\/ticaret.edu.tr\/mekatronik-muhendisligi\/laboratuvarlar\/","name":"Laboratuvarlar - Mekatronik M\u00fchendisli\u011fi","isPartOf":{"@id":"http:\/\/ticaret.edu.tr\/mekatronik-muhendisligi\/en\/#website"},"datePublished":"2022-11-29T10:51:44+00:00","dateModified":"2025-02-17T09:01:57+00:00","breadcrumb":{"@id":"http:\/\/ticaret.edu.tr\/mekatronik-muhendisligi\/laboratuvarlar\/#breadcrumb"},"inLanguage":"tr","potentialAction":[{"@type":"ReadAction","target":["http:\/\/ticaret.edu.tr\/mekatronik-muhendisligi\/laboratuvarlar\/"]}]},{"@type":"BreadcrumbList","@id":"http:\/\/ticaret.edu.tr\/mekatronik-muhendisligi\/laboratuvarlar\/#breadcrumb","itemListElement":[{"@type":"ListItem","position":1,"name":"Ana sayfa","item":"https:\/\/ticaret.edu.tr\/mekatronik-muhendisligi\/"},{"@type":"ListItem","position":2,"name":"Laboratuvarlar"}]},{"@type":"WebSite","@id":"http:\/\/ticaret.edu.tr\/mekatronik-muhendisligi\/en\/#website","url":"http:\/\/ticaret.edu.tr\/mekatronik-muhendisligi\/en\/","name":"Mekatronik M\u00fchendisli\u011fi","description":"","potentialAction":[{"@type":"SearchAction","target":{"@type":"EntryPoint","urlTemplate":"http:\/\/ticaret.edu.tr\/mekatronik-muhendisligi\/en\/?s={search_term_string}"},"query-input":"required name=search_term_string"}],"inLanguage":"tr"}]}},"lang":"tr","translations":{"tr":597,"en":916},"pll_sync_post":[],"_links":{"self":[{"href":"http:\/\/ticaret.edu.tr\/mekatronik-muhendisligi\/wp-json\/wp\/v2\/pages\/597"}],"collection":[{"href":"http:\/\/ticaret.edu.tr\/mekatronik-muhendisligi\/wp-json\/wp\/v2\/pages"}],"about":[{"href":"http:\/\/ticaret.edu.tr\/mekatronik-muhendisligi\/wp-json\/wp\/v2\/types\/page"}],"author":[{"embeddable":true,"href":"http:\/\/ticaret.edu.tr\/mekatronik-muhendisligi\/wp-json\/wp\/v2\/users\/159"}],"replies":[{"embeddable":true,"href":"http:\/\/ticaret.edu.tr\/mekatronik-muhendisligi\/wp-json\/wp\/v2\/comments?post=597"}],"version-history":[{"count":2,"href":"http:\/\/ticaret.edu.tr\/mekatronik-muhendisligi\/wp-json\/wp\/v2\/pages\/597\/revisions"}],"predecessor-version":[{"id":609,"href":"http:\/\/ticaret.edu.tr\/mekatronik-muhendisligi\/wp-json\/wp\/v2\/pages\/597\/revisions\/609"}],"wp:attachment":[{"href":"http:\/\/ticaret.edu.tr\/mekatronik-muhendisligi\/wp-json\/wp\/v2\/media?parent=597"}],"curies":[{"name":"wp","href":"https:\/\/api.w.org\/{rel}","templated":true}]}}