{"id":610,"date":"2022-11-29T13:43:31","date_gmt":"2022-11-29T10:43:31","guid":{"rendered":"https:\/\/ticaret.edu.tr\/mekatronik-muhendisligi\/?page_id=610"},"modified":"2025-02-17T12:06:04","modified_gmt":"2025-02-17T09:06:04","slug":"arastirma-alanlari","status":"publish","type":"page","link":"http:\/\/ticaret.edu.tr\/mekatronik-muhendisligi\/arastirma-alanlari\/","title":{"rendered":"Ara\u015ft\u0131rma Alanlar\u0131"},"content":{"rendered":"<p>Mekatronik M\u00fchendisli\u011fi b\u00f6l\u00fcm\u00fc ara\u015ft\u0131rma alanlar\u0131:<\/p>\n<ul>\n<li>Robotik Sistemler,<\/li>\n<li>Kontrol ,<\/li>\n<li>Elektronik,<\/li>\n<li>Mekatronik Sistem Tasar\u0131m\u0131 ,<\/li>\n<li>Biomekatronik Sistemler,<\/li>\n<li>Yapay Zeka-Makine \u00d6\u011frenmesi-Derin \u00d6\u011frenme,<\/li>\n<li>G\u00f6r\u00fcnt\u00fc-Sinyal \u0130\u015fleme ,<\/li>\n<li>Termodinamik,<\/li>\n<li>Ak\u0131\u015fkanlar Dinami\u011fi,<\/li>\n<li>Is\u0131 ve K\u00fctle Transferi,<\/li>\n<li>Dinamik ,<\/li>\n<li>Titre\u015fim \u015feklinde s\u0131ralanabilir.<\/li>\n<\/ul>\n","protected":false},"excerpt":{"rendered":"<p>Mekatronik M\u00fchendisli\u011fi b\u00f6l\u00fcm\u00fc ara\u015ft\u0131rma alanlar\u0131: Robotik Sistemler, Kontrol , Elektronik, Mekatronik Sistem Tasar\u0131m\u0131 , Biomekatronik Sistemler, Yapay Zeka-Makine \u00d6\u011frenmesi-Derin \u00d6\u011frenme, G\u00f6r\u00fcnt\u00fc-Sinyal \u0130\u015fleme , Termodinamik, Ak\u0131\u015fkanlar Dinami\u011fi, Is\u0131 ve K\u00fctle Transferi, Dinamik , Titre\u015fim \u015feklinde s\u0131ralanabilir.<\/p>\n","protected":false},"author":159,"featured_media":0,"parent":0,"menu_order":0,"comment_status":"closed","ping_status":"closed","template":"genel_sayfa.php","meta":{"footnotes":""},"yoast_head":"<!-- This site is optimized with the Yoast SEO Premium plugin v22.1 (Yoast SEO v22.1) - https:\/\/yoast.com\/wordpress\/plugins\/seo\/ -->\n<title>Ara\u015ft\u0131rma Alanlar\u0131 - Mekatronik M\u00fchendisli\u011fi<\/title>\n<meta name=\"description\" content=\"Mekatronik M\u00fchendisli\u011fi B\u00f6l\u00fcm\u00fc ara\u015ft\u0131rma ve \u00e7al\u0131\u015fma alanlar\u0131 nelerdir? Mekatronik M\u00fchendisleri mezuniyet sonras\u0131 ne yapar?\" \/>\n<meta name=\"robots\" content=\"index, follow, max-snippet:-1, max-image-preview:large, max-video-preview:-1\" \/>\n<link rel=\"canonical\" href=\"http:\/\/ticaret.edu.tr\/mekatronik-muhendisligi\/arastirma-alanlari\/\" \/>\n<meta property=\"og:locale\" content=\"tr_TR\" \/>\n<meta property=\"og:type\" content=\"article\" \/>\n<meta property=\"og:title\" content=\"Ara\u015ft\u0131rma Alanlar\u0131\" \/>\n<meta property=\"og:description\" content=\"Mekatronik M\u00fchendisli\u011fi B\u00f6l\u00fcm\u00fc ara\u015ft\u0131rma ve \u00e7al\u0131\u015fma alanlar\u0131 nelerdir? Mekatronik M\u00fchendisleri mezuniyet sonras\u0131 ne yapar?\" \/>\n<meta property=\"og:url\" content=\"http:\/\/ticaret.edu.tr\/mekatronik-muhendisligi\/arastirma-alanlari\/\" \/>\n<meta property=\"og:site_name\" content=\"Mekatronik M\u00fchendisli\u011fi\" \/>\n<meta property=\"article:publisher\" content=\"https:\/\/www.facebook.com\/ticaretedutr\" \/>\n<meta property=\"article:modified_time\" content=\"2025-02-17T09:06:04+00:00\" \/>\n<meta property=\"og:image\" content=\"http:\/\/ticaret.edu.tr\/mekatronik-muhendisligi\/wp-content\/uploads\/sites\/22\/2021\/11\/web_logo-01.jpg\" \/>\n\t<meta property=\"og:image:width\" content=\"1250\" \/>\n\t<meta property=\"og:image:height\" content=\"833\" \/>\n\t<meta property=\"og:image:type\" content=\"image\/jpeg\" \/>\n<meta name=\"twitter:card\" content=\"summary_large_image\" \/>\n<meta name=\"twitter:site\" content=\"@ticaretedutr\" \/>\n<meta name=\"twitter:label1\" content=\"Tahmini okuma s\u00fcresi\" \/>\n\t<meta name=\"twitter:data1\" content=\"1 dakika\" \/>\n<script type=\"application\/ld+json\" class=\"yoast-schema-graph\">{\"@context\":\"https:\/\/schema.org\",\"@graph\":[{\"@type\":\"WebPage\",\"@id\":\"http:\/\/ticaret.edu.tr\/mekatronik-muhendisligi\/arastirma-alanlari\/\",\"url\":\"http:\/\/ticaret.edu.tr\/mekatronik-muhendisligi\/arastirma-alanlari\/\",\"name\":\"Ara\u015ft\u0131rma Alanlar\u0131 - Mekatronik M\u00fchendisli\u011fi\",\"isPartOf\":{\"@id\":\"http:\/\/ticaret.edu.tr\/mekatronik-muhendisligi\/en\/#website\"},\"datePublished\":\"2022-11-29T10:43:31+00:00\",\"dateModified\":\"2025-02-17T09:06:04+00:00\",\"description\":\"Mekatronik M\u00fchendisli\u011fi B\u00f6l\u00fcm\u00fc ara\u015ft\u0131rma ve \u00e7al\u0131\u015fma alanlar\u0131 nelerdir? Mekatronik M\u00fchendisleri mezuniyet sonras\u0131 ne yapar?\",\"breadcrumb\":{\"@id\":\"http:\/\/ticaret.edu.tr\/mekatronik-muhendisligi\/arastirma-alanlari\/#breadcrumb\"},\"inLanguage\":\"tr\",\"potentialAction\":[{\"@type\":\"ReadAction\",\"target\":[\"http:\/\/ticaret.edu.tr\/mekatronik-muhendisligi\/arastirma-alanlari\/\"]}]},{\"@type\":\"BreadcrumbList\",\"@id\":\"http:\/\/ticaret.edu.tr\/mekatronik-muhendisligi\/arastirma-alanlari\/#breadcrumb\",\"itemListElement\":[{\"@type\":\"ListItem\",\"position\":1,\"name\":\"Ana sayfa\",\"item\":\"https:\/\/ticaret.edu.tr\/mekatronik-muhendisligi\/\"},{\"@type\":\"ListItem\",\"position\":2,\"name\":\"Ara\u015ft\u0131rma Alanlar\u0131\"}]},{\"@type\":\"WebSite\",\"@id\":\"http:\/\/ticaret.edu.tr\/mekatronik-muhendisligi\/en\/#website\",\"url\":\"http:\/\/ticaret.edu.tr\/mekatronik-muhendisligi\/en\/\",\"name\":\"Mekatronik M\u00fchendisli\u011fi\",\"description\":\"\",\"potentialAction\":[{\"@type\":\"SearchAction\",\"target\":{\"@type\":\"EntryPoint\",\"urlTemplate\":\"http:\/\/ticaret.edu.tr\/mekatronik-muhendisligi\/en\/?s={search_term_string}\"},\"query-input\":\"required name=search_term_string\"}],\"inLanguage\":\"tr\"}]}<\/script>\n<!-- \/ Yoast SEO Premium plugin. -->","yoast_head_json":{"title":"Ara\u015ft\u0131rma Alanlar\u0131 - Mekatronik M\u00fchendisli\u011fi","description":"Mekatronik M\u00fchendisli\u011fi B\u00f6l\u00fcm\u00fc ara\u015ft\u0131rma ve \u00e7al\u0131\u015fma alanlar\u0131 nelerdir? Mekatronik M\u00fchendisleri mezuniyet sonras\u0131 ne yapar?","robots":{"index":"index","follow":"follow","max-snippet":"max-snippet:-1","max-image-preview":"max-image-preview:large","max-video-preview":"max-video-preview:-1"},"canonical":"http:\/\/ticaret.edu.tr\/mekatronik-muhendisligi\/arastirma-alanlari\/","og_locale":"tr_TR","og_type":"article","og_title":"Ara\u015ft\u0131rma Alanlar\u0131","og_description":"Mekatronik M\u00fchendisli\u011fi B\u00f6l\u00fcm\u00fc ara\u015ft\u0131rma ve \u00e7al\u0131\u015fma alanlar\u0131 nelerdir? Mekatronik M\u00fchendisleri mezuniyet sonras\u0131 ne yapar?","og_url":"http:\/\/ticaret.edu.tr\/mekatronik-muhendisligi\/arastirma-alanlari\/","og_site_name":"Mekatronik M\u00fchendisli\u011fi","article_publisher":"https:\/\/www.facebook.com\/ticaretedutr","article_modified_time":"2025-02-17T09:06:04+00:00","og_image":[{"width":1250,"height":833,"url":"http:\/\/ticaret.edu.tr\/mekatronik-muhendisligi\/wp-content\/uploads\/sites\/22\/2021\/11\/web_logo-01.jpg","type":"image\/jpeg"}],"twitter_card":"summary_large_image","twitter_site":"@ticaretedutr","twitter_misc":{"Tahmini okuma s\u00fcresi":"1 dakika"},"schema":{"@context":"https:\/\/schema.org","@graph":[{"@type":"WebPage","@id":"http:\/\/ticaret.edu.tr\/mekatronik-muhendisligi\/arastirma-alanlari\/","url":"http:\/\/ticaret.edu.tr\/mekatronik-muhendisligi\/arastirma-alanlari\/","name":"Ara\u015ft\u0131rma Alanlar\u0131 - Mekatronik M\u00fchendisli\u011fi","isPartOf":{"@id":"http:\/\/ticaret.edu.tr\/mekatronik-muhendisligi\/en\/#website"},"datePublished":"2022-11-29T10:43:31+00:00","dateModified":"2025-02-17T09:06:04+00:00","description":"Mekatronik M\u00fchendisli\u011fi B\u00f6l\u00fcm\u00fc ara\u015ft\u0131rma ve \u00e7al\u0131\u015fma alanlar\u0131 nelerdir? Mekatronik M\u00fchendisleri mezuniyet sonras\u0131 ne yapar?","breadcrumb":{"@id":"http:\/\/ticaret.edu.tr\/mekatronik-muhendisligi\/arastirma-alanlari\/#breadcrumb"},"inLanguage":"tr","potentialAction":[{"@type":"ReadAction","target":["http:\/\/ticaret.edu.tr\/mekatronik-muhendisligi\/arastirma-alanlari\/"]}]},{"@type":"BreadcrumbList","@id":"http:\/\/ticaret.edu.tr\/mekatronik-muhendisligi\/arastirma-alanlari\/#breadcrumb","itemListElement":[{"@type":"ListItem","position":1,"name":"Ana sayfa","item":"https:\/\/ticaret.edu.tr\/mekatronik-muhendisligi\/"},{"@type":"ListItem","position":2,"name":"Ara\u015ft\u0131rma Alanlar\u0131"}]},{"@type":"WebSite","@id":"http:\/\/ticaret.edu.tr\/mekatronik-muhendisligi\/en\/#website","url":"http:\/\/ticaret.edu.tr\/mekatronik-muhendisligi\/en\/","name":"Mekatronik M\u00fchendisli\u011fi","description":"","potentialAction":[{"@type":"SearchAction","target":{"@type":"EntryPoint","urlTemplate":"http:\/\/ticaret.edu.tr\/mekatronik-muhendisligi\/en\/?s={search_term_string}"},"query-input":"required name=search_term_string"}],"inLanguage":"tr"}]}},"lang":"tr","translations":{"tr":610,"en":920},"pll_sync_post":[],"_links":{"self":[{"href":"http:\/\/ticaret.edu.tr\/mekatronik-muhendisligi\/wp-json\/wp\/v2\/pages\/610"}],"collection":[{"href":"http:\/\/ticaret.edu.tr\/mekatronik-muhendisligi\/wp-json\/wp\/v2\/pages"}],"about":[{"href":"http:\/\/ticaret.edu.tr\/mekatronik-muhendisligi\/wp-json\/wp\/v2\/types\/page"}],"author":[{"embeddable":true,"href":"http:\/\/ticaret.edu.tr\/mekatronik-muhendisligi\/wp-json\/wp\/v2\/users\/159"}],"replies":[{"embeddable":true,"href":"http:\/\/ticaret.edu.tr\/mekatronik-muhendisligi\/wp-json\/wp\/v2\/comments?post=610"}],"version-history":[{"count":1,"href":"http:\/\/ticaret.edu.tr\/mekatronik-muhendisligi\/wp-json\/wp\/v2\/pages\/610\/revisions"}],"predecessor-version":[{"id":611,"href":"http:\/\/ticaret.edu.tr\/mekatronik-muhendisligi\/wp-json\/wp\/v2\/pages\/610\/revisions\/611"}],"wp:attachment":[{"href":"http:\/\/ticaret.edu.tr\/mekatronik-muhendisligi\/wp-json\/wp\/v2\/media?parent=610"}],"curies":[{"name":"wp","href":"https:\/\/api.w.org\/{rel}","templated":true}]}}