{"id":612,"date":"2022-11-29T13:44:37","date_gmt":"2022-11-29T10:44:37","guid":{"rendered":"https:\/\/ticaret.edu.tr\/mekatronik-muhendisligi\/?page_id=612"},"modified":"2025-04-08T08:54:09","modified_gmt":"2025-04-08T05:54:09","slug":"yayinlar","status":"publish","type":"page","link":"http:\/\/ticaret.edu.tr\/mekatronik-muhendisligi\/yayinlar\/","title":{"rendered":"Yay\u0131nlar"},"content":{"rendered":"<p>&nbsp;<\/p>\n<p>&nbsp;<\/p>\n<table width=\"1095\">\n<tbody>\n<tr>\n<td width=\"1095\">\u00d6Z, A. H., KALYON, M., (2021), ALTITUDE-HOLD FLIGHT CONTROL SYSTEM DESIGN FOR LONGITUDINAL MOTION, \u0130stanbul Ticaret \u00dcniversitesi Fen Bilimleri Dergisi, 20(39), 19-34<\/td>\n<\/tr>\n<tr>\n<td width=\"1095\">\u015eAH\u0130N, M., KALYON, M., (2021), ESTIMATING DOMINANT PARAMETERS OF AIRCRAFT LINEAR DYNAMICAL MODEL VIA LEAST SQUARE METHOD, \u0130stanbul Ticaret \u00dcniversitesi Fen Bilimleri Dergisi, 20(39), 35-56<\/td>\n<\/tr>\n<tr>\n<td width=\"1095\">KALYON, M., ALNASSAR, Y. N., PAKDEM\u0130RL\u0130, M., (2007), Stability analysis of rotating blade vibration due to torsional excitation, JOURNAL OF VIBRATION AND CONTROL, 13(9-10), 0-0<\/td>\n<\/tr>\n<tr>\n<td width=\"1095\">KALYON, M., Y\u0130LBAS, B. S., (2006), An approach for analytical solution pertinent to lattice temperature variation due to laser short-pulse heating, HEAT AND MASS TRANSFER, 42(12), 1-0<\/td>\n<\/tr>\n<tr>\n<td width=\"1095\">KALYON, M., Y\u0130LBAS, B. S., (2006), Analytical approach for entropy generation during a laser-pulse heating process, AICHE JOURNAL, 52(5), 0-0<\/td>\n<\/tr>\n<tr>\n<td width=\"1095\">KALYON, M., Y\u0130LBAS, B. S., (2006), Repetitive laser pulse heating analysis: Pulse parameter variation effects on closed form solution, APPLIED SURFACE SCIENCE, 252(6), 0-0<\/td>\n<\/tr>\n<tr>\n<td width=\"1095\">Y\u0130LBAS, B. S., KALYON, M., (2006), Analytical solution for multilayer assembly including heating and cooling cycles with laser pulse parameter variation, OPTICS AND LASERS IN ENGINEERING, 44(11), 0-0<\/td>\n<\/tr>\n<tr>\n<td width=\"1095\">M, K., (2005), Maintaining uniform surface temperature along pipes by insulation, ENERGY, 30(5), 0-0<\/td>\n<\/tr>\n<tr>\n<td width=\"1095\">A Z, S., M, K., (2004), The critical radius of insulation in thermal radiation environment, HEAT AND MASS TRANSFER, 40(5), 0-0<\/td>\n<\/tr>\n<tr>\n<td width=\"1095\">D A, A. O., KALYON, M., (2004), Thermoeconomic optimization of vapor-compression refrigeration systems, INTERNATIONAL COMMUNICATIONS IN HEAT AND MASS TRANSFER, 40(5), 0-0<\/td>\n<\/tr>\n<tr>\n<td width=\"1095\">Y\u0130LBAS, B. S., AL AQEEL\u0130, N., KALYON, M., (2004), Laser induced thermal stresses in solids: Exponentially time decaying pulse case, LASERS IN ENGINEERING, 14(1-2), 0-0<\/td>\n<\/tr>\n<tr>\n<td width=\"1095\">Y\u0130LBAS, B. S., KALYON, M., (2004), Formulation of laser pulse heating: A closed form solution including heating and cooling cycles with pulse parameter variation, LASERS IN ENGINEERING, 14(3-4), 0-0<\/td>\n<\/tr>\n<tr>\n<td width=\"1095\">Y\u0130LBAS, B. S., KALYON, M., (2003), Laser pulse heating: a formulation of desired temperature at the surface, OPTICS AND LASERS IN ENGINEERING, 39(1), 0-0<\/td>\n<\/tr>\n<tr>\n<td width=\"1095\">KALYON, M., (2002), Design of continuous time controllers having almost minimum time response, JOURNAL OF DYNAMIC SYSTEMS MEASUREMENT AND CONTROL-TRANSACTIONS OF THE ASME, 124(2), 0-0<\/td>\n<\/tr>\n<tr>\n<td width=\"1095\">KALYON, M., SAH\u0130N, A. Z., (2002), Application of optimal control theory in pipe insulation, NUMERICAL HEAT TRANSFER PART A-APPLICATIONS, 41(4), 0-0<\/td>\n<\/tr>\n<tr>\n<td width=\"1095\">KALYON, M., Y\u0130LBAS, B. S., (2002), Closed form solution for exponentially decaying laser pulse heating: Evaporation at the surface, JAPANESE JOURNAL OF APPLIED PHYSICS PART 1-REGULAR PAPERS SHORT NOTES &amp; REVIEW PAPERS, 41(6A), 0-0<\/td>\n<\/tr>\n<tr>\n<td width=\"1095\">Y\u0130LBAS, B. S., KALYON, M., (2002), Analytical solution for pulsed laser heating process: convective boundary condition, INTERNATIONAL JOURNAL OF HEAT AND MASS TRANSFER, 45(7), 0-0<\/td>\n<\/tr>\n<tr>\n<td width=\"1095\">Y\u0130LBAS, B. S., KALYON, M., (2002), Formulation of surface temperature for laser evaporative pulse heating: the time exponentially decaying pulse case, PROCEEDINGS OF THE INSTITUTION OF MECHANICAL ENGINEERS PART C-JOURNAL OF MECHANICAL ENGINEERING SCIENCE, 216(3), 0-0<\/td>\n<\/tr>\n<tr>\n<td width=\"1095\">Y\u0130LBAS, B. S., KALYON, M., (2002), Parametric variation of the maximum surface temperature during laser heating with convective boundary conditions, PROCEEDINGS OF THE INSTITUTION OF MECHANICAL ENGINEERS PART C-JOURNAL OF MECHANICAL ENGINEERING SCIENCE, 216(6), 0-0<\/td>\n<\/tr>\n<tr>\n<td width=\"1095\">Y\u0130LBAS, B. S., KALYON, M., SHUJA, M., (2002), Parametric variation analysis on time corresponding to initiation and ending of evaporation during laser heating, INTERNATIONAL COMMUNICATIONS IN HEAT AND MASS TRANSFER, 29(2), 0-0<\/td>\n<\/tr>\n<tr>\n<td width=\"1095\">KALYON, M., Y\u0130LBAS, B. S., (2001), Analytical solution for laser evaporative heating process: time exponentially decaying pulse case, JOURNAL OF PHYSICS D-APPLIED PHYSICS, 34(22), 0-0<\/td>\n<\/tr>\n<tr>\n<td width=\"1095\">KALYON, M., Y\u0130LBAS, B. S., (2001), Analytical solution for thermal stresses during the laser pulse heating process, PROCEEDINGS OF THE INSTITUTION OF MECHANICAL ENGINEERS PART C-JOURNAL OF MECHANICAL ENGINEERING SCIENCE, 215(12), 0-0<\/td>\n<\/tr>\n<tr>\n<td width=\"1095\">KALYON, M., Y\u0130LBAS, B. S., (2001), Exact solution for time exponentially varying pulsed laser heating: convective boundary condition case, PROCEEDINGS OF THE INSTITUTION OF MECHANICAL ENGINEERS PART C-JOURNAL OF MECHANICAL ENGINEERING SCIENCE, 215(5), 0-0<\/td>\n<\/tr>\n<tr>\n<td width=\"1095\">Y\u0130LBAS, B. S., HYDER, S. J., KALYON, M., (2001), Laser shortpulse heating: Determination of lagging time due to different pulse parameters, INTERNATIONAL COMMUNICATIONS IN HEAT AND MASS TRANSFER, 28(6), 0-0<\/td>\n<\/tr>\n<tr>\n<td width=\"1095\">Y\u0130LBAS, B. S., KALYON, M., (2001), Repetitive laser pulse heating with a convective boundary condition at the surface, JOURNAL OF PHYSICS D-APPLIED PHYSICS, 34(2), 0-0<\/td>\n<\/tr>\n<tr>\n<td width=\"1095\">KALYON, M., (1997), Continuous proximate time-optimal control of an aerodynamically unstable rocket, JOURNAL OF GUIDANCE CONTROL AND DYNAMICS, 20(5), 0-0<\/td>\n<\/tr>\n<tr>\n<td width=\"1095\">OZP\u0130NAR, A., (2022), Dinamik T\u00fcketici Talep Y\u00f6netimi Yapabilen Blokzincir\/Kripto Para Tabanl\u0131 Elektrik Piyasas\u0131 \u0130\u015fletme Modeli, Avrupa Bilim ve Teknoloji Dergisi, 1(1), 434-441<\/td>\n<\/tr>\n<tr>\n<td width=\"1095\">OZP\u0130NAR, S., OZP\u0130NAR, A., (2021), Halkla \u0130li\u015fkiler Ajanslar\u0131 i\u00e7in Bulut Tabanl\u0131 G\u00fcvenli \u00c7ok Tarafl\u0131 Hesaplama ve \u0130\u015fbirli\u011fi Servisi &#8211; SMPCCaaS, Avrupa Bilim ve Teknoloji Dergisi, 1(21), 783-790<\/td>\n<\/tr>\n<tr>\n<td width=\"1095\">TASDELEN, A., OZP\u0130NAR, A., (2020), The Impacts of Mental and Physical Fatigue of Employees on the Perception Level and the Risk of Accident, Avrupa Bilim ve Teknoloji Dergisi, 1(1), 195-205<\/td>\n<\/tr>\n<tr>\n<td width=\"1095\">\u00d6ZPINAR, A., YAVUZ, E., (2011), E-Commerce Training with Virtual Commerce Simulation, International Journal of E-Adoption (IJEA), 3(2), 20-26<\/td>\n<\/tr>\n<tr>\n<td width=\"1095\">OZ\u0130L, E., UGURSAL, I., OZP\u0130NAR, A., AKBULUT, U., (2008), Renewable energy and environmental awareness and opinions: A survey of university students in Canada, Romania, and Turkey, International Journal of Green Energy, 3(5), 174-188<\/td>\n<\/tr>\n<tr>\n<td width=\"1095\">\u00d6Z\u0130L, E., \u00d6ZPINAR, A., (2008), Impact of grid management on wind energy in Turkey a case study &#8211; The Marmara region, WSEAS Transactions on Environment and Development, 4(5), 461-468<\/td>\n<\/tr>\n<tr>\n<td width=\"1095\">DEM\u0130RHAN, M., \u00d6ZDAMAR, L., \u00d6ZPINAR, A., (2003), Performance evaluation of spatial interpolation methods in the presence of noise , INTERNATIONAL JOURNAL OF REMOTE SENSING, 24(6), 1237-1258<\/td>\n<\/tr>\n<tr>\n<td width=\"1095\">DEM\u0130RHAN, M., \u00d6ZDAMAR, L., \u00d6ZPINAR, A., KILAN\u00c7, B., (2000), A fuzzy areal assessment approach for potentially contaminated sites , COMPUTERS &amp; GEOSCIENCES, 26(3), 309-318<\/td>\n<\/tr>\n<tr>\n<td width=\"1095\">DEM\u0130RHAN, M., \u00d6ZDAMAR, L., OZP\u0130NAR, A., (1999), A comparison of spatial interpolation methods and a fuzzy evaluation scheme in environmental site characterization, Computers, Environment and Urban Systems, 23(5), 399-422<\/td>\n<\/tr>\n<tr>\n<td width=\"1095\">CEYLAN, M., YILMAZ, E. B., (2022), Fabrication of Polycaprolactone -Silica Aerogel Nanofibers via Electrospinning Method, Journal of Nano Research, 73(3), 161-174<\/td>\n<\/tr>\n<tr>\n<td width=\"1095\">CEYLAN, M., M\u0130SAK, H., STRONG, N., YANG, S. Y., ASMATULU, R., (2021), Reduced toxicity of protein\/magnetic targeted drug delivery system for improved skin cancer treatment in mice model, JOURNAL OF MAGNETISM AND MAGNETIC MATERIALS, 539(539), 0-0<\/td>\n<\/tr>\n<tr>\n<td width=\"1095\">CEYLAN, M., TOPCU, \u0130., (2020), Wear behavior of irregular shape Ti6Al4V powder reinforced with carbon nanotubes, Journal of Ceramic Processing Research, 21(5), 539-546<\/td>\n<\/tr>\n<tr>\n<td width=\"1095\">CEYLAN, M., YANG, S. Y., ASMATULU, R., (2020), EFFECTS OF GENTAMICIN LOADED PCL NANOFIBERS TO CELL VIABILITY AND RELEASE RATE OF PLASMID DNA, Eski\u015fehir Teknik \u00dcniversitesi Bilim ve Teknoloji Dergisi B &#8211; Teorik Bilimler, 8(2), 293-302<\/td>\n<\/tr>\n<tr>\n<td width=\"1095\">TOPCU, \u0130., CEYLAN, M., YILMAZ, E. B., (2020), Experimental investigation on mechanical properties of Multi Wall Carbon Nanotubes (MWCNT) reinforced aluminium metal matrix composites, Journal of Ceramic Processing Research, 21(5), 596-601<\/td>\n<\/tr>\n<tr>\n<td width=\"1095\">YILMAZ, E. B., CEYLAN, M., (2020), SYNTHESIS AND CHARACTERIZATION OF POLYCAPROLACTONE NANOCOMPOSITE FIBER WITH TITANIUM DIOXIDE ADDITIVES, Eski\u015fehir Teknik \u00dcniversitesi Bilim ve Teknoloji Dergisi B &#8211; Teorik Bilimler, 8(2), 257-265<\/td>\n<\/tr>\n<tr>\n<td width=\"1095\">CEYLAN, M., TEPEKIRAN, B. N., (2018), SYNTHESIS AND CHARACTERIZATION OF PLATINUM NANOCOMPOSITES, Anadolu University of Sciences &amp; Technology &#8211; B: Theoretical Sciences, 6(2), 250-256<\/td>\n<\/tr>\n<tr>\n<td width=\"1095\">CEYLAN, M., YANG, S. Y., ASMATULU, R., (2017), Effects of gentamicin-loaded PCL nanofibers on growth of Gram positive and Gram negative bacteria, International Journal of Applied Microbiology and Biotechnology Research, 5(5), 40-51<\/td>\n<\/tr>\n<tr>\n<td width=\"1095\">KHAN, W. S., CEYLAN, M., JABBARN\u0130A, A., SAEEDN\u0130A, L., ASMATULU, R., (2017), CHEMICAL AND THERMAL INVESTIGATIONS OF ELECTROSPUN POLYACRYLONITRILE NANOFIBERS INCORPORATED WITH VARIOUS NANOSCALE INCLUSIONS, Journal of Thermal Engineering, 3(4), 1375-1390<\/td>\n<\/tr>\n<tr>\n<td width=\"1095\">J\u0130ANG, J., CEYLAN, M., ZHENG, Y., YAO, L., ASMATULU, R., YANG, S. Y., (2016), Poly-e-caprolactone electrospun nanofiber mesh as a gene delivery tool, AIMS Bioengineering, 3(4), 528-537<\/td>\n<\/tr>\n<tr>\n<td width=\"1095\">ASMATULU, R., KHAN, W. S., REDDY, R. J., CEYLAN, M., (2015), Synthesis and Analysis of Injection-Molded Nanocomposites of Recycled High-Density Polyethylene Incorporated With Graphene Nanoflakes, POLYMER COMPOSITES, 36(9), 1565-1573<\/td>\n<\/tr>\n<tr>\n<td width=\"1095\">ASMATULU, R., PATR\u0130CK, S., CEYLAN, M., AHMED, I., YANG, S. Y., NURAJE, N., (2015), Antibacterial Polycaprolactone\/Natural Hydroxyapatite Nanocomposite Fibers for Bone Scaffoldings, Journal of Bionanoscience, 9(2), 120-126<\/td>\n<\/tr>\n<tr>\n<td width=\"1095\">KHAN, W. S., ASMATULU, R., RODR\u0130GUEZ, V., CEYLAN, M., (2014), Enhancing thermal and ionic conductivities of electrospun PAN and PMMA nanofibers by graphene nanoflake additions for battery-separator applications, INTERNATIONAL JOURNAL OF ENERGY RESEARCH, 38(15), 2044-2051<\/td>\n<\/tr>\n<tr>\n<td width=\"1095\">L\u0130, Y., CEYLAN, M., SHRESTHA, B., WANG, H., LU, Q. R., ASMATULU, R., YAO, L., (2014), Nanofibers Support Oligodendrocyte Precursor Cell Growth and Function as a Neuron-Free Model for Myelination Study, BIOMACROMOLECULES, 15(1), 319-326<\/td>\n<\/tr>\n<tr>\n<td width=\"1095\">KHAN, W. S., ASMATULU, R., CEYLAN, M., JABBARN\u0130A, A., (2013), Recent Progress on Conventional and Non-Conventional Electrospinning Processes, FIBERS AND POLYMERS, 14(8), 1235-1247<\/td>\n<\/tr>\n<tr>\n<td width=\"1095\">NURAJE, N., KHAN, W. S., LE\u0130, Y., CEYLAN, M., ASMATULU, R., (2013), Superhydrophobic electrospun nanofibers, Journal of Materials Chemistry A, 1(1), 1929-1946<\/td>\n<\/tr>\n<tr>\n<td width=\"1095\">Tabak, A. F., (2025), Multi-Scale Robotics: A Numerical Investigation on Mobile Micro-Tweezers for Micro-Manipulation with Extreme Requirements, Micromachines, 16(1), 40. https:\/\/doi.org\/10.3390\/mi16010040<\/td>\n<\/tr>\n<tr>\n<td width=\"1095\">Tabak, A. F., (2018), Hydrodynamic Impedance of Bacteria and Bacteria\u2010Inspired Micro\u2010Swimmers: A new strategy to predict power consumption of swimming Micro\u2010Robots for Real\u2010Time applications, Advanced Theory and Simulations, 1(4), 1700013. https:\/\/doi.org\/10.1002\/adts.201700013<\/td>\n<\/tr>\n<tr>\n<td width=\"1095\">Erman, A. G., &amp; Tabak, A. F., (2014), Resistive force theory based modeling and simulation of surface contact for swimming helical micro robots with channel flow, IEEE\/ASME International Conference on Advanced Intelligent Mechatronics, 390\u2013395. https:\/\/doi.org\/10.1109\/aim.2014.6878110<\/td>\n<\/tr>\n<tr>\n<td width=\"1095\">Tabak, A., &amp; Yesilyurt, S., (2014), Computationally-validated surrogate models for optimal geometric design of bio-inspired swimming robots: Helical swimmers, Computers &amp; Fluids, 99, 190\u2013198. https:\/\/doi.org\/10.1016\/j.compfluid.2014.04.033<\/td>\n<\/tr>\n<tr>\n<td width=\"1095\">Tabak, A. F., &amp; Yesilyurt, S., (2013), Improved kinematic models for Two-Link Helical Micro\/Nanoswimmers, IEEE Transactions on Robotics, 30(1), 14\u201325. https:\/\/doi.org\/10.1109\/tro.2013.2281551<\/td>\n<\/tr>\n<tr>\n<td width=\"1095\">Tabak, A. F., &amp; Yesilyurt, S., (2013), In-channel experiments on vertical swimming with bacteria-like robots, 2011 IEEE\/RSJ International Conference on Intelligent Robots and Systems, 4596\u20134601. https:\/\/doi.org\/10.1109\/iros.2013.6697017<\/td>\n<\/tr>\n<tr>\n<td width=\"1095\">Tabak, A. F., &amp; Yesilyurt, S., (2013), Experimental validation of a CFD-based resistive force coefficient set for rotating helical tails in cylindrical channels, WIT Transactions on the Built Environment, 1, 201\u2013213. https:\/\/doi.org\/10.2495\/fsi130181<\/td>\n<\/tr>\n<\/tbody>\n<\/table>\n","protected":false},"excerpt":{"rendered":"<p>&nbsp; &nbsp; \u00d6Z, A. H., KALYON, M., (2021), ALTITUDE-HOLD FLIGHT CONTROL SYSTEM DESIGN FOR LONGITUDINAL MOTION, \u0130stanbul Ticaret \u00dcniversitesi Fen Bilimleri Dergisi, 20(39), 19-34 \u015eAH\u0130N, M., KALYON, M., (2021), ESTIMATING DOMINANT PARAMETERS OF AIRCRAFT LINEAR DYNAMICAL MODEL VIA LEAST SQUARE METHOD, \u0130stanbul Ticaret \u00dcniversitesi Fen Bilimleri Dergisi, 20(39), 35-56 KALYON, M., ALNASSAR, Y. N., PAKDEM\u0130RL\u0130, [&hellip;]<\/p>\n","protected":false},"author":159,"featured_media":0,"parent":0,"menu_order":0,"comment_status":"closed","ping_status":"closed","template":"genel_sayfa.php","meta":{"footnotes":""},"yoast_head":"<!-- This site is optimized with the Yoast SEO Premium plugin v22.1 (Yoast SEO v22.1) - https:\/\/yoast.com\/wordpress\/plugins\/seo\/ -->\n<title>Yay\u0131nlar - Mekatronik M\u00fchendisli\u011fi<\/title>\n<meta name=\"description\" content=\"\u0130stanbul Ticaret \u00dcniversitesi Mekatronik M\u00fchendisli\u011fi B\u00f6l\u00fcm\u00fcm\u00fczde \u00e7\u0131kan yay\u0131nlar hakk\u0131nda genel bilgi.\" \/>\n<meta name=\"robots\" content=\"index, follow, max-snippet:-1, max-image-preview:large, max-video-preview:-1\" \/>\n<link rel=\"canonical\" href=\"https:\/\/ticaret.edu.tr\/mekatronik-muhendisligi\/yayinlar\/\" \/>\n<meta property=\"og:locale\" content=\"tr_TR\" \/>\n<meta property=\"og:type\" content=\"article\" \/>\n<meta property=\"og:title\" content=\"Yay\u0131nlar\" \/>\n<meta property=\"og:description\" content=\"\u0130stanbul Ticaret \u00dcniversitesi Mekatronik M\u00fchendisli\u011fi B\u00f6l\u00fcm\u00fcm\u00fczde \u00e7\u0131kan yay\u0131nlar hakk\u0131nda genel bilgi.\" \/>\n<meta property=\"og:url\" content=\"https:\/\/ticaret.edu.tr\/mekatronik-muhendisligi\/yayinlar\/\" \/>\n<meta property=\"og:site_name\" content=\"Mekatronik M\u00fchendisli\u011fi\" \/>\n<meta property=\"article:publisher\" content=\"https:\/\/www.facebook.com\/ticaretedutr\" \/>\n<meta property=\"article:modified_time\" content=\"2025-04-08T05:54:09+00:00\" \/>\n<meta property=\"og:image\" content=\"http:\/\/ticaret.edu.tr\/mekatronik-muhendisligi\/wp-content\/uploads\/sites\/22\/2021\/11\/web_logo-01.jpg\" \/>\n\t<meta property=\"og:image:width\" content=\"1250\" \/>\n\t<meta property=\"og:image:height\" content=\"833\" \/>\n\t<meta property=\"og:image:type\" content=\"image\/jpeg\" \/>\n<meta name=\"twitter:card\" content=\"summary_large_image\" \/>\n<meta name=\"twitter:site\" content=\"@ticaretedutr\" \/>\n<meta name=\"twitter:label1\" content=\"Tahmini okuma s\u00fcresi\" \/>\n\t<meta name=\"twitter:data1\" content=\"10 dakika\" \/>\n<script type=\"application\/ld+json\" class=\"yoast-schema-graph\">{\"@context\":\"https:\/\/schema.org\",\"@graph\":[{\"@type\":\"WebPage\",\"@id\":\"https:\/\/ticaret.edu.tr\/mekatronik-muhendisligi\/yayinlar\/\",\"url\":\"https:\/\/ticaret.edu.tr\/mekatronik-muhendisligi\/yayinlar\/\",\"name\":\"Yay\u0131nlar - Mekatronik M\u00fchendisli\u011fi\",\"isPartOf\":{\"@id\":\"http:\/\/ticaret.edu.tr\/mekatronik-muhendisligi\/en\/#website\"},\"datePublished\":\"2022-11-29T10:44:37+00:00\",\"dateModified\":\"2025-04-08T05:54:09+00:00\",\"description\":\"\u0130stanbul Ticaret \u00dcniversitesi Mekatronik M\u00fchendisli\u011fi B\u00f6l\u00fcm\u00fcm\u00fczde \u00e7\u0131kan yay\u0131nlar hakk\u0131nda genel bilgi.\",\"breadcrumb\":{\"@id\":\"https:\/\/ticaret.edu.tr\/mekatronik-muhendisligi\/yayinlar\/#breadcrumb\"},\"inLanguage\":\"tr\",\"potentialAction\":[{\"@type\":\"ReadAction\",\"target\":[\"https:\/\/ticaret.edu.tr\/mekatronik-muhendisligi\/yayinlar\/\"]}]},{\"@type\":\"BreadcrumbList\",\"@id\":\"https:\/\/ticaret.edu.tr\/mekatronik-muhendisligi\/yayinlar\/#breadcrumb\",\"itemListElement\":[{\"@type\":\"ListItem\",\"position\":1,\"name\":\"Ana sayfa\",\"item\":\"https:\/\/ticaret.edu.tr\/mekatronik-muhendisligi\/\"},{\"@type\":\"ListItem\",\"position\":2,\"name\":\"Yay\u0131nlar\"}]},{\"@type\":\"WebSite\",\"@id\":\"http:\/\/ticaret.edu.tr\/mekatronik-muhendisligi\/en\/#website\",\"url\":\"http:\/\/ticaret.edu.tr\/mekatronik-muhendisligi\/en\/\",\"name\":\"Mekatronik M\u00fchendisli\u011fi\",\"description\":\"\",\"potentialAction\":[{\"@type\":\"SearchAction\",\"target\":{\"@type\":\"EntryPoint\",\"urlTemplate\":\"http:\/\/ticaret.edu.tr\/mekatronik-muhendisligi\/en\/?s={search_term_string}\"},\"query-input\":\"required name=search_term_string\"}],\"inLanguage\":\"tr\"}]}<\/script>\n<!-- \/ Yoast SEO Premium plugin. -->","yoast_head_json":{"title":"Yay\u0131nlar - Mekatronik M\u00fchendisli\u011fi","description":"\u0130stanbul Ticaret \u00dcniversitesi Mekatronik M\u00fchendisli\u011fi B\u00f6l\u00fcm\u00fcm\u00fczde \u00e7\u0131kan yay\u0131nlar hakk\u0131nda genel bilgi.","robots":{"index":"index","follow":"follow","max-snippet":"max-snippet:-1","max-image-preview":"max-image-preview:large","max-video-preview":"max-video-preview:-1"},"canonical":"https:\/\/ticaret.edu.tr\/mekatronik-muhendisligi\/yayinlar\/","og_locale":"tr_TR","og_type":"article","og_title":"Yay\u0131nlar","og_description":"\u0130stanbul Ticaret \u00dcniversitesi Mekatronik M\u00fchendisli\u011fi B\u00f6l\u00fcm\u00fcm\u00fczde \u00e7\u0131kan yay\u0131nlar hakk\u0131nda genel bilgi.","og_url":"https:\/\/ticaret.edu.tr\/mekatronik-muhendisligi\/yayinlar\/","og_site_name":"Mekatronik M\u00fchendisli\u011fi","article_publisher":"https:\/\/www.facebook.com\/ticaretedutr","article_modified_time":"2025-04-08T05:54:09+00:00","og_image":[{"width":1250,"height":833,"url":"http:\/\/ticaret.edu.tr\/mekatronik-muhendisligi\/wp-content\/uploads\/sites\/22\/2021\/11\/web_logo-01.jpg","type":"image\/jpeg"}],"twitter_card":"summary_large_image","twitter_site":"@ticaretedutr","twitter_misc":{"Tahmini okuma s\u00fcresi":"10 dakika"},"schema":{"@context":"https:\/\/schema.org","@graph":[{"@type":"WebPage","@id":"https:\/\/ticaret.edu.tr\/mekatronik-muhendisligi\/yayinlar\/","url":"https:\/\/ticaret.edu.tr\/mekatronik-muhendisligi\/yayinlar\/","name":"Yay\u0131nlar - Mekatronik M\u00fchendisli\u011fi","isPartOf":{"@id":"http:\/\/ticaret.edu.tr\/mekatronik-muhendisligi\/en\/#website"},"datePublished":"2022-11-29T10:44:37+00:00","dateModified":"2025-04-08T05:54:09+00:00","description":"\u0130stanbul Ticaret \u00dcniversitesi Mekatronik M\u00fchendisli\u011fi B\u00f6l\u00fcm\u00fcm\u00fczde \u00e7\u0131kan yay\u0131nlar hakk\u0131nda genel bilgi.","breadcrumb":{"@id":"https:\/\/ticaret.edu.tr\/mekatronik-muhendisligi\/yayinlar\/#breadcrumb"},"inLanguage":"tr","potentialAction":[{"@type":"ReadAction","target":["https:\/\/ticaret.edu.tr\/mekatronik-muhendisligi\/yayinlar\/"]}]},{"@type":"BreadcrumbList","@id":"https:\/\/ticaret.edu.tr\/mekatronik-muhendisligi\/yayinlar\/#breadcrumb","itemListElement":[{"@type":"ListItem","position":1,"name":"Ana sayfa","item":"https:\/\/ticaret.edu.tr\/mekatronik-muhendisligi\/"},{"@type":"ListItem","position":2,"name":"Yay\u0131nlar"}]},{"@type":"WebSite","@id":"http:\/\/ticaret.edu.tr\/mekatronik-muhendisligi\/en\/#website","url":"http:\/\/ticaret.edu.tr\/mekatronik-muhendisligi\/en\/","name":"Mekatronik M\u00fchendisli\u011fi","description":"","potentialAction":[{"@type":"SearchAction","target":{"@type":"EntryPoint","urlTemplate":"http:\/\/ticaret.edu.tr\/mekatronik-muhendisligi\/en\/?s={search_term_string}"},"query-input":"required name=search_term_string"}],"inLanguage":"tr"}]}},"lang":"tr","translations":{"tr":612,"en":922},"pll_sync_post":[],"_links":{"self":[{"href":"http:\/\/ticaret.edu.tr\/mekatronik-muhendisligi\/wp-json\/wp\/v2\/pages\/612"}],"collection":[{"href":"http:\/\/ticaret.edu.tr\/mekatronik-muhendisligi\/wp-json\/wp\/v2\/pages"}],"about":[{"href":"http:\/\/ticaret.edu.tr\/mekatronik-muhendisligi\/wp-json\/wp\/v2\/types\/page"}],"author":[{"embeddable":true,"href":"http:\/\/ticaret.edu.tr\/mekatronik-muhendisligi\/wp-json\/wp\/v2\/users\/159"}],"replies":[{"embeddable":true,"href":"http:\/\/ticaret.edu.tr\/mekatronik-muhendisligi\/wp-json\/wp\/v2\/comments?post=612"}],"version-history":[{"count":7,"href":"http:\/\/ticaret.edu.tr\/mekatronik-muhendisligi\/wp-json\/wp\/v2\/pages\/612\/revisions"}],"predecessor-version":[{"id":1110,"href":"http:\/\/ticaret.edu.tr\/mekatronik-muhendisligi\/wp-json\/wp\/v2\/pages\/612\/revisions\/1110"}],"wp:attachment":[{"href":"http:\/\/ticaret.edu.tr\/mekatronik-muhendisligi\/wp-json\/wp\/v2\/media?parent=612"}],"curies":[{"name":"wp","href":"https:\/\/api.w.org\/{rel}","templated":true}]}}