{"id":712,"date":"2024-05-17T13:56:17","date_gmt":"2024-05-17T10:56:17","guid":{"rendered":"https:\/\/ticaret.edu.tr\/mekatronik-muhendisligi\/?page_id=712"},"modified":"2025-02-17T11:14:54","modified_gmt":"2025-02-17T08:14:54","slug":"introduction","status":"publish","type":"page","link":"http:\/\/ticaret.edu.tr\/mekatronik-muhendisligi\/en\/introduction\/","title":{"rendered":"Introduction"},"content":{"rendered":"<p id=\"tw-target-text\" class=\"tw-data-text tw-text-large tw-ta\" dir=\"ltr\" data-placeholder=\"\u00c7eviri\" aria-label=\"\u00c7evrilmi\u015f metin\" data-ved=\"2ahUKEwjWncDiwZSGAxXsBNsEHUbQAMQQ3ewLegQIDBAU\"><strong><span class=\"Y2IQFc\" lang=\"en\">Mechatronics Engineering (English) Undergraduate Department <\/span><\/strong><\/p>\n<p>Mechatronics has emerged as a new multidisciplinary engineering field based on machinery, electronics, software and control systems technologies. It is the main branch of science at the basis of automation, which is made more and more necessary and brought to the forefront by the competitive conditions that exist in today&#8217;s world. In today&#8217;s world, mechatronics is a branch of engineering that exists in systems used in all areas of our lives, from computers to industrial robots, from automobiles to spacecraft. For this reason, it provides a very wide business area including all areas of engineering and is one of the sought-after professions of the future.<\/p>\n<p>Mechatronics engineers who will carry out works based on machinery, electronics, software and control systems technologies such as design, operation, maintenance, repair, renewal and transformation of mechatronic systems are needed especially in manufacturing technologies, automotive industry, aviation and space technology, defense industry, material processing, imaging, medical and health sciences sectors.<\/p>\n<p>In mechatronics education, engineering fundamentals are given first, followed by the development of a wide range of technological knowledge and skills, and finally the skills are transformed into competence through practical applications. The aim is to train engineers who have a good command of electronics, machinery and software, develop innovative and smart products with their mechatronics knowledge and skills, solve problems, and enjoy their profession.<\/p>\n<p><img loading=\"lazy\" decoding=\"async\" class=\"alignleft\" src=\"http:\/\/ticaret.edu.tr\/mekatronik-muhendisligi\/wp-content\/uploads\/sites\/22\/2022\/11\/kar.jpg\" alt=\"Abd\u00fclkeri KAR\" width=\"353\" height=\"436\" \/><\/p>\n<p>&nbsp;<\/p>\n<p>&nbsp;<\/p>\n<p>&nbsp;<\/p>\n<p>&nbsp;<\/p>\n<p>Prof.Dr. Abd\u00fclkerim KAR<\/p>\n<p>&nbsp;<\/p>\n<p>Head of Department<\/p>\n","protected":false},"excerpt":{"rendered":"<p>Mechatronics Engineering (English) Undergraduate Department Mechatronics has emerged as a new multidisciplinary engineering field based on machinery, electronics, software and control systems technologies. It is the main branch of science at the basis of automation, which is made more and more necessary and brought to the forefront by the competitive conditions that exist in today&#8217;s [&hellip;]<\/p>\n","protected":false},"author":159,"featured_media":0,"parent":0,"menu_order":0,"comment_status":"closed","ping_status":"closed","template":"genel_sayfa.php","meta":{"footnotes":""},"yoast_head":"<!-- This site is optimized with the Yoast SEO Premium plugin v22.1 (Yoast SEO v22.1) - https:\/\/yoast.com\/wordpress\/plugins\/seo\/ -->\n<title>Introduction - Mekatronik M\u00fchendisli\u011fi<\/title>\n<meta name=\"description\" content=\"Mekatronik M\u00fchendisli\u011fi nedir ? Neden \u0130stanbul Ticaret \u00dcniversitesi Mekatronik M\u00fchendisli\u011fi ? B\u00f6l\u00fcm Ba\u015fkan\u0131&#039;m\u0131z\u0131n size mesaj\u0131 var !\" \/>\n<meta name=\"robots\" content=\"index, follow, max-snippet:-1, max-image-preview:large, max-video-preview:-1\" \/>\n<link rel=\"canonical\" href=\"https:\/\/ticaret.edu.tr\/mekatronik-muhendisligi\/en\/introduction\/\" \/>\n<meta property=\"og:locale\" content=\"tr_TR\" \/>\n<meta property=\"og:type\" content=\"article\" \/>\n<meta property=\"og:title\" content=\"Introduction\" \/>\n<meta property=\"og:description\" content=\"Mekatronik M\u00fchendisli\u011fi nedir ? Neden \u0130stanbul Ticaret \u00dcniversitesi Mekatronik M\u00fchendisli\u011fi ? B\u00f6l\u00fcm Ba\u015fkan\u0131&#039;m\u0131z\u0131n size mesaj\u0131 var !\" \/>\n<meta property=\"og:url\" content=\"https:\/\/ticaret.edu.tr\/mekatronik-muhendisligi\/en\/introduction\/\" \/>\n<meta property=\"og:site_name\" content=\"Mekatronik M\u00fchendisli\u011fi\" \/>\n<meta property=\"article:publisher\" content=\"https:\/\/www.facebook.com\/ticaretedutr\" \/>\n<meta property=\"article:modified_time\" content=\"2025-02-17T08:14:54+00:00\" \/>\n<meta property=\"og:image\" content=\"http:\/\/ticaret.edu.tr\/mekatronik-muhendisligi\/wp-content\/uploads\/sites\/22\/2022\/11\/kar.jpg\" \/>\n<meta name=\"twitter:card\" content=\"summary_large_image\" \/>\n<meta name=\"twitter:site\" content=\"@ticaretedutr\" \/>\n<meta name=\"twitter:label1\" content=\"Tahmini okuma s\u00fcresi\" \/>\n\t<meta name=\"twitter:data1\" content=\"2 dakika\" \/>\n<script type=\"application\/ld+json\" class=\"yoast-schema-graph\">{\"@context\":\"https:\/\/schema.org\",\"@graph\":[{\"@type\":\"WebPage\",\"@id\":\"https:\/\/ticaret.edu.tr\/mekatronik-muhendisligi\/en\/introduction\/\",\"url\":\"https:\/\/ticaret.edu.tr\/mekatronik-muhendisligi\/en\/introduction\/\",\"name\":\"Introduction - Mekatronik M\u00fchendisli\u011fi\",\"isPartOf\":{\"@id\":\"http:\/\/ticaret.edu.tr\/mekatronik-muhendisligi\/en\/#website\"},\"datePublished\":\"2024-05-17T10:56:17+00:00\",\"dateModified\":\"2025-02-17T08:14:54+00:00\",\"description\":\"Mekatronik M\u00fchendisli\u011fi nedir ? Neden \u0130stanbul Ticaret \u00dcniversitesi Mekatronik M\u00fchendisli\u011fi ? B\u00f6l\u00fcm Ba\u015fkan\u0131'm\u0131z\u0131n size mesaj\u0131 var !\",\"breadcrumb\":{\"@id\":\"https:\/\/ticaret.edu.tr\/mekatronik-muhendisligi\/en\/introduction\/#breadcrumb\"},\"inLanguage\":\"tr\",\"potentialAction\":[{\"@type\":\"ReadAction\",\"target\":[\"https:\/\/ticaret.edu.tr\/mekatronik-muhendisligi\/en\/introduction\/\"]}]},{\"@type\":\"BreadcrumbList\",\"@id\":\"https:\/\/ticaret.edu.tr\/mekatronik-muhendisligi\/en\/introduction\/#breadcrumb\",\"itemListElement\":[{\"@type\":\"ListItem\",\"position\":1,\"name\":\"Ana sayfa\",\"item\":\"https:\/\/ticaret.edu.tr\/mekatronik-muhendisligi\/\"},{\"@type\":\"ListItem\",\"position\":2,\"name\":\"Introduction\"}]},{\"@type\":\"WebSite\",\"@id\":\"http:\/\/ticaret.edu.tr\/mekatronik-muhendisligi\/en\/#website\",\"url\":\"http:\/\/ticaret.edu.tr\/mekatronik-muhendisligi\/en\/\",\"name\":\"Mekatronik M\u00fchendisli\u011fi\",\"description\":\"\",\"potentialAction\":[{\"@type\":\"SearchAction\",\"target\":{\"@type\":\"EntryPoint\",\"urlTemplate\":\"http:\/\/ticaret.edu.tr\/mekatronik-muhendisligi\/en\/?s={search_term_string}\"},\"query-input\":\"required name=search_term_string\"}],\"inLanguage\":\"tr\"}]}<\/script>\n<!-- \/ Yoast SEO Premium plugin. -->","yoast_head_json":{"title":"Introduction - Mekatronik M\u00fchendisli\u011fi","description":"Mekatronik M\u00fchendisli\u011fi nedir ? Neden \u0130stanbul Ticaret \u00dcniversitesi Mekatronik M\u00fchendisli\u011fi ? B\u00f6l\u00fcm Ba\u015fkan\u0131'm\u0131z\u0131n size mesaj\u0131 var !","robots":{"index":"index","follow":"follow","max-snippet":"max-snippet:-1","max-image-preview":"max-image-preview:large","max-video-preview":"max-video-preview:-1"},"canonical":"https:\/\/ticaret.edu.tr\/mekatronik-muhendisligi\/en\/introduction\/","og_locale":"tr_TR","og_type":"article","og_title":"Introduction","og_description":"Mekatronik M\u00fchendisli\u011fi nedir ? Neden \u0130stanbul Ticaret \u00dcniversitesi Mekatronik M\u00fchendisli\u011fi ? B\u00f6l\u00fcm Ba\u015fkan\u0131'm\u0131z\u0131n size mesaj\u0131 var !","og_url":"https:\/\/ticaret.edu.tr\/mekatronik-muhendisligi\/en\/introduction\/","og_site_name":"Mekatronik M\u00fchendisli\u011fi","article_publisher":"https:\/\/www.facebook.com\/ticaretedutr","article_modified_time":"2025-02-17T08:14:54+00:00","og_image":[{"url":"http:\/\/ticaret.edu.tr\/mekatronik-muhendisligi\/wp-content\/uploads\/sites\/22\/2022\/11\/kar.jpg"}],"twitter_card":"summary_large_image","twitter_site":"@ticaretedutr","twitter_misc":{"Tahmini okuma s\u00fcresi":"2 dakika"},"schema":{"@context":"https:\/\/schema.org","@graph":[{"@type":"WebPage","@id":"https:\/\/ticaret.edu.tr\/mekatronik-muhendisligi\/en\/introduction\/","url":"https:\/\/ticaret.edu.tr\/mekatronik-muhendisligi\/en\/introduction\/","name":"Introduction - Mekatronik M\u00fchendisli\u011fi","isPartOf":{"@id":"http:\/\/ticaret.edu.tr\/mekatronik-muhendisligi\/en\/#website"},"datePublished":"2024-05-17T10:56:17+00:00","dateModified":"2025-02-17T08:14:54+00:00","description":"Mekatronik M\u00fchendisli\u011fi nedir ? Neden \u0130stanbul Ticaret \u00dcniversitesi Mekatronik M\u00fchendisli\u011fi ? B\u00f6l\u00fcm Ba\u015fkan\u0131'm\u0131z\u0131n size mesaj\u0131 var !","breadcrumb":{"@id":"https:\/\/ticaret.edu.tr\/mekatronik-muhendisligi\/en\/introduction\/#breadcrumb"},"inLanguage":"tr","potentialAction":[{"@type":"ReadAction","target":["https:\/\/ticaret.edu.tr\/mekatronik-muhendisligi\/en\/introduction\/"]}]},{"@type":"BreadcrumbList","@id":"https:\/\/ticaret.edu.tr\/mekatronik-muhendisligi\/en\/introduction\/#breadcrumb","itemListElement":[{"@type":"ListItem","position":1,"name":"Ana sayfa","item":"https:\/\/ticaret.edu.tr\/mekatronik-muhendisligi\/"},{"@type":"ListItem","position":2,"name":"Introduction"}]},{"@type":"WebSite","@id":"http:\/\/ticaret.edu.tr\/mekatronik-muhendisligi\/en\/#website","url":"http:\/\/ticaret.edu.tr\/mekatronik-muhendisligi\/en\/","name":"Mekatronik M\u00fchendisli\u011fi","description":"","potentialAction":[{"@type":"SearchAction","target":{"@type":"EntryPoint","urlTemplate":"http:\/\/ticaret.edu.tr\/mekatronik-muhendisligi\/en\/?s={search_term_string}"},"query-input":"required name=search_term_string"}],"inLanguage":"tr"}]}},"lang":"en","translations":{"tr":463,"en":712},"pll_sync_post":[],"_links":{"self":[{"href":"http:\/\/ticaret.edu.tr\/mekatronik-muhendisligi\/wp-json\/wp\/v2\/pages\/712"}],"collection":[{"href":"http:\/\/ticaret.edu.tr\/mekatronik-muhendisligi\/wp-json\/wp\/v2\/pages"}],"about":[{"href":"http:\/\/ticaret.edu.tr\/mekatronik-muhendisligi\/wp-json\/wp\/v2\/types\/page"}],"author":[{"embeddable":true,"href":"http:\/\/ticaret.edu.tr\/mekatronik-muhendisligi\/wp-json\/wp\/v2\/users\/159"}],"replies":[{"embeddable":true,"href":"http:\/\/ticaret.edu.tr\/mekatronik-muhendisligi\/wp-json\/wp\/v2\/comments?post=712"}],"version-history":[{"count":6,"href":"http:\/\/ticaret.edu.tr\/mekatronik-muhendisligi\/wp-json\/wp\/v2\/pages\/712\/revisions"}],"predecessor-version":[{"id":718,"href":"http:\/\/ticaret.edu.tr\/mekatronik-muhendisligi\/wp-json\/wp\/v2\/pages\/712\/revisions\/718"}],"wp:attachment":[{"href":"http:\/\/ticaret.edu.tr\/mekatronik-muhendisligi\/wp-json\/wp\/v2\/media?parent=712"}],"curies":[{"name":"wp","href":"https:\/\/api.w.org\/{rel}","templated":true}]}}