{"id":719,"date":"2024-05-17T15:39:48","date_gmt":"2024-05-17T12:39:48","guid":{"rendered":"https:\/\/ticaret.edu.tr\/mekatronik-muhendisligi\/?page_id=719"},"modified":"2025-02-17T12:38:59","modified_gmt":"2025-02-17T09:38:59","slug":"accreditation","status":"publish","type":"page","link":"http:\/\/ticaret.edu.tr\/mekatronik-muhendisligi\/en\/accreditation\/","title":{"rendered":"Accreditation"},"content":{"rendered":"<p>M\u00dcDEK accreditation studies have been initiated in our department and the studies are ongoing.<\/p>\n<p><a href=\"https:\/\/www.mudek.org.tr\/tr\/ana\/ilk.shtm\"><strong>Click <\/strong>on the link to get information about M\u00dcDEK accreditation.<\/a><\/p>\n","protected":false},"excerpt":{"rendered":"<p>M\u00dcDEK accreditation studies have been initiated in our department and the studies are ongoing. Click on the link to get information about M\u00dcDEK accreditation.<\/p>\n","protected":false},"author":159,"featured_media":0,"parent":0,"menu_order":0,"comment_status":"closed","ping_status":"closed","template":"genel_sayfa.php","meta":{"footnotes":""},"yoast_head":"<!-- This site is optimized with the Yoast SEO Premium plugin v22.1 (Yoast SEO v22.1) - https:\/\/yoast.com\/wordpress\/plugins\/seo\/ -->\n<title>Accreditation - Mekatronik M\u00fchendisli\u011fi<\/title>\n<meta name=\"description\" content=\"Mekatronik M\u00fchendisli\u011fi B\u00f6l\u00fcm\u00fcm\u00fcz\u00fcn M\u00dcDEK akreditasyonu ile ilgili bilgiler. M\u00dcDEK Akreditasyonu nedir ve neden \u00f6nemlidir?\" \/>\n<meta name=\"robots\" content=\"index, follow, max-snippet:-1, max-image-preview:large, max-video-preview:-1\" \/>\n<link rel=\"canonical\" href=\"https:\/\/ticaret.edu.tr\/mekatronik-muhendisligi\/en\/accreditation\/\" \/>\n<meta property=\"og:locale\" content=\"tr_TR\" \/>\n<meta property=\"og:type\" content=\"article\" \/>\n<meta property=\"og:title\" content=\"Accreditation\" \/>\n<meta property=\"og:description\" content=\"Mekatronik M\u00fchendisli\u011fi B\u00f6l\u00fcm\u00fcm\u00fcz\u00fcn M\u00dcDEK akreditasyonu ile ilgili bilgiler. M\u00dcDEK Akreditasyonu nedir ve neden \u00f6nemlidir?\" \/>\n<meta property=\"og:url\" content=\"https:\/\/ticaret.edu.tr\/mekatronik-muhendisligi\/en\/accreditation\/\" \/>\n<meta property=\"og:site_name\" content=\"Mekatronik M\u00fchendisli\u011fi\" \/>\n<meta property=\"article:publisher\" content=\"https:\/\/www.facebook.com\/ticaretedutr\" \/>\n<meta property=\"article:modified_time\" content=\"2025-02-17T09:38:59+00:00\" \/>\n<meta property=\"og:image\" content=\"http:\/\/ticaret.edu.tr\/mekatronik-muhendisligi\/wp-content\/uploads\/sites\/22\/2021\/11\/web_logo-01.jpg\" \/>\n\t<meta property=\"og:image:width\" content=\"1250\" \/>\n\t<meta property=\"og:image:height\" content=\"833\" \/>\n\t<meta property=\"og:image:type\" content=\"image\/jpeg\" \/>\n<meta name=\"twitter:card\" content=\"summary_large_image\" \/>\n<meta name=\"twitter:site\" content=\"@ticaretedutr\" \/>\n<meta name=\"twitter:label1\" content=\"Tahmini okuma s\u00fcresi\" \/>\n\t<meta name=\"twitter:data1\" content=\"1 dakika\" \/>\n<script type=\"application\/ld+json\" class=\"yoast-schema-graph\">{\"@context\":\"https:\/\/schema.org\",\"@graph\":[{\"@type\":\"WebPage\",\"@id\":\"https:\/\/ticaret.edu.tr\/mekatronik-muhendisligi\/en\/accreditation\/\",\"url\":\"https:\/\/ticaret.edu.tr\/mekatronik-muhendisligi\/en\/accreditation\/\",\"name\":\"Accreditation - Mekatronik M\u00fchendisli\u011fi\",\"isPartOf\":{\"@id\":\"http:\/\/ticaret.edu.tr\/mekatronik-muhendisligi\/en\/#website\"},\"datePublished\":\"2024-05-17T12:39:48+00:00\",\"dateModified\":\"2025-02-17T09:38:59+00:00\",\"description\":\"Mekatronik M\u00fchendisli\u011fi B\u00f6l\u00fcm\u00fcm\u00fcz\u00fcn M\u00dcDEK akreditasyonu ile ilgili bilgiler. M\u00dcDEK Akreditasyonu nedir ve neden \u00f6nemlidir?\",\"breadcrumb\":{\"@id\":\"https:\/\/ticaret.edu.tr\/mekatronik-muhendisligi\/en\/accreditation\/#breadcrumb\"},\"inLanguage\":\"tr\",\"potentialAction\":[{\"@type\":\"ReadAction\",\"target\":[\"https:\/\/ticaret.edu.tr\/mekatronik-muhendisligi\/en\/accreditation\/\"]}]},{\"@type\":\"BreadcrumbList\",\"@id\":\"https:\/\/ticaret.edu.tr\/mekatronik-muhendisligi\/en\/accreditation\/#breadcrumb\",\"itemListElement\":[{\"@type\":\"ListItem\",\"position\":1,\"name\":\"Ana sayfa\",\"item\":\"https:\/\/ticaret.edu.tr\/mekatronik-muhendisligi\/\"},{\"@type\":\"ListItem\",\"position\":2,\"name\":\"Accreditation\"}]},{\"@type\":\"WebSite\",\"@id\":\"http:\/\/ticaret.edu.tr\/mekatronik-muhendisligi\/en\/#website\",\"url\":\"http:\/\/ticaret.edu.tr\/mekatronik-muhendisligi\/en\/\",\"name\":\"Mekatronik M\u00fchendisli\u011fi\",\"description\":\"\",\"potentialAction\":[{\"@type\":\"SearchAction\",\"target\":{\"@type\":\"EntryPoint\",\"urlTemplate\":\"http:\/\/ticaret.edu.tr\/mekatronik-muhendisligi\/en\/?s={search_term_string}\"},\"query-input\":\"required name=search_term_string\"}],\"inLanguage\":\"tr\"}]}<\/script>\n<!-- \/ Yoast SEO Premium plugin. -->","yoast_head_json":{"title":"Accreditation - Mekatronik M\u00fchendisli\u011fi","description":"Mekatronik M\u00fchendisli\u011fi B\u00f6l\u00fcm\u00fcm\u00fcz\u00fcn M\u00dcDEK akreditasyonu ile ilgili bilgiler. M\u00dcDEK Akreditasyonu nedir ve neden \u00f6nemlidir?","robots":{"index":"index","follow":"follow","max-snippet":"max-snippet:-1","max-image-preview":"max-image-preview:large","max-video-preview":"max-video-preview:-1"},"canonical":"https:\/\/ticaret.edu.tr\/mekatronik-muhendisligi\/en\/accreditation\/","og_locale":"tr_TR","og_type":"article","og_title":"Accreditation","og_description":"Mekatronik M\u00fchendisli\u011fi B\u00f6l\u00fcm\u00fcm\u00fcz\u00fcn M\u00dcDEK akreditasyonu ile ilgili bilgiler. M\u00dcDEK Akreditasyonu nedir ve neden \u00f6nemlidir?","og_url":"https:\/\/ticaret.edu.tr\/mekatronik-muhendisligi\/en\/accreditation\/","og_site_name":"Mekatronik M\u00fchendisli\u011fi","article_publisher":"https:\/\/www.facebook.com\/ticaretedutr","article_modified_time":"2025-02-17T09:38:59+00:00","og_image":[{"width":1250,"height":833,"url":"http:\/\/ticaret.edu.tr\/mekatronik-muhendisligi\/wp-content\/uploads\/sites\/22\/2021\/11\/web_logo-01.jpg","type":"image\/jpeg"}],"twitter_card":"summary_large_image","twitter_site":"@ticaretedutr","twitter_misc":{"Tahmini okuma s\u00fcresi":"1 dakika"},"schema":{"@context":"https:\/\/schema.org","@graph":[{"@type":"WebPage","@id":"https:\/\/ticaret.edu.tr\/mekatronik-muhendisligi\/en\/accreditation\/","url":"https:\/\/ticaret.edu.tr\/mekatronik-muhendisligi\/en\/accreditation\/","name":"Accreditation - Mekatronik M\u00fchendisli\u011fi","isPartOf":{"@id":"http:\/\/ticaret.edu.tr\/mekatronik-muhendisligi\/en\/#website"},"datePublished":"2024-05-17T12:39:48+00:00","dateModified":"2025-02-17T09:38:59+00:00","description":"Mekatronik M\u00fchendisli\u011fi B\u00f6l\u00fcm\u00fcm\u00fcz\u00fcn M\u00dcDEK akreditasyonu ile ilgili bilgiler. M\u00dcDEK Akreditasyonu nedir ve neden \u00f6nemlidir?","breadcrumb":{"@id":"https:\/\/ticaret.edu.tr\/mekatronik-muhendisligi\/en\/accreditation\/#breadcrumb"},"inLanguage":"tr","potentialAction":[{"@type":"ReadAction","target":["https:\/\/ticaret.edu.tr\/mekatronik-muhendisligi\/en\/accreditation\/"]}]},{"@type":"BreadcrumbList","@id":"https:\/\/ticaret.edu.tr\/mekatronik-muhendisligi\/en\/accreditation\/#breadcrumb","itemListElement":[{"@type":"ListItem","position":1,"name":"Ana sayfa","item":"https:\/\/ticaret.edu.tr\/mekatronik-muhendisligi\/"},{"@type":"ListItem","position":2,"name":"Accreditation"}]},{"@type":"WebSite","@id":"http:\/\/ticaret.edu.tr\/mekatronik-muhendisligi\/en\/#website","url":"http:\/\/ticaret.edu.tr\/mekatronik-muhendisligi\/en\/","name":"Mekatronik M\u00fchendisli\u011fi","description":"","potentialAction":[{"@type":"SearchAction","target":{"@type":"EntryPoint","urlTemplate":"http:\/\/ticaret.edu.tr\/mekatronik-muhendisligi\/en\/?s={search_term_string}"},"query-input":"required name=search_term_string"}],"inLanguage":"tr"}]}},"lang":"en","translations":{"en":719,"tr":466},"pll_sync_post":[],"_links":{"self":[{"href":"http:\/\/ticaret.edu.tr\/mekatronik-muhendisligi\/wp-json\/wp\/v2\/pages\/719"}],"collection":[{"href":"http:\/\/ticaret.edu.tr\/mekatronik-muhendisligi\/wp-json\/wp\/v2\/pages"}],"about":[{"href":"http:\/\/ticaret.edu.tr\/mekatronik-muhendisligi\/wp-json\/wp\/v2\/types\/page"}],"author":[{"embeddable":true,"href":"http:\/\/ticaret.edu.tr\/mekatronik-muhendisligi\/wp-json\/wp\/v2\/users\/159"}],"replies":[{"embeddable":true,"href":"http:\/\/ticaret.edu.tr\/mekatronik-muhendisligi\/wp-json\/wp\/v2\/comments?post=719"}],"version-history":[{"count":2,"href":"http:\/\/ticaret.edu.tr\/mekatronik-muhendisligi\/wp-json\/wp\/v2\/pages\/719\/revisions"}],"predecessor-version":[{"id":1049,"href":"http:\/\/ticaret.edu.tr\/mekatronik-muhendisligi\/wp-json\/wp\/v2\/pages\/719\/revisions\/1049"}],"wp:attachment":[{"href":"http:\/\/ticaret.edu.tr\/mekatronik-muhendisligi\/wp-json\/wp\/v2\/media?parent=719"}],"curies":[{"name":"wp","href":"https:\/\/api.w.org\/{rel}","templated":true}]}}