{"id":730,"date":"2024-05-20T12:11:40","date_gmt":"2024-05-20T09:11:40","guid":{"rendered":"https:\/\/ticaret.edu.tr\/mekatronik-muhendisligi\/?page_id=730"},"modified":"2025-02-11T16:20:02","modified_gmt":"2025-02-11T13:20:02","slug":"student-advisors","status":"publish","type":"page","link":"http:\/\/ticaret.edu.tr\/mekatronik-muhendisligi\/en\/student-advisors\/","title":{"rendered":"Student Advisors"},"content":{"rendered":"<table>\n<tbody>\n<tr>\n<td width=\"302\">1st Grda<\/td>\n<td width=\"302\"><a href=\"http:\/\/tubis.ticaret.edu.tr\/_Adek\/CV\/CV.aspx?adi=TTNdlzsgQhRTyV3zeIGsIWEAV5h4XQy7Fsqzo2Dq0jKjIIur4caiaUAjWRwgKmKB\">Prof.Dr. Abd\u00fclkerim Kar<\/a><\/td>\n<\/tr>\n<tr>\n<td width=\"302\">2nd Grade<\/td>\n<td width=\"302\"><a href=\"http:\/\/tubis.ticaret.edu.tr\/_Adek\/CV\/CV.aspx?adi=xi1UskGJS0GA4xng168bptHZtr9Pla31VZnQ7ujauBivsNsCzgVcb1JFxOLoP7ZQR1ZsDz3lmT90iVPl4SiX3Q==\">Prof. Dr. Muammer Kalyon<\/a><\/td>\n<\/tr>\n<tr>\n<td width=\"302\">3rd Grade<\/td>\n<td width=\"302\"><a href=\"http:\/\/tubis.ticaret.edu.tr\/_Adek\/CV\/CV.aspx?adi=NIRmnC4J\/02MVtlYe1pnusiwpHUuvJUW+KlwAfT6VUTyrHIJI5hVx857CAJwsJQSK0nmeHJp6UVwN3H8pgjfXg==\">Dr. M. Alper \u00d6zp\u0131nar<\/a><\/td>\n<\/tr>\n<tr>\n<td width=\"302\">4th Grade<\/td>\n<td width=\"302\"><a href=\"http:\/\/tubis.ticaret.edu.tr\/_Adek\/CV\/CV.aspx?adi=8wYxfv6NIeclqZ0cdKPERWRIR0kQNxqizWUcCS78wcTVVQoLf9YD0X5MEru5Atv4c38k0Mt+T3WPEx4LbyPDdg==\">Dr. Muhammet Ceylan\u00a0<\/a><\/td>\n<\/tr>\n<\/tbody>\n<\/table>\n<p>&nbsp;<\/p>\n","protected":false},"excerpt":{"rendered":"<p>1st Grda Prof.Dr. Abd\u00fclkerim Kar 2nd Grade Prof. Dr. Muammer Kalyon 3rd Grade Dr. M. Alper \u00d6zp\u0131nar 4th Grade Dr. Muhammet Ceylan\u00a0 &nbsp;<\/p>\n","protected":false},"author":159,"featured_media":0,"parent":0,"menu_order":0,"comment_status":"closed","ping_status":"closed","template":"genel_sayfa.php","meta":{"footnotes":""},"yoast_head":"<!-- This site is optimized with the Yoast SEO Premium plugin v22.1 (Yoast SEO v22.1) - https:\/\/yoast.com\/wordpress\/plugins\/seo\/ -->\n<title>Student Advisors - Mekatronik M\u00fchendisli\u011fi<\/title>\n<meta name=\"robots\" content=\"index, follow, max-snippet:-1, max-image-preview:large, max-video-preview:-1\" \/>\n<link rel=\"canonical\" href=\"https:\/\/ticaret.edu.tr\/mekatronik-muhendisligi\/en\/student-advisors\/\" \/>\n<meta property=\"og:locale\" content=\"tr_TR\" \/>\n<meta property=\"og:type\" content=\"article\" \/>\n<meta property=\"og:title\" content=\"Student Advisors\" \/>\n<meta property=\"og:description\" content=\"1st Grda Prof.Dr. Abd\u00fclkerim Kar 2nd Grade Prof. Dr. Muammer Kalyon 3rd Grade Dr. M. Alper \u00d6zp\u0131nar 4th Grade Dr. Muhammet Ceylan\u00a0 &nbsp;\" \/>\n<meta property=\"og:url\" content=\"https:\/\/ticaret.edu.tr\/mekatronik-muhendisligi\/en\/student-advisors\/\" \/>\n<meta property=\"og:site_name\" content=\"Mekatronik M\u00fchendisli\u011fi\" \/>\n<meta property=\"article:publisher\" content=\"https:\/\/www.facebook.com\/ticaretedutr\" \/>\n<meta property=\"article:modified_time\" content=\"2025-02-11T13:20:02+00:00\" \/>\n<meta property=\"og:image\" content=\"http:\/\/ticaret.edu.tr\/mekatronik-muhendisligi\/wp-content\/uploads\/sites\/22\/2021\/11\/web_logo-01.jpg\" \/>\n\t<meta property=\"og:image:width\" content=\"1250\" \/>\n\t<meta property=\"og:image:height\" content=\"833\" \/>\n\t<meta property=\"og:image:type\" content=\"image\/jpeg\" \/>\n<meta name=\"twitter:card\" content=\"summary_large_image\" \/>\n<meta name=\"twitter:site\" content=\"@ticaretedutr\" \/>\n<meta name=\"twitter:label1\" content=\"Tahmini okuma s\u00fcresi\" \/>\n\t<meta name=\"twitter:data1\" content=\"1 dakika\" \/>\n<script type=\"application\/ld+json\" class=\"yoast-schema-graph\">{\"@context\":\"https:\/\/schema.org\",\"@graph\":[{\"@type\":\"WebPage\",\"@id\":\"https:\/\/ticaret.edu.tr\/mekatronik-muhendisligi\/en\/student-advisors\/\",\"url\":\"https:\/\/ticaret.edu.tr\/mekatronik-muhendisligi\/en\/student-advisors\/\",\"name\":\"Student Advisors - Mekatronik M\u00fchendisli\u011fi\",\"isPartOf\":{\"@id\":\"http:\/\/ticaret.edu.tr\/mekatronik-muhendisligi\/en\/#website\"},\"datePublished\":\"2024-05-20T09:11:40+00:00\",\"dateModified\":\"2025-02-11T13:20:02+00:00\",\"breadcrumb\":{\"@id\":\"https:\/\/ticaret.edu.tr\/mekatronik-muhendisligi\/en\/student-advisors\/#breadcrumb\"},\"inLanguage\":\"tr\",\"potentialAction\":[{\"@type\":\"ReadAction\",\"target\":[\"https:\/\/ticaret.edu.tr\/mekatronik-muhendisligi\/en\/student-advisors\/\"]}]},{\"@type\":\"BreadcrumbList\",\"@id\":\"https:\/\/ticaret.edu.tr\/mekatronik-muhendisligi\/en\/student-advisors\/#breadcrumb\",\"itemListElement\":[{\"@type\":\"ListItem\",\"position\":1,\"name\":\"Ana sayfa\",\"item\":\"https:\/\/ticaret.edu.tr\/mekatronik-muhendisligi\/\"},{\"@type\":\"ListItem\",\"position\":2,\"name\":\"Student Advisors\"}]},{\"@type\":\"WebSite\",\"@id\":\"http:\/\/ticaret.edu.tr\/mekatronik-muhendisligi\/en\/#website\",\"url\":\"http:\/\/ticaret.edu.tr\/mekatronik-muhendisligi\/en\/\",\"name\":\"Mekatronik M\u00fchendisli\u011fi\",\"description\":\"\",\"potentialAction\":[{\"@type\":\"SearchAction\",\"target\":{\"@type\":\"EntryPoint\",\"urlTemplate\":\"http:\/\/ticaret.edu.tr\/mekatronik-muhendisligi\/en\/?s={search_term_string}\"},\"query-input\":\"required name=search_term_string\"}],\"inLanguage\":\"tr\"}]}<\/script>\n<!-- \/ Yoast SEO Premium plugin. -->","yoast_head_json":{"title":"Student Advisors - Mekatronik M\u00fchendisli\u011fi","robots":{"index":"index","follow":"follow","max-snippet":"max-snippet:-1","max-image-preview":"max-image-preview:large","max-video-preview":"max-video-preview:-1"},"canonical":"https:\/\/ticaret.edu.tr\/mekatronik-muhendisligi\/en\/student-advisors\/","og_locale":"tr_TR","og_type":"article","og_title":"Student Advisors","og_description":"1st Grda Prof.Dr. Abd\u00fclkerim Kar 2nd Grade Prof. Dr. Muammer Kalyon 3rd Grade Dr. M. Alper \u00d6zp\u0131nar 4th Grade Dr. Muhammet Ceylan\u00a0 &nbsp;","og_url":"https:\/\/ticaret.edu.tr\/mekatronik-muhendisligi\/en\/student-advisors\/","og_site_name":"Mekatronik M\u00fchendisli\u011fi","article_publisher":"https:\/\/www.facebook.com\/ticaretedutr","article_modified_time":"2025-02-11T13:20:02+00:00","og_image":[{"width":1250,"height":833,"url":"http:\/\/ticaret.edu.tr\/mekatronik-muhendisligi\/wp-content\/uploads\/sites\/22\/2021\/11\/web_logo-01.jpg","type":"image\/jpeg"}],"twitter_card":"summary_large_image","twitter_site":"@ticaretedutr","twitter_misc":{"Tahmini okuma s\u00fcresi":"1 dakika"},"schema":{"@context":"https:\/\/schema.org","@graph":[{"@type":"WebPage","@id":"https:\/\/ticaret.edu.tr\/mekatronik-muhendisligi\/en\/student-advisors\/","url":"https:\/\/ticaret.edu.tr\/mekatronik-muhendisligi\/en\/student-advisors\/","name":"Student Advisors - Mekatronik M\u00fchendisli\u011fi","isPartOf":{"@id":"http:\/\/ticaret.edu.tr\/mekatronik-muhendisligi\/en\/#website"},"datePublished":"2024-05-20T09:11:40+00:00","dateModified":"2025-02-11T13:20:02+00:00","breadcrumb":{"@id":"https:\/\/ticaret.edu.tr\/mekatronik-muhendisligi\/en\/student-advisors\/#breadcrumb"},"inLanguage":"tr","potentialAction":[{"@type":"ReadAction","target":["https:\/\/ticaret.edu.tr\/mekatronik-muhendisligi\/en\/student-advisors\/"]}]},{"@type":"BreadcrumbList","@id":"https:\/\/ticaret.edu.tr\/mekatronik-muhendisligi\/en\/student-advisors\/#breadcrumb","itemListElement":[{"@type":"ListItem","position":1,"name":"Ana sayfa","item":"https:\/\/ticaret.edu.tr\/mekatronik-muhendisligi\/"},{"@type":"ListItem","position":2,"name":"Student Advisors"}]},{"@type":"WebSite","@id":"http:\/\/ticaret.edu.tr\/mekatronik-muhendisligi\/en\/#website","url":"http:\/\/ticaret.edu.tr\/mekatronik-muhendisligi\/en\/","name":"Mekatronik M\u00fchendisli\u011fi","description":"","potentialAction":[{"@type":"SearchAction","target":{"@type":"EntryPoint","urlTemplate":"http:\/\/ticaret.edu.tr\/mekatronik-muhendisligi\/en\/?s={search_term_string}"},"query-input":"required name=search_term_string"}],"inLanguage":"tr"}]}},"lang":"en","translations":{"en":730,"tr":580},"pll_sync_post":[],"_links":{"self":[{"href":"http:\/\/ticaret.edu.tr\/mekatronik-muhendisligi\/wp-json\/wp\/v2\/pages\/730"}],"collection":[{"href":"http:\/\/ticaret.edu.tr\/mekatronik-muhendisligi\/wp-json\/wp\/v2\/pages"}],"about":[{"href":"http:\/\/ticaret.edu.tr\/mekatronik-muhendisligi\/wp-json\/wp\/v2\/types\/page"}],"author":[{"embeddable":true,"href":"http:\/\/ticaret.edu.tr\/mekatronik-muhendisligi\/wp-json\/wp\/v2\/users\/159"}],"replies":[{"embeddable":true,"href":"http:\/\/ticaret.edu.tr\/mekatronik-muhendisligi\/wp-json\/wp\/v2\/comments?post=730"}],"version-history":[{"count":1,"href":"http:\/\/ticaret.edu.tr\/mekatronik-muhendisligi\/wp-json\/wp\/v2\/pages\/730\/revisions"}],"predecessor-version":[{"id":731,"href":"http:\/\/ticaret.edu.tr\/mekatronik-muhendisligi\/wp-json\/wp\/v2\/pages\/730\/revisions\/731"}],"wp:attachment":[{"href":"http:\/\/ticaret.edu.tr\/mekatronik-muhendisligi\/wp-json\/wp\/v2\/media?parent=730"}],"curies":[{"name":"wp","href":"https:\/\/api.w.org\/{rel}","templated":true}]}}