{"id":743,"date":"2024-05-24T12:14:24","date_gmt":"2024-05-24T09:14:24","guid":{"rendered":"https:\/\/ticaret.edu.tr\/mekatronik-muhendisligi\/?page_id=743"},"modified":"2025-02-11T16:19:15","modified_gmt":"2025-02-11T13:19:15","slug":"department-boards-and-committees","status":"publish","type":"page","link":"http:\/\/ticaret.edu.tr\/mekatronik-muhendisligi\/en\/department-boards-and-committees\/","title":{"rendered":"Department Boards and Committees"},"content":{"rendered":"<p>The member information of our department&#8217;s Adaptation and Compliance Commission, M\u00dcDEK Commission, Internship Commission, Design and Graduation Projects Commission is as follows.<\/p>\n<p>Quality and M\u00dcDEK Commission<\/p>\n<p>Prof. Dr. Abd\u00fclkerim KAR<\/p>\n<p>Assoc. Prof. Dr. Ahmet Fatih TABAK<\/p>\n<p>RA Alara Bet\u00fcl Ayhan<\/p>\n<p>&nbsp;<\/p>\n<p>Curriculum Commission<\/p>\n<p>Prof. Dr. Muammer Kalyon<\/p>\n<p>Prof. Dr. Abd\u00fclkerim KAR<\/p>\n<p>&nbsp;<\/p>\n<p>Internship Commission<\/p>\n<p>Prof.Dr. \u0130smail K\u00d6MBE<\/p>\n<p>Assoc. Prof. Dr. Ahmet Fatih TABAK<\/p>\n<p>RA Alara Bet\u00fcl Ayhan<\/p>\n<p>&nbsp;<\/p>\n<p>Design and Graduation Projects Commission<\/p>\n<p>Prof. Dr. Abd\u00fclkerim KAR<\/p>\n<p>Prof. Dr. Muammer Kalyon<\/p>\n<p>Assoc. Prof. Dr. Muhammet CEYLAN<\/p>\n<p>Assoc. Prof. Dr. Ahmet Fatih TABAK<\/p>\n<p>&nbsp;<\/p>\n<p>Department Erasmus Coordinator<\/p>\n<p>Assoc. Prof. Dr. Muhammet CEYLAN<\/p>\n<p>&nbsp;<\/p>\n<p>Adaptation and Harmonization Commission<\/p>\n<p>Prof. Dr. Abd\u00fclkerim KAR<\/p>\n<p>Prof. Dr. Muammer Kalyon<\/p>\n<p>Assoc. Prof. Dr. Muhammet CEYLAN<\/p>\n<p>&nbsp;<\/p>\n<p>Undergraduate Examination Programs Officer<\/p>\n<p>RA. Alara Bet\u00fcl Ayhan<\/p>\n<p>&nbsp;<\/p>\n","protected":false},"excerpt":{"rendered":"<p>The member information of our department&#8217;s Adaptation and Compliance Commission, M\u00dcDEK Commission, Internship Commission, Design and Graduation Projects Commission is as follows. Quality and M\u00dcDEK Commission Prof. Dr. Abd\u00fclkerim KAR Assoc. Prof. Dr. Ahmet Fatih TABAK RA Alara Bet\u00fcl Ayhan &nbsp; Curriculum Commission Prof. Dr. Muammer Kalyon Prof. Dr. Abd\u00fclkerim KAR &nbsp; Internship Commission Prof.Dr. [&hellip;]<\/p>\n","protected":false},"author":159,"featured_media":0,"parent":0,"menu_order":0,"comment_status":"closed","ping_status":"closed","template":"genel_sayfa.php","meta":{"footnotes":""},"yoast_head":"<!-- This site is optimized with the Yoast SEO Premium plugin v22.1 (Yoast SEO v22.1) - https:\/\/yoast.com\/wordpress\/plugins\/seo\/ -->\n<title>Department Boards and Committees - Mekatronik M\u00fchendisli\u011fi<\/title>\n<meta name=\"description\" content=\"\u0130ntibak ve Uyum Komisyonu, M\u00dcDEK Komisyonu, Staj Komisyonu, Tasar\u0131m ve Mezuniyet Projeleri Komisyonu ile ilgili bilgi\" \/>\n<meta name=\"robots\" content=\"index, follow, max-snippet:-1, max-image-preview:large, max-video-preview:-1\" \/>\n<link rel=\"canonical\" href=\"http:\/\/ticaret.edu.tr\/mekatronik-muhendisligi\/en\/department-boards-and-committees\/\" \/>\n<meta property=\"og:locale\" content=\"tr_TR\" \/>\n<meta property=\"og:type\" content=\"article\" \/>\n<meta property=\"og:title\" content=\"Department Boards and Committees\" \/>\n<meta property=\"og:description\" content=\"\u0130ntibak ve Uyum Komisyonu, M\u00dcDEK Komisyonu, Staj Komisyonu, Tasar\u0131m ve Mezuniyet Projeleri Komisyonu ile ilgili bilgi\" \/>\n<meta property=\"og:url\" content=\"http:\/\/ticaret.edu.tr\/mekatronik-muhendisligi\/en\/department-boards-and-committees\/\" \/>\n<meta property=\"og:site_name\" content=\"Mekatronik M\u00fchendisli\u011fi\" \/>\n<meta property=\"article:publisher\" content=\"https:\/\/www.facebook.com\/ticaretedutr\" \/>\n<meta property=\"article:modified_time\" content=\"2025-02-11T13:19:15+00:00\" \/>\n<meta property=\"og:image\" content=\"http:\/\/ticaret.edu.tr\/mekatronik-muhendisligi\/wp-content\/uploads\/sites\/22\/2021\/11\/web_logo-01.jpg\" \/>\n\t<meta property=\"og:image:width\" content=\"1250\" \/>\n\t<meta property=\"og:image:height\" content=\"833\" \/>\n\t<meta property=\"og:image:type\" content=\"image\/jpeg\" \/>\n<meta name=\"twitter:card\" content=\"summary_large_image\" \/>\n<meta name=\"twitter:site\" content=\"@ticaretedutr\" \/>\n<meta name=\"twitter:label1\" content=\"Tahmini okuma s\u00fcresi\" \/>\n\t<meta name=\"twitter:data1\" content=\"1 dakika\" \/>\n<script type=\"application\/ld+json\" class=\"yoast-schema-graph\">{\"@context\":\"https:\/\/schema.org\",\"@graph\":[{\"@type\":\"WebPage\",\"@id\":\"http:\/\/ticaret.edu.tr\/mekatronik-muhendisligi\/en\/department-boards-and-committees\/\",\"url\":\"http:\/\/ticaret.edu.tr\/mekatronik-muhendisligi\/en\/department-boards-and-committees\/\",\"name\":\"Department Boards and Committees - Mekatronik M\u00fchendisli\u011fi\",\"isPartOf\":{\"@id\":\"http:\/\/ticaret.edu.tr\/mekatronik-muhendisligi\/en\/#website\"},\"datePublished\":\"2024-05-24T09:14:24+00:00\",\"dateModified\":\"2025-02-11T13:19:15+00:00\",\"description\":\"\u0130ntibak ve Uyum Komisyonu, M\u00dcDEK Komisyonu, Staj Komisyonu, Tasar\u0131m ve Mezuniyet Projeleri Komisyonu ile ilgili bilgi\",\"breadcrumb\":{\"@id\":\"http:\/\/ticaret.edu.tr\/mekatronik-muhendisligi\/en\/department-boards-and-committees\/#breadcrumb\"},\"inLanguage\":\"tr\",\"potentialAction\":[{\"@type\":\"ReadAction\",\"target\":[\"http:\/\/ticaret.edu.tr\/mekatronik-muhendisligi\/en\/department-boards-and-committees\/\"]}]},{\"@type\":\"BreadcrumbList\",\"@id\":\"http:\/\/ticaret.edu.tr\/mekatronik-muhendisligi\/en\/department-boards-and-committees\/#breadcrumb\",\"itemListElement\":[{\"@type\":\"ListItem\",\"position\":1,\"name\":\"Ana sayfa\",\"item\":\"https:\/\/ticaret.edu.tr\/mekatronik-muhendisligi\/\"},{\"@type\":\"ListItem\",\"position\":2,\"name\":\"Department Boards and Committees\"}]},{\"@type\":\"WebSite\",\"@id\":\"http:\/\/ticaret.edu.tr\/mekatronik-muhendisligi\/en\/#website\",\"url\":\"http:\/\/ticaret.edu.tr\/mekatronik-muhendisligi\/en\/\",\"name\":\"Mekatronik M\u00fchendisli\u011fi\",\"description\":\"\",\"potentialAction\":[{\"@type\":\"SearchAction\",\"target\":{\"@type\":\"EntryPoint\",\"urlTemplate\":\"http:\/\/ticaret.edu.tr\/mekatronik-muhendisligi\/en\/?s={search_term_string}\"},\"query-input\":\"required name=search_term_string\"}],\"inLanguage\":\"tr\"}]}<\/script>\n<!-- \/ Yoast SEO Premium plugin. -->","yoast_head_json":{"title":"Department Boards and Committees - Mekatronik M\u00fchendisli\u011fi","description":"\u0130ntibak ve Uyum Komisyonu, M\u00dcDEK Komisyonu, Staj Komisyonu, Tasar\u0131m ve Mezuniyet Projeleri Komisyonu ile ilgili bilgi","robots":{"index":"index","follow":"follow","max-snippet":"max-snippet:-1","max-image-preview":"max-image-preview:large","max-video-preview":"max-video-preview:-1"},"canonical":"http:\/\/ticaret.edu.tr\/mekatronik-muhendisligi\/en\/department-boards-and-committees\/","og_locale":"tr_TR","og_type":"article","og_title":"Department Boards and Committees","og_description":"\u0130ntibak ve Uyum Komisyonu, M\u00dcDEK Komisyonu, Staj Komisyonu, Tasar\u0131m ve Mezuniyet Projeleri Komisyonu ile ilgili bilgi","og_url":"http:\/\/ticaret.edu.tr\/mekatronik-muhendisligi\/en\/department-boards-and-committees\/","og_site_name":"Mekatronik M\u00fchendisli\u011fi","article_publisher":"https:\/\/www.facebook.com\/ticaretedutr","article_modified_time":"2025-02-11T13:19:15+00:00","og_image":[{"width":1250,"height":833,"url":"http:\/\/ticaret.edu.tr\/mekatronik-muhendisligi\/wp-content\/uploads\/sites\/22\/2021\/11\/web_logo-01.jpg","type":"image\/jpeg"}],"twitter_card":"summary_large_image","twitter_site":"@ticaretedutr","twitter_misc":{"Tahmini okuma s\u00fcresi":"1 dakika"},"schema":{"@context":"https:\/\/schema.org","@graph":[{"@type":"WebPage","@id":"http:\/\/ticaret.edu.tr\/mekatronik-muhendisligi\/en\/department-boards-and-committees\/","url":"http:\/\/ticaret.edu.tr\/mekatronik-muhendisligi\/en\/department-boards-and-committees\/","name":"Department Boards and Committees - Mekatronik M\u00fchendisli\u011fi","isPartOf":{"@id":"http:\/\/ticaret.edu.tr\/mekatronik-muhendisligi\/en\/#website"},"datePublished":"2024-05-24T09:14:24+00:00","dateModified":"2025-02-11T13:19:15+00:00","description":"\u0130ntibak ve Uyum Komisyonu, M\u00dcDEK Komisyonu, Staj Komisyonu, Tasar\u0131m ve Mezuniyet Projeleri Komisyonu ile ilgili bilgi","breadcrumb":{"@id":"http:\/\/ticaret.edu.tr\/mekatronik-muhendisligi\/en\/department-boards-and-committees\/#breadcrumb"},"inLanguage":"tr","potentialAction":[{"@type":"ReadAction","target":["http:\/\/ticaret.edu.tr\/mekatronik-muhendisligi\/en\/department-boards-and-committees\/"]}]},{"@type":"BreadcrumbList","@id":"http:\/\/ticaret.edu.tr\/mekatronik-muhendisligi\/en\/department-boards-and-committees\/#breadcrumb","itemListElement":[{"@type":"ListItem","position":1,"name":"Ana sayfa","item":"https:\/\/ticaret.edu.tr\/mekatronik-muhendisligi\/"},{"@type":"ListItem","position":2,"name":"Department Boards and Committees"}]},{"@type":"WebSite","@id":"http:\/\/ticaret.edu.tr\/mekatronik-muhendisligi\/en\/#website","url":"http:\/\/ticaret.edu.tr\/mekatronik-muhendisligi\/en\/","name":"Mekatronik M\u00fchendisli\u011fi","description":"","potentialAction":[{"@type":"SearchAction","target":{"@type":"EntryPoint","urlTemplate":"http:\/\/ticaret.edu.tr\/mekatronik-muhendisligi\/en\/?s={search_term_string}"},"query-input":"required name=search_term_string"}],"inLanguage":"tr"}]}},"lang":"en","translations":{"en":743,"tr":478},"pll_sync_post":[],"_links":{"self":[{"href":"http:\/\/ticaret.edu.tr\/mekatronik-muhendisligi\/wp-json\/wp\/v2\/pages\/743"}],"collection":[{"href":"http:\/\/ticaret.edu.tr\/mekatronik-muhendisligi\/wp-json\/wp\/v2\/pages"}],"about":[{"href":"http:\/\/ticaret.edu.tr\/mekatronik-muhendisligi\/wp-json\/wp\/v2\/types\/page"}],"author":[{"embeddable":true,"href":"http:\/\/ticaret.edu.tr\/mekatronik-muhendisligi\/wp-json\/wp\/v2\/users\/159"}],"replies":[{"embeddable":true,"href":"http:\/\/ticaret.edu.tr\/mekatronik-muhendisligi\/wp-json\/wp\/v2\/comments?post=743"}],"version-history":[{"count":1,"href":"http:\/\/ticaret.edu.tr\/mekatronik-muhendisligi\/wp-json\/wp\/v2\/pages\/743\/revisions"}],"predecessor-version":[{"id":744,"href":"http:\/\/ticaret.edu.tr\/mekatronik-muhendisligi\/wp-json\/wp\/v2\/pages\/743\/revisions\/744"}],"wp:attachment":[{"href":"http:\/\/ticaret.edu.tr\/mekatronik-muhendisligi\/wp-json\/wp\/v2\/media?parent=743"}],"curies":[{"name":"wp","href":"https:\/\/api.w.org\/{rel}","templated":true}]}}