{"id":777,"date":"2025-01-26T18:44:05","date_gmt":"2025-01-26T15:44:05","guid":{"rendered":"https:\/\/ticaret.edu.tr\/mekatronik-muhendisligi\/?page_id=777"},"modified":"2025-03-13T14:40:21","modified_gmt":"2025-03-13T11:40:21","slug":"ogrenci-topluluklari","status":"publish","type":"page","link":"http:\/\/ticaret.edu.tr\/mekatronik-muhendisligi\/ogrenci-topluluklari\/","title":{"rendered":"\u00d6\u011frenci Topluluklar\u0131"},"content":{"rendered":"<p><strong>U\u00e7ak ve Uzay Bilimleri Toplulu\u011fu\u00a0<\/strong><\/p>\n<p>\u0130stanbul Ticaret \u00dcniversitesi b\u00fcnyesinde U\u00e7ak ve Uzay Bilimleri Toplulu\u011fu, havac\u0131l\u0131k ve uzay teknolojilerine odakl\u0131 ilginin sahip oldu\u011fu \u00f6\u011frencileri birle\u015ftiren, teknik bilgi ve yetenek ta\u015f\u0131yan bir \u00f6\u011frenci toplumudur. U\u00e7ak ve uzay sistemleri alan\u0131na y\u00f6nelik projeler geli\u015ftirilirken, alan\u0131nda uzman pilotlar ile pilotaj e\u011fitmenlerinin kat\u0131l\u0131m\u0131 ile ger\u00e7ekle\u015ftirdi\u011fimiz seminerler, teknik bilgimizi geli\u015firmek ama\u00e7l\u0131 havac\u0131l\u0131k fuarlar\u0131 ziyareti ve sekt\u00f6r\u00fcn \u00f6nc\u00fc firmalar\u0131na teknik geziler d\u00fczenlemekteyiz.<br \/>\nDisiplinler aras\u0131 i\u015fbirli\u011fini ve teori bilgisini prati\u011fe \u00e7evirme niteli\u011fi ta\u015f\u0131yan kul\u00fcb\u00fcm\u00fcz, \u00fcyelerine problem \u00e7\u00f6zme ve tak\u0131m \u00e7al\u0131\u015fmas\u0131 becerileri vermek suretiyle havac\u0131l\u0131k ve uzayda gelece\u011fe haz\u0131rlanma imkan\u0131 sunmaktad\u0131r.<\/p>\n<p><a href=\"https:\/\/www.instagram.com\/ticaretucakveuzay?igsh=bzEwZnV0aWM4OWI4\">U\u00e7ak ve Uzay Toplu\u011fu Instagram Hesab\u0131ndan g\u00fcncel etkinliklere ula\u015fabilirsiniz.\u00a0<\/a><\/p>\n<p>&nbsp;<\/p>\n<p><img loading=\"lazy\" decoding=\"async\" class=\"size-medium wp-image-1086 aligncenter\" src=\"http:\/\/ticaret.edu.tr\/mekatronik-muhendisligi\/wp-content\/uploads\/sites\/22\/2025\/03\/WhatsApp-Image-2025-03-13-at-14.28.23-300x300.jpeg\" alt=\"\" width=\"300\" height=\"300\" srcset=\"http:\/\/ticaret.edu.tr\/mekatronik-muhendisligi\/wp-content\/uploads\/sites\/22\/2025\/03\/WhatsApp-Image-2025-03-13-at-14.28.23-300x300.jpeg 300w, http:\/\/ticaret.edu.tr\/mekatronik-muhendisligi\/wp-content\/uploads\/sites\/22\/2025\/03\/WhatsApp-Image-2025-03-13-at-14.28.23-1024x1024.jpeg 1024w, http:\/\/ticaret.edu.tr\/mekatronik-muhendisligi\/wp-content\/uploads\/sites\/22\/2025\/03\/WhatsApp-Image-2025-03-13-at-14.28.23-150x150.jpeg 150w, http:\/\/ticaret.edu.tr\/mekatronik-muhendisligi\/wp-content\/uploads\/sites\/22\/2025\/03\/WhatsApp-Image-2025-03-13-at-14.28.23-768x768.jpeg 768w, http:\/\/ticaret.edu.tr\/mekatronik-muhendisligi\/wp-content\/uploads\/sites\/22\/2025\/03\/WhatsApp-Image-2025-03-13-at-14.28.23.jpeg 1080w\" sizes=\"(max-width: 300px) 100vw, 300px\" \/><\/p>\n<p>&nbsp;<\/p>\n","protected":false},"excerpt":{"rendered":"<p>U\u00e7ak ve Uzay Bilimleri Toplulu\u011fu\u00a0 \u0130stanbul Ticaret \u00dcniversitesi b\u00fcnyesinde U\u00e7ak ve Uzay Bilimleri Toplulu\u011fu, havac\u0131l\u0131k ve uzay teknolojilerine odakl\u0131 ilginin sahip oldu\u011fu \u00f6\u011frencileri birle\u015ftiren, teknik bilgi ve yetenek ta\u015f\u0131yan bir \u00f6\u011frenci toplumudur. U\u00e7ak ve uzay sistemleri alan\u0131na y\u00f6nelik projeler geli\u015ftirilirken, alan\u0131nda uzman pilotlar ile pilotaj e\u011fitmenlerinin kat\u0131l\u0131m\u0131 ile ger\u00e7ekle\u015ftirdi\u011fimiz seminerler, teknik bilgimizi geli\u015firmek ama\u00e7l\u0131 havac\u0131l\u0131k [&hellip;]<\/p>\n","protected":false},"author":226,"featured_media":0,"parent":0,"menu_order":0,"comment_status":"closed","ping_status":"closed","template":"genel_sayfa.php","meta":{"footnotes":""},"yoast_head":"<!-- This site is optimized with the Yoast SEO Premium plugin v22.1 (Yoast SEO v22.1) - https:\/\/yoast.com\/wordpress\/plugins\/seo\/ -->\n<title>\u00d6\u011frenci Topluluklar\u0131 - Mekatronik M\u00fchendisli\u011fi<\/title>\n<meta name=\"description\" content=\"\u0130stanbul Ticaret \u00dcniversitesi, U\u00e7ak ve Uzay Bilimleri Toplulu\u011fu&#039;nun yapt\u0131\u011f\u0131 \u00e7al\u0131\u015fmalar hakk\u0131nda bilgi. U\u00e7ak ve Uzay Bilimleri Toplulu\u011fu\" \/>\n<meta name=\"robots\" content=\"index, follow, max-snippet:-1, max-image-preview:large, max-video-preview:-1\" \/>\n<link rel=\"canonical\" href=\"http:\/\/ticaret.edu.tr\/mekatronik-muhendisligi\/ogrenci-topluluklari\/\" \/>\n<meta property=\"og:locale\" content=\"tr_TR\" \/>\n<meta property=\"og:type\" content=\"article\" \/>\n<meta property=\"og:title\" content=\"\u00d6\u011frenci Topluluklar\u0131\" \/>\n<meta property=\"og:description\" content=\"\u0130stanbul Ticaret \u00dcniversitesi, U\u00e7ak ve Uzay Bilimleri Toplulu\u011fu&#039;nun yapt\u0131\u011f\u0131 \u00e7al\u0131\u015fmalar hakk\u0131nda bilgi. U\u00e7ak ve Uzay Bilimleri Toplulu\u011fu\" \/>\n<meta property=\"og:url\" content=\"http:\/\/ticaret.edu.tr\/mekatronik-muhendisligi\/ogrenci-topluluklari\/\" \/>\n<meta property=\"og:site_name\" content=\"Mekatronik M\u00fchendisli\u011fi\" \/>\n<meta property=\"article:publisher\" content=\"https:\/\/www.facebook.com\/ticaretedutr\" \/>\n<meta property=\"article:modified_time\" content=\"2025-03-13T11:40:21+00:00\" \/>\n<meta property=\"og:image\" content=\"http:\/\/ticaret.edu.tr\/mekatronik-muhendisligi\/wp-content\/uploads\/sites\/22\/2025\/03\/WhatsApp-Image-2025-03-13-at-14.28.23-300x300.jpeg\" \/>\n<meta name=\"twitter:card\" content=\"summary_large_image\" \/>\n<meta name=\"twitter:site\" content=\"@ticaretedutr\" \/>\n<meta name=\"twitter:label1\" content=\"Tahmini okuma s\u00fcresi\" \/>\n\t<meta name=\"twitter:data1\" content=\"1 dakika\" \/>\n<script type=\"application\/ld+json\" class=\"yoast-schema-graph\">{\"@context\":\"https:\/\/schema.org\",\"@graph\":[{\"@type\":\"WebPage\",\"@id\":\"http:\/\/ticaret.edu.tr\/mekatronik-muhendisligi\/ogrenci-topluluklari\/\",\"url\":\"http:\/\/ticaret.edu.tr\/mekatronik-muhendisligi\/ogrenci-topluluklari\/\",\"name\":\"\u00d6\u011frenci Topluluklar\u0131 - Mekatronik M\u00fchendisli\u011fi\",\"isPartOf\":{\"@id\":\"http:\/\/ticaret.edu.tr\/mekatronik-muhendisligi\/en\/#website\"},\"datePublished\":\"2025-01-26T15:44:05+00:00\",\"dateModified\":\"2025-03-13T11:40:21+00:00\",\"description\":\"\u0130stanbul Ticaret \u00dcniversitesi, U\u00e7ak ve Uzay Bilimleri Toplulu\u011fu'nun yapt\u0131\u011f\u0131 \u00e7al\u0131\u015fmalar hakk\u0131nda bilgi. U\u00e7ak ve Uzay Bilimleri Toplulu\u011fu\",\"breadcrumb\":{\"@id\":\"http:\/\/ticaret.edu.tr\/mekatronik-muhendisligi\/ogrenci-topluluklari\/#breadcrumb\"},\"inLanguage\":\"tr\",\"potentialAction\":[{\"@type\":\"ReadAction\",\"target\":[\"http:\/\/ticaret.edu.tr\/mekatronik-muhendisligi\/ogrenci-topluluklari\/\"]}]},{\"@type\":\"BreadcrumbList\",\"@id\":\"http:\/\/ticaret.edu.tr\/mekatronik-muhendisligi\/ogrenci-topluluklari\/#breadcrumb\",\"itemListElement\":[{\"@type\":\"ListItem\",\"position\":1,\"name\":\"Ana sayfa\",\"item\":\"https:\/\/ticaret.edu.tr\/mekatronik-muhendisligi\/\"},{\"@type\":\"ListItem\",\"position\":2,\"name\":\"\u00d6\u011frenci Topluluklar\u0131\"}]},{\"@type\":\"WebSite\",\"@id\":\"http:\/\/ticaret.edu.tr\/mekatronik-muhendisligi\/en\/#website\",\"url\":\"http:\/\/ticaret.edu.tr\/mekatronik-muhendisligi\/en\/\",\"name\":\"Mekatronik M\u00fchendisli\u011fi\",\"description\":\"\",\"potentialAction\":[{\"@type\":\"SearchAction\",\"target\":{\"@type\":\"EntryPoint\",\"urlTemplate\":\"http:\/\/ticaret.edu.tr\/mekatronik-muhendisligi\/en\/?s={search_term_string}\"},\"query-input\":\"required name=search_term_string\"}],\"inLanguage\":\"tr\"}]}<\/script>\n<!-- \/ Yoast SEO Premium plugin. -->","yoast_head_json":{"title":"\u00d6\u011frenci Topluluklar\u0131 - Mekatronik M\u00fchendisli\u011fi","description":"\u0130stanbul Ticaret \u00dcniversitesi, U\u00e7ak ve Uzay Bilimleri Toplulu\u011fu'nun yapt\u0131\u011f\u0131 \u00e7al\u0131\u015fmalar hakk\u0131nda bilgi. U\u00e7ak ve Uzay Bilimleri Toplulu\u011fu","robots":{"index":"index","follow":"follow","max-snippet":"max-snippet:-1","max-image-preview":"max-image-preview:large","max-video-preview":"max-video-preview:-1"},"canonical":"http:\/\/ticaret.edu.tr\/mekatronik-muhendisligi\/ogrenci-topluluklari\/","og_locale":"tr_TR","og_type":"article","og_title":"\u00d6\u011frenci Topluluklar\u0131","og_description":"\u0130stanbul Ticaret \u00dcniversitesi, U\u00e7ak ve Uzay Bilimleri Toplulu\u011fu'nun yapt\u0131\u011f\u0131 \u00e7al\u0131\u015fmalar hakk\u0131nda bilgi. U\u00e7ak ve Uzay Bilimleri Toplulu\u011fu","og_url":"http:\/\/ticaret.edu.tr\/mekatronik-muhendisligi\/ogrenci-topluluklari\/","og_site_name":"Mekatronik M\u00fchendisli\u011fi","article_publisher":"https:\/\/www.facebook.com\/ticaretedutr","article_modified_time":"2025-03-13T11:40:21+00:00","og_image":[{"url":"http:\/\/ticaret.edu.tr\/mekatronik-muhendisligi\/wp-content\/uploads\/sites\/22\/2025\/03\/WhatsApp-Image-2025-03-13-at-14.28.23-300x300.jpeg"}],"twitter_card":"summary_large_image","twitter_site":"@ticaretedutr","twitter_misc":{"Tahmini okuma s\u00fcresi":"1 dakika"},"schema":{"@context":"https:\/\/schema.org","@graph":[{"@type":"WebPage","@id":"http:\/\/ticaret.edu.tr\/mekatronik-muhendisligi\/ogrenci-topluluklari\/","url":"http:\/\/ticaret.edu.tr\/mekatronik-muhendisligi\/ogrenci-topluluklari\/","name":"\u00d6\u011frenci Topluluklar\u0131 - Mekatronik M\u00fchendisli\u011fi","isPartOf":{"@id":"http:\/\/ticaret.edu.tr\/mekatronik-muhendisligi\/en\/#website"},"datePublished":"2025-01-26T15:44:05+00:00","dateModified":"2025-03-13T11:40:21+00:00","description":"\u0130stanbul Ticaret \u00dcniversitesi, U\u00e7ak ve Uzay Bilimleri Toplulu\u011fu'nun yapt\u0131\u011f\u0131 \u00e7al\u0131\u015fmalar hakk\u0131nda bilgi. U\u00e7ak ve Uzay Bilimleri Toplulu\u011fu","breadcrumb":{"@id":"http:\/\/ticaret.edu.tr\/mekatronik-muhendisligi\/ogrenci-topluluklari\/#breadcrumb"},"inLanguage":"tr","potentialAction":[{"@type":"ReadAction","target":["http:\/\/ticaret.edu.tr\/mekatronik-muhendisligi\/ogrenci-topluluklari\/"]}]},{"@type":"BreadcrumbList","@id":"http:\/\/ticaret.edu.tr\/mekatronik-muhendisligi\/ogrenci-topluluklari\/#breadcrumb","itemListElement":[{"@type":"ListItem","position":1,"name":"Ana sayfa","item":"https:\/\/ticaret.edu.tr\/mekatronik-muhendisligi\/"},{"@type":"ListItem","position":2,"name":"\u00d6\u011frenci Topluluklar\u0131"}]},{"@type":"WebSite","@id":"http:\/\/ticaret.edu.tr\/mekatronik-muhendisligi\/en\/#website","url":"http:\/\/ticaret.edu.tr\/mekatronik-muhendisligi\/en\/","name":"Mekatronik M\u00fchendisli\u011fi","description":"","potentialAction":[{"@type":"SearchAction","target":{"@type":"EntryPoint","urlTemplate":"http:\/\/ticaret.edu.tr\/mekatronik-muhendisligi\/en\/?s={search_term_string}"},"query-input":"required name=search_term_string"}],"inLanguage":"tr"}]}},"lang":"tr","translations":{"en":1000,"tr":777},"pll_sync_post":[],"_links":{"self":[{"href":"http:\/\/ticaret.edu.tr\/mekatronik-muhendisligi\/wp-json\/wp\/v2\/pages\/777"}],"collection":[{"href":"http:\/\/ticaret.edu.tr\/mekatronik-muhendisligi\/wp-json\/wp\/v2\/pages"}],"about":[{"href":"http:\/\/ticaret.edu.tr\/mekatronik-muhendisligi\/wp-json\/wp\/v2\/types\/page"}],"author":[{"embeddable":true,"href":"http:\/\/ticaret.edu.tr\/mekatronik-muhendisligi\/wp-json\/wp\/v2\/users\/226"}],"replies":[{"embeddable":true,"href":"http:\/\/ticaret.edu.tr\/mekatronik-muhendisligi\/wp-json\/wp\/v2\/comments?post=777"}],"version-history":[{"count":4,"href":"http:\/\/ticaret.edu.tr\/mekatronik-muhendisligi\/wp-json\/wp\/v2\/pages\/777\/revisions"}],"predecessor-version":[{"id":1087,"href":"http:\/\/ticaret.edu.tr\/mekatronik-muhendisligi\/wp-json\/wp\/v2\/pages\/777\/revisions\/1087"}],"wp:attachment":[{"href":"http:\/\/ticaret.edu.tr\/mekatronik-muhendisligi\/wp-json\/wp\/v2\/media?parent=777"}],"curies":[{"name":"wp","href":"https:\/\/api.w.org\/{rel}","templated":true}]}}