{"id":779,"date":"2025-01-26T18:44:31","date_gmt":"2025-01-26T15:44:31","guid":{"rendered":"https:\/\/ticaret.edu.tr\/mekatronik-muhendisligi\/?page_id=779"},"modified":"2025-03-12T15:31:16","modified_gmt":"2025-03-12T12:31:16","slug":"sayisal-bilgiler","status":"publish","type":"page","link":"http:\/\/ticaret.edu.tr\/mekatronik-muhendisligi\/sayisal-bilgiler\/","title":{"rendered":"Say\u0131sal Bilgiler"},"content":{"rendered":"<p>Son 5 y\u0131lda b\u00f6l\u00fcm\u00fcm\u00fcze kay\u0131t yapt\u0131ran \u00f6\u011frencilerin \u00d6SYS ba\u015far\u0131 s\u0131ralamalar\u0131 a\u015fa\u011f\u0131daki tabloda verilmi\u015ftir.<\/p>\n<p><img loading=\"lazy\" decoding=\"async\" class=\"alignnone wp-image-1074 size-full\" src=\"http:\/\/ticaret.edu.tr\/mekatronik-muhendisligi\/wp-content\/uploads\/sites\/22\/2025\/03\/sayisal-bilgiler.png\" alt=\"\" width=\"525\" height=\"170\" srcset=\"http:\/\/ticaret.edu.tr\/mekatronik-muhendisligi\/wp-content\/uploads\/sites\/22\/2025\/03\/sayisal-bilgiler.png 525w, http:\/\/ticaret.edu.tr\/mekatronik-muhendisligi\/wp-content\/uploads\/sites\/22\/2025\/03\/sayisal-bilgiler-300x97.png 300w\" sizes=\"(max-width: 525px) 100vw, 525px\" \/><\/p>\n","protected":false},"excerpt":{"rendered":"<p>Son 5 y\u0131lda b\u00f6l\u00fcm\u00fcm\u00fcze kay\u0131t yapt\u0131ran \u00f6\u011frencilerin \u00d6SYS ba\u015far\u0131 s\u0131ralamalar\u0131 a\u015fa\u011f\u0131daki tabloda verilmi\u015ftir.<\/p>\n","protected":false},"author":226,"featured_media":0,"parent":0,"menu_order":0,"comment_status":"closed","ping_status":"closed","template":"genel_sayfa.php","meta":{"footnotes":""},"yoast_head":"<!-- This site is optimized with the Yoast SEO Premium plugin v22.1 (Yoast SEO v22.1) - https:\/\/yoast.com\/wordpress\/plugins\/seo\/ -->\n<title>Say\u0131sal Bilgiler - Mekatronik M\u00fchendisli\u011fi<\/title>\n<meta name=\"robots\" content=\"index, follow, max-snippet:-1, max-image-preview:large, max-video-preview:-1\" \/>\n<link rel=\"canonical\" href=\"http:\/\/ticaret.edu.tr\/mekatronik-muhendisligi\/sayisal-bilgiler\/\" \/>\n<meta property=\"og:locale\" content=\"tr_TR\" \/>\n<meta property=\"og:type\" content=\"article\" \/>\n<meta property=\"og:title\" content=\"Say\u0131sal Bilgiler\" \/>\n<meta property=\"og:description\" content=\"Son 5 y\u0131lda b\u00f6l\u00fcm\u00fcm\u00fcze kay\u0131t yapt\u0131ran \u00f6\u011frencilerin \u00d6SYS ba\u015far\u0131 s\u0131ralamalar\u0131 a\u015fa\u011f\u0131daki tabloda verilmi\u015ftir.\" \/>\n<meta property=\"og:url\" content=\"http:\/\/ticaret.edu.tr\/mekatronik-muhendisligi\/sayisal-bilgiler\/\" \/>\n<meta property=\"og:site_name\" content=\"Mekatronik M\u00fchendisli\u011fi\" \/>\n<meta property=\"article:publisher\" content=\"https:\/\/www.facebook.com\/ticaretedutr\" \/>\n<meta property=\"article:modified_time\" content=\"2025-03-12T12:31:16+00:00\" \/>\n<meta property=\"og:image\" content=\"http:\/\/ticaret.edu.tr\/mekatronik-muhendisligi\/wp-content\/uploads\/sites\/22\/2025\/03\/sayisal-bilgiler.png\" \/>\n<meta name=\"twitter:card\" content=\"summary_large_image\" \/>\n<meta name=\"twitter:site\" content=\"@ticaretedutr\" \/>\n<meta name=\"twitter:label1\" content=\"Tahmini okuma s\u00fcresi\" \/>\n\t<meta name=\"twitter:data1\" content=\"1 dakika\" \/>\n<script type=\"application\/ld+json\" class=\"yoast-schema-graph\">{\"@context\":\"https:\/\/schema.org\",\"@graph\":[{\"@type\":\"WebPage\",\"@id\":\"http:\/\/ticaret.edu.tr\/mekatronik-muhendisligi\/sayisal-bilgiler\/\",\"url\":\"http:\/\/ticaret.edu.tr\/mekatronik-muhendisligi\/sayisal-bilgiler\/\",\"name\":\"Say\u0131sal Bilgiler - Mekatronik M\u00fchendisli\u011fi\",\"isPartOf\":{\"@id\":\"http:\/\/ticaret.edu.tr\/mekatronik-muhendisligi\/en\/#website\"},\"datePublished\":\"2025-01-26T15:44:31+00:00\",\"dateModified\":\"2025-03-12T12:31:16+00:00\",\"breadcrumb\":{\"@id\":\"http:\/\/ticaret.edu.tr\/mekatronik-muhendisligi\/sayisal-bilgiler\/#breadcrumb\"},\"inLanguage\":\"tr\",\"potentialAction\":[{\"@type\":\"ReadAction\",\"target\":[\"http:\/\/ticaret.edu.tr\/mekatronik-muhendisligi\/sayisal-bilgiler\/\"]}]},{\"@type\":\"BreadcrumbList\",\"@id\":\"http:\/\/ticaret.edu.tr\/mekatronik-muhendisligi\/sayisal-bilgiler\/#breadcrumb\",\"itemListElement\":[{\"@type\":\"ListItem\",\"position\":1,\"name\":\"Ana sayfa\",\"item\":\"https:\/\/ticaret.edu.tr\/mekatronik-muhendisligi\/\"},{\"@type\":\"ListItem\",\"position\":2,\"name\":\"Say\u0131sal Bilgiler\"}]},{\"@type\":\"WebSite\",\"@id\":\"http:\/\/ticaret.edu.tr\/mekatronik-muhendisligi\/en\/#website\",\"url\":\"http:\/\/ticaret.edu.tr\/mekatronik-muhendisligi\/en\/\",\"name\":\"Mekatronik M\u00fchendisli\u011fi\",\"description\":\"\",\"potentialAction\":[{\"@type\":\"SearchAction\",\"target\":{\"@type\":\"EntryPoint\",\"urlTemplate\":\"http:\/\/ticaret.edu.tr\/mekatronik-muhendisligi\/en\/?s={search_term_string}\"},\"query-input\":\"required name=search_term_string\"}],\"inLanguage\":\"tr\"}]}<\/script>\n<!-- \/ Yoast SEO Premium plugin. -->","yoast_head_json":{"title":"Say\u0131sal Bilgiler - Mekatronik M\u00fchendisli\u011fi","robots":{"index":"index","follow":"follow","max-snippet":"max-snippet:-1","max-image-preview":"max-image-preview:large","max-video-preview":"max-video-preview:-1"},"canonical":"http:\/\/ticaret.edu.tr\/mekatronik-muhendisligi\/sayisal-bilgiler\/","og_locale":"tr_TR","og_type":"article","og_title":"Say\u0131sal Bilgiler","og_description":"Son 5 y\u0131lda b\u00f6l\u00fcm\u00fcm\u00fcze kay\u0131t yapt\u0131ran \u00f6\u011frencilerin \u00d6SYS ba\u015far\u0131 s\u0131ralamalar\u0131 a\u015fa\u011f\u0131daki tabloda verilmi\u015ftir.","og_url":"http:\/\/ticaret.edu.tr\/mekatronik-muhendisligi\/sayisal-bilgiler\/","og_site_name":"Mekatronik M\u00fchendisli\u011fi","article_publisher":"https:\/\/www.facebook.com\/ticaretedutr","article_modified_time":"2025-03-12T12:31:16+00:00","og_image":[{"url":"http:\/\/ticaret.edu.tr\/mekatronik-muhendisligi\/wp-content\/uploads\/sites\/22\/2025\/03\/sayisal-bilgiler.png"}],"twitter_card":"summary_large_image","twitter_site":"@ticaretedutr","twitter_misc":{"Tahmini okuma s\u00fcresi":"1 dakika"},"schema":{"@context":"https:\/\/schema.org","@graph":[{"@type":"WebPage","@id":"http:\/\/ticaret.edu.tr\/mekatronik-muhendisligi\/sayisal-bilgiler\/","url":"http:\/\/ticaret.edu.tr\/mekatronik-muhendisligi\/sayisal-bilgiler\/","name":"Say\u0131sal Bilgiler - Mekatronik M\u00fchendisli\u011fi","isPartOf":{"@id":"http:\/\/ticaret.edu.tr\/mekatronik-muhendisligi\/en\/#website"},"datePublished":"2025-01-26T15:44:31+00:00","dateModified":"2025-03-12T12:31:16+00:00","breadcrumb":{"@id":"http:\/\/ticaret.edu.tr\/mekatronik-muhendisligi\/sayisal-bilgiler\/#breadcrumb"},"inLanguage":"tr","potentialAction":[{"@type":"ReadAction","target":["http:\/\/ticaret.edu.tr\/mekatronik-muhendisligi\/sayisal-bilgiler\/"]}]},{"@type":"BreadcrumbList","@id":"http:\/\/ticaret.edu.tr\/mekatronik-muhendisligi\/sayisal-bilgiler\/#breadcrumb","itemListElement":[{"@type":"ListItem","position":1,"name":"Ana sayfa","item":"https:\/\/ticaret.edu.tr\/mekatronik-muhendisligi\/"},{"@type":"ListItem","position":2,"name":"Say\u0131sal Bilgiler"}]},{"@type":"WebSite","@id":"http:\/\/ticaret.edu.tr\/mekatronik-muhendisligi\/en\/#website","url":"http:\/\/ticaret.edu.tr\/mekatronik-muhendisligi\/en\/","name":"Mekatronik M\u00fchendisli\u011fi","description":"","potentialAction":[{"@type":"SearchAction","target":{"@type":"EntryPoint","urlTemplate":"http:\/\/ticaret.edu.tr\/mekatronik-muhendisligi\/en\/?s={search_term_string}"},"query-input":"required name=search_term_string"}],"inLanguage":"tr"}]}},"lang":"tr","translations":{"tr":779,"en":819},"pll_sync_post":[],"_links":{"self":[{"href":"http:\/\/ticaret.edu.tr\/mekatronik-muhendisligi\/wp-json\/wp\/v2\/pages\/779"}],"collection":[{"href":"http:\/\/ticaret.edu.tr\/mekatronik-muhendisligi\/wp-json\/wp\/v2\/pages"}],"about":[{"href":"http:\/\/ticaret.edu.tr\/mekatronik-muhendisligi\/wp-json\/wp\/v2\/types\/page"}],"author":[{"embeddable":true,"href":"http:\/\/ticaret.edu.tr\/mekatronik-muhendisligi\/wp-json\/wp\/v2\/users\/226"}],"replies":[{"embeddable":true,"href":"http:\/\/ticaret.edu.tr\/mekatronik-muhendisligi\/wp-json\/wp\/v2\/comments?post=779"}],"version-history":[{"count":3,"href":"http:\/\/ticaret.edu.tr\/mekatronik-muhendisligi\/wp-json\/wp\/v2\/pages\/779\/revisions"}],"predecessor-version":[{"id":1075,"href":"http:\/\/ticaret.edu.tr\/mekatronik-muhendisligi\/wp-json\/wp\/v2\/pages\/779\/revisions\/1075"}],"wp:attachment":[{"href":"http:\/\/ticaret.edu.tr\/mekatronik-muhendisligi\/wp-json\/wp\/v2\/media?parent=779"}],"curies":[{"name":"wp","href":"https:\/\/api.w.org\/{rel}","templated":true}]}}