{"id":808,"date":"2025-01-26T19:09:36","date_gmt":"2025-01-26T16:09:36","guid":{"rendered":"https:\/\/ticaret.edu.tr\/mekatronik-muhendisligi\/?page_id=808"},"modified":"2025-12-23T10:02:48","modified_gmt":"2025-12-23T07:02:48","slug":"bolum-danisma-kurulu","status":"publish","type":"page","link":"http:\/\/ticaret.edu.tr\/mekatronik-muhendisligi\/bolum-danisma-kurulu\/","title":{"rendered":"B\u00f6l\u00fcm Dan\u0131\u015fma Kurulu"},"content":{"rendered":"<table width=\"853\">\n<tbody>\n<tr>\n<td colspan=\"4\" width=\"853\">Mekatronik M\u00fchendisli\u011fi B\u00f6l\u00fcm\u00fc<\/td>\n<\/tr>\n<tr>\n<td colspan=\"4\" width=\"853\">B\u00f6l\u00fcm Dan\u0131\u015fma Kurulu \u00dcyeleri<\/td>\n<\/tr>\n<tr>\n<td colspan=\"4\" width=\"853\">B\u00f6l\u00fcm Ba\u015fkan\u0131<\/td>\n<\/tr>\n<tr>\n<td colspan=\"4\" width=\"853\">B\u00f6l\u00fcm \u00d6\u011fretim \u00dcyeleri<\/td>\n<\/tr>\n<tr>\n<td colspan=\"4\" width=\"853\">B\u00f6l\u00fcm Kalite Elcisi<\/td>\n<\/tr>\n<tr>\n<td colspan=\"4\" width=\"853\">B\u00f6l\u00fcm \u00d6\u011frenci Temsilcisi<\/td>\n<\/tr>\n<tr>\n<td colspan=\"4\" width=\"853\">B\u00f6l\u00fcm Dan\u0131\u015fma Kurulu \u00dcyeleri (Kurum D\u0131\u015f\u0131 \u00dcyeler)<\/td>\n<\/tr>\n<tr>\n<td width=\"76\">S\u0131ra No<\/td>\n<td width=\"198\">Ad\u0131-Soyad\u0131<\/td>\n<td width=\"204\">Kurumu<\/td>\n<td width=\"375\">G\u00f6revi<\/td>\n<\/tr>\n<tr>\n<td width=\"76\">1<\/td>\n<td width=\"198\">Do\u00e7. Dr. Rafet \u00d6zdemir<\/td>\n<td width=\"204\">Marmara \u00dcniversitesi<\/td>\n<td width=\"375\">Makine M\u00fchendisli\u011fi B\u00f6l\u00fcm\u00fc \u00d6\u011fretim \u00dcyesi<\/td>\n<\/tr>\n<tr>\n<td width=\"76\">2<\/td>\n<td width=\"198\">Dr. \u00d6\u011fr. \u00dcyesi Ertu\u011frul \u00c7etinsoy<\/td>\n<td width=\"204\">Marmara \u00dcniversitesi<\/td>\n<td width=\"375\">Mekatronik M\u00fchendisli\u011fi B\u00f6l\u00fcm\u00fc \u00d6\u011fretim \u00dcyesi<\/td>\n<\/tr>\n<tr>\n<td width=\"76\">3<\/td>\n<td width=\"198\">Mehmet Akif \u00d6zyurt<\/td>\n<td width=\"204\">Hassas M\u00fchendislik<\/td>\n<td width=\"375\">Genel M\u00fcd\u00fcr<\/td>\n<\/tr>\n<tr>\n<td width=\"76\">4<\/td>\n<td width=\"198\">Ayhan Etyemez<\/td>\n<td width=\"204\">Nikken Octo M\u00fchendislik<\/td>\n<td width=\"375\">Genel M\u00fcd\u00fcr<\/td>\n<\/tr>\n<tr>\n<td width=\"76\">5<\/td>\n<td width=\"198\">Enver Kaya<\/td>\n<td width=\"204\">\u0130TO<\/td>\n<td width=\"375\">Tak\u0131m Tezgahlar\u0131 ve Otomasyon Meslek Komitesi \u00dcyesi<\/td>\n<\/tr>\n<tr>\n<td width=\"76\">6<\/td>\n<td width=\"198\">Furkan Solmazg\u00fcl<\/td>\n<td>HSB Solutions<\/td>\n<td>Modelleme ve sim\u00fclasyon M\u00fchendisi<\/td>\n<\/tr>\n<tr>\n<td width=\"76\">7<\/td>\n<td width=\"198\">Muhammet Mustafa \u00dcnver<\/td>\n<td>NISO Software Technologies<\/td>\n<td>Uzman Yaz\u0131l\u0131m M\u00fchendisi<\/td>\n<\/tr>\n<tr>\n<td width=\"76\">8<\/td>\n<td>Ahmet Hulusi \u00d6z<\/td>\n<td>TAI<\/td>\n<td>Tasar\u0131m M\u00fchendisi<\/td>\n<\/tr>\n<tr>\n<td width=\"76\">9<\/td>\n<td>Muhlis Akkaya<\/td>\n<td>TEI<\/td>\n<td>\u00dcr\u00fcn Ya\u015fam D\u00f6ng\u00fcs\u00fc Y\u00f6netim Uzman\u0131<\/td>\n<\/tr>\n<tr>\n<td width=\"76\">10<\/td>\n<td>Sena Ta\u015ftan<\/td>\n<td>Baykar<\/td>\n<td>Uzman M\u00fchendis<\/td>\n<\/tr>\n<tr>\n<td width=\"76\">11<\/td>\n<td>Burak Feray<\/td>\n<td>THY Teknik<\/td>\n<td>Uzman M\u00fchendis<\/td>\n<\/tr>\n<tr>\n<td width=\"76\">12<\/td>\n<td>\u0130lkay Osman Alt\u0131nay<\/td>\n<td>TAI<\/td>\n<td>Tasar\u0131m M\u00fchendisi<\/td>\n<\/tr>\n<tr>\n<td width=\"76\">13<\/td>\n<td width=\"198\">L\u00fctfullah Emre Top<\/td>\n<td width=\"204\">ASELSAN<\/td>\n<td>Tasar\u0131m M\u00fchendisi<\/td>\n<\/tr>\n<\/tbody>\n<\/table>\n<p><a href=\"http:\/\/ticaret.edu.tr\/mekatronik-muhendisligi\/wp-content\/uploads\/sites\/22\/2025\/12\/08.05.2025-Toplanti-Tutanagi.pdf\">2025 D\u0131\u015f Payda\u015f Toplant\u0131 Tutana\u011f\u0131<\/a><\/p>\n<p><a href=\"http:\/\/ticaret.edu.tr\/mekatronik-muhendisligi\/wp-content\/uploads\/sites\/22\/2025\/12\/Mekatronik-Muh.-Bolumu-Kalite-Komisyon-Tutanagi.pdf\">2025 B\u00f6l\u00fcm Kalite Komisyonu Toplant\u0131 Tutana\u011f\u0131<\/a><\/p>\n","protected":false},"excerpt":{"rendered":"<p>Mekatronik M\u00fchendisli\u011fi B\u00f6l\u00fcm\u00fc B\u00f6l\u00fcm Dan\u0131\u015fma Kurulu \u00dcyeleri B\u00f6l\u00fcm Ba\u015fkan\u0131 B\u00f6l\u00fcm \u00d6\u011fretim \u00dcyeleri B\u00f6l\u00fcm Kalite Elcisi B\u00f6l\u00fcm \u00d6\u011frenci Temsilcisi B\u00f6l\u00fcm Dan\u0131\u015fma Kurulu \u00dcyeleri (Kurum D\u0131\u015f\u0131 \u00dcyeler) S\u0131ra No Ad\u0131-Soyad\u0131 Kurumu G\u00f6revi 1 Do\u00e7. Dr. Rafet \u00d6zdemir Marmara \u00dcniversitesi Makine M\u00fchendisli\u011fi B\u00f6l\u00fcm\u00fc \u00d6\u011fretim \u00dcyesi 2 Dr. \u00d6\u011fr. \u00dcyesi Ertu\u011frul \u00c7etinsoy Marmara \u00dcniversitesi Mekatronik M\u00fchendisli\u011fi B\u00f6l\u00fcm\u00fc \u00d6\u011fretim \u00dcyesi [&hellip;]<\/p>\n","protected":false},"author":226,"featured_media":0,"parent":0,"menu_order":0,"comment_status":"closed","ping_status":"closed","template":"genel_sayfa.php","meta":{"footnotes":""},"yoast_head":"<!-- This site is optimized with the Yoast SEO Premium plugin v22.1 (Yoast SEO v22.1) - https:\/\/yoast.com\/wordpress\/plugins\/seo\/ -->\n<title>B\u00f6l\u00fcm Dan\u0131\u015fma Kurulu - Mekatronik M\u00fchendisli\u011fi<\/title>\n<meta name=\"robots\" content=\"index, follow, max-snippet:-1, max-image-preview:large, max-video-preview:-1\" \/>\n<link rel=\"canonical\" href=\"https:\/\/ticaret.edu.tr\/mekatronik-muhendisligi\/bolum-danisma-kurulu\/\" \/>\n<meta property=\"og:locale\" content=\"tr_TR\" \/>\n<meta property=\"og:type\" content=\"article\" \/>\n<meta property=\"og:title\" content=\"B\u00f6l\u00fcm Dan\u0131\u015fma Kurulu\" \/>\n<meta property=\"og:description\" content=\"Mekatronik M\u00fchendisli\u011fi B\u00f6l\u00fcm\u00fc B\u00f6l\u00fcm Dan\u0131\u015fma Kurulu \u00dcyeleri B\u00f6l\u00fcm Ba\u015fkan\u0131 B\u00f6l\u00fcm \u00d6\u011fretim \u00dcyeleri B\u00f6l\u00fcm Kalite Elcisi B\u00f6l\u00fcm \u00d6\u011frenci Temsilcisi B\u00f6l\u00fcm Dan\u0131\u015fma Kurulu \u00dcyeleri (Kurum D\u0131\u015f\u0131 \u00dcyeler) S\u0131ra No Ad\u0131-Soyad\u0131 Kurumu G\u00f6revi 1 Do\u00e7. Dr. Rafet \u00d6zdemir Marmara \u00dcniversitesi Makine M\u00fchendisli\u011fi B\u00f6l\u00fcm\u00fc \u00d6\u011fretim \u00dcyesi 2 Dr. \u00d6\u011fr. \u00dcyesi Ertu\u011frul \u00c7etinsoy Marmara \u00dcniversitesi Mekatronik M\u00fchendisli\u011fi B\u00f6l\u00fcm\u00fc \u00d6\u011fretim \u00dcyesi [&hellip;]\" \/>\n<meta property=\"og:url\" content=\"https:\/\/ticaret.edu.tr\/mekatronik-muhendisligi\/bolum-danisma-kurulu\/\" \/>\n<meta property=\"og:site_name\" content=\"Mekatronik M\u00fchendisli\u011fi\" \/>\n<meta property=\"article:publisher\" content=\"https:\/\/www.facebook.com\/ticaretedutr\" \/>\n<meta property=\"article:modified_time\" content=\"2025-12-23T07:02:48+00:00\" \/>\n<meta property=\"og:image\" content=\"http:\/\/ticaret.edu.tr\/mekatronik-muhendisligi\/wp-content\/uploads\/sites\/22\/2021\/11\/web_logo-01.jpg\" \/>\n\t<meta property=\"og:image:width\" content=\"1250\" \/>\n\t<meta property=\"og:image:height\" content=\"833\" \/>\n\t<meta property=\"og:image:type\" content=\"image\/jpeg\" \/>\n<meta name=\"twitter:card\" content=\"summary_large_image\" \/>\n<meta name=\"twitter:site\" content=\"@ticaretedutr\" \/>\n<meta name=\"twitter:label1\" content=\"Tahmini okuma s\u00fcresi\" \/>\n\t<meta name=\"twitter:data1\" content=\"1 dakika\" \/>\n<script type=\"application\/ld+json\" class=\"yoast-schema-graph\">{\"@context\":\"https:\/\/schema.org\",\"@graph\":[{\"@type\":\"WebPage\",\"@id\":\"https:\/\/ticaret.edu.tr\/mekatronik-muhendisligi\/bolum-danisma-kurulu\/\",\"url\":\"https:\/\/ticaret.edu.tr\/mekatronik-muhendisligi\/bolum-danisma-kurulu\/\",\"name\":\"B\u00f6l\u00fcm Dan\u0131\u015fma Kurulu - Mekatronik M\u00fchendisli\u011fi\",\"isPartOf\":{\"@id\":\"http:\/\/ticaret.edu.tr\/mekatronik-muhendisligi\/en\/#website\"},\"datePublished\":\"2025-01-26T16:09:36+00:00\",\"dateModified\":\"2025-12-23T07:02:48+00:00\",\"breadcrumb\":{\"@id\":\"https:\/\/ticaret.edu.tr\/mekatronik-muhendisligi\/bolum-danisma-kurulu\/#breadcrumb\"},\"inLanguage\":\"tr\",\"potentialAction\":[{\"@type\":\"ReadAction\",\"target\":[\"https:\/\/ticaret.edu.tr\/mekatronik-muhendisligi\/bolum-danisma-kurulu\/\"]}]},{\"@type\":\"BreadcrumbList\",\"@id\":\"https:\/\/ticaret.edu.tr\/mekatronik-muhendisligi\/bolum-danisma-kurulu\/#breadcrumb\",\"itemListElement\":[{\"@type\":\"ListItem\",\"position\":1,\"name\":\"Ana sayfa\",\"item\":\"https:\/\/ticaret.edu.tr\/mekatronik-muhendisligi\/\"},{\"@type\":\"ListItem\",\"position\":2,\"name\":\"B\u00f6l\u00fcm Dan\u0131\u015fma Kurulu\"}]},{\"@type\":\"WebSite\",\"@id\":\"http:\/\/ticaret.edu.tr\/mekatronik-muhendisligi\/en\/#website\",\"url\":\"http:\/\/ticaret.edu.tr\/mekatronik-muhendisligi\/en\/\",\"name\":\"Mekatronik M\u00fchendisli\u011fi\",\"description\":\"\",\"potentialAction\":[{\"@type\":\"SearchAction\",\"target\":{\"@type\":\"EntryPoint\",\"urlTemplate\":\"http:\/\/ticaret.edu.tr\/mekatronik-muhendisligi\/en\/?s={search_term_string}\"},\"query-input\":\"required name=search_term_string\"}],\"inLanguage\":\"tr\"}]}<\/script>\n<!-- \/ Yoast SEO Premium plugin. -->","yoast_head_json":{"title":"B\u00f6l\u00fcm Dan\u0131\u015fma Kurulu - Mekatronik M\u00fchendisli\u011fi","robots":{"index":"index","follow":"follow","max-snippet":"max-snippet:-1","max-image-preview":"max-image-preview:large","max-video-preview":"max-video-preview:-1"},"canonical":"https:\/\/ticaret.edu.tr\/mekatronik-muhendisligi\/bolum-danisma-kurulu\/","og_locale":"tr_TR","og_type":"article","og_title":"B\u00f6l\u00fcm Dan\u0131\u015fma Kurulu","og_description":"Mekatronik M\u00fchendisli\u011fi B\u00f6l\u00fcm\u00fc B\u00f6l\u00fcm Dan\u0131\u015fma Kurulu \u00dcyeleri B\u00f6l\u00fcm Ba\u015fkan\u0131 B\u00f6l\u00fcm \u00d6\u011fretim \u00dcyeleri B\u00f6l\u00fcm Kalite Elcisi B\u00f6l\u00fcm \u00d6\u011frenci Temsilcisi B\u00f6l\u00fcm Dan\u0131\u015fma Kurulu \u00dcyeleri (Kurum D\u0131\u015f\u0131 \u00dcyeler) S\u0131ra No Ad\u0131-Soyad\u0131 Kurumu G\u00f6revi 1 Do\u00e7. Dr. Rafet \u00d6zdemir Marmara \u00dcniversitesi Makine M\u00fchendisli\u011fi B\u00f6l\u00fcm\u00fc \u00d6\u011fretim \u00dcyesi 2 Dr. \u00d6\u011fr. \u00dcyesi Ertu\u011frul \u00c7etinsoy Marmara \u00dcniversitesi Mekatronik M\u00fchendisli\u011fi B\u00f6l\u00fcm\u00fc \u00d6\u011fretim \u00dcyesi [&hellip;]","og_url":"https:\/\/ticaret.edu.tr\/mekatronik-muhendisligi\/bolum-danisma-kurulu\/","og_site_name":"Mekatronik M\u00fchendisli\u011fi","article_publisher":"https:\/\/www.facebook.com\/ticaretedutr","article_modified_time":"2025-12-23T07:02:48+00:00","og_image":[{"width":1250,"height":833,"url":"http:\/\/ticaret.edu.tr\/mekatronik-muhendisligi\/wp-content\/uploads\/sites\/22\/2021\/11\/web_logo-01.jpg","type":"image\/jpeg"}],"twitter_card":"summary_large_image","twitter_site":"@ticaretedutr","twitter_misc":{"Tahmini okuma s\u00fcresi":"1 dakika"},"schema":{"@context":"https:\/\/schema.org","@graph":[{"@type":"WebPage","@id":"https:\/\/ticaret.edu.tr\/mekatronik-muhendisligi\/bolum-danisma-kurulu\/","url":"https:\/\/ticaret.edu.tr\/mekatronik-muhendisligi\/bolum-danisma-kurulu\/","name":"B\u00f6l\u00fcm Dan\u0131\u015fma Kurulu - Mekatronik M\u00fchendisli\u011fi","isPartOf":{"@id":"http:\/\/ticaret.edu.tr\/mekatronik-muhendisligi\/en\/#website"},"datePublished":"2025-01-26T16:09:36+00:00","dateModified":"2025-12-23T07:02:48+00:00","breadcrumb":{"@id":"https:\/\/ticaret.edu.tr\/mekatronik-muhendisligi\/bolum-danisma-kurulu\/#breadcrumb"},"inLanguage":"tr","potentialAction":[{"@type":"ReadAction","target":["https:\/\/ticaret.edu.tr\/mekatronik-muhendisligi\/bolum-danisma-kurulu\/"]}]},{"@type":"BreadcrumbList","@id":"https:\/\/ticaret.edu.tr\/mekatronik-muhendisligi\/bolum-danisma-kurulu\/#breadcrumb","itemListElement":[{"@type":"ListItem","position":1,"name":"Ana sayfa","item":"https:\/\/ticaret.edu.tr\/mekatronik-muhendisligi\/"},{"@type":"ListItem","position":2,"name":"B\u00f6l\u00fcm Dan\u0131\u015fma Kurulu"}]},{"@type":"WebSite","@id":"http:\/\/ticaret.edu.tr\/mekatronik-muhendisligi\/en\/#website","url":"http:\/\/ticaret.edu.tr\/mekatronik-muhendisligi\/en\/","name":"Mekatronik M\u00fchendisli\u011fi","description":"","potentialAction":[{"@type":"SearchAction","target":{"@type":"EntryPoint","urlTemplate":"http:\/\/ticaret.edu.tr\/mekatronik-muhendisligi\/en\/?s={search_term_string}"},"query-input":"required name=search_term_string"}],"inLanguage":"tr"}]}},"lang":"tr","translations":{"tr":808,"en":942},"pll_sync_post":[],"_links":{"self":[{"href":"http:\/\/ticaret.edu.tr\/mekatronik-muhendisligi\/wp-json\/wp\/v2\/pages\/808"}],"collection":[{"href":"http:\/\/ticaret.edu.tr\/mekatronik-muhendisligi\/wp-json\/wp\/v2\/pages"}],"about":[{"href":"http:\/\/ticaret.edu.tr\/mekatronik-muhendisligi\/wp-json\/wp\/v2\/types\/page"}],"author":[{"embeddable":true,"href":"http:\/\/ticaret.edu.tr\/mekatronik-muhendisligi\/wp-json\/wp\/v2\/users\/226"}],"replies":[{"embeddable":true,"href":"http:\/\/ticaret.edu.tr\/mekatronik-muhendisligi\/wp-json\/wp\/v2\/comments?post=808"}],"version-history":[{"count":5,"href":"http:\/\/ticaret.edu.tr\/mekatronik-muhendisligi\/wp-json\/wp\/v2\/pages\/808\/revisions"}],"predecessor-version":[{"id":1168,"href":"http:\/\/ticaret.edu.tr\/mekatronik-muhendisligi\/wp-json\/wp\/v2\/pages\/808\/revisions\/1168"}],"wp:attachment":[{"href":"http:\/\/ticaret.edu.tr\/mekatronik-muhendisligi\/wp-json\/wp\/v2\/media?parent=808"}],"curies":[{"name":"wp","href":"https:\/\/api.w.org\/{rel}","templated":true}]}}