{"id":183,"date":"2023-01-20T16:27:15","date_gmt":"2023-01-20T13:27:15","guid":{"rendered":"https:\/\/ticaret.edu.tr\/meslek-yuksekokulu\/?page_id=183"},"modified":"2026-04-16T08:55:57","modified_gmt":"2026-04-16T05:55:57","slug":"meslek-yuksekokulu-sekreterligi","status":"publish","type":"page","link":"http:\/\/ticaret.edu.tr\/meslek-yuksekokulu\/mudur\/meslek-yuksekokulu-sekreterligi\/","title":{"rendered":"Meslek Y\u00fcksekokulu Sekreterli\u011fi"},"content":{"rendered":"<div class=\"table-responsive\">\n<table class=\"table\">\n<tbody>\n<tr>\n<td><strong>ADI VE SOYADI<\/strong><\/td>\n<td><strong>G\u00d6REV\u0130<\/strong><\/td>\n<td><strong>E-POSTA ADRES\u0130<\/strong><\/td>\n<td><strong>DAH\u0130L\u0130 TELEFON<\/strong><\/td>\n<\/tr>\n<tr>\n<td>T\u00fczem Demirel<\/td>\n<td>Meslek Y\u00fcksekokulu Sekreteri<\/td>\n<td><a href=\"mailto:tsenturk@ticaret.edu.tr\">tsenturk@ticaret.edu.tr<\/a><\/td>\n<td>3221<\/td>\n<\/tr>\n<tr>\n<td>Ahmet Nuri Aslan<\/td>\n<td>Meslek Y\u00fcksekokulu \u00d6\u011frenci \u0130\u015fleri<\/td>\n<td>anaslan@ticaret.edu.tr<\/td>\n<td>4432<\/td>\n<\/tr>\n<tr>\n<td>Bur\u00e7in Sar\u0131 Agopyan<\/td>\n<td>Meslek Y\u00fcksekokulu \u00d6\u011frenci \u0130\u015fleri<\/td>\n<td>bsari@ticaret.edu.tr<\/td>\n<td><\/td>\n<\/tr>\n<tr>\n<td colspan=\"4\">Meslek Y\u00fcksekokulu\u00a0\u00a0\u00a0\u00a0\u00a0\u00a0\u00a0\u00a0\u00a0 E-posta:\u00a0<u><a href=\"mailto:myo@ticaret.edu.tr\">myo@ticaret.edu.tr<\/a><\/u><\/td>\n<\/tr>\n<\/tbody>\n<\/table>\n<p><a href=\"https:\/\/ticaret.edu.tr\/meslek-yuksekokulu\/mudur\/kurullar\/\">Meslek Y\u00fcksekokulu Kurulu ve Y\u00f6netim Kurulu \u00dcyelerini G\u00f6r\u00fcnt\u00fclemek \u0130\u00e7in T\u0131klay\u0131n\u0131z<\/a><\/p>\n<p>&nbsp;<\/p>\n<\/div>\n","protected":false},"excerpt":{"rendered":"<p>ADI VE SOYADI G\u00d6REV\u0130 E-POSTA ADRES\u0130 DAH\u0130L\u0130 TELEFON T\u00fczem Demirel Meslek Y\u00fcksekokulu Sekreteri tsenturk@ticaret.edu.tr 3221 Ahmet Nuri Aslan Meslek Y\u00fcksekokulu \u00d6\u011frenci \u0130\u015fleri anaslan@ticaret.edu.tr 4432 Bur\u00e7in Sar\u0131 Agopyan Meslek Y\u00fcksekokulu \u00d6\u011frenci \u0130\u015fleri bsari@ticaret.edu.tr Meslek Y\u00fcksekokulu\u00a0\u00a0\u00a0\u00a0\u00a0\u00a0\u00a0\u00a0\u00a0 E-posta:\u00a0myo@ticaret.edu.tr Meslek Y\u00fcksekokulu Kurulu ve Y\u00f6netim Kurulu \u00dcyelerini G\u00f6r\u00fcnt\u00fclemek \u0130\u00e7in T\u0131klay\u0131n\u0131z &nbsp;<\/p>\n","protected":false},"author":149,"featured_media":0,"parent":279,"menu_order":0,"comment_status":"closed","ping_status":"closed","template":"genel_sayfa.php","meta":{"footnotes":""},"yoast_head":"<!-- This site is optimized with the Yoast SEO Premium plugin v22.1 (Yoast SEO v22.1) - https:\/\/yoast.com\/wordpress\/plugins\/seo\/ -->\n<title>Meslek Y\u00fcksekokulu Sekreterli\u011fi - Meslek Y\u00fcksekokulu<\/title>\n<meta name=\"robots\" content=\"index, follow, max-snippet:-1, max-image-preview:large, max-video-preview:-1\" \/>\n<link rel=\"canonical\" href=\"http:\/\/ticaret.edu.tr\/meslek-yuksekokulu\/mudur\/meslek-yuksekokulu-sekreterligi\/\" \/>\n<meta property=\"og:locale\" content=\"tr_TR\" \/>\n<meta property=\"og:type\" content=\"article\" \/>\n<meta property=\"og:title\" content=\"Meslek Y\u00fcksekokulu Sekreterli\u011fi\" \/>\n<meta property=\"og:description\" content=\"ADI VE SOYADI G\u00d6REV\u0130 E-POSTA ADRES\u0130 DAH\u0130L\u0130 TELEFON T\u00fczem Demirel Meslek Y\u00fcksekokulu Sekreteri tsenturk@ticaret.edu.tr 3221 Ahmet Nuri Aslan Meslek Y\u00fcksekokulu \u00d6\u011frenci \u0130\u015fleri anaslan@ticaret.edu.tr 4432 Bur\u00e7in Sar\u0131 Agopyan Meslek Y\u00fcksekokulu \u00d6\u011frenci \u0130\u015fleri bsari@ticaret.edu.tr Meslek Y\u00fcksekokulu\u00a0\u00a0\u00a0\u00a0\u00a0\u00a0\u00a0\u00a0\u00a0 E-posta:\u00a0myo@ticaret.edu.tr Meslek Y\u00fcksekokulu Kurulu ve Y\u00f6netim Kurulu \u00dcyelerini G\u00f6r\u00fcnt\u00fclemek \u0130\u00e7in T\u0131klay\u0131n\u0131z &nbsp;\" \/>\n<meta property=\"og:url\" content=\"http:\/\/ticaret.edu.tr\/meslek-yuksekokulu\/mudur\/meslek-yuksekokulu-sekreterligi\/\" \/>\n<meta property=\"og:site_name\" content=\"Meslek Y\u00fcksekokulu\" \/>\n<meta property=\"article:publisher\" content=\"https:\/\/www.facebook.com\/ticaretedutr\" \/>\n<meta property=\"article:modified_time\" content=\"2026-04-16T05:55:57+00:00\" \/>\n<meta name=\"twitter:card\" content=\"summary_large_image\" \/>\n<meta name=\"twitter:site\" content=\"@ticaretedutr\" \/>\n<meta name=\"twitter:label1\" content=\"Tahmini okuma s\u00fcresi\" \/>\n\t<meta name=\"twitter:data1\" content=\"1 dakika\" \/>\n<script type=\"application\/ld+json\" class=\"yoast-schema-graph\">{\"@context\":\"https:\/\/schema.org\",\"@graph\":[{\"@type\":\"WebPage\",\"@id\":\"http:\/\/ticaret.edu.tr\/meslek-yuksekokulu\/mudur\/meslek-yuksekokulu-sekreterligi\/\",\"url\":\"http:\/\/ticaret.edu.tr\/meslek-yuksekokulu\/mudur\/meslek-yuksekokulu-sekreterligi\/\",\"name\":\"Meslek Y\u00fcksekokulu Sekreterli\u011fi - Meslek Y\u00fcksekokulu\",\"isPartOf\":{\"@id\":\"https:\/\/ticaret.edu.tr\/meslek-yuksekokulu\/#website\"},\"datePublished\":\"2023-01-20T13:27:15+00:00\",\"dateModified\":\"2026-04-16T05:55:57+00:00\",\"breadcrumb\":{\"@id\":\"http:\/\/ticaret.edu.tr\/meslek-yuksekokulu\/mudur\/meslek-yuksekokulu-sekreterligi\/#breadcrumb\"},\"inLanguage\":\"tr\",\"potentialAction\":[{\"@type\":\"ReadAction\",\"target\":[\"http:\/\/ticaret.edu.tr\/meslek-yuksekokulu\/mudur\/meslek-yuksekokulu-sekreterligi\/\"]}]},{\"@type\":\"BreadcrumbList\",\"@id\":\"http:\/\/ticaret.edu.tr\/meslek-yuksekokulu\/mudur\/meslek-yuksekokulu-sekreterligi\/#breadcrumb\",\"itemListElement\":[{\"@type\":\"ListItem\",\"position\":1,\"name\":\"Ana sayfa\",\"item\":\"https:\/\/ticaret.edu.tr\/meslek-yuksekokulu\/\"},{\"@type\":\"ListItem\",\"position\":2,\"name\":\"M\u00fcd\u00fcrl\u00fck\",\"item\":\"https:\/\/ticaret.edu.tr\/meslek-yuksekokulu\/mudur\/\"},{\"@type\":\"ListItem\",\"position\":3,\"name\":\"Meslek Y\u00fcksekokulu Sekreterli\u011fi\"}]},{\"@type\":\"WebSite\",\"@id\":\"https:\/\/ticaret.edu.tr\/meslek-yuksekokulu\/#website\",\"url\":\"https:\/\/ticaret.edu.tr\/meslek-yuksekokulu\/\",\"name\":\"Meslek Y\u00fcksekokulu\",\"description\":\"\u0130stanbul Ticaret \u00dcniversitesi\",\"publisher\":{\"@id\":\"https:\/\/ticaret.edu.tr\/meslek-yuksekokulu\/#organization\"},\"potentialAction\":[{\"@type\":\"SearchAction\",\"target\":{\"@type\":\"EntryPoint\",\"urlTemplate\":\"https:\/\/ticaret.edu.tr\/meslek-yuksekokulu\/?s={search_term_string}\"},\"query-input\":\"required name=search_term_string\"}],\"inLanguage\":\"tr\"},{\"@type\":\"Organization\",\"@id\":\"https:\/\/ticaret.edu.tr\/meslek-yuksekokulu\/#organization\",\"name\":\"\u0130stanbul Ticaret \u00dcniversitesi\",\"url\":\"https:\/\/ticaret.edu.tr\/meslek-yuksekokulu\/\",\"logo\":{\"@type\":\"ImageObject\",\"inLanguage\":\"tr\",\"@id\":\"https:\/\/ticaret.edu.tr\/meslek-yuksekokulu\/#\/schema\/logo\/image\/\",\"url\":\"https:\/\/ticaret.edu.tr\/wp-content\/uploads\/2021\/11\/logo22.png\",\"contentUrl\":\"https:\/\/ticaret.edu.tr\/wp-content\/uploads\/2021\/11\/logo22.png\",\"width\":172,\"height\":112,\"caption\":\"\u0130stanbul Ticaret \u00dcniversitesi\"},\"image\":{\"@id\":\"https:\/\/ticaret.edu.tr\/meslek-yuksekokulu\/#\/schema\/logo\/image\/\"},\"sameAs\":[\"https:\/\/www.facebook.com\/ticaretedutr\",\"https:\/\/twitter.com\/ticaretedutr\"]}]}<\/script>\n<!-- \/ Yoast SEO Premium plugin. -->","yoast_head_json":{"title":"Meslek Y\u00fcksekokulu Sekreterli\u011fi - Meslek Y\u00fcksekokulu","robots":{"index":"index","follow":"follow","max-snippet":"max-snippet:-1","max-image-preview":"max-image-preview:large","max-video-preview":"max-video-preview:-1"},"canonical":"http:\/\/ticaret.edu.tr\/meslek-yuksekokulu\/mudur\/meslek-yuksekokulu-sekreterligi\/","og_locale":"tr_TR","og_type":"article","og_title":"Meslek Y\u00fcksekokulu Sekreterli\u011fi","og_description":"ADI VE SOYADI G\u00d6REV\u0130 E-POSTA ADRES\u0130 DAH\u0130L\u0130 TELEFON T\u00fczem Demirel Meslek Y\u00fcksekokulu Sekreteri tsenturk@ticaret.edu.tr 3221 Ahmet Nuri Aslan Meslek Y\u00fcksekokulu \u00d6\u011frenci \u0130\u015fleri anaslan@ticaret.edu.tr 4432 Bur\u00e7in Sar\u0131 Agopyan Meslek Y\u00fcksekokulu \u00d6\u011frenci \u0130\u015fleri bsari@ticaret.edu.tr Meslek Y\u00fcksekokulu\u00a0\u00a0\u00a0\u00a0\u00a0\u00a0\u00a0\u00a0\u00a0 E-posta:\u00a0myo@ticaret.edu.tr Meslek Y\u00fcksekokulu Kurulu ve Y\u00f6netim Kurulu \u00dcyelerini G\u00f6r\u00fcnt\u00fclemek \u0130\u00e7in T\u0131klay\u0131n\u0131z &nbsp;","og_url":"http:\/\/ticaret.edu.tr\/meslek-yuksekokulu\/mudur\/meslek-yuksekokulu-sekreterligi\/","og_site_name":"Meslek Y\u00fcksekokulu","article_publisher":"https:\/\/www.facebook.com\/ticaretedutr","article_modified_time":"2026-04-16T05:55:57+00:00","twitter_card":"summary_large_image","twitter_site":"@ticaretedutr","twitter_misc":{"Tahmini okuma s\u00fcresi":"1 dakika"},"schema":{"@context":"https:\/\/schema.org","@graph":[{"@type":"WebPage","@id":"http:\/\/ticaret.edu.tr\/meslek-yuksekokulu\/mudur\/meslek-yuksekokulu-sekreterligi\/","url":"http:\/\/ticaret.edu.tr\/meslek-yuksekokulu\/mudur\/meslek-yuksekokulu-sekreterligi\/","name":"Meslek Y\u00fcksekokulu Sekreterli\u011fi - Meslek Y\u00fcksekokulu","isPartOf":{"@id":"https:\/\/ticaret.edu.tr\/meslek-yuksekokulu\/#website"},"datePublished":"2023-01-20T13:27:15+00:00","dateModified":"2026-04-16T05:55:57+00:00","breadcrumb":{"@id":"http:\/\/ticaret.edu.tr\/meslek-yuksekokulu\/mudur\/meslek-yuksekokulu-sekreterligi\/#breadcrumb"},"inLanguage":"tr","potentialAction":[{"@type":"ReadAction","target":["http:\/\/ticaret.edu.tr\/meslek-yuksekokulu\/mudur\/meslek-yuksekokulu-sekreterligi\/"]}]},{"@type":"BreadcrumbList","@id":"http:\/\/ticaret.edu.tr\/meslek-yuksekokulu\/mudur\/meslek-yuksekokulu-sekreterligi\/#breadcrumb","itemListElement":[{"@type":"ListItem","position":1,"name":"Ana sayfa","item":"https:\/\/ticaret.edu.tr\/meslek-yuksekokulu\/"},{"@type":"ListItem","position":2,"name":"M\u00fcd\u00fcrl\u00fck","item":"https:\/\/ticaret.edu.tr\/meslek-yuksekokulu\/mudur\/"},{"@type":"ListItem","position":3,"name":"Meslek Y\u00fcksekokulu Sekreterli\u011fi"}]},{"@type":"WebSite","@id":"https:\/\/ticaret.edu.tr\/meslek-yuksekokulu\/#website","url":"https:\/\/ticaret.edu.tr\/meslek-yuksekokulu\/","name":"Meslek Y\u00fcksekokulu","description":"\u0130stanbul Ticaret \u00dcniversitesi","publisher":{"@id":"https:\/\/ticaret.edu.tr\/meslek-yuksekokulu\/#organization"},"potentialAction":[{"@type":"SearchAction","target":{"@type":"EntryPoint","urlTemplate":"https:\/\/ticaret.edu.tr\/meslek-yuksekokulu\/?s={search_term_string}"},"query-input":"required name=search_term_string"}],"inLanguage":"tr"},{"@type":"Organization","@id":"https:\/\/ticaret.edu.tr\/meslek-yuksekokulu\/#organization","name":"\u0130stanbul Ticaret \u00dcniversitesi","url":"https:\/\/ticaret.edu.tr\/meslek-yuksekokulu\/","logo":{"@type":"ImageObject","inLanguage":"tr","@id":"https:\/\/ticaret.edu.tr\/meslek-yuksekokulu\/#\/schema\/logo\/image\/","url":"https:\/\/ticaret.edu.tr\/wp-content\/uploads\/2021\/11\/logo22.png","contentUrl":"https:\/\/ticaret.edu.tr\/wp-content\/uploads\/2021\/11\/logo22.png","width":172,"height":112,"caption":"\u0130stanbul Ticaret \u00dcniversitesi"},"image":{"@id":"https:\/\/ticaret.edu.tr\/meslek-yuksekokulu\/#\/schema\/logo\/image\/"},"sameAs":["https:\/\/www.facebook.com\/ticaretedutr","https:\/\/twitter.com\/ticaretedutr"]}]}},"lang":"tr","translations":{"tr":183},"pll_sync_post":[],"_links":{"self":[{"href":"http:\/\/ticaret.edu.tr\/meslek-yuksekokulu\/wp-json\/wp\/v2\/pages\/183"}],"collection":[{"href":"http:\/\/ticaret.edu.tr\/meslek-yuksekokulu\/wp-json\/wp\/v2\/pages"}],"about":[{"href":"http:\/\/ticaret.edu.tr\/meslek-yuksekokulu\/wp-json\/wp\/v2\/types\/page"}],"author":[{"embeddable":true,"href":"http:\/\/ticaret.edu.tr\/meslek-yuksekokulu\/wp-json\/wp\/v2\/users\/149"}],"replies":[{"embeddable":true,"href":"http:\/\/ticaret.edu.tr\/meslek-yuksekokulu\/wp-json\/wp\/v2\/comments?post=183"}],"version-history":[{"count":13,"href":"http:\/\/ticaret.edu.tr\/meslek-yuksekokulu\/wp-json\/wp\/v2\/pages\/183\/revisions"}],"predecessor-version":[{"id":991,"href":"http:\/\/ticaret.edu.tr\/meslek-yuksekokulu\/wp-json\/wp\/v2\/pages\/183\/revisions\/991"}],"up":[{"embeddable":true,"href":"http:\/\/ticaret.edu.tr\/meslek-yuksekokulu\/wp-json\/wp\/v2\/pages\/279"}],"wp:attachment":[{"href":"http:\/\/ticaret.edu.tr\/meslek-yuksekokulu\/wp-json\/wp\/v2\/media?parent=183"}],"curies":[{"name":"wp","href":"https:\/\/api.w.org\/{rel}","templated":true}]}}