{"id":193,"date":"2023-02-07T14:39:55","date_gmt":"2023-02-07T11:39:55","guid":{"rendered":"https:\/\/ticaret.edu.tr\/meslek-yuksekokulu\/?page_id=193"},"modified":"2026-01-22T11:29:35","modified_gmt":"2026-01-22T08:29:35","slug":"formlar","status":"publish","type":"page","link":"http:\/\/ticaret.edu.tr\/meslek-yuksekokulu\/mudur\/formlar\/","title":{"rendered":"Formlar"},"content":{"rendered":"<p>Sevgili Meslek Y\u00fcksekokulu \u00f6\u011frencilerimiz ilgili i\u015fler i\u00e7in Meslek Y\u00fcksekokulumuza g\u00f6re haz\u0131rlanm\u0131\u015f formlar\u0131 kullanman\u0131z\u0131 rica ederiz.<\/p>\n<ul>\n<li style=\"list-style-type: none\">\n<ul>\n<li><a href=\"http:\/\/ticaret.edu.tr\/meslek-yuksekokulu\/wp-content\/uploads\/sites\/74\/2026\/01\/mazeret-sinavi-dilekce-formu-1.pdf\">Vize-Mazeret-Sinavi-Dilekcesi<\/a><\/li>\n<li><a href=\"http:\/\/ticaret.edu.tr\/meslek-yuksekokulu\/wp-content\/uploads\/sites\/74\/2023\/02\/Kayit-Sildirme-Dilekcesi.pdf\">Kayit-Sildirme-Dilekcesi<\/a><\/li>\n<li><a href=\"http:\/\/ticaret.edu.tr\/meslek-yuksekokulu\/wp-content\/uploads\/sites\/74\/2023\/04\/kayit_dondurma_dilekcesi.pdf\">Kayit-Dondurma-Dilekcesi<\/a><\/li>\n<li><a href=\"http:\/\/ticaret.edu.tr\/meslek-yuksekokulu\/wp-content\/uploads\/sites\/74\/2023\/02\/Ders-Notu-Itiraz-Dilekcesi.pdf\">Ders-Notu-Itiraz-Dilekcesi<\/a><\/li>\n<li><a href=\"http:\/\/ticaret.edu.tr\/meslek-yuksekokulu\/wp-content\/uploads\/sites\/74\/2023\/02\/Ders-Muafiyet-Dilekcesi.pdf\">Ders-Muafiyet-Dilekcesi<\/a><\/li>\n<li><a href=\"http:\/\/ticaret.edu.tr\/meslek-yuksekokulu\/wp-content\/uploads\/sites\/74\/2023\/02\/Sinav-Cakisma-Dilekcesi.pdf\">Sinav-Cakisma-Dilekcesi<\/a><\/li>\n<li><a href=\"http:\/\/ticaret.edu.tr\/meslek-yuksekokulu\/wp-content\/uploads\/sites\/74\/2023\/02\/Ders-Ekleme-Birakma-Formu.pdf\">Ders-Ekleme-Birakma-Formu(OBS sistemi ile yap\u0131lamad\u0131\u011f\u0131 \u00f6zel durumlar i\u00e7in)<\/a><\/li>\n<li><a href=\"http:\/\/ticaret.edu.tr\/meslek-yuksekokulu\/wp-content\/uploads\/sites\/74\/2023\/02\/Dersten-Cekilme-Formu.pdf\">Dersten-Cekilme-Formu (OBS sistemi ile yap\u0131lamad\u0131\u011f\u0131 \u00f6zel durumlar i\u00e7in)<\/a><\/li>\n<li><a href=\"http:\/\/ticaret.edu.tr\/meslek-yuksekokulu\/wp-content\/uploads\/sites\/74\/2023\/02\/Mazeretli-Ders-Kaydina-Iliskin-Dilekce-Formu.pdf\">Mazeretli-Ders-Kaydina-Iliskin-Dilekce-Formu (OBS sistemi ile yap\u0131lamad\u0131\u011f\u0131 \u00f6zel durumlar i\u00e7in)<\/a><\/li>\n<li><a href=\"http:\/\/ticaret.edu.tr\/meslek-yuksekokulu\/wp-content\/uploads\/sites\/74\/2023\/04\/Farkli-Bir-Universitenin-Yaz-Okulundan-Ders-Alma-Basvuru-Formu.doc\">Farkli-Bir-Universitenin-Yaz-Okulundan-Ders-Alma-Basvuru-Formu<\/a><\/li>\n<li><\/li>\n<li><a href=\"http:\/\/ticaret.edu.tr\/meslek-yuksekokulu\/wp-content\/uploads\/sites\/74\/2023\/04\/MYO-STAJ-DEFTERI_YENI.pdf\">MYO STAJ DEFTER\u0130<\/a><\/li>\n<li><a href=\"http:\/\/ticaret.edu.tr\/meslek-yuksekokulu\/wp-content\/uploads\/sites\/74\/2025\/03\/KM.FR_.46-Meslek-Yuksekokulu-Staj-Formlari.pdf\">KM.FR.46 Meslek Y\u00fcksekokulu Staj Formlar\u0131<\/a><\/li>\n<\/ul>\n<\/li>\n<\/ul>\n<p>&nbsp;<\/p>\n","protected":false},"excerpt":{"rendered":"<p>Sevgili Meslek Y\u00fcksekokulu \u00f6\u011frencilerimiz ilgili i\u015fler i\u00e7in Meslek Y\u00fcksekokulumuza g\u00f6re haz\u0131rlanm\u0131\u015f formlar\u0131 kullanman\u0131z\u0131 rica ederiz. Vize-Mazeret-Sinavi-Dilekcesi Kayit-Sildirme-Dilekcesi Kayit-Dondurma-Dilekcesi Ders-Notu-Itiraz-Dilekcesi Ders-Muafiyet-Dilekcesi Sinav-Cakisma-Dilekcesi Ders-Ekleme-Birakma-Formu(OBS sistemi ile yap\u0131lamad\u0131\u011f\u0131 \u00f6zel durumlar i\u00e7in) Dersten-Cekilme-Formu (OBS sistemi ile yap\u0131lamad\u0131\u011f\u0131 \u00f6zel durumlar i\u00e7in) Mazeretli-Ders-Kaydina-Iliskin-Dilekce-Formu (OBS sistemi ile yap\u0131lamad\u0131\u011f\u0131 \u00f6zel durumlar i\u00e7in) Farkli-Bir-Universitenin-Yaz-Okulundan-Ders-Alma-Basvuru-Formu MYO STAJ DEFTER\u0130 KM.FR.46 Meslek Y\u00fcksekokulu Staj Formlar\u0131 &nbsp;<\/p>\n","protected":false},"author":76,"featured_media":0,"parent":279,"menu_order":2,"comment_status":"closed","ping_status":"closed","template":"genel_sayfa.php","meta":{"footnotes":""},"yoast_head":"<!-- This site is optimized with the Yoast SEO Premium plugin v22.1 (Yoast SEO v22.1) - https:\/\/yoast.com\/wordpress\/plugins\/seo\/ -->\n<title>Formlar - Meslek Y\u00fcksekokulu<\/title>\n<meta name=\"description\" content=\"Meslek Y\u00fcksekokulu Formlar\" \/>\n<meta name=\"robots\" content=\"index, follow, max-snippet:-1, max-image-preview:large, max-video-preview:-1\" \/>\n<link rel=\"canonical\" href=\"http:\/\/ticaret.edu.tr\/meslek-yuksekokulu\/mudur\/formlar\/\" \/>\n<meta property=\"og:locale\" content=\"tr_TR\" \/>\n<meta property=\"og:type\" content=\"article\" \/>\n<meta property=\"og:title\" content=\"Formlar\" \/>\n<meta property=\"og:description\" content=\"Meslek Y\u00fcksekokulu Formlar\" \/>\n<meta property=\"og:url\" content=\"http:\/\/ticaret.edu.tr\/meslek-yuksekokulu\/mudur\/formlar\/\" \/>\n<meta property=\"og:site_name\" content=\"Meslek Y\u00fcksekokulu\" \/>\n<meta property=\"article:publisher\" content=\"https:\/\/www.facebook.com\/ticaretedutr\" \/>\n<meta property=\"article:modified_time\" content=\"2026-01-22T08:29:35+00:00\" \/>\n<meta name=\"twitter:card\" content=\"summary_large_image\" \/>\n<meta name=\"twitter:site\" content=\"@ticaretedutr\" \/>\n<meta name=\"twitter:label1\" content=\"Tahmini okuma s\u00fcresi\" \/>\n\t<meta name=\"twitter:data1\" content=\"1 dakika\" \/>\n<script type=\"application\/ld+json\" class=\"yoast-schema-graph\">{\"@context\":\"https:\/\/schema.org\",\"@graph\":[{\"@type\":\"WebPage\",\"@id\":\"http:\/\/ticaret.edu.tr\/meslek-yuksekokulu\/mudur\/formlar\/\",\"url\":\"http:\/\/ticaret.edu.tr\/meslek-yuksekokulu\/mudur\/formlar\/\",\"name\":\"Formlar - Meslek Y\u00fcksekokulu\",\"isPartOf\":{\"@id\":\"https:\/\/ticaret.edu.tr\/meslek-yuksekokulu\/#website\"},\"datePublished\":\"2023-02-07T11:39:55+00:00\",\"dateModified\":\"2026-01-22T08:29:35+00:00\",\"description\":\"Meslek Y\u00fcksekokulu Formlar\",\"breadcrumb\":{\"@id\":\"http:\/\/ticaret.edu.tr\/meslek-yuksekokulu\/mudur\/formlar\/#breadcrumb\"},\"inLanguage\":\"tr\",\"potentialAction\":[{\"@type\":\"ReadAction\",\"target\":[\"http:\/\/ticaret.edu.tr\/meslek-yuksekokulu\/mudur\/formlar\/\"]}]},{\"@type\":\"BreadcrumbList\",\"@id\":\"http:\/\/ticaret.edu.tr\/meslek-yuksekokulu\/mudur\/formlar\/#breadcrumb\",\"itemListElement\":[{\"@type\":\"ListItem\",\"position\":1,\"name\":\"Ana sayfa\",\"item\":\"https:\/\/ticaret.edu.tr\/meslek-yuksekokulu\/\"},{\"@type\":\"ListItem\",\"position\":2,\"name\":\"M\u00fcd\u00fcrl\u00fck\",\"item\":\"https:\/\/ticaret.edu.tr\/meslek-yuksekokulu\/mudur\/\"},{\"@type\":\"ListItem\",\"position\":3,\"name\":\"Formlar\"}]},{\"@type\":\"WebSite\",\"@id\":\"https:\/\/ticaret.edu.tr\/meslek-yuksekokulu\/#website\",\"url\":\"https:\/\/ticaret.edu.tr\/meslek-yuksekokulu\/\",\"name\":\"Meslek Y\u00fcksekokulu\",\"description\":\"\u0130stanbul Ticaret \u00dcniversitesi\",\"publisher\":{\"@id\":\"https:\/\/ticaret.edu.tr\/meslek-yuksekokulu\/#organization\"},\"potentialAction\":[{\"@type\":\"SearchAction\",\"target\":{\"@type\":\"EntryPoint\",\"urlTemplate\":\"https:\/\/ticaret.edu.tr\/meslek-yuksekokulu\/?s={search_term_string}\"},\"query-input\":\"required name=search_term_string\"}],\"inLanguage\":\"tr\"},{\"@type\":\"Organization\",\"@id\":\"https:\/\/ticaret.edu.tr\/meslek-yuksekokulu\/#organization\",\"name\":\"\u0130stanbul Ticaret \u00dcniversitesi\",\"url\":\"https:\/\/ticaret.edu.tr\/meslek-yuksekokulu\/\",\"logo\":{\"@type\":\"ImageObject\",\"inLanguage\":\"tr\",\"@id\":\"https:\/\/ticaret.edu.tr\/meslek-yuksekokulu\/#\/schema\/logo\/image\/\",\"url\":\"https:\/\/ticaret.edu.tr\/wp-content\/uploads\/2021\/11\/logo22.png\",\"contentUrl\":\"https:\/\/ticaret.edu.tr\/wp-content\/uploads\/2021\/11\/logo22.png\",\"width\":172,\"height\":112,\"caption\":\"\u0130stanbul Ticaret \u00dcniversitesi\"},\"image\":{\"@id\":\"https:\/\/ticaret.edu.tr\/meslek-yuksekokulu\/#\/schema\/logo\/image\/\"},\"sameAs\":[\"https:\/\/www.facebook.com\/ticaretedutr\",\"https:\/\/twitter.com\/ticaretedutr\"]}]}<\/script>\n<!-- \/ Yoast SEO Premium plugin. -->","yoast_head_json":{"title":"Formlar - Meslek Y\u00fcksekokulu","description":"Meslek Y\u00fcksekokulu Formlar","robots":{"index":"index","follow":"follow","max-snippet":"max-snippet:-1","max-image-preview":"max-image-preview:large","max-video-preview":"max-video-preview:-1"},"canonical":"http:\/\/ticaret.edu.tr\/meslek-yuksekokulu\/mudur\/formlar\/","og_locale":"tr_TR","og_type":"article","og_title":"Formlar","og_description":"Meslek Y\u00fcksekokulu Formlar","og_url":"http:\/\/ticaret.edu.tr\/meslek-yuksekokulu\/mudur\/formlar\/","og_site_name":"Meslek Y\u00fcksekokulu","article_publisher":"https:\/\/www.facebook.com\/ticaretedutr","article_modified_time":"2026-01-22T08:29:35+00:00","twitter_card":"summary_large_image","twitter_site":"@ticaretedutr","twitter_misc":{"Tahmini okuma s\u00fcresi":"1 dakika"},"schema":{"@context":"https:\/\/schema.org","@graph":[{"@type":"WebPage","@id":"http:\/\/ticaret.edu.tr\/meslek-yuksekokulu\/mudur\/formlar\/","url":"http:\/\/ticaret.edu.tr\/meslek-yuksekokulu\/mudur\/formlar\/","name":"Formlar - Meslek Y\u00fcksekokulu","isPartOf":{"@id":"https:\/\/ticaret.edu.tr\/meslek-yuksekokulu\/#website"},"datePublished":"2023-02-07T11:39:55+00:00","dateModified":"2026-01-22T08:29:35+00:00","description":"Meslek Y\u00fcksekokulu Formlar","breadcrumb":{"@id":"http:\/\/ticaret.edu.tr\/meslek-yuksekokulu\/mudur\/formlar\/#breadcrumb"},"inLanguage":"tr","potentialAction":[{"@type":"ReadAction","target":["http:\/\/ticaret.edu.tr\/meslek-yuksekokulu\/mudur\/formlar\/"]}]},{"@type":"BreadcrumbList","@id":"http:\/\/ticaret.edu.tr\/meslek-yuksekokulu\/mudur\/formlar\/#breadcrumb","itemListElement":[{"@type":"ListItem","position":1,"name":"Ana sayfa","item":"https:\/\/ticaret.edu.tr\/meslek-yuksekokulu\/"},{"@type":"ListItem","position":2,"name":"M\u00fcd\u00fcrl\u00fck","item":"https:\/\/ticaret.edu.tr\/meslek-yuksekokulu\/mudur\/"},{"@type":"ListItem","position":3,"name":"Formlar"}]},{"@type":"WebSite","@id":"https:\/\/ticaret.edu.tr\/meslek-yuksekokulu\/#website","url":"https:\/\/ticaret.edu.tr\/meslek-yuksekokulu\/","name":"Meslek Y\u00fcksekokulu","description":"\u0130stanbul Ticaret \u00dcniversitesi","publisher":{"@id":"https:\/\/ticaret.edu.tr\/meslek-yuksekokulu\/#organization"},"potentialAction":[{"@type":"SearchAction","target":{"@type":"EntryPoint","urlTemplate":"https:\/\/ticaret.edu.tr\/meslek-yuksekokulu\/?s={search_term_string}"},"query-input":"required name=search_term_string"}],"inLanguage":"tr"},{"@type":"Organization","@id":"https:\/\/ticaret.edu.tr\/meslek-yuksekokulu\/#organization","name":"\u0130stanbul Ticaret \u00dcniversitesi","url":"https:\/\/ticaret.edu.tr\/meslek-yuksekokulu\/","logo":{"@type":"ImageObject","inLanguage":"tr","@id":"https:\/\/ticaret.edu.tr\/meslek-yuksekokulu\/#\/schema\/logo\/image\/","url":"https:\/\/ticaret.edu.tr\/wp-content\/uploads\/2021\/11\/logo22.png","contentUrl":"https:\/\/ticaret.edu.tr\/wp-content\/uploads\/2021\/11\/logo22.png","width":172,"height":112,"caption":"\u0130stanbul Ticaret \u00dcniversitesi"},"image":{"@id":"https:\/\/ticaret.edu.tr\/meslek-yuksekokulu\/#\/schema\/logo\/image\/"},"sameAs":["https:\/\/www.facebook.com\/ticaretedutr","https:\/\/twitter.com\/ticaretedutr"]}]}},"lang":"tr","translations":{"tr":193},"pll_sync_post":[],"_links":{"self":[{"href":"http:\/\/ticaret.edu.tr\/meslek-yuksekokulu\/wp-json\/wp\/v2\/pages\/193"}],"collection":[{"href":"http:\/\/ticaret.edu.tr\/meslek-yuksekokulu\/wp-json\/wp\/v2\/pages"}],"about":[{"href":"http:\/\/ticaret.edu.tr\/meslek-yuksekokulu\/wp-json\/wp\/v2\/types\/page"}],"author":[{"embeddable":true,"href":"http:\/\/ticaret.edu.tr\/meslek-yuksekokulu\/wp-json\/wp\/v2\/users\/76"}],"replies":[{"embeddable":true,"href":"http:\/\/ticaret.edu.tr\/meslek-yuksekokulu\/wp-json\/wp\/v2\/comments?post=193"}],"version-history":[{"count":16,"href":"http:\/\/ticaret.edu.tr\/meslek-yuksekokulu\/wp-json\/wp\/v2\/pages\/193\/revisions"}],"predecessor-version":[{"id":860,"href":"http:\/\/ticaret.edu.tr\/meslek-yuksekokulu\/wp-json\/wp\/v2\/pages\/193\/revisions\/860"}],"up":[{"embeddable":true,"href":"http:\/\/ticaret.edu.tr\/meslek-yuksekokulu\/wp-json\/wp\/v2\/pages\/279"}],"wp:attachment":[{"href":"http:\/\/ticaret.edu.tr\/meslek-yuksekokulu\/wp-json\/wp\/v2\/media?parent=193"}],"curies":[{"name":"wp","href":"https:\/\/api.w.org\/{rel}","templated":true}]}}