{"id":279,"date":"2024-05-10T15:35:26","date_gmt":"2024-05-10T12:35:26","guid":{"rendered":"https:\/\/ticaret.edu.tr\/meslek-yuksekokulu\/?page_id=279"},"modified":"2025-11-04T14:03:04","modified_gmt":"2025-11-04T11:03:04","slug":"mudur","status":"publish","type":"page","link":"http:\/\/ticaret.edu.tr\/meslek-yuksekokulu\/mudur\/","title":{"rendered":"M\u00fcd\u00fcrl\u00fck"},"content":{"rendered":"<p><img loading=\"lazy\" decoding=\"async\" class=\"alignnone size-full wp-image-451\" src=\"http:\/\/ticaret.edu.tr\/meslek-yuksekokulu\/wp-content\/uploads\/sites\/74\/2025\/02\/mceylan.jpg\" alt=\"\" width=\"200\" height=\"191\" \/><\/p>\n<p style=\"background: white; margin: 0cm 0cm 15.0pt 0cm;\"><span style=\"font-family: 'Segoe UI',sans-serif; color: #0d0d0d;\">De\u011ferli \u00d6\u011frencilerimiz ve \u00d6\u011frenci Adaylar\u0131m\u0131z,<\/span><\/p>\n<p style=\"background: white; margin: 15.0pt 0cm 15.0pt 0cm;\"><span style=\"font-family: 'Segoe UI',sans-serif; color: #0d0d0d;\">\u0130stanbul Ticaret \u00dcniversitesi <a href=\"https:\/\/ticaret.edu.tr\/meslek-yuksekokulu\/\">Meslek Y\u00fcksekokulu<\/a> 2001 y\u0131l\u0131nda kurulmu\u015f olup, \u00dcniversitemizin Bologna S\u00fcreci\u2019ne girmesiyle birlikte e\u011fitim ve \u00f6\u011fretim hayat\u0131na ge\u00e7ici olarak ara vermi\u015ftir. 2022 y\u0131l\u0131nda Meslek Y\u00fcksekokulumuz tekrar \u00f6\u011frenci al\u0131m\u0131na ba\u015flam\u0131\u015ft\u0131r. Bu d\u00f6nemin ba\u015flang\u0131c\u0131nda \u00f6zellikle bili\u015fim sekt\u00f6r\u00fcnde ihtiya\u00e7 duyulan nitelikli ara elemanlar\u0131 yeti\u015ftirme hedefine odaklanm\u0131\u015f bulunuyoruz. <\/span><\/p>\n<p style=\"background: white; margin: 15.0pt 0cm 15.0pt 0cm;\"><span style=\"font-family: 'Segoe UI',sans-serif; color: #0d0d0d;\">Meslek Y\u00fcksekokulumuz halen Bilgisayar Teknolojileri B\u00f6l\u00fcm\u00fc b\u00fcnyesinde Siber G\u00fcvenlik, Bilgisayar Programc\u0131l\u0131\u011f\u0131 ve Bilgisayar Teknolojisi \u00f6n lisans programlar\u0131na \u00f6\u011frenci almaktad\u0131r. Programlar\u0131m\u0131z\u0131n, bili\u015fim ve i\u015f d\u00fcnyas\u0131n\u0131n ihtiya\u00e7lar\u0131 ve \u00f6ncelikleri g\u00f6z \u00f6n\u00fcne bulundurularak haz\u0131rlanan g\u00fcncel m\u00fcfredatlarla hizmet verdi\u011fini d\u00fc\u015f\u00fcn\u00fcyoruz.\u00a0 <\/span><\/p>\n<p style=\"background: white; margin: 15.0pt 0cm 15.0pt 0cm;\"><span style=\"font-family: 'Segoe UI',sans-serif; color: #0d0d0d;\">Meslek Y\u00fcksekokulumuz; ge\u00e7mi\u015finden ald\u0131\u011f\u0131 g\u00fcc\u00fcn\u00fc ve s\u00fcrekli kendini yenileme motivasyonunu, \u0130stanbul Ticaret \u00dcniversitesinin k\u00f6kl\u00fc birikimi ile harmanlayarak kendini geli\u015ftirmektedir. 21. y\u00fczy\u0131l bili\u015fim ara elemanlar\u0131n\u0131n ihtiya\u00e7 duyacaklar\u0131 konular\u0131n hem teorik hem de uygulama y\u00f6nlerine odaklanmakta, bu ama\u00e7la farkl\u0131 kulvarlardan kendisine katt\u0131\u011f\u0131 de\u011ferli akademisyenlerle \u00f6\u011fretim faaliyetini y\u00fcr\u00fctmektedir. T\u00fcm mezunlar\u0131m\u0131z\u0131n alanlar\u0131nda tercih edilen elemanlar olmas\u0131 ise hedefimizdir. <\/span><\/p>\n<p style=\"background: white; margin: 15.0pt 0cm 15.0pt 0cm;\"><span style=\"font-family: 'Segoe UI',sans-serif; color: #0d0d0d;\">Meslek Y\u00fcksekokulumuz, akademisyenlerden, \u00f6\u011frencilerden ve sekt\u00f6rden gelen geri bildirimleri uygun bir \u015fekilde s\u00fczge\u00e7ten ge\u00e7irip programlar\u0131n\u0131n geli\u015fimi i\u00e7in azami derecede yararlanmaktad\u0131r. \u00d6\u011fretim kalitesindeki iyile\u015fme hedefinin yan\u0131 s\u0131ra sekt\u00f6re daha fazla hizmet etmek ve daha fazla bilimsel ara\u015ft\u0131rma \u00e7al\u0131\u015fmalar\u0131 yapmak da Meslek Y\u00fcksekokulumuzun \u00f6nemli hedeflerindendir.<\/span><\/p>\n<p>&nbsp;<\/p>\n<p style=\"background: white; margin: 15.0pt 0cm 15.0pt 0cm;\"><strong>Do\u00e7. Dr. Muhammet Ceylan<\/strong><\/p>\n<p style=\"background: white; margin: 15.0pt 0cm 15.0pt 0cm;\"><span style=\"font-family: 'Segoe UI',sans-serif; color: #0d0d0d;\">Meslek Y\u00fcksekokulu M\u00fcd\u00fcr\u00fc<\/span><\/p>\n<p>&nbsp;<\/p>\n<p><a href=\"https:\/\/ticaret.edu.tr\/meslek-yuksekokulu\/mudur\/kurullar\/\">Meslek Y\u00fcksekokulu Kurulu ve <\/a><a href=\"https:\/\/ticaret.edu.tr\/meslek-yuksekokulu\/mudur\/kurullar\/\">Meslek Y\u00fcksekokulu<\/a><a href=\"https:\/\/ticaret.edu.tr\/meslek-yuksekokulu\/mudur\/kurullar\/\"> Y\u00f6netim Kurulu \u00dcyelerini G\u00f6r\u00fcnt\u00fclemek \u0130\u00e7in T\u0131klay\u0131n\u0131z<\/a><\/p>\n<p><strong>Meslek Y\u00fcksekokulu Misyon-Vizyon<\/strong><\/p>\n<p><strong>Misyon:<\/strong> \u0130\u015f d\u00fcnyas\u0131n\u0131n ihtiya\u00e7lar\u0131na uygun, uygulamal\u0131 \u00f6\u011frenme becerisine sahip, yenilik\u00e7i ve etik de\u011ferlere ba\u011fl\u0131 meslek profesyonelleri yeti\u015ftirmektir.<\/p>\n<p><strong>Vizyon:<\/strong> Ulusal ve uluslararas\u0131 d\u00fczeyde tan\u0131nan, i\u015f d\u00fcnyas\u0131yla b\u00fct\u00fcnle\u015fmi\u015f ve s\u00fcrekli geli\u015fimi esas alan \u00f6nc\u00fc bir meslek y\u00fcksekokulu olmakt\u0131r.<\/p>\n<p><strong>Meslek Y\u00fcksekokulu De\u011ferleri<br \/>\nEtik ve g\u00fcven: <\/strong>Her alanda d\u00fcr\u00fcstl\u00fck, \u015feffafl\u0131k ve sorumluluk bilinci.<strong><br \/>\nUygulamal\u0131 e\u011fitim: <\/strong>Ger\u00e7ek sekt\u00f6r deneyimleriyle desteklenen \u00f6\u011frenme yakla\u015f\u0131m\u0131.<strong><br \/>\nGiri\u015fimcilik: <\/strong>Yenilik\u00e7i ve yarat\u0131c\u0131 d\u00fc\u015f\u00fcnceye te\u015fvik.<strong><br \/>\nS\u00fcrekli geli\u015fim: <\/strong>\u00d6\u011frenci, akademisyen ve sekt\u00f6r i\u015f birli\u011fiyle ya\u015fam boyu \u00f6\u011frenme k\u00fclt\u00fcr\u00fc.<strong><br \/>\nEvrensellik: <\/strong>K\u00fcresel bak\u0131\u015f a\u00e7\u0131s\u0131, \u00e7ok k\u00fclt\u00fcrl\u00fcl\u00fc\u011fe sayg\u0131 ve uluslararas\u0131 standartlarda \u00f6\u011fretim.<strong><br \/>\n<\/strong><\/p>\n<p>&nbsp;<\/p>\n<p>\u0130LET\u0130\u015e\u0130M B\u0130LG\u0130LER\u0130<\/p>\n<p>\u0130stanbul Ticaret \u00dcniversitesi<\/p>\n<p>Hazerfen Kamp\u00fcs\u00fc K\u00fc\u00e7\u00fckyal\u0131<\/p>\n<p>A Blok 1. Kat, Ayd\u0131nevler Mh. \u0130smet \u0130n\u00f6n\u00fc Cd. No: 4<br \/>\nMaltepe \/ \u0130stanbul 34840<\/p>\n","protected":false},"excerpt":{"rendered":"<p>De\u011ferli \u00d6\u011frencilerimiz ve \u00d6\u011frenci Adaylar\u0131m\u0131z, \u0130stanbul Ticaret \u00dcniversitesi Meslek Y\u00fcksekokulu 2001 y\u0131l\u0131nda kurulmu\u015f olup, \u00dcniversitemizin Bologna S\u00fcreci\u2019ne girmesiyle birlikte e\u011fitim ve \u00f6\u011fretim hayat\u0131na ge\u00e7ici olarak ara vermi\u015ftir. 2022 y\u0131l\u0131nda Meslek Y\u00fcksekokulumuz tekrar \u00f6\u011frenci al\u0131m\u0131na ba\u015flam\u0131\u015ft\u0131r. Bu d\u00f6nemin ba\u015flang\u0131c\u0131nda \u00f6zellikle bili\u015fim sekt\u00f6r\u00fcnde ihtiya\u00e7 duyulan nitelikli ara elemanlar\u0131 yeti\u015ftirme hedefine odaklanm\u0131\u015f bulunuyoruz. Meslek Y\u00fcksekokulumuz halen Bilgisayar Teknolojileri [&hellip;]<\/p>\n","protected":false},"author":76,"featured_media":0,"parent":0,"menu_order":0,"comment_status":"closed","ping_status":"closed","template":"genel_sayfa.php","meta":{"footnotes":""},"yoast_head":"<!-- This site is optimized with the Yoast SEO Premium plugin v22.1 (Yoast SEO v22.1) - https:\/\/yoast.com\/wordpress\/plugins\/seo\/ -->\n<title>M\u00fcd\u00fcrl\u00fck - Meslek Y\u00fcksekokulu<\/title>\n<meta name=\"description\" content=\"\u0130stanbul Ticaret \u00dcniversitesi Meslek Y\u00fcksekokulu M\u00fcd\u00fcr\u00fc Do\u00e7. Dr. Muhammet Ceylan&#039;\u0131n \u00f6\u011frencilere ve aday \u00f6\u011frencilere y\u00f6nelik mesaj\u0131.\" \/>\n<meta name=\"robots\" content=\"index, follow, max-snippet:-1, max-image-preview:large, max-video-preview:-1\" \/>\n<link rel=\"canonical\" href=\"https:\/\/ticaret.edu.tr\/meslek-yuksekokulu\/mudur\/\" \/>\n<meta property=\"og:locale\" content=\"tr_TR\" \/>\n<meta property=\"og:type\" content=\"article\" \/>\n<meta property=\"og:title\" content=\"M\u00fcd\u00fcrl\u00fck\" \/>\n<meta property=\"og:description\" content=\"\u0130stanbul Ticaret \u00dcniversitesi Meslek Y\u00fcksekokulu M\u00fcd\u00fcr\u00fc Do\u00e7. Dr. Muhammet Ceylan&#039;\u0131n \u00f6\u011frencilere ve aday \u00f6\u011frencilere y\u00f6nelik mesaj\u0131.\" \/>\n<meta property=\"og:url\" content=\"https:\/\/ticaret.edu.tr\/meslek-yuksekokulu\/mudur\/\" \/>\n<meta property=\"og:site_name\" content=\"Meslek Y\u00fcksekokulu\" \/>\n<meta property=\"article:publisher\" content=\"https:\/\/www.facebook.com\/ticaretedutr\" \/>\n<meta property=\"article:modified_time\" content=\"2025-11-04T11:03:04+00:00\" \/>\n<meta property=\"og:image\" content=\"http:\/\/ticaret.edu.tr\/meslek-yuksekokulu\/wp-content\/uploads\/sites\/74\/2025\/02\/mceylan.jpg\" \/>\n<meta name=\"twitter:card\" content=\"summary_large_image\" \/>\n<meta name=\"twitter:site\" content=\"@ticaretedutr\" \/>\n<meta name=\"twitter:label1\" content=\"Tahmini okuma s\u00fcresi\" \/>\n\t<meta name=\"twitter:data1\" content=\"3 dakika\" \/>\n<script type=\"application\/ld+json\" class=\"yoast-schema-graph\">{\"@context\":\"https:\/\/schema.org\",\"@graph\":[{\"@type\":\"WebPage\",\"@id\":\"https:\/\/ticaret.edu.tr\/meslek-yuksekokulu\/mudur\/\",\"url\":\"https:\/\/ticaret.edu.tr\/meslek-yuksekokulu\/mudur\/\",\"name\":\"M\u00fcd\u00fcrl\u00fck - Meslek Y\u00fcksekokulu\",\"isPartOf\":{\"@id\":\"https:\/\/ticaret.edu.tr\/meslek-yuksekokulu\/#website\"},\"datePublished\":\"2024-05-10T12:35:26+00:00\",\"dateModified\":\"2025-11-04T11:03:04+00:00\",\"description\":\"\u0130stanbul Ticaret \u00dcniversitesi Meslek Y\u00fcksekokulu M\u00fcd\u00fcr\u00fc Do\u00e7. Dr. Muhammet Ceylan'\u0131n \u00f6\u011frencilere ve aday \u00f6\u011frencilere y\u00f6nelik mesaj\u0131.\",\"breadcrumb\":{\"@id\":\"https:\/\/ticaret.edu.tr\/meslek-yuksekokulu\/mudur\/#breadcrumb\"},\"inLanguage\":\"tr\",\"potentialAction\":[{\"@type\":\"ReadAction\",\"target\":[\"https:\/\/ticaret.edu.tr\/meslek-yuksekokulu\/mudur\/\"]}]},{\"@type\":\"BreadcrumbList\",\"@id\":\"https:\/\/ticaret.edu.tr\/meslek-yuksekokulu\/mudur\/#breadcrumb\",\"itemListElement\":[{\"@type\":\"ListItem\",\"position\":1,\"name\":\"Ana sayfa\",\"item\":\"https:\/\/ticaret.edu.tr\/meslek-yuksekokulu\/\"},{\"@type\":\"ListItem\",\"position\":2,\"name\":\"M\u00fcd\u00fcrl\u00fck\"}]},{\"@type\":\"WebSite\",\"@id\":\"https:\/\/ticaret.edu.tr\/meslek-yuksekokulu\/#website\",\"url\":\"https:\/\/ticaret.edu.tr\/meslek-yuksekokulu\/\",\"name\":\"Meslek Y\u00fcksekokulu\",\"description\":\"\u0130stanbul Ticaret \u00dcniversitesi\",\"publisher\":{\"@id\":\"https:\/\/ticaret.edu.tr\/meslek-yuksekokulu\/#organization\"},\"potentialAction\":[{\"@type\":\"SearchAction\",\"target\":{\"@type\":\"EntryPoint\",\"urlTemplate\":\"https:\/\/ticaret.edu.tr\/meslek-yuksekokulu\/?s={search_term_string}\"},\"query-input\":\"required name=search_term_string\"}],\"inLanguage\":\"tr\"},{\"@type\":\"Organization\",\"@id\":\"https:\/\/ticaret.edu.tr\/meslek-yuksekokulu\/#organization\",\"name\":\"\u0130stanbul Ticaret \u00dcniversitesi\",\"url\":\"https:\/\/ticaret.edu.tr\/meslek-yuksekokulu\/\",\"logo\":{\"@type\":\"ImageObject\",\"inLanguage\":\"tr\",\"@id\":\"https:\/\/ticaret.edu.tr\/meslek-yuksekokulu\/#\/schema\/logo\/image\/\",\"url\":\"https:\/\/ticaret.edu.tr\/wp-content\/uploads\/2021\/11\/logo22.png\",\"contentUrl\":\"https:\/\/ticaret.edu.tr\/wp-content\/uploads\/2021\/11\/logo22.png\",\"width\":172,\"height\":112,\"caption\":\"\u0130stanbul Ticaret \u00dcniversitesi\"},\"image\":{\"@id\":\"https:\/\/ticaret.edu.tr\/meslek-yuksekokulu\/#\/schema\/logo\/image\/\"},\"sameAs\":[\"https:\/\/www.facebook.com\/ticaretedutr\",\"https:\/\/twitter.com\/ticaretedutr\"]}]}<\/script>\n<!-- \/ Yoast SEO Premium plugin. -->","yoast_head_json":{"title":"M\u00fcd\u00fcrl\u00fck - Meslek Y\u00fcksekokulu","description":"\u0130stanbul Ticaret \u00dcniversitesi Meslek Y\u00fcksekokulu M\u00fcd\u00fcr\u00fc Do\u00e7. Dr. Muhammet Ceylan'\u0131n \u00f6\u011frencilere ve aday \u00f6\u011frencilere y\u00f6nelik mesaj\u0131.","robots":{"index":"index","follow":"follow","max-snippet":"max-snippet:-1","max-image-preview":"max-image-preview:large","max-video-preview":"max-video-preview:-1"},"canonical":"https:\/\/ticaret.edu.tr\/meslek-yuksekokulu\/mudur\/","og_locale":"tr_TR","og_type":"article","og_title":"M\u00fcd\u00fcrl\u00fck","og_description":"\u0130stanbul Ticaret \u00dcniversitesi Meslek Y\u00fcksekokulu M\u00fcd\u00fcr\u00fc Do\u00e7. Dr. Muhammet Ceylan'\u0131n \u00f6\u011frencilere ve aday \u00f6\u011frencilere y\u00f6nelik mesaj\u0131.","og_url":"https:\/\/ticaret.edu.tr\/meslek-yuksekokulu\/mudur\/","og_site_name":"Meslek Y\u00fcksekokulu","article_publisher":"https:\/\/www.facebook.com\/ticaretedutr","article_modified_time":"2025-11-04T11:03:04+00:00","og_image":[{"url":"http:\/\/ticaret.edu.tr\/meslek-yuksekokulu\/wp-content\/uploads\/sites\/74\/2025\/02\/mceylan.jpg"}],"twitter_card":"summary_large_image","twitter_site":"@ticaretedutr","twitter_misc":{"Tahmini okuma s\u00fcresi":"3 dakika"},"schema":{"@context":"https:\/\/schema.org","@graph":[{"@type":"WebPage","@id":"https:\/\/ticaret.edu.tr\/meslek-yuksekokulu\/mudur\/","url":"https:\/\/ticaret.edu.tr\/meslek-yuksekokulu\/mudur\/","name":"M\u00fcd\u00fcrl\u00fck - Meslek Y\u00fcksekokulu","isPartOf":{"@id":"https:\/\/ticaret.edu.tr\/meslek-yuksekokulu\/#website"},"datePublished":"2024-05-10T12:35:26+00:00","dateModified":"2025-11-04T11:03:04+00:00","description":"\u0130stanbul Ticaret \u00dcniversitesi Meslek Y\u00fcksekokulu M\u00fcd\u00fcr\u00fc Do\u00e7. Dr. Muhammet Ceylan'\u0131n \u00f6\u011frencilere ve aday \u00f6\u011frencilere y\u00f6nelik mesaj\u0131.","breadcrumb":{"@id":"https:\/\/ticaret.edu.tr\/meslek-yuksekokulu\/mudur\/#breadcrumb"},"inLanguage":"tr","potentialAction":[{"@type":"ReadAction","target":["https:\/\/ticaret.edu.tr\/meslek-yuksekokulu\/mudur\/"]}]},{"@type":"BreadcrumbList","@id":"https:\/\/ticaret.edu.tr\/meslek-yuksekokulu\/mudur\/#breadcrumb","itemListElement":[{"@type":"ListItem","position":1,"name":"Ana sayfa","item":"https:\/\/ticaret.edu.tr\/meslek-yuksekokulu\/"},{"@type":"ListItem","position":2,"name":"M\u00fcd\u00fcrl\u00fck"}]},{"@type":"WebSite","@id":"https:\/\/ticaret.edu.tr\/meslek-yuksekokulu\/#website","url":"https:\/\/ticaret.edu.tr\/meslek-yuksekokulu\/","name":"Meslek Y\u00fcksekokulu","description":"\u0130stanbul Ticaret \u00dcniversitesi","publisher":{"@id":"https:\/\/ticaret.edu.tr\/meslek-yuksekokulu\/#organization"},"potentialAction":[{"@type":"SearchAction","target":{"@type":"EntryPoint","urlTemplate":"https:\/\/ticaret.edu.tr\/meslek-yuksekokulu\/?s={search_term_string}"},"query-input":"required name=search_term_string"}],"inLanguage":"tr"},{"@type":"Organization","@id":"https:\/\/ticaret.edu.tr\/meslek-yuksekokulu\/#organization","name":"\u0130stanbul Ticaret \u00dcniversitesi","url":"https:\/\/ticaret.edu.tr\/meslek-yuksekokulu\/","logo":{"@type":"ImageObject","inLanguage":"tr","@id":"https:\/\/ticaret.edu.tr\/meslek-yuksekokulu\/#\/schema\/logo\/image\/","url":"https:\/\/ticaret.edu.tr\/wp-content\/uploads\/2021\/11\/logo22.png","contentUrl":"https:\/\/ticaret.edu.tr\/wp-content\/uploads\/2021\/11\/logo22.png","width":172,"height":112,"caption":"\u0130stanbul Ticaret \u00dcniversitesi"},"image":{"@id":"https:\/\/ticaret.edu.tr\/meslek-yuksekokulu\/#\/schema\/logo\/image\/"},"sameAs":["https:\/\/www.facebook.com\/ticaretedutr","https:\/\/twitter.com\/ticaretedutr"]}]}},"lang":"tr","translations":{"tr":279},"pll_sync_post":[],"_links":{"self":[{"href":"http:\/\/ticaret.edu.tr\/meslek-yuksekokulu\/wp-json\/wp\/v2\/pages\/279"}],"collection":[{"href":"http:\/\/ticaret.edu.tr\/meslek-yuksekokulu\/wp-json\/wp\/v2\/pages"}],"about":[{"href":"http:\/\/ticaret.edu.tr\/meslek-yuksekokulu\/wp-json\/wp\/v2\/types\/page"}],"author":[{"embeddable":true,"href":"http:\/\/ticaret.edu.tr\/meslek-yuksekokulu\/wp-json\/wp\/v2\/users\/76"}],"replies":[{"embeddable":true,"href":"http:\/\/ticaret.edu.tr\/meslek-yuksekokulu\/wp-json\/wp\/v2\/comments?post=279"}],"version-history":[{"count":15,"href":"http:\/\/ticaret.edu.tr\/meslek-yuksekokulu\/wp-json\/wp\/v2\/pages\/279\/revisions"}],"predecessor-version":[{"id":727,"href":"http:\/\/ticaret.edu.tr\/meslek-yuksekokulu\/wp-json\/wp\/v2\/pages\/279\/revisions\/727"}],"wp:attachment":[{"href":"http:\/\/ticaret.edu.tr\/meslek-yuksekokulu\/wp-json\/wp\/v2\/media?parent=279"}],"curies":[{"name":"wp","href":"https:\/\/api.w.org\/{rel}","templated":true}]}}