{"id":41,"date":"2022-08-10T10:23:36","date_gmt":"2022-08-10T07:23:36","guid":{"rendered":"https:\/\/ticaret.edu.tr\/meslek-yuksekokulu\/?page_id=41"},"modified":"2025-02-07T09:54:25","modified_gmt":"2025-02-07T06:54:25","slug":"akademik-kadro","status":"publish","type":"page","link":"http:\/\/ticaret.edu.tr\/meslek-yuksekokulu\/akademik-kadro\/","title":{"rendered":"AKADEM\u0130K KADRO"},"content":{"rendered":"<style media=\"screen\">\r\n  \/* .akademikkadro_list { list-style: none; padding: 0; margin: 0;}\r\n  .akademikkadro_list li { float:left; width: 50%; margin-bottom: 8px; border-bottom: 1px solid rgba(0,0,0, 0.2); transition: all 0.3s ease-in-out; background-color: #fff;}\r\n  .akademikkadro_list li:first-child { width: 100%; }\r\n  .akademikkadro_list li:first-child .akademik_left { height: 220px;}\r\n  .akademikkadro_list li:hover { background-color: rgba(0,0,0, 0.05); cursor: pointer; }\r\n  .akademik_left { float:left; width: 35%; height: 150px; padding: 10px; border-bottom: 4px solid #0d1554; }\r\n  .akademik_cover { width: 100%; background-size: cover; background-position: center center; height: 100%; border: 1px solid #0d1554;  }\r\n  .akademik_content { float:left; width: 65%; padding: 15px 0px; font-size: 13px; }\r\n  .akademik_content h4 { font-size: 14px; font-weight: 600; }\r\n  .kenar { padding-left: 0; padding-right: 0; } *\/\r\n  @media (max-width: 460px) {\r\n    .akademikkadro_list li { width: 100%!important; }\r\n    .akademikkadro_list li:first-child .akademik_left { height: 120px!important; width: 27%!important;}\r\n    .dropdown-menu .dropdown-menu .dropdown-menu { left: 0px!important; }\r\n    .akademik_content { width: 73%!important; }\r\n\r\n  }\r\n  .akademikkadro_list { list-style: none; padding: 0; margin: 0;}\r\n  .akademikkadro_list li { float:left; width: 50%; margin-bottom: 8px; border-bottom: 1px solid rgba(0,0,0, 0.2); transition: all 0.3s ease-in-out; background-color: #fff;}\r\n  .akademikkadro_list li:first-child { width: 100%; }\r\n  .akademikkadro_list li:first-child .akademik_left { height: 140px; width: 15%;}\r\n  .akademikkadro_list li:hover { background-color: rgba(0,0,0, 0.05); cursor: pointer; }\r\n  .akademik_left { float:left; width: 24%; height: 120px; padding: 10px; border-bottom: 4px solid #0d1554; }\r\n  .akademik_cover { width: 100%; background-size: cover; background-position: top center; height: 100%; border: 2px solid #0d1554; border-radius: 8px; }\r\n  .akademik_content { float:left; width: 76%; padding: 15px 0px; font-size: 13px; position: relative; }\r\n  .akademik_content h4 { font-size: 14px; font-weight: 600; }\r\n  .akademik-line { position: relative; \/*z-index: 9999999;*\/ }\r\n  .akademik_content:after { position: absolute; right: 20px; font-size: 50px; font-family: \"Font Awesome 5 Free\"; content:\"\\f2c2\"; top: 20%; color:#fff; z-index: 1; }\r\n  .kenar { padding-left: 0; padding-right: 0; }\r\n<\/style>\r\n\r\n      <ul class=\"akademikkadro_list\">\r\n                            <li class=\"akademiklist_li\" cv_target=\"https:\/\/avesis.ticaret.edu.tr\/mceylan\">\r\n            <div class=\"akademik_left\">\r\n              <div class=\"akademik_cover\" style=\"background-image: url('https:\/\/ticaret.edu.tr\/uploads\/akademik\/kadro\/mceylan.jpg');\"><\/div>\r\n            <\/div>\r\n            <div class=\"akademik_content\">\r\n              <a href=\"https:\/\/avesis.ticaret.edu.tr\/mceylan\" target=\"_blank\"><h4>Assoc. Prof. Dr. Muhammet CEYLAN<\/h4><\/a>\r\n              <div class=\"akademik-line\">Vocational School<\/div>\r\n              <div class=\"akademik-line\"><\/div>\r\n              <div class=\"akademik-line\">Director of Vocational School<\/div>\r\n            <\/div>\r\n          <\/li>\r\n                            <li class=\"akademiklist_li\" cv_target=\"https:\/\/avesis.ticaret.edu.tr\/usanver\">\r\n            <div class=\"akademik_left\">\r\n              <div class=\"akademik_cover\" style=\"background-image: url('https:\/\/ticaret.edu.tr\/wp-content\/uploads\/2025\/06\/DSCF6896-scaled.jpg');\"><\/div>\r\n            <\/div>\r\n            <div class=\"akademik_content\">\r\n              <a href=\"https:\/\/avesis.ticaret.edu.tr\/usanver\" target=\"_blank\"><h4>FM Dr. Ufuk \u015eANVER<\/h4><\/a>\r\n              <div class=\"akademik-line\">Vocational School<\/div>\r\n              <div class=\"akademik-line\"><\/div>\r\n              <div class=\"akademik-line\">Vocational School Deputy Director<\/div>\r\n            <\/div>\r\n          <\/li>\r\n                            <li class=\"akademiklist_li\" cv_target=\"https:\/\/avesis.ticaret.edu.tr\/ekurtulus\">\r\n            <div class=\"akademik_left\">\r\n              <div class=\"akademik_cover\" style=\"background-image: url('https:\/\/ticaret.edu.tr\/wp-content\/uploads\/2025\/10\/Ebr-Hanim-copy.jpg');\"><\/div>\r\n            <\/div>\r\n            <div class=\"akademik_content\">\r\n              <a href=\"https:\/\/avesis.ticaret.edu.tr\/ekurtulus\" target=\"_blank\"><h4>Lect. Ebru KURTULU\u015e<\/h4><\/a>\r\n              <div class=\"akademik-line\">Vocational School<\/div>\r\n              <div class=\"akademik-line\">Computer Programming<\/div>\r\n              <div class=\"akademik-line\">Deputy Strategy Development and Quality Coordinator<\/div>\r\n            <\/div>\r\n          <\/li>\r\n                            <li class=\"akademiklist_li\" cv_target=\"https:\/\/avesis.ticaret.edu.tr\/igunduzgil\">\r\n            <div class=\"akademik_left\">\r\n              <div class=\"akademik_cover\" style=\"background-image: url('https:\/\/ticaret.edu.tr\/wp-content\/uploads\/2025\/06\/DSCF7146-scaled.jpg');\"><\/div>\r\n            <\/div>\r\n            <div class=\"akademik_content\">\r\n              <a href=\"https:\/\/avesis.ticaret.edu.tr\/igunduzgil\" target=\"_blank\"><h4>Lect. \u0130brahim G\u00dcND\u00dcZG\u0130L<\/h4><\/a>\r\n              <div class=\"akademik-line\">Vocational School<\/div>\r\n              <div class=\"akademik-line\">Cyber Security<\/div>\r\n              <div class=\"akademik-line\">Program Chairman<\/div>\r\n            <\/div>\r\n          <\/li>\r\n                            <li class=\"akademiklist_li\" cv_target=\"https:\/\/avesis.ticaret.edu.tr\/serdemis\">\r\n            <div class=\"akademik_left\">\r\n              <div class=\"akademik_cover\" style=\"background-image: url('https:\/\/ticaret.edu.tr\/wp-content\/uploads\/2025\/06\/DSCF7153-scaled.jpg');\"><\/div>\r\n            <\/div>\r\n            <div class=\"akademik_content\">\r\n              <a href=\"https:\/\/avesis.ticaret.edu.tr\/serdemis\" target=\"_blank\"><h4>Lect. Sabri ERDEM\u0130R<\/h4><\/a>\r\n              <div class=\"akademik-line\">Vocational School<\/div>\r\n              <div class=\"akademik-line\">Computer Programming<\/div>\r\n              <div class=\"akademik-line\">Program Chairman<\/div>\r\n            <\/div>\r\n          <\/li>\r\n                            <li class=\"akademiklist_li\" cv_target=\"https:\/\/avesis.ticaret.edu.tr\/bsbozdag\">\r\n            <div class=\"akademik_left\">\r\n              <div class=\"akademik_cover\" style=\"background-image: url('https:\/\/ticaret.edu.tr\/wp-content\/uploads\/2025\/06\/DSCF7559-scaled.jpg');\"><\/div>\r\n            <\/div>\r\n            <div class=\"akademik_content\">\r\n              <a href=\"https:\/\/avesis.ticaret.edu.tr\/bsbozdag\" target=\"_blank\"><h4>Lect. Beyza \u015eimal BOZDA\u011e<\/h4><\/a>\r\n              <div class=\"akademik-line\">Vocational School<\/div>\r\n              <div class=\"akademik-line\">Computer Technology Program<\/div>\r\n              <div class=\"akademik-line\">Program Chairman<\/div>\r\n            <\/div>\r\n          <\/li>\r\n                            <li class=\"akademiklist_li\" cv_target=\"https:\/\/avesis.ticaret.edu.tr\/\">\r\n            <div class=\"akademik_left\">\r\n              <div class=\"akademik_cover\" style=\"background-image: url('https:\/\/ticaret.edu.tr\/wp-content\/uploads\/2022\/07\/akademik-boyut1.png');\"><\/div>\r\n            <\/div>\r\n            <div class=\"akademik_content\">\r\n              <a href=\"https:\/\/avesis.ticaret.edu.tr\/\" target=\"_blank\"><h4>Lect. Berkay \u00d6Z\u00c7AM<\/h4><\/a>\r\n              <div class=\"akademik-line\">Vocational School<\/div>\r\n              <div class=\"akademik-line\">Computer Programming<\/div>\r\n              <div class=\"akademik-line\">Lecturer<\/div>\r\n            <\/div>\r\n          <\/li>\r\n                            <li class=\"akademiklist_li\" cv_target=\"https:\/\/avesis.ticaret.edu.tr\/\">\r\n            <div class=\"akademik_left\">\r\n              <div class=\"akademik_cover\" style=\"background-image: url('https:\/\/ticaret.edu.tr\/wp-content\/uploads\/2022\/07\/akademik-boyut1.png');\"><\/div>\r\n            <\/div>\r\n            <div class=\"akademik_content\">\r\n              <a href=\"https:\/\/avesis.ticaret.edu.tr\/\" target=\"_blank\"><h4>Lect. Burak SARAL<\/h4><\/a>\r\n              <div class=\"akademik-line\">Vocational School<\/div>\r\n              <div class=\"akademik-line\">Computer Programming<\/div>\r\n              <div class=\"akademik-line\">Lecturer<\/div>\r\n            <\/div>\r\n          <\/li>\r\n                            <li class=\"akademiklist_li\" cv_target=\"https:\/\/avesis.ticaret.edu.tr\/doz\">\r\n            <div class=\"akademik_left\">\r\n              <div class=\"akademik_cover\" style=\"background-image: url('https:\/\/ticaret.edu.tr\/wp-content\/uploads\/2025\/06\/DSCF3037-scaled.jpg');\"><\/div>\r\n            <\/div>\r\n            <div class=\"akademik_content\">\r\n              <a href=\"https:\/\/avesis.ticaret.edu.tr\/doz\" target=\"_blank\"><h4>Lect. Derya \u00d6Z<\/h4><\/a>\r\n              <div class=\"akademik-line\">Vocational School<\/div>\r\n              <div class=\"akademik-line\">Computer Programming<\/div>\r\n              <div class=\"akademik-line\">Lecturer<\/div>\r\n            <\/div>\r\n          <\/li>\r\n                            <li class=\"akademiklist_li\" cv_target=\"https:\/\/avesis.ticaret.edu.tr\/dickecan\">\r\n            <div class=\"akademik_left\">\r\n              <div class=\"akademik_cover\" style=\"background-image: url('https:\/\/ticaret.edu.tr\/wp-content\/uploads\/2025\/06\/DSCF7464-scaled.jpg');\"><\/div>\r\n            <\/div>\r\n            <div class=\"akademik_content\">\r\n              <a href=\"https:\/\/avesis.ticaret.edu.tr\/dickecan\" target=\"_blank\"><h4>Lect. Dilara \u0130\u00c7KECAN<\/h4><\/a>\r\n              <div class=\"akademik-line\">Vocational School<\/div>\r\n              <div class=\"akademik-line\">Computer Programming<\/div>\r\n              <div class=\"akademik-line\">Lecturer<\/div>\r\n            <\/div>\r\n          <\/li>\r\n                            <li class=\"akademiklist_li\" cv_target=\"https:\/\/avesis.ticaret.edu.tr\/hoztemel\">\r\n            <div class=\"akademik_left\">\r\n              <div class=\"akademik_cover\" style=\"background-image: url('https:\/\/ticaret.edu.tr\/wp-content\/uploads\/2026\/05\/DSCF0233-scaled.jpg');\"><\/div>\r\n            <\/div>\r\n            <div class=\"akademik_content\">\r\n              <a href=\"https:\/\/avesis.ticaret.edu.tr\/hoztemel\" target=\"_blank\"><h4>Lect. Hilal \u00d6ZTEMEL<\/h4><\/a>\r\n              <div class=\"akademik-line\">Vocational School<\/div>\r\n              <div class=\"akademik-line\">Computer Technology Program<\/div>\r\n              <div class=\"akademik-line\">Lecturer<\/div>\r\n            <\/div>\r\n          <\/li>\r\n                            <li class=\"akademiklist_li\" cv_target=\"https:\/\/avesis.ticaret.edu.tr\/melekc\">\r\n            <div class=\"akademik_left\">\r\n              <div class=\"akademik_cover\" style=\"background-image: url('https:\/\/ticaret.edu.tr\/wp-content\/uploads\/2025\/07\/Melek-Ceylan.jpg');\"><\/div>\r\n            <\/div>\r\n            <div class=\"akademik_content\">\r\n              <a href=\"https:\/\/avesis.ticaret.edu.tr\/melekc\" target=\"_blank\"><h4>Lect. Melek CEYLAN<\/h4><\/a>\r\n              <div class=\"akademik-line\">Vocational School<\/div>\r\n              <div class=\"akademik-line\">Computer Programming<\/div>\r\n              <div class=\"akademik-line\">Lecturer<\/div>\r\n            <\/div>\r\n          <\/li>\r\n                            <li class=\"akademiklist_li\" cv_target=\"https:\/\/avesis.ticaret.edu.tr\/snozturk\">\r\n            <div class=\"akademik_left\">\r\n              <div class=\"akademik_cover\" style=\"background-image: url('https:\/\/ticaret.edu.tr\/wp-content\/uploads\/2026\/05\/DSCF0238-scaled.jpg');\"><\/div>\r\n            <\/div>\r\n            <div class=\"akademik_content\">\r\n              <a href=\"https:\/\/avesis.ticaret.edu.tr\/snozturk\" target=\"_blank\"><h4>Lect. Safiye Nazmiye \u00d6ZT\u00dcRK<\/h4><\/a>\r\n              <div class=\"akademik-line\">Vocational School<\/div>\r\n              <div class=\"akademik-line\">Cyber Security<\/div>\r\n              <div class=\"akademik-line\">Lecturer<\/div>\r\n            <\/div>\r\n          <\/li>\r\n                            <li class=\"akademiklist_li\" cv_target=\"https:\/\/avesis.ticaret.edu.tr\/yavuzatlas1\">\r\n            <div class=\"akademik_left\">\r\n              <div class=\"akademik_cover\" style=\"background-image: url('http:\/\/ticaret.edu.tr\/wp-content\/uploads\/2022\/07\/akademik-boyut1.png');\"><\/div>\r\n            <\/div>\r\n            <div class=\"akademik_content\">\r\n              <a href=\"https:\/\/avesis.ticaret.edu.tr\/yavuzatlas1\" target=\"_blank\"><h4>**Lect. Yavuz ATLAS<\/h4><\/a>\r\n              <div class=\"akademik-line\">Vocational School<\/div>\r\n              <div class=\"akademik-line\">Cyber Security<\/div>\r\n              <div class=\"akademik-line\">Lecturer<\/div>\r\n            <\/div>\r\n          <\/li>\r\n                            <li class=\"akademiklist_li\" cv_target=\"https:\/\/avesis.ticaret.edu.tr\/\">\r\n            <div class=\"akademik_left\">\r\n              <div class=\"akademik_cover\" style=\"background-image: url('http:\/\/ticaret.edu.tr\/wp-content\/uploads\/2022\/07\/akademik-boyut1.png');\"><\/div>\r\n            <\/div>\r\n            <div class=\"akademik_content\">\r\n              <a href=\"https:\/\/avesis.ticaret.edu.tr\/\" target=\"_blank\"><h4>**Lect. Bar\u0131\u015f \u00d6ZDEM\u0130R<\/h4><\/a>\r\n              <div class=\"akademik-line\">Vocational School<\/div>\r\n              <div class=\"akademik-line\">Cyber Security<\/div>\r\n              <div class=\"akademik-line\">Lecturer<\/div>\r\n            <\/div>\r\n          <\/li>\r\n                            <li class=\"akademiklist_li\" cv_target=\"https:\/\/avesis.ticaret.edu.tr\/\">\r\n            <div class=\"akademik_left\">\r\n              <div class=\"akademik_cover\" style=\"background-image: url('http:\/\/ticaret.edu.tr\/wp-content\/uploads\/2022\/07\/akademik-boyut1.png');\"><\/div>\r\n            <\/div>\r\n            <div class=\"akademik_content\">\r\n              <a href=\"https:\/\/avesis.ticaret.edu.tr\/\" target=\"_blank\"><h4>**Lect. Onur KASIM<\/h4><\/a>\r\n              <div class=\"akademik-line\">Vocational School<\/div>\r\n              <div class=\"akademik-line\">Cyber Security<\/div>\r\n              <div class=\"akademik-line\">Lecturer<\/div>\r\n            <\/div>\r\n          <\/li>\r\n              <\/ul>\r\n\r\n      \n<div class=\"row kenar\">\n<div id=\"div_resim\" class=\"col-md-12\">\n<div class=\"kaydirma\">\n<div><\/div>\n<div class=\"table-responsive\">\u201c*\u201d 2547 say\u0131l\u0131 kanunun 40-A maddesi uyar\u0131nca g\u00f6revlendirilmi\u015ftir.<\/div>\n<div>\n<div class=\"row kenar\">\n<div id=\"div_resim\" class=\"col-md-12\">\n<div class=\"kaydirma\">\n<div class=\"table-responsive\">\u201c**\u201d 2547 say\u0131l\u0131 kanunun 31. maddesi uyar\u0131nca g\u00f6revlendirilmi\u015ftir.<\/div>\n<\/div>\n<\/div>\n<\/div>\n<\/div>\n<\/div>\n<\/div>\n<\/div>\n","protected":false},"excerpt":{"rendered":"<p>\u201c*\u201d 2547 say\u0131l\u0131 kanunun 40-A maddesi uyar\u0131nca g\u00f6revlendirilmi\u015ftir. \u201c**\u201d 2547 say\u0131l\u0131 kanunun 31. maddesi uyar\u0131nca g\u00f6revlendirilmi\u015ftir.<\/p>\n","protected":false},"author":149,"featured_media":0,"parent":0,"menu_order":0,"comment_status":"closed","ping_status":"closed","template":"genel_sayfa.php","meta":{"footnotes":""},"yoast_head":"<!-- This site is optimized with the Yoast SEO Premium plugin v22.1 (Yoast SEO v22.1) - https:\/\/yoast.com\/wordpress\/plugins\/seo\/ -->\n<title>AKADEM\u0130K KADRO - Meslek Y\u00fcksekokulu<\/title>\n<meta name=\"robots\" content=\"index, follow, max-snippet:-1, max-image-preview:large, max-video-preview:-1\" \/>\n<link rel=\"canonical\" href=\"https:\/\/ticaret.edu.tr\/meslek-yuksekokulu\/akademik-kadro\/\" \/>\n<meta property=\"og:locale\" content=\"tr_TR\" \/>\n<meta property=\"og:type\" content=\"article\" \/>\n<meta property=\"og:title\" content=\"AKADEM\u0130K KADRO\" \/>\n<meta property=\"og:description\" content=\"\u201c*\u201d 2547 say\u0131l\u0131 kanunun 40-A maddesi uyar\u0131nca g\u00f6revlendirilmi\u015ftir. \u201c**\u201d 2547 say\u0131l\u0131 kanunun 31. maddesi uyar\u0131nca g\u00f6revlendirilmi\u015ftir.\" \/>\n<meta property=\"og:url\" content=\"https:\/\/ticaret.edu.tr\/meslek-yuksekokulu\/akademik-kadro\/\" \/>\n<meta property=\"og:site_name\" content=\"Meslek Y\u00fcksekokulu\" \/>\n<meta property=\"article:publisher\" content=\"https:\/\/www.facebook.com\/ticaretedutr\" \/>\n<meta property=\"article:modified_time\" content=\"2025-02-07T06:54:25+00:00\" \/>\n<meta name=\"twitter:card\" content=\"summary_large_image\" \/>\n<meta name=\"twitter:site\" content=\"@ticaretedutr\" \/>\n<meta name=\"twitter:label1\" content=\"Tahmini okuma s\u00fcresi\" \/>\n\t<meta name=\"twitter:data1\" content=\"1 dakika\" \/>\n<script type=\"application\/ld+json\" class=\"yoast-schema-graph\">{\"@context\":\"https:\/\/schema.org\",\"@graph\":[{\"@type\":\"WebPage\",\"@id\":\"https:\/\/ticaret.edu.tr\/meslek-yuksekokulu\/akademik-kadro\/\",\"url\":\"https:\/\/ticaret.edu.tr\/meslek-yuksekokulu\/akademik-kadro\/\",\"name\":\"AKADEM\u0130K KADRO - Meslek Y\u00fcksekokulu\",\"isPartOf\":{\"@id\":\"https:\/\/ticaret.edu.tr\/meslek-yuksekokulu\/#website\"},\"datePublished\":\"2022-08-10T07:23:36+00:00\",\"dateModified\":\"2025-02-07T06:54:25+00:00\",\"breadcrumb\":{\"@id\":\"https:\/\/ticaret.edu.tr\/meslek-yuksekokulu\/akademik-kadro\/#breadcrumb\"},\"inLanguage\":\"tr\",\"potentialAction\":[{\"@type\":\"ReadAction\",\"target\":[\"https:\/\/ticaret.edu.tr\/meslek-yuksekokulu\/akademik-kadro\/\"]}]},{\"@type\":\"BreadcrumbList\",\"@id\":\"https:\/\/ticaret.edu.tr\/meslek-yuksekokulu\/akademik-kadro\/#breadcrumb\",\"itemListElement\":[{\"@type\":\"ListItem\",\"position\":1,\"name\":\"Ana sayfa\",\"item\":\"https:\/\/ticaret.edu.tr\/meslek-yuksekokulu\/\"},{\"@type\":\"ListItem\",\"position\":2,\"name\":\"AKADEM\u0130K KADRO\"}]},{\"@type\":\"WebSite\",\"@id\":\"https:\/\/ticaret.edu.tr\/meslek-yuksekokulu\/#website\",\"url\":\"https:\/\/ticaret.edu.tr\/meslek-yuksekokulu\/\",\"name\":\"Meslek Y\u00fcksekokulu\",\"description\":\"\u0130stanbul Ticaret \u00dcniversitesi\",\"publisher\":{\"@id\":\"https:\/\/ticaret.edu.tr\/meslek-yuksekokulu\/#organization\"},\"potentialAction\":[{\"@type\":\"SearchAction\",\"target\":{\"@type\":\"EntryPoint\",\"urlTemplate\":\"https:\/\/ticaret.edu.tr\/meslek-yuksekokulu\/?s={search_term_string}\"},\"query-input\":\"required name=search_term_string\"}],\"inLanguage\":\"tr\"},{\"@type\":\"Organization\",\"@id\":\"https:\/\/ticaret.edu.tr\/meslek-yuksekokulu\/#organization\",\"name\":\"\u0130stanbul Ticaret \u00dcniversitesi\",\"url\":\"https:\/\/ticaret.edu.tr\/meslek-yuksekokulu\/\",\"logo\":{\"@type\":\"ImageObject\",\"inLanguage\":\"tr\",\"@id\":\"https:\/\/ticaret.edu.tr\/meslek-yuksekokulu\/#\/schema\/logo\/image\/\",\"url\":\"https:\/\/ticaret.edu.tr\/wp-content\/uploads\/2021\/11\/logo22.png\",\"contentUrl\":\"https:\/\/ticaret.edu.tr\/wp-content\/uploads\/2021\/11\/logo22.png\",\"width\":172,\"height\":112,\"caption\":\"\u0130stanbul Ticaret \u00dcniversitesi\"},\"image\":{\"@id\":\"https:\/\/ticaret.edu.tr\/meslek-yuksekokulu\/#\/schema\/logo\/image\/\"},\"sameAs\":[\"https:\/\/www.facebook.com\/ticaretedutr\",\"https:\/\/twitter.com\/ticaretedutr\"]}]}<\/script>\n<!-- \/ Yoast SEO Premium plugin. -->","yoast_head_json":{"title":"AKADEM\u0130K KADRO - Meslek Y\u00fcksekokulu","robots":{"index":"index","follow":"follow","max-snippet":"max-snippet:-1","max-image-preview":"max-image-preview:large","max-video-preview":"max-video-preview:-1"},"canonical":"https:\/\/ticaret.edu.tr\/meslek-yuksekokulu\/akademik-kadro\/","og_locale":"tr_TR","og_type":"article","og_title":"AKADEM\u0130K KADRO","og_description":"\u201c*\u201d 2547 say\u0131l\u0131 kanunun 40-A maddesi uyar\u0131nca g\u00f6revlendirilmi\u015ftir. \u201c**\u201d 2547 say\u0131l\u0131 kanunun 31. maddesi uyar\u0131nca g\u00f6revlendirilmi\u015ftir.","og_url":"https:\/\/ticaret.edu.tr\/meslek-yuksekokulu\/akademik-kadro\/","og_site_name":"Meslek Y\u00fcksekokulu","article_publisher":"https:\/\/www.facebook.com\/ticaretedutr","article_modified_time":"2025-02-07T06:54:25+00:00","twitter_card":"summary_large_image","twitter_site":"@ticaretedutr","twitter_misc":{"Tahmini okuma s\u00fcresi":"1 dakika"},"schema":{"@context":"https:\/\/schema.org","@graph":[{"@type":"WebPage","@id":"https:\/\/ticaret.edu.tr\/meslek-yuksekokulu\/akademik-kadro\/","url":"https:\/\/ticaret.edu.tr\/meslek-yuksekokulu\/akademik-kadro\/","name":"AKADEM\u0130K KADRO - Meslek Y\u00fcksekokulu","isPartOf":{"@id":"https:\/\/ticaret.edu.tr\/meslek-yuksekokulu\/#website"},"datePublished":"2022-08-10T07:23:36+00:00","dateModified":"2025-02-07T06:54:25+00:00","breadcrumb":{"@id":"https:\/\/ticaret.edu.tr\/meslek-yuksekokulu\/akademik-kadro\/#breadcrumb"},"inLanguage":"tr","potentialAction":[{"@type":"ReadAction","target":["https:\/\/ticaret.edu.tr\/meslek-yuksekokulu\/akademik-kadro\/"]}]},{"@type":"BreadcrumbList","@id":"https:\/\/ticaret.edu.tr\/meslek-yuksekokulu\/akademik-kadro\/#breadcrumb","itemListElement":[{"@type":"ListItem","position":1,"name":"Ana sayfa","item":"https:\/\/ticaret.edu.tr\/meslek-yuksekokulu\/"},{"@type":"ListItem","position":2,"name":"AKADEM\u0130K KADRO"}]},{"@type":"WebSite","@id":"https:\/\/ticaret.edu.tr\/meslek-yuksekokulu\/#website","url":"https:\/\/ticaret.edu.tr\/meslek-yuksekokulu\/","name":"Meslek Y\u00fcksekokulu","description":"\u0130stanbul Ticaret \u00dcniversitesi","publisher":{"@id":"https:\/\/ticaret.edu.tr\/meslek-yuksekokulu\/#organization"},"potentialAction":[{"@type":"SearchAction","target":{"@type":"EntryPoint","urlTemplate":"https:\/\/ticaret.edu.tr\/meslek-yuksekokulu\/?s={search_term_string}"},"query-input":"required name=search_term_string"}],"inLanguage":"tr"},{"@type":"Organization","@id":"https:\/\/ticaret.edu.tr\/meslek-yuksekokulu\/#organization","name":"\u0130stanbul Ticaret \u00dcniversitesi","url":"https:\/\/ticaret.edu.tr\/meslek-yuksekokulu\/","logo":{"@type":"ImageObject","inLanguage":"tr","@id":"https:\/\/ticaret.edu.tr\/meslek-yuksekokulu\/#\/schema\/logo\/image\/","url":"https:\/\/ticaret.edu.tr\/wp-content\/uploads\/2021\/11\/logo22.png","contentUrl":"https:\/\/ticaret.edu.tr\/wp-content\/uploads\/2021\/11\/logo22.png","width":172,"height":112,"caption":"\u0130stanbul Ticaret \u00dcniversitesi"},"image":{"@id":"https:\/\/ticaret.edu.tr\/meslek-yuksekokulu\/#\/schema\/logo\/image\/"},"sameAs":["https:\/\/www.facebook.com\/ticaretedutr","https:\/\/twitter.com\/ticaretedutr"]}]}},"lang":"tr","translations":{"tr":41},"pll_sync_post":[],"_links":{"self":[{"href":"http:\/\/ticaret.edu.tr\/meslek-yuksekokulu\/wp-json\/wp\/v2\/pages\/41"}],"collection":[{"href":"http:\/\/ticaret.edu.tr\/meslek-yuksekokulu\/wp-json\/wp\/v2\/pages"}],"about":[{"href":"http:\/\/ticaret.edu.tr\/meslek-yuksekokulu\/wp-json\/wp\/v2\/types\/page"}],"author":[{"embeddable":true,"href":"http:\/\/ticaret.edu.tr\/meslek-yuksekokulu\/wp-json\/wp\/v2\/users\/149"}],"replies":[{"embeddable":true,"href":"http:\/\/ticaret.edu.tr\/meslek-yuksekokulu\/wp-json\/wp\/v2\/comments?post=41"}],"version-history":[{"count":4,"href":"http:\/\/ticaret.edu.tr\/meslek-yuksekokulu\/wp-json\/wp\/v2\/pages\/41\/revisions"}],"predecessor-version":[{"id":384,"href":"http:\/\/ticaret.edu.tr\/meslek-yuksekokulu\/wp-json\/wp\/v2\/pages\/41\/revisions\/384"}],"wp:attachment":[{"href":"http:\/\/ticaret.edu.tr\/meslek-yuksekokulu\/wp-json\/wp\/v2\/media?parent=41"}],"curies":[{"name":"wp","href":"https:\/\/api.w.org\/{rel}","templated":true}]}}