{"id":410,"date":"2024-11-21T11:43:41","date_gmt":"2024-11-21T08:43:41","guid":{"rendered":"https:\/\/ticaret.edu.tr\/meslek-yuksekokulu\/?page_id=410"},"modified":"2025-12-17T13:52:05","modified_gmt":"2025-12-17T10:52:05","slug":"kalite-guvence-sistemi-2","status":"publish","type":"page","link":"http:\/\/ticaret.edu.tr\/meslek-yuksekokulu\/kalite-guvence-sistemi-2\/","title":{"rendered":"Kalite G\u00fcvence Sistemi"},"content":{"rendered":"<table>\n<tbody>\n<tr>\n<td rowspan=\"2\"><\/td>\n<td rowspan=\"2\">\u0130STANBUL T\u0130CARET \u00dcN\u0130VERS\u0130TES\u0130<\/td>\n<\/tr>\n<tr>\n<td><\/td>\n<\/tr>\n<tr>\n<td><strong>Misyon<\/strong><\/td>\n<td>Ara\u015ft\u0131rma faaliyetleriyle topluma de\u011fer katmak, bilimsel temelli \u00f6\u011fretim ve uygulamal\u0131 e\u011fitimle akademi ve i\u015f d\u00fcnyas\u0131n\u0131n ihtiya\u00e7 duydu\u011fu nitelikli bireyleri yeti\u015ftirmek.<\/td>\n<td><\/td>\n<\/tr>\n<tr>\n<td><strong>Vizyon<\/strong><\/td>\n<td>Uluslararas\u0131 d\u00fczeyde bilim, ara\u015ft\u0131rma, e\u011fitim ve \u00f6\u011fretim faaliyetleriyle, topluma ve i\u015f d\u00fcnyas\u0131na y\u00f6n veren, \u00f6nc\u00fc bir \u00fcniversite olmak.<\/td>\n<td><\/td>\n<\/tr>\n<tr>\n<td><strong>Temel De\u011ferler<\/strong><\/td>\n<td>\n<ul>\n<li>Bilimsel ve Ele\u015ftirel D\u00fc\u015f\u00fcnce<\/li>\n<li>Bilgi, Beceri ve Yetkinlik Odakl\u0131<\/li>\n<li>Milli, Ahlaki ve Evrensel De\u011ferlere Ba\u011fl\u0131l\u0131k<\/li>\n<li>Giri\u015fimcilik ve Yenilik\u00e7ilik<\/li>\n<li>\u0130\u015f D\u00fcnyas\u0131 ve Payda\u015f Odakl\u0131<\/li>\n<li>\u0130nsani Geli\u015fime ve Topluma Katk\u0131<\/li>\n<li>S\u00fcrd\u00fcr\u00fclebilirlik Odakl\u0131l\u0131k<\/li>\n<\/ul>\n<\/td>\n<\/tr>\n<\/tbody>\n<\/table>\n<p>&nbsp;<\/p>\n<p>TOPLANTI TUTANAKLARI<\/p>\n<p><a href=\"http:\/\/ticaret.edu.tr\/meslek-yuksekokulu\/wp-content\/uploads\/sites\/74\/2025\/01\/Kalite_Komisyonu_Tutanagi_1_imzasiz.pdf\">Kalite_Komisyonu_1 Nolu Tutana\u011f\u0131_<\/a><br \/>\n<a href=\"http:\/\/ticaret.edu.tr\/meslek-yuksekokulu\/wp-content\/uploads\/sites\/74\/2025\/12\/kalite_komisyonu2_nolu_toplanti_tutanagi.pdf\">Kalite_Komisyonu 2_nolu_Tutana\u011f\u0131<\/a><\/p>\n<p><a href=\"http:\/\/ticaret.edu.tr\/meslek-yuksekokulu\/wp-content\/uploads\/sites\/74\/2025\/12\/Toplanti-3.pdf\">Birim_Kalite_Komisyon_3_Nolu_Tutana\u011f\u0131<\/a><\/p>\n<p><a href=\"http:\/\/ticaret.edu.tr\/meslek-yuksekokulu\/wp-content\/uploads\/sites\/74\/2025\/12\/Toplanti-4.pdf\">Birim_Kalite_Komisyon_4_Nolu_Tutana\u011f\u0131<\/a><\/p>\n<p>&nbsp;<\/p>\n<p><a href=\"http:\/\/ticaret.edu.tr\/meslek-yuksekokulu\/wp-content\/uploads\/sites\/74\/2025\/01\/MEDEK_Komisyonu_Tutanagi_1_imzasiz.pdf\">MEDEK_Komisyonu_Tutana\u011f\u0131_1_imzasiz<\/a><\/p>\n<p><a href=\"http:\/\/ticaret.edu.tr\/meslek-yuksekokulu\/wp-content\/uploads\/sites\/74\/2025\/12\/MEDEK-Top.-Tutanagi-2.pdf\">MEDEK_Komisyonu_Tutanag\u0131_2<\/a><br \/>\n<a href=\"http:\/\/ticaret.edu.tr\/meslek-yuksekokulu\/wp-content\/uploads\/sites\/74\/2025\/12\/DanismaKurulu_1Nolu_Toplanti-Tutanak-Formu-v3.pdf\">Dan\u0131\u015fmaKurulu_1Nolu_Toplant\u0131 Tutana\u011f\u0131<\/a><\/p>\n","protected":false},"excerpt":{"rendered":"<p>\u0130STANBUL T\u0130CARET \u00dcN\u0130VERS\u0130TES\u0130 Misyon Ara\u015ft\u0131rma faaliyetleriyle topluma de\u011fer katmak, bilimsel temelli \u00f6\u011fretim ve uygulamal\u0131 e\u011fitimle akademi ve i\u015f d\u00fcnyas\u0131n\u0131n ihtiya\u00e7 duydu\u011fu nitelikli bireyleri yeti\u015ftirmek. Vizyon Uluslararas\u0131 d\u00fczeyde bilim, ara\u015ft\u0131rma, e\u011fitim ve \u00f6\u011fretim faaliyetleriyle, topluma ve i\u015f d\u00fcnyas\u0131na y\u00f6n veren, \u00f6nc\u00fc bir \u00fcniversite olmak. Temel De\u011ferler Bilimsel ve Ele\u015ftirel D\u00fc\u015f\u00fcnce Bilgi, Beceri ve Yetkinlik Odakl\u0131 Milli, [&hellip;]<\/p>\n","protected":false},"author":43,"featured_media":0,"parent":0,"menu_order":0,"comment_status":"closed","ping_status":"closed","template":"genel_sayfa.php","meta":{"footnotes":""},"yoast_head":"<!-- This site is optimized with the Yoast SEO Premium plugin v22.1 (Yoast SEO v22.1) - https:\/\/yoast.com\/wordpress\/plugins\/seo\/ -->\n<title>Kalite G\u00fcvence Sistemi - Meslek Y\u00fcksekokulu<\/title>\n<meta name=\"robots\" content=\"index, follow, max-snippet:-1, max-image-preview:large, max-video-preview:-1\" \/>\n<link rel=\"canonical\" href=\"https:\/\/ticaret.edu.tr\/meslek-yuksekokulu\/kalite-guvence-sistemi-2\/\" \/>\n<meta property=\"og:locale\" content=\"tr_TR\" \/>\n<meta property=\"og:type\" content=\"article\" \/>\n<meta property=\"og:title\" content=\"Kalite G\u00fcvence Sistemi\" \/>\n<meta property=\"og:description\" content=\"\u0130STANBUL T\u0130CARET \u00dcN\u0130VERS\u0130TES\u0130 Misyon Ara\u015ft\u0131rma faaliyetleriyle topluma de\u011fer katmak, bilimsel temelli \u00f6\u011fretim ve uygulamal\u0131 e\u011fitimle akademi ve i\u015f d\u00fcnyas\u0131n\u0131n ihtiya\u00e7 duydu\u011fu nitelikli bireyleri yeti\u015ftirmek. Vizyon Uluslararas\u0131 d\u00fczeyde bilim, ara\u015ft\u0131rma, e\u011fitim ve \u00f6\u011fretim faaliyetleriyle, topluma ve i\u015f d\u00fcnyas\u0131na y\u00f6n veren, \u00f6nc\u00fc bir \u00fcniversite olmak. Temel De\u011ferler Bilimsel ve Ele\u015ftirel D\u00fc\u015f\u00fcnce Bilgi, Beceri ve Yetkinlik Odakl\u0131 Milli, [&hellip;]\" \/>\n<meta property=\"og:url\" content=\"https:\/\/ticaret.edu.tr\/meslek-yuksekokulu\/kalite-guvence-sistemi-2\/\" \/>\n<meta property=\"og:site_name\" content=\"Meslek Y\u00fcksekokulu\" \/>\n<meta property=\"article:publisher\" content=\"https:\/\/www.facebook.com\/ticaretedutr\" \/>\n<meta property=\"article:modified_time\" content=\"2025-12-17T10:52:05+00:00\" \/>\n<meta name=\"twitter:card\" content=\"summary_large_image\" \/>\n<meta name=\"twitter:site\" content=\"@ticaretedutr\" \/>\n<meta name=\"twitter:label1\" content=\"Tahmini okuma s\u00fcresi\" \/>\n\t<meta name=\"twitter:data1\" content=\"1 dakika\" \/>\n<script type=\"application\/ld+json\" class=\"yoast-schema-graph\">{\"@context\":\"https:\/\/schema.org\",\"@graph\":[{\"@type\":\"WebPage\",\"@id\":\"https:\/\/ticaret.edu.tr\/meslek-yuksekokulu\/kalite-guvence-sistemi-2\/\",\"url\":\"https:\/\/ticaret.edu.tr\/meslek-yuksekokulu\/kalite-guvence-sistemi-2\/\",\"name\":\"Kalite G\u00fcvence Sistemi - Meslek Y\u00fcksekokulu\",\"isPartOf\":{\"@id\":\"https:\/\/ticaret.edu.tr\/meslek-yuksekokulu\/#website\"},\"datePublished\":\"2024-11-21T08:43:41+00:00\",\"dateModified\":\"2025-12-17T10:52:05+00:00\",\"breadcrumb\":{\"@id\":\"https:\/\/ticaret.edu.tr\/meslek-yuksekokulu\/kalite-guvence-sistemi-2\/#breadcrumb\"},\"inLanguage\":\"tr\",\"potentialAction\":[{\"@type\":\"ReadAction\",\"target\":[\"https:\/\/ticaret.edu.tr\/meslek-yuksekokulu\/kalite-guvence-sistemi-2\/\"]}]},{\"@type\":\"BreadcrumbList\",\"@id\":\"https:\/\/ticaret.edu.tr\/meslek-yuksekokulu\/kalite-guvence-sistemi-2\/#breadcrumb\",\"itemListElement\":[{\"@type\":\"ListItem\",\"position\":1,\"name\":\"Ana sayfa\",\"item\":\"https:\/\/ticaret.edu.tr\/meslek-yuksekokulu\/\"},{\"@type\":\"ListItem\",\"position\":2,\"name\":\"Kalite G\u00fcvence Sistemi\"}]},{\"@type\":\"WebSite\",\"@id\":\"https:\/\/ticaret.edu.tr\/meslek-yuksekokulu\/#website\",\"url\":\"https:\/\/ticaret.edu.tr\/meslek-yuksekokulu\/\",\"name\":\"Meslek Y\u00fcksekokulu\",\"description\":\"\u0130stanbul Ticaret \u00dcniversitesi\",\"publisher\":{\"@id\":\"https:\/\/ticaret.edu.tr\/meslek-yuksekokulu\/#organization\"},\"potentialAction\":[{\"@type\":\"SearchAction\",\"target\":{\"@type\":\"EntryPoint\",\"urlTemplate\":\"https:\/\/ticaret.edu.tr\/meslek-yuksekokulu\/?s={search_term_string}\"},\"query-input\":\"required name=search_term_string\"}],\"inLanguage\":\"tr\"},{\"@type\":\"Organization\",\"@id\":\"https:\/\/ticaret.edu.tr\/meslek-yuksekokulu\/#organization\",\"name\":\"\u0130stanbul Ticaret \u00dcniversitesi\",\"url\":\"https:\/\/ticaret.edu.tr\/meslek-yuksekokulu\/\",\"logo\":{\"@type\":\"ImageObject\",\"inLanguage\":\"tr\",\"@id\":\"https:\/\/ticaret.edu.tr\/meslek-yuksekokulu\/#\/schema\/logo\/image\/\",\"url\":\"https:\/\/ticaret.edu.tr\/wp-content\/uploads\/2021\/11\/logo22.png\",\"contentUrl\":\"https:\/\/ticaret.edu.tr\/wp-content\/uploads\/2021\/11\/logo22.png\",\"width\":172,\"height\":112,\"caption\":\"\u0130stanbul Ticaret \u00dcniversitesi\"},\"image\":{\"@id\":\"https:\/\/ticaret.edu.tr\/meslek-yuksekokulu\/#\/schema\/logo\/image\/\"},\"sameAs\":[\"https:\/\/www.facebook.com\/ticaretedutr\",\"https:\/\/twitter.com\/ticaretedutr\"]}]}<\/script>\n<!-- \/ Yoast SEO Premium plugin. -->","yoast_head_json":{"title":"Kalite G\u00fcvence Sistemi - Meslek Y\u00fcksekokulu","robots":{"index":"index","follow":"follow","max-snippet":"max-snippet:-1","max-image-preview":"max-image-preview:large","max-video-preview":"max-video-preview:-1"},"canonical":"https:\/\/ticaret.edu.tr\/meslek-yuksekokulu\/kalite-guvence-sistemi-2\/","og_locale":"tr_TR","og_type":"article","og_title":"Kalite G\u00fcvence Sistemi","og_description":"\u0130STANBUL T\u0130CARET \u00dcN\u0130VERS\u0130TES\u0130 Misyon Ara\u015ft\u0131rma faaliyetleriyle topluma de\u011fer katmak, bilimsel temelli \u00f6\u011fretim ve uygulamal\u0131 e\u011fitimle akademi ve i\u015f d\u00fcnyas\u0131n\u0131n ihtiya\u00e7 duydu\u011fu nitelikli bireyleri yeti\u015ftirmek. Vizyon Uluslararas\u0131 d\u00fczeyde bilim, ara\u015ft\u0131rma, e\u011fitim ve \u00f6\u011fretim faaliyetleriyle, topluma ve i\u015f d\u00fcnyas\u0131na y\u00f6n veren, \u00f6nc\u00fc bir \u00fcniversite olmak. Temel De\u011ferler Bilimsel ve Ele\u015ftirel D\u00fc\u015f\u00fcnce Bilgi, Beceri ve Yetkinlik Odakl\u0131 Milli, [&hellip;]","og_url":"https:\/\/ticaret.edu.tr\/meslek-yuksekokulu\/kalite-guvence-sistemi-2\/","og_site_name":"Meslek Y\u00fcksekokulu","article_publisher":"https:\/\/www.facebook.com\/ticaretedutr","article_modified_time":"2025-12-17T10:52:05+00:00","twitter_card":"summary_large_image","twitter_site":"@ticaretedutr","twitter_misc":{"Tahmini okuma s\u00fcresi":"1 dakika"},"schema":{"@context":"https:\/\/schema.org","@graph":[{"@type":"WebPage","@id":"https:\/\/ticaret.edu.tr\/meslek-yuksekokulu\/kalite-guvence-sistemi-2\/","url":"https:\/\/ticaret.edu.tr\/meslek-yuksekokulu\/kalite-guvence-sistemi-2\/","name":"Kalite G\u00fcvence Sistemi - Meslek Y\u00fcksekokulu","isPartOf":{"@id":"https:\/\/ticaret.edu.tr\/meslek-yuksekokulu\/#website"},"datePublished":"2024-11-21T08:43:41+00:00","dateModified":"2025-12-17T10:52:05+00:00","breadcrumb":{"@id":"https:\/\/ticaret.edu.tr\/meslek-yuksekokulu\/kalite-guvence-sistemi-2\/#breadcrumb"},"inLanguage":"tr","potentialAction":[{"@type":"ReadAction","target":["https:\/\/ticaret.edu.tr\/meslek-yuksekokulu\/kalite-guvence-sistemi-2\/"]}]},{"@type":"BreadcrumbList","@id":"https:\/\/ticaret.edu.tr\/meslek-yuksekokulu\/kalite-guvence-sistemi-2\/#breadcrumb","itemListElement":[{"@type":"ListItem","position":1,"name":"Ana sayfa","item":"https:\/\/ticaret.edu.tr\/meslek-yuksekokulu\/"},{"@type":"ListItem","position":2,"name":"Kalite G\u00fcvence Sistemi"}]},{"@type":"WebSite","@id":"https:\/\/ticaret.edu.tr\/meslek-yuksekokulu\/#website","url":"https:\/\/ticaret.edu.tr\/meslek-yuksekokulu\/","name":"Meslek Y\u00fcksekokulu","description":"\u0130stanbul Ticaret \u00dcniversitesi","publisher":{"@id":"https:\/\/ticaret.edu.tr\/meslek-yuksekokulu\/#organization"},"potentialAction":[{"@type":"SearchAction","target":{"@type":"EntryPoint","urlTemplate":"https:\/\/ticaret.edu.tr\/meslek-yuksekokulu\/?s={search_term_string}"},"query-input":"required name=search_term_string"}],"inLanguage":"tr"},{"@type":"Organization","@id":"https:\/\/ticaret.edu.tr\/meslek-yuksekokulu\/#organization","name":"\u0130stanbul Ticaret \u00dcniversitesi","url":"https:\/\/ticaret.edu.tr\/meslek-yuksekokulu\/","logo":{"@type":"ImageObject","inLanguage":"tr","@id":"https:\/\/ticaret.edu.tr\/meslek-yuksekokulu\/#\/schema\/logo\/image\/","url":"https:\/\/ticaret.edu.tr\/wp-content\/uploads\/2021\/11\/logo22.png","contentUrl":"https:\/\/ticaret.edu.tr\/wp-content\/uploads\/2021\/11\/logo22.png","width":172,"height":112,"caption":"\u0130stanbul Ticaret \u00dcniversitesi"},"image":{"@id":"https:\/\/ticaret.edu.tr\/meslek-yuksekokulu\/#\/schema\/logo\/image\/"},"sameAs":["https:\/\/www.facebook.com\/ticaretedutr","https:\/\/twitter.com\/ticaretedutr"]}]}},"lang":"tr","translations":{"tr":410},"pll_sync_post":[],"_links":{"self":[{"href":"http:\/\/ticaret.edu.tr\/meslek-yuksekokulu\/wp-json\/wp\/v2\/pages\/410"}],"collection":[{"href":"http:\/\/ticaret.edu.tr\/meslek-yuksekokulu\/wp-json\/wp\/v2\/pages"}],"about":[{"href":"http:\/\/ticaret.edu.tr\/meslek-yuksekokulu\/wp-json\/wp\/v2\/types\/page"}],"author":[{"embeddable":true,"href":"http:\/\/ticaret.edu.tr\/meslek-yuksekokulu\/wp-json\/wp\/v2\/users\/43"}],"replies":[{"embeddable":true,"href":"http:\/\/ticaret.edu.tr\/meslek-yuksekokulu\/wp-json\/wp\/v2\/comments?post=410"}],"version-history":[{"count":11,"href":"http:\/\/ticaret.edu.tr\/meslek-yuksekokulu\/wp-json\/wp\/v2\/pages\/410\/revisions"}],"predecessor-version":[{"id":777,"href":"http:\/\/ticaret.edu.tr\/meslek-yuksekokulu\/wp-json\/wp\/v2\/pages\/410\/revisions\/777"}],"wp:attachment":[{"href":"http:\/\/ticaret.edu.tr\/meslek-yuksekokulu\/wp-json\/wp\/v2\/media?parent=410"}],"curies":[{"name":"wp","href":"https:\/\/api.w.org\/{rel}","templated":true}]}}