{"id":412,"date":"2024-11-21T11:43:42","date_gmt":"2024-11-21T08:43:42","guid":{"rendered":"https:\/\/ticaret.edu.tr\/meslek-yuksekokulu\/?page_id=412"},"modified":"2025-12-11T19:42:13","modified_gmt":"2025-12-11T16:42:13","slug":"birim-kalite-elcileri","status":"publish","type":"page","link":"http:\/\/ticaret.edu.tr\/meslek-yuksekokulu\/birim-kalite-elcileri\/","title":{"rendered":"Birim Kalite El\u00e7ileri"},"content":{"rendered":"<p class=\"x_MsoNormal\"><b>Meslek Y\u00fcksekokulu Birim Kalite El\u00e7i\u015fi:<\/b>\u00a0\u00d6\u011fr. G\u00f6r. Beyza \u015eimal Bozda\u011f<\/p>\n<p class=\"x_MsoNormal\"><b>Siber G\u00fcvenlik Program\u0131 Kalite El\u00e7i\u015fi:\u00a0<\/b>\u00d6\u011fr. G\u00f6r. Safiye Nazmiye \u00d6zt\u00fcrk<\/p>\n<p class=\"x_MsoNormal\"><b>Bilgisayar Teknolojisi Program\u0131 Kalite El\u00e7i\u015fi:\u00a0<\/b>\u00d6\u011fr. G\u00f6r. Melek Ceylan<\/p>\n<p class=\"x_MsoNormal\"><b>Bilgisayar Programc\u0131l\u0131\u011f\u0131 Program\u0131 Kalite El\u00e7isi<\/b>: \u00d6\u011fr. G\u00f6r. Ebru Kurtulu\u015f<\/p>\n","protected":false},"excerpt":{"rendered":"<p>Meslek Y\u00fcksekokulu Birim Kalite El\u00e7i\u015fi:\u00a0\u00d6\u011fr. G\u00f6r. Beyza \u015eimal Bozda\u011f Siber G\u00fcvenlik Program\u0131 Kalite El\u00e7i\u015fi:\u00a0\u00d6\u011fr. G\u00f6r. Safiye Nazmiye \u00d6zt\u00fcrk Bilgisayar Teknolojisi Program\u0131 Kalite El\u00e7i\u015fi:\u00a0\u00d6\u011fr. G\u00f6r. Melek Ceylan Bilgisayar Programc\u0131l\u0131\u011f\u0131 Program\u0131 Kalite El\u00e7isi: \u00d6\u011fr. G\u00f6r. Ebru Kurtulu\u015f<\/p>\n","protected":false},"author":43,"featured_media":0,"parent":0,"menu_order":0,"comment_status":"closed","ping_status":"closed","template":"genel_sayfa.php","meta":{"footnotes":""},"yoast_head":"<!-- This site is optimized with the Yoast SEO Premium plugin v22.1 (Yoast SEO v22.1) - https:\/\/yoast.com\/wordpress\/plugins\/seo\/ -->\n<title>Birim Kalite El\u00e7ileri - Meslek Y\u00fcksekokulu<\/title>\n<meta name=\"robots\" content=\"index, follow, max-snippet:-1, max-image-preview:large, max-video-preview:-1\" \/>\n<link rel=\"canonical\" href=\"https:\/\/ticaret.edu.tr\/meslek-yuksekokulu\/birim-kalite-elcileri\/\" \/>\n<meta property=\"og:locale\" content=\"tr_TR\" \/>\n<meta property=\"og:type\" content=\"article\" \/>\n<meta property=\"og:title\" content=\"Birim Kalite El\u00e7ileri\" \/>\n<meta property=\"og:description\" content=\"Meslek Y\u00fcksekokulu Birim Kalite El\u00e7i\u015fi:\u00a0\u00d6\u011fr. G\u00f6r. Beyza \u015eimal Bozda\u011f Siber G\u00fcvenlik Program\u0131 Kalite El\u00e7i\u015fi:\u00a0\u00d6\u011fr. G\u00f6r. Safiye Nazmiye \u00d6zt\u00fcrk Bilgisayar Teknolojisi Program\u0131 Kalite El\u00e7i\u015fi:\u00a0\u00d6\u011fr. G\u00f6r. Melek Ceylan Bilgisayar Programc\u0131l\u0131\u011f\u0131 Program\u0131 Kalite El\u00e7isi: \u00d6\u011fr. G\u00f6r. Ebru Kurtulu\u015f\" \/>\n<meta property=\"og:url\" content=\"https:\/\/ticaret.edu.tr\/meslek-yuksekokulu\/birim-kalite-elcileri\/\" \/>\n<meta property=\"og:site_name\" content=\"Meslek Y\u00fcksekokulu\" \/>\n<meta property=\"article:publisher\" content=\"https:\/\/www.facebook.com\/ticaretedutr\" \/>\n<meta property=\"article:modified_time\" content=\"2025-12-11T16:42:13+00:00\" \/>\n<meta name=\"twitter:card\" content=\"summary_large_image\" \/>\n<meta name=\"twitter:site\" content=\"@ticaretedutr\" \/>\n<meta name=\"twitter:label1\" content=\"Tahmini okuma s\u00fcresi\" \/>\n\t<meta name=\"twitter:data1\" content=\"1 dakika\" \/>\n<script type=\"application\/ld+json\" class=\"yoast-schema-graph\">{\"@context\":\"https:\/\/schema.org\",\"@graph\":[{\"@type\":\"WebPage\",\"@id\":\"https:\/\/ticaret.edu.tr\/meslek-yuksekokulu\/birim-kalite-elcileri\/\",\"url\":\"https:\/\/ticaret.edu.tr\/meslek-yuksekokulu\/birim-kalite-elcileri\/\",\"name\":\"Birim Kalite El\u00e7ileri - Meslek Y\u00fcksekokulu\",\"isPartOf\":{\"@id\":\"https:\/\/ticaret.edu.tr\/meslek-yuksekokulu\/#website\"},\"datePublished\":\"2024-11-21T08:43:42+00:00\",\"dateModified\":\"2025-12-11T16:42:13+00:00\",\"breadcrumb\":{\"@id\":\"https:\/\/ticaret.edu.tr\/meslek-yuksekokulu\/birim-kalite-elcileri\/#breadcrumb\"},\"inLanguage\":\"tr\",\"potentialAction\":[{\"@type\":\"ReadAction\",\"target\":[\"https:\/\/ticaret.edu.tr\/meslek-yuksekokulu\/birim-kalite-elcileri\/\"]}]},{\"@type\":\"BreadcrumbList\",\"@id\":\"https:\/\/ticaret.edu.tr\/meslek-yuksekokulu\/birim-kalite-elcileri\/#breadcrumb\",\"itemListElement\":[{\"@type\":\"ListItem\",\"position\":1,\"name\":\"Ana sayfa\",\"item\":\"https:\/\/ticaret.edu.tr\/meslek-yuksekokulu\/\"},{\"@type\":\"ListItem\",\"position\":2,\"name\":\"Birim Kalite El\u00e7ileri\"}]},{\"@type\":\"WebSite\",\"@id\":\"https:\/\/ticaret.edu.tr\/meslek-yuksekokulu\/#website\",\"url\":\"https:\/\/ticaret.edu.tr\/meslek-yuksekokulu\/\",\"name\":\"Meslek Y\u00fcksekokulu\",\"description\":\"\u0130stanbul Ticaret \u00dcniversitesi\",\"publisher\":{\"@id\":\"https:\/\/ticaret.edu.tr\/meslek-yuksekokulu\/#organization\"},\"potentialAction\":[{\"@type\":\"SearchAction\",\"target\":{\"@type\":\"EntryPoint\",\"urlTemplate\":\"https:\/\/ticaret.edu.tr\/meslek-yuksekokulu\/?s={search_term_string}\"},\"query-input\":\"required name=search_term_string\"}],\"inLanguage\":\"tr\"},{\"@type\":\"Organization\",\"@id\":\"https:\/\/ticaret.edu.tr\/meslek-yuksekokulu\/#organization\",\"name\":\"\u0130stanbul Ticaret \u00dcniversitesi\",\"url\":\"https:\/\/ticaret.edu.tr\/meslek-yuksekokulu\/\",\"logo\":{\"@type\":\"ImageObject\",\"inLanguage\":\"tr\",\"@id\":\"https:\/\/ticaret.edu.tr\/meslek-yuksekokulu\/#\/schema\/logo\/image\/\",\"url\":\"https:\/\/ticaret.edu.tr\/wp-content\/uploads\/2021\/11\/logo22.png\",\"contentUrl\":\"https:\/\/ticaret.edu.tr\/wp-content\/uploads\/2021\/11\/logo22.png\",\"width\":172,\"height\":112,\"caption\":\"\u0130stanbul Ticaret \u00dcniversitesi\"},\"image\":{\"@id\":\"https:\/\/ticaret.edu.tr\/meslek-yuksekokulu\/#\/schema\/logo\/image\/\"},\"sameAs\":[\"https:\/\/www.facebook.com\/ticaretedutr\",\"https:\/\/twitter.com\/ticaretedutr\"]}]}<\/script>\n<!-- \/ Yoast SEO Premium plugin. -->","yoast_head_json":{"title":"Birim Kalite El\u00e7ileri - Meslek Y\u00fcksekokulu","robots":{"index":"index","follow":"follow","max-snippet":"max-snippet:-1","max-image-preview":"max-image-preview:large","max-video-preview":"max-video-preview:-1"},"canonical":"https:\/\/ticaret.edu.tr\/meslek-yuksekokulu\/birim-kalite-elcileri\/","og_locale":"tr_TR","og_type":"article","og_title":"Birim Kalite El\u00e7ileri","og_description":"Meslek Y\u00fcksekokulu Birim Kalite El\u00e7i\u015fi:\u00a0\u00d6\u011fr. G\u00f6r. Beyza \u015eimal Bozda\u011f Siber G\u00fcvenlik Program\u0131 Kalite El\u00e7i\u015fi:\u00a0\u00d6\u011fr. G\u00f6r. Safiye Nazmiye \u00d6zt\u00fcrk Bilgisayar Teknolojisi Program\u0131 Kalite El\u00e7i\u015fi:\u00a0\u00d6\u011fr. G\u00f6r. Melek Ceylan Bilgisayar Programc\u0131l\u0131\u011f\u0131 Program\u0131 Kalite El\u00e7isi: \u00d6\u011fr. G\u00f6r. Ebru Kurtulu\u015f","og_url":"https:\/\/ticaret.edu.tr\/meslek-yuksekokulu\/birim-kalite-elcileri\/","og_site_name":"Meslek Y\u00fcksekokulu","article_publisher":"https:\/\/www.facebook.com\/ticaretedutr","article_modified_time":"2025-12-11T16:42:13+00:00","twitter_card":"summary_large_image","twitter_site":"@ticaretedutr","twitter_misc":{"Tahmini okuma s\u00fcresi":"1 dakika"},"schema":{"@context":"https:\/\/schema.org","@graph":[{"@type":"WebPage","@id":"https:\/\/ticaret.edu.tr\/meslek-yuksekokulu\/birim-kalite-elcileri\/","url":"https:\/\/ticaret.edu.tr\/meslek-yuksekokulu\/birim-kalite-elcileri\/","name":"Birim Kalite El\u00e7ileri - Meslek Y\u00fcksekokulu","isPartOf":{"@id":"https:\/\/ticaret.edu.tr\/meslek-yuksekokulu\/#website"},"datePublished":"2024-11-21T08:43:42+00:00","dateModified":"2025-12-11T16:42:13+00:00","breadcrumb":{"@id":"https:\/\/ticaret.edu.tr\/meslek-yuksekokulu\/birim-kalite-elcileri\/#breadcrumb"},"inLanguage":"tr","potentialAction":[{"@type":"ReadAction","target":["https:\/\/ticaret.edu.tr\/meslek-yuksekokulu\/birim-kalite-elcileri\/"]}]},{"@type":"BreadcrumbList","@id":"https:\/\/ticaret.edu.tr\/meslek-yuksekokulu\/birim-kalite-elcileri\/#breadcrumb","itemListElement":[{"@type":"ListItem","position":1,"name":"Ana sayfa","item":"https:\/\/ticaret.edu.tr\/meslek-yuksekokulu\/"},{"@type":"ListItem","position":2,"name":"Birim Kalite El\u00e7ileri"}]},{"@type":"WebSite","@id":"https:\/\/ticaret.edu.tr\/meslek-yuksekokulu\/#website","url":"https:\/\/ticaret.edu.tr\/meslek-yuksekokulu\/","name":"Meslek Y\u00fcksekokulu","description":"\u0130stanbul Ticaret \u00dcniversitesi","publisher":{"@id":"https:\/\/ticaret.edu.tr\/meslek-yuksekokulu\/#organization"},"potentialAction":[{"@type":"SearchAction","target":{"@type":"EntryPoint","urlTemplate":"https:\/\/ticaret.edu.tr\/meslek-yuksekokulu\/?s={search_term_string}"},"query-input":"required name=search_term_string"}],"inLanguage":"tr"},{"@type":"Organization","@id":"https:\/\/ticaret.edu.tr\/meslek-yuksekokulu\/#organization","name":"\u0130stanbul Ticaret \u00dcniversitesi","url":"https:\/\/ticaret.edu.tr\/meslek-yuksekokulu\/","logo":{"@type":"ImageObject","inLanguage":"tr","@id":"https:\/\/ticaret.edu.tr\/meslek-yuksekokulu\/#\/schema\/logo\/image\/","url":"https:\/\/ticaret.edu.tr\/wp-content\/uploads\/2021\/11\/logo22.png","contentUrl":"https:\/\/ticaret.edu.tr\/wp-content\/uploads\/2021\/11\/logo22.png","width":172,"height":112,"caption":"\u0130stanbul Ticaret \u00dcniversitesi"},"image":{"@id":"https:\/\/ticaret.edu.tr\/meslek-yuksekokulu\/#\/schema\/logo\/image\/"},"sameAs":["https:\/\/www.facebook.com\/ticaretedutr","https:\/\/twitter.com\/ticaretedutr"]}]}},"lang":"tr","translations":{"tr":412},"pll_sync_post":[],"_links":{"self":[{"href":"http:\/\/ticaret.edu.tr\/meslek-yuksekokulu\/wp-json\/wp\/v2\/pages\/412"}],"collection":[{"href":"http:\/\/ticaret.edu.tr\/meslek-yuksekokulu\/wp-json\/wp\/v2\/pages"}],"about":[{"href":"http:\/\/ticaret.edu.tr\/meslek-yuksekokulu\/wp-json\/wp\/v2\/types\/page"}],"author":[{"embeddable":true,"href":"http:\/\/ticaret.edu.tr\/meslek-yuksekokulu\/wp-json\/wp\/v2\/users\/43"}],"replies":[{"embeddable":true,"href":"http:\/\/ticaret.edu.tr\/meslek-yuksekokulu\/wp-json\/wp\/v2\/comments?post=412"}],"version-history":[{"count":3,"href":"http:\/\/ticaret.edu.tr\/meslek-yuksekokulu\/wp-json\/wp\/v2\/pages\/412\/revisions"}],"predecessor-version":[{"id":755,"href":"http:\/\/ticaret.edu.tr\/meslek-yuksekokulu\/wp-json\/wp\/v2\/pages\/412\/revisions\/755"}],"wp:attachment":[{"href":"http:\/\/ticaret.edu.tr\/meslek-yuksekokulu\/wp-json\/wp\/v2\/media?parent=412"}],"curies":[{"name":"wp","href":"https:\/\/api.w.org\/{rel}","templated":true}]}}