{"id":54,"date":"2022-08-11T11:36:29","date_gmt":"2022-08-11T08:36:29","guid":{"rendered":"https:\/\/ticaret.edu.tr\/meslek-yuksekokulu\/?page_id=54"},"modified":"2025-10-24T11:07:00","modified_gmt":"2025-10-24T08:07:00","slug":"ders-icerikleri","status":"publish","type":"page","link":"http:\/\/ticaret.edu.tr\/meslek-yuksekokulu\/ders-icerikleri\/","title":{"rendered":"Ders \u0130\u00e7erikleri"},"content":{"rendered":"<p><strong>Bilgisayar Programc\u0131l\u0131\u011f\u0131 Program\u0131 T\u00fcm Ders \u0130zlenceleri<\/strong><\/p>\n<p><a href=\"http:\/\/ticaret.edu.tr\/meslek-yuksekokulu\/wp-content\/uploads\/sites\/74\/2025\/06\/Bilgisayar-Programciligi-Tum-Ders-Icerikleri.pdf\">Bilgisayar Programc\u0131l\u0131\u011f\u0131 T\u00fcm Ders \u0130\u00e7erikleri<\/a><strong><br \/>\n<\/strong><\/p>\n<p><a href=\"https:\/\/obs.ticaret.edu.tr\/oibs\/bologna\/index.aspx?lang=tr&amp;curOp=showPac&amp;curUnit=21&amp;curSunit=359\">Bilgisayar Programc\u0131l\u0131\u011f\u0131 Program\u0131 Bologna Bilgi Sistemi<\/a><\/p>\n<p><strong>Di\u011fer Programlar i\u00e7in Bologna Bilgi Sistemi<\/strong><\/p>\n<p><a href=\"https:\/\/obs.ticaret.edu.tr\/oibs\/bologna\/index.aspx?lang=tr&amp;curOp=showPac&amp;curUnit=21&amp;curSunit=652#\">Siber G\u00fcvenlik Bologna Bilgi Sistemi<\/a><\/p>\n<p><a href=\"https:\/\/obs.ticaret.edu.tr\/oibs\/bologna\/index.aspx?lang=tr&amp;curOp=showPac&amp;curUnit=21&amp;curSunit=40601#\">Bilgisayar Teknolojisi Bologna Bilgi Sistemi<\/a><\/p>\n<p><strong>G\u00fcncel Programlar\u0131n Ders \u0130\u00e7erikleri (Ka\u015feli)<\/strong><\/p>\n<ul>\n<li><strong><a href=\"http:\/\/ticaret.edu.tr\/meslek-yuksekokulu\/wp-content\/uploads\/sites\/74\/2023\/07\/bilgisayar_programciligi_2023_ders_icerik.pdf\">Bilgisayar Programc\u0131l\u0131\u011f\u0131 Ders \u0130\u00e7erikleri<\/a><\/strong><\/li>\n<li><strong><a href=\"http:\/\/ticaret.edu.tr\/meslek-yuksekokulu\/wp-content\/uploads\/sites\/74\/2023\/07\/siber_guvenlik_2023_ders_icerikleri.pdf\">Siber G\u00fcvenlik Ders \u0130\u00e7erikleri<\/a><\/strong><\/li>\n<li><strong><a href=\"http:\/\/ww4.ticaret.edu.tr\/bil\/wp-content\/uploads\/sites\/21\/2025\/08\/BILGISAYAR_TEKNOLOJISI_DERS_ICERIKLERI.pdf\">Bilgisayar Teknolojisi Ders i\u00e7erikleri<\/a><\/strong><\/li>\n<\/ul>\n<p><strong>Eski Programlar\u0131n Ders \u0130\u00e7erikleri\u00a0<\/strong><\/p>\n<ul>\n<li><span style=\"text-decoration: underline\"><strong><a href=\"http:\/\/ticaret.edu.tr\/meslek-yuksekokulu\/wp-content\/uploads\/sites\/74\/2022\/08\/2003-2004_Ders-Icerikleri_Bilgisayar-Destekli-Yayincilik.pdf\">2003-2004_Ders \u0130\u00e7erikleri_Bilgisayar Destekli Yay\u0131nc\u0131l\u0131k<\/a><\/strong><\/span><\/li>\n<li><span style=\"text-decoration: underline\"><strong><a href=\"http:\/\/ticaret.edu.tr\/meslek-yuksekokulu\/wp-content\/uploads\/sites\/74\/2022\/08\/2002-2003_Ders-Icerikleri_Bilgisayar-Destekli-Yayincilik.pdf\">2002-2003_Ders \u0130\u00e7erikleri_Bilgisayar Destekli Yay\u0131nc\u0131l\u0131k<\/a><\/strong><\/span><\/li>\n<li><span style=\"text-decoration: underline\"><strong><a href=\"http:\/\/ticaret.edu.tr\/meslek-yuksekokulu\/wp-content\/uploads\/sites\/74\/2022\/08\/2002-2003_Ders-Icerikleri_Bilgisayar-Destekli-Yayincilik-1.pdf\">2002-2003_Ders \u0130\u00e7erikleri_Bilgisayar Destekli Yay\u0131nc\u0131l\u0131k<\/a><\/strong><\/span><\/li>\n<li><span style=\"text-decoration: underline\"><strong><a href=\"http:\/\/ticaret.edu.tr\/meslek-yuksekokulu\/wp-content\/uploads\/sites\/74\/2022\/08\/2003-2004_Ders-Icerikleri_Bilgisayar-Destekli-Yayincilik-1.pdf\">2003-2004_Ders \u0130\u00e7erikleri_Bilgisayar Destekli Yay\u0131nc\u0131l\u0131k<\/a><\/strong><\/span><\/li>\n<li><span style=\"text-decoration: underline\"><strong><a href=\"http:\/\/ticaret.edu.tr\/meslek-yuksekokulu\/wp-content\/uploads\/sites\/74\/2022\/08\/Aviation-Logistics-Ders-Icerikleri-2010-2011-2012-2013-2014-yillari.pdf\">Aviation Logistics Ders \u0130\u00e7erikleri (2010-2011-2012-2013-2014 y\u0131llar\u0131)<\/a><\/strong><\/span><\/li>\n<li><span style=\"text-decoration: underline\"><strong><a href=\"http:\/\/ticaret.edu.tr\/meslek-yuksekokulu\/wp-content\/uploads\/sites\/74\/2022\/08\/Bilgisayar-Programciligi-Ders-Icerikleri-2010-2011-2012-2013-2014-yillari.pdf\">Bilgisayar Programc\u0131l\u0131\u011f\u0131 Ders \u0130\u00e7erikleri (2010-2011-2012-2013-2014 y\u0131llar\u0131)<\/a><\/strong><\/span><\/li>\n<li><span style=\"text-decoration: underline\"><strong><a href=\"http:\/\/ticaret.edu.tr\/meslek-yuksekokulu\/wp-content\/uploads\/sites\/74\/2022\/08\/Bilgisayar-Teknolojisi-ve-Programlama-Ders-Icerikleri-2008-2009.pdf\">Bilgisayar Teknolojisi ve Programlama Ders \u0130\u00e7erikleri (2008-2009)<\/a><\/strong><\/span><\/li>\n<li><span style=\"text-decoration: underline\"><strong><a href=\"http:\/\/ticaret.edu.tr\/meslek-yuksekokulu\/wp-content\/uploads\/sites\/74\/2022\/08\/Computing-Systems-Development-Ders-Icerikleri-2010-2011-2012-2013-2014.pdf\">Computing &amp; Systems Development Ders \u0130\u00e7erikleri (2010-2011-2012-2013-2014)<\/a><\/strong><\/span><\/li>\n<li><span style=\"text-decoration: underline\"><strong><a href=\"http:\/\/ticaret.edu.tr\/meslek-yuksekokulu\/wp-content\/uploads\/sites\/74\/2022\/08\/Dis-Ticaret-Ders-Icerikleri-2010-2011-2012-2013-2014.pdf\">D\u0131\u015f Ticaret Ders \u0130\u00e7erikleri (2010-2011-2012-2013-2014)<\/a><\/strong><\/span><\/li>\n<li><span style=\"text-decoration: underline\"><strong><a href=\"http:\/\/ticaret.edu.tr\/meslek-yuksekokulu\/wp-content\/uploads\/sites\/74\/2022\/08\/Ground-Handling-Serv.Manag_.in-Aviation_Ders-Icerikleri-2010-2011-2012-2013-2014-yillari.pdf\">Ground Handling Serv.Manag.in Aviation_Ders \u0130\u00e7erikleri (2010-2011-2012-2013-2014 y\u0131llar\u0131)<\/a><\/strong><\/span><\/li>\n<li><span style=\"text-decoration: underline\"><strong><a href=\"http:\/\/ticaret.edu.tr\/meslek-yuksekokulu\/wp-content\/uploads\/sites\/74\/2022\/08\/Lojistik-Ders-Icerikleri-2010-2011-2012-2013-2014-yillari.pdf\">Lojistik Ders \u0130\u00e7erikleri (2010-2011-2012-2013-2014 y\u0131llar\u0131)<\/a><\/strong><\/span><\/li>\n<li><span style=\"text-decoration: underline\"><strong><a href=\"http:\/\/ticaret.edu.tr\/meslek-yuksekokulu\/wp-content\/uploads\/sites\/74\/2022\/08\/Muhasebe-ve-Vergi-Uygulamalari-Ders-Icerikleri-2011-2012-2013-2014-yillari.pdf\">Muhasebe ve Vergi Uygulamalar\u0131 Ders \u0130\u00e7erikleri (2011-2012-2013-2014 y\u0131llar\u0131)<\/a><\/strong><\/span><\/li>\n<li><span style=\"text-decoration: underline\"><strong><a href=\"http:\/\/ticaret.edu.tr\/meslek-yuksekokulu\/wp-content\/uploads\/sites\/74\/2022\/08\/2010-2011_Muhasebe-Ders-Icerikleri.pdf\">2010-2011_Muhasebe Ders \u0130\u00e7erikleri<\/a><\/strong><\/span><\/li>\n<li><span style=\"text-decoration: underline\"><strong><a href=\"http:\/\/ticaret.edu.tr\/meslek-yuksekokulu\/wp-content\/uploads\/sites\/74\/2022\/08\/Pazarlama_Ders-Icerikleri-2002-2003-2004-2005-2006-2007-yillari.pdf\">Pazarlama_Ders \u0130\u00e7erikleri (2002-2003-2004-2005-2006-2007 y\u0131llar\u0131)<\/a><\/strong><\/span><\/li>\n<li><span style=\"text-decoration: underline\"><strong><a href=\"http:\/\/ticaret.edu.tr\/meslek-yuksekokulu\/wp-content\/uploads\/sites\/74\/2022\/08\/Perakende-Satis-ve-Magaza-Yonetimi-Ders-Icerikleri-2013-2014.pdf\">Perakende Sat\u0131\u015f ve Ma\u011faza Y\u00f6netimi Ders \u0130\u00e7erikleri (2013-2014)<\/a><\/strong><\/span><\/li>\n<li><span style=\"text-decoration: underline\"><strong><a href=\"http:\/\/ticaret.edu.tr\/meslek-yuksekokulu\/wp-content\/uploads\/sites\/74\/2022\/08\/Uluslararasi-Lojistik_Ders-Icerikleri_2005-2006.pdf\">Uluslararas\u0131 Lojistik_Ders \u0130\u00e7erikleri_2005-2006)<\/a><\/strong><\/span><\/li>\n<\/ul>\n","protected":false},"excerpt":{"rendered":"<p>Bilgisayar Programc\u0131l\u0131\u011f\u0131 Program\u0131 T\u00fcm Ders \u0130zlenceleri Bilgisayar Programc\u0131l\u0131\u011f\u0131 T\u00fcm Ders \u0130\u00e7erikleri Bilgisayar Programc\u0131l\u0131\u011f\u0131 Program\u0131 Bologna Bilgi Sistemi Di\u011fer Programlar i\u00e7in Bologna Bilgi Sistemi Siber G\u00fcvenlik Bologna Bilgi Sistemi Bilgisayar Teknolojisi Bologna Bilgi Sistemi G\u00fcncel Programlar\u0131n Ders \u0130\u00e7erikleri (Ka\u015feli) Bilgisayar Programc\u0131l\u0131\u011f\u0131 Ders \u0130\u00e7erikleri Siber G\u00fcvenlik Ders \u0130\u00e7erikleri Bilgisayar Teknolojisi Ders i\u00e7erikleri Eski Programlar\u0131n Ders \u0130\u00e7erikleri\u00a0 2003-2004_Ders [&hellip;]<\/p>\n","protected":false},"author":149,"featured_media":0,"parent":0,"menu_order":0,"comment_status":"closed","ping_status":"closed","template":"genel_sayfa.php","meta":{"footnotes":""},"yoast_head":"<!-- This site is optimized with the Yoast SEO Premium plugin v22.1 (Yoast SEO v22.1) - https:\/\/yoast.com\/wordpress\/plugins\/seo\/ -->\n<title>Ders \u0130\u00e7erikleri - Meslek Y\u00fcksekokulu<\/title>\n<meta name=\"robots\" content=\"index, follow, max-snippet:-1, max-image-preview:large, max-video-preview:-1\" \/>\n<link rel=\"canonical\" href=\"http:\/\/ticaret.edu.tr\/meslek-yuksekokulu\/ders-icerikleri\/\" \/>\n<meta property=\"og:locale\" content=\"tr_TR\" \/>\n<meta property=\"og:type\" content=\"article\" \/>\n<meta property=\"og:title\" content=\"Ders \u0130\u00e7erikleri\" \/>\n<meta property=\"og:description\" content=\"Bilgisayar Programc\u0131l\u0131\u011f\u0131 Program\u0131 T\u00fcm Ders \u0130zlenceleri Bilgisayar Programc\u0131l\u0131\u011f\u0131 T\u00fcm Ders \u0130\u00e7erikleri Bilgisayar Programc\u0131l\u0131\u011f\u0131 Program\u0131 Bologna Bilgi Sistemi Di\u011fer Programlar i\u00e7in Bologna Bilgi Sistemi Siber G\u00fcvenlik Bologna Bilgi Sistemi Bilgisayar Teknolojisi Bologna Bilgi Sistemi G\u00fcncel Programlar\u0131n Ders \u0130\u00e7erikleri (Ka\u015feli) Bilgisayar Programc\u0131l\u0131\u011f\u0131 Ders \u0130\u00e7erikleri Siber G\u00fcvenlik Ders \u0130\u00e7erikleri Bilgisayar Teknolojisi Ders i\u00e7erikleri Eski Programlar\u0131n Ders \u0130\u00e7erikleri\u00a0 2003-2004_Ders [&hellip;]\" \/>\n<meta property=\"og:url\" content=\"http:\/\/ticaret.edu.tr\/meslek-yuksekokulu\/ders-icerikleri\/\" \/>\n<meta property=\"og:site_name\" content=\"Meslek Y\u00fcksekokulu\" \/>\n<meta property=\"article:publisher\" content=\"https:\/\/www.facebook.com\/ticaretedutr\" \/>\n<meta property=\"article:modified_time\" content=\"2025-10-24T08:07:00+00:00\" \/>\n<meta name=\"twitter:card\" content=\"summary_large_image\" \/>\n<meta name=\"twitter:site\" content=\"@ticaretedutr\" \/>\n<meta name=\"twitter:label1\" content=\"Tahmini okuma s\u00fcresi\" \/>\n\t<meta name=\"twitter:data1\" content=\"1 dakika\" \/>\n<script type=\"application\/ld+json\" class=\"yoast-schema-graph\">{\"@context\":\"https:\/\/schema.org\",\"@graph\":[{\"@type\":\"WebPage\",\"@id\":\"http:\/\/ticaret.edu.tr\/meslek-yuksekokulu\/ders-icerikleri\/\",\"url\":\"http:\/\/ticaret.edu.tr\/meslek-yuksekokulu\/ders-icerikleri\/\",\"name\":\"Ders \u0130\u00e7erikleri - Meslek Y\u00fcksekokulu\",\"isPartOf\":{\"@id\":\"https:\/\/ticaret.edu.tr\/meslek-yuksekokulu\/#website\"},\"datePublished\":\"2022-08-11T08:36:29+00:00\",\"dateModified\":\"2025-10-24T08:07:00+00:00\",\"breadcrumb\":{\"@id\":\"http:\/\/ticaret.edu.tr\/meslek-yuksekokulu\/ders-icerikleri\/#breadcrumb\"},\"inLanguage\":\"tr\",\"potentialAction\":[{\"@type\":\"ReadAction\",\"target\":[\"http:\/\/ticaret.edu.tr\/meslek-yuksekokulu\/ders-icerikleri\/\"]}]},{\"@type\":\"BreadcrumbList\",\"@id\":\"http:\/\/ticaret.edu.tr\/meslek-yuksekokulu\/ders-icerikleri\/#breadcrumb\",\"itemListElement\":[{\"@type\":\"ListItem\",\"position\":1,\"name\":\"Ana sayfa\",\"item\":\"https:\/\/ticaret.edu.tr\/meslek-yuksekokulu\/\"},{\"@type\":\"ListItem\",\"position\":2,\"name\":\"Ders \u0130\u00e7erikleri\"}]},{\"@type\":\"WebSite\",\"@id\":\"https:\/\/ticaret.edu.tr\/meslek-yuksekokulu\/#website\",\"url\":\"https:\/\/ticaret.edu.tr\/meslek-yuksekokulu\/\",\"name\":\"Meslek Y\u00fcksekokulu\",\"description\":\"\u0130stanbul Ticaret \u00dcniversitesi\",\"publisher\":{\"@id\":\"https:\/\/ticaret.edu.tr\/meslek-yuksekokulu\/#organization\"},\"potentialAction\":[{\"@type\":\"SearchAction\",\"target\":{\"@type\":\"EntryPoint\",\"urlTemplate\":\"https:\/\/ticaret.edu.tr\/meslek-yuksekokulu\/?s={search_term_string}\"},\"query-input\":\"required name=search_term_string\"}],\"inLanguage\":\"tr\"},{\"@type\":\"Organization\",\"@id\":\"https:\/\/ticaret.edu.tr\/meslek-yuksekokulu\/#organization\",\"name\":\"\u0130stanbul Ticaret \u00dcniversitesi\",\"url\":\"https:\/\/ticaret.edu.tr\/meslek-yuksekokulu\/\",\"logo\":{\"@type\":\"ImageObject\",\"inLanguage\":\"tr\",\"@id\":\"https:\/\/ticaret.edu.tr\/meslek-yuksekokulu\/#\/schema\/logo\/image\/\",\"url\":\"https:\/\/ticaret.edu.tr\/wp-content\/uploads\/2021\/11\/logo22.png\",\"contentUrl\":\"https:\/\/ticaret.edu.tr\/wp-content\/uploads\/2021\/11\/logo22.png\",\"width\":172,\"height\":112,\"caption\":\"\u0130stanbul Ticaret \u00dcniversitesi\"},\"image\":{\"@id\":\"https:\/\/ticaret.edu.tr\/meslek-yuksekokulu\/#\/schema\/logo\/image\/\"},\"sameAs\":[\"https:\/\/www.facebook.com\/ticaretedutr\",\"https:\/\/twitter.com\/ticaretedutr\"]}]}<\/script>\n<!-- \/ Yoast SEO Premium plugin. -->","yoast_head_json":{"title":"Ders \u0130\u00e7erikleri - Meslek Y\u00fcksekokulu","robots":{"index":"index","follow":"follow","max-snippet":"max-snippet:-1","max-image-preview":"max-image-preview:large","max-video-preview":"max-video-preview:-1"},"canonical":"http:\/\/ticaret.edu.tr\/meslek-yuksekokulu\/ders-icerikleri\/","og_locale":"tr_TR","og_type":"article","og_title":"Ders \u0130\u00e7erikleri","og_description":"Bilgisayar Programc\u0131l\u0131\u011f\u0131 Program\u0131 T\u00fcm Ders \u0130zlenceleri Bilgisayar Programc\u0131l\u0131\u011f\u0131 T\u00fcm Ders \u0130\u00e7erikleri Bilgisayar Programc\u0131l\u0131\u011f\u0131 Program\u0131 Bologna Bilgi Sistemi Di\u011fer Programlar i\u00e7in Bologna Bilgi Sistemi Siber G\u00fcvenlik Bologna Bilgi Sistemi Bilgisayar Teknolojisi Bologna Bilgi Sistemi G\u00fcncel Programlar\u0131n Ders \u0130\u00e7erikleri (Ka\u015feli) Bilgisayar Programc\u0131l\u0131\u011f\u0131 Ders \u0130\u00e7erikleri Siber G\u00fcvenlik Ders \u0130\u00e7erikleri Bilgisayar Teknolojisi Ders i\u00e7erikleri Eski Programlar\u0131n Ders \u0130\u00e7erikleri\u00a0 2003-2004_Ders [&hellip;]","og_url":"http:\/\/ticaret.edu.tr\/meslek-yuksekokulu\/ders-icerikleri\/","og_site_name":"Meslek Y\u00fcksekokulu","article_publisher":"https:\/\/www.facebook.com\/ticaretedutr","article_modified_time":"2025-10-24T08:07:00+00:00","twitter_card":"summary_large_image","twitter_site":"@ticaretedutr","twitter_misc":{"Tahmini okuma s\u00fcresi":"1 dakika"},"schema":{"@context":"https:\/\/schema.org","@graph":[{"@type":"WebPage","@id":"http:\/\/ticaret.edu.tr\/meslek-yuksekokulu\/ders-icerikleri\/","url":"http:\/\/ticaret.edu.tr\/meslek-yuksekokulu\/ders-icerikleri\/","name":"Ders \u0130\u00e7erikleri - Meslek Y\u00fcksekokulu","isPartOf":{"@id":"https:\/\/ticaret.edu.tr\/meslek-yuksekokulu\/#website"},"datePublished":"2022-08-11T08:36:29+00:00","dateModified":"2025-10-24T08:07:00+00:00","breadcrumb":{"@id":"http:\/\/ticaret.edu.tr\/meslek-yuksekokulu\/ders-icerikleri\/#breadcrumb"},"inLanguage":"tr","potentialAction":[{"@type":"ReadAction","target":["http:\/\/ticaret.edu.tr\/meslek-yuksekokulu\/ders-icerikleri\/"]}]},{"@type":"BreadcrumbList","@id":"http:\/\/ticaret.edu.tr\/meslek-yuksekokulu\/ders-icerikleri\/#breadcrumb","itemListElement":[{"@type":"ListItem","position":1,"name":"Ana sayfa","item":"https:\/\/ticaret.edu.tr\/meslek-yuksekokulu\/"},{"@type":"ListItem","position":2,"name":"Ders \u0130\u00e7erikleri"}]},{"@type":"WebSite","@id":"https:\/\/ticaret.edu.tr\/meslek-yuksekokulu\/#website","url":"https:\/\/ticaret.edu.tr\/meslek-yuksekokulu\/","name":"Meslek Y\u00fcksekokulu","description":"\u0130stanbul Ticaret \u00dcniversitesi","publisher":{"@id":"https:\/\/ticaret.edu.tr\/meslek-yuksekokulu\/#organization"},"potentialAction":[{"@type":"SearchAction","target":{"@type":"EntryPoint","urlTemplate":"https:\/\/ticaret.edu.tr\/meslek-yuksekokulu\/?s={search_term_string}"},"query-input":"required name=search_term_string"}],"inLanguage":"tr"},{"@type":"Organization","@id":"https:\/\/ticaret.edu.tr\/meslek-yuksekokulu\/#organization","name":"\u0130stanbul Ticaret \u00dcniversitesi","url":"https:\/\/ticaret.edu.tr\/meslek-yuksekokulu\/","logo":{"@type":"ImageObject","inLanguage":"tr","@id":"https:\/\/ticaret.edu.tr\/meslek-yuksekokulu\/#\/schema\/logo\/image\/","url":"https:\/\/ticaret.edu.tr\/wp-content\/uploads\/2021\/11\/logo22.png","contentUrl":"https:\/\/ticaret.edu.tr\/wp-content\/uploads\/2021\/11\/logo22.png","width":172,"height":112,"caption":"\u0130stanbul Ticaret \u00dcniversitesi"},"image":{"@id":"https:\/\/ticaret.edu.tr\/meslek-yuksekokulu\/#\/schema\/logo\/image\/"},"sameAs":["https:\/\/www.facebook.com\/ticaretedutr","https:\/\/twitter.com\/ticaretedutr"]}]}},"lang":"tr","translations":{"tr":54},"pll_sync_post":[],"_links":{"self":[{"href":"http:\/\/ticaret.edu.tr\/meslek-yuksekokulu\/wp-json\/wp\/v2\/pages\/54"}],"collection":[{"href":"http:\/\/ticaret.edu.tr\/meslek-yuksekokulu\/wp-json\/wp\/v2\/pages"}],"about":[{"href":"http:\/\/ticaret.edu.tr\/meslek-yuksekokulu\/wp-json\/wp\/v2\/types\/page"}],"author":[{"embeddable":true,"href":"http:\/\/ticaret.edu.tr\/meslek-yuksekokulu\/wp-json\/wp\/v2\/users\/149"}],"replies":[{"embeddable":true,"href":"http:\/\/ticaret.edu.tr\/meslek-yuksekokulu\/wp-json\/wp\/v2\/comments?post=54"}],"version-history":[{"count":14,"href":"http:\/\/ticaret.edu.tr\/meslek-yuksekokulu\/wp-json\/wp\/v2\/pages\/54\/revisions"}],"predecessor-version":[{"id":708,"href":"http:\/\/ticaret.edu.tr\/meslek-yuksekokulu\/wp-json\/wp\/v2\/pages\/54\/revisions\/708"}],"wp:attachment":[{"href":"http:\/\/ticaret.edu.tr\/meslek-yuksekokulu\/wp-json\/wp\/v2\/media?parent=54"}],"curies":[{"name":"wp","href":"https:\/\/api.w.org\/{rel}","templated":true}]}}