{"id":10,"date":"2020-04-26T18:00:48","date_gmt":"2020-04-26T15:00:48","guid":{"rendered":"http:\/\/ticaret.edu.tr\/mtf\/?page_id=10"},"modified":"2026-04-09T22:06:27","modified_gmt":"2026-04-09T19:06:27","slug":"fakulte-idari-ofisi","status":"publish","type":"page","link":"http:\/\/ticaret.edu.tr\/mimarlik-ve-tasarim-fakultesi\/fakulte-idari-ofisi\/","title":{"rendered":"Fak\u00fclte \u0130dari Ofisi"},"content":{"rendered":"<table border=\"0\" width=\"700\">\n<tbody>\n<tr>\n<td><strong>ADI VE SOYADI<\/strong><\/td>\n<td><strong>G\u00d6REV\u0130<\/strong><\/td>\n<td><strong>MA\u0130L ADRES\u0130<\/strong><\/td>\n<td><strong>DAH\u0130L\u0130 TELEFON<\/strong><\/td>\n<\/tr>\n<tr>\n<td><span class=\"outlook-search-highlight\" data-markjs=\"true\">Esra<\/span> \u00d6ZCAN BEKARO\u011eLU<\/td>\n<td>\u0130dari Ofis M\u00fcd\u00fcr<\/td>\n<td><a class=\"ms-outlook-linkify\" href=\"mailto:eobekaroglu@ticaret.edu.tr\">eobekaroglu@ticaret.edu.tr<\/a><\/td>\n<td>3254<\/td>\n<\/tr>\n<\/tbody>\n<\/table>\n","protected":false},"excerpt":{"rendered":"<p>ADI VE SOYADI G\u00d6REV\u0130 MA\u0130L ADRES\u0130 DAH\u0130L\u0130 TELEFON Esra \u00d6ZCAN BEKARO\u011eLU \u0130dari Ofis M\u00fcd\u00fcr eobekaroglu@ticaret.edu.tr 3254<\/p>\n","protected":false},"author":1,"featured_media":0,"parent":0,"menu_order":0,"comment_status":"closed","ping_status":"closed","template":"genel_sayfa.php","meta":{"footnotes":""},"yoast_head":"<!-- This site is optimized with the Yoast SEO Premium plugin v22.1 (Yoast SEO v22.1) - https:\/\/yoast.com\/wordpress\/plugins\/seo\/ -->\n<title>Fak\u00fclte \u0130dari Ofisi - Mimarl\u0131k ve Tasar\u0131m Fak\u00fcltesi<\/title>\n<meta name=\"robots\" content=\"index, follow, max-snippet:-1, max-image-preview:large, max-video-preview:-1\" \/>\n<link rel=\"canonical\" href=\"http:\/\/ticaret.edu.tr\/mimarlik-ve-tasarim-fakultesi\/fakulte-idari-ofisi\/\" \/>\n<meta property=\"og:locale\" content=\"tr_TR\" \/>\n<meta property=\"og:type\" content=\"article\" \/>\n<meta property=\"og:title\" content=\"Fak\u00fclte \u0130dari Ofisi\" \/>\n<meta property=\"og:description\" content=\"ADI VE SOYADI G\u00d6REV\u0130 MA\u0130L ADRES\u0130 DAH\u0130L\u0130 TELEFON Esra \u00d6ZCAN BEKARO\u011eLU \u0130dari Ofis M\u00fcd\u00fcr eobekaroglu@ticaret.edu.tr 3254\" \/>\n<meta property=\"og:url\" content=\"http:\/\/ticaret.edu.tr\/mimarlik-ve-tasarim-fakultesi\/fakulte-idari-ofisi\/\" \/>\n<meta property=\"og:site_name\" content=\"Mimarl\u0131k ve Tasar\u0131m Fak\u00fcltesi\" \/>\n<meta property=\"article:publisher\" content=\"https:\/\/www.facebook.com\/ticaretedutr\" \/>\n<meta property=\"article:modified_time\" content=\"2026-04-09T19:06:27+00:00\" \/>\n<meta property=\"og:image\" content=\"http:\/\/ticaret.edu.tr\/mimarlik-ve-tasarim-fakultesi\/wp-content\/uploads\/sites\/6\/2021\/11\/web_logo-01.jpg\" \/>\n\t<meta property=\"og:image:width\" content=\"1250\" \/>\n\t<meta property=\"og:image:height\" content=\"833\" \/>\n\t<meta property=\"og:image:type\" content=\"image\/jpeg\" \/>\n<meta name=\"twitter:card\" content=\"summary_large_image\" \/>\n<meta name=\"twitter:site\" content=\"@ticaretedutr\" \/>\n<meta name=\"twitter:label1\" content=\"Tahmini okuma s\u00fcresi\" \/>\n\t<meta name=\"twitter:data1\" content=\"1 dakika\" \/>\n<script type=\"application\/ld+json\" class=\"yoast-schema-graph\">{\"@context\":\"https:\/\/schema.org\",\"@graph\":[{\"@type\":\"WebPage\",\"@id\":\"http:\/\/ticaret.edu.tr\/mimarlik-ve-tasarim-fakultesi\/fakulte-idari-ofisi\/\",\"url\":\"http:\/\/ticaret.edu.tr\/mimarlik-ve-tasarim-fakultesi\/fakulte-idari-ofisi\/\",\"name\":\"Fak\u00fclte \u0130dari Ofisi - Mimarl\u0131k ve Tasar\u0131m Fak\u00fcltesi\",\"isPartOf\":{\"@id\":\"http:\/\/ticaret.edu.tr\/mimarlik-ve-tasarim-fakultesi\/#website\"},\"datePublished\":\"2020-04-26T15:00:48+00:00\",\"dateModified\":\"2026-04-09T19:06:27+00:00\",\"breadcrumb\":{\"@id\":\"http:\/\/ticaret.edu.tr\/mimarlik-ve-tasarim-fakultesi\/fakulte-idari-ofisi\/#breadcrumb\"},\"inLanguage\":\"tr\",\"potentialAction\":[{\"@type\":\"ReadAction\",\"target\":[\"http:\/\/ticaret.edu.tr\/mimarlik-ve-tasarim-fakultesi\/fakulte-idari-ofisi\/\"]}]},{\"@type\":\"BreadcrumbList\",\"@id\":\"http:\/\/ticaret.edu.tr\/mimarlik-ve-tasarim-fakultesi\/fakulte-idari-ofisi\/#breadcrumb\",\"itemListElement\":[{\"@type\":\"ListItem\",\"position\":1,\"name\":\"Ana sayfa\",\"item\":\"http:\/\/ticaret.edu.tr\/mimarlik-ve-tasarim-fakultesi\/\"},{\"@type\":\"ListItem\",\"position\":2,\"name\":\"Fak\u00fclte \u0130dari Ofisi\"}]},{\"@type\":\"WebSite\",\"@id\":\"http:\/\/ticaret.edu.tr\/mimarlik-ve-tasarim-fakultesi\/#website\",\"url\":\"http:\/\/ticaret.edu.tr\/mimarlik-ve-tasarim-fakultesi\/\",\"name\":\"Mimarl\u0131k ve Tasar\u0131m Fak\u00fcltesi\",\"description\":\"\",\"potentialAction\":[{\"@type\":\"SearchAction\",\"target\":{\"@type\":\"EntryPoint\",\"urlTemplate\":\"http:\/\/ticaret.edu.tr\/mimarlik-ve-tasarim-fakultesi\/?s={search_term_string}\"},\"query-input\":\"required name=search_term_string\"}],\"inLanguage\":\"tr\"}]}<\/script>\n<!-- \/ Yoast SEO Premium plugin. -->","yoast_head_json":{"title":"Fak\u00fclte \u0130dari Ofisi - Mimarl\u0131k ve Tasar\u0131m Fak\u00fcltesi","robots":{"index":"index","follow":"follow","max-snippet":"max-snippet:-1","max-image-preview":"max-image-preview:large","max-video-preview":"max-video-preview:-1"},"canonical":"http:\/\/ticaret.edu.tr\/mimarlik-ve-tasarim-fakultesi\/fakulte-idari-ofisi\/","og_locale":"tr_TR","og_type":"article","og_title":"Fak\u00fclte \u0130dari Ofisi","og_description":"ADI VE SOYADI G\u00d6REV\u0130 MA\u0130L ADRES\u0130 DAH\u0130L\u0130 TELEFON Esra \u00d6ZCAN BEKARO\u011eLU \u0130dari Ofis M\u00fcd\u00fcr eobekaroglu@ticaret.edu.tr 3254","og_url":"http:\/\/ticaret.edu.tr\/mimarlik-ve-tasarim-fakultesi\/fakulte-idari-ofisi\/","og_site_name":"Mimarl\u0131k ve Tasar\u0131m Fak\u00fcltesi","article_publisher":"https:\/\/www.facebook.com\/ticaretedutr","article_modified_time":"2026-04-09T19:06:27+00:00","og_image":[{"width":1250,"height":833,"url":"http:\/\/ticaret.edu.tr\/mimarlik-ve-tasarim-fakultesi\/wp-content\/uploads\/sites\/6\/2021\/11\/web_logo-01.jpg","type":"image\/jpeg"}],"twitter_card":"summary_large_image","twitter_site":"@ticaretedutr","twitter_misc":{"Tahmini okuma s\u00fcresi":"1 dakika"},"schema":{"@context":"https:\/\/schema.org","@graph":[{"@type":"WebPage","@id":"http:\/\/ticaret.edu.tr\/mimarlik-ve-tasarim-fakultesi\/fakulte-idari-ofisi\/","url":"http:\/\/ticaret.edu.tr\/mimarlik-ve-tasarim-fakultesi\/fakulte-idari-ofisi\/","name":"Fak\u00fclte \u0130dari Ofisi - Mimarl\u0131k ve Tasar\u0131m Fak\u00fcltesi","isPartOf":{"@id":"http:\/\/ticaret.edu.tr\/mimarlik-ve-tasarim-fakultesi\/#website"},"datePublished":"2020-04-26T15:00:48+00:00","dateModified":"2026-04-09T19:06:27+00:00","breadcrumb":{"@id":"http:\/\/ticaret.edu.tr\/mimarlik-ve-tasarim-fakultesi\/fakulte-idari-ofisi\/#breadcrumb"},"inLanguage":"tr","potentialAction":[{"@type":"ReadAction","target":["http:\/\/ticaret.edu.tr\/mimarlik-ve-tasarim-fakultesi\/fakulte-idari-ofisi\/"]}]},{"@type":"BreadcrumbList","@id":"http:\/\/ticaret.edu.tr\/mimarlik-ve-tasarim-fakultesi\/fakulte-idari-ofisi\/#breadcrumb","itemListElement":[{"@type":"ListItem","position":1,"name":"Ana sayfa","item":"http:\/\/ticaret.edu.tr\/mimarlik-ve-tasarim-fakultesi\/"},{"@type":"ListItem","position":2,"name":"Fak\u00fclte \u0130dari Ofisi"}]},{"@type":"WebSite","@id":"http:\/\/ticaret.edu.tr\/mimarlik-ve-tasarim-fakultesi\/#website","url":"http:\/\/ticaret.edu.tr\/mimarlik-ve-tasarim-fakultesi\/","name":"Mimarl\u0131k ve Tasar\u0131m Fak\u00fcltesi","description":"","potentialAction":[{"@type":"SearchAction","target":{"@type":"EntryPoint","urlTemplate":"http:\/\/ticaret.edu.tr\/mimarlik-ve-tasarim-fakultesi\/?s={search_term_string}"},"query-input":"required name=search_term_string"}],"inLanguage":"tr"}]}},"lang":"tr","translations":{"en":341,"tr":10},"pll_sync_post":[],"_links":{"self":[{"href":"http:\/\/ticaret.edu.tr\/mimarlik-ve-tasarim-fakultesi\/wp-json\/wp\/v2\/pages\/10"}],"collection":[{"href":"http:\/\/ticaret.edu.tr\/mimarlik-ve-tasarim-fakultesi\/wp-json\/wp\/v2\/pages"}],"about":[{"href":"http:\/\/ticaret.edu.tr\/mimarlik-ve-tasarim-fakultesi\/wp-json\/wp\/v2\/types\/page"}],"author":[{"embeddable":true,"href":"http:\/\/ticaret.edu.tr\/mimarlik-ve-tasarim-fakultesi\/wp-json\/wp\/v2\/users\/1"}],"replies":[{"embeddable":true,"href":"http:\/\/ticaret.edu.tr\/mimarlik-ve-tasarim-fakultesi\/wp-json\/wp\/v2\/comments?post=10"}],"version-history":[{"count":7,"href":"http:\/\/ticaret.edu.tr\/mimarlik-ve-tasarim-fakultesi\/wp-json\/wp\/v2\/pages\/10\/revisions"}],"predecessor-version":[{"id":1142,"href":"http:\/\/ticaret.edu.tr\/mimarlik-ve-tasarim-fakultesi\/wp-json\/wp\/v2\/pages\/10\/revisions\/1142"}],"wp:attachment":[{"href":"http:\/\/ticaret.edu.tr\/mimarlik-ve-tasarim-fakultesi\/wp-json\/wp\/v2\/media?parent=10"}],"curies":[{"name":"wp","href":"https:\/\/api.w.org\/{rel}","templated":true}]}}