{"id":16,"date":"2020-04-26T18:01:19","date_gmt":"2020-04-26T15:01:19","guid":{"rendered":"http:\/\/ticaret.edu.tr\/mtf\/?page_id=16"},"modified":"2025-06-15T15:42:08","modified_gmt":"2025-06-15T12:42:08","slug":"dekanm","status":"publish","type":"page","link":"http:\/\/ticaret.edu.tr\/mimarlik-ve-tasarim-fakultesi\/dekanm\/","title":{"rendered":"Dekan"},"content":{"rendered":"<p>\u0130stanbul Ticaret \u00dcniversitesi, Mimarl\u0131k ve Tasar\u0131m Fak\u00fcltesi, b\u00fcnyesinde &#8220;<strong>Mimarl\u0131k<\/strong>&#8220;; &#8220;<strong>\u0130\u00e7 Mimarl\u0131k ve \u00c7evre Tasar\u0131m\u0131<\/strong>&#8220;; &#8220;<strong>End\u00fcstriyel Tasar\u0131m<\/strong>&#8221; ve &#8220;<strong>Moda ve Tekstil Tasar\u0131m\u0131<\/strong>&#8220;; olmak \u00fczere d\u00f6rt adet lisans program\u0131 bulunmaktad\u0131r. Fak\u00fcltemiz b\u00f6l\u00fcmlerinde, lisans e\u011fitimini \u00e7a\u011fda\u015f y\u00f6ntem ve yorumlarla sunmakta, kadrosundaki yetkin ve deneyimli \u00f6\u011fretim \u00fcyelerinin liderli\u011finde, en son teknoloji ve ara\u00e7lar\u0131 kullanarak 15 y\u0131ldan bu yana ba\u015far\u0131 ile e\u011fitim-\u00f6\u011fretim faaliyetlerini s\u00fcrd\u00fcrmektedir.<\/p>\n<p>&#8220;Moda ve Tekstil Tasar\u0131m\u0131&#8221;; &#8220;Mimarl\u0131k&#8221;; &#8220;End\u00fcstriyel Tasar\u0131m&#8221;; ve &#8220;\u0130\u00e7 Mimarl\u0131k ve \u00c7evre Tasar\u0131m\u0131&#8221; lisans programlar\u0131nda T\u00fcrk\u00e7e e\u011fitim verilmektedir. Ayr\u0131ca Fen Bilimleri Enstit\u00fcs\u00fc\u2019ne ba\u011fl\u0131 \u0130\u00e7 Mimarl\u0131k; Moda ve Tekstil Tasar\u0131m\u0131 ile Koruma ve Restorasyon programlar\u0131nda, y\u00fcksek lisans d\u00fczeyinde e\u011fitim ve ara\u015ft\u0131rma olanaklar\u0131 sunulmaktad\u0131r. \u00d6\u011frencilerimiz, Erasmus gibi uluslararas\u0131 de\u011fi\u015fim programlar\u0131 kanal\u0131yla, ba\u015far\u0131 durumlar\u0131na g\u00f6re yurtd\u0131\u015f\u0131 deneyimi de kazanmaktad\u0131rlar.<\/p>\n<h4><\/h4>\n<h4>Prof. Dr. Berk AYVAZ<br \/>\nMimarl\u0131k ve Tasar\u0131m Fak\u00fcltesi Dekan\u0131<\/h4>\n","protected":false},"excerpt":{"rendered":"<p>\u0130stanbul Ticaret \u00dcniversitesi, Mimarl\u0131k ve Tasar\u0131m Fak\u00fcltesi, b\u00fcnyesinde &#8220;Mimarl\u0131k&#8220;; &#8220;\u0130\u00e7 Mimarl\u0131k ve \u00c7evre Tasar\u0131m\u0131&#8220;; &#8220;End\u00fcstriyel Tasar\u0131m&#8221; ve &#8220;Moda ve Tekstil Tasar\u0131m\u0131&#8220;; olmak \u00fczere d\u00f6rt adet lisans program\u0131 bulunmaktad\u0131r. Fak\u00fcltemiz b\u00f6l\u00fcmlerinde, lisans e\u011fitimini \u00e7a\u011fda\u015f y\u00f6ntem ve yorumlarla sunmakta, kadrosundaki yetkin ve deneyimli \u00f6\u011fretim \u00fcyelerinin liderli\u011finde, en son teknoloji ve ara\u00e7lar\u0131 kullanarak 15 y\u0131ldan bu yana ba\u015far\u0131 [&hellip;]<\/p>\n","protected":false},"author":1,"featured_media":0,"parent":0,"menu_order":0,"comment_status":"closed","ping_status":"closed","template":"genel_sayfa.php","meta":{"footnotes":""},"yoast_head":"<!-- This site is optimized with the Yoast SEO Premium plugin v22.1 (Yoast SEO v22.1) - https:\/\/yoast.com\/wordpress\/plugins\/seo\/ -->\n<title>Dekan - Mimarl\u0131k ve Tasar\u0131m Fak\u00fcltesi<\/title>\n<meta name=\"description\" content=\"Dekan\u0131m\u0131z\u0131n Mimarl\u0131k ve Tasar\u0131m Fak\u00fcltesi i\u00e7in bilgilendirici a\u00e7\u0131klamas\u0131\" \/>\n<meta name=\"robots\" content=\"index, follow, max-snippet:-1, max-image-preview:large, max-video-preview:-1\" \/>\n<link rel=\"canonical\" href=\"http:\/\/ticaret.edu.tr\/mimarlik-ve-tasarim-fakultesi\/dekanm\/\" \/>\n<meta property=\"og:locale\" content=\"tr_TR\" \/>\n<meta property=\"og:type\" content=\"article\" \/>\n<meta property=\"og:title\" content=\"Dekan\" \/>\n<meta property=\"og:description\" content=\"Dekan\u0131m\u0131z\u0131n Mimarl\u0131k ve Tasar\u0131m Fak\u00fcltesi i\u00e7in bilgilendirici a\u00e7\u0131klamas\u0131\" \/>\n<meta property=\"og:url\" content=\"http:\/\/ticaret.edu.tr\/mimarlik-ve-tasarim-fakultesi\/dekanm\/\" \/>\n<meta property=\"og:site_name\" content=\"Mimarl\u0131k ve Tasar\u0131m Fak\u00fcltesi\" \/>\n<meta property=\"article:publisher\" content=\"https:\/\/www.facebook.com\/ticaretedutr\" \/>\n<meta property=\"article:modified_time\" content=\"2025-06-15T12:42:08+00:00\" \/>\n<meta property=\"og:image\" content=\"http:\/\/ticaret.edu.tr\/mimarlik-ve-tasarim-fakultesi\/wp-content\/uploads\/sites\/6\/2021\/11\/web_logo-01.jpg\" \/>\n\t<meta property=\"og:image:width\" content=\"1250\" \/>\n\t<meta property=\"og:image:height\" content=\"833\" \/>\n\t<meta property=\"og:image:type\" content=\"image\/jpeg\" \/>\n<meta name=\"twitter:card\" content=\"summary_large_image\" \/>\n<meta name=\"twitter:site\" content=\"@ticaretedutr\" \/>\n<meta name=\"twitter:label1\" content=\"Tahmini okuma s\u00fcresi\" \/>\n\t<meta name=\"twitter:data1\" content=\"1 dakika\" \/>\n<script type=\"application\/ld+json\" class=\"yoast-schema-graph\">{\"@context\":\"https:\/\/schema.org\",\"@graph\":[{\"@type\":\"WebPage\",\"@id\":\"http:\/\/ticaret.edu.tr\/mimarlik-ve-tasarim-fakultesi\/dekanm\/\",\"url\":\"http:\/\/ticaret.edu.tr\/mimarlik-ve-tasarim-fakultesi\/dekanm\/\",\"name\":\"Dekan - Mimarl\u0131k ve Tasar\u0131m Fak\u00fcltesi\",\"isPartOf\":{\"@id\":\"https:\/\/ticaret.edu.tr\/mimarlik-ve-tasarim-fakultesi\/#website\"},\"datePublished\":\"2020-04-26T15:01:19+00:00\",\"dateModified\":\"2025-06-15T12:42:08+00:00\",\"description\":\"Dekan\u0131m\u0131z\u0131n Mimarl\u0131k ve Tasar\u0131m Fak\u00fcltesi i\u00e7in bilgilendirici a\u00e7\u0131klamas\u0131\",\"breadcrumb\":{\"@id\":\"http:\/\/ticaret.edu.tr\/mimarlik-ve-tasarim-fakultesi\/dekanm\/#breadcrumb\"},\"inLanguage\":\"tr\",\"potentialAction\":[{\"@type\":\"ReadAction\",\"target\":[\"http:\/\/ticaret.edu.tr\/mimarlik-ve-tasarim-fakultesi\/dekanm\/\"]}]},{\"@type\":\"BreadcrumbList\",\"@id\":\"http:\/\/ticaret.edu.tr\/mimarlik-ve-tasarim-fakultesi\/dekanm\/#breadcrumb\",\"itemListElement\":[{\"@type\":\"ListItem\",\"position\":1,\"name\":\"Ana sayfa\",\"item\":\"https:\/\/ticaret.edu.tr\/mimarlik-ve-tasarim-fakultesi\/\"},{\"@type\":\"ListItem\",\"position\":2,\"name\":\"Dekan\"}]},{\"@type\":\"WebSite\",\"@id\":\"https:\/\/ticaret.edu.tr\/mimarlik-ve-tasarim-fakultesi\/#website\",\"url\":\"https:\/\/ticaret.edu.tr\/mimarlik-ve-tasarim-fakultesi\/\",\"name\":\"Mimarl\u0131k ve Tasar\u0131m Fak\u00fcltesi\",\"description\":\"\",\"potentialAction\":[{\"@type\":\"SearchAction\",\"target\":{\"@type\":\"EntryPoint\",\"urlTemplate\":\"https:\/\/ticaret.edu.tr\/mimarlik-ve-tasarim-fakultesi\/?s={search_term_string}\"},\"query-input\":\"required name=search_term_string\"}],\"inLanguage\":\"tr\"}]}<\/script>\n<!-- \/ Yoast SEO Premium plugin. -->","yoast_head_json":{"title":"Dekan - Mimarl\u0131k ve Tasar\u0131m Fak\u00fcltesi","description":"Dekan\u0131m\u0131z\u0131n Mimarl\u0131k ve Tasar\u0131m Fak\u00fcltesi i\u00e7in bilgilendirici a\u00e7\u0131klamas\u0131","robots":{"index":"index","follow":"follow","max-snippet":"max-snippet:-1","max-image-preview":"max-image-preview:large","max-video-preview":"max-video-preview:-1"},"canonical":"http:\/\/ticaret.edu.tr\/mimarlik-ve-tasarim-fakultesi\/dekanm\/","og_locale":"tr_TR","og_type":"article","og_title":"Dekan","og_description":"Dekan\u0131m\u0131z\u0131n Mimarl\u0131k ve Tasar\u0131m Fak\u00fcltesi i\u00e7in bilgilendirici a\u00e7\u0131klamas\u0131","og_url":"http:\/\/ticaret.edu.tr\/mimarlik-ve-tasarim-fakultesi\/dekanm\/","og_site_name":"Mimarl\u0131k ve Tasar\u0131m Fak\u00fcltesi","article_publisher":"https:\/\/www.facebook.com\/ticaretedutr","article_modified_time":"2025-06-15T12:42:08+00:00","og_image":[{"width":1250,"height":833,"url":"http:\/\/ticaret.edu.tr\/mimarlik-ve-tasarim-fakultesi\/wp-content\/uploads\/sites\/6\/2021\/11\/web_logo-01.jpg","type":"image\/jpeg"}],"twitter_card":"summary_large_image","twitter_site":"@ticaretedutr","twitter_misc":{"Tahmini okuma s\u00fcresi":"1 dakika"},"schema":{"@context":"https:\/\/schema.org","@graph":[{"@type":"WebPage","@id":"http:\/\/ticaret.edu.tr\/mimarlik-ve-tasarim-fakultesi\/dekanm\/","url":"http:\/\/ticaret.edu.tr\/mimarlik-ve-tasarim-fakultesi\/dekanm\/","name":"Dekan - Mimarl\u0131k ve Tasar\u0131m Fak\u00fcltesi","isPartOf":{"@id":"https:\/\/ticaret.edu.tr\/mimarlik-ve-tasarim-fakultesi\/#website"},"datePublished":"2020-04-26T15:01:19+00:00","dateModified":"2025-06-15T12:42:08+00:00","description":"Dekan\u0131m\u0131z\u0131n Mimarl\u0131k ve Tasar\u0131m Fak\u00fcltesi i\u00e7in bilgilendirici a\u00e7\u0131klamas\u0131","breadcrumb":{"@id":"http:\/\/ticaret.edu.tr\/mimarlik-ve-tasarim-fakultesi\/dekanm\/#breadcrumb"},"inLanguage":"tr","potentialAction":[{"@type":"ReadAction","target":["http:\/\/ticaret.edu.tr\/mimarlik-ve-tasarim-fakultesi\/dekanm\/"]}]},{"@type":"BreadcrumbList","@id":"http:\/\/ticaret.edu.tr\/mimarlik-ve-tasarim-fakultesi\/dekanm\/#breadcrumb","itemListElement":[{"@type":"ListItem","position":1,"name":"Ana sayfa","item":"https:\/\/ticaret.edu.tr\/mimarlik-ve-tasarim-fakultesi\/"},{"@type":"ListItem","position":2,"name":"Dekan"}]},{"@type":"WebSite","@id":"https:\/\/ticaret.edu.tr\/mimarlik-ve-tasarim-fakultesi\/#website","url":"https:\/\/ticaret.edu.tr\/mimarlik-ve-tasarim-fakultesi\/","name":"Mimarl\u0131k ve Tasar\u0131m Fak\u00fcltesi","description":"","potentialAction":[{"@type":"SearchAction","target":{"@type":"EntryPoint","urlTemplate":"https:\/\/ticaret.edu.tr\/mimarlik-ve-tasarim-fakultesi\/?s={search_term_string}"},"query-input":"required name=search_term_string"}],"inLanguage":"tr"}]}},"lang":"tr","translations":{"en":339,"tr":16},"pll_sync_post":[],"_links":{"self":[{"href":"http:\/\/ticaret.edu.tr\/mimarlik-ve-tasarim-fakultesi\/wp-json\/wp\/v2\/pages\/16"}],"collection":[{"href":"http:\/\/ticaret.edu.tr\/mimarlik-ve-tasarim-fakultesi\/wp-json\/wp\/v2\/pages"}],"about":[{"href":"http:\/\/ticaret.edu.tr\/mimarlik-ve-tasarim-fakultesi\/wp-json\/wp\/v2\/types\/page"}],"author":[{"embeddable":true,"href":"http:\/\/ticaret.edu.tr\/mimarlik-ve-tasarim-fakultesi\/wp-json\/wp\/v2\/users\/1"}],"replies":[{"embeddable":true,"href":"http:\/\/ticaret.edu.tr\/mimarlik-ve-tasarim-fakultesi\/wp-json\/wp\/v2\/comments?post=16"}],"version-history":[{"count":14,"href":"http:\/\/ticaret.edu.tr\/mimarlik-ve-tasarim-fakultesi\/wp-json\/wp\/v2\/pages\/16\/revisions"}],"predecessor-version":[{"id":804,"href":"http:\/\/ticaret.edu.tr\/mimarlik-ve-tasarim-fakultesi\/wp-json\/wp\/v2\/pages\/16\/revisions\/804"}],"wp:attachment":[{"href":"http:\/\/ticaret.edu.tr\/mimarlik-ve-tasarim-fakultesi\/wp-json\/wp\/v2\/media?parent=16"}],"curies":[{"name":"wp","href":"https:\/\/api.w.org\/{rel}","templated":true}]}}