{"id":339,"date":"2022-01-04T15:14:43","date_gmt":"2022-01-04T12:14:43","guid":{"rendered":"https:\/\/ticaret.edu.tr\/mimarlik-ve-tasarim-fakultesi\/?page_id=339"},"modified":"2025-10-17T18:08:49","modified_gmt":"2025-10-17T15:08:49","slug":"dean","status":"publish","type":"page","link":"http:\/\/ticaret.edu.tr\/mimarlik-ve-tasarim-fakultesi\/en\/dean\/","title":{"rendered":"DEAN"},"content":{"rendered":"<p>&nbsp;<\/p>\n<p>Istanbul Commerce University&#8217;s Faculty of Architecture and Design offers four undergraduate programs: Architecture, Interior Architecture and Environmental Design, Industrial Design, and Fashion and Textile Design. Our faculty offers undergraduate education using contemporary methods and approaches. Led by its competent and experienced faculty, it has been successfully providing education and training for 15 years, utilizing the latest technology and tools.<\/p>\n<p>The undergraduate programs in Fashion and Textile Design, Architecture, Industrial Design, and Interior Architecture and Environmental Design are taught in Turkish. Additionally, the Institute of Science offers graduate-level education and research opportunities in Interior Architecture, Fashion and Textile Design, and Conservation and Restoration programs. Our students also gain international experience through international exchange programs such as Erasmus, based on their academic performance.<\/p>\n<h4>Prof. Dr. Berk AYVAZ<\/h4>\n<p class=\"root-block-node\" data-changed=\"false\" data-paragraphid=\"21\">D. Dean of the Faculty of Architecture and Design<\/p>\n","protected":false},"excerpt":{"rendered":"<p>&nbsp; Istanbul Commerce University&#8217;s Faculty of Architecture and Design offers four undergraduate programs: Architecture, Interior Architecture and Environmental Design, Industrial Design, and Fashion and Textile Design. Our faculty offers undergraduate education using contemporary methods and approaches. Led by its competent and experienced faculty, it has been successfully providing education and training for 15 years, utilizing [&hellip;]<\/p>\n","protected":false},"author":149,"featured_media":0,"parent":0,"menu_order":0,"comment_status":"closed","ping_status":"closed","template":"genel_sayfa.php","meta":{"footnotes":""},"yoast_head":"<!-- This site is optimized with the Yoast SEO Premium plugin v22.1 (Yoast SEO v22.1) - https:\/\/yoast.com\/wordpress\/plugins\/seo\/ -->\n<title>DEAN - Mimarl\u0131k ve Tasar\u0131m Fak\u00fcltesi<\/title>\n<meta name=\"description\" content=\"Istanbul Commerce University, Faculty of Architecture and Design, has four undergraduate programs, which are Architecture, Interior Architecture and Environmental Design, Industrial Design, Fashion and Textile Design. Our faculty offers undergraduate education with modern methods and interpretations and has been successfully continuing its educational activities for 15 years, using the latest technology and tools under the leadership of competent faculty members.\" \/>\n<meta name=\"robots\" content=\"index, follow, max-snippet:-1, max-image-preview:large, max-video-preview:-1\" \/>\n<link rel=\"canonical\" href=\"http:\/\/ticaret.edu.tr\/mimarlik-ve-tasarim-fakultesi\/en\/dean\/\" \/>\n<meta property=\"og:locale\" content=\"tr_TR\" \/>\n<meta property=\"og:type\" content=\"article\" \/>\n<meta property=\"og:title\" content=\"DEAN\" \/>\n<meta property=\"og:description\" content=\"Istanbul Commerce University, Faculty of Architecture and Design, has four undergraduate programs, which are Architecture, Interior Architecture and Environmental Design, Industrial Design, Fashion and Textile Design. Our faculty offers undergraduate education with modern methods and interpretations and has been successfully continuing its educational activities for 15 years, using the latest technology and tools under the leadership of competent faculty members.\" \/>\n<meta property=\"og:url\" content=\"http:\/\/ticaret.edu.tr\/mimarlik-ve-tasarim-fakultesi\/en\/dean\/\" \/>\n<meta property=\"og:site_name\" content=\"Mimarl\u0131k ve Tasar\u0131m Fak\u00fcltesi\" \/>\n<meta property=\"article:publisher\" content=\"https:\/\/www.facebook.com\/ticaretedutr\" \/>\n<meta property=\"article:modified_time\" content=\"2025-10-17T15:08:49+00:00\" \/>\n<meta property=\"og:image\" content=\"http:\/\/ticaret.edu.tr\/mimarlik-ve-tasarim-fakultesi\/wp-content\/uploads\/sites\/6\/2021\/11\/web_logo-01.jpg\" \/>\n\t<meta property=\"og:image:width\" content=\"1250\" \/>\n\t<meta property=\"og:image:height\" content=\"833\" \/>\n\t<meta property=\"og:image:type\" content=\"image\/jpeg\" \/>\n<meta name=\"twitter:card\" content=\"summary_large_image\" \/>\n<meta name=\"twitter:site\" content=\"@ticaretedutr\" \/>\n<meta name=\"twitter:label1\" content=\"Tahmini okuma s\u00fcresi\" \/>\n\t<meta name=\"twitter:data1\" content=\"1 dakika\" \/>\n<script type=\"application\/ld+json\" class=\"yoast-schema-graph\">{\"@context\":\"https:\/\/schema.org\",\"@graph\":[{\"@type\":\"WebPage\",\"@id\":\"http:\/\/ticaret.edu.tr\/mimarlik-ve-tasarim-fakultesi\/en\/dean\/\",\"url\":\"http:\/\/ticaret.edu.tr\/mimarlik-ve-tasarim-fakultesi\/en\/dean\/\",\"name\":\"DEAN - Mimarl\u0131k ve Tasar\u0131m Fak\u00fcltesi\",\"isPartOf\":{\"@id\":\"http:\/\/ticaret.edu.tr\/mimarlik-ve-tasarim-fakultesi\/#website\"},\"datePublished\":\"2022-01-04T12:14:43+00:00\",\"dateModified\":\"2025-10-17T15:08:49+00:00\",\"description\":\"Istanbul Commerce University, Faculty of Architecture and Design, has four undergraduate programs, which are Architecture, Interior Architecture and Environmental Design, Industrial Design, Fashion and Textile Design. Our faculty offers undergraduate education with modern methods and interpretations and has been successfully continuing its educational activities for 15 years, using the latest technology and tools under the leadership of competent faculty members.\",\"breadcrumb\":{\"@id\":\"http:\/\/ticaret.edu.tr\/mimarlik-ve-tasarim-fakultesi\/en\/dean\/#breadcrumb\"},\"inLanguage\":\"tr\",\"potentialAction\":[{\"@type\":\"ReadAction\",\"target\":[\"http:\/\/ticaret.edu.tr\/mimarlik-ve-tasarim-fakultesi\/en\/dean\/\"]}]},{\"@type\":\"BreadcrumbList\",\"@id\":\"http:\/\/ticaret.edu.tr\/mimarlik-ve-tasarim-fakultesi\/en\/dean\/#breadcrumb\",\"itemListElement\":[{\"@type\":\"ListItem\",\"position\":1,\"name\":\"Ana sayfa\",\"item\":\"http:\/\/ticaret.edu.tr\/mimarlik-ve-tasarim-fakultesi\/\"},{\"@type\":\"ListItem\",\"position\":2,\"name\":\"DEAN\"}]},{\"@type\":\"WebSite\",\"@id\":\"http:\/\/ticaret.edu.tr\/mimarlik-ve-tasarim-fakultesi\/#website\",\"url\":\"http:\/\/ticaret.edu.tr\/mimarlik-ve-tasarim-fakultesi\/\",\"name\":\"Mimarl\u0131k ve Tasar\u0131m Fak\u00fcltesi\",\"description\":\"\",\"potentialAction\":[{\"@type\":\"SearchAction\",\"target\":{\"@type\":\"EntryPoint\",\"urlTemplate\":\"http:\/\/ticaret.edu.tr\/mimarlik-ve-tasarim-fakultesi\/?s={search_term_string}\"},\"query-input\":\"required name=search_term_string\"}],\"inLanguage\":\"tr\"}]}<\/script>\n<!-- \/ Yoast SEO Premium plugin. -->","yoast_head_json":{"title":"DEAN - Mimarl\u0131k ve Tasar\u0131m Fak\u00fcltesi","description":"Istanbul Commerce University, Faculty of Architecture and Design, has four undergraduate programs, which are Architecture, Interior Architecture and Environmental Design, Industrial Design, Fashion and Textile Design. Our faculty offers undergraduate education with modern methods and interpretations and has been successfully continuing its educational activities for 15 years, using the latest technology and tools under the leadership of competent faculty members.","robots":{"index":"index","follow":"follow","max-snippet":"max-snippet:-1","max-image-preview":"max-image-preview:large","max-video-preview":"max-video-preview:-1"},"canonical":"http:\/\/ticaret.edu.tr\/mimarlik-ve-tasarim-fakultesi\/en\/dean\/","og_locale":"tr_TR","og_type":"article","og_title":"DEAN","og_description":"Istanbul Commerce University, Faculty of Architecture and Design, has four undergraduate programs, which are Architecture, Interior Architecture and Environmental Design, Industrial Design, Fashion and Textile Design. Our faculty offers undergraduate education with modern methods and interpretations and has been successfully continuing its educational activities for 15 years, using the latest technology and tools under the leadership of competent faculty members.","og_url":"http:\/\/ticaret.edu.tr\/mimarlik-ve-tasarim-fakultesi\/en\/dean\/","og_site_name":"Mimarl\u0131k ve Tasar\u0131m Fak\u00fcltesi","article_publisher":"https:\/\/www.facebook.com\/ticaretedutr","article_modified_time":"2025-10-17T15:08:49+00:00","og_image":[{"width":1250,"height":833,"url":"http:\/\/ticaret.edu.tr\/mimarlik-ve-tasarim-fakultesi\/wp-content\/uploads\/sites\/6\/2021\/11\/web_logo-01.jpg","type":"image\/jpeg"}],"twitter_card":"summary_large_image","twitter_site":"@ticaretedutr","twitter_misc":{"Tahmini okuma s\u00fcresi":"1 dakika"},"schema":{"@context":"https:\/\/schema.org","@graph":[{"@type":"WebPage","@id":"http:\/\/ticaret.edu.tr\/mimarlik-ve-tasarim-fakultesi\/en\/dean\/","url":"http:\/\/ticaret.edu.tr\/mimarlik-ve-tasarim-fakultesi\/en\/dean\/","name":"DEAN - Mimarl\u0131k ve Tasar\u0131m Fak\u00fcltesi","isPartOf":{"@id":"http:\/\/ticaret.edu.tr\/mimarlik-ve-tasarim-fakultesi\/#website"},"datePublished":"2022-01-04T12:14:43+00:00","dateModified":"2025-10-17T15:08:49+00:00","description":"Istanbul Commerce University, Faculty of Architecture and Design, has four undergraduate programs, which are Architecture, Interior Architecture and Environmental Design, Industrial Design, Fashion and Textile Design. Our faculty offers undergraduate education with modern methods and interpretations and has been successfully continuing its educational activities for 15 years, using the latest technology and tools under the leadership of competent faculty members.","breadcrumb":{"@id":"http:\/\/ticaret.edu.tr\/mimarlik-ve-tasarim-fakultesi\/en\/dean\/#breadcrumb"},"inLanguage":"tr","potentialAction":[{"@type":"ReadAction","target":["http:\/\/ticaret.edu.tr\/mimarlik-ve-tasarim-fakultesi\/en\/dean\/"]}]},{"@type":"BreadcrumbList","@id":"http:\/\/ticaret.edu.tr\/mimarlik-ve-tasarim-fakultesi\/en\/dean\/#breadcrumb","itemListElement":[{"@type":"ListItem","position":1,"name":"Ana sayfa","item":"http:\/\/ticaret.edu.tr\/mimarlik-ve-tasarim-fakultesi\/"},{"@type":"ListItem","position":2,"name":"DEAN"}]},{"@type":"WebSite","@id":"http:\/\/ticaret.edu.tr\/mimarlik-ve-tasarim-fakultesi\/#website","url":"http:\/\/ticaret.edu.tr\/mimarlik-ve-tasarim-fakultesi\/","name":"Mimarl\u0131k ve Tasar\u0131m Fak\u00fcltesi","description":"","potentialAction":[{"@type":"SearchAction","target":{"@type":"EntryPoint","urlTemplate":"http:\/\/ticaret.edu.tr\/mimarlik-ve-tasarim-fakultesi\/?s={search_term_string}"},"query-input":"required name=search_term_string"}],"inLanguage":"tr"}]}},"lang":"en","translations":{"en":339,"tr":16},"pll_sync_post":[],"_links":{"self":[{"href":"http:\/\/ticaret.edu.tr\/mimarlik-ve-tasarim-fakultesi\/wp-json\/wp\/v2\/pages\/339"}],"collection":[{"href":"http:\/\/ticaret.edu.tr\/mimarlik-ve-tasarim-fakultesi\/wp-json\/wp\/v2\/pages"}],"about":[{"href":"http:\/\/ticaret.edu.tr\/mimarlik-ve-tasarim-fakultesi\/wp-json\/wp\/v2\/types\/page"}],"author":[{"embeddable":true,"href":"http:\/\/ticaret.edu.tr\/mimarlik-ve-tasarim-fakultesi\/wp-json\/wp\/v2\/users\/149"}],"replies":[{"embeddable":true,"href":"http:\/\/ticaret.edu.tr\/mimarlik-ve-tasarim-fakultesi\/wp-json\/wp\/v2\/comments?post=339"}],"version-history":[{"count":11,"href":"http:\/\/ticaret.edu.tr\/mimarlik-ve-tasarim-fakultesi\/wp-json\/wp\/v2\/pages\/339\/revisions"}],"predecessor-version":[{"id":836,"href":"http:\/\/ticaret.edu.tr\/mimarlik-ve-tasarim-fakultesi\/wp-json\/wp\/v2\/pages\/339\/revisions\/836"}],"wp:attachment":[{"href":"http:\/\/ticaret.edu.tr\/mimarlik-ve-tasarim-fakultesi\/wp-json\/wp\/v2\/media?parent=339"}],"curies":[{"name":"wp","href":"https:\/\/api.w.org\/{rel}","templated":true}]}}