{"id":490,"date":"2024-05-14T18:35:34","date_gmt":"2024-05-14T15:35:34","guid":{"rendered":"https:\/\/ticaret.edu.tr\/mimarlik-ve-tasarim-fakultesi\/?page_id=490"},"modified":"2025-03-05T15:54:30","modified_gmt":"2025-03-05T12:54:30","slug":"quality-assurance-system","status":"publish","type":"page","link":"http:\/\/ticaret.edu.tr\/mimarlik-ve-tasarim-fakultesi\/en\/quality-assurance-system\/","title":{"rendered":"QUALITY ASSURANCE SYSTEM"},"content":{"rendered":"<p>FACULTY OF ARCHITECTURE AND DESIGN UNIT QUALITY COMMITTEE<br \/>\nProf. Dr. idris O\u011eURLU &#8211; Dean<br \/>\nDr. Sema Hatun T\u00dcRKER &#8211; Vice Dean<br \/>\nAssoc. Prof. Dr. Leyla Suri &#8211; Head of Architecture Department<br \/>\nAssoc. Prof. Dr. Irmak BAYBURTLU \u00c7ET\u0130NSOY &#8211; Head of Textile and Fashion Design Department<br \/>\nDr. Makbulue Tuba BOSTANCI BASKAN &#8211; Head of Department of Interior Architecture and Environmental Design<br \/>\nDr. \u00d6ZT\u00dcRK DEM\u0130RTA\u015e &#8211; Head of Industrial Design Department<br \/>\nSedat \u015eEKER &#8211; Faculty Secretary<br \/>\nBerfin MENTE\u015eE &#8211; Student Representative<\/p>\n<p>INDUSTRIAL DESIGN DEPARTMENT QUALITY COMMITTEE<br \/>\nDr. P\u0131nar \u00d6ZT\u00dcRK DEM\u0130RTA\u015e Head of Department<br \/>\nAssoc. Prof. Dr. \u00c7\u0131nar NARTER Elected Member<br \/>\nResearch Assist. Aybike ESER Quality Ambassador<br \/>\nZeynep DURSUN Student Representative<\/p>\n<p>TEXTILE AND FASHION DESIGN DEPARTMENT QUALITY COMMITTEE<br \/>\nAssoc. Prof. Dr. Irmak BAYBURTLU \u00c7ET\u0130NSOY Head of Department<br \/>\nDr. Sema Hatun T\u00dcRKER Elected Member<br \/>\nResearch Assist. \u015eule Nur ALACATLI Quality Ambassador<br \/>\nG\u00fcne\u015f YILMAZ Student Representative<\/p>\n<p>DEPARTMENT OF INTERIOR ARCHITECTURE AND ENVIRONMENTAL DESIGN QUALITY COMMITTEE<br \/>\nDr. M. Tuba BOSTANCI BASKAN Head of Department<br \/>\nDr. Bet\u00fcl U\u00c7 KELE\u015e Elected Member<br \/>\nResearch Assist. Damla HOCAO\u011eLU TURK Quality Ambassador<br \/>\nMuharrem \u00c7AKIR Student Representative<\/p>\n<p>DEPARTMENT OF ARCHITECTURE QUALITY COMMITTEE<br \/>\nAssoc. Prof. Dr. Leyla SURI Head of Department<br \/>\nAssoc. Prof. Dr. \u00d6zdemir S\u00d6NMEZ Elected Member<br \/>\nResearch Assist. Gizem \u00d6ZT\u00dcRK Quality Ambassador<br \/>\nAlparslan TUTAR Student Representative<\/p>\n","protected":false},"excerpt":{"rendered":"<p>FACULTY OF ARCHITECTURE AND DESIGN UNIT QUALITY COMMITTEE Prof. Dr. idris O\u011eURLU &#8211; Dean Dr. Sema Hatun T\u00dcRKER &#8211; Vice Dean Assoc. Prof. Dr. Leyla Suri &#8211; Head of Architecture Department Assoc. Prof. Dr. Irmak BAYBURTLU \u00c7ET\u0130NSOY &#8211; Head of Textile and Fashion Design Department Dr. Makbulue Tuba BOSTANCI BASKAN &#8211; Head of Department of [&hellip;]<\/p>\n","protected":false},"author":67,"featured_media":0,"parent":0,"menu_order":0,"comment_status":"closed","ping_status":"closed","template":"genel_sayfa.php","meta":{"footnotes":""},"yoast_head":"<!-- This site is optimized with the Yoast SEO Premium plugin v22.1 (Yoast SEO v22.1) - https:\/\/yoast.com\/wordpress\/plugins\/seo\/ -->\n<title>QUALITY ASSURANCE SYSTEM - Mimarl\u0131k ve Tasar\u0131m Fak\u00fcltesi<\/title>\n<meta name=\"robots\" content=\"index, follow, max-snippet:-1, max-image-preview:large, max-video-preview:-1\" \/>\n<link rel=\"canonical\" href=\"https:\/\/ticaret.edu.tr\/mimarlik-ve-tasarim-fakultesi\/en\/quality-assurance-system\/\" \/>\n<meta property=\"og:locale\" content=\"tr_TR\" \/>\n<meta property=\"og:type\" content=\"article\" \/>\n<meta property=\"og:title\" content=\"QUALITY ASSURANCE SYSTEM\" \/>\n<meta property=\"og:description\" content=\"FACULTY OF ARCHITECTURE AND DESIGN UNIT QUALITY COMMITTEE Prof. Dr. idris O\u011eURLU &#8211; Dean Dr. Sema Hatun T\u00dcRKER &#8211; Vice Dean Assoc. Prof. Dr. Leyla Suri &#8211; Head of Architecture Department Assoc. Prof. Dr. Irmak BAYBURTLU \u00c7ET\u0130NSOY &#8211; Head of Textile and Fashion Design Department Dr. Makbulue Tuba BOSTANCI BASKAN &#8211; Head of Department of [&hellip;]\" \/>\n<meta property=\"og:url\" content=\"https:\/\/ticaret.edu.tr\/mimarlik-ve-tasarim-fakultesi\/en\/quality-assurance-system\/\" \/>\n<meta property=\"og:site_name\" content=\"Mimarl\u0131k ve Tasar\u0131m Fak\u00fcltesi\" \/>\n<meta property=\"article:publisher\" content=\"https:\/\/www.facebook.com\/ticaretedutr\" \/>\n<meta property=\"article:modified_time\" content=\"2025-03-05T12:54:30+00:00\" \/>\n<meta property=\"og:image\" content=\"http:\/\/ticaret.edu.tr\/mimarlik-ve-tasarim-fakultesi\/wp-content\/uploads\/sites\/6\/2021\/11\/web_logo-01.jpg\" \/>\n\t<meta property=\"og:image:width\" content=\"1250\" \/>\n\t<meta property=\"og:image:height\" content=\"833\" \/>\n\t<meta property=\"og:image:type\" content=\"image\/jpeg\" \/>\n<meta name=\"twitter:card\" content=\"summary_large_image\" \/>\n<meta name=\"twitter:site\" content=\"@ticaretedutr\" \/>\n<meta name=\"twitter:label1\" content=\"Tahmini okuma s\u00fcresi\" \/>\n\t<meta name=\"twitter:data1\" content=\"2 dakika\" \/>\n<script type=\"application\/ld+json\" class=\"yoast-schema-graph\">{\"@context\":\"https:\/\/schema.org\",\"@graph\":[{\"@type\":\"WebPage\",\"@id\":\"https:\/\/ticaret.edu.tr\/mimarlik-ve-tasarim-fakultesi\/en\/quality-assurance-system\/\",\"url\":\"https:\/\/ticaret.edu.tr\/mimarlik-ve-tasarim-fakultesi\/en\/quality-assurance-system\/\",\"name\":\"QUALITY ASSURANCE SYSTEM - Mimarl\u0131k ve Tasar\u0131m Fak\u00fcltesi\",\"isPartOf\":{\"@id\":\"https:\/\/ticaret.edu.tr\/mimarlik-ve-tasarim-fakultesi\/en\/#website\"},\"datePublished\":\"2024-05-14T15:35:34+00:00\",\"dateModified\":\"2025-03-05T12:54:30+00:00\",\"breadcrumb\":{\"@id\":\"https:\/\/ticaret.edu.tr\/mimarlik-ve-tasarim-fakultesi\/en\/quality-assurance-system\/#breadcrumb\"},\"inLanguage\":\"tr\",\"potentialAction\":[{\"@type\":\"ReadAction\",\"target\":[\"https:\/\/ticaret.edu.tr\/mimarlik-ve-tasarim-fakultesi\/en\/quality-assurance-system\/\"]}]},{\"@type\":\"BreadcrumbList\",\"@id\":\"https:\/\/ticaret.edu.tr\/mimarlik-ve-tasarim-fakultesi\/en\/quality-assurance-system\/#breadcrumb\",\"itemListElement\":[{\"@type\":\"ListItem\",\"position\":1,\"name\":\"Ana sayfa\",\"item\":\"https:\/\/ticaret.edu.tr\/mimarlik-ve-tasarim-fakultesi\/\"},{\"@type\":\"ListItem\",\"position\":2,\"name\":\"QUALITY ASSURANCE SYSTEM\"}]},{\"@type\":\"WebSite\",\"@id\":\"https:\/\/ticaret.edu.tr\/mimarlik-ve-tasarim-fakultesi\/en\/#website\",\"url\":\"https:\/\/ticaret.edu.tr\/mimarlik-ve-tasarim-fakultesi\/en\/\",\"name\":\"Mimarl\u0131k ve Tasar\u0131m Fak\u00fcltesi\",\"description\":\"\",\"potentialAction\":[{\"@type\":\"SearchAction\",\"target\":{\"@type\":\"EntryPoint\",\"urlTemplate\":\"https:\/\/ticaret.edu.tr\/mimarlik-ve-tasarim-fakultesi\/en\/?s={search_term_string}\"},\"query-input\":\"required name=search_term_string\"}],\"inLanguage\":\"tr\"}]}<\/script>\n<!-- \/ Yoast SEO Premium plugin. -->","yoast_head_json":{"title":"QUALITY ASSURANCE SYSTEM - Mimarl\u0131k ve Tasar\u0131m Fak\u00fcltesi","robots":{"index":"index","follow":"follow","max-snippet":"max-snippet:-1","max-image-preview":"max-image-preview:large","max-video-preview":"max-video-preview:-1"},"canonical":"https:\/\/ticaret.edu.tr\/mimarlik-ve-tasarim-fakultesi\/en\/quality-assurance-system\/","og_locale":"tr_TR","og_type":"article","og_title":"QUALITY ASSURANCE SYSTEM","og_description":"FACULTY OF ARCHITECTURE AND DESIGN UNIT QUALITY COMMITTEE Prof. Dr. idris O\u011eURLU &#8211; Dean Dr. Sema Hatun T\u00dcRKER &#8211; Vice Dean Assoc. Prof. Dr. Leyla Suri &#8211; Head of Architecture Department Assoc. Prof. Dr. Irmak BAYBURTLU \u00c7ET\u0130NSOY &#8211; Head of Textile and Fashion Design Department Dr. Makbulue Tuba BOSTANCI BASKAN &#8211; Head of Department of [&hellip;]","og_url":"https:\/\/ticaret.edu.tr\/mimarlik-ve-tasarim-fakultesi\/en\/quality-assurance-system\/","og_site_name":"Mimarl\u0131k ve Tasar\u0131m Fak\u00fcltesi","article_publisher":"https:\/\/www.facebook.com\/ticaretedutr","article_modified_time":"2025-03-05T12:54:30+00:00","og_image":[{"width":1250,"height":833,"url":"http:\/\/ticaret.edu.tr\/mimarlik-ve-tasarim-fakultesi\/wp-content\/uploads\/sites\/6\/2021\/11\/web_logo-01.jpg","type":"image\/jpeg"}],"twitter_card":"summary_large_image","twitter_site":"@ticaretedutr","twitter_misc":{"Tahmini okuma s\u00fcresi":"2 dakika"},"schema":{"@context":"https:\/\/schema.org","@graph":[{"@type":"WebPage","@id":"https:\/\/ticaret.edu.tr\/mimarlik-ve-tasarim-fakultesi\/en\/quality-assurance-system\/","url":"https:\/\/ticaret.edu.tr\/mimarlik-ve-tasarim-fakultesi\/en\/quality-assurance-system\/","name":"QUALITY ASSURANCE SYSTEM - Mimarl\u0131k ve Tasar\u0131m Fak\u00fcltesi","isPartOf":{"@id":"https:\/\/ticaret.edu.tr\/mimarlik-ve-tasarim-fakultesi\/en\/#website"},"datePublished":"2024-05-14T15:35:34+00:00","dateModified":"2025-03-05T12:54:30+00:00","breadcrumb":{"@id":"https:\/\/ticaret.edu.tr\/mimarlik-ve-tasarim-fakultesi\/en\/quality-assurance-system\/#breadcrumb"},"inLanguage":"tr","potentialAction":[{"@type":"ReadAction","target":["https:\/\/ticaret.edu.tr\/mimarlik-ve-tasarim-fakultesi\/en\/quality-assurance-system\/"]}]},{"@type":"BreadcrumbList","@id":"https:\/\/ticaret.edu.tr\/mimarlik-ve-tasarim-fakultesi\/en\/quality-assurance-system\/#breadcrumb","itemListElement":[{"@type":"ListItem","position":1,"name":"Ana sayfa","item":"https:\/\/ticaret.edu.tr\/mimarlik-ve-tasarim-fakultesi\/"},{"@type":"ListItem","position":2,"name":"QUALITY ASSURANCE SYSTEM"}]},{"@type":"WebSite","@id":"https:\/\/ticaret.edu.tr\/mimarlik-ve-tasarim-fakultesi\/en\/#website","url":"https:\/\/ticaret.edu.tr\/mimarlik-ve-tasarim-fakultesi\/en\/","name":"Mimarl\u0131k ve Tasar\u0131m Fak\u00fcltesi","description":"","potentialAction":[{"@type":"SearchAction","target":{"@type":"EntryPoint","urlTemplate":"https:\/\/ticaret.edu.tr\/mimarlik-ve-tasarim-fakultesi\/en\/?s={search_term_string}"},"query-input":"required name=search_term_string"}],"inLanguage":"tr"}]}},"lang":"en","translations":{"tr":515,"en":490},"pll_sync_post":[],"_links":{"self":[{"href":"http:\/\/ticaret.edu.tr\/mimarlik-ve-tasarim-fakultesi\/wp-json\/wp\/v2\/pages\/490"}],"collection":[{"href":"http:\/\/ticaret.edu.tr\/mimarlik-ve-tasarim-fakultesi\/wp-json\/wp\/v2\/pages"}],"about":[{"href":"http:\/\/ticaret.edu.tr\/mimarlik-ve-tasarim-fakultesi\/wp-json\/wp\/v2\/types\/page"}],"author":[{"embeddable":true,"href":"http:\/\/ticaret.edu.tr\/mimarlik-ve-tasarim-fakultesi\/wp-json\/wp\/v2\/users\/67"}],"replies":[{"embeddable":true,"href":"http:\/\/ticaret.edu.tr\/mimarlik-ve-tasarim-fakultesi\/wp-json\/wp\/v2\/comments?post=490"}],"version-history":[{"count":6,"href":"http:\/\/ticaret.edu.tr\/mimarlik-ve-tasarim-fakultesi\/wp-json\/wp\/v2\/pages\/490\/revisions"}],"predecessor-version":[{"id":588,"href":"http:\/\/ticaret.edu.tr\/mimarlik-ve-tasarim-fakultesi\/wp-json\/wp\/v2\/pages\/490\/revisions\/588"}],"wp:attachment":[{"href":"http:\/\/ticaret.edu.tr\/mimarlik-ve-tasarim-fakultesi\/wp-json\/wp\/v2\/media?parent=490"}],"curies":[{"name":"wp","href":"https:\/\/api.w.org\/{rel}","templated":true}]}}