{"id":515,"date":"2024-05-22T13:54:59","date_gmt":"2024-05-22T10:54:59","guid":{"rendered":"https:\/\/ticaret.edu.tr\/mimarlik-ve-tasarim-fakultesi\/?page_id=515"},"modified":"2025-12-23T08:44:02","modified_gmt":"2025-12-23T05:44:02","slug":"vizyon-misyon","status":"publish","type":"page","link":"http:\/\/ticaret.edu.tr\/mimarlik-ve-tasarim-fakultesi\/vizyon-misyon\/","title":{"rendered":"Vizyon &#8211; Misyon"},"content":{"rendered":"<p>&nbsp;<\/p>\n<table style=\"height: 614px\" width=\"634\">\n<tbody>\n<tr>\n<td width=\"92\"><\/td>\n<td width=\"200\"><strong>Mimarl\u0131k ve Tasar\u0131m Fak\u00fcltesi<\/strong><\/td>\n<\/tr>\n<tr>\n<td><strong>Misyon<\/strong><\/td>\n<td>Mimarl\u0131k ve Tasar\u0131m Fak\u00fcltesi, toplumsal de\u011ferleri \u00f6n planda tutan, mimarl\u0131k ve tasar\u0131m alanlar\u0131nda, d\u00fcnyam\u0131z\u0131n ve \u00fclkemizin\u00a0ihtiya\u00e7lar\u0131na cevap veren, tasar\u0131m, uygulama ve kuram bilgi ve becerisi kazanm\u0131\u015f bireyler yeti\u015ftiren, payda\u015flar\u0131na ve topluma katk\u0131 sa\u011flayan bir fak\u00fcltedir.<\/td>\n<\/tr>\n<tr>\n<td><strong>Vizyon<\/strong><\/td>\n<td>E\u011fitim, ara\u015ft\u0131rma ve uygulama alan\u0131nda, topluma ve i\u015f d\u00fcnyas\u0131na y\u00f6n veren, mimarl\u0131k ve tasar\u0131m alanlar\u0131nda k\u00fclt\u00fcrel de\u011ferlerinden beslenen, yenilik\u00e7i, \u00f6zg\u00fcn bilgi ve projeler \u00fcretebilen, \u00fclkemizin ve d\u00fcnyan\u0131n geli\u015fimine ve d\u00f6n\u00fc\u015f\u00fcm\u00fcne katk\u0131 sa\u011flayan bir fak\u00fclte olmakt\u0131r.<\/td>\n<\/tr>\n<\/tbody>\n<\/table>\n","protected":false},"excerpt":{"rendered":"<p>&nbsp; Mimarl\u0131k ve Tasar\u0131m Fak\u00fcltesi Misyon Mimarl\u0131k ve Tasar\u0131m Fak\u00fcltesi, toplumsal de\u011ferleri \u00f6n planda tutan, mimarl\u0131k ve tasar\u0131m alanlar\u0131nda, d\u00fcnyam\u0131z\u0131n ve \u00fclkemizin\u00a0ihtiya\u00e7lar\u0131na cevap veren, tasar\u0131m, uygulama ve kuram bilgi ve becerisi kazanm\u0131\u015f bireyler yeti\u015ftiren, payda\u015flar\u0131na ve topluma katk\u0131 sa\u011flayan bir fak\u00fcltedir. Vizyon E\u011fitim, ara\u015ft\u0131rma ve uygulama alan\u0131nda, topluma ve i\u015f d\u00fcnyas\u0131na y\u00f6n veren, mimarl\u0131k ve [&hellip;]<\/p>\n","protected":false},"author":67,"featured_media":0,"parent":0,"menu_order":0,"comment_status":"closed","ping_status":"closed","template":"genel_sayfa.php","meta":{"footnotes":""},"yoast_head":"<!-- This site is optimized with the Yoast SEO Premium plugin v22.1 (Yoast SEO v22.1) - https:\/\/yoast.com\/wordpress\/plugins\/seo\/ -->\n<title>Vizyon - Misyon - Mimarl\u0131k ve Tasar\u0131m Fak\u00fcltesi<\/title>\n<meta name=\"robots\" content=\"index, follow, max-snippet:-1, max-image-preview:large, max-video-preview:-1\" \/>\n<link rel=\"canonical\" href=\"http:\/\/ticaret.edu.tr\/mimarlik-ve-tasarim-fakultesi\/vizyon-misyon\/\" \/>\n<meta property=\"og:locale\" content=\"tr_TR\" \/>\n<meta property=\"og:type\" content=\"article\" \/>\n<meta property=\"og:title\" content=\"Vizyon - Misyon\" \/>\n<meta property=\"og:description\" content=\"&nbsp; Mimarl\u0131k ve Tasar\u0131m Fak\u00fcltesi Misyon Mimarl\u0131k ve Tasar\u0131m Fak\u00fcltesi, toplumsal de\u011ferleri \u00f6n planda tutan, mimarl\u0131k ve tasar\u0131m alanlar\u0131nda, d\u00fcnyam\u0131z\u0131n ve \u00fclkemizin\u00a0ihtiya\u00e7lar\u0131na cevap veren, tasar\u0131m, uygulama ve kuram bilgi ve becerisi kazanm\u0131\u015f bireyler yeti\u015ftiren, payda\u015flar\u0131na ve topluma katk\u0131 sa\u011flayan bir fak\u00fcltedir. Vizyon E\u011fitim, ara\u015ft\u0131rma ve uygulama alan\u0131nda, topluma ve i\u015f d\u00fcnyas\u0131na y\u00f6n veren, mimarl\u0131k ve [&hellip;]\" \/>\n<meta property=\"og:url\" content=\"http:\/\/ticaret.edu.tr\/mimarlik-ve-tasarim-fakultesi\/vizyon-misyon\/\" \/>\n<meta property=\"og:site_name\" content=\"Mimarl\u0131k ve Tasar\u0131m Fak\u00fcltesi\" \/>\n<meta property=\"article:publisher\" content=\"https:\/\/www.facebook.com\/ticaretedutr\" \/>\n<meta property=\"article:modified_time\" content=\"2025-12-23T05:44:02+00:00\" \/>\n<meta property=\"og:image\" content=\"http:\/\/ticaret.edu.tr\/mimarlik-ve-tasarim-fakultesi\/wp-content\/uploads\/sites\/6\/2021\/11\/web_logo-01.jpg\" \/>\n\t<meta property=\"og:image:width\" content=\"1250\" \/>\n\t<meta property=\"og:image:height\" content=\"833\" \/>\n\t<meta property=\"og:image:type\" content=\"image\/jpeg\" \/>\n<meta name=\"twitter:card\" content=\"summary_large_image\" \/>\n<meta name=\"twitter:site\" content=\"@ticaretedutr\" \/>\n<meta name=\"twitter:label1\" content=\"Tahmini okuma s\u00fcresi\" \/>\n\t<meta name=\"twitter:data1\" content=\"1 dakika\" \/>\n<script type=\"application\/ld+json\" class=\"yoast-schema-graph\">{\"@context\":\"https:\/\/schema.org\",\"@graph\":[{\"@type\":\"WebPage\",\"@id\":\"http:\/\/ticaret.edu.tr\/mimarlik-ve-tasarim-fakultesi\/vizyon-misyon\/\",\"url\":\"http:\/\/ticaret.edu.tr\/mimarlik-ve-tasarim-fakultesi\/vizyon-misyon\/\",\"name\":\"Vizyon - Misyon - Mimarl\u0131k ve Tasar\u0131m Fak\u00fcltesi\",\"isPartOf\":{\"@id\":\"http:\/\/ticaret.edu.tr\/mimarlik-ve-tasarim-fakultesi\/#website\"},\"datePublished\":\"2024-05-22T10:54:59+00:00\",\"dateModified\":\"2025-12-23T05:44:02+00:00\",\"breadcrumb\":{\"@id\":\"http:\/\/ticaret.edu.tr\/mimarlik-ve-tasarim-fakultesi\/vizyon-misyon\/#breadcrumb\"},\"inLanguage\":\"tr\",\"potentialAction\":[{\"@type\":\"ReadAction\",\"target\":[\"http:\/\/ticaret.edu.tr\/mimarlik-ve-tasarim-fakultesi\/vizyon-misyon\/\"]}]},{\"@type\":\"BreadcrumbList\",\"@id\":\"http:\/\/ticaret.edu.tr\/mimarlik-ve-tasarim-fakultesi\/vizyon-misyon\/#breadcrumb\",\"itemListElement\":[{\"@type\":\"ListItem\",\"position\":1,\"name\":\"Ana sayfa\",\"item\":\"http:\/\/ticaret.edu.tr\/mimarlik-ve-tasarim-fakultesi\/\"},{\"@type\":\"ListItem\",\"position\":2,\"name\":\"Vizyon &#8211; Misyon\"}]},{\"@type\":\"WebSite\",\"@id\":\"http:\/\/ticaret.edu.tr\/mimarlik-ve-tasarim-fakultesi\/#website\",\"url\":\"http:\/\/ticaret.edu.tr\/mimarlik-ve-tasarim-fakultesi\/\",\"name\":\"Mimarl\u0131k ve Tasar\u0131m Fak\u00fcltesi\",\"description\":\"\",\"potentialAction\":[{\"@type\":\"SearchAction\",\"target\":{\"@type\":\"EntryPoint\",\"urlTemplate\":\"http:\/\/ticaret.edu.tr\/mimarlik-ve-tasarim-fakultesi\/?s={search_term_string}\"},\"query-input\":\"required name=search_term_string\"}],\"inLanguage\":\"tr\"}]}<\/script>\n<!-- \/ Yoast SEO Premium plugin. -->","yoast_head_json":{"title":"Vizyon - Misyon - Mimarl\u0131k ve Tasar\u0131m Fak\u00fcltesi","robots":{"index":"index","follow":"follow","max-snippet":"max-snippet:-1","max-image-preview":"max-image-preview:large","max-video-preview":"max-video-preview:-1"},"canonical":"http:\/\/ticaret.edu.tr\/mimarlik-ve-tasarim-fakultesi\/vizyon-misyon\/","og_locale":"tr_TR","og_type":"article","og_title":"Vizyon - Misyon","og_description":"&nbsp; Mimarl\u0131k ve Tasar\u0131m Fak\u00fcltesi Misyon Mimarl\u0131k ve Tasar\u0131m Fak\u00fcltesi, toplumsal de\u011ferleri \u00f6n planda tutan, mimarl\u0131k ve tasar\u0131m alanlar\u0131nda, d\u00fcnyam\u0131z\u0131n ve \u00fclkemizin\u00a0ihtiya\u00e7lar\u0131na cevap veren, tasar\u0131m, uygulama ve kuram bilgi ve becerisi kazanm\u0131\u015f bireyler yeti\u015ftiren, payda\u015flar\u0131na ve topluma katk\u0131 sa\u011flayan bir fak\u00fcltedir. Vizyon E\u011fitim, ara\u015ft\u0131rma ve uygulama alan\u0131nda, topluma ve i\u015f d\u00fcnyas\u0131na y\u00f6n veren, mimarl\u0131k ve [&hellip;]","og_url":"http:\/\/ticaret.edu.tr\/mimarlik-ve-tasarim-fakultesi\/vizyon-misyon\/","og_site_name":"Mimarl\u0131k ve Tasar\u0131m Fak\u00fcltesi","article_publisher":"https:\/\/www.facebook.com\/ticaretedutr","article_modified_time":"2025-12-23T05:44:02+00:00","og_image":[{"width":1250,"height":833,"url":"http:\/\/ticaret.edu.tr\/mimarlik-ve-tasarim-fakultesi\/wp-content\/uploads\/sites\/6\/2021\/11\/web_logo-01.jpg","type":"image\/jpeg"}],"twitter_card":"summary_large_image","twitter_site":"@ticaretedutr","twitter_misc":{"Tahmini okuma s\u00fcresi":"1 dakika"},"schema":{"@context":"https:\/\/schema.org","@graph":[{"@type":"WebPage","@id":"http:\/\/ticaret.edu.tr\/mimarlik-ve-tasarim-fakultesi\/vizyon-misyon\/","url":"http:\/\/ticaret.edu.tr\/mimarlik-ve-tasarim-fakultesi\/vizyon-misyon\/","name":"Vizyon - Misyon - Mimarl\u0131k ve Tasar\u0131m Fak\u00fcltesi","isPartOf":{"@id":"http:\/\/ticaret.edu.tr\/mimarlik-ve-tasarim-fakultesi\/#website"},"datePublished":"2024-05-22T10:54:59+00:00","dateModified":"2025-12-23T05:44:02+00:00","breadcrumb":{"@id":"http:\/\/ticaret.edu.tr\/mimarlik-ve-tasarim-fakultesi\/vizyon-misyon\/#breadcrumb"},"inLanguage":"tr","potentialAction":[{"@type":"ReadAction","target":["http:\/\/ticaret.edu.tr\/mimarlik-ve-tasarim-fakultesi\/vizyon-misyon\/"]}]},{"@type":"BreadcrumbList","@id":"http:\/\/ticaret.edu.tr\/mimarlik-ve-tasarim-fakultesi\/vizyon-misyon\/#breadcrumb","itemListElement":[{"@type":"ListItem","position":1,"name":"Ana sayfa","item":"http:\/\/ticaret.edu.tr\/mimarlik-ve-tasarim-fakultesi\/"},{"@type":"ListItem","position":2,"name":"Vizyon &#8211; Misyon"}]},{"@type":"WebSite","@id":"http:\/\/ticaret.edu.tr\/mimarlik-ve-tasarim-fakultesi\/#website","url":"http:\/\/ticaret.edu.tr\/mimarlik-ve-tasarim-fakultesi\/","name":"Mimarl\u0131k ve Tasar\u0131m Fak\u00fcltesi","description":"","potentialAction":[{"@type":"SearchAction","target":{"@type":"EntryPoint","urlTemplate":"http:\/\/ticaret.edu.tr\/mimarlik-ve-tasarim-fakultesi\/?s={search_term_string}"},"query-input":"required name=search_term_string"}],"inLanguage":"tr"}]}},"lang":"tr","translations":{"tr":515,"en":490},"pll_sync_post":[],"_links":{"self":[{"href":"http:\/\/ticaret.edu.tr\/mimarlik-ve-tasarim-fakultesi\/wp-json\/wp\/v2\/pages\/515"}],"collection":[{"href":"http:\/\/ticaret.edu.tr\/mimarlik-ve-tasarim-fakultesi\/wp-json\/wp\/v2\/pages"}],"about":[{"href":"http:\/\/ticaret.edu.tr\/mimarlik-ve-tasarim-fakultesi\/wp-json\/wp\/v2\/types\/page"}],"author":[{"embeddable":true,"href":"http:\/\/ticaret.edu.tr\/mimarlik-ve-tasarim-fakultesi\/wp-json\/wp\/v2\/users\/67"}],"replies":[{"embeddable":true,"href":"http:\/\/ticaret.edu.tr\/mimarlik-ve-tasarim-fakultesi\/wp-json\/wp\/v2\/comments?post=515"}],"version-history":[{"count":6,"href":"http:\/\/ticaret.edu.tr\/mimarlik-ve-tasarim-fakultesi\/wp-json\/wp\/v2\/pages\/515\/revisions"}],"predecessor-version":[{"id":842,"href":"http:\/\/ticaret.edu.tr\/mimarlik-ve-tasarim-fakultesi\/wp-json\/wp\/v2\/pages\/515\/revisions\/842"}],"wp:attachment":[{"href":"http:\/\/ticaret.edu.tr\/mimarlik-ve-tasarim-fakultesi\/wp-json\/wp\/v2\/media?parent=515"}],"curies":[{"name":"wp","href":"https:\/\/api.w.org\/{rel}","templated":true}]}}