{"id":519,"date":"2024-05-22T13:55:02","date_gmt":"2024-05-22T10:55:02","guid":{"rendered":"https:\/\/ticaret.edu.tr\/mimarlik-ve-tasarim-fakultesi\/?page_id=519"},"modified":"2025-12-22T11:07:58","modified_gmt":"2025-12-22T08:07:58","slug":"birim-kalite-elcileri","status":"publish","type":"page","link":"http:\/\/ticaret.edu.tr\/mimarlik-ve-tasarim-fakultesi\/birim-kalite-elcileri\/","title":{"rendered":"B\u0130R\u0130M KAL\u0130TE EL\u00c7\u0130LER\u0130"},"content":{"rendered":"<table>\n<tbody>\n<tr>\n<td>B\u0130R\u0130M KAL\u0130TE EL\u00c7\u0130LER\u0130<\/td>\n<td><\/td>\n<\/tr>\n<tr>\n<td>Mimarl\u0131k ve Tasar\u0131m Fak\u00fcltesi Kalite El\u00e7isi<\/td>\n<td>Do\u00e7. Dr. \u00dcyesi Leyla SUR\u0130<\/td>\n<\/tr>\n<tr>\n<td>Mimarl\u0131k B\u00f6l\u00fcm\u00fc Kalite El\u00e7isi<\/td>\n<td>Ar\u015f. G\u00f6r. Gizem \u00d6ZT\u00dcRK<\/td>\n<\/tr>\n<tr>\n<td>\u0130\u00e7 Mimarl\u0131k ve \u00c7evre Tasar\u0131m\u0131 B\u00f6l\u00fcm\u00fc Kalite El\u00e7isi<\/td>\n<td>Ar\u015f. G\u00f6r. Damla HOCAO\u011eLU T\u00dcRK<\/td>\n<\/tr>\n<tr>\n<td>End\u00fcstriyel Tasar\u0131m B\u00f6l\u00fcm\u00fc Kalite El\u00e7isi<\/td>\n<td>Ar\u015f. G\u00f6r. Elif \u0130LBAY<\/td>\n<\/tr>\n<tr>\n<td>Tekstil ve Moda Tasar\u0131m\u0131 B\u00f6l\u00fcm\u00fc Kalite El\u00e7isi<\/td>\n<td>Ar\u015f.G\u00f6r. \u015eule Nur ALACATLI<\/td>\n<\/tr>\n<\/tbody>\n<\/table>\n<p>&nbsp;<\/p>\n","protected":false},"excerpt":{"rendered":"<p>B\u0130R\u0130M KAL\u0130TE EL\u00c7\u0130LER\u0130 Mimarl\u0131k ve Tasar\u0131m Fak\u00fcltesi Kalite El\u00e7isi Do\u00e7. Dr. \u00dcyesi Leyla SUR\u0130 Mimarl\u0131k B\u00f6l\u00fcm\u00fc Kalite El\u00e7isi Ar\u015f. G\u00f6r. Gizem \u00d6ZT\u00dcRK \u0130\u00e7 Mimarl\u0131k ve \u00c7evre Tasar\u0131m\u0131 B\u00f6l\u00fcm\u00fc Kalite El\u00e7isi Ar\u015f. G\u00f6r. Damla HOCAO\u011eLU T\u00dcRK End\u00fcstriyel Tasar\u0131m B\u00f6l\u00fcm\u00fc Kalite El\u00e7isi Ar\u015f. G\u00f6r. Elif \u0130LBAY Tekstil ve Moda Tasar\u0131m\u0131 B\u00f6l\u00fcm\u00fc Kalite El\u00e7isi Ar\u015f.G\u00f6r. \u015eule Nur ALACATLI [&hellip;]<\/p>\n","protected":false},"author":67,"featured_media":0,"parent":0,"menu_order":0,"comment_status":"closed","ping_status":"closed","template":"genel_sayfa.php","meta":{"footnotes":""},"yoast_head":"<!-- This site is optimized with the Yoast SEO Premium plugin v22.1 (Yoast SEO v22.1) - https:\/\/yoast.com\/wordpress\/plugins\/seo\/ -->\n<title>B\u0130R\u0130M KAL\u0130TE EL\u00c7\u0130LER\u0130 - Mimarl\u0131k ve Tasar\u0131m Fak\u00fcltesi<\/title>\n<meta name=\"robots\" content=\"index, follow, max-snippet:-1, max-image-preview:large, max-video-preview:-1\" \/>\n<link rel=\"canonical\" href=\"http:\/\/ticaret.edu.tr\/mimarlik-ve-tasarim-fakultesi\/birim-kalite-elcileri\/\" \/>\n<meta property=\"og:locale\" content=\"tr_TR\" \/>\n<meta property=\"og:type\" content=\"article\" \/>\n<meta property=\"og:title\" content=\"B\u0130R\u0130M KAL\u0130TE EL\u00c7\u0130LER\u0130\" \/>\n<meta property=\"og:description\" content=\"B\u0130R\u0130M KAL\u0130TE EL\u00c7\u0130LER\u0130 Mimarl\u0131k ve Tasar\u0131m Fak\u00fcltesi Kalite El\u00e7isi Do\u00e7. Dr. \u00dcyesi Leyla SUR\u0130 Mimarl\u0131k B\u00f6l\u00fcm\u00fc Kalite El\u00e7isi Ar\u015f. G\u00f6r. Gizem \u00d6ZT\u00dcRK \u0130\u00e7 Mimarl\u0131k ve \u00c7evre Tasar\u0131m\u0131 B\u00f6l\u00fcm\u00fc Kalite El\u00e7isi Ar\u015f. G\u00f6r. Damla HOCAO\u011eLU T\u00dcRK End\u00fcstriyel Tasar\u0131m B\u00f6l\u00fcm\u00fc Kalite El\u00e7isi Ar\u015f. G\u00f6r. Elif \u0130LBAY Tekstil ve Moda Tasar\u0131m\u0131 B\u00f6l\u00fcm\u00fc Kalite El\u00e7isi Ar\u015f.G\u00f6r. \u015eule Nur ALACATLI [&hellip;]\" \/>\n<meta property=\"og:url\" content=\"http:\/\/ticaret.edu.tr\/mimarlik-ve-tasarim-fakultesi\/birim-kalite-elcileri\/\" \/>\n<meta property=\"og:site_name\" content=\"Mimarl\u0131k ve Tasar\u0131m Fak\u00fcltesi\" \/>\n<meta property=\"article:publisher\" content=\"https:\/\/www.facebook.com\/ticaretedutr\" \/>\n<meta property=\"article:modified_time\" content=\"2025-12-22T08:07:58+00:00\" \/>\n<meta property=\"og:image\" content=\"http:\/\/ticaret.edu.tr\/mimarlik-ve-tasarim-fakultesi\/wp-content\/uploads\/sites\/6\/2021\/11\/web_logo-01.jpg\" \/>\n\t<meta property=\"og:image:width\" content=\"1250\" \/>\n\t<meta property=\"og:image:height\" content=\"833\" \/>\n\t<meta property=\"og:image:type\" content=\"image\/jpeg\" \/>\n<meta name=\"twitter:card\" content=\"summary_large_image\" \/>\n<meta name=\"twitter:site\" content=\"@ticaretedutr\" \/>\n<meta name=\"twitter:label1\" content=\"Tahmini okuma s\u00fcresi\" \/>\n\t<meta name=\"twitter:data1\" content=\"1 dakika\" \/>\n<script type=\"application\/ld+json\" class=\"yoast-schema-graph\">{\"@context\":\"https:\/\/schema.org\",\"@graph\":[{\"@type\":\"WebPage\",\"@id\":\"http:\/\/ticaret.edu.tr\/mimarlik-ve-tasarim-fakultesi\/birim-kalite-elcileri\/\",\"url\":\"http:\/\/ticaret.edu.tr\/mimarlik-ve-tasarim-fakultesi\/birim-kalite-elcileri\/\",\"name\":\"B\u0130R\u0130M KAL\u0130TE EL\u00c7\u0130LER\u0130 - Mimarl\u0131k ve Tasar\u0131m Fak\u00fcltesi\",\"isPartOf\":{\"@id\":\"http:\/\/ticaret.edu.tr\/mimarlik-ve-tasarim-fakultesi\/#website\"},\"datePublished\":\"2024-05-22T10:55:02+00:00\",\"dateModified\":\"2025-12-22T08:07:58+00:00\",\"breadcrumb\":{\"@id\":\"http:\/\/ticaret.edu.tr\/mimarlik-ve-tasarim-fakultesi\/birim-kalite-elcileri\/#breadcrumb\"},\"inLanguage\":\"tr\",\"potentialAction\":[{\"@type\":\"ReadAction\",\"target\":[\"http:\/\/ticaret.edu.tr\/mimarlik-ve-tasarim-fakultesi\/birim-kalite-elcileri\/\"]}]},{\"@type\":\"BreadcrumbList\",\"@id\":\"http:\/\/ticaret.edu.tr\/mimarlik-ve-tasarim-fakultesi\/birim-kalite-elcileri\/#breadcrumb\",\"itemListElement\":[{\"@type\":\"ListItem\",\"position\":1,\"name\":\"Ana sayfa\",\"item\":\"http:\/\/ticaret.edu.tr\/mimarlik-ve-tasarim-fakultesi\/\"},{\"@type\":\"ListItem\",\"position\":2,\"name\":\"B\u0130R\u0130M KAL\u0130TE EL\u00c7\u0130LER\u0130\"}]},{\"@type\":\"WebSite\",\"@id\":\"http:\/\/ticaret.edu.tr\/mimarlik-ve-tasarim-fakultesi\/#website\",\"url\":\"http:\/\/ticaret.edu.tr\/mimarlik-ve-tasarim-fakultesi\/\",\"name\":\"Mimarl\u0131k ve Tasar\u0131m Fak\u00fcltesi\",\"description\":\"\",\"potentialAction\":[{\"@type\":\"SearchAction\",\"target\":{\"@type\":\"EntryPoint\",\"urlTemplate\":\"http:\/\/ticaret.edu.tr\/mimarlik-ve-tasarim-fakultesi\/?s={search_term_string}\"},\"query-input\":\"required name=search_term_string\"}],\"inLanguage\":\"tr\"}]}<\/script>\n<!-- \/ Yoast SEO Premium plugin. -->","yoast_head_json":{"title":"B\u0130R\u0130M KAL\u0130TE EL\u00c7\u0130LER\u0130 - Mimarl\u0131k ve Tasar\u0131m Fak\u00fcltesi","robots":{"index":"index","follow":"follow","max-snippet":"max-snippet:-1","max-image-preview":"max-image-preview:large","max-video-preview":"max-video-preview:-1"},"canonical":"http:\/\/ticaret.edu.tr\/mimarlik-ve-tasarim-fakultesi\/birim-kalite-elcileri\/","og_locale":"tr_TR","og_type":"article","og_title":"B\u0130R\u0130M KAL\u0130TE EL\u00c7\u0130LER\u0130","og_description":"B\u0130R\u0130M KAL\u0130TE EL\u00c7\u0130LER\u0130 Mimarl\u0131k ve Tasar\u0131m Fak\u00fcltesi Kalite El\u00e7isi Do\u00e7. Dr. \u00dcyesi Leyla SUR\u0130 Mimarl\u0131k B\u00f6l\u00fcm\u00fc Kalite El\u00e7isi Ar\u015f. G\u00f6r. Gizem \u00d6ZT\u00dcRK \u0130\u00e7 Mimarl\u0131k ve \u00c7evre Tasar\u0131m\u0131 B\u00f6l\u00fcm\u00fc Kalite El\u00e7isi Ar\u015f. G\u00f6r. Damla HOCAO\u011eLU T\u00dcRK End\u00fcstriyel Tasar\u0131m B\u00f6l\u00fcm\u00fc Kalite El\u00e7isi Ar\u015f. G\u00f6r. Elif \u0130LBAY Tekstil ve Moda Tasar\u0131m\u0131 B\u00f6l\u00fcm\u00fc Kalite El\u00e7isi Ar\u015f.G\u00f6r. \u015eule Nur ALACATLI [&hellip;]","og_url":"http:\/\/ticaret.edu.tr\/mimarlik-ve-tasarim-fakultesi\/birim-kalite-elcileri\/","og_site_name":"Mimarl\u0131k ve Tasar\u0131m Fak\u00fcltesi","article_publisher":"https:\/\/www.facebook.com\/ticaretedutr","article_modified_time":"2025-12-22T08:07:58+00:00","og_image":[{"width":1250,"height":833,"url":"http:\/\/ticaret.edu.tr\/mimarlik-ve-tasarim-fakultesi\/wp-content\/uploads\/sites\/6\/2021\/11\/web_logo-01.jpg","type":"image\/jpeg"}],"twitter_card":"summary_large_image","twitter_site":"@ticaretedutr","twitter_misc":{"Tahmini okuma s\u00fcresi":"1 dakika"},"schema":{"@context":"https:\/\/schema.org","@graph":[{"@type":"WebPage","@id":"http:\/\/ticaret.edu.tr\/mimarlik-ve-tasarim-fakultesi\/birim-kalite-elcileri\/","url":"http:\/\/ticaret.edu.tr\/mimarlik-ve-tasarim-fakultesi\/birim-kalite-elcileri\/","name":"B\u0130R\u0130M KAL\u0130TE EL\u00c7\u0130LER\u0130 - Mimarl\u0131k ve Tasar\u0131m Fak\u00fcltesi","isPartOf":{"@id":"http:\/\/ticaret.edu.tr\/mimarlik-ve-tasarim-fakultesi\/#website"},"datePublished":"2024-05-22T10:55:02+00:00","dateModified":"2025-12-22T08:07:58+00:00","breadcrumb":{"@id":"http:\/\/ticaret.edu.tr\/mimarlik-ve-tasarim-fakultesi\/birim-kalite-elcileri\/#breadcrumb"},"inLanguage":"tr","potentialAction":[{"@type":"ReadAction","target":["http:\/\/ticaret.edu.tr\/mimarlik-ve-tasarim-fakultesi\/birim-kalite-elcileri\/"]}]},{"@type":"BreadcrumbList","@id":"http:\/\/ticaret.edu.tr\/mimarlik-ve-tasarim-fakultesi\/birim-kalite-elcileri\/#breadcrumb","itemListElement":[{"@type":"ListItem","position":1,"name":"Ana sayfa","item":"http:\/\/ticaret.edu.tr\/mimarlik-ve-tasarim-fakultesi\/"},{"@type":"ListItem","position":2,"name":"B\u0130R\u0130M KAL\u0130TE EL\u00c7\u0130LER\u0130"}]},{"@type":"WebSite","@id":"http:\/\/ticaret.edu.tr\/mimarlik-ve-tasarim-fakultesi\/#website","url":"http:\/\/ticaret.edu.tr\/mimarlik-ve-tasarim-fakultesi\/","name":"Mimarl\u0131k ve Tasar\u0131m Fak\u00fcltesi","description":"","potentialAction":[{"@type":"SearchAction","target":{"@type":"EntryPoint","urlTemplate":"http:\/\/ticaret.edu.tr\/mimarlik-ve-tasarim-fakultesi\/?s={search_term_string}"},"query-input":"required name=search_term_string"}],"inLanguage":"tr"}]}},"lang":"tr","translations":{"en":691,"tr":519},"pll_sync_post":[],"_links":{"self":[{"href":"http:\/\/ticaret.edu.tr\/mimarlik-ve-tasarim-fakultesi\/wp-json\/wp\/v2\/pages\/519"}],"collection":[{"href":"http:\/\/ticaret.edu.tr\/mimarlik-ve-tasarim-fakultesi\/wp-json\/wp\/v2\/pages"}],"about":[{"href":"http:\/\/ticaret.edu.tr\/mimarlik-ve-tasarim-fakultesi\/wp-json\/wp\/v2\/types\/page"}],"author":[{"embeddable":true,"href":"http:\/\/ticaret.edu.tr\/mimarlik-ve-tasarim-fakultesi\/wp-json\/wp\/v2\/users\/67"}],"replies":[{"embeddable":true,"href":"http:\/\/ticaret.edu.tr\/mimarlik-ve-tasarim-fakultesi\/wp-json\/wp\/v2\/comments?post=519"}],"version-history":[{"count":6,"href":"http:\/\/ticaret.edu.tr\/mimarlik-ve-tasarim-fakultesi\/wp-json\/wp\/v2\/pages\/519\/revisions"}],"predecessor-version":[{"id":889,"href":"http:\/\/ticaret.edu.tr\/mimarlik-ve-tasarim-fakultesi\/wp-json\/wp\/v2\/pages\/519\/revisions\/889"}],"wp:attachment":[{"href":"http:\/\/ticaret.edu.tr\/mimarlik-ve-tasarim-fakultesi\/wp-json\/wp\/v2\/media?parent=519"}],"curies":[{"name":"wp","href":"https:\/\/api.w.org\/{rel}","templated":true}]}}