{"id":642,"date":"2025-02-12T16:20:31","date_gmt":"2025-02-12T13:20:31","guid":{"rendered":"https:\/\/ticaret.edu.tr\/mimarlik-ve-tasarim-fakultesi\/?page_id=642"},"modified":"2026-03-27T14:38:27","modified_gmt":"2026-03-27T11:38:27","slug":"fakulte-yonetim-kurulu","status":"publish","type":"page","link":"http:\/\/ticaret.edu.tr\/mimarlik-ve-tasarim-fakultesi\/fakulte-yonetim-kurulu\/","title":{"rendered":"Fak\u00fclte Y\u00f6netim Kurulu"},"content":{"rendered":"<table width=\"656\">\n<tbody>\n<tr>\n<td colspan=\"2\" width=\"656\">FAK\u00dcLTE Y\u00d6NET\u0130M KURULU \u00dcYELER<\/td>\n<\/tr>\n<tr>\n<td>Prof. Dr. Berk AYVAZ<\/td>\n<td>Dekan V.<\/td>\n<\/tr>\n<tr>\n<td>Prof. Dr. Nigar MERDAN<\/td>\n<td>\u00dcye<\/td>\n<\/tr>\n<tr>\n<td>Prof. Dr. Sadettin AKSOY<\/td>\n<td>\u00dcye<\/td>\n<\/tr>\n<tr>\n<td>Prof. Dr. \u0130dris O\u011eURLU<\/td>\n<td>\u00dcye<\/td>\n<\/tr>\n<tr>\n<td>Do\u00e7. Irmak BAYBURTLU \u00c7ET\u0130NSOY<\/td>\n<td>\u00dcye<\/td>\n<\/tr>\n<tr>\n<td>Do\u00e7. Dr. Leyla SUR\u0130<\/td>\n<td>\u00dcye<\/td>\n<\/tr>\n<tr>\n<td>Dr. \u00d6\u011fr. \u00dcyesi M. Tuba BOSTANCI BASKAN<\/td>\n<td>\u00dcye<\/td>\n<\/tr>\n<\/tbody>\n<\/table>\n","protected":false},"excerpt":{"rendered":"<p>FAK\u00dcLTE Y\u00d6NET\u0130M KURULU \u00dcYELER Prof. Dr. Berk AYVAZ Dekan V. Prof. Dr. Nigar MERDAN \u00dcye Prof. Dr. Sadettin AKSOY \u00dcye Prof. Dr. \u0130dris O\u011eURLU \u00dcye Do\u00e7. Irmak BAYBURTLU \u00c7ET\u0130NSOY \u00dcye Do\u00e7. Dr. Leyla SUR\u0130 \u00dcye Dr. \u00d6\u011fr. \u00dcyesi M. Tuba BOSTANCI BASKAN \u00dcye<\/p>\n","protected":false},"author":228,"featured_media":0,"parent":0,"menu_order":0,"comment_status":"closed","ping_status":"closed","template":"genel_sayfa.php","meta":{"footnotes":""},"yoast_head":"<!-- This site is optimized with the Yoast SEO Premium plugin v22.1 (Yoast SEO v22.1) - https:\/\/yoast.com\/wordpress\/plugins\/seo\/ -->\n<title>Fak\u00fclte Y\u00f6netim Kurulu - Mimarl\u0131k ve Tasar\u0131m Fak\u00fcltesi<\/title>\n<meta name=\"robots\" content=\"index, follow, max-snippet:-1, max-image-preview:large, max-video-preview:-1\" \/>\n<link rel=\"canonical\" href=\"http:\/\/ticaret.edu.tr\/mimarlik-ve-tasarim-fakultesi\/fakulte-yonetim-kurulu\/\" \/>\n<meta property=\"og:locale\" content=\"tr_TR\" \/>\n<meta property=\"og:type\" content=\"article\" \/>\n<meta property=\"og:title\" content=\"Fak\u00fclte Y\u00f6netim Kurulu\" \/>\n<meta property=\"og:description\" content=\"FAK\u00dcLTE Y\u00d6NET\u0130M KURULU \u00dcYELER Prof. Dr. Berk AYVAZ Dekan V. Prof. Dr. Nigar MERDAN \u00dcye Prof. Dr. Sadettin AKSOY \u00dcye Prof. Dr. \u0130dris O\u011eURLU \u00dcye Do\u00e7. Irmak BAYBURTLU \u00c7ET\u0130NSOY \u00dcye Do\u00e7. Dr. Leyla SUR\u0130 \u00dcye Dr. \u00d6\u011fr. \u00dcyesi M. Tuba BOSTANCI BASKAN \u00dcye\" \/>\n<meta property=\"og:url\" content=\"http:\/\/ticaret.edu.tr\/mimarlik-ve-tasarim-fakultesi\/fakulte-yonetim-kurulu\/\" \/>\n<meta property=\"og:site_name\" content=\"Mimarl\u0131k ve Tasar\u0131m Fak\u00fcltesi\" \/>\n<meta property=\"article:publisher\" content=\"https:\/\/www.facebook.com\/ticaretedutr\" \/>\n<meta property=\"article:modified_time\" content=\"2026-03-27T11:38:27+00:00\" \/>\n<meta property=\"og:image\" content=\"http:\/\/ticaret.edu.tr\/mimarlik-ve-tasarim-fakultesi\/wp-content\/uploads\/sites\/6\/2021\/11\/web_logo-01.jpg\" \/>\n\t<meta property=\"og:image:width\" content=\"1250\" \/>\n\t<meta property=\"og:image:height\" content=\"833\" \/>\n\t<meta property=\"og:image:type\" content=\"image\/jpeg\" \/>\n<meta name=\"twitter:card\" content=\"summary_large_image\" \/>\n<meta name=\"twitter:site\" content=\"@ticaretedutr\" \/>\n<meta name=\"twitter:label1\" content=\"Tahmini okuma s\u00fcresi\" \/>\n\t<meta name=\"twitter:data1\" content=\"1 dakika\" \/>\n<script type=\"application\/ld+json\" class=\"yoast-schema-graph\">{\"@context\":\"https:\/\/schema.org\",\"@graph\":[{\"@type\":\"WebPage\",\"@id\":\"http:\/\/ticaret.edu.tr\/mimarlik-ve-tasarim-fakultesi\/fakulte-yonetim-kurulu\/\",\"url\":\"http:\/\/ticaret.edu.tr\/mimarlik-ve-tasarim-fakultesi\/fakulte-yonetim-kurulu\/\",\"name\":\"Fak\u00fclte Y\u00f6netim Kurulu - Mimarl\u0131k ve Tasar\u0131m Fak\u00fcltesi\",\"isPartOf\":{\"@id\":\"http:\/\/ticaret.edu.tr\/mimarlik-ve-tasarim-fakultesi\/#website\"},\"datePublished\":\"2025-02-12T13:20:31+00:00\",\"dateModified\":\"2026-03-27T11:38:27+00:00\",\"breadcrumb\":{\"@id\":\"http:\/\/ticaret.edu.tr\/mimarlik-ve-tasarim-fakultesi\/fakulte-yonetim-kurulu\/#breadcrumb\"},\"inLanguage\":\"tr\",\"potentialAction\":[{\"@type\":\"ReadAction\",\"target\":[\"http:\/\/ticaret.edu.tr\/mimarlik-ve-tasarim-fakultesi\/fakulte-yonetim-kurulu\/\"]}]},{\"@type\":\"BreadcrumbList\",\"@id\":\"http:\/\/ticaret.edu.tr\/mimarlik-ve-tasarim-fakultesi\/fakulte-yonetim-kurulu\/#breadcrumb\",\"itemListElement\":[{\"@type\":\"ListItem\",\"position\":1,\"name\":\"Ana sayfa\",\"item\":\"http:\/\/ticaret.edu.tr\/mimarlik-ve-tasarim-fakultesi\/\"},{\"@type\":\"ListItem\",\"position\":2,\"name\":\"Fak\u00fclte Y\u00f6netim Kurulu\"}]},{\"@type\":\"WebSite\",\"@id\":\"http:\/\/ticaret.edu.tr\/mimarlik-ve-tasarim-fakultesi\/#website\",\"url\":\"http:\/\/ticaret.edu.tr\/mimarlik-ve-tasarim-fakultesi\/\",\"name\":\"Mimarl\u0131k ve Tasar\u0131m Fak\u00fcltesi\",\"description\":\"\",\"potentialAction\":[{\"@type\":\"SearchAction\",\"target\":{\"@type\":\"EntryPoint\",\"urlTemplate\":\"http:\/\/ticaret.edu.tr\/mimarlik-ve-tasarim-fakultesi\/?s={search_term_string}\"},\"query-input\":\"required name=search_term_string\"}],\"inLanguage\":\"tr\"}]}<\/script>\n<!-- \/ Yoast SEO Premium plugin. -->","yoast_head_json":{"title":"Fak\u00fclte Y\u00f6netim Kurulu - Mimarl\u0131k ve Tasar\u0131m Fak\u00fcltesi","robots":{"index":"index","follow":"follow","max-snippet":"max-snippet:-1","max-image-preview":"max-image-preview:large","max-video-preview":"max-video-preview:-1"},"canonical":"http:\/\/ticaret.edu.tr\/mimarlik-ve-tasarim-fakultesi\/fakulte-yonetim-kurulu\/","og_locale":"tr_TR","og_type":"article","og_title":"Fak\u00fclte Y\u00f6netim Kurulu","og_description":"FAK\u00dcLTE Y\u00d6NET\u0130M KURULU \u00dcYELER Prof. Dr. Berk AYVAZ Dekan V. Prof. Dr. Nigar MERDAN \u00dcye Prof. Dr. Sadettin AKSOY \u00dcye Prof. Dr. \u0130dris O\u011eURLU \u00dcye Do\u00e7. Irmak BAYBURTLU \u00c7ET\u0130NSOY \u00dcye Do\u00e7. Dr. Leyla SUR\u0130 \u00dcye Dr. \u00d6\u011fr. \u00dcyesi M. Tuba BOSTANCI BASKAN \u00dcye","og_url":"http:\/\/ticaret.edu.tr\/mimarlik-ve-tasarim-fakultesi\/fakulte-yonetim-kurulu\/","og_site_name":"Mimarl\u0131k ve Tasar\u0131m Fak\u00fcltesi","article_publisher":"https:\/\/www.facebook.com\/ticaretedutr","article_modified_time":"2026-03-27T11:38:27+00:00","og_image":[{"width":1250,"height":833,"url":"http:\/\/ticaret.edu.tr\/mimarlik-ve-tasarim-fakultesi\/wp-content\/uploads\/sites\/6\/2021\/11\/web_logo-01.jpg","type":"image\/jpeg"}],"twitter_card":"summary_large_image","twitter_site":"@ticaretedutr","twitter_misc":{"Tahmini okuma s\u00fcresi":"1 dakika"},"schema":{"@context":"https:\/\/schema.org","@graph":[{"@type":"WebPage","@id":"http:\/\/ticaret.edu.tr\/mimarlik-ve-tasarim-fakultesi\/fakulte-yonetim-kurulu\/","url":"http:\/\/ticaret.edu.tr\/mimarlik-ve-tasarim-fakultesi\/fakulte-yonetim-kurulu\/","name":"Fak\u00fclte Y\u00f6netim Kurulu - Mimarl\u0131k ve Tasar\u0131m Fak\u00fcltesi","isPartOf":{"@id":"http:\/\/ticaret.edu.tr\/mimarlik-ve-tasarim-fakultesi\/#website"},"datePublished":"2025-02-12T13:20:31+00:00","dateModified":"2026-03-27T11:38:27+00:00","breadcrumb":{"@id":"http:\/\/ticaret.edu.tr\/mimarlik-ve-tasarim-fakultesi\/fakulte-yonetim-kurulu\/#breadcrumb"},"inLanguage":"tr","potentialAction":[{"@type":"ReadAction","target":["http:\/\/ticaret.edu.tr\/mimarlik-ve-tasarim-fakultesi\/fakulte-yonetim-kurulu\/"]}]},{"@type":"BreadcrumbList","@id":"http:\/\/ticaret.edu.tr\/mimarlik-ve-tasarim-fakultesi\/fakulte-yonetim-kurulu\/#breadcrumb","itemListElement":[{"@type":"ListItem","position":1,"name":"Ana sayfa","item":"http:\/\/ticaret.edu.tr\/mimarlik-ve-tasarim-fakultesi\/"},{"@type":"ListItem","position":2,"name":"Fak\u00fclte Y\u00f6netim Kurulu"}]},{"@type":"WebSite","@id":"http:\/\/ticaret.edu.tr\/mimarlik-ve-tasarim-fakultesi\/#website","url":"http:\/\/ticaret.edu.tr\/mimarlik-ve-tasarim-fakultesi\/","name":"Mimarl\u0131k ve Tasar\u0131m Fak\u00fcltesi","description":"","potentialAction":[{"@type":"SearchAction","target":{"@type":"EntryPoint","urlTemplate":"http:\/\/ticaret.edu.tr\/mimarlik-ve-tasarim-fakultesi\/?s={search_term_string}"},"query-input":"required name=search_term_string"}],"inLanguage":"tr"}]}},"lang":"tr","translations":{"en":644,"tr":642},"pll_sync_post":[],"_links":{"self":[{"href":"http:\/\/ticaret.edu.tr\/mimarlik-ve-tasarim-fakultesi\/wp-json\/wp\/v2\/pages\/642"}],"collection":[{"href":"http:\/\/ticaret.edu.tr\/mimarlik-ve-tasarim-fakultesi\/wp-json\/wp\/v2\/pages"}],"about":[{"href":"http:\/\/ticaret.edu.tr\/mimarlik-ve-tasarim-fakultesi\/wp-json\/wp\/v2\/types\/page"}],"author":[{"embeddable":true,"href":"http:\/\/ticaret.edu.tr\/mimarlik-ve-tasarim-fakultesi\/wp-json\/wp\/v2\/users\/228"}],"replies":[{"embeddable":true,"href":"http:\/\/ticaret.edu.tr\/mimarlik-ve-tasarim-fakultesi\/wp-json\/wp\/v2\/comments?post=642"}],"version-history":[{"count":3,"href":"http:\/\/ticaret.edu.tr\/mimarlik-ve-tasarim-fakultesi\/wp-json\/wp\/v2\/pages\/642\/revisions"}],"predecessor-version":[{"id":822,"href":"http:\/\/ticaret.edu.tr\/mimarlik-ve-tasarim-fakultesi\/wp-json\/wp\/v2\/pages\/642\/revisions\/822"}],"wp:attachment":[{"href":"http:\/\/ticaret.edu.tr\/mimarlik-ve-tasarim-fakultesi\/wp-json\/wp\/v2\/media?parent=642"}],"curies":[{"name":"wp","href":"https:\/\/api.w.org\/{rel}","templated":true}]}}