{"id":644,"date":"2025-02-12T16:20:45","date_gmt":"2025-02-12T13:20:45","guid":{"rendered":"https:\/\/ticaret.edu.tr\/mimarlik-ve-tasarim-fakultesi\/?page_id=644"},"modified":"2025-10-17T18:14:45","modified_gmt":"2025-10-17T15:14:45","slug":"faculty-executive-board","status":"publish","type":"page","link":"http:\/\/ticaret.edu.tr\/mimarlik-ve-tasarim-fakultesi\/en\/faculty-executive-board\/","title":{"rendered":"Faculty Executive Board"},"content":{"rendered":"<table width=\"656\">\n<tbody>\n<tr>\n<td colspan=\"2\" width=\"656\">FACULTY BOARD MEMBERS<\/td>\n<\/tr>\n<tr>\n<td>Prof. Dr. Berk AYVAZ<\/td>\n<td>Dean<\/td>\n<\/tr>\n<tr>\n<td>Prof. Dr. Nigar MERDAN<\/td>\n<td>Member<\/td>\n<\/tr>\n<tr>\n<td>Prof. Dr. Sadettin AKSOY<\/td>\n<td>Member<\/td>\n<\/tr>\n<tr>\n<td>Prof. Dr. \u0130dris O\u011eURLU<\/td>\n<td>Member<\/td>\n<\/tr>\n<tr>\n<td>Assoc. Prof. Dr.\u00a0Irmak BAYBURTLU \u00c7ET\u0130NSOY<\/td>\n<td>Member<\/td>\n<\/tr>\n<tr>\n<td>Assoc. Prof. Dr.Leyla SUR\u0130<\/td>\n<td>Member<\/td>\n<\/tr>\n<tr>\n<td>Dr. M. Tuba BOSTANCI BASKAN<\/td>\n<td>Member<\/td>\n<\/tr>\n<\/tbody>\n<\/table>\n","protected":false},"excerpt":{"rendered":"<p>FACULTY BOARD MEMBERS Prof. Dr. Berk AYVAZ Dean Prof. Dr. Nigar MERDAN Member Prof. Dr. Sadettin AKSOY Member Prof. Dr. \u0130dris O\u011eURLU Member Assoc. Prof. Dr.\u00a0Irmak BAYBURTLU \u00c7ET\u0130NSOY Member Assoc. Prof. Dr.Leyla SUR\u0130 Member Dr. M. Tuba BOSTANCI BASKAN Member<\/p>\n","protected":false},"author":228,"featured_media":0,"parent":0,"menu_order":0,"comment_status":"closed","ping_status":"closed","template":"genel_sayfa.php","meta":{"footnotes":""},"yoast_head":"<!-- This site is optimized with the Yoast SEO Premium plugin v22.1 (Yoast SEO v22.1) - https:\/\/yoast.com\/wordpress\/plugins\/seo\/ -->\n<title>Faculty Executive Board - Mimarl\u0131k ve Tasar\u0131m Fak\u00fcltesi<\/title>\n<meta name=\"robots\" content=\"index, follow, max-snippet:-1, max-image-preview:large, max-video-preview:-1\" \/>\n<link rel=\"canonical\" href=\"https:\/\/ticaret.edu.tr\/mimarlik-ve-tasarim-fakultesi\/en\/faculty-executive-board\/\" \/>\n<meta property=\"og:locale\" content=\"tr_TR\" \/>\n<meta property=\"og:type\" content=\"article\" \/>\n<meta property=\"og:title\" content=\"Faculty Executive Board\" \/>\n<meta property=\"og:description\" content=\"FACULTY BOARD MEMBERS Prof. Dr. Berk AYVAZ Dean Prof. Dr. Nigar MERDAN Member Prof. Dr. Sadettin AKSOY Member Prof. Dr. \u0130dris O\u011eURLU Member Assoc. Prof. Dr.\u00a0Irmak BAYBURTLU \u00c7ET\u0130NSOY Member Assoc. Prof. Dr.Leyla SUR\u0130 Member Dr. M. Tuba BOSTANCI BASKAN Member\" \/>\n<meta property=\"og:url\" content=\"https:\/\/ticaret.edu.tr\/mimarlik-ve-tasarim-fakultesi\/en\/faculty-executive-board\/\" \/>\n<meta property=\"og:site_name\" content=\"Mimarl\u0131k ve Tasar\u0131m Fak\u00fcltesi\" \/>\n<meta property=\"article:publisher\" content=\"https:\/\/www.facebook.com\/ticaretedutr\" \/>\n<meta property=\"article:modified_time\" content=\"2025-10-17T15:14:45+00:00\" \/>\n<meta property=\"og:image\" content=\"http:\/\/ticaret.edu.tr\/mimarlik-ve-tasarim-fakultesi\/wp-content\/uploads\/sites\/6\/2021\/11\/web_logo-01.jpg\" \/>\n\t<meta property=\"og:image:width\" content=\"1250\" \/>\n\t<meta property=\"og:image:height\" content=\"833\" \/>\n\t<meta property=\"og:image:type\" content=\"image\/jpeg\" \/>\n<meta name=\"twitter:card\" content=\"summary_large_image\" \/>\n<meta name=\"twitter:site\" content=\"@ticaretedutr\" \/>\n<meta name=\"twitter:label1\" content=\"Tahmini okuma s\u00fcresi\" \/>\n\t<meta name=\"twitter:data1\" content=\"1 dakika\" \/>\n<script type=\"application\/ld+json\" class=\"yoast-schema-graph\">{\"@context\":\"https:\/\/schema.org\",\"@graph\":[{\"@type\":\"WebPage\",\"@id\":\"https:\/\/ticaret.edu.tr\/mimarlik-ve-tasarim-fakultesi\/en\/faculty-executive-board\/\",\"url\":\"https:\/\/ticaret.edu.tr\/mimarlik-ve-tasarim-fakultesi\/en\/faculty-executive-board\/\",\"name\":\"Faculty Executive Board - Mimarl\u0131k ve Tasar\u0131m Fak\u00fcltesi\",\"isPartOf\":{\"@id\":\"https:\/\/ticaret.edu.tr\/mimarlik-ve-tasarim-fakultesi\/en\/#website\"},\"datePublished\":\"2025-02-12T13:20:45+00:00\",\"dateModified\":\"2025-10-17T15:14:45+00:00\",\"breadcrumb\":{\"@id\":\"https:\/\/ticaret.edu.tr\/mimarlik-ve-tasarim-fakultesi\/en\/faculty-executive-board\/#breadcrumb\"},\"inLanguage\":\"tr\",\"potentialAction\":[{\"@type\":\"ReadAction\",\"target\":[\"https:\/\/ticaret.edu.tr\/mimarlik-ve-tasarim-fakultesi\/en\/faculty-executive-board\/\"]}]},{\"@type\":\"BreadcrumbList\",\"@id\":\"https:\/\/ticaret.edu.tr\/mimarlik-ve-tasarim-fakultesi\/en\/faculty-executive-board\/#breadcrumb\",\"itemListElement\":[{\"@type\":\"ListItem\",\"position\":1,\"name\":\"Ana sayfa\",\"item\":\"https:\/\/ticaret.edu.tr\/mimarlik-ve-tasarim-fakultesi\/\"},{\"@type\":\"ListItem\",\"position\":2,\"name\":\"Faculty Executive Board\"}]},{\"@type\":\"WebSite\",\"@id\":\"https:\/\/ticaret.edu.tr\/mimarlik-ve-tasarim-fakultesi\/en\/#website\",\"url\":\"https:\/\/ticaret.edu.tr\/mimarlik-ve-tasarim-fakultesi\/en\/\",\"name\":\"Mimarl\u0131k ve Tasar\u0131m Fak\u00fcltesi\",\"description\":\"\",\"potentialAction\":[{\"@type\":\"SearchAction\",\"target\":{\"@type\":\"EntryPoint\",\"urlTemplate\":\"https:\/\/ticaret.edu.tr\/mimarlik-ve-tasarim-fakultesi\/en\/?s={search_term_string}\"},\"query-input\":\"required name=search_term_string\"}],\"inLanguage\":\"tr\"}]}<\/script>\n<!-- \/ Yoast SEO Premium plugin. -->","yoast_head_json":{"title":"Faculty Executive Board - Mimarl\u0131k ve Tasar\u0131m Fak\u00fcltesi","robots":{"index":"index","follow":"follow","max-snippet":"max-snippet:-1","max-image-preview":"max-image-preview:large","max-video-preview":"max-video-preview:-1"},"canonical":"https:\/\/ticaret.edu.tr\/mimarlik-ve-tasarim-fakultesi\/en\/faculty-executive-board\/","og_locale":"tr_TR","og_type":"article","og_title":"Faculty Executive Board","og_description":"FACULTY BOARD MEMBERS Prof. Dr. Berk AYVAZ Dean Prof. Dr. Nigar MERDAN Member Prof. Dr. Sadettin AKSOY Member Prof. Dr. \u0130dris O\u011eURLU Member Assoc. Prof. Dr.\u00a0Irmak BAYBURTLU \u00c7ET\u0130NSOY Member Assoc. Prof. Dr.Leyla SUR\u0130 Member Dr. M. Tuba BOSTANCI BASKAN Member","og_url":"https:\/\/ticaret.edu.tr\/mimarlik-ve-tasarim-fakultesi\/en\/faculty-executive-board\/","og_site_name":"Mimarl\u0131k ve Tasar\u0131m Fak\u00fcltesi","article_publisher":"https:\/\/www.facebook.com\/ticaretedutr","article_modified_time":"2025-10-17T15:14:45+00:00","og_image":[{"width":1250,"height":833,"url":"http:\/\/ticaret.edu.tr\/mimarlik-ve-tasarim-fakultesi\/wp-content\/uploads\/sites\/6\/2021\/11\/web_logo-01.jpg","type":"image\/jpeg"}],"twitter_card":"summary_large_image","twitter_site":"@ticaretedutr","twitter_misc":{"Tahmini okuma s\u00fcresi":"1 dakika"},"schema":{"@context":"https:\/\/schema.org","@graph":[{"@type":"WebPage","@id":"https:\/\/ticaret.edu.tr\/mimarlik-ve-tasarim-fakultesi\/en\/faculty-executive-board\/","url":"https:\/\/ticaret.edu.tr\/mimarlik-ve-tasarim-fakultesi\/en\/faculty-executive-board\/","name":"Faculty Executive Board - Mimarl\u0131k ve Tasar\u0131m Fak\u00fcltesi","isPartOf":{"@id":"https:\/\/ticaret.edu.tr\/mimarlik-ve-tasarim-fakultesi\/en\/#website"},"datePublished":"2025-02-12T13:20:45+00:00","dateModified":"2025-10-17T15:14:45+00:00","breadcrumb":{"@id":"https:\/\/ticaret.edu.tr\/mimarlik-ve-tasarim-fakultesi\/en\/faculty-executive-board\/#breadcrumb"},"inLanguage":"tr","potentialAction":[{"@type":"ReadAction","target":["https:\/\/ticaret.edu.tr\/mimarlik-ve-tasarim-fakultesi\/en\/faculty-executive-board\/"]}]},{"@type":"BreadcrumbList","@id":"https:\/\/ticaret.edu.tr\/mimarlik-ve-tasarim-fakultesi\/en\/faculty-executive-board\/#breadcrumb","itemListElement":[{"@type":"ListItem","position":1,"name":"Ana sayfa","item":"https:\/\/ticaret.edu.tr\/mimarlik-ve-tasarim-fakultesi\/"},{"@type":"ListItem","position":2,"name":"Faculty Executive Board"}]},{"@type":"WebSite","@id":"https:\/\/ticaret.edu.tr\/mimarlik-ve-tasarim-fakultesi\/en\/#website","url":"https:\/\/ticaret.edu.tr\/mimarlik-ve-tasarim-fakultesi\/en\/","name":"Mimarl\u0131k ve Tasar\u0131m Fak\u00fcltesi","description":"","potentialAction":[{"@type":"SearchAction","target":{"@type":"EntryPoint","urlTemplate":"https:\/\/ticaret.edu.tr\/mimarlik-ve-tasarim-fakultesi\/en\/?s={search_term_string}"},"query-input":"required name=search_term_string"}],"inLanguage":"tr"}]}},"lang":"en","translations":{"en":644,"tr":642},"pll_sync_post":[],"_links":{"self":[{"href":"http:\/\/ticaret.edu.tr\/mimarlik-ve-tasarim-fakultesi\/wp-json\/wp\/v2\/pages\/644"}],"collection":[{"href":"http:\/\/ticaret.edu.tr\/mimarlik-ve-tasarim-fakultesi\/wp-json\/wp\/v2\/pages"}],"about":[{"href":"http:\/\/ticaret.edu.tr\/mimarlik-ve-tasarim-fakultesi\/wp-json\/wp\/v2\/types\/page"}],"author":[{"embeddable":true,"href":"http:\/\/ticaret.edu.tr\/mimarlik-ve-tasarim-fakultesi\/wp-json\/wp\/v2\/users\/228"}],"replies":[{"embeddable":true,"href":"http:\/\/ticaret.edu.tr\/mimarlik-ve-tasarim-fakultesi\/wp-json\/wp\/v2\/comments?post=644"}],"version-history":[{"count":2,"href":"http:\/\/ticaret.edu.tr\/mimarlik-ve-tasarim-fakultesi\/wp-json\/wp\/v2\/pages\/644\/revisions"}],"predecessor-version":[{"id":840,"href":"http:\/\/ticaret.edu.tr\/mimarlik-ve-tasarim-fakultesi\/wp-json\/wp\/v2\/pages\/644\/revisions\/840"}],"wp:attachment":[{"href":"http:\/\/ticaret.edu.tr\/mimarlik-ve-tasarim-fakultesi\/wp-json\/wp\/v2\/media?parent=644"}],"curies":[{"name":"wp","href":"https:\/\/api.w.org\/{rel}","templated":true}]}}