{"id":657,"date":"2025-02-12T16:24:43","date_gmt":"2025-02-12T13:24:43","guid":{"rendered":"https:\/\/ticaret.edu.tr\/mimarlik-ve-tasarim-fakultesi\/?page_id=657"},"modified":"2025-12-22T20:17:59","modified_gmt":"2025-12-22T17:17:59","slug":"formlar","status":"publish","type":"page","link":"http:\/\/ticaret.edu.tr\/mimarlik-ve-tasarim-fakultesi\/formlar\/","title":{"rendered":"Formlar"},"content":{"rendered":"<p><a href=\"http:\/\/ticaret.edu.tr\/mimarlik-ve-tasarim-fakultesi\/wp-content\/uploads\/sites\/6\/2025\/12\/FKL.FR_.01-Laboratuvar-Deney-Alani-Calisma-Izni-Formu.docx\">FKL.FR.01 Laboratuvar-Deney Alan\u0131 C\u0327al\u0131s\u0327ma I\u0307zni Formu<\/a><\/p>\n<p><a href=\"http:\/\/ticaret.edu.tr\/mimarlik-ve-tasarim-fakultesi\/wp-content\/uploads\/sites\/6\/2025\/12\/FKL.FR_.02-Laboratuvar-Deney-Alani-Atolye-Ogrenci-Kullanim-Beyan-Formu.docx\">FKL.FR.02 Laboratuvar- Deney Alan\u0131-Ato\u0308lye O\u0308g\u0306renci Kullan\u0131m Beyan Formu<\/a><\/p>\n<p><a href=\"http:\/\/ticaret.edu.tr\/mimarlik-ve-tasarim-fakultesi\/wp-content\/uploads\/sites\/6\/2025\/12\/FKL.FR_.03-Ders-Telafi-Formu.doc\">FKL.FR.03 Ders Telafi Formu<\/a><\/p>\n<p><a href=\"http:\/\/ticaret.edu.tr\/mimarlik-ve-tasarim-fakultesi\/wp-content\/uploads\/sites\/6\/2025\/12\/FKL.FR_.04-Mazeret-Sinavi-Hakki-Taninmasi-Talebine-Iliskin-Dilekce.docx\">FKL.FR.04 Mazeret S\u0131nav\u0131 Hakk\u0131 Tan\u0131nmas\u0131 Talebine I\u0307lis\u0327kin Dilekc\u0327e<\/a><\/p>\n<p><a href=\"http:\/\/ticaret.edu.tr\/mimarlik-ve-tasarim-fakultesi\/wp-content\/uploads\/sites\/6\/2025\/12\/FKL.FR_.05-Muafiyet-Dilekcesi.docx\">FKL.FR.05 Muafiyet Dilekc\u0327esi<\/a><\/p>\n<p><a href=\"http:\/\/ticaret.edu.tr\/mimarlik-ve-tasarim-fakultesi\/wp-content\/uploads\/sites\/6\/2025\/12\/FKL.FR_.06-Kayit-Dondurma-Dilekcesi.doc\">FKL.FR.06 Kay\u0131t Dondurma Dilekc\u0327esi<\/a><\/p>\n<p><a href=\"http:\/\/ticaret.edu.tr\/mimarlik-ve-tasarim-fakultesi\/wp-content\/uploads\/sites\/6\/2025\/12\/FKL.FR_.07-Kayit-Sildirme-Formu.doc\">FKL.FR.07 Kay\u0131t Sildirme Formu<\/a><\/p>\n<p><a href=\"http:\/\/ticaret.edu.tr\/mimarlik-ve-tasarim-fakultesi\/wp-content\/uploads\/sites\/6\/2025\/12\/FKL.FR_.11-Ders-Notu-Itiraz-Dilekcesi.doc\">FKL.FR.11 Ders Notu I\u0307tiraz Dilekc\u0327esi<\/a><\/p>\n","protected":false},"excerpt":{"rendered":"<p>FKL.FR.01 Laboratuvar-Deney Alan\u0131 C\u0327al\u0131s\u0327ma I\u0307zni Formu FKL.FR.02 Laboratuvar- Deney Alan\u0131-Ato\u0308lye O\u0308g\u0306renci Kullan\u0131m Beyan Formu FKL.FR.03 Ders Telafi Formu FKL.FR.04 Mazeret S\u0131nav\u0131 Hakk\u0131 Tan\u0131nmas\u0131 Talebine I\u0307lis\u0327kin Dilekc\u0327e FKL.FR.05 Muafiyet Dilekc\u0327esi FKL.FR.06 Kay\u0131t Dondurma Dilekc\u0327esi FKL.FR.07 Kay\u0131t Sildirme Formu FKL.FR.11 Ders Notu I\u0307tiraz Dilekc\u0327esi<\/p>\n","protected":false},"author":228,"featured_media":0,"parent":0,"menu_order":0,"comment_status":"closed","ping_status":"closed","template":"genel_sayfa.php","meta":{"footnotes":""},"yoast_head":"<!-- This site is optimized with the Yoast SEO Premium plugin v22.1 (Yoast SEO v22.1) - https:\/\/yoast.com\/wordpress\/plugins\/seo\/ -->\n<title>Formlar - Mimarl\u0131k ve Tasar\u0131m Fak\u00fcltesi<\/title>\n<meta name=\"robots\" content=\"index, follow, max-snippet:-1, max-image-preview:large, max-video-preview:-1\" \/>\n<link rel=\"canonical\" href=\"http:\/\/ticaret.edu.tr\/mimarlik-ve-tasarim-fakultesi\/formlar\/\" \/>\n<meta property=\"og:locale\" content=\"tr_TR\" \/>\n<meta property=\"og:type\" content=\"article\" \/>\n<meta property=\"og:title\" content=\"Formlar\" \/>\n<meta property=\"og:description\" content=\"FKL.FR.01 Laboratuvar-Deney Alan\u0131 C\u0327al\u0131s\u0327ma I\u0307zni Formu FKL.FR.02 Laboratuvar- Deney Alan\u0131-Ato\u0308lye O\u0308g\u0306renci Kullan\u0131m Beyan Formu FKL.FR.03 Ders Telafi Formu FKL.FR.04 Mazeret S\u0131nav\u0131 Hakk\u0131 Tan\u0131nmas\u0131 Talebine I\u0307lis\u0327kin Dilekc\u0327e FKL.FR.05 Muafiyet Dilekc\u0327esi FKL.FR.06 Kay\u0131t Dondurma Dilekc\u0327esi FKL.FR.07 Kay\u0131t Sildirme Formu FKL.FR.11 Ders Notu I\u0307tiraz Dilekc\u0327esi\" \/>\n<meta property=\"og:url\" content=\"http:\/\/ticaret.edu.tr\/mimarlik-ve-tasarim-fakultesi\/formlar\/\" \/>\n<meta property=\"og:site_name\" content=\"Mimarl\u0131k ve Tasar\u0131m Fak\u00fcltesi\" \/>\n<meta property=\"article:publisher\" content=\"https:\/\/www.facebook.com\/ticaretedutr\" \/>\n<meta property=\"article:modified_time\" content=\"2025-12-22T17:17:59+00:00\" \/>\n<meta property=\"og:image\" content=\"http:\/\/ticaret.edu.tr\/mimarlik-ve-tasarim-fakultesi\/wp-content\/uploads\/sites\/6\/2021\/11\/web_logo-01.jpg\" \/>\n\t<meta property=\"og:image:width\" content=\"1250\" \/>\n\t<meta property=\"og:image:height\" content=\"833\" \/>\n\t<meta property=\"og:image:type\" content=\"image\/jpeg\" \/>\n<meta name=\"twitter:card\" content=\"summary_large_image\" \/>\n<meta name=\"twitter:site\" content=\"@ticaretedutr\" \/>\n<meta name=\"twitter:label1\" content=\"Tahmini okuma s\u00fcresi\" \/>\n\t<meta name=\"twitter:data1\" content=\"1 dakika\" \/>\n<script type=\"application\/ld+json\" class=\"yoast-schema-graph\">{\"@context\":\"https:\/\/schema.org\",\"@graph\":[{\"@type\":\"WebPage\",\"@id\":\"http:\/\/ticaret.edu.tr\/mimarlik-ve-tasarim-fakultesi\/formlar\/\",\"url\":\"http:\/\/ticaret.edu.tr\/mimarlik-ve-tasarim-fakultesi\/formlar\/\",\"name\":\"Formlar - Mimarl\u0131k ve Tasar\u0131m Fak\u00fcltesi\",\"isPartOf\":{\"@id\":\"http:\/\/ticaret.edu.tr\/mimarlik-ve-tasarim-fakultesi\/#website\"},\"datePublished\":\"2025-02-12T13:24:43+00:00\",\"dateModified\":\"2025-12-22T17:17:59+00:00\",\"breadcrumb\":{\"@id\":\"http:\/\/ticaret.edu.tr\/mimarlik-ve-tasarim-fakultesi\/formlar\/#breadcrumb\"},\"inLanguage\":\"tr\",\"potentialAction\":[{\"@type\":\"ReadAction\",\"target\":[\"http:\/\/ticaret.edu.tr\/mimarlik-ve-tasarim-fakultesi\/formlar\/\"]}]},{\"@type\":\"BreadcrumbList\",\"@id\":\"http:\/\/ticaret.edu.tr\/mimarlik-ve-tasarim-fakultesi\/formlar\/#breadcrumb\",\"itemListElement\":[{\"@type\":\"ListItem\",\"position\":1,\"name\":\"Ana sayfa\",\"item\":\"http:\/\/ticaret.edu.tr\/mimarlik-ve-tasarim-fakultesi\/\"},{\"@type\":\"ListItem\",\"position\":2,\"name\":\"Formlar\"}]},{\"@type\":\"WebSite\",\"@id\":\"http:\/\/ticaret.edu.tr\/mimarlik-ve-tasarim-fakultesi\/#website\",\"url\":\"http:\/\/ticaret.edu.tr\/mimarlik-ve-tasarim-fakultesi\/\",\"name\":\"Mimarl\u0131k ve Tasar\u0131m Fak\u00fcltesi\",\"description\":\"\",\"potentialAction\":[{\"@type\":\"SearchAction\",\"target\":{\"@type\":\"EntryPoint\",\"urlTemplate\":\"http:\/\/ticaret.edu.tr\/mimarlik-ve-tasarim-fakultesi\/?s={search_term_string}\"},\"query-input\":\"required name=search_term_string\"}],\"inLanguage\":\"tr\"}]}<\/script>\n<!-- \/ Yoast SEO Premium plugin. -->","yoast_head_json":{"title":"Formlar - Mimarl\u0131k ve Tasar\u0131m Fak\u00fcltesi","robots":{"index":"index","follow":"follow","max-snippet":"max-snippet:-1","max-image-preview":"max-image-preview:large","max-video-preview":"max-video-preview:-1"},"canonical":"http:\/\/ticaret.edu.tr\/mimarlik-ve-tasarim-fakultesi\/formlar\/","og_locale":"tr_TR","og_type":"article","og_title":"Formlar","og_description":"FKL.FR.01 Laboratuvar-Deney Alan\u0131 C\u0327al\u0131s\u0327ma I\u0307zni Formu FKL.FR.02 Laboratuvar- Deney Alan\u0131-Ato\u0308lye O\u0308g\u0306renci Kullan\u0131m Beyan Formu FKL.FR.03 Ders Telafi Formu FKL.FR.04 Mazeret S\u0131nav\u0131 Hakk\u0131 Tan\u0131nmas\u0131 Talebine I\u0307lis\u0327kin Dilekc\u0327e FKL.FR.05 Muafiyet Dilekc\u0327esi FKL.FR.06 Kay\u0131t Dondurma Dilekc\u0327esi FKL.FR.07 Kay\u0131t Sildirme Formu FKL.FR.11 Ders Notu I\u0307tiraz Dilekc\u0327esi","og_url":"http:\/\/ticaret.edu.tr\/mimarlik-ve-tasarim-fakultesi\/formlar\/","og_site_name":"Mimarl\u0131k ve Tasar\u0131m Fak\u00fcltesi","article_publisher":"https:\/\/www.facebook.com\/ticaretedutr","article_modified_time":"2025-12-22T17:17:59+00:00","og_image":[{"width":1250,"height":833,"url":"http:\/\/ticaret.edu.tr\/mimarlik-ve-tasarim-fakultesi\/wp-content\/uploads\/sites\/6\/2021\/11\/web_logo-01.jpg","type":"image\/jpeg"}],"twitter_card":"summary_large_image","twitter_site":"@ticaretedutr","twitter_misc":{"Tahmini okuma s\u00fcresi":"1 dakika"},"schema":{"@context":"https:\/\/schema.org","@graph":[{"@type":"WebPage","@id":"http:\/\/ticaret.edu.tr\/mimarlik-ve-tasarim-fakultesi\/formlar\/","url":"http:\/\/ticaret.edu.tr\/mimarlik-ve-tasarim-fakultesi\/formlar\/","name":"Formlar - Mimarl\u0131k ve Tasar\u0131m Fak\u00fcltesi","isPartOf":{"@id":"http:\/\/ticaret.edu.tr\/mimarlik-ve-tasarim-fakultesi\/#website"},"datePublished":"2025-02-12T13:24:43+00:00","dateModified":"2025-12-22T17:17:59+00:00","breadcrumb":{"@id":"http:\/\/ticaret.edu.tr\/mimarlik-ve-tasarim-fakultesi\/formlar\/#breadcrumb"},"inLanguage":"tr","potentialAction":[{"@type":"ReadAction","target":["http:\/\/ticaret.edu.tr\/mimarlik-ve-tasarim-fakultesi\/formlar\/"]}]},{"@type":"BreadcrumbList","@id":"http:\/\/ticaret.edu.tr\/mimarlik-ve-tasarim-fakultesi\/formlar\/#breadcrumb","itemListElement":[{"@type":"ListItem","position":1,"name":"Ana sayfa","item":"http:\/\/ticaret.edu.tr\/mimarlik-ve-tasarim-fakultesi\/"},{"@type":"ListItem","position":2,"name":"Formlar"}]},{"@type":"WebSite","@id":"http:\/\/ticaret.edu.tr\/mimarlik-ve-tasarim-fakultesi\/#website","url":"http:\/\/ticaret.edu.tr\/mimarlik-ve-tasarim-fakultesi\/","name":"Mimarl\u0131k ve Tasar\u0131m Fak\u00fcltesi","description":"","potentialAction":[{"@type":"SearchAction","target":{"@type":"EntryPoint","urlTemplate":"http:\/\/ticaret.edu.tr\/mimarlik-ve-tasarim-fakultesi\/?s={search_term_string}"},"query-input":"required name=search_term_string"}],"inLanguage":"tr"}]}},"lang":"tr","translations":{"en":659,"tr":657},"pll_sync_post":[],"_links":{"self":[{"href":"http:\/\/ticaret.edu.tr\/mimarlik-ve-tasarim-fakultesi\/wp-json\/wp\/v2\/pages\/657"}],"collection":[{"href":"http:\/\/ticaret.edu.tr\/mimarlik-ve-tasarim-fakultesi\/wp-json\/wp\/v2\/pages"}],"about":[{"href":"http:\/\/ticaret.edu.tr\/mimarlik-ve-tasarim-fakultesi\/wp-json\/wp\/v2\/types\/page"}],"author":[{"embeddable":true,"href":"http:\/\/ticaret.edu.tr\/mimarlik-ve-tasarim-fakultesi\/wp-json\/wp\/v2\/users\/228"}],"replies":[{"embeddable":true,"href":"http:\/\/ticaret.edu.tr\/mimarlik-ve-tasarim-fakultesi\/wp-json\/wp\/v2\/comments?post=657"}],"version-history":[{"count":4,"href":"http:\/\/ticaret.edu.tr\/mimarlik-ve-tasarim-fakultesi\/wp-json\/wp\/v2\/pages\/657\/revisions"}],"predecessor-version":[{"id":930,"href":"http:\/\/ticaret.edu.tr\/mimarlik-ve-tasarim-fakultesi\/wp-json\/wp\/v2\/pages\/657\/revisions\/930"}],"wp:attachment":[{"href":"http:\/\/ticaret.edu.tr\/mimarlik-ve-tasarim-fakultesi\/wp-json\/wp\/v2\/media?parent=657"}],"curies":[{"name":"wp","href":"https:\/\/api.w.org\/{rel}","templated":true}]}}