{"id":661,"date":"2025-02-12T16:25:11","date_gmt":"2025-02-12T13:25:11","guid":{"rendered":"https:\/\/ticaret.edu.tr\/mimarlik-ve-tasarim-fakultesi\/?page_id=661"},"modified":"2025-12-22T20:15:06","modified_gmt":"2025-12-22T17:15:06","slug":"is-akislari","status":"publish","type":"page","link":"http:\/\/ticaret.edu.tr\/mimarlik-ve-tasarim-fakultesi\/is-akislari\/","title":{"rendered":"\u0130\u015f Ak\u0131\u015flar\u0131"},"content":{"rendered":"<p><a href=\"http:\/\/ticaret.edu.tr\/mimarlik-ve-tasarim-fakultesi\/wp-content\/uploads\/sites\/6\/2025\/12\/FKL.IA_.01-Fakulte-Yonetim-Kurulu-ve-Fakulte-Kurulu-Kararlari-Sureci-Is-Akis-Semasi-1.doc\">FKL.I\u0307A.01 Faku\u0308lte Yo\u0308netim Kurulu ve Faku\u0308lte Kurulu Kararlar\u0131 Su\u0308reci I\u0307s\u0327 Ak\u0131s\u0327 S\u0327emas\u0131<\/a><\/p>\n<p><a href=\"http:\/\/ticaret.edu.tr\/mimarlik-ve-tasarim-fakultesi\/wp-content\/uploads\/sites\/6\/2025\/12\/FKL.IA_.02-Muafiyet-ve-Intibak-Islemleri-Is-Akis-Semasi-1.doc\">FKL.I\u0307A.02 Muafiyet ve I\u0307ntibak I\u0307s\u0327lemleri I\u0307s\u0327 Ak\u0131s\u0327 S\u0327emas\u0131<\/a><\/p>\n<p><a href=\"http:\/\/ticaret.edu.tr\/mimarlik-ve-tasarim-fakultesi\/wp-content\/uploads\/sites\/6\/2025\/12\/FKL.IA_.09-Ortalama-Yukseltme-Talebi-Surec-Is-Akisi-1.doc\">FKL.I\u0307A.09 Ortalama Yu\u0308kseltme Talebi Su\u0308rec\u0327 I\u0307s\u0327 Ak\u0131s\u0327\u0131<\/a><\/p>\n<p><a href=\"http:\/\/ticaret.edu.tr\/mimarlik-ve-tasarim-fakultesi\/wp-content\/uploads\/sites\/6\/2025\/12\/FKL.IA_.10-Mazeret-Sinavi-Basvuru-Uygulamalari-Is-Akis-Semasi-1.doc\">FKL.I\u0307A.10 Mazeret S\u0131nav\u0131 Bas\u0327vuru Uygulamalar\u0131 I\u0307s\u0327 Ak\u0131s\u0327 S\u0327emas\u0131<\/a><\/p>\n<p><a href=\"http:\/\/ticaret.edu.tr\/mimarlik-ve-tasarim-fakultesi\/wp-content\/uploads\/sites\/6\/2025\/12\/FKL.IA_.11-Akademik-Danismanlik-Surecleri-Is-Akis-Semasi-1.doc\">FKL.I\u0307A.11 Akademik Dan\u0131s\u0327manl\u0131k Su\u0308rec\u0327leri I\u0307s\u0327 Ak\u0131s\u0327 S\u0327emas\u0131<\/a><\/p>\n<p><a href=\"http:\/\/ticaret.edu.tr\/mimarlik-ve-tasarim-fakultesi\/wp-content\/uploads\/sites\/6\/2025\/12\/FKL.IA_.12-Ders-Notu-Itiraz-Sureci-Is-Akis-Semasi-1.docx\">FKL.I\u0307A.12 Ders Notu I\u0307tiraz Su\u0308reci I\u0307s\u0327 Ak\u0131s\u0327 S\u0327emas\u0131<\/a><\/p>\n<p><a href=\"http:\/\/ticaret.edu.tr\/mimarlik-ve-tasarim-fakultesi\/wp-content\/uploads\/sites\/6\/2025\/12\/FKL.IA_.13-Egiticilerin-Egitimi-Is-Akis-Semasi-1.docx\">FKL.I\u0307A.13 Eg\u0306iticilerin Eg\u0306itimi I\u0307s\u0327 Ak\u0131s\u0327 S\u0327emas\u0131<\/a><\/p>\n<p><a href=\"http:\/\/ticaret.edu.tr\/mimarlik-ve-tasarim-fakultesi\/wp-content\/uploads\/sites\/6\/2025\/12\/FKL.IA_.14-Atolye-ve-Laboratuvar-Uygulamalari-Is-Akis-Semasi-1.docx\">FKL.I\u0307A.14 Ato\u0308lye ve Laboratuvar Uygulamalar\u0131 I\u0307s\u0327 Ak\u0131s\u0327 S\u0327emas\u0131<\/a><\/p>\n<p><a href=\"http:\/\/ticaret.edu.tr\/mimarlik-ve-tasarim-fakultesi\/wp-content\/uploads\/sites\/6\/2025\/12\/FKL.IA_.15-Ders-Bilgi-Paketlerinin-Hazirlanmasi-ve-OBSye-Girilmesi-Is-Akis-Semasi-1.docx\">FKL.I\u0307A.15 Ders Bilgi Paketlerinin Haz\u0131rlanmas\u0131 ve O\u0308BS&#8217;ye Girilmesi I\u0307s\u0327 Ak\u0131s\u0327 S\u0327emas\u0131<\/a><\/p>\n<p><a href=\"http:\/\/ticaret.edu.tr\/mimarlik-ve-tasarim-fakultesi\/wp-content\/uploads\/sites\/6\/2025\/12\/FKL.IA_.16-Staj-Mesleki-Uygulama-Izleme-Sureci-Is-Akis-Sureci-1.docx\">FKL.I\u0307A.16 Staj Mesleki Uygulama I\u0307zleme Su\u0308reci I\u0307s\u0327 Ak\u0131s\u0327 Su\u0308reci<\/a><\/p>\n<p><a href=\"http:\/\/ticaret.edu.tr\/mimarlik-ve-tasarim-fakultesi\/wp-content\/uploads\/sites\/6\/2025\/12\/FKL.IA_.17-Ders-Akademik-Danismanligi-Is-Akis-Semasi-1.docx\">FKL.I\u0307A.17 Ders Akademik Dan\u0131s\u0327manl\u0131g\u0306\u0131 I\u0307s\u0327 Ak\u0131s\u0327 S\u0327emas\u0131<\/a><\/p>\n<p><a href=\"http:\/\/ticaret.edu.tr\/mimarlik-ve-tasarim-fakultesi\/wp-content\/uploads\/sites\/6\/2025\/12\/FKL.IA_.18-Mufredat-Akademik-Danismanligi-Is-Akis-Semasi-1.docx\">FKL.I\u0307A.18 Mu\u0308fredat Akademik Dan\u0131s\u0327manl\u0131g\u0306\u0131 I\u0307s\u0327 Ak\u0131s\u0327 S\u0327emas\u0131<\/a><\/p>\n<p><a href=\"http:\/\/ticaret.edu.tr\/mimarlik-ve-tasarim-fakultesi\/wp-content\/uploads\/sites\/6\/2025\/12\/FKL.IA_.19-Yaz-Ogretimi-Derslerinin-Planlanmasi-Is-Akis-Semasi-1.docx\">FKL.I\u0307A.19 Yaz O\u0308g\u0306retimi Derslerinin Planlanmas\u0131 I\u0307s\u0327 Ak\u0131s\u0327 S\u0327emas\u0131<\/a><\/p>\n<p><a href=\"http:\/\/ticaret.edu.tr\/mimarlik-ve-tasarim-fakultesi\/wp-content\/uploads\/sites\/6\/2025\/12\/FKL.IA_.20-Yaz-Ogretiminde-Universitemizde-Acilmayan-Dersler-Icin-Diger-Universitelerden-Ders-Alma-Talebi-Is-Akis-Semasi-1.docx\">FKL.I\u0307A.20 Yaz O\u0308g\u0306retiminde U\u0308niversitemizde Ac\u0327\u0131lmayan Dersler I\u0307c\u0327in Dig\u0306er U\u0308niversitelerden Ders Alma Talebi I\u0307s\u0327 Ak\u0131s\u0327 S\u0327emas\u0131<\/a><\/p>\n<p><a href=\"http:\/\/ticaret.edu.tr\/mimarlik-ve-tasarim-fakultesi\/wp-content\/uploads\/sites\/6\/2025\/12\/FKL.IA_.21-31.Madde-Gorevlendirme-Is-Akis-Semasi-1.docx\">FKL.I\u0307A.21 31.Madde Go\u0308revlendirme I\u0307s\u0327 Ak\u0131s\u0327 S\u0327emas\u0131<\/a><\/p>\n<p><a href=\"http:\/\/ticaret.edu.tr\/mimarlik-ve-tasarim-fakultesi\/wp-content\/uploads\/sites\/6\/2025\/12\/FKL.IA_.22-40a-Gorevlendirme-Is-Akis-Semasi-1.docx\">FKL.I\u0307A.22 40a Go\u0308revlendirme I\u0307s\u0327 Ak\u0131s\u0327 S\u0327emas\u0131<\/a><\/p>\n<p><a href=\"http:\/\/ticaret.edu.tr\/mimarlik-ve-tasarim-fakultesi\/wp-content\/uploads\/sites\/6\/2025\/12\/FKL.IA_.23-Yeni-Program-Acma-ve-Guncelleme-Is-Akis-Semasi-1.docx\">FKL.I\u0307A.23 Yeni Program Ac\u0327ma ve Gu\u0308ncelleme I\u0307s\u0327 Ak\u0131s\u0327 S\u0327emas\u0131<\/a><\/p>\n<p><a href=\"http:\/\/ticaret.edu.tr\/mimarlik-ve-tasarim-fakultesi\/wp-content\/uploads\/sites\/6\/2025\/12\/FKL.IA_.24-Disiplin-Sorusturma-Sureci-Is-Akis-Semasi-1.docx\">FKL.I\u0307A.24 Disiplin Sorus\u0327turma Su\u0308reci I\u0307s\u0327 Ak\u0131s\u0327 S\u0327emas\u0131<\/a><\/p>\n<p><a href=\"http:\/\/ticaret.edu.tr\/mimarlik-ve-tasarim-fakultesi\/wp-content\/uploads\/sites\/6\/2025\/12\/FKL.IA_.25-Akreditasyon-Sureci-Is-Akis-Semasi-1.docx\">FKL.I\u0307A.25 Akreditasyon Su\u0308reci I\u0307s\u0327 Ak\u0131s\u0327 S\u0327emas\u0131<\/a><\/p>\n<p><a href=\"http:\/\/ticaret.edu.tr\/mimarlik-ve-tasarim-fakultesi\/wp-content\/uploads\/sites\/6\/2025\/12\/FKL.IA_.26-Programin-Egitim-Amaclarinin-Belirlenmesi-Is-Akis-Semasi-1.docx\">FKL.I\u0307A.26 Program\u0131n Eg\u0306itim Amac\u0327lar\u0131n\u0131n Belirlenmesi I\u0307s\u0327 Ak\u0131s\u0327 S\u0327emas\u0131<\/a><\/p>\n<p><a href=\"http:\/\/ticaret.edu.tr\/mimarlik-ve-tasarim-fakultesi\/wp-content\/uploads\/sites\/6\/2025\/12\/FKL.IA_.27-Programin-Egitim-Amaclarinin-Guncellenmesi-Is-Akis-Semasi-1.docx\">FKL.I\u0307A.27 Program\u0131n Eg\u0306itim Amac\u0327lar\u0131n\u0131n Gu\u0308ncellenmesi I\u0307s\u0327 Ak\u0131s\u0327 S\u0327emas\u0131<\/a><\/p>\n<p><a href=\"http:\/\/ticaret.edu.tr\/mimarlik-ve-tasarim-fakultesi\/wp-content\/uploads\/sites\/6\/2025\/12\/FKL.IA_.28-Program-Ciktilarinin-Guncellenmesi-Is-Akis-Semasi-1.docx\">FKL.I\u0307A.28 Program C\u0327\u0131kt\u0131lar\u0131n\u0131n Gu\u0308ncellenmesi I\u0307s\u0327 Ak\u0131s\u0327 S\u0327emas\u0131<\/a><\/p>\n<p><a href=\"http:\/\/ticaret.edu.tr\/mimarlik-ve-tasarim-fakultesi\/wp-content\/uploads\/sites\/6\/2025\/12\/FKL.IA_.29-Ders-Izlencelerinin-Guncellenmesi-Is-Akisi-1.docx\">FKL.I\u0307A.29 Ders I\u0307zlencelerinin Gu\u0308ncellenmesi I\u0307s\u0327 Ak\u0131s\u0327\u0131<\/a><\/p>\n<p><a href=\"http:\/\/ticaret.edu.tr\/mimarlik-ve-tasarim-fakultesi\/wp-content\/uploads\/sites\/6\/2025\/12\/FKL.IA_.30-Ders-Kazanimlarinin-Program-Ciktilariyla-Uyumu-Is-Akisi-1.doc\">FKL.I\u0307A.30 Ders Kazan\u0131mlar\u0131n\u0131n Program C\u0327\u0131kt\u0131lar\u0131yla Uyumu I\u0307s\u0327 Ak\u0131s\u0327\u0131<\/a><\/p>\n<p><a href=\"http:\/\/ticaret.edu.tr\/mimarlik-ve-tasarim-fakultesi\/wp-content\/uploads\/sites\/6\/2025\/12\/FKL.IA_.31-Egitim-Mufredatinin-Yeterlilige-Uygunlugunun-Yonetimi-Is-Akisi-1.doc\">FKL.I\u0307A.31 Eg\u0306itim Mu\u0308fredat\u0131n\u0131n Yeterlilig\u0306e Uygunlug\u0306unun Yo\u0308netimi I\u0307s\u0327 Ak\u0131s\u0327\u0131<\/a><\/p>\n<p><a href=\"http:\/\/ticaret.edu.tr\/mimarlik-ve-tasarim-fakultesi\/wp-content\/uploads\/sites\/6\/2025\/12\/FKL.IA_.32-Ogrenci-Is-Yukune-Dayali-Ders-Tasarimi-Is-Akisi-1.doc\">FKL.I\u0307A.32 O\u0308g\u0306renci I\u0307s\u0327 Yu\u0308ku\u0308ne Dayal\u0131 Ders Tasar\u0131m\u0131 I\u0307s\u0327 Ak\u0131s\u0327\u0131<\/a><\/p>\n<p><a href=\"http:\/\/ticaret.edu.tr\/mimarlik-ve-tasarim-fakultesi\/wp-content\/uploads\/sites\/6\/2025\/12\/FKL.IA_.33-Programin-Ders-Dagilim-Dengesi-Is-Akisi-1.doc\">FKL.I\u0307A.33 Program\u0131n Ders Dag\u0306\u0131l\u0131m Dengesi I\u0307s\u0327 Ak\u0131s\u0327\u0131<\/a><\/p>\n","protected":false},"excerpt":{"rendered":"<p>FKL.I\u0307A.01 Faku\u0308lte Yo\u0308netim Kurulu ve Faku\u0308lte Kurulu Kararlar\u0131 Su\u0308reci I\u0307s\u0327 Ak\u0131s\u0327 S\u0327emas\u0131 FKL.I\u0307A.02 Muafiyet ve I\u0307ntibak I\u0307s\u0327lemleri I\u0307s\u0327 Ak\u0131s\u0327 S\u0327emas\u0131 FKL.I\u0307A.09 Ortalama Yu\u0308kseltme Talebi Su\u0308rec\u0327 I\u0307s\u0327 Ak\u0131s\u0327\u0131 FKL.I\u0307A.10 Mazeret S\u0131nav\u0131 Bas\u0327vuru Uygulamalar\u0131 I\u0307s\u0327 Ak\u0131s\u0327 S\u0327emas\u0131 FKL.I\u0307A.11 Akademik Dan\u0131s\u0327manl\u0131k Su\u0308rec\u0327leri I\u0307s\u0327 Ak\u0131s\u0327 S\u0327emas\u0131 FKL.I\u0307A.12 Ders Notu I\u0307tiraz Su\u0308reci I\u0307s\u0327 Ak\u0131s\u0327 S\u0327emas\u0131 FKL.I\u0307A.13 Eg\u0306iticilerin Eg\u0306itimi I\u0307s\u0327 Ak\u0131s\u0327 [&hellip;]<\/p>\n","protected":false},"author":228,"featured_media":0,"parent":0,"menu_order":0,"comment_status":"closed","ping_status":"closed","template":"genel_sayfa.php","meta":{"footnotes":""},"yoast_head":"<!-- This site is optimized with the Yoast SEO Premium plugin v22.1 (Yoast SEO v22.1) - https:\/\/yoast.com\/wordpress\/plugins\/seo\/ -->\n<title>\u0130\u015f Ak\u0131\u015flar\u0131 - Mimarl\u0131k ve Tasar\u0131m Fak\u00fcltesi<\/title>\n<meta name=\"robots\" content=\"index, follow, max-snippet:-1, max-image-preview:large, max-video-preview:-1\" \/>\n<link rel=\"canonical\" href=\"http:\/\/ticaret.edu.tr\/mimarlik-ve-tasarim-fakultesi\/is-akislari\/\" \/>\n<meta property=\"og:locale\" content=\"tr_TR\" \/>\n<meta property=\"og:type\" content=\"article\" \/>\n<meta property=\"og:title\" content=\"\u0130\u015f Ak\u0131\u015flar\u0131\" \/>\n<meta property=\"og:description\" content=\"FKL.I\u0307A.01 Faku\u0308lte Yo\u0308netim Kurulu ve Faku\u0308lte Kurulu Kararlar\u0131 Su\u0308reci I\u0307s\u0327 Ak\u0131s\u0327 S\u0327emas\u0131 FKL.I\u0307A.02 Muafiyet ve I\u0307ntibak I\u0307s\u0327lemleri I\u0307s\u0327 Ak\u0131s\u0327 S\u0327emas\u0131 FKL.I\u0307A.09 Ortalama Yu\u0308kseltme Talebi Su\u0308rec\u0327 I\u0307s\u0327 Ak\u0131s\u0327\u0131 FKL.I\u0307A.10 Mazeret S\u0131nav\u0131 Bas\u0327vuru Uygulamalar\u0131 I\u0307s\u0327 Ak\u0131s\u0327 S\u0327emas\u0131 FKL.I\u0307A.11 Akademik Dan\u0131s\u0327manl\u0131k Su\u0308rec\u0327leri I\u0307s\u0327 Ak\u0131s\u0327 S\u0327emas\u0131 FKL.I\u0307A.12 Ders Notu I\u0307tiraz Su\u0308reci I\u0307s\u0327 Ak\u0131s\u0327 S\u0327emas\u0131 FKL.I\u0307A.13 Eg\u0306iticilerin Eg\u0306itimi I\u0307s\u0327 Ak\u0131s\u0327 [&hellip;]\" \/>\n<meta property=\"og:url\" content=\"http:\/\/ticaret.edu.tr\/mimarlik-ve-tasarim-fakultesi\/is-akislari\/\" \/>\n<meta property=\"og:site_name\" content=\"Mimarl\u0131k ve Tasar\u0131m Fak\u00fcltesi\" \/>\n<meta property=\"article:publisher\" content=\"https:\/\/www.facebook.com\/ticaretedutr\" \/>\n<meta property=\"article:modified_time\" content=\"2025-12-22T17:15:06+00:00\" \/>\n<meta property=\"og:image\" content=\"http:\/\/ticaret.edu.tr\/mimarlik-ve-tasarim-fakultesi\/wp-content\/uploads\/sites\/6\/2021\/11\/web_logo-01.jpg\" \/>\n\t<meta property=\"og:image:width\" content=\"1250\" \/>\n\t<meta property=\"og:image:height\" content=\"833\" \/>\n\t<meta property=\"og:image:type\" content=\"image\/jpeg\" \/>\n<meta name=\"twitter:card\" content=\"summary_large_image\" \/>\n<meta name=\"twitter:site\" content=\"@ticaretedutr\" \/>\n<meta name=\"twitter:label1\" content=\"Tahmini okuma s\u00fcresi\" \/>\n\t<meta name=\"twitter:data1\" content=\"2 dakika\" \/>\n<script type=\"application\/ld+json\" class=\"yoast-schema-graph\">{\"@context\":\"https:\/\/schema.org\",\"@graph\":[{\"@type\":\"WebPage\",\"@id\":\"http:\/\/ticaret.edu.tr\/mimarlik-ve-tasarim-fakultesi\/is-akislari\/\",\"url\":\"http:\/\/ticaret.edu.tr\/mimarlik-ve-tasarim-fakultesi\/is-akislari\/\",\"name\":\"\u0130\u015f Ak\u0131\u015flar\u0131 - Mimarl\u0131k ve Tasar\u0131m Fak\u00fcltesi\",\"isPartOf\":{\"@id\":\"http:\/\/ticaret.edu.tr\/mimarlik-ve-tasarim-fakultesi\/#website\"},\"datePublished\":\"2025-02-12T13:25:11+00:00\",\"dateModified\":\"2025-12-22T17:15:06+00:00\",\"breadcrumb\":{\"@id\":\"http:\/\/ticaret.edu.tr\/mimarlik-ve-tasarim-fakultesi\/is-akislari\/#breadcrumb\"},\"inLanguage\":\"tr\",\"potentialAction\":[{\"@type\":\"ReadAction\",\"target\":[\"http:\/\/ticaret.edu.tr\/mimarlik-ve-tasarim-fakultesi\/is-akislari\/\"]}]},{\"@type\":\"BreadcrumbList\",\"@id\":\"http:\/\/ticaret.edu.tr\/mimarlik-ve-tasarim-fakultesi\/is-akislari\/#breadcrumb\",\"itemListElement\":[{\"@type\":\"ListItem\",\"position\":1,\"name\":\"Ana sayfa\",\"item\":\"http:\/\/ticaret.edu.tr\/mimarlik-ve-tasarim-fakultesi\/\"},{\"@type\":\"ListItem\",\"position\":2,\"name\":\"\u0130\u015f Ak\u0131\u015flar\u0131\"}]},{\"@type\":\"WebSite\",\"@id\":\"http:\/\/ticaret.edu.tr\/mimarlik-ve-tasarim-fakultesi\/#website\",\"url\":\"http:\/\/ticaret.edu.tr\/mimarlik-ve-tasarim-fakultesi\/\",\"name\":\"Mimarl\u0131k ve Tasar\u0131m Fak\u00fcltesi\",\"description\":\"\",\"potentialAction\":[{\"@type\":\"SearchAction\",\"target\":{\"@type\":\"EntryPoint\",\"urlTemplate\":\"http:\/\/ticaret.edu.tr\/mimarlik-ve-tasarim-fakultesi\/?s={search_term_string}\"},\"query-input\":\"required name=search_term_string\"}],\"inLanguage\":\"tr\"}]}<\/script>\n<!-- \/ Yoast SEO Premium plugin. -->","yoast_head_json":{"title":"\u0130\u015f Ak\u0131\u015flar\u0131 - Mimarl\u0131k ve Tasar\u0131m Fak\u00fcltesi","robots":{"index":"index","follow":"follow","max-snippet":"max-snippet:-1","max-image-preview":"max-image-preview:large","max-video-preview":"max-video-preview:-1"},"canonical":"http:\/\/ticaret.edu.tr\/mimarlik-ve-tasarim-fakultesi\/is-akislari\/","og_locale":"tr_TR","og_type":"article","og_title":"\u0130\u015f Ak\u0131\u015flar\u0131","og_description":"FKL.I\u0307A.01 Faku\u0308lte Yo\u0308netim Kurulu ve Faku\u0308lte Kurulu Kararlar\u0131 Su\u0308reci I\u0307s\u0327 Ak\u0131s\u0327 S\u0327emas\u0131 FKL.I\u0307A.02 Muafiyet ve I\u0307ntibak I\u0307s\u0327lemleri I\u0307s\u0327 Ak\u0131s\u0327 S\u0327emas\u0131 FKL.I\u0307A.09 Ortalama Yu\u0308kseltme Talebi Su\u0308rec\u0327 I\u0307s\u0327 Ak\u0131s\u0327\u0131 FKL.I\u0307A.10 Mazeret S\u0131nav\u0131 Bas\u0327vuru Uygulamalar\u0131 I\u0307s\u0327 Ak\u0131s\u0327 S\u0327emas\u0131 FKL.I\u0307A.11 Akademik Dan\u0131s\u0327manl\u0131k Su\u0308rec\u0327leri I\u0307s\u0327 Ak\u0131s\u0327 S\u0327emas\u0131 FKL.I\u0307A.12 Ders Notu I\u0307tiraz Su\u0308reci I\u0307s\u0327 Ak\u0131s\u0327 S\u0327emas\u0131 FKL.I\u0307A.13 Eg\u0306iticilerin Eg\u0306itimi I\u0307s\u0327 Ak\u0131s\u0327 [&hellip;]","og_url":"http:\/\/ticaret.edu.tr\/mimarlik-ve-tasarim-fakultesi\/is-akislari\/","og_site_name":"Mimarl\u0131k ve Tasar\u0131m Fak\u00fcltesi","article_publisher":"https:\/\/www.facebook.com\/ticaretedutr","article_modified_time":"2025-12-22T17:15:06+00:00","og_image":[{"width":1250,"height":833,"url":"http:\/\/ticaret.edu.tr\/mimarlik-ve-tasarim-fakultesi\/wp-content\/uploads\/sites\/6\/2021\/11\/web_logo-01.jpg","type":"image\/jpeg"}],"twitter_card":"summary_large_image","twitter_site":"@ticaretedutr","twitter_misc":{"Tahmini okuma s\u00fcresi":"2 dakika"},"schema":{"@context":"https:\/\/schema.org","@graph":[{"@type":"WebPage","@id":"http:\/\/ticaret.edu.tr\/mimarlik-ve-tasarim-fakultesi\/is-akislari\/","url":"http:\/\/ticaret.edu.tr\/mimarlik-ve-tasarim-fakultesi\/is-akislari\/","name":"\u0130\u015f Ak\u0131\u015flar\u0131 - Mimarl\u0131k ve Tasar\u0131m Fak\u00fcltesi","isPartOf":{"@id":"http:\/\/ticaret.edu.tr\/mimarlik-ve-tasarim-fakultesi\/#website"},"datePublished":"2025-02-12T13:25:11+00:00","dateModified":"2025-12-22T17:15:06+00:00","breadcrumb":{"@id":"http:\/\/ticaret.edu.tr\/mimarlik-ve-tasarim-fakultesi\/is-akislari\/#breadcrumb"},"inLanguage":"tr","potentialAction":[{"@type":"ReadAction","target":["http:\/\/ticaret.edu.tr\/mimarlik-ve-tasarim-fakultesi\/is-akislari\/"]}]},{"@type":"BreadcrumbList","@id":"http:\/\/ticaret.edu.tr\/mimarlik-ve-tasarim-fakultesi\/is-akislari\/#breadcrumb","itemListElement":[{"@type":"ListItem","position":1,"name":"Ana sayfa","item":"http:\/\/ticaret.edu.tr\/mimarlik-ve-tasarim-fakultesi\/"},{"@type":"ListItem","position":2,"name":"\u0130\u015f Ak\u0131\u015flar\u0131"}]},{"@type":"WebSite","@id":"http:\/\/ticaret.edu.tr\/mimarlik-ve-tasarim-fakultesi\/#website","url":"http:\/\/ticaret.edu.tr\/mimarlik-ve-tasarim-fakultesi\/","name":"Mimarl\u0131k ve Tasar\u0131m Fak\u00fcltesi","description":"","potentialAction":[{"@type":"SearchAction","target":{"@type":"EntryPoint","urlTemplate":"http:\/\/ticaret.edu.tr\/mimarlik-ve-tasarim-fakultesi\/?s={search_term_string}"},"query-input":"required name=search_term_string"}],"inLanguage":"tr"}]}},"lang":"tr","translations":{"en":663,"tr":661},"pll_sync_post":[],"_links":{"self":[{"href":"http:\/\/ticaret.edu.tr\/mimarlik-ve-tasarim-fakultesi\/wp-json\/wp\/v2\/pages\/661"}],"collection":[{"href":"http:\/\/ticaret.edu.tr\/mimarlik-ve-tasarim-fakultesi\/wp-json\/wp\/v2\/pages"}],"about":[{"href":"http:\/\/ticaret.edu.tr\/mimarlik-ve-tasarim-fakultesi\/wp-json\/wp\/v2\/types\/page"}],"author":[{"embeddable":true,"href":"http:\/\/ticaret.edu.tr\/mimarlik-ve-tasarim-fakultesi\/wp-json\/wp\/v2\/users\/228"}],"replies":[{"embeddable":true,"href":"http:\/\/ticaret.edu.tr\/mimarlik-ve-tasarim-fakultesi\/wp-json\/wp\/v2\/comments?post=661"}],"version-history":[{"count":3,"href":"http:\/\/ticaret.edu.tr\/mimarlik-ve-tasarim-fakultesi\/wp-json\/wp\/v2\/pages\/661\/revisions"}],"predecessor-version":[{"id":959,"href":"http:\/\/ticaret.edu.tr\/mimarlik-ve-tasarim-fakultesi\/wp-json\/wp\/v2\/pages\/661\/revisions\/959"}],"wp:attachment":[{"href":"http:\/\/ticaret.edu.tr\/mimarlik-ve-tasarim-fakultesi\/wp-json\/wp\/v2\/media?parent=661"}],"curies":[{"name":"wp","href":"https:\/\/api.w.org\/{rel}","templated":true}]}}