{"id":11,"date":"2020-05-03T20:05:08","date_gmt":"2020-05-03T17:05:08","guid":{"rendered":"http:\/\/ticaret.edu.tr\/mimarlik\/?page_id=11"},"modified":"2025-02-10T14:18:08","modified_gmt":"2025-02-10T11:18:08","slug":"ana-sayfa","status":"publish","type":"page","link":"http:\/\/ticaret.edu.tr\/mimarlik\/","title":{"rendered":"Ana Sayfa"},"content":{"rendered":"<p>Mimarl\u0131k, merkezinde insan\u0131n bulundu\u011fu, ihtiya\u00e7 ve beklentiler do\u011frultusundaki eylemler ve deneyimlerle \u015fekillenen, \u00e7evre, sanat, m\u00fchendislik, felsefe, sosyoloji, psikoloji gibi kavramlarla ba\u011flant\u0131l\u0131, geni\u015f yelpazede ele al\u0131nan disiplinler aras\u0131 tasar\u0131m eylemi anlam\u0131n\u0131 ta\u015f\u0131maktad\u0131r.<\/p>\n<p>Mimarl\u0131k B\u00f6l\u00fcm\u00fc e\u011fitimi, temel teorik dersler, teorik dersleri destekleyecek g\u00fcncel se\u00e7meli dersler ve mimarl\u0131k e\u011fitiminin temelini olu\u015fturan st\u00fcdyo derslerinden olu\u015fan uygulamal\u0131 derslerle d\u00f6rt y\u0131ll\u0131k lisans program\u0131 olarak verilmektedir. \u00d6\u011frencilerimizin teorik derslerde edindi\u011fi bilgileri estetik ile birle\u015ftirerek uygulama f\u0131rsat\u0131 bulduklar\u0131 st\u00fcdyo dersleri, alanlar\u0131nda uzman, deneyimli \u00f6\u011fretim elemanlar\u0131 ile birlikte s\u00fcrd\u00fcr\u00fclmektedir. Dersler, e\u011fitim \u00f6\u011fretim y\u0131l\u0131 boyunca, konusunda uzman konuklar\u0131n davet edildi\u011fi seminerler, \u00e7al\u0131\u015ftaylar ve teknik gezilerle desteklenmektedir.<\/p>\n<p>Farkl\u0131 okullar\u0131n ve \u00f6\u011frencilerin birbirleriyle bu platformlar arac\u0131l\u0131\u011f\u0131yla bir araya gelmesiyle kolektif \u00fcretimlerin desteklenmesi, etkile\u015fimlerle sosyal ili\u015fkilerin kuvvetlenmesi, ekip \u00e7al\u0131\u015fma anlay\u0131\u015f\u0131n\u0131n artmas\u0131 hedeflenmektedir. Kolektif etkile\u015fimler ve etkinlikler arac\u0131l\u0131\u011f\u0131yla b\u00f6l\u00fcm\u00fcm\u00fczdeki genel ba\u015far\u0131n\u0131n artmas\u0131 planlanmaktad\u0131r. ERASMUS \u00f6\u011frenci de\u011fi\u015fimi programlar\u0131 ile lisans e\u011fitiminde ba\u015far\u0131l\u0131 olan \u00f6\u011frencilerimiz 3. s\u0131n\u0131ftan itibaren, yurtd\u0131\u015f\u0131nda, anla\u015fmal\u0131 okullar\u0131m\u0131zda okuma hakk\u0131 kazanmaktad\u0131r.<\/p>\n<p>Mimarl\u0131k B\u00f6l\u00fcm\u00fc olarak yeti\u015ftirece\u011fimiz mimar adaylar\u0131n\u0131n; etik kayg\u0131larla kamu yarar\u0131na hizmet etmeyi hedefleyen, \u00e7evresel ve k\u00fclt\u00fcrel de\u011ferleri \u00f6nemseyen, g\u00fcncel geli\u015fmeleri takip eden, tasar\u0131mda disiplinler aras\u0131 ara\u015ft\u0131rma ve \u00e7al\u0131\u015fman\u0131n \u00f6nemini kavrayan, sosyal birikimleri g\u00fc\u00e7l\u00fc, kendini iyi ifade edebilen, \u00f6zg\u00fcvenli, bilgi birikimi ve uygulama kabiliyeti y\u00fcksek, bilgiyi ve esteti\u011fi birle\u015ftirebilen, farkl\u0131 bak\u0131\u015f a\u00e7\u0131lar\u0131 ile alternatifli \u00f6rnekler sunabilen, s\u00fcrd\u00fcr\u00fclebilir \u00e7\u00f6z\u00fcmler \u00fcretip geli\u015ftiren yetenekli bireyler olarak yeti\u015ftirmeyi hedeflemekteyiz.<\/p>\n","protected":false},"excerpt":{"rendered":"<p>Mimarl\u0131k, merkezinde insan\u0131n bulundu\u011fu, ihtiya\u00e7 ve beklentiler do\u011frultusundaki eylemler ve deneyimlerle \u015fekillenen, \u00e7evre, sanat, m\u00fchendislik, felsefe, sosyoloji, psikoloji gibi kavramlarla ba\u011flant\u0131l\u0131, geni\u015f yelpazede ele al\u0131nan disiplinler aras\u0131 tasar\u0131m eylemi anlam\u0131n\u0131 ta\u015f\u0131maktad\u0131r. Mimarl\u0131k B\u00f6l\u00fcm\u00fc e\u011fitimi, temel teorik dersler, teorik dersleri destekleyecek g\u00fcncel se\u00e7meli dersler ve mimarl\u0131k e\u011fitiminin temelini olu\u015fturan st\u00fcdyo derslerinden olu\u015fan uygulamal\u0131 derslerle d\u00f6rt y\u0131ll\u0131k [&hellip;]<\/p>\n","protected":false},"author":1,"featured_media":0,"parent":0,"menu_order":0,"comment_status":"closed","ping_status":"closed","template":"pages\/homepage.php","meta":{"footnotes":""},"yoast_head":"<!-- This site is optimized with the Yoast SEO Premium plugin v22.1 (Yoast SEO v22.1) - https:\/\/yoast.com\/wordpress\/plugins\/seo\/ -->\n<title>Ana Sayfa - Mimarl\u0131k<\/title>\n<meta name=\"description\" content=\"Mimarl\u0131k, merkezinde insan\u0131n bulundu\u011fu, ihtiya\u00e7 ve beklentiler do\u011frultusundaki eylemler ve deneyimlerle \u015fekillenen, \u00e7evre, sanat, m\u00fchendislik, felsefe, sosyoloji, psikoloji gibi kavramlarla ba\u011flant\u0131l\u0131, geni\u015f yelpazede ele al\u0131nan disiplinler aras\u0131 tasar\u0131m eylemi anlam\u0131n\u0131 ta\u015f\u0131maktad\u0131r.\" \/>\n<meta name=\"robots\" content=\"index, follow, max-snippet:-1, max-image-preview:large, max-video-preview:-1\" \/>\n<link rel=\"canonical\" href=\"https:\/\/ticaret.edu.tr\/mimarlik\/\" \/>\n<meta property=\"og:locale\" content=\"tr_TR\" \/>\n<meta property=\"og:type\" content=\"article\" \/>\n<meta property=\"og:title\" content=\"Ana Sayfa\" \/>\n<meta property=\"og:description\" content=\"Mimarl\u0131k, merkezinde insan\u0131n bulundu\u011fu, ihtiya\u00e7 ve beklentiler do\u011frultusundaki eylemler ve deneyimlerle \u015fekillenen, \u00e7evre, sanat, m\u00fchendislik, felsefe, sosyoloji, psikoloji gibi kavramlarla ba\u011flant\u0131l\u0131, geni\u015f yelpazede ele al\u0131nan disiplinler aras\u0131 tasar\u0131m eylemi anlam\u0131n\u0131 ta\u015f\u0131maktad\u0131r.\" \/>\n<meta property=\"og:url\" content=\"https:\/\/ticaret.edu.tr\/mimarlik\/\" \/>\n<meta property=\"og:site_name\" content=\"Mimarl\u0131k\" \/>\n<meta property=\"article:publisher\" content=\"https:\/\/www.facebook.com\/ticaretedutr\" \/>\n<meta property=\"article:modified_time\" content=\"2025-02-10T11:18:08+00:00\" \/>\n<meta name=\"twitter:card\" content=\"summary_large_image\" \/>\n<meta name=\"twitter:site\" content=\"@ticaretedutr\" \/>\n<meta name=\"twitter:label1\" content=\"Tahmini okuma s\u00fcresi\" \/>\n\t<meta name=\"twitter:data1\" content=\"2 dakika\" \/>\n<script type=\"application\/ld+json\" class=\"yoast-schema-graph\">{\"@context\":\"https:\/\/schema.org\",\"@graph\":[{\"@type\":\"WebPage\",\"@id\":\"https:\/\/ticaret.edu.tr\/mimarlik\/\",\"url\":\"https:\/\/ticaret.edu.tr\/mimarlik\/\",\"name\":\"Ana Sayfa - Mimarl\u0131k\",\"isPartOf\":{\"@id\":\"https:\/\/ticaret.edu.tr\/mimarlik\/#website\"},\"datePublished\":\"2020-05-03T17:05:08+00:00\",\"dateModified\":\"2025-02-10T11:18:08+00:00\",\"description\":\"Mimarl\u0131k, merkezinde insan\u0131n bulundu\u011fu, ihtiya\u00e7 ve beklentiler do\u011frultusundaki eylemler ve deneyimlerle \u015fekillenen, \u00e7evre, sanat, m\u00fchendislik, felsefe, sosyoloji, psikoloji gibi kavramlarla ba\u011flant\u0131l\u0131, geni\u015f yelpazede ele al\u0131nan disiplinler aras\u0131 tasar\u0131m eylemi anlam\u0131n\u0131 ta\u015f\u0131maktad\u0131r.\",\"breadcrumb\":{\"@id\":\"https:\/\/ticaret.edu.tr\/mimarlik\/#breadcrumb\"},\"inLanguage\":\"tr\",\"potentialAction\":[{\"@type\":\"ReadAction\",\"target\":[\"https:\/\/ticaret.edu.tr\/mimarlik\/\"]}]},{\"@type\":\"BreadcrumbList\",\"@id\":\"https:\/\/ticaret.edu.tr\/mimarlik\/#breadcrumb\",\"itemListElement\":[{\"@type\":\"ListItem\",\"position\":1,\"name\":\"Ana sayfa\",\"item\":\"https:\/\/ticaret.edu.tr\/mimarlik\/\"},{\"@type\":\"ListItem\",\"position\":2,\"name\":\"Ana Sayfa\"}]},{\"@type\":\"WebSite\",\"@id\":\"https:\/\/ticaret.edu.tr\/mimarlik\/#website\",\"url\":\"https:\/\/ticaret.edu.tr\/mimarlik\/\",\"name\":\"Mimarl\u0131k\",\"description\":\"\",\"potentialAction\":[{\"@type\":\"SearchAction\",\"target\":{\"@type\":\"EntryPoint\",\"urlTemplate\":\"https:\/\/ticaret.edu.tr\/mimarlik\/?s={search_term_string}\"},\"query-input\":\"required name=search_term_string\"}],\"inLanguage\":\"tr\"}]}<\/script>\n<!-- \/ Yoast SEO Premium plugin. -->","yoast_head_json":{"title":"Ana Sayfa - Mimarl\u0131k","description":"Mimarl\u0131k, merkezinde insan\u0131n bulundu\u011fu, ihtiya\u00e7 ve beklentiler do\u011frultusundaki eylemler ve deneyimlerle \u015fekillenen, \u00e7evre, sanat, m\u00fchendislik, felsefe, sosyoloji, psikoloji gibi kavramlarla ba\u011flant\u0131l\u0131, geni\u015f yelpazede ele al\u0131nan disiplinler aras\u0131 tasar\u0131m eylemi anlam\u0131n\u0131 ta\u015f\u0131maktad\u0131r.","robots":{"index":"index","follow":"follow","max-snippet":"max-snippet:-1","max-image-preview":"max-image-preview:large","max-video-preview":"max-video-preview:-1"},"canonical":"https:\/\/ticaret.edu.tr\/mimarlik\/","og_locale":"tr_TR","og_type":"article","og_title":"Ana Sayfa","og_description":"Mimarl\u0131k, merkezinde insan\u0131n bulundu\u011fu, ihtiya\u00e7 ve beklentiler do\u011frultusundaki eylemler ve deneyimlerle \u015fekillenen, \u00e7evre, sanat, m\u00fchendislik, felsefe, sosyoloji, psikoloji gibi kavramlarla ba\u011flant\u0131l\u0131, geni\u015f yelpazede ele al\u0131nan disiplinler aras\u0131 tasar\u0131m eylemi anlam\u0131n\u0131 ta\u015f\u0131maktad\u0131r.","og_url":"https:\/\/ticaret.edu.tr\/mimarlik\/","og_site_name":"Mimarl\u0131k","article_publisher":"https:\/\/www.facebook.com\/ticaretedutr","article_modified_time":"2025-02-10T11:18:08+00:00","twitter_card":"summary_large_image","twitter_site":"@ticaretedutr","twitter_misc":{"Tahmini okuma s\u00fcresi":"2 dakika"},"schema":{"@context":"https:\/\/schema.org","@graph":[{"@type":"WebPage","@id":"https:\/\/ticaret.edu.tr\/mimarlik\/","url":"https:\/\/ticaret.edu.tr\/mimarlik\/","name":"Ana Sayfa - Mimarl\u0131k","isPartOf":{"@id":"https:\/\/ticaret.edu.tr\/mimarlik\/#website"},"datePublished":"2020-05-03T17:05:08+00:00","dateModified":"2025-02-10T11:18:08+00:00","description":"Mimarl\u0131k, merkezinde insan\u0131n bulundu\u011fu, ihtiya\u00e7 ve beklentiler do\u011frultusundaki eylemler ve deneyimlerle \u015fekillenen, \u00e7evre, sanat, m\u00fchendislik, felsefe, sosyoloji, psikoloji gibi kavramlarla ba\u011flant\u0131l\u0131, geni\u015f yelpazede ele al\u0131nan disiplinler aras\u0131 tasar\u0131m eylemi anlam\u0131n\u0131 ta\u015f\u0131maktad\u0131r.","breadcrumb":{"@id":"https:\/\/ticaret.edu.tr\/mimarlik\/#breadcrumb"},"inLanguage":"tr","potentialAction":[{"@type":"ReadAction","target":["https:\/\/ticaret.edu.tr\/mimarlik\/"]}]},{"@type":"BreadcrumbList","@id":"https:\/\/ticaret.edu.tr\/mimarlik\/#breadcrumb","itemListElement":[{"@type":"ListItem","position":1,"name":"Ana sayfa","item":"https:\/\/ticaret.edu.tr\/mimarlik\/"},{"@type":"ListItem","position":2,"name":"Ana Sayfa"}]},{"@type":"WebSite","@id":"https:\/\/ticaret.edu.tr\/mimarlik\/#website","url":"https:\/\/ticaret.edu.tr\/mimarlik\/","name":"Mimarl\u0131k","description":"","potentialAction":[{"@type":"SearchAction","target":{"@type":"EntryPoint","urlTemplate":"https:\/\/ticaret.edu.tr\/mimarlik\/?s={search_term_string}"},"query-input":"required name=search_term_string"}],"inLanguage":"tr"}]}},"lang":"tr","translations":{"en":611,"tr":11},"pll_sync_post":[],"_links":{"self":[{"href":"http:\/\/ticaret.edu.tr\/mimarlik\/wp-json\/wp\/v2\/pages\/11"}],"collection":[{"href":"http:\/\/ticaret.edu.tr\/mimarlik\/wp-json\/wp\/v2\/pages"}],"about":[{"href":"http:\/\/ticaret.edu.tr\/mimarlik\/wp-json\/wp\/v2\/types\/page"}],"author":[{"embeddable":true,"href":"http:\/\/ticaret.edu.tr\/mimarlik\/wp-json\/wp\/v2\/users\/1"}],"replies":[{"embeddable":true,"href":"http:\/\/ticaret.edu.tr\/mimarlik\/wp-json\/wp\/v2\/comments?post=11"}],"version-history":[{"count":17,"href":"http:\/\/ticaret.edu.tr\/mimarlik\/wp-json\/wp\/v2\/pages\/11\/revisions"}],"predecessor-version":[{"id":2118,"href":"http:\/\/ticaret.edu.tr\/mimarlik\/wp-json\/wp\/v2\/pages\/11\/revisions\/2118"}],"wp:attachment":[{"href":"http:\/\/ticaret.edu.tr\/mimarlik\/wp-json\/wp\/v2\/media?parent=11"}],"curies":[{"name":"wp","href":"https:\/\/api.w.org\/{rel}","templated":true}]}}