{"id":1763,"date":"2025-01-27T13:26:02","date_gmt":"2025-01-27T10:26:02","guid":{"rendered":"https:\/\/ticaret.edu.tr\/mimarlik\/?page_id=1763"},"modified":"2025-03-11T20:52:34","modified_gmt":"2025-03-11T17:52:34","slug":"giris-yazisi","status":"publish","type":"page","link":"http:\/\/ticaret.edu.tr\/mimarlik\/giris-yazisi\/","title":{"rendered":"Giri\u015f Yaz\u0131s\u0131"},"content":{"rendered":"<p>Mimarl\u0131k, merkezinde insan\u0131n bulundu\u011fu, ihtiya\u00e7 ve beklentiler do\u011frultusundaki eylemler ve deneyimlerle \u015fekillenen, \u00e7evre, sanat, m\u00fchendislik, felsefe, sosyoloji, psikoloji gibi disiplinler aras\u0131 tasar\u0131m eylemi anlam\u0131n\u0131 ta\u015f\u0131maktad\u0131r.<\/p>\n<p>D\u00f6rt y\u0131ll\u0131k lisans e\u011fitimimiz, basit\u00e7e \u00fc\u00e7 ana k\u00fcmenin birle\u015fimi olarak \u00f6zetlenebilir. Mimari Tasar\u0131m k\u00fcmesi; bireysel ve kolektif st\u00fcdyo \u00fcretimlerini (eskiz, maket, model, kolaj, vb.) kapsayarak, haftal\u0131k kritiklerle geli\u015ftirilen i\u015fleri i\u015faret ederek e\u011fitimin omurgas\u0131n\u0131 olu\u015fturur. \u00a0Yap\u0131 k\u00fcmesi; malzeme bilgisi, detay \u00e7izimleri, ta\u015f\u0131y\u0131c\u0131 \u00e7\u00f6z\u00fcmleri gibi tasar\u0131m\u0131n teknik boyutlar\u0131na e\u011filen s\u00fcre\u00e7lerinden meydana gelir. Mimarl\u0131k Tarihi k\u00fcmesi ise; T\u00fcrkiye ve Avrupa Mimarl\u0131k Tarihinin yan\u0131nda, \u00c7a\u011fda\u015f Mimarl\u0131k Tarihi g\u00fcndeme gelerek, aktar\u0131lan bilgi ve mimarl\u0131k bak\u0131\u015f\u0131n\u0131n farkl\u0131 zamanlarda ve co\u011frafyalarda nas\u0131l ve ne \u015fekilde oldu\u011funa anlamaya odaklan\u0131r.<\/p>\n<p>Mimar adaylar\u0131m\u0131z\u0131; etik kayg\u0131larla kamu yarar\u0131na hizmet etmeyi hedefleyen, \u00e7evresel ve k\u00fclt\u00fcrel de\u011ferleri \u00f6nemseyen, tasar\u0131mda disiplinler aras\u0131 ara\u015ft\u0131rma ve \u00e7al\u0131\u015fman\u0131n \u00f6nemini kavrayan, bilgi birikimi ve uygulama kabiliyeti y\u00fcksek, bilgiyi ve esteti\u011fi birle\u015ftirebilen, s\u00fcrd\u00fcr\u00fclebilir \u00e7\u00f6z\u00fcmler \u00fcretip geli\u015ftiren, sosyal birikimleri g\u00fc\u00e7l\u00fc bireyler olarak yeti\u015ftirmeyi hedeflemekteyiz.<\/p>\n","protected":false},"excerpt":{"rendered":"<p>Mimarl\u0131k, merkezinde insan\u0131n bulundu\u011fu, ihtiya\u00e7 ve beklentiler do\u011frultusundaki eylemler ve deneyimlerle \u015fekillenen, \u00e7evre, sanat, m\u00fchendislik, felsefe, sosyoloji, psikoloji gibi disiplinler aras\u0131 tasar\u0131m eylemi anlam\u0131n\u0131 ta\u015f\u0131maktad\u0131r. D\u00f6rt y\u0131ll\u0131k lisans e\u011fitimimiz, basit\u00e7e \u00fc\u00e7 ana k\u00fcmenin birle\u015fimi olarak \u00f6zetlenebilir. Mimari Tasar\u0131m k\u00fcmesi; bireysel ve kolektif st\u00fcdyo \u00fcretimlerini (eskiz, maket, model, kolaj, vb.) kapsayarak, haftal\u0131k kritiklerle geli\u015ftirilen i\u015fleri i\u015faret [&hellip;]<\/p>\n","protected":false},"author":225,"featured_media":0,"parent":0,"menu_order":0,"comment_status":"closed","ping_status":"closed","template":"genel_sayfa.php","meta":{"footnotes":""},"yoast_head":"<!-- This site is optimized with the Yoast SEO Premium plugin v22.1 (Yoast SEO v22.1) - https:\/\/yoast.com\/wordpress\/plugins\/seo\/ -->\n<title>Giri\u015f Yaz\u0131s\u0131 - Mimarl\u0131k<\/title>\n<meta name=\"robots\" content=\"index, follow, max-snippet:-1, max-image-preview:large, max-video-preview:-1\" \/>\n<link rel=\"canonical\" href=\"https:\/\/ticaret.edu.tr\/mimarlik\/giris-yazisi\/\" \/>\n<meta property=\"og:locale\" content=\"tr_TR\" \/>\n<meta property=\"og:type\" content=\"article\" \/>\n<meta property=\"og:title\" content=\"Giri\u015f Yaz\u0131s\u0131\" \/>\n<meta property=\"og:description\" content=\"Mimarl\u0131k, merkezinde insan\u0131n bulundu\u011fu, ihtiya\u00e7 ve beklentiler do\u011frultusundaki eylemler ve deneyimlerle \u015fekillenen, \u00e7evre, sanat, m\u00fchendislik, felsefe, sosyoloji, psikoloji gibi disiplinler aras\u0131 tasar\u0131m eylemi anlam\u0131n\u0131 ta\u015f\u0131maktad\u0131r. D\u00f6rt y\u0131ll\u0131k lisans e\u011fitimimiz, basit\u00e7e \u00fc\u00e7 ana k\u00fcmenin birle\u015fimi olarak \u00f6zetlenebilir. Mimari Tasar\u0131m k\u00fcmesi; bireysel ve kolektif st\u00fcdyo \u00fcretimlerini (eskiz, maket, model, kolaj, vb.) kapsayarak, haftal\u0131k kritiklerle geli\u015ftirilen i\u015fleri i\u015faret [&hellip;]\" \/>\n<meta property=\"og:url\" content=\"https:\/\/ticaret.edu.tr\/mimarlik\/giris-yazisi\/\" \/>\n<meta property=\"og:site_name\" content=\"Mimarl\u0131k\" \/>\n<meta property=\"article:publisher\" content=\"https:\/\/www.facebook.com\/ticaretedutr\" \/>\n<meta property=\"article:modified_time\" content=\"2025-03-11T17:52:34+00:00\" \/>\n<meta name=\"twitter:card\" content=\"summary_large_image\" \/>\n<meta name=\"twitter:site\" content=\"@ticaretedutr\" \/>\n<meta name=\"twitter:label1\" content=\"Tahmini okuma s\u00fcresi\" \/>\n\t<meta name=\"twitter:data1\" content=\"1 dakika\" \/>\n<script type=\"application\/ld+json\" class=\"yoast-schema-graph\">{\"@context\":\"https:\/\/schema.org\",\"@graph\":[{\"@type\":\"WebPage\",\"@id\":\"https:\/\/ticaret.edu.tr\/mimarlik\/giris-yazisi\/\",\"url\":\"https:\/\/ticaret.edu.tr\/mimarlik\/giris-yazisi\/\",\"name\":\"Giri\u015f Yaz\u0131s\u0131 - Mimarl\u0131k\",\"isPartOf\":{\"@id\":\"https:\/\/ticaret.edu.tr\/mimarlik\/#website\"},\"datePublished\":\"2025-01-27T10:26:02+00:00\",\"dateModified\":\"2025-03-11T17:52:34+00:00\",\"breadcrumb\":{\"@id\":\"https:\/\/ticaret.edu.tr\/mimarlik\/giris-yazisi\/#breadcrumb\"},\"inLanguage\":\"tr\",\"potentialAction\":[{\"@type\":\"ReadAction\",\"target\":[\"https:\/\/ticaret.edu.tr\/mimarlik\/giris-yazisi\/\"]}]},{\"@type\":\"BreadcrumbList\",\"@id\":\"https:\/\/ticaret.edu.tr\/mimarlik\/giris-yazisi\/#breadcrumb\",\"itemListElement\":[{\"@type\":\"ListItem\",\"position\":1,\"name\":\"Ana sayfa\",\"item\":\"https:\/\/ticaret.edu.tr\/mimarlik\/\"},{\"@type\":\"ListItem\",\"position\":2,\"name\":\"Giri\u015f Yaz\u0131s\u0131\"}]},{\"@type\":\"WebSite\",\"@id\":\"https:\/\/ticaret.edu.tr\/mimarlik\/#website\",\"url\":\"https:\/\/ticaret.edu.tr\/mimarlik\/\",\"name\":\"Mimarl\u0131k\",\"description\":\"\",\"potentialAction\":[{\"@type\":\"SearchAction\",\"target\":{\"@type\":\"EntryPoint\",\"urlTemplate\":\"https:\/\/ticaret.edu.tr\/mimarlik\/?s={search_term_string}\"},\"query-input\":\"required name=search_term_string\"}],\"inLanguage\":\"tr\"}]}<\/script>\n<!-- \/ Yoast SEO Premium plugin. -->","yoast_head_json":{"title":"Giri\u015f Yaz\u0131s\u0131 - Mimarl\u0131k","robots":{"index":"index","follow":"follow","max-snippet":"max-snippet:-1","max-image-preview":"max-image-preview:large","max-video-preview":"max-video-preview:-1"},"canonical":"https:\/\/ticaret.edu.tr\/mimarlik\/giris-yazisi\/","og_locale":"tr_TR","og_type":"article","og_title":"Giri\u015f Yaz\u0131s\u0131","og_description":"Mimarl\u0131k, merkezinde insan\u0131n bulundu\u011fu, ihtiya\u00e7 ve beklentiler do\u011frultusundaki eylemler ve deneyimlerle \u015fekillenen, \u00e7evre, sanat, m\u00fchendislik, felsefe, sosyoloji, psikoloji gibi disiplinler aras\u0131 tasar\u0131m eylemi anlam\u0131n\u0131 ta\u015f\u0131maktad\u0131r. D\u00f6rt y\u0131ll\u0131k lisans e\u011fitimimiz, basit\u00e7e \u00fc\u00e7 ana k\u00fcmenin birle\u015fimi olarak \u00f6zetlenebilir. Mimari Tasar\u0131m k\u00fcmesi; bireysel ve kolektif st\u00fcdyo \u00fcretimlerini (eskiz, maket, model, kolaj, vb.) kapsayarak, haftal\u0131k kritiklerle geli\u015ftirilen i\u015fleri i\u015faret [&hellip;]","og_url":"https:\/\/ticaret.edu.tr\/mimarlik\/giris-yazisi\/","og_site_name":"Mimarl\u0131k","article_publisher":"https:\/\/www.facebook.com\/ticaretedutr","article_modified_time":"2025-03-11T17:52:34+00:00","twitter_card":"summary_large_image","twitter_site":"@ticaretedutr","twitter_misc":{"Tahmini okuma s\u00fcresi":"1 dakika"},"schema":{"@context":"https:\/\/schema.org","@graph":[{"@type":"WebPage","@id":"https:\/\/ticaret.edu.tr\/mimarlik\/giris-yazisi\/","url":"https:\/\/ticaret.edu.tr\/mimarlik\/giris-yazisi\/","name":"Giri\u015f Yaz\u0131s\u0131 - Mimarl\u0131k","isPartOf":{"@id":"https:\/\/ticaret.edu.tr\/mimarlik\/#website"},"datePublished":"2025-01-27T10:26:02+00:00","dateModified":"2025-03-11T17:52:34+00:00","breadcrumb":{"@id":"https:\/\/ticaret.edu.tr\/mimarlik\/giris-yazisi\/#breadcrumb"},"inLanguage":"tr","potentialAction":[{"@type":"ReadAction","target":["https:\/\/ticaret.edu.tr\/mimarlik\/giris-yazisi\/"]}]},{"@type":"BreadcrumbList","@id":"https:\/\/ticaret.edu.tr\/mimarlik\/giris-yazisi\/#breadcrumb","itemListElement":[{"@type":"ListItem","position":1,"name":"Ana sayfa","item":"https:\/\/ticaret.edu.tr\/mimarlik\/"},{"@type":"ListItem","position":2,"name":"Giri\u015f Yaz\u0131s\u0131"}]},{"@type":"WebSite","@id":"https:\/\/ticaret.edu.tr\/mimarlik\/#website","url":"https:\/\/ticaret.edu.tr\/mimarlik\/","name":"Mimarl\u0131k","description":"","potentialAction":[{"@type":"SearchAction","target":{"@type":"EntryPoint","urlTemplate":"https:\/\/ticaret.edu.tr\/mimarlik\/?s={search_term_string}"},"query-input":"required name=search_term_string"}],"inLanguage":"tr"}]}},"lang":"tr","translations":{"tr":1763,"en":2055},"pll_sync_post":[],"_links":{"self":[{"href":"http:\/\/ticaret.edu.tr\/mimarlik\/wp-json\/wp\/v2\/pages\/1763"}],"collection":[{"href":"http:\/\/ticaret.edu.tr\/mimarlik\/wp-json\/wp\/v2\/pages"}],"about":[{"href":"http:\/\/ticaret.edu.tr\/mimarlik\/wp-json\/wp\/v2\/types\/page"}],"author":[{"embeddable":true,"href":"http:\/\/ticaret.edu.tr\/mimarlik\/wp-json\/wp\/v2\/users\/225"}],"replies":[{"embeddable":true,"href":"http:\/\/ticaret.edu.tr\/mimarlik\/wp-json\/wp\/v2\/comments?post=1763"}],"version-history":[{"count":3,"href":"http:\/\/ticaret.edu.tr\/mimarlik\/wp-json\/wp\/v2\/pages\/1763\/revisions"}],"predecessor-version":[{"id":2195,"href":"http:\/\/ticaret.edu.tr\/mimarlik\/wp-json\/wp\/v2\/pages\/1763\/revisions\/2195"}],"wp:attachment":[{"href":"http:\/\/ticaret.edu.tr\/mimarlik\/wp-json\/wp\/v2\/media?parent=1763"}],"curies":[{"name":"wp","href":"https:\/\/api.w.org\/{rel}","templated":true}]}}