{"id":1767,"date":"2025-01-27T13:26:29","date_gmt":"2025-01-27T10:26:29","guid":{"rendered":"https:\/\/ticaret.edu.tr\/mimarlik\/?page_id=1767"},"modified":"2025-10-24T09:18:26","modified_gmt":"2025-10-24T06:18:26","slug":"bolum","status":"publish","type":"page","link":"http:\/\/ticaret.edu.tr\/mimarlik\/bolum\/","title":{"rendered":"B\u00f6l\u00fcm"},"content":{"rendered":"","protected":false},"excerpt":{"rendered":"","protected":false},"author":225,"featured_media":0,"parent":0,"menu_order":0,"comment_status":"closed","ping_status":"closed","template":"genel_sayfa.php","meta":{"footnotes":""},"yoast_head":"<!-- This site is optimized with the Yoast SEO Premium plugin v22.1 (Yoast SEO v22.1) - https:\/\/yoast.com\/wordpress\/plugins\/seo\/ -->\n<title>B\u00f6l\u00fcm - Mimarl\u0131k<\/title>\n<meta name=\"description\" content=\"2014 y\u0131l\u0131nda kurulan Mimarl\u0131k B\u00f6l\u00fcm\u00fc, insan\u0131 merkeze alan; ihtiya\u00e7 ve beklentiler do\u011frultusunda deneyimlerle \u015fekillenen, disiplinler aras\u0131 bir tasar\u0131m alan\u0131nda e\u011fitim ve ara\u015ft\u0131rma y\u00fcr\u00fctmektedir.\" \/>\n<meta name=\"robots\" content=\"index, follow, max-snippet:-1, max-image-preview:large, max-video-preview:-1\" \/>\n<link rel=\"canonical\" href=\"https:\/\/ticaret.edu.tr\/mimarlik\/bolum\/\" \/>\n<meta property=\"og:locale\" content=\"tr_TR\" \/>\n<meta property=\"og:type\" content=\"article\" \/>\n<meta property=\"og:title\" content=\"B\u00f6l\u00fcm\" \/>\n<meta property=\"og:description\" content=\"2014 y\u0131l\u0131nda kurulan Mimarl\u0131k B\u00f6l\u00fcm\u00fc, insan\u0131 merkeze alan; ihtiya\u00e7 ve beklentiler do\u011frultusunda deneyimlerle \u015fekillenen, disiplinler aras\u0131 bir tasar\u0131m alan\u0131nda e\u011fitim ve ara\u015ft\u0131rma y\u00fcr\u00fctmektedir.\" \/>\n<meta property=\"og:url\" content=\"https:\/\/ticaret.edu.tr\/mimarlik\/bolum\/\" \/>\n<meta property=\"og:site_name\" content=\"Mimarl\u0131k\" \/>\n<meta property=\"article:publisher\" content=\"https:\/\/www.facebook.com\/ticaretedutr\" \/>\n<meta property=\"article:modified_time\" content=\"2025-10-24T06:18:26+00:00\" \/>\n<meta name=\"twitter:card\" content=\"summary_large_image\" \/>\n<meta name=\"twitter:site\" content=\"@ticaretedutr\" \/>\n<script type=\"application\/ld+json\" class=\"yoast-schema-graph\">{\"@context\":\"https:\/\/schema.org\",\"@graph\":[{\"@type\":\"WebPage\",\"@id\":\"https:\/\/ticaret.edu.tr\/mimarlik\/bolum\/\",\"url\":\"https:\/\/ticaret.edu.tr\/mimarlik\/bolum\/\",\"name\":\"B\u00f6l\u00fcm - Mimarl\u0131k\",\"isPartOf\":{\"@id\":\"http:\/\/ticaret.edu.tr\/mimarlik\/#website\"},\"datePublished\":\"2025-01-27T10:26:29+00:00\",\"dateModified\":\"2025-10-24T06:18:26+00:00\",\"description\":\"2014 y\u0131l\u0131nda kurulan Mimarl\u0131k B\u00f6l\u00fcm\u00fc, insan\u0131 merkeze alan; ihtiya\u00e7 ve beklentiler do\u011frultusunda deneyimlerle \u015fekillenen, disiplinler aras\u0131 bir tasar\u0131m alan\u0131nda e\u011fitim ve ara\u015ft\u0131rma y\u00fcr\u00fctmektedir.\",\"breadcrumb\":{\"@id\":\"https:\/\/ticaret.edu.tr\/mimarlik\/bolum\/#breadcrumb\"},\"inLanguage\":\"tr\",\"potentialAction\":[{\"@type\":\"ReadAction\",\"target\":[\"https:\/\/ticaret.edu.tr\/mimarlik\/bolum\/\"]}]},{\"@type\":\"BreadcrumbList\",\"@id\":\"https:\/\/ticaret.edu.tr\/mimarlik\/bolum\/#breadcrumb\",\"itemListElement\":[{\"@type\":\"ListItem\",\"position\":1,\"name\":\"Ana sayfa\",\"item\":\"http:\/\/ticaret.edu.tr\/mimarlik\/\"},{\"@type\":\"ListItem\",\"position\":2,\"name\":\"B\u00f6l\u00fcm\"}]},{\"@type\":\"WebSite\",\"@id\":\"http:\/\/ticaret.edu.tr\/mimarlik\/#website\",\"url\":\"http:\/\/ticaret.edu.tr\/mimarlik\/\",\"name\":\"Mimarl\u0131k\",\"description\":\"\",\"potentialAction\":[{\"@type\":\"SearchAction\",\"target\":{\"@type\":\"EntryPoint\",\"urlTemplate\":\"http:\/\/ticaret.edu.tr\/mimarlik\/?s={search_term_string}\"},\"query-input\":\"required name=search_term_string\"}],\"inLanguage\":\"tr\"}]}<\/script>\n<!-- \/ Yoast SEO Premium plugin. -->","yoast_head_json":{"title":"B\u00f6l\u00fcm - Mimarl\u0131k","description":"2014 y\u0131l\u0131nda kurulan Mimarl\u0131k B\u00f6l\u00fcm\u00fc, insan\u0131 merkeze alan; ihtiya\u00e7 ve beklentiler do\u011frultusunda deneyimlerle \u015fekillenen, disiplinler aras\u0131 bir tasar\u0131m alan\u0131nda e\u011fitim ve ara\u015ft\u0131rma y\u00fcr\u00fctmektedir.","robots":{"index":"index","follow":"follow","max-snippet":"max-snippet:-1","max-image-preview":"max-image-preview:large","max-video-preview":"max-video-preview:-1"},"canonical":"https:\/\/ticaret.edu.tr\/mimarlik\/bolum\/","og_locale":"tr_TR","og_type":"article","og_title":"B\u00f6l\u00fcm","og_description":"2014 y\u0131l\u0131nda kurulan Mimarl\u0131k B\u00f6l\u00fcm\u00fc, insan\u0131 merkeze alan; ihtiya\u00e7 ve beklentiler do\u011frultusunda deneyimlerle \u015fekillenen, disiplinler aras\u0131 bir tasar\u0131m alan\u0131nda e\u011fitim ve ara\u015ft\u0131rma y\u00fcr\u00fctmektedir.","og_url":"https:\/\/ticaret.edu.tr\/mimarlik\/bolum\/","og_site_name":"Mimarl\u0131k","article_publisher":"https:\/\/www.facebook.com\/ticaretedutr","article_modified_time":"2025-10-24T06:18:26+00:00","twitter_card":"summary_large_image","twitter_site":"@ticaretedutr","schema":{"@context":"https:\/\/schema.org","@graph":[{"@type":"WebPage","@id":"https:\/\/ticaret.edu.tr\/mimarlik\/bolum\/","url":"https:\/\/ticaret.edu.tr\/mimarlik\/bolum\/","name":"B\u00f6l\u00fcm - Mimarl\u0131k","isPartOf":{"@id":"http:\/\/ticaret.edu.tr\/mimarlik\/#website"},"datePublished":"2025-01-27T10:26:29+00:00","dateModified":"2025-10-24T06:18:26+00:00","description":"2014 y\u0131l\u0131nda kurulan Mimarl\u0131k B\u00f6l\u00fcm\u00fc, insan\u0131 merkeze alan; ihtiya\u00e7 ve beklentiler do\u011frultusunda deneyimlerle \u015fekillenen, disiplinler aras\u0131 bir tasar\u0131m alan\u0131nda e\u011fitim ve ara\u015ft\u0131rma y\u00fcr\u00fctmektedir.","breadcrumb":{"@id":"https:\/\/ticaret.edu.tr\/mimarlik\/bolum\/#breadcrumb"},"inLanguage":"tr","potentialAction":[{"@type":"ReadAction","target":["https:\/\/ticaret.edu.tr\/mimarlik\/bolum\/"]}]},{"@type":"BreadcrumbList","@id":"https:\/\/ticaret.edu.tr\/mimarlik\/bolum\/#breadcrumb","itemListElement":[{"@type":"ListItem","position":1,"name":"Ana sayfa","item":"http:\/\/ticaret.edu.tr\/mimarlik\/"},{"@type":"ListItem","position":2,"name":"B\u00f6l\u00fcm"}]},{"@type":"WebSite","@id":"http:\/\/ticaret.edu.tr\/mimarlik\/#website","url":"http:\/\/ticaret.edu.tr\/mimarlik\/","name":"Mimarl\u0131k","description":"","potentialAction":[{"@type":"SearchAction","target":{"@type":"EntryPoint","urlTemplate":"http:\/\/ticaret.edu.tr\/mimarlik\/?s={search_term_string}"},"query-input":"required name=search_term_string"}],"inLanguage":"tr"}]}},"lang":"tr","translations":{"tr":1767,"en":1939},"pll_sync_post":[],"_links":{"self":[{"href":"http:\/\/ticaret.edu.tr\/mimarlik\/wp-json\/wp\/v2\/pages\/1767"}],"collection":[{"href":"http:\/\/ticaret.edu.tr\/mimarlik\/wp-json\/wp\/v2\/pages"}],"about":[{"href":"http:\/\/ticaret.edu.tr\/mimarlik\/wp-json\/wp\/v2\/types\/page"}],"author":[{"embeddable":true,"href":"http:\/\/ticaret.edu.tr\/mimarlik\/wp-json\/wp\/v2\/users\/225"}],"replies":[{"embeddable":true,"href":"http:\/\/ticaret.edu.tr\/mimarlik\/wp-json\/wp\/v2\/comments?post=1767"}],"version-history":[{"count":1,"href":"http:\/\/ticaret.edu.tr\/mimarlik\/wp-json\/wp\/v2\/pages\/1767\/revisions"}],"predecessor-version":[{"id":1768,"href":"http:\/\/ticaret.edu.tr\/mimarlik\/wp-json\/wp\/v2\/pages\/1767\/revisions\/1768"}],"wp:attachment":[{"href":"http:\/\/ticaret.edu.tr\/mimarlik\/wp-json\/wp\/v2\/media?parent=1767"}],"curies":[{"name":"wp","href":"https:\/\/api.w.org\/{rel}","templated":true}]}}