{"id":1769,"date":"2025-01-27T13:26:40","date_gmt":"2025-01-27T10:26:40","guid":{"rendered":"https:\/\/ticaret.edu.tr\/mimarlik\/?page_id=1769"},"modified":"2025-10-20T10:49:53","modified_gmt":"2025-10-20T07:49:53","slug":"tarihce","status":"publish","type":"page","link":"http:\/\/ticaret.edu.tr\/mimarlik\/tarihce\/","title":{"rendered":"Tarih\u00e7e"},"content":{"rendered":"<p data-start=\"112\" data-end=\"333\"><strong>2014<\/strong> y\u0131l\u0131nda e\u011fitim-\u00f6\u011fretime ba\u015flayan b\u00f6l\u00fcm\u00fcm\u00fcz, g\u00fcn\u00fcm\u00fcze kadar <strong>yakla\u015f\u0131k 400 mezun<\/strong> vermi\u015ftir.<br data-start=\"209\" data-end=\"212\" \/>Mezunlar\u0131m\u0131z\u0131n tamam\u0131 mimarl\u0131k mesle\u011fi kapsam\u0131nda farkl\u0131 alanlarda aktif olarak \u00e7al\u0131\u015fmaktad\u0131r.<\/p>\n<p data-start=\"112\" data-end=\"333\">Bu alanlar aras\u0131nda:<\/p>\n<ul data-start=\"335\" data-end=\"864\">\n<li data-start=\"335\" data-end=\"372\">\n<p data-start=\"337\" data-end=\"372\">Kendi mimarl\u0131k ofisini kuran,<\/p>\n<\/li>\n<li data-start=\"373\" data-end=\"448\">\n<p data-start=\"375\" data-end=\"448\">Mimarl\u0131k ofislerinde tasar\u0131mc\u0131 veya proje sorumlusu olarak \u00e7al\u0131\u015fan,<\/p>\n<\/li>\n<li data-start=\"449\" data-end=\"500\">\n<p data-start=\"451\" data-end=\"500\">\u015eantiyelerde uygulama s\u00fcrecinde g\u00f6rev alan,<\/p>\n<\/li>\n<li data-start=\"501\" data-end=\"548\">\n<p data-start=\"503\" data-end=\"548\">Kamu kurumlar\u0131nda mimar olarak \u00e7al\u0131\u015fan,<\/p>\n<\/li>\n<li data-start=\"549\" data-end=\"617\">\n<p data-start=\"551\" data-end=\"617\">\u0130\u00e7 mimarl\u0131k ve mek\u00e2n tasar\u0131m\u0131 alanlar\u0131nda faaliyet g\u00f6steren,<\/p>\n<\/li>\n<li data-start=\"618\" data-end=\"692\">\n<p data-start=\"620\" data-end=\"692\">Yap\u0131 malzemesi \u00fcretimi ve pazarlamas\u0131 yapan firmalarda g\u00f6rev alan,<\/p>\n<\/li>\n<li data-start=\"693\" data-end=\"736\">\n<p data-start=\"695\" data-end=\"736\">Y\u00fcksek lisans e\u011fitimine devam eden,<\/p>\n<\/li>\n<li data-start=\"737\" data-end=\"864\">\n<p data-start=\"739\" data-end=\"864\">E\u011fitimine devam ederken \u00fcniversitelerde ara\u015ft\u0131rma g\u00f6revlisi veya akademisyen olarak \u00e7al\u0131\u015fan mezunlar\u0131m\u0131z bulunmaktad\u0131r.<\/p>\n<\/li>\n<\/ul>\n","protected":false},"excerpt":{"rendered":"<p>2014 y\u0131l\u0131nda e\u011fitim-\u00f6\u011fretime ba\u015flayan b\u00f6l\u00fcm\u00fcm\u00fcz, g\u00fcn\u00fcm\u00fcze kadar yakla\u015f\u0131k 400 mezun vermi\u015ftir.Mezunlar\u0131m\u0131z\u0131n tamam\u0131 mimarl\u0131k mesle\u011fi kapsam\u0131nda farkl\u0131 alanlarda aktif olarak \u00e7al\u0131\u015fmaktad\u0131r. Bu alanlar aras\u0131nda: Kendi mimarl\u0131k ofisini kuran, Mimarl\u0131k ofislerinde tasar\u0131mc\u0131 veya proje sorumlusu olarak \u00e7al\u0131\u015fan, \u015eantiyelerde uygulama s\u00fcrecinde g\u00f6rev alan, Kamu kurumlar\u0131nda mimar olarak \u00e7al\u0131\u015fan, \u0130\u00e7 mimarl\u0131k ve mek\u00e2n tasar\u0131m\u0131 alanlar\u0131nda faaliyet g\u00f6steren, Yap\u0131 malzemesi [&hellip;]<\/p>\n","protected":false},"author":225,"featured_media":0,"parent":0,"menu_order":0,"comment_status":"closed","ping_status":"closed","template":"genel_sayfa.php","meta":{"footnotes":""},"yoast_head":"<!-- This site is optimized with the Yoast SEO Premium plugin v22.1 (Yoast SEO v22.1) - https:\/\/yoast.com\/wordpress\/plugins\/seo\/ -->\n<title>Tarih\u00e7e - Mimarl\u0131k<\/title>\n<meta name=\"description\" content=\"Mezun \u00f6\u011frencilerimizin tamam\u0131 mimarl\u0131k mesle\u011fi kapsam\u0131nda \u00e7al\u0131\u015fmaktad\u0131r.\" \/>\n<meta name=\"robots\" content=\"index, follow, max-snippet:-1, max-image-preview:large, max-video-preview:-1\" \/>\n<link rel=\"canonical\" href=\"https:\/\/ticaret.edu.tr\/mimarlik\/tarihce\/\" \/>\n<meta property=\"og:locale\" content=\"tr_TR\" \/>\n<meta property=\"og:type\" content=\"article\" \/>\n<meta property=\"og:title\" content=\"Tarih\u00e7e\" \/>\n<meta property=\"og:description\" content=\"Mezun \u00f6\u011frencilerimizin tamam\u0131 mimarl\u0131k mesle\u011fi kapsam\u0131nda \u00e7al\u0131\u015fmaktad\u0131r.\" \/>\n<meta property=\"og:url\" content=\"https:\/\/ticaret.edu.tr\/mimarlik\/tarihce\/\" \/>\n<meta property=\"og:site_name\" content=\"Mimarl\u0131k\" \/>\n<meta property=\"article:publisher\" content=\"https:\/\/www.facebook.com\/ticaretedutr\" \/>\n<meta property=\"article:modified_time\" content=\"2025-10-20T07:49:53+00:00\" \/>\n<meta name=\"twitter:card\" content=\"summary_large_image\" \/>\n<meta name=\"twitter:site\" content=\"@ticaretedutr\" \/>\n<meta name=\"twitter:label1\" content=\"Tahmini okuma s\u00fcresi\" \/>\n\t<meta name=\"twitter:data1\" content=\"1 dakika\" \/>\n<script type=\"application\/ld+json\" class=\"yoast-schema-graph\">{\"@context\":\"https:\/\/schema.org\",\"@graph\":[{\"@type\":\"WebPage\",\"@id\":\"https:\/\/ticaret.edu.tr\/mimarlik\/tarihce\/\",\"url\":\"https:\/\/ticaret.edu.tr\/mimarlik\/tarihce\/\",\"name\":\"Tarih\u00e7e - Mimarl\u0131k\",\"isPartOf\":{\"@id\":\"http:\/\/ticaret.edu.tr\/mimarlik\/#website\"},\"datePublished\":\"2025-01-27T10:26:40+00:00\",\"dateModified\":\"2025-10-20T07:49:53+00:00\",\"description\":\"Mezun \u00f6\u011frencilerimizin tamam\u0131 mimarl\u0131k mesle\u011fi kapsam\u0131nda \u00e7al\u0131\u015fmaktad\u0131r.\",\"breadcrumb\":{\"@id\":\"https:\/\/ticaret.edu.tr\/mimarlik\/tarihce\/#breadcrumb\"},\"inLanguage\":\"tr\",\"potentialAction\":[{\"@type\":\"ReadAction\",\"target\":[\"https:\/\/ticaret.edu.tr\/mimarlik\/tarihce\/\"]}]},{\"@type\":\"BreadcrumbList\",\"@id\":\"https:\/\/ticaret.edu.tr\/mimarlik\/tarihce\/#breadcrumb\",\"itemListElement\":[{\"@type\":\"ListItem\",\"position\":1,\"name\":\"Ana sayfa\",\"item\":\"http:\/\/ticaret.edu.tr\/mimarlik\/\"},{\"@type\":\"ListItem\",\"position\":2,\"name\":\"Tarih\u00e7e\"}]},{\"@type\":\"WebSite\",\"@id\":\"http:\/\/ticaret.edu.tr\/mimarlik\/#website\",\"url\":\"http:\/\/ticaret.edu.tr\/mimarlik\/\",\"name\":\"Mimarl\u0131k\",\"description\":\"\",\"potentialAction\":[{\"@type\":\"SearchAction\",\"target\":{\"@type\":\"EntryPoint\",\"urlTemplate\":\"http:\/\/ticaret.edu.tr\/mimarlik\/?s={search_term_string}\"},\"query-input\":\"required name=search_term_string\"}],\"inLanguage\":\"tr\"}]}<\/script>\n<!-- \/ Yoast SEO Premium plugin. -->","yoast_head_json":{"title":"Tarih\u00e7e - Mimarl\u0131k","description":"Mezun \u00f6\u011frencilerimizin tamam\u0131 mimarl\u0131k mesle\u011fi kapsam\u0131nda \u00e7al\u0131\u015fmaktad\u0131r.","robots":{"index":"index","follow":"follow","max-snippet":"max-snippet:-1","max-image-preview":"max-image-preview:large","max-video-preview":"max-video-preview:-1"},"canonical":"https:\/\/ticaret.edu.tr\/mimarlik\/tarihce\/","og_locale":"tr_TR","og_type":"article","og_title":"Tarih\u00e7e","og_description":"Mezun \u00f6\u011frencilerimizin tamam\u0131 mimarl\u0131k mesle\u011fi kapsam\u0131nda \u00e7al\u0131\u015fmaktad\u0131r.","og_url":"https:\/\/ticaret.edu.tr\/mimarlik\/tarihce\/","og_site_name":"Mimarl\u0131k","article_publisher":"https:\/\/www.facebook.com\/ticaretedutr","article_modified_time":"2025-10-20T07:49:53+00:00","twitter_card":"summary_large_image","twitter_site":"@ticaretedutr","twitter_misc":{"Tahmini okuma s\u00fcresi":"1 dakika"},"schema":{"@context":"https:\/\/schema.org","@graph":[{"@type":"WebPage","@id":"https:\/\/ticaret.edu.tr\/mimarlik\/tarihce\/","url":"https:\/\/ticaret.edu.tr\/mimarlik\/tarihce\/","name":"Tarih\u00e7e - Mimarl\u0131k","isPartOf":{"@id":"http:\/\/ticaret.edu.tr\/mimarlik\/#website"},"datePublished":"2025-01-27T10:26:40+00:00","dateModified":"2025-10-20T07:49:53+00:00","description":"Mezun \u00f6\u011frencilerimizin tamam\u0131 mimarl\u0131k mesle\u011fi kapsam\u0131nda \u00e7al\u0131\u015fmaktad\u0131r.","breadcrumb":{"@id":"https:\/\/ticaret.edu.tr\/mimarlik\/tarihce\/#breadcrumb"},"inLanguage":"tr","potentialAction":[{"@type":"ReadAction","target":["https:\/\/ticaret.edu.tr\/mimarlik\/tarihce\/"]}]},{"@type":"BreadcrumbList","@id":"https:\/\/ticaret.edu.tr\/mimarlik\/tarihce\/#breadcrumb","itemListElement":[{"@type":"ListItem","position":1,"name":"Ana sayfa","item":"http:\/\/ticaret.edu.tr\/mimarlik\/"},{"@type":"ListItem","position":2,"name":"Tarih\u00e7e"}]},{"@type":"WebSite","@id":"http:\/\/ticaret.edu.tr\/mimarlik\/#website","url":"http:\/\/ticaret.edu.tr\/mimarlik\/","name":"Mimarl\u0131k","description":"","potentialAction":[{"@type":"SearchAction","target":{"@type":"EntryPoint","urlTemplate":"http:\/\/ticaret.edu.tr\/mimarlik\/?s={search_term_string}"},"query-input":"required name=search_term_string"}],"inLanguage":"tr"}]}},"lang":"tr","translations":{"tr":1769},"pll_sync_post":[],"_links":{"self":[{"href":"http:\/\/ticaret.edu.tr\/mimarlik\/wp-json\/wp\/v2\/pages\/1769"}],"collection":[{"href":"http:\/\/ticaret.edu.tr\/mimarlik\/wp-json\/wp\/v2\/pages"}],"about":[{"href":"http:\/\/ticaret.edu.tr\/mimarlik\/wp-json\/wp\/v2\/types\/page"}],"author":[{"embeddable":true,"href":"http:\/\/ticaret.edu.tr\/mimarlik\/wp-json\/wp\/v2\/users\/225"}],"replies":[{"embeddable":true,"href":"http:\/\/ticaret.edu.tr\/mimarlik\/wp-json\/wp\/v2\/comments?post=1769"}],"version-history":[{"count":7,"href":"http:\/\/ticaret.edu.tr\/mimarlik\/wp-json\/wp\/v2\/pages\/1769\/revisions"}],"predecessor-version":[{"id":2512,"href":"http:\/\/ticaret.edu.tr\/mimarlik\/wp-json\/wp\/v2\/pages\/1769\/revisions\/2512"}],"wp:attachment":[{"href":"http:\/\/ticaret.edu.tr\/mimarlik\/wp-json\/wp\/v2\/media?parent=1769"}],"curies":[{"name":"wp","href":"https:\/\/api.w.org\/{rel}","templated":true}]}}