{"id":1775,"date":"2025-01-27T13:27:27","date_gmt":"2025-01-27T10:27:27","guid":{"rendered":"https:\/\/ticaret.edu.tr\/mimarlik\/?page_id=1775"},"modified":"2025-10-10T10:54:44","modified_gmt":"2025-10-10T07:54:44","slug":"ogrenci-danismanlari","status":"publish","type":"page","link":"http:\/\/ticaret.edu.tr\/mimarlik\/ogrenci-danismanlari\/","title":{"rendered":"\u00d6\u011frenci Dan\u0131\u015fmanlar\u0131"},"content":{"rendered":"<p><strong>1.S\u0131n\u0131f \u00d6\u011frencileri Dan\u0131\u015fman\u0131:<\/strong> Do\u00e7. Dr. \u00dcyesi Leyla SUR\u0130 (B\u00f6l\u00fcm Ba\u015fkan\u0131)<\/p>\n<p><strong>2.S\u0131n\u0131f \u00d6\u011frencileri Dan\u0131\u015fman\u0131: <\/strong>Dr. \u00d6\u011fr \u00dcyesi Emine AKCAN \u015e\u0130R\u0130N<\/p>\n<p><strong>3. S\u0131n\u0131f \u00d6\u011frencileri Dan\u0131\u015fman\u0131:<\/strong> Do\u00e7. Dr. \u00dcyesi Leyla SUR\u0130 (B\u00f6l\u00fcm Ba\u015fkan\u0131)<\/p>\n<p><strong>4. S\u0131n\u0131f \u00d6\u011frencileri Dan\u0131\u015fman\u0131: <\/strong>\u00d6\u011fr. G\u00f6r. Nur S\u00fcmeyye YAL\u00c7IN KO\u00c7AK<\/p>\n<p>&nbsp;<\/p>\n","protected":false},"excerpt":{"rendered":"<p>1.S\u0131n\u0131f \u00d6\u011frencileri Dan\u0131\u015fman\u0131: Do\u00e7. Dr. \u00dcyesi Leyla SUR\u0130 (B\u00f6l\u00fcm Ba\u015fkan\u0131) 2.S\u0131n\u0131f \u00d6\u011frencileri Dan\u0131\u015fman\u0131: Dr. \u00d6\u011fr \u00dcyesi Emine AKCAN \u015e\u0130R\u0130N 3. S\u0131n\u0131f \u00d6\u011frencileri Dan\u0131\u015fman\u0131: Do\u00e7. Dr. \u00dcyesi Leyla SUR\u0130 (B\u00f6l\u00fcm Ba\u015fkan\u0131) 4. S\u0131n\u0131f \u00d6\u011frencileri Dan\u0131\u015fman\u0131: \u00d6\u011fr. G\u00f6r. Nur S\u00fcmeyye YAL\u00c7IN KO\u00c7AK &nbsp;<\/p>\n","protected":false},"author":225,"featured_media":0,"parent":0,"menu_order":0,"comment_status":"closed","ping_status":"closed","template":"genel_sayfa.php","meta":{"footnotes":""},"yoast_head":"<!-- This site is optimized with the Yoast SEO Premium plugin v22.1 (Yoast SEO v22.1) - https:\/\/yoast.com\/wordpress\/plugins\/seo\/ -->\n<title>\u00d6\u011frenci Dan\u0131\u015fmanlar\u0131 - Mimarl\u0131k<\/title>\n<meta name=\"description\" content=\"Mimarl\u0131k B\u00f6l\u00fcm\u00fc \u00f6\u011frenci dan\u0131\u015fmanlar\u0131 a\u015fa\u011f\u0131daki gibi belirlenmi\u015ftir.\" \/>\n<meta name=\"robots\" content=\"index, follow, max-snippet:-1, max-image-preview:large, max-video-preview:-1\" \/>\n<link rel=\"canonical\" href=\"http:\/\/ticaret.edu.tr\/mimarlik\/ogrenci-danismanlari\/\" \/>\n<meta property=\"og:locale\" content=\"tr_TR\" \/>\n<meta property=\"og:type\" content=\"article\" \/>\n<meta property=\"og:title\" content=\"\u00d6\u011frenci Dan\u0131\u015fmanlar\u0131\" \/>\n<meta property=\"og:description\" content=\"Mimarl\u0131k B\u00f6l\u00fcm\u00fc \u00f6\u011frenci dan\u0131\u015fmanlar\u0131 a\u015fa\u011f\u0131daki gibi belirlenmi\u015ftir.\" \/>\n<meta property=\"og:url\" content=\"http:\/\/ticaret.edu.tr\/mimarlik\/ogrenci-danismanlari\/\" \/>\n<meta property=\"og:site_name\" content=\"Mimarl\u0131k\" \/>\n<meta property=\"article:publisher\" content=\"https:\/\/www.facebook.com\/ticaretedutr\" \/>\n<meta property=\"article:modified_time\" content=\"2025-10-10T07:54:44+00:00\" \/>\n<meta name=\"twitter:card\" content=\"summary_large_image\" \/>\n<meta name=\"twitter:site\" content=\"@ticaretedutr\" \/>\n<meta name=\"twitter:label1\" content=\"Tahmini okuma s\u00fcresi\" \/>\n\t<meta name=\"twitter:data1\" content=\"1 dakika\" \/>\n<script type=\"application\/ld+json\" class=\"yoast-schema-graph\">{\"@context\":\"https:\/\/schema.org\",\"@graph\":[{\"@type\":\"WebPage\",\"@id\":\"http:\/\/ticaret.edu.tr\/mimarlik\/ogrenci-danismanlari\/\",\"url\":\"http:\/\/ticaret.edu.tr\/mimarlik\/ogrenci-danismanlari\/\",\"name\":\"\u00d6\u011frenci Dan\u0131\u015fmanlar\u0131 - Mimarl\u0131k\",\"isPartOf\":{\"@id\":\"http:\/\/ticaret.edu.tr\/mimarlik\/#website\"},\"datePublished\":\"2025-01-27T10:27:27+00:00\",\"dateModified\":\"2025-10-10T07:54:44+00:00\",\"description\":\"Mimarl\u0131k B\u00f6l\u00fcm\u00fc \u00f6\u011frenci dan\u0131\u015fmanlar\u0131 a\u015fa\u011f\u0131daki gibi belirlenmi\u015ftir.\",\"breadcrumb\":{\"@id\":\"http:\/\/ticaret.edu.tr\/mimarlik\/ogrenci-danismanlari\/#breadcrumb\"},\"inLanguage\":\"tr\",\"potentialAction\":[{\"@type\":\"ReadAction\",\"target\":[\"http:\/\/ticaret.edu.tr\/mimarlik\/ogrenci-danismanlari\/\"]}]},{\"@type\":\"BreadcrumbList\",\"@id\":\"http:\/\/ticaret.edu.tr\/mimarlik\/ogrenci-danismanlari\/#breadcrumb\",\"itemListElement\":[{\"@type\":\"ListItem\",\"position\":1,\"name\":\"Ana sayfa\",\"item\":\"http:\/\/ticaret.edu.tr\/mimarlik\/\"},{\"@type\":\"ListItem\",\"position\":2,\"name\":\"\u00d6\u011frenci Dan\u0131\u015fmanlar\u0131\"}]},{\"@type\":\"WebSite\",\"@id\":\"http:\/\/ticaret.edu.tr\/mimarlik\/#website\",\"url\":\"http:\/\/ticaret.edu.tr\/mimarlik\/\",\"name\":\"Mimarl\u0131k\",\"description\":\"\",\"potentialAction\":[{\"@type\":\"SearchAction\",\"target\":{\"@type\":\"EntryPoint\",\"urlTemplate\":\"http:\/\/ticaret.edu.tr\/mimarlik\/?s={search_term_string}\"},\"query-input\":\"required name=search_term_string\"}],\"inLanguage\":\"tr\"}]}<\/script>\n<!-- \/ Yoast SEO Premium plugin. -->","yoast_head_json":{"title":"\u00d6\u011frenci Dan\u0131\u015fmanlar\u0131 - Mimarl\u0131k","description":"Mimarl\u0131k B\u00f6l\u00fcm\u00fc \u00f6\u011frenci dan\u0131\u015fmanlar\u0131 a\u015fa\u011f\u0131daki gibi belirlenmi\u015ftir.","robots":{"index":"index","follow":"follow","max-snippet":"max-snippet:-1","max-image-preview":"max-image-preview:large","max-video-preview":"max-video-preview:-1"},"canonical":"http:\/\/ticaret.edu.tr\/mimarlik\/ogrenci-danismanlari\/","og_locale":"tr_TR","og_type":"article","og_title":"\u00d6\u011frenci Dan\u0131\u015fmanlar\u0131","og_description":"Mimarl\u0131k B\u00f6l\u00fcm\u00fc \u00f6\u011frenci dan\u0131\u015fmanlar\u0131 a\u015fa\u011f\u0131daki gibi belirlenmi\u015ftir.","og_url":"http:\/\/ticaret.edu.tr\/mimarlik\/ogrenci-danismanlari\/","og_site_name":"Mimarl\u0131k","article_publisher":"https:\/\/www.facebook.com\/ticaretedutr","article_modified_time":"2025-10-10T07:54:44+00:00","twitter_card":"summary_large_image","twitter_site":"@ticaretedutr","twitter_misc":{"Tahmini okuma s\u00fcresi":"1 dakika"},"schema":{"@context":"https:\/\/schema.org","@graph":[{"@type":"WebPage","@id":"http:\/\/ticaret.edu.tr\/mimarlik\/ogrenci-danismanlari\/","url":"http:\/\/ticaret.edu.tr\/mimarlik\/ogrenci-danismanlari\/","name":"\u00d6\u011frenci Dan\u0131\u015fmanlar\u0131 - Mimarl\u0131k","isPartOf":{"@id":"http:\/\/ticaret.edu.tr\/mimarlik\/#website"},"datePublished":"2025-01-27T10:27:27+00:00","dateModified":"2025-10-10T07:54:44+00:00","description":"Mimarl\u0131k B\u00f6l\u00fcm\u00fc \u00f6\u011frenci dan\u0131\u015fmanlar\u0131 a\u015fa\u011f\u0131daki gibi belirlenmi\u015ftir.","breadcrumb":{"@id":"http:\/\/ticaret.edu.tr\/mimarlik\/ogrenci-danismanlari\/#breadcrumb"},"inLanguage":"tr","potentialAction":[{"@type":"ReadAction","target":["http:\/\/ticaret.edu.tr\/mimarlik\/ogrenci-danismanlari\/"]}]},{"@type":"BreadcrumbList","@id":"http:\/\/ticaret.edu.tr\/mimarlik\/ogrenci-danismanlari\/#breadcrumb","itemListElement":[{"@type":"ListItem","position":1,"name":"Ana sayfa","item":"http:\/\/ticaret.edu.tr\/mimarlik\/"},{"@type":"ListItem","position":2,"name":"\u00d6\u011frenci Dan\u0131\u015fmanlar\u0131"}]},{"@type":"WebSite","@id":"http:\/\/ticaret.edu.tr\/mimarlik\/#website","url":"http:\/\/ticaret.edu.tr\/mimarlik\/","name":"Mimarl\u0131k","description":"","potentialAction":[{"@type":"SearchAction","target":{"@type":"EntryPoint","urlTemplate":"http:\/\/ticaret.edu.tr\/mimarlik\/?s={search_term_string}"},"query-input":"required name=search_term_string"}],"inLanguage":"tr"}]}},"lang":"tr","translations":{"tr":1775,"en":1947},"pll_sync_post":[],"_links":{"self":[{"href":"http:\/\/ticaret.edu.tr\/mimarlik\/wp-json\/wp\/v2\/pages\/1775"}],"collection":[{"href":"http:\/\/ticaret.edu.tr\/mimarlik\/wp-json\/wp\/v2\/pages"}],"about":[{"href":"http:\/\/ticaret.edu.tr\/mimarlik\/wp-json\/wp\/v2\/types\/page"}],"author":[{"embeddable":true,"href":"http:\/\/ticaret.edu.tr\/mimarlik\/wp-json\/wp\/v2\/users\/225"}],"replies":[{"embeddable":true,"href":"http:\/\/ticaret.edu.tr\/mimarlik\/wp-json\/wp\/v2\/comments?post=1775"}],"version-history":[{"count":5,"href":"http:\/\/ticaret.edu.tr\/mimarlik\/wp-json\/wp\/v2\/pages\/1775\/revisions"}],"predecessor-version":[{"id":2487,"href":"http:\/\/ticaret.edu.tr\/mimarlik\/wp-json\/wp\/v2\/pages\/1775\/revisions\/2487"}],"wp:attachment":[{"href":"http:\/\/ticaret.edu.tr\/mimarlik\/wp-json\/wp\/v2\/media?parent=1775"}],"curies":[{"name":"wp","href":"https:\/\/api.w.org\/{rel}","templated":true}]}}