{"id":1777,"date":"2025-01-27T13:27:47","date_gmt":"2025-01-27T10:27:47","guid":{"rendered":"https:\/\/ticaret.edu.tr\/mimarlik\/?page_id=1777"},"modified":"2025-10-20T15:52:15","modified_gmt":"2025-10-20T12:52:15","slug":"ogrenci-topluluklari","status":"publish","type":"page","link":"http:\/\/ticaret.edu.tr\/mimarlik\/ogrenci-topluluklari\/","title":{"rendered":"\u00d6\u011frenci Topluluklar\u0131"},"content":{"rendered":"<p>\u00d6\u011frenci topluluklar\u0131m\u0131z \u00f6\u011frencilerimizin giri\u015fimleri ile kurulan yap\u0131lar olarak kamp\u00fcs hayat\u0131n\u0131n ayr\u0131lmaz bir par\u00e7as\u0131d\u0131r.\u00a0 \u00d6\u011frencilerimizin derslerinin yan\u0131 s\u0131ra ilgi alanlar\u0131na g\u00f6re, bo\u015f zamanlar\u0131n\u0131 de\u011ferlendirebilecekleri, yetenek ve ki\u015filiklerini geli\u015ftirebilecekleri ortamlard\u0131r. Ortak hayalleri, hobileri ve meraklar\u0131 olan \u00f6\u011frencilerimizi bulu\u015fturan \u00f6\u011frenci topluluklar\u0131, \u00f6\u011frencilerimizin sosyal a\u011flar\u0131n\u0131n olu\u015fmas\u0131 ve geli\u015fmesine de \u00f6nemli katk\u0131lar sunmaktad\u0131r. \u00d6\u011frencilerimiz, ger\u00e7ekle\u015ftirdikleri etkinlikler \u00e7er\u00e7evesinde tak\u0131m \u00e7al\u0131\u015fmas\u0131 yetkinliklerini geli\u015ftirir, zaman y\u00f6netimini \u00f6\u011frenir ve proje geli\u015ftirme gibi beceriler elde ederler. Her \u00f6\u011frencimiz birden fazla \u00f6\u011frenci toplulu\u011funa \u00fcye olabilmekte ve s\u0131n\u0131rs\u0131z etkinliklerden faydalanabilmektedir.<\/p>\n<p>Fak\u00fcltemiz alt\u0131nda olu\u015fan \u00f6\u011frenci topluluklar\u0131;<\/p>\n<ul>\n<li><strong>Mimarl\u0131k ve Tasar\u0131m Toplulu\u011fu,<\/strong><\/li>\n<li><strong>Moda ve Tasar\u0131m Toplulu\u011fu,<\/strong><\/li>\n<li><strong>Kreatif D\u00fc\u015f\u00fcnce \u00d6\u011frenci Toplulu\u011fu<\/strong><\/li>\n<\/ul>\n<p>olmak \u00fczere toplam 3 adettir.<\/p>\n<p><b>\u00d6\u011frenci Topluluklar\u0131:<\/b><\/p>\n<p><a href=\"https:\/\/ticaret.edu.tr\/saglik-kultur-ve-spor-daire-baskanligi\/ogrenci-topluluklari\/\">https:\/\/ticaret.edu.tr\/saglik-kultur-ve-spor-daire-baskanligi\/ogrenci-topluluklari\/<\/a><\/p>\n","protected":false},"excerpt":{"rendered":"<p>\u00d6\u011frenci topluluklar\u0131m\u0131z \u00f6\u011frencilerimizin giri\u015fimleri ile kurulan yap\u0131lar olarak kamp\u00fcs hayat\u0131n\u0131n ayr\u0131lmaz bir par\u00e7as\u0131d\u0131r.\u00a0 \u00d6\u011frencilerimizin derslerinin yan\u0131 s\u0131ra ilgi alanlar\u0131na g\u00f6re, bo\u015f zamanlar\u0131n\u0131 de\u011ferlendirebilecekleri, yetenek ve ki\u015filiklerini geli\u015ftirebilecekleri ortamlard\u0131r. Ortak hayalleri, hobileri ve meraklar\u0131 olan \u00f6\u011frencilerimizi bulu\u015fturan \u00f6\u011frenci topluluklar\u0131, \u00f6\u011frencilerimizin sosyal a\u011flar\u0131n\u0131n olu\u015fmas\u0131 ve geli\u015fmesine de \u00f6nemli katk\u0131lar sunmaktad\u0131r. \u00d6\u011frencilerimiz, ger\u00e7ekle\u015ftirdikleri etkinlikler \u00e7er\u00e7evesinde tak\u0131m \u00e7al\u0131\u015fmas\u0131 yetkinliklerini [&hellip;]<\/p>\n","protected":false},"author":225,"featured_media":0,"parent":0,"menu_order":0,"comment_status":"closed","ping_status":"closed","template":"genel_sayfa.php","meta":{"footnotes":""},"yoast_head":"<!-- This site is optimized with the Yoast SEO Premium plugin v22.1 (Yoast SEO v22.1) - https:\/\/yoast.com\/wordpress\/plugins\/seo\/ -->\n<title>\u00d6\u011frenci Topluluklar\u0131 - Mimarl\u0131k<\/title>\n<meta name=\"description\" content=\"Fak\u00fcltemiz alt\u0131nda olu\u015fan \u00f6\u011frenci topluluklar\u0131; Mimarl\u0131k ve Tasar\u0131m Toplulu\u011fu, Kreatif D\u00fc\u015f\u00fcnce \u00d6\u011frenci Toplulu\u011fu, Moda ve Tasar\u0131m Toplulu\u011fu olmak \u00fczere toplam 3 adettir.\" \/>\n<meta name=\"robots\" content=\"index, follow, max-snippet:-1, max-image-preview:large, max-video-preview:-1\" \/>\n<link rel=\"canonical\" href=\"http:\/\/ticaret.edu.tr\/mimarlik\/ogrenci-topluluklari\/\" \/>\n<meta property=\"og:locale\" content=\"tr_TR\" \/>\n<meta property=\"og:type\" content=\"article\" \/>\n<meta property=\"og:title\" content=\"\u00d6\u011frenci Topluluklar\u0131\" \/>\n<meta property=\"og:description\" content=\"Fak\u00fcltemiz alt\u0131nda olu\u015fan \u00f6\u011frenci topluluklar\u0131; Mimarl\u0131k ve Tasar\u0131m Toplulu\u011fu, Kreatif D\u00fc\u015f\u00fcnce \u00d6\u011frenci Toplulu\u011fu, Moda ve Tasar\u0131m Toplulu\u011fu olmak \u00fczere toplam 3 adettir.\" \/>\n<meta property=\"og:url\" content=\"http:\/\/ticaret.edu.tr\/mimarlik\/ogrenci-topluluklari\/\" \/>\n<meta property=\"og:site_name\" content=\"Mimarl\u0131k\" \/>\n<meta property=\"article:publisher\" content=\"https:\/\/www.facebook.com\/ticaretedutr\" \/>\n<meta property=\"article:modified_time\" content=\"2025-10-20T12:52:15+00:00\" \/>\n<meta name=\"twitter:card\" content=\"summary_large_image\" \/>\n<meta name=\"twitter:site\" content=\"@ticaretedutr\" \/>\n<meta name=\"twitter:label1\" content=\"Tahmini okuma s\u00fcresi\" \/>\n\t<meta name=\"twitter:data1\" content=\"1 dakika\" \/>\n<script type=\"application\/ld+json\" class=\"yoast-schema-graph\">{\"@context\":\"https:\/\/schema.org\",\"@graph\":[{\"@type\":\"WebPage\",\"@id\":\"http:\/\/ticaret.edu.tr\/mimarlik\/ogrenci-topluluklari\/\",\"url\":\"http:\/\/ticaret.edu.tr\/mimarlik\/ogrenci-topluluklari\/\",\"name\":\"\u00d6\u011frenci Topluluklar\u0131 - Mimarl\u0131k\",\"isPartOf\":{\"@id\":\"http:\/\/ticaret.edu.tr\/mimarlik\/#website\"},\"datePublished\":\"2025-01-27T10:27:47+00:00\",\"dateModified\":\"2025-10-20T12:52:15+00:00\",\"description\":\"Fak\u00fcltemiz alt\u0131nda olu\u015fan \u00f6\u011frenci topluluklar\u0131; Mimarl\u0131k ve Tasar\u0131m Toplulu\u011fu, Kreatif D\u00fc\u015f\u00fcnce \u00d6\u011frenci Toplulu\u011fu, Moda ve Tasar\u0131m Toplulu\u011fu olmak \u00fczere toplam 3 adettir.\",\"breadcrumb\":{\"@id\":\"http:\/\/ticaret.edu.tr\/mimarlik\/ogrenci-topluluklari\/#breadcrumb\"},\"inLanguage\":\"tr\",\"potentialAction\":[{\"@type\":\"ReadAction\",\"target\":[\"http:\/\/ticaret.edu.tr\/mimarlik\/ogrenci-topluluklari\/\"]}]},{\"@type\":\"BreadcrumbList\",\"@id\":\"http:\/\/ticaret.edu.tr\/mimarlik\/ogrenci-topluluklari\/#breadcrumb\",\"itemListElement\":[{\"@type\":\"ListItem\",\"position\":1,\"name\":\"Ana sayfa\",\"item\":\"http:\/\/ticaret.edu.tr\/mimarlik\/\"},{\"@type\":\"ListItem\",\"position\":2,\"name\":\"\u00d6\u011frenci Topluluklar\u0131\"}]},{\"@type\":\"WebSite\",\"@id\":\"http:\/\/ticaret.edu.tr\/mimarlik\/#website\",\"url\":\"http:\/\/ticaret.edu.tr\/mimarlik\/\",\"name\":\"Mimarl\u0131k\",\"description\":\"\",\"potentialAction\":[{\"@type\":\"SearchAction\",\"target\":{\"@type\":\"EntryPoint\",\"urlTemplate\":\"http:\/\/ticaret.edu.tr\/mimarlik\/?s={search_term_string}\"},\"query-input\":\"required name=search_term_string\"}],\"inLanguage\":\"tr\"}]}<\/script>\n<!-- \/ Yoast SEO Premium plugin. -->","yoast_head_json":{"title":"\u00d6\u011frenci Topluluklar\u0131 - Mimarl\u0131k","description":"Fak\u00fcltemiz alt\u0131nda olu\u015fan \u00f6\u011frenci topluluklar\u0131; Mimarl\u0131k ve Tasar\u0131m Toplulu\u011fu, Kreatif D\u00fc\u015f\u00fcnce \u00d6\u011frenci Toplulu\u011fu, Moda ve Tasar\u0131m Toplulu\u011fu olmak \u00fczere toplam 3 adettir.","robots":{"index":"index","follow":"follow","max-snippet":"max-snippet:-1","max-image-preview":"max-image-preview:large","max-video-preview":"max-video-preview:-1"},"canonical":"http:\/\/ticaret.edu.tr\/mimarlik\/ogrenci-topluluklari\/","og_locale":"tr_TR","og_type":"article","og_title":"\u00d6\u011frenci Topluluklar\u0131","og_description":"Fak\u00fcltemiz alt\u0131nda olu\u015fan \u00f6\u011frenci topluluklar\u0131; Mimarl\u0131k ve Tasar\u0131m Toplulu\u011fu, Kreatif D\u00fc\u015f\u00fcnce \u00d6\u011frenci Toplulu\u011fu, Moda ve Tasar\u0131m Toplulu\u011fu olmak \u00fczere toplam 3 adettir.","og_url":"http:\/\/ticaret.edu.tr\/mimarlik\/ogrenci-topluluklari\/","og_site_name":"Mimarl\u0131k","article_publisher":"https:\/\/www.facebook.com\/ticaretedutr","article_modified_time":"2025-10-20T12:52:15+00:00","twitter_card":"summary_large_image","twitter_site":"@ticaretedutr","twitter_misc":{"Tahmini okuma s\u00fcresi":"1 dakika"},"schema":{"@context":"https:\/\/schema.org","@graph":[{"@type":"WebPage","@id":"http:\/\/ticaret.edu.tr\/mimarlik\/ogrenci-topluluklari\/","url":"http:\/\/ticaret.edu.tr\/mimarlik\/ogrenci-topluluklari\/","name":"\u00d6\u011frenci Topluluklar\u0131 - Mimarl\u0131k","isPartOf":{"@id":"http:\/\/ticaret.edu.tr\/mimarlik\/#website"},"datePublished":"2025-01-27T10:27:47+00:00","dateModified":"2025-10-20T12:52:15+00:00","description":"Fak\u00fcltemiz alt\u0131nda olu\u015fan \u00f6\u011frenci topluluklar\u0131; Mimarl\u0131k ve Tasar\u0131m Toplulu\u011fu, Kreatif D\u00fc\u015f\u00fcnce \u00d6\u011frenci Toplulu\u011fu, Moda ve Tasar\u0131m Toplulu\u011fu olmak \u00fczere toplam 3 adettir.","breadcrumb":{"@id":"http:\/\/ticaret.edu.tr\/mimarlik\/ogrenci-topluluklari\/#breadcrumb"},"inLanguage":"tr","potentialAction":[{"@type":"ReadAction","target":["http:\/\/ticaret.edu.tr\/mimarlik\/ogrenci-topluluklari\/"]}]},{"@type":"BreadcrumbList","@id":"http:\/\/ticaret.edu.tr\/mimarlik\/ogrenci-topluluklari\/#breadcrumb","itemListElement":[{"@type":"ListItem","position":1,"name":"Ana sayfa","item":"http:\/\/ticaret.edu.tr\/mimarlik\/"},{"@type":"ListItem","position":2,"name":"\u00d6\u011frenci Topluluklar\u0131"}]},{"@type":"WebSite","@id":"http:\/\/ticaret.edu.tr\/mimarlik\/#website","url":"http:\/\/ticaret.edu.tr\/mimarlik\/","name":"Mimarl\u0131k","description":"","potentialAction":[{"@type":"SearchAction","target":{"@type":"EntryPoint","urlTemplate":"http:\/\/ticaret.edu.tr\/mimarlik\/?s={search_term_string}"},"query-input":"required name=search_term_string"}],"inLanguage":"tr"}]}},"lang":"tr","translations":{"tr":1777,"en":1949},"pll_sync_post":[],"_links":{"self":[{"href":"http:\/\/ticaret.edu.tr\/mimarlik\/wp-json\/wp\/v2\/pages\/1777"}],"collection":[{"href":"http:\/\/ticaret.edu.tr\/mimarlik\/wp-json\/wp\/v2\/pages"}],"about":[{"href":"http:\/\/ticaret.edu.tr\/mimarlik\/wp-json\/wp\/v2\/types\/page"}],"author":[{"embeddable":true,"href":"http:\/\/ticaret.edu.tr\/mimarlik\/wp-json\/wp\/v2\/users\/225"}],"replies":[{"embeddable":true,"href":"http:\/\/ticaret.edu.tr\/mimarlik\/wp-json\/wp\/v2\/comments?post=1777"}],"version-history":[{"count":9,"href":"http:\/\/ticaret.edu.tr\/mimarlik\/wp-json\/wp\/v2\/pages\/1777\/revisions"}],"predecessor-version":[{"id":2595,"href":"http:\/\/ticaret.edu.tr\/mimarlik\/wp-json\/wp\/v2\/pages\/1777\/revisions\/2595"}],"wp:attachment":[{"href":"http:\/\/ticaret.edu.tr\/mimarlik\/wp-json\/wp\/v2\/media?parent=1777"}],"curies":[{"name":"wp","href":"https:\/\/api.w.org\/{rel}","templated":true}]}}