{"id":1781,"date":"2025-01-27T13:28:15","date_gmt":"2025-01-27T10:28:15","guid":{"rendered":"https:\/\/ticaret.edu.tr\/mimarlik\/?page_id=1781"},"modified":"2025-10-10T10:30:33","modified_gmt":"2025-10-10T07:30:33","slug":"sayisal-bilgiler","status":"publish","type":"page","link":"http:\/\/ticaret.edu.tr\/mimarlik\/sayisal-bilgiler\/","title":{"rendered":"Say\u0131sal Bilgiler"},"content":{"rendered":"<h1><strong>Y\u0131llara G\u00f6re \u00d6\u011frenci ve Mezun Say\u0131lar\u0131m\u0131z<\/strong><\/h1>\n<p>&nbsp;<\/p>\n<table style=\"height: 355px\" width=\"871\">\n<tbody>\n<tr>\n<td style=\"text-align: center\" rowspan=\"2\" width=\"85\"><strong>Y\u0131l<\/strong><\/td>\n<td style=\"text-align: center\" colspan=\"4\" width=\"170\"><strong>S\u0131n\u0131f<\/strong><\/td>\n<td style=\"text-align: center\" rowspan=\"2\" width=\"76\"><strong>Lisans Toplam<\/strong><\/td>\n<td style=\"text-align: center\" rowspan=\"2\" width=\"85\"><strong>Lisans\u00fcst\u00fc Toplam<\/strong><\/td>\n<td style=\"text-align: center\" colspan=\"2\" width=\"227\"><strong>Mezun Say\u0131lar\u0131<\/strong><\/td>\n<\/tr>\n<tr>\n<td style=\"text-align: center\" width=\"47\"><strong>1.<\/strong><\/td>\n<td style=\"text-align: center\" width=\"38\"><strong>2.<\/strong><\/td>\n<td style=\"text-align: center\" width=\"38\"><strong>3.<\/strong><\/td>\n<td style=\"text-align: center\" width=\"47\"><strong>4.<\/strong><\/td>\n<td style=\"text-align: center\" width=\"85\"><strong>Y. Lisans<\/strong><\/td>\n<td style=\"text-align: center\" width=\"142\"><strong>Doktora<\/strong><\/td>\n<\/tr>\n<tr>\n<td style=\"text-align: center\" width=\"85\"><strong>2020-2021<\/strong><\/td>\n<td style=\"text-align: center\" width=\"47\">35<\/td>\n<td style=\"text-align: center\" width=\"38\">54<\/td>\n<td style=\"text-align: center\" width=\"38\">81<\/td>\n<td style=\"text-align: center\" width=\"47\">108<\/td>\n<td style=\"text-align: center\" width=\"76\">20<\/td>\n<td style=\"text-align: center\" width=\"85\">0<\/td>\n<td style=\"text-align: center\" width=\"85\">5<\/td>\n<td style=\"text-align: center\" rowspan=\"5\" width=\"142\">Doktora program\u0131m\u0131z bulunmamaktad\u0131r.<\/td>\n<\/tr>\n<tr>\n<td style=\"text-align: center\" width=\"85\"><strong>2021-2022<\/strong><\/td>\n<td style=\"text-align: center\" width=\"47\">18<\/td>\n<td style=\"text-align: center\" width=\"38\">38<\/td>\n<td style=\"text-align: center\" width=\"38\">50<\/td>\n<td style=\"text-align: center\" width=\"47\">116<\/td>\n<td style=\"text-align: center\" width=\"76\">105<\/td>\n<td style=\"text-align: center\" width=\"85\">3<\/td>\n<td style=\"text-align: center\" width=\"85\">6<\/td>\n<\/tr>\n<tr>\n<td style=\"text-align: center\" width=\"85\"><strong>2022-2023<\/strong><\/td>\n<td style=\"text-align: center\" width=\"47\">30<\/td>\n<td style=\"text-align: center\" width=\"38\">22<\/td>\n<td style=\"text-align: center\" width=\"38\">35<\/td>\n<td style=\"text-align: center\" width=\"47\">89<\/td>\n<td style=\"text-align: center\" width=\"76\">64<\/td>\n<td style=\"text-align: center\" width=\"85\">11<\/td>\n<td style=\"text-align: center\" width=\"85\">12<\/td>\n<\/tr>\n<tr>\n<td style=\"text-align: center\" width=\"85\"><strong>2023-2024<\/strong><\/td>\n<td style=\"text-align: center\" width=\"47\">24<\/td>\n<td style=\"text-align: center\" width=\"38\">29<\/td>\n<td style=\"text-align: center\" width=\"38\">22<\/td>\n<td style=\"text-align: center\" width=\"47\">78<\/td>\n<td style=\"text-align: center\" width=\"76\">25<\/td>\n<td style=\"text-align: center\" width=\"85\">11<\/td>\n<td style=\"text-align: center\" width=\"85\">8<\/td>\n<\/tr>\n<tr>\n<td style=\"text-align: center\" width=\"85\"><strong>2024-2025<\/strong><\/td>\n<td style=\"text-align: center\" width=\"47\">16<\/td>\n<td style=\"text-align: center\" width=\"38\">28<\/td>\n<td style=\"text-align: center\" width=\"38\">23<\/td>\n<td style=\"text-align: center\" width=\"47\">52<\/td>\n<td style=\"text-align: center\" width=\"76\">34<\/td>\n<td style=\"text-align: center\" width=\"85\">10<\/td>\n<td style=\"text-align: center\" width=\"85\">1<\/td>\n<\/tr>\n<\/tbody>\n<\/table>\n","protected":false},"excerpt":{"rendered":"<p>Y\u0131llara G\u00f6re \u00d6\u011frenci ve Mezun Say\u0131lar\u0131m\u0131z &nbsp; Y\u0131l S\u0131n\u0131f Lisans Toplam Lisans\u00fcst\u00fc Toplam Mezun Say\u0131lar\u0131 1. 2. 3. 4. Y. Lisans Doktora 2020-2021 35 54 81 108 20 0 5 Doktora program\u0131m\u0131z bulunmamaktad\u0131r. 2021-2022 18 38 50 116 105 3 6 2022-2023 30 22 35 89 64 11 12 2023-2024 24 29 22 78 25 [&hellip;]<\/p>\n","protected":false},"author":225,"featured_media":0,"parent":0,"menu_order":0,"comment_status":"closed","ping_status":"closed","template":"genel_sayfa.php","meta":{"footnotes":""},"yoast_head":"<!-- This site is optimized with the Yoast SEO Premium plugin v22.1 (Yoast SEO v22.1) - https:\/\/yoast.com\/wordpress\/plugins\/seo\/ -->\n<title>Say\u0131sal Bilgiler - Mimarl\u0131k<\/title>\n<meta name=\"description\" content=\"Mimarl\u0131k B\u00f6l\u00fcm\u00fc y\u0131llara g\u00f6re mezun ve \u00f6\u011frenci say\u0131lar\u0131m\u0131z i\u00e7in t\u0131klay\u0131n\u0131z.\" \/>\n<meta name=\"robots\" content=\"index, follow, max-snippet:-1, max-image-preview:large, max-video-preview:-1\" \/>\n<link rel=\"canonical\" href=\"http:\/\/ticaret.edu.tr\/mimarlik\/sayisal-bilgiler\/\" \/>\n<meta property=\"og:locale\" content=\"tr_TR\" \/>\n<meta property=\"og:type\" content=\"article\" \/>\n<meta property=\"og:title\" content=\"Say\u0131sal Bilgiler\" \/>\n<meta property=\"og:description\" content=\"Mimarl\u0131k B\u00f6l\u00fcm\u00fc y\u0131llara g\u00f6re mezun ve \u00f6\u011frenci say\u0131lar\u0131m\u0131z i\u00e7in t\u0131klay\u0131n\u0131z.\" \/>\n<meta property=\"og:url\" content=\"http:\/\/ticaret.edu.tr\/mimarlik\/sayisal-bilgiler\/\" \/>\n<meta property=\"og:site_name\" content=\"Mimarl\u0131k\" \/>\n<meta property=\"article:publisher\" content=\"https:\/\/www.facebook.com\/ticaretedutr\" \/>\n<meta property=\"article:modified_time\" content=\"2025-10-10T07:30:33+00:00\" \/>\n<meta name=\"twitter:card\" content=\"summary_large_image\" \/>\n<meta name=\"twitter:site\" content=\"@ticaretedutr\" \/>\n<meta name=\"twitter:label1\" content=\"Tahmini okuma s\u00fcresi\" \/>\n\t<meta name=\"twitter:data1\" content=\"1 dakika\" \/>\n<script type=\"application\/ld+json\" class=\"yoast-schema-graph\">{\"@context\":\"https:\/\/schema.org\",\"@graph\":[{\"@type\":\"WebPage\",\"@id\":\"http:\/\/ticaret.edu.tr\/mimarlik\/sayisal-bilgiler\/\",\"url\":\"http:\/\/ticaret.edu.tr\/mimarlik\/sayisal-bilgiler\/\",\"name\":\"Say\u0131sal Bilgiler - Mimarl\u0131k\",\"isPartOf\":{\"@id\":\"https:\/\/ticaret.edu.tr\/mimarlik\/#website\"},\"datePublished\":\"2025-01-27T10:28:15+00:00\",\"dateModified\":\"2025-10-10T07:30:33+00:00\",\"description\":\"Mimarl\u0131k B\u00f6l\u00fcm\u00fc y\u0131llara g\u00f6re mezun ve \u00f6\u011frenci say\u0131lar\u0131m\u0131z i\u00e7in t\u0131klay\u0131n\u0131z.\",\"breadcrumb\":{\"@id\":\"http:\/\/ticaret.edu.tr\/mimarlik\/sayisal-bilgiler\/#breadcrumb\"},\"inLanguage\":\"tr\",\"potentialAction\":[{\"@type\":\"ReadAction\",\"target\":[\"http:\/\/ticaret.edu.tr\/mimarlik\/sayisal-bilgiler\/\"]}]},{\"@type\":\"BreadcrumbList\",\"@id\":\"http:\/\/ticaret.edu.tr\/mimarlik\/sayisal-bilgiler\/#breadcrumb\",\"itemListElement\":[{\"@type\":\"ListItem\",\"position\":1,\"name\":\"Ana sayfa\",\"item\":\"https:\/\/ticaret.edu.tr\/mimarlik\/\"},{\"@type\":\"ListItem\",\"position\":2,\"name\":\"Say\u0131sal Bilgiler\"}]},{\"@type\":\"WebSite\",\"@id\":\"https:\/\/ticaret.edu.tr\/mimarlik\/#website\",\"url\":\"https:\/\/ticaret.edu.tr\/mimarlik\/\",\"name\":\"Mimarl\u0131k\",\"description\":\"\",\"potentialAction\":[{\"@type\":\"SearchAction\",\"target\":{\"@type\":\"EntryPoint\",\"urlTemplate\":\"https:\/\/ticaret.edu.tr\/mimarlik\/?s={search_term_string}\"},\"query-input\":\"required name=search_term_string\"}],\"inLanguage\":\"tr\"}]}<\/script>\n<!-- \/ Yoast SEO Premium plugin. -->","yoast_head_json":{"title":"Say\u0131sal Bilgiler - Mimarl\u0131k","description":"Mimarl\u0131k B\u00f6l\u00fcm\u00fc y\u0131llara g\u00f6re mezun ve \u00f6\u011frenci say\u0131lar\u0131m\u0131z i\u00e7in t\u0131klay\u0131n\u0131z.","robots":{"index":"index","follow":"follow","max-snippet":"max-snippet:-1","max-image-preview":"max-image-preview:large","max-video-preview":"max-video-preview:-1"},"canonical":"http:\/\/ticaret.edu.tr\/mimarlik\/sayisal-bilgiler\/","og_locale":"tr_TR","og_type":"article","og_title":"Say\u0131sal Bilgiler","og_description":"Mimarl\u0131k B\u00f6l\u00fcm\u00fc y\u0131llara g\u00f6re mezun ve \u00f6\u011frenci say\u0131lar\u0131m\u0131z i\u00e7in t\u0131klay\u0131n\u0131z.","og_url":"http:\/\/ticaret.edu.tr\/mimarlik\/sayisal-bilgiler\/","og_site_name":"Mimarl\u0131k","article_publisher":"https:\/\/www.facebook.com\/ticaretedutr","article_modified_time":"2025-10-10T07:30:33+00:00","twitter_card":"summary_large_image","twitter_site":"@ticaretedutr","twitter_misc":{"Tahmini okuma s\u00fcresi":"1 dakika"},"schema":{"@context":"https:\/\/schema.org","@graph":[{"@type":"WebPage","@id":"http:\/\/ticaret.edu.tr\/mimarlik\/sayisal-bilgiler\/","url":"http:\/\/ticaret.edu.tr\/mimarlik\/sayisal-bilgiler\/","name":"Say\u0131sal Bilgiler - Mimarl\u0131k","isPartOf":{"@id":"https:\/\/ticaret.edu.tr\/mimarlik\/#website"},"datePublished":"2025-01-27T10:28:15+00:00","dateModified":"2025-10-10T07:30:33+00:00","description":"Mimarl\u0131k B\u00f6l\u00fcm\u00fc y\u0131llara g\u00f6re mezun ve \u00f6\u011frenci say\u0131lar\u0131m\u0131z i\u00e7in t\u0131klay\u0131n\u0131z.","breadcrumb":{"@id":"http:\/\/ticaret.edu.tr\/mimarlik\/sayisal-bilgiler\/#breadcrumb"},"inLanguage":"tr","potentialAction":[{"@type":"ReadAction","target":["http:\/\/ticaret.edu.tr\/mimarlik\/sayisal-bilgiler\/"]}]},{"@type":"BreadcrumbList","@id":"http:\/\/ticaret.edu.tr\/mimarlik\/sayisal-bilgiler\/#breadcrumb","itemListElement":[{"@type":"ListItem","position":1,"name":"Ana sayfa","item":"https:\/\/ticaret.edu.tr\/mimarlik\/"},{"@type":"ListItem","position":2,"name":"Say\u0131sal Bilgiler"}]},{"@type":"WebSite","@id":"https:\/\/ticaret.edu.tr\/mimarlik\/#website","url":"https:\/\/ticaret.edu.tr\/mimarlik\/","name":"Mimarl\u0131k","description":"","potentialAction":[{"@type":"SearchAction","target":{"@type":"EntryPoint","urlTemplate":"https:\/\/ticaret.edu.tr\/mimarlik\/?s={search_term_string}"},"query-input":"required name=search_term_string"}],"inLanguage":"tr"}]}},"lang":"tr","translations":{"tr":1781,"en":1953},"pll_sync_post":[],"_links":{"self":[{"href":"http:\/\/ticaret.edu.tr\/mimarlik\/wp-json\/wp\/v2\/pages\/1781"}],"collection":[{"href":"http:\/\/ticaret.edu.tr\/mimarlik\/wp-json\/wp\/v2\/pages"}],"about":[{"href":"http:\/\/ticaret.edu.tr\/mimarlik\/wp-json\/wp\/v2\/types\/page"}],"author":[{"embeddable":true,"href":"http:\/\/ticaret.edu.tr\/mimarlik\/wp-json\/wp\/v2\/users\/225"}],"replies":[{"embeddable":true,"href":"http:\/\/ticaret.edu.tr\/mimarlik\/wp-json\/wp\/v2\/comments?post=1781"}],"version-history":[{"count":4,"href":"http:\/\/ticaret.edu.tr\/mimarlik\/wp-json\/wp\/v2\/pages\/1781\/revisions"}],"predecessor-version":[{"id":2481,"href":"http:\/\/ticaret.edu.tr\/mimarlik\/wp-json\/wp\/v2\/pages\/1781\/revisions\/2481"}],"wp:attachment":[{"href":"http:\/\/ticaret.edu.tr\/mimarlik\/wp-json\/wp\/v2\/media?parent=1781"}],"curies":[{"name":"wp","href":"https:\/\/api.w.org\/{rel}","templated":true}]}}