{"id":1789,"date":"2025-01-27T13:28:59","date_gmt":"2025-01-27T10:28:59","guid":{"rendered":"https:\/\/ticaret.edu.tr\/mimarlik\/?page_id=1789"},"modified":"2025-10-20T11:43:34","modified_gmt":"2025-10-20T08:43:34","slug":"lisansustu-genel-bilgi","status":"publish","type":"page","link":"http:\/\/ticaret.edu.tr\/mimarlik\/lisansustu-genel-bilgi\/","title":{"rendered":"Genel Bilgi"},"content":{"rendered":"<p><strong>\u0130stanbul Ticaret \u00dcniversitesi Koruma ve Restorasyon Y\u00fcksek Lisans Program\u0131;<\/strong><\/p>\n<p>Lisans\u00fcst\u00fc e\u011fitim \u00e7al\u0131\u015fmalar\u0131nda uluslararas\u0131 standartlar\u0131 yakalamak ve hatta bunlar\u0131n \u00fcst\u00fcne \u00e7\u0131kabilmek y\u00fcksek\u00f6\u011fretim kurumlar\u0131n\u0131n hedefleri aras\u0131ndad\u0131r. Avrupa Birli\u011fi uyum s\u00fcreci kapsam\u0131nda g\u00f6zden ge\u00e7irilmesi gereken \u00f6ncelikli alanlar e\u011fitim, bilim ve teknolojidir. Mimarl\u0131k da ge\u00e7mi\u015fi neredeyse insanl\u0131k tarihi kadar eski bir tasar\u0131m ve uygulama disiplini olarak, bilim ve teknoloji \u0131\u015f\u0131\u011f\u0131nda mek\u00e2n yaratmaya ve uygulamaya y\u00f6nelik bir meslek alan\u0131d\u0131r.<\/p>\n<p>Geli\u015fen teknolojiler, k\u00fcreselle\u015fen toplumsal, ekonomik sistemler d\u00fc\u015f\u00fcn\u00fclerek ve katmanla\u015fm\u0131\u015f yap\u0131l\u0131 bir \u00e7evrede, nitelikli tarihi yap\u0131larda ve \u00e7a\u011fda\u015f yap\u0131larda ya\u015famlar\u0131n s\u00fcrd\u00fcr\u00fcld\u00fc\u011f\u00fc g\u00f6z \u00f6n\u00fcne al\u0131narak, sekt\u00f6rde ya da akademide b\u00fcy\u00fck \u00f6l\u00e7ekli ve \u00f6zellikle koruma ama\u00e7l\u0131 restorasyon projelerinde uzman olarak \u00e7al\u0131\u015fabilecek nitelikteki restorasyon uzman\u0131 y\u00fcksek mimarlar\u0131n, \u00f6ncelikle ara\u015ft\u0131rarak ve sorgulayarak g\u00f6rev yapmalar\u0131 hedeflenmektedir.<\/p>\n<p>Program; \u00f6\u011frencileri yenilik\u00e7i, yarat\u0131c\u0131, ba\u011f\u0131ms\u0131z, duyarl\u0131 d\u00fc\u015f\u00fcnebilen, dinamik, giri\u015fimci, \u00e7a\u011fda\u015f ve \u00fcretken ki\u015filikler geli\u015ftirmeleri y\u00f6n\u00fcnde \u00f6zendirerek, onlara planlama, tasarlama, geli\u015ftirme, uygulama ve de\u011ferlendirme yetene\u011fi kazand\u0131rmay\u0131 ama\u00e7lamaktad\u0131r. Ayr\u0131ca gerek liderlik gerekse tak\u0131m \u00e7al\u0131\u015fmas\u0131na yatk\u0131n, ya\u015fam boyu \u00f6\u011frenmenin \u00f6nemini benimsemi\u015f ve bu do\u011frultuda mesleki geli\u015fmeleri ve sosyal de\u011fi\u015fimleri izleyerek \u00fclkemiz de\u011ferlerine, ekonomisine ve teknolojisine fayda sa\u011flayacak restorasyon uzman\u0131 y\u00fcksek mimarlar yeti\u015ftirmeyi hedeflemektedir.<\/p>\n","protected":false},"excerpt":{"rendered":"<p>\u0130stanbul Ticaret \u00dcniversitesi Koruma ve Restorasyon Y\u00fcksek Lisans Program\u0131; Lisans\u00fcst\u00fc e\u011fitim \u00e7al\u0131\u015fmalar\u0131nda uluslararas\u0131 standartlar\u0131 yakalamak ve hatta bunlar\u0131n \u00fcst\u00fcne \u00e7\u0131kabilmek y\u00fcksek\u00f6\u011fretim kurumlar\u0131n\u0131n hedefleri aras\u0131ndad\u0131r. Avrupa Birli\u011fi uyum s\u00fcreci kapsam\u0131nda g\u00f6zden ge\u00e7irilmesi gereken \u00f6ncelikli alanlar e\u011fitim, bilim ve teknolojidir. Mimarl\u0131k da ge\u00e7mi\u015fi neredeyse insanl\u0131k tarihi kadar eski bir tasar\u0131m ve uygulama disiplini olarak, bilim ve teknoloji [&hellip;]<\/p>\n","protected":false},"author":225,"featured_media":0,"parent":0,"menu_order":0,"comment_status":"closed","ping_status":"closed","template":"genel_sayfa.php","meta":{"footnotes":""},"yoast_head":"<!-- This site is optimized with the Yoast SEO Premium plugin v22.1 (Yoast SEO v22.1) - https:\/\/yoast.com\/wordpress\/plugins\/seo\/ -->\n<title>Genel Bilgi - Mimarl\u0131k<\/title>\n<meta name=\"description\" content=\"Koruma ve Restorasyon Program\u0131, mimarl\u0131k alan\u0131nda bilim ve teknoloji temelli, uluslararas\u0131 standartlarda e\u011fitim vererek; tarihi ve \u00e7a\u011fda\u015f yap\u0131larda koruma odakl\u0131 projelerde uzman, ara\u015ft\u0131rmac\u0131 ve sorgulay\u0131c\u0131 y\u00fcksek mimarlar yeti\u015ftirmeyi ama\u00e7lamaktad\u0131r\" \/>\n<meta name=\"robots\" content=\"index, follow, max-snippet:-1, max-image-preview:large, max-video-preview:-1\" \/>\n<link rel=\"canonical\" href=\"http:\/\/ticaret.edu.tr\/mimarlik\/lisansustu-genel-bilgi\/\" \/>\n<meta property=\"og:locale\" content=\"tr_TR\" \/>\n<meta property=\"og:type\" content=\"article\" \/>\n<meta property=\"og:title\" content=\"Genel Bilgi\" \/>\n<meta property=\"og:description\" content=\"Koruma ve Restorasyon Program\u0131, mimarl\u0131k alan\u0131nda bilim ve teknoloji temelli, uluslararas\u0131 standartlarda e\u011fitim vererek; tarihi ve \u00e7a\u011fda\u015f yap\u0131larda koruma odakl\u0131 projelerde uzman, ara\u015ft\u0131rmac\u0131 ve sorgulay\u0131c\u0131 y\u00fcksek mimarlar yeti\u015ftirmeyi ama\u00e7lamaktad\u0131r\" \/>\n<meta property=\"og:url\" content=\"http:\/\/ticaret.edu.tr\/mimarlik\/lisansustu-genel-bilgi\/\" \/>\n<meta property=\"og:site_name\" content=\"Mimarl\u0131k\" \/>\n<meta property=\"article:publisher\" content=\"https:\/\/www.facebook.com\/ticaretedutr\" \/>\n<meta property=\"article:modified_time\" content=\"2025-10-20T08:43:34+00:00\" \/>\n<meta name=\"twitter:card\" content=\"summary_large_image\" \/>\n<meta name=\"twitter:site\" content=\"@ticaretedutr\" \/>\n<meta name=\"twitter:label1\" content=\"Tahmini okuma s\u00fcresi\" \/>\n\t<meta name=\"twitter:data1\" content=\"2 dakika\" \/>\n<script type=\"application\/ld+json\" class=\"yoast-schema-graph\">{\"@context\":\"https:\/\/schema.org\",\"@graph\":[{\"@type\":\"WebPage\",\"@id\":\"http:\/\/ticaret.edu.tr\/mimarlik\/lisansustu-genel-bilgi\/\",\"url\":\"http:\/\/ticaret.edu.tr\/mimarlik\/lisansustu-genel-bilgi\/\",\"name\":\"Genel Bilgi - Mimarl\u0131k\",\"isPartOf\":{\"@id\":\"http:\/\/ticaret.edu.tr\/mimarlik\/#website\"},\"datePublished\":\"2025-01-27T10:28:59+00:00\",\"dateModified\":\"2025-10-20T08:43:34+00:00\",\"description\":\"Koruma ve Restorasyon Program\u0131, mimarl\u0131k alan\u0131nda bilim ve teknoloji temelli, uluslararas\u0131 standartlarda e\u011fitim vererek; tarihi ve \u00e7a\u011fda\u015f yap\u0131larda koruma odakl\u0131 projelerde uzman, ara\u015ft\u0131rmac\u0131 ve sorgulay\u0131c\u0131 y\u00fcksek mimarlar yeti\u015ftirmeyi ama\u00e7lamaktad\u0131r\",\"breadcrumb\":{\"@id\":\"http:\/\/ticaret.edu.tr\/mimarlik\/lisansustu-genel-bilgi\/#breadcrumb\"},\"inLanguage\":\"tr\",\"potentialAction\":[{\"@type\":\"ReadAction\",\"target\":[\"http:\/\/ticaret.edu.tr\/mimarlik\/lisansustu-genel-bilgi\/\"]}]},{\"@type\":\"BreadcrumbList\",\"@id\":\"http:\/\/ticaret.edu.tr\/mimarlik\/lisansustu-genel-bilgi\/#breadcrumb\",\"itemListElement\":[{\"@type\":\"ListItem\",\"position\":1,\"name\":\"Ana sayfa\",\"item\":\"http:\/\/ticaret.edu.tr\/mimarlik\/\"},{\"@type\":\"ListItem\",\"position\":2,\"name\":\"Genel Bilgi\"}]},{\"@type\":\"WebSite\",\"@id\":\"http:\/\/ticaret.edu.tr\/mimarlik\/#website\",\"url\":\"http:\/\/ticaret.edu.tr\/mimarlik\/\",\"name\":\"Mimarl\u0131k\",\"description\":\"\",\"potentialAction\":[{\"@type\":\"SearchAction\",\"target\":{\"@type\":\"EntryPoint\",\"urlTemplate\":\"http:\/\/ticaret.edu.tr\/mimarlik\/?s={search_term_string}\"},\"query-input\":\"required name=search_term_string\"}],\"inLanguage\":\"tr\"}]}<\/script>\n<!-- \/ Yoast SEO Premium plugin. -->","yoast_head_json":{"title":"Genel Bilgi - Mimarl\u0131k","description":"Koruma ve Restorasyon Program\u0131, mimarl\u0131k alan\u0131nda bilim ve teknoloji temelli, uluslararas\u0131 standartlarda e\u011fitim vererek; tarihi ve \u00e7a\u011fda\u015f yap\u0131larda koruma odakl\u0131 projelerde uzman, ara\u015ft\u0131rmac\u0131 ve sorgulay\u0131c\u0131 y\u00fcksek mimarlar yeti\u015ftirmeyi ama\u00e7lamaktad\u0131r","robots":{"index":"index","follow":"follow","max-snippet":"max-snippet:-1","max-image-preview":"max-image-preview:large","max-video-preview":"max-video-preview:-1"},"canonical":"http:\/\/ticaret.edu.tr\/mimarlik\/lisansustu-genel-bilgi\/","og_locale":"tr_TR","og_type":"article","og_title":"Genel Bilgi","og_description":"Koruma ve Restorasyon Program\u0131, mimarl\u0131k alan\u0131nda bilim ve teknoloji temelli, uluslararas\u0131 standartlarda e\u011fitim vererek; tarihi ve \u00e7a\u011fda\u015f yap\u0131larda koruma odakl\u0131 projelerde uzman, ara\u015ft\u0131rmac\u0131 ve sorgulay\u0131c\u0131 y\u00fcksek mimarlar yeti\u015ftirmeyi ama\u00e7lamaktad\u0131r","og_url":"http:\/\/ticaret.edu.tr\/mimarlik\/lisansustu-genel-bilgi\/","og_site_name":"Mimarl\u0131k","article_publisher":"https:\/\/www.facebook.com\/ticaretedutr","article_modified_time":"2025-10-20T08:43:34+00:00","twitter_card":"summary_large_image","twitter_site":"@ticaretedutr","twitter_misc":{"Tahmini okuma s\u00fcresi":"2 dakika"},"schema":{"@context":"https:\/\/schema.org","@graph":[{"@type":"WebPage","@id":"http:\/\/ticaret.edu.tr\/mimarlik\/lisansustu-genel-bilgi\/","url":"http:\/\/ticaret.edu.tr\/mimarlik\/lisansustu-genel-bilgi\/","name":"Genel Bilgi - Mimarl\u0131k","isPartOf":{"@id":"http:\/\/ticaret.edu.tr\/mimarlik\/#website"},"datePublished":"2025-01-27T10:28:59+00:00","dateModified":"2025-10-20T08:43:34+00:00","description":"Koruma ve Restorasyon Program\u0131, mimarl\u0131k alan\u0131nda bilim ve teknoloji temelli, uluslararas\u0131 standartlarda e\u011fitim vererek; tarihi ve \u00e7a\u011fda\u015f yap\u0131larda koruma odakl\u0131 projelerde uzman, ara\u015ft\u0131rmac\u0131 ve sorgulay\u0131c\u0131 y\u00fcksek mimarlar yeti\u015ftirmeyi ama\u00e7lamaktad\u0131r","breadcrumb":{"@id":"http:\/\/ticaret.edu.tr\/mimarlik\/lisansustu-genel-bilgi\/#breadcrumb"},"inLanguage":"tr","potentialAction":[{"@type":"ReadAction","target":["http:\/\/ticaret.edu.tr\/mimarlik\/lisansustu-genel-bilgi\/"]}]},{"@type":"BreadcrumbList","@id":"http:\/\/ticaret.edu.tr\/mimarlik\/lisansustu-genel-bilgi\/#breadcrumb","itemListElement":[{"@type":"ListItem","position":1,"name":"Ana sayfa","item":"http:\/\/ticaret.edu.tr\/mimarlik\/"},{"@type":"ListItem","position":2,"name":"Genel Bilgi"}]},{"@type":"WebSite","@id":"http:\/\/ticaret.edu.tr\/mimarlik\/#website","url":"http:\/\/ticaret.edu.tr\/mimarlik\/","name":"Mimarl\u0131k","description":"","potentialAction":[{"@type":"SearchAction","target":{"@type":"EntryPoint","urlTemplate":"http:\/\/ticaret.edu.tr\/mimarlik\/?s={search_term_string}"},"query-input":"required name=search_term_string"}],"inLanguage":"tr"}]}},"lang":"tr","translations":{"en":2007,"tr":1789},"pll_sync_post":[],"_links":{"self":[{"href":"http:\/\/ticaret.edu.tr\/mimarlik\/wp-json\/wp\/v2\/pages\/1789"}],"collection":[{"href":"http:\/\/ticaret.edu.tr\/mimarlik\/wp-json\/wp\/v2\/pages"}],"about":[{"href":"http:\/\/ticaret.edu.tr\/mimarlik\/wp-json\/wp\/v2\/types\/page"}],"author":[{"embeddable":true,"href":"http:\/\/ticaret.edu.tr\/mimarlik\/wp-json\/wp\/v2\/users\/225"}],"replies":[{"embeddable":true,"href":"http:\/\/ticaret.edu.tr\/mimarlik\/wp-json\/wp\/v2\/comments?post=1789"}],"version-history":[{"count":5,"href":"http:\/\/ticaret.edu.tr\/mimarlik\/wp-json\/wp\/v2\/pages\/1789\/revisions"}],"predecessor-version":[{"id":2534,"href":"http:\/\/ticaret.edu.tr\/mimarlik\/wp-json\/wp\/v2\/pages\/1789\/revisions\/2534"}],"wp:attachment":[{"href":"http:\/\/ticaret.edu.tr\/mimarlik\/wp-json\/wp\/v2\/media?parent=1789"}],"curies":[{"name":"wp","href":"https:\/\/api.w.org\/{rel}","templated":true}]}}