{"id":1797,"date":"2025-01-27T13:29:43","date_gmt":"2025-01-27T10:29:43","guid":{"rendered":"https:\/\/ticaret.edu.tr\/mimarlik\/?page_id=1797"},"modified":"2025-10-20T10:48:32","modified_gmt":"2025-10-20T07:48:32","slug":"kazanilan-derece","status":"publish","type":"page","link":"http:\/\/ticaret.edu.tr\/mimarlik\/kazanilan-derece\/","title":{"rendered":"Kazan\u0131lan Derece"},"content":{"rendered":"<p>Program\u0131 ba\u015far\u0131yla tamamlayan \u00f6\u011frenciler lisans derecesine sahip olduklar\u0131n\u0131 g\u00f6steren lisans diplomas\u0131n\u0131 al\u0131rlar.<\/p>\n<p>Kazan\u0131lan derece:<strong> Lisans<\/strong><\/p>\n<p><strong>Y\u00f6netmelik i\u00e7in t\u0131klayabilirsiniz:<\/strong> <a href=\"https:\/\/www.mevzuat.gov.tr\/mevzuat?MevzuatNo=15066&amp;MevzuatTur=8&amp;MevzuatTertip=5\" target=\"_blank\" rel=\"noopener\">\u00d6n Lisans ve Lisans E\u011fitim \u00d6\u011fretim ve S\u0131nav Y\u00f6netmeli\u011fi<\/a><\/p>\n","protected":false},"excerpt":{"rendered":"<p>Program\u0131 ba\u015far\u0131yla tamamlayan \u00f6\u011frenciler lisans derecesine sahip olduklar\u0131n\u0131 g\u00f6steren lisans diplomas\u0131n\u0131 al\u0131rlar. Kazan\u0131lan derece: Lisans Y\u00f6netmelik i\u00e7in t\u0131klayabilirsiniz: \u00d6n Lisans ve Lisans E\u011fitim \u00d6\u011fretim ve S\u0131nav Y\u00f6netmeli\u011fi<\/p>\n","protected":false},"author":225,"featured_media":0,"parent":0,"menu_order":0,"comment_status":"closed","ping_status":"closed","template":"genel_sayfa.php","meta":{"footnotes":""},"yoast_head":"<!-- This site is optimized with the Yoast SEO Premium plugin v22.1 (Yoast SEO v22.1) - https:\/\/yoast.com\/wordpress\/plugins\/seo\/ -->\n<title>Kazan\u0131lan Derece - Mimarl\u0131k<\/title>\n<meta name=\"description\" content=\"Program\u0131 ba\u015far\u0131yla tamamlayan \u00f6\u011frenciler lisans derecesine sahip olduklar\u0131n\u0131 g\u00f6steren lisans diplomas\u0131n\u0131 al\u0131rlar.\" \/>\n<meta name=\"robots\" content=\"index, follow, max-snippet:-1, max-image-preview:large, max-video-preview:-1\" \/>\n<link rel=\"canonical\" href=\"https:\/\/ticaret.edu.tr\/mimarlik\/kazanilan-derece\/\" \/>\n<meta property=\"og:locale\" content=\"tr_TR\" \/>\n<meta property=\"og:type\" content=\"article\" \/>\n<meta property=\"og:title\" content=\"Kazan\u0131lan Derece\" \/>\n<meta property=\"og:description\" content=\"Program\u0131 ba\u015far\u0131yla tamamlayan \u00f6\u011frenciler lisans derecesine sahip olduklar\u0131n\u0131 g\u00f6steren lisans diplomas\u0131n\u0131 al\u0131rlar.\" \/>\n<meta property=\"og:url\" content=\"https:\/\/ticaret.edu.tr\/mimarlik\/kazanilan-derece\/\" \/>\n<meta property=\"og:site_name\" content=\"Mimarl\u0131k\" \/>\n<meta property=\"article:publisher\" content=\"https:\/\/www.facebook.com\/ticaretedutr\" \/>\n<meta property=\"article:modified_time\" content=\"2025-10-20T07:48:32+00:00\" \/>\n<meta name=\"twitter:card\" content=\"summary_large_image\" \/>\n<meta name=\"twitter:site\" content=\"@ticaretedutr\" \/>\n<meta name=\"twitter:label1\" content=\"Tahmini okuma s\u00fcresi\" \/>\n\t<meta name=\"twitter:data1\" content=\"1 dakika\" \/>\n<script type=\"application\/ld+json\" class=\"yoast-schema-graph\">{\"@context\":\"https:\/\/schema.org\",\"@graph\":[{\"@type\":\"WebPage\",\"@id\":\"https:\/\/ticaret.edu.tr\/mimarlik\/kazanilan-derece\/\",\"url\":\"https:\/\/ticaret.edu.tr\/mimarlik\/kazanilan-derece\/\",\"name\":\"Kazan\u0131lan Derece - Mimarl\u0131k\",\"isPartOf\":{\"@id\":\"https:\/\/ticaret.edu.tr\/mimarlik\/#website\"},\"datePublished\":\"2025-01-27T10:29:43+00:00\",\"dateModified\":\"2025-10-20T07:48:32+00:00\",\"description\":\"Program\u0131 ba\u015far\u0131yla tamamlayan \u00f6\u011frenciler lisans derecesine sahip olduklar\u0131n\u0131 g\u00f6steren lisans diplomas\u0131n\u0131 al\u0131rlar.\",\"breadcrumb\":{\"@id\":\"https:\/\/ticaret.edu.tr\/mimarlik\/kazanilan-derece\/#breadcrumb\"},\"inLanguage\":\"tr\",\"potentialAction\":[{\"@type\":\"ReadAction\",\"target\":[\"https:\/\/ticaret.edu.tr\/mimarlik\/kazanilan-derece\/\"]}]},{\"@type\":\"BreadcrumbList\",\"@id\":\"https:\/\/ticaret.edu.tr\/mimarlik\/kazanilan-derece\/#breadcrumb\",\"itemListElement\":[{\"@type\":\"ListItem\",\"position\":1,\"name\":\"Ana sayfa\",\"item\":\"https:\/\/ticaret.edu.tr\/mimarlik\/\"},{\"@type\":\"ListItem\",\"position\":2,\"name\":\"Kazan\u0131lan Derece\"}]},{\"@type\":\"WebSite\",\"@id\":\"https:\/\/ticaret.edu.tr\/mimarlik\/#website\",\"url\":\"https:\/\/ticaret.edu.tr\/mimarlik\/\",\"name\":\"Mimarl\u0131k\",\"description\":\"\",\"potentialAction\":[{\"@type\":\"SearchAction\",\"target\":{\"@type\":\"EntryPoint\",\"urlTemplate\":\"https:\/\/ticaret.edu.tr\/mimarlik\/?s={search_term_string}\"},\"query-input\":\"required name=search_term_string\"}],\"inLanguage\":\"tr\"}]}<\/script>\n<!-- \/ Yoast SEO Premium plugin. -->","yoast_head_json":{"title":"Kazan\u0131lan Derece - Mimarl\u0131k","description":"Program\u0131 ba\u015far\u0131yla tamamlayan \u00f6\u011frenciler lisans derecesine sahip olduklar\u0131n\u0131 g\u00f6steren lisans diplomas\u0131n\u0131 al\u0131rlar.","robots":{"index":"index","follow":"follow","max-snippet":"max-snippet:-1","max-image-preview":"max-image-preview:large","max-video-preview":"max-video-preview:-1"},"canonical":"https:\/\/ticaret.edu.tr\/mimarlik\/kazanilan-derece\/","og_locale":"tr_TR","og_type":"article","og_title":"Kazan\u0131lan Derece","og_description":"Program\u0131 ba\u015far\u0131yla tamamlayan \u00f6\u011frenciler lisans derecesine sahip olduklar\u0131n\u0131 g\u00f6steren lisans diplomas\u0131n\u0131 al\u0131rlar.","og_url":"https:\/\/ticaret.edu.tr\/mimarlik\/kazanilan-derece\/","og_site_name":"Mimarl\u0131k","article_publisher":"https:\/\/www.facebook.com\/ticaretedutr","article_modified_time":"2025-10-20T07:48:32+00:00","twitter_card":"summary_large_image","twitter_site":"@ticaretedutr","twitter_misc":{"Tahmini okuma s\u00fcresi":"1 dakika"},"schema":{"@context":"https:\/\/schema.org","@graph":[{"@type":"WebPage","@id":"https:\/\/ticaret.edu.tr\/mimarlik\/kazanilan-derece\/","url":"https:\/\/ticaret.edu.tr\/mimarlik\/kazanilan-derece\/","name":"Kazan\u0131lan Derece - Mimarl\u0131k","isPartOf":{"@id":"https:\/\/ticaret.edu.tr\/mimarlik\/#website"},"datePublished":"2025-01-27T10:29:43+00:00","dateModified":"2025-10-20T07:48:32+00:00","description":"Program\u0131 ba\u015far\u0131yla tamamlayan \u00f6\u011frenciler lisans derecesine sahip olduklar\u0131n\u0131 g\u00f6steren lisans diplomas\u0131n\u0131 al\u0131rlar.","breadcrumb":{"@id":"https:\/\/ticaret.edu.tr\/mimarlik\/kazanilan-derece\/#breadcrumb"},"inLanguage":"tr","potentialAction":[{"@type":"ReadAction","target":["https:\/\/ticaret.edu.tr\/mimarlik\/kazanilan-derece\/"]}]},{"@type":"BreadcrumbList","@id":"https:\/\/ticaret.edu.tr\/mimarlik\/kazanilan-derece\/#breadcrumb","itemListElement":[{"@type":"ListItem","position":1,"name":"Ana sayfa","item":"https:\/\/ticaret.edu.tr\/mimarlik\/"},{"@type":"ListItem","position":2,"name":"Kazan\u0131lan Derece"}]},{"@type":"WebSite","@id":"https:\/\/ticaret.edu.tr\/mimarlik\/#website","url":"https:\/\/ticaret.edu.tr\/mimarlik\/","name":"Mimarl\u0131k","description":"","potentialAction":[{"@type":"SearchAction","target":{"@type":"EntryPoint","urlTemplate":"https:\/\/ticaret.edu.tr\/mimarlik\/?s={search_term_string}"},"query-input":"required name=search_term_string"}],"inLanguage":"tr"}]}},"lang":"tr","translations":{"tr":1797,"en":1969},"pll_sync_post":[],"_links":{"self":[{"href":"http:\/\/ticaret.edu.tr\/mimarlik\/wp-json\/wp\/v2\/pages\/1797"}],"collection":[{"href":"http:\/\/ticaret.edu.tr\/mimarlik\/wp-json\/wp\/v2\/pages"}],"about":[{"href":"http:\/\/ticaret.edu.tr\/mimarlik\/wp-json\/wp\/v2\/types\/page"}],"author":[{"embeddable":true,"href":"http:\/\/ticaret.edu.tr\/mimarlik\/wp-json\/wp\/v2\/users\/225"}],"replies":[{"embeddable":true,"href":"http:\/\/ticaret.edu.tr\/mimarlik\/wp-json\/wp\/v2\/comments?post=1797"}],"version-history":[{"count":5,"href":"http:\/\/ticaret.edu.tr\/mimarlik\/wp-json\/wp\/v2\/pages\/1797\/revisions"}],"predecessor-version":[{"id":2511,"href":"http:\/\/ticaret.edu.tr\/mimarlik\/wp-json\/wp\/v2\/pages\/1797\/revisions\/2511"}],"wp:attachment":[{"href":"http:\/\/ticaret.edu.tr\/mimarlik\/wp-json\/wp\/v2\/media?parent=1797"}],"curies":[{"name":"wp","href":"https:\/\/api.w.org\/{rel}","templated":true}]}}