{"id":1799,"date":"2025-01-27T13:29:54","date_gmt":"2025-01-27T10:29:54","guid":{"rendered":"https:\/\/ticaret.edu.tr\/mimarlik\/?page_id=1799"},"modified":"2025-10-21T13:02:48","modified_gmt":"2025-10-21T10:02:48","slug":"kazanilan-derecenin-duzeyi","status":"publish","type":"page","link":"http:\/\/ticaret.edu.tr\/mimarlik\/kazanilan-derecenin-duzeyi\/","title":{"rendered":"Kazan\u0131lan Derecenin D\u00fczeyi"},"content":{"rendered":"<p><strong>Derece D\u00fczeyi ve Yeterlilik Seviyesi<\/strong><\/p>\n<p>Bu program\u0131 ba\u015far\u0131yla tamamlayan \u00f6\u011frenciler a\u015fa\u011f\u0131daki derece d\u00fczeyine sahiptir:<\/p>\n<ul>\n<li>Derece D\u00fczeyi: Lisans<\/li>\n<li>T\u00fcrkiye Y\u00fcksek\u00f6\u011fretim Yeterlilikler \u00c7er\u00e7evesi (TYY\u00c7) Seviyesi: 6. D\u00fczey<\/li>\n<\/ul>\n<p>Lisans d\u00fczeyi, orta\u00f6\u011fretim sonras\u0131 akademik e\u011fitimin ilk a\u015famas\u0131n\u0131 temsil eder ve mezunlara akademik ve profesyonel kariyerlerinde ilerleme f\u0131rsat\u0131 sunar.<\/p>\n<p>&nbsp;<\/p>\n","protected":false},"excerpt":{"rendered":"<p>Derece D\u00fczeyi ve Yeterlilik Seviyesi Bu program\u0131 ba\u015far\u0131yla tamamlayan \u00f6\u011frenciler a\u015fa\u011f\u0131daki derece d\u00fczeyine sahiptir: Derece D\u00fczeyi: Lisans T\u00fcrkiye Y\u00fcksek\u00f6\u011fretim Yeterlilikler \u00c7er\u00e7evesi (TYY\u00c7) Seviyesi: 6. D\u00fczey Lisans d\u00fczeyi, orta\u00f6\u011fretim sonras\u0131 akademik e\u011fitimin ilk a\u015famas\u0131n\u0131 temsil eder ve mezunlara akademik ve profesyonel kariyerlerinde ilerleme f\u0131rsat\u0131 sunar. &nbsp;<\/p>\n","protected":false},"author":225,"featured_media":0,"parent":0,"menu_order":0,"comment_status":"closed","ping_status":"closed","template":"genel_sayfa.php","meta":{"footnotes":""},"yoast_head":"<!-- This site is optimized with the Yoast SEO Premium plugin v22.1 (Yoast SEO v22.1) - https:\/\/yoast.com\/wordpress\/plugins\/seo\/ -->\n<title>Kazan\u0131lan Derecenin D\u00fczeyi - Mimarl\u0131k<\/title>\n<meta name=\"robots\" content=\"index, follow, max-snippet:-1, max-image-preview:large, max-video-preview:-1\" \/>\n<link rel=\"canonical\" href=\"https:\/\/ticaret.edu.tr\/mimarlik\/kazanilan-derecenin-duzeyi\/\" \/>\n<meta property=\"og:locale\" content=\"tr_TR\" \/>\n<meta property=\"og:type\" content=\"article\" \/>\n<meta property=\"og:title\" content=\"Kazan\u0131lan Derecenin D\u00fczeyi\" \/>\n<meta property=\"og:description\" content=\"Derece D\u00fczeyi ve Yeterlilik Seviyesi Bu program\u0131 ba\u015far\u0131yla tamamlayan \u00f6\u011frenciler a\u015fa\u011f\u0131daki derece d\u00fczeyine sahiptir: Derece D\u00fczeyi: Lisans T\u00fcrkiye Y\u00fcksek\u00f6\u011fretim Yeterlilikler \u00c7er\u00e7evesi (TYY\u00c7) Seviyesi: 6. D\u00fczey Lisans d\u00fczeyi, orta\u00f6\u011fretim sonras\u0131 akademik e\u011fitimin ilk a\u015famas\u0131n\u0131 temsil eder ve mezunlara akademik ve profesyonel kariyerlerinde ilerleme f\u0131rsat\u0131 sunar. &nbsp;\" \/>\n<meta property=\"og:url\" content=\"https:\/\/ticaret.edu.tr\/mimarlik\/kazanilan-derecenin-duzeyi\/\" \/>\n<meta property=\"og:site_name\" content=\"Mimarl\u0131k\" \/>\n<meta property=\"article:publisher\" content=\"https:\/\/www.facebook.com\/ticaretedutr\" \/>\n<meta property=\"article:modified_time\" content=\"2025-10-21T10:02:48+00:00\" \/>\n<meta name=\"twitter:card\" content=\"summary_large_image\" \/>\n<meta name=\"twitter:site\" content=\"@ticaretedutr\" \/>\n<meta name=\"twitter:label1\" content=\"Tahmini okuma s\u00fcresi\" \/>\n\t<meta name=\"twitter:data1\" content=\"1 dakika\" \/>\n<script type=\"application\/ld+json\" class=\"yoast-schema-graph\">{\"@context\":\"https:\/\/schema.org\",\"@graph\":[{\"@type\":\"WebPage\",\"@id\":\"https:\/\/ticaret.edu.tr\/mimarlik\/kazanilan-derecenin-duzeyi\/\",\"url\":\"https:\/\/ticaret.edu.tr\/mimarlik\/kazanilan-derecenin-duzeyi\/\",\"name\":\"Kazan\u0131lan Derecenin D\u00fczeyi - Mimarl\u0131k\",\"isPartOf\":{\"@id\":\"https:\/\/ticaret.edu.tr\/mimarlik\/#website\"},\"datePublished\":\"2025-01-27T10:29:54+00:00\",\"dateModified\":\"2025-10-21T10:02:48+00:00\",\"breadcrumb\":{\"@id\":\"https:\/\/ticaret.edu.tr\/mimarlik\/kazanilan-derecenin-duzeyi\/#breadcrumb\"},\"inLanguage\":\"tr\",\"potentialAction\":[{\"@type\":\"ReadAction\",\"target\":[\"https:\/\/ticaret.edu.tr\/mimarlik\/kazanilan-derecenin-duzeyi\/\"]}]},{\"@type\":\"BreadcrumbList\",\"@id\":\"https:\/\/ticaret.edu.tr\/mimarlik\/kazanilan-derecenin-duzeyi\/#breadcrumb\",\"itemListElement\":[{\"@type\":\"ListItem\",\"position\":1,\"name\":\"Ana sayfa\",\"item\":\"https:\/\/ticaret.edu.tr\/mimarlik\/\"},{\"@type\":\"ListItem\",\"position\":2,\"name\":\"Kazan\u0131lan Derecenin D\u00fczeyi\"}]},{\"@type\":\"WebSite\",\"@id\":\"https:\/\/ticaret.edu.tr\/mimarlik\/#website\",\"url\":\"https:\/\/ticaret.edu.tr\/mimarlik\/\",\"name\":\"Mimarl\u0131k\",\"description\":\"\",\"potentialAction\":[{\"@type\":\"SearchAction\",\"target\":{\"@type\":\"EntryPoint\",\"urlTemplate\":\"https:\/\/ticaret.edu.tr\/mimarlik\/?s={search_term_string}\"},\"query-input\":\"required name=search_term_string\"}],\"inLanguage\":\"tr\"}]}<\/script>\n<!-- \/ Yoast SEO Premium plugin. -->","yoast_head_json":{"title":"Kazan\u0131lan Derecenin D\u00fczeyi - Mimarl\u0131k","robots":{"index":"index","follow":"follow","max-snippet":"max-snippet:-1","max-image-preview":"max-image-preview:large","max-video-preview":"max-video-preview:-1"},"canonical":"https:\/\/ticaret.edu.tr\/mimarlik\/kazanilan-derecenin-duzeyi\/","og_locale":"tr_TR","og_type":"article","og_title":"Kazan\u0131lan Derecenin D\u00fczeyi","og_description":"Derece D\u00fczeyi ve Yeterlilik Seviyesi Bu program\u0131 ba\u015far\u0131yla tamamlayan \u00f6\u011frenciler a\u015fa\u011f\u0131daki derece d\u00fczeyine sahiptir: Derece D\u00fczeyi: Lisans T\u00fcrkiye Y\u00fcksek\u00f6\u011fretim Yeterlilikler \u00c7er\u00e7evesi (TYY\u00c7) Seviyesi: 6. D\u00fczey Lisans d\u00fczeyi, orta\u00f6\u011fretim sonras\u0131 akademik e\u011fitimin ilk a\u015famas\u0131n\u0131 temsil eder ve mezunlara akademik ve profesyonel kariyerlerinde ilerleme f\u0131rsat\u0131 sunar. &nbsp;","og_url":"https:\/\/ticaret.edu.tr\/mimarlik\/kazanilan-derecenin-duzeyi\/","og_site_name":"Mimarl\u0131k","article_publisher":"https:\/\/www.facebook.com\/ticaretedutr","article_modified_time":"2025-10-21T10:02:48+00:00","twitter_card":"summary_large_image","twitter_site":"@ticaretedutr","twitter_misc":{"Tahmini okuma s\u00fcresi":"1 dakika"},"schema":{"@context":"https:\/\/schema.org","@graph":[{"@type":"WebPage","@id":"https:\/\/ticaret.edu.tr\/mimarlik\/kazanilan-derecenin-duzeyi\/","url":"https:\/\/ticaret.edu.tr\/mimarlik\/kazanilan-derecenin-duzeyi\/","name":"Kazan\u0131lan Derecenin D\u00fczeyi - Mimarl\u0131k","isPartOf":{"@id":"https:\/\/ticaret.edu.tr\/mimarlik\/#website"},"datePublished":"2025-01-27T10:29:54+00:00","dateModified":"2025-10-21T10:02:48+00:00","breadcrumb":{"@id":"https:\/\/ticaret.edu.tr\/mimarlik\/kazanilan-derecenin-duzeyi\/#breadcrumb"},"inLanguage":"tr","potentialAction":[{"@type":"ReadAction","target":["https:\/\/ticaret.edu.tr\/mimarlik\/kazanilan-derecenin-duzeyi\/"]}]},{"@type":"BreadcrumbList","@id":"https:\/\/ticaret.edu.tr\/mimarlik\/kazanilan-derecenin-duzeyi\/#breadcrumb","itemListElement":[{"@type":"ListItem","position":1,"name":"Ana sayfa","item":"https:\/\/ticaret.edu.tr\/mimarlik\/"},{"@type":"ListItem","position":2,"name":"Kazan\u0131lan Derecenin D\u00fczeyi"}]},{"@type":"WebSite","@id":"https:\/\/ticaret.edu.tr\/mimarlik\/#website","url":"https:\/\/ticaret.edu.tr\/mimarlik\/","name":"Mimarl\u0131k","description":"","potentialAction":[{"@type":"SearchAction","target":{"@type":"EntryPoint","urlTemplate":"https:\/\/ticaret.edu.tr\/mimarlik\/?s={search_term_string}"},"query-input":"required name=search_term_string"}],"inLanguage":"tr"}]}},"lang":"tr","translations":{"tr":1799,"en":1971},"pll_sync_post":[],"_links":{"self":[{"href":"http:\/\/ticaret.edu.tr\/mimarlik\/wp-json\/wp\/v2\/pages\/1799"}],"collection":[{"href":"http:\/\/ticaret.edu.tr\/mimarlik\/wp-json\/wp\/v2\/pages"}],"about":[{"href":"http:\/\/ticaret.edu.tr\/mimarlik\/wp-json\/wp\/v2\/types\/page"}],"author":[{"embeddable":true,"href":"http:\/\/ticaret.edu.tr\/mimarlik\/wp-json\/wp\/v2\/users\/225"}],"replies":[{"embeddable":true,"href":"http:\/\/ticaret.edu.tr\/mimarlik\/wp-json\/wp\/v2\/comments?post=1799"}],"version-history":[{"count":4,"href":"http:\/\/ticaret.edu.tr\/mimarlik\/wp-json\/wp\/v2\/pages\/1799\/revisions"}],"predecessor-version":[{"id":2626,"href":"http:\/\/ticaret.edu.tr\/mimarlik\/wp-json\/wp\/v2\/pages\/1799\/revisions\/2626"}],"wp:attachment":[{"href":"http:\/\/ticaret.edu.tr\/mimarlik\/wp-json\/wp\/v2\/media?parent=1799"}],"curies":[{"name":"wp","href":"https:\/\/api.w.org\/{rel}","templated":true}]}}