{"id":1805,"date":"2025-01-27T13:30:34","date_gmt":"2025-01-27T10:30:34","guid":{"rendered":"https:\/\/ticaret.edu.tr\/mimarlik\/?page_id=1805"},"modified":"2025-10-20T11:16:31","modified_gmt":"2025-10-20T08:16:31","slug":"mezuniyet-kosullari","status":"publish","type":"page","link":"http:\/\/ticaret.edu.tr\/mimarlik\/mezuniyet-kosullari\/","title":{"rendered":"Mezuniyet Ko\u015fullar\u0131"},"content":{"rendered":"<ul>\n<li>4 y\u0131ll\u0131k m\u00fcfredat programda yer alan t\u00fcm zorunlu derslerin ve se\u00e7meli derslerin tamamlanmas\u0131,<\/li>\n<li>2 adet zorunlu staj\u0131n (Ofis ve Uygulama Staj\u0131) tamamlanmas\u0131,<\/li>\n<li>4.00 \u00fczerinden en az 2.00 not ortalamas\u0131na sahip olmas\u0131,<\/li>\n<li>240 AKTS ders y\u00fck\u00fcn\u00fcn tamamlanmas\u0131 ile \u00f6\u011frenciler programdan mezun olmaya hak kazan\u0131r.<\/li>\n<\/ul>\n","protected":false},"excerpt":{"rendered":"<p>4 y\u0131ll\u0131k m\u00fcfredat programda yer alan t\u00fcm zorunlu derslerin ve se\u00e7meli derslerin tamamlanmas\u0131, 2 adet zorunlu staj\u0131n (Ofis ve Uygulama Staj\u0131) tamamlanmas\u0131, 4.00 \u00fczerinden en az 2.00 not ortalamas\u0131na sahip olmas\u0131, 240 AKTS ders y\u00fck\u00fcn\u00fcn tamamlanmas\u0131 ile \u00f6\u011frenciler programdan mezun olmaya hak kazan\u0131r.<\/p>\n","protected":false},"author":225,"featured_media":0,"parent":0,"menu_order":0,"comment_status":"closed","ping_status":"closed","template":"genel_sayfa.php","meta":{"footnotes":""},"yoast_head":"<!-- This site is optimized with the Yoast SEO Premium plugin v22.1 (Yoast SEO v22.1) - https:\/\/yoast.com\/wordpress\/plugins\/seo\/ -->\n<title>Mezuniyet Ko\u015fullar\u0131 - Mimarl\u0131k<\/title>\n<meta name=\"description\" content=\"\u00d6\u011frenciler, t\u00fcm zorunlu ve se\u00e7meli dersleri ile iki staj\u0131 tamamlay\u0131p 240 AKTS ve en az 2.00 genel not ortalamas\u0131na ula\u015ft\u0131klar\u0131nda programdan mezun olurlar.\" \/>\n<meta name=\"robots\" content=\"index, follow, max-snippet:-1, max-image-preview:large, max-video-preview:-1\" \/>\n<link rel=\"canonical\" href=\"https:\/\/ticaret.edu.tr\/mimarlik\/mezuniyet-kosullari\/\" \/>\n<meta property=\"og:locale\" content=\"tr_TR\" \/>\n<meta property=\"og:type\" content=\"article\" \/>\n<meta property=\"og:title\" content=\"Mezuniyet Ko\u015fullar\u0131\" \/>\n<meta property=\"og:description\" content=\"\u00d6\u011frenciler, t\u00fcm zorunlu ve se\u00e7meli dersleri ile iki staj\u0131 tamamlay\u0131p 240 AKTS ve en az 2.00 genel not ortalamas\u0131na ula\u015ft\u0131klar\u0131nda programdan mezun olurlar.\" \/>\n<meta property=\"og:url\" content=\"https:\/\/ticaret.edu.tr\/mimarlik\/mezuniyet-kosullari\/\" \/>\n<meta property=\"og:site_name\" content=\"Mimarl\u0131k\" \/>\n<meta property=\"article:publisher\" content=\"https:\/\/www.facebook.com\/ticaretedutr\" \/>\n<meta property=\"article:modified_time\" content=\"2025-10-20T08:16:31+00:00\" \/>\n<meta name=\"twitter:card\" content=\"summary_large_image\" \/>\n<meta name=\"twitter:site\" content=\"@ticaretedutr\" \/>\n<meta name=\"twitter:label1\" content=\"Tahmini okuma s\u00fcresi\" \/>\n\t<meta name=\"twitter:data1\" content=\"1 dakika\" \/>\n<script type=\"application\/ld+json\" class=\"yoast-schema-graph\">{\"@context\":\"https:\/\/schema.org\",\"@graph\":[{\"@type\":\"WebPage\",\"@id\":\"https:\/\/ticaret.edu.tr\/mimarlik\/mezuniyet-kosullari\/\",\"url\":\"https:\/\/ticaret.edu.tr\/mimarlik\/mezuniyet-kosullari\/\",\"name\":\"Mezuniyet Ko\u015fullar\u0131 - Mimarl\u0131k\",\"isPartOf\":{\"@id\":\"http:\/\/ticaret.edu.tr\/mimarlik\/#website\"},\"datePublished\":\"2025-01-27T10:30:34+00:00\",\"dateModified\":\"2025-10-20T08:16:31+00:00\",\"description\":\"\u00d6\u011frenciler, t\u00fcm zorunlu ve se\u00e7meli dersleri ile iki staj\u0131 tamamlay\u0131p 240 AKTS ve en az 2.00 genel not ortalamas\u0131na ula\u015ft\u0131klar\u0131nda programdan mezun olurlar.\",\"breadcrumb\":{\"@id\":\"https:\/\/ticaret.edu.tr\/mimarlik\/mezuniyet-kosullari\/#breadcrumb\"},\"inLanguage\":\"tr\",\"potentialAction\":[{\"@type\":\"ReadAction\",\"target\":[\"https:\/\/ticaret.edu.tr\/mimarlik\/mezuniyet-kosullari\/\"]}]},{\"@type\":\"BreadcrumbList\",\"@id\":\"https:\/\/ticaret.edu.tr\/mimarlik\/mezuniyet-kosullari\/#breadcrumb\",\"itemListElement\":[{\"@type\":\"ListItem\",\"position\":1,\"name\":\"Ana sayfa\",\"item\":\"http:\/\/ticaret.edu.tr\/mimarlik\/\"},{\"@type\":\"ListItem\",\"position\":2,\"name\":\"Mezuniyet Ko\u015fullar\u0131\"}]},{\"@type\":\"WebSite\",\"@id\":\"http:\/\/ticaret.edu.tr\/mimarlik\/#website\",\"url\":\"http:\/\/ticaret.edu.tr\/mimarlik\/\",\"name\":\"Mimarl\u0131k\",\"description\":\"\",\"potentialAction\":[{\"@type\":\"SearchAction\",\"target\":{\"@type\":\"EntryPoint\",\"urlTemplate\":\"http:\/\/ticaret.edu.tr\/mimarlik\/?s={search_term_string}\"},\"query-input\":\"required name=search_term_string\"}],\"inLanguage\":\"tr\"}]}<\/script>\n<!-- \/ Yoast SEO Premium plugin. -->","yoast_head_json":{"title":"Mezuniyet Ko\u015fullar\u0131 - Mimarl\u0131k","description":"\u00d6\u011frenciler, t\u00fcm zorunlu ve se\u00e7meli dersleri ile iki staj\u0131 tamamlay\u0131p 240 AKTS ve en az 2.00 genel not ortalamas\u0131na ula\u015ft\u0131klar\u0131nda programdan mezun olurlar.","robots":{"index":"index","follow":"follow","max-snippet":"max-snippet:-1","max-image-preview":"max-image-preview:large","max-video-preview":"max-video-preview:-1"},"canonical":"https:\/\/ticaret.edu.tr\/mimarlik\/mezuniyet-kosullari\/","og_locale":"tr_TR","og_type":"article","og_title":"Mezuniyet Ko\u015fullar\u0131","og_description":"\u00d6\u011frenciler, t\u00fcm zorunlu ve se\u00e7meli dersleri ile iki staj\u0131 tamamlay\u0131p 240 AKTS ve en az 2.00 genel not ortalamas\u0131na ula\u015ft\u0131klar\u0131nda programdan mezun olurlar.","og_url":"https:\/\/ticaret.edu.tr\/mimarlik\/mezuniyet-kosullari\/","og_site_name":"Mimarl\u0131k","article_publisher":"https:\/\/www.facebook.com\/ticaretedutr","article_modified_time":"2025-10-20T08:16:31+00:00","twitter_card":"summary_large_image","twitter_site":"@ticaretedutr","twitter_misc":{"Tahmini okuma s\u00fcresi":"1 dakika"},"schema":{"@context":"https:\/\/schema.org","@graph":[{"@type":"WebPage","@id":"https:\/\/ticaret.edu.tr\/mimarlik\/mezuniyet-kosullari\/","url":"https:\/\/ticaret.edu.tr\/mimarlik\/mezuniyet-kosullari\/","name":"Mezuniyet Ko\u015fullar\u0131 - Mimarl\u0131k","isPartOf":{"@id":"http:\/\/ticaret.edu.tr\/mimarlik\/#website"},"datePublished":"2025-01-27T10:30:34+00:00","dateModified":"2025-10-20T08:16:31+00:00","description":"\u00d6\u011frenciler, t\u00fcm zorunlu ve se\u00e7meli dersleri ile iki staj\u0131 tamamlay\u0131p 240 AKTS ve en az 2.00 genel not ortalamas\u0131na ula\u015ft\u0131klar\u0131nda programdan mezun olurlar.","breadcrumb":{"@id":"https:\/\/ticaret.edu.tr\/mimarlik\/mezuniyet-kosullari\/#breadcrumb"},"inLanguage":"tr","potentialAction":[{"@type":"ReadAction","target":["https:\/\/ticaret.edu.tr\/mimarlik\/mezuniyet-kosullari\/"]}]},{"@type":"BreadcrumbList","@id":"https:\/\/ticaret.edu.tr\/mimarlik\/mezuniyet-kosullari\/#breadcrumb","itemListElement":[{"@type":"ListItem","position":1,"name":"Ana sayfa","item":"http:\/\/ticaret.edu.tr\/mimarlik\/"},{"@type":"ListItem","position":2,"name":"Mezuniyet Ko\u015fullar\u0131"}]},{"@type":"WebSite","@id":"http:\/\/ticaret.edu.tr\/mimarlik\/#website","url":"http:\/\/ticaret.edu.tr\/mimarlik\/","name":"Mimarl\u0131k","description":"","potentialAction":[{"@type":"SearchAction","target":{"@type":"EntryPoint","urlTemplate":"http:\/\/ticaret.edu.tr\/mimarlik\/?s={search_term_string}"},"query-input":"required name=search_term_string"}],"inLanguage":"tr"}]}},"lang":"tr","translations":{"tr":1805,"en":1977},"pll_sync_post":[],"_links":{"self":[{"href":"http:\/\/ticaret.edu.tr\/mimarlik\/wp-json\/wp\/v2\/pages\/1805"}],"collection":[{"href":"http:\/\/ticaret.edu.tr\/mimarlik\/wp-json\/wp\/v2\/pages"}],"about":[{"href":"http:\/\/ticaret.edu.tr\/mimarlik\/wp-json\/wp\/v2\/types\/page"}],"author":[{"embeddable":true,"href":"http:\/\/ticaret.edu.tr\/mimarlik\/wp-json\/wp\/v2\/users\/225"}],"replies":[{"embeddable":true,"href":"http:\/\/ticaret.edu.tr\/mimarlik\/wp-json\/wp\/v2\/comments?post=1805"}],"version-history":[{"count":3,"href":"http:\/\/ticaret.edu.tr\/mimarlik\/wp-json\/wp\/v2\/pages\/1805\/revisions"}],"predecessor-version":[{"id":2521,"href":"http:\/\/ticaret.edu.tr\/mimarlik\/wp-json\/wp\/v2\/pages\/1805\/revisions\/2521"}],"wp:attachment":[{"href":"http:\/\/ticaret.edu.tr\/mimarlik\/wp-json\/wp\/v2\/media?parent=1805"}],"curies":[{"name":"wp","href":"https:\/\/api.w.org\/{rel}","templated":true}]}}