{"id":1818,"date":"2025-01-27T13:33:58","date_gmt":"2025-01-27T10:33:58","guid":{"rendered":"https:\/\/ticaret.edu.tr\/mimarlik\/?page_id=1818"},"modified":"2025-10-20T14:04:02","modified_gmt":"2025-10-20T11:04:02","slug":"ders-tanitim-formlari","status":"publish","type":"page","link":"http:\/\/ticaret.edu.tr\/mimarlik\/ders-tanitim-formlari\/","title":{"rendered":"Ders Tan\u0131t\u0131m Formlar\u0131"},"content":{"rendered":"<p><strong>Ge\u00e7mi\u015f y\u0131llara ait ders tan\u0131t\u0131m formlar\u0131 i\u00e7in t\u0131klayabilirsiniz:<\/strong>\u00a0<a href=\"http:\/\/tubis.ticaret.edu.tr\/_Bologna\/Bolum\/DersListe.aspx\" target=\"_blank\" rel=\"noopener\">Mimarl\u0131k B\u00f6l\u00fcm\u00fc Ders Tan\u0131t\u0131m Formlar\u0131<\/a><\/p>\n<p><strong>G\u00fcncel ders tan\u0131t\u0131m formlar\u0131 i\u00e7in t\u0131klayabilirsiniz:<\/strong>\u00a0<a href=\"https:\/\/obs.ticaret.edu.tr\/oibs\/bologna\/progCourses.aspx?lang=tr&amp;curSunit=540\" target=\"_blank\" rel=\"noopener\">Mimarl\u0131k B\u00f6l\u00fcm\u00fc Ders Tan\u0131t\u0131m Formlar\u0131<\/a><\/p>\n","protected":false},"excerpt":{"rendered":"<p>Ge\u00e7mi\u015f y\u0131llara ait ders tan\u0131t\u0131m formlar\u0131 i\u00e7in t\u0131klayabilirsiniz:\u00a0Mimarl\u0131k B\u00f6l\u00fcm\u00fc Ders Tan\u0131t\u0131m Formlar\u0131 G\u00fcncel ders tan\u0131t\u0131m formlar\u0131 i\u00e7in t\u0131klayabilirsiniz:\u00a0Mimarl\u0131k B\u00f6l\u00fcm\u00fc Ders Tan\u0131t\u0131m Formlar\u0131<\/p>\n","protected":false},"author":225,"featured_media":0,"parent":0,"menu_order":0,"comment_status":"closed","ping_status":"closed","template":"genel_sayfa.php","meta":{"footnotes":""},"yoast_head":"<!-- This site is optimized with the Yoast SEO Premium plugin v22.1 (Yoast SEO v22.1) - https:\/\/yoast.com\/wordpress\/plugins\/seo\/ -->\n<title>Ders Tan\u0131t\u0131m Formlar\u0131 - Mimarl\u0131k<\/title>\n<meta name=\"description\" content=\"Ders tan\u0131t\u0131m formlar\u0131 g\u00fcncel ve ge\u00e7mi\u015f y\u0131llara ait olmak \u00fczere iki farkl\u0131 sistem \u00fczerinden g\u00f6r\u00fcnt\u00fclenebilmektedir.\" \/>\n<meta name=\"robots\" content=\"index, follow, max-snippet:-1, max-image-preview:large, max-video-preview:-1\" \/>\n<link rel=\"canonical\" href=\"https:\/\/ticaret.edu.tr\/mimarlik\/ders-tanitim-formlari\/\" \/>\n<meta property=\"og:locale\" content=\"tr_TR\" \/>\n<meta property=\"og:type\" content=\"article\" \/>\n<meta property=\"og:title\" content=\"Ders Tan\u0131t\u0131m Formlar\u0131\" \/>\n<meta property=\"og:description\" content=\"Ders tan\u0131t\u0131m formlar\u0131 g\u00fcncel ve ge\u00e7mi\u015f y\u0131llara ait olmak \u00fczere iki farkl\u0131 sistem \u00fczerinden g\u00f6r\u00fcnt\u00fclenebilmektedir.\" \/>\n<meta property=\"og:url\" content=\"https:\/\/ticaret.edu.tr\/mimarlik\/ders-tanitim-formlari\/\" \/>\n<meta property=\"og:site_name\" content=\"Mimarl\u0131k\" \/>\n<meta property=\"article:publisher\" content=\"https:\/\/www.facebook.com\/ticaretedutr\" \/>\n<meta property=\"article:modified_time\" content=\"2025-10-20T11:04:02+00:00\" \/>\n<meta name=\"twitter:card\" content=\"summary_large_image\" \/>\n<meta name=\"twitter:site\" content=\"@ticaretedutr\" \/>\n<meta name=\"twitter:label1\" content=\"Tahmini okuma s\u00fcresi\" \/>\n\t<meta name=\"twitter:data1\" content=\"1 dakika\" \/>\n<script type=\"application\/ld+json\" class=\"yoast-schema-graph\">{\"@context\":\"https:\/\/schema.org\",\"@graph\":[{\"@type\":\"WebPage\",\"@id\":\"https:\/\/ticaret.edu.tr\/mimarlik\/ders-tanitim-formlari\/\",\"url\":\"https:\/\/ticaret.edu.tr\/mimarlik\/ders-tanitim-formlari\/\",\"name\":\"Ders Tan\u0131t\u0131m Formlar\u0131 - Mimarl\u0131k\",\"isPartOf\":{\"@id\":\"https:\/\/ticaret.edu.tr\/mimarlik\/#website\"},\"datePublished\":\"2025-01-27T10:33:58+00:00\",\"dateModified\":\"2025-10-20T11:04:02+00:00\",\"description\":\"Ders tan\u0131t\u0131m formlar\u0131 g\u00fcncel ve ge\u00e7mi\u015f y\u0131llara ait olmak \u00fczere iki farkl\u0131 sistem \u00fczerinden g\u00f6r\u00fcnt\u00fclenebilmektedir.\",\"breadcrumb\":{\"@id\":\"https:\/\/ticaret.edu.tr\/mimarlik\/ders-tanitim-formlari\/#breadcrumb\"},\"inLanguage\":\"tr\",\"potentialAction\":[{\"@type\":\"ReadAction\",\"target\":[\"https:\/\/ticaret.edu.tr\/mimarlik\/ders-tanitim-formlari\/\"]}]},{\"@type\":\"BreadcrumbList\",\"@id\":\"https:\/\/ticaret.edu.tr\/mimarlik\/ders-tanitim-formlari\/#breadcrumb\",\"itemListElement\":[{\"@type\":\"ListItem\",\"position\":1,\"name\":\"Ana sayfa\",\"item\":\"https:\/\/ticaret.edu.tr\/mimarlik\/\"},{\"@type\":\"ListItem\",\"position\":2,\"name\":\"Ders Tan\u0131t\u0131m Formlar\u0131\"}]},{\"@type\":\"WebSite\",\"@id\":\"https:\/\/ticaret.edu.tr\/mimarlik\/#website\",\"url\":\"https:\/\/ticaret.edu.tr\/mimarlik\/\",\"name\":\"Mimarl\u0131k\",\"description\":\"\",\"potentialAction\":[{\"@type\":\"SearchAction\",\"target\":{\"@type\":\"EntryPoint\",\"urlTemplate\":\"https:\/\/ticaret.edu.tr\/mimarlik\/?s={search_term_string}\"},\"query-input\":\"required name=search_term_string\"}],\"inLanguage\":\"tr\"}]}<\/script>\n<!-- \/ Yoast SEO Premium plugin. -->","yoast_head_json":{"title":"Ders Tan\u0131t\u0131m Formlar\u0131 - Mimarl\u0131k","description":"Ders tan\u0131t\u0131m formlar\u0131 g\u00fcncel ve ge\u00e7mi\u015f y\u0131llara ait olmak \u00fczere iki farkl\u0131 sistem \u00fczerinden g\u00f6r\u00fcnt\u00fclenebilmektedir.","robots":{"index":"index","follow":"follow","max-snippet":"max-snippet:-1","max-image-preview":"max-image-preview:large","max-video-preview":"max-video-preview:-1"},"canonical":"https:\/\/ticaret.edu.tr\/mimarlik\/ders-tanitim-formlari\/","og_locale":"tr_TR","og_type":"article","og_title":"Ders Tan\u0131t\u0131m Formlar\u0131","og_description":"Ders tan\u0131t\u0131m formlar\u0131 g\u00fcncel ve ge\u00e7mi\u015f y\u0131llara ait olmak \u00fczere iki farkl\u0131 sistem \u00fczerinden g\u00f6r\u00fcnt\u00fclenebilmektedir.","og_url":"https:\/\/ticaret.edu.tr\/mimarlik\/ders-tanitim-formlari\/","og_site_name":"Mimarl\u0131k","article_publisher":"https:\/\/www.facebook.com\/ticaretedutr","article_modified_time":"2025-10-20T11:04:02+00:00","twitter_card":"summary_large_image","twitter_site":"@ticaretedutr","twitter_misc":{"Tahmini okuma s\u00fcresi":"1 dakika"},"schema":{"@context":"https:\/\/schema.org","@graph":[{"@type":"WebPage","@id":"https:\/\/ticaret.edu.tr\/mimarlik\/ders-tanitim-formlari\/","url":"https:\/\/ticaret.edu.tr\/mimarlik\/ders-tanitim-formlari\/","name":"Ders Tan\u0131t\u0131m Formlar\u0131 - Mimarl\u0131k","isPartOf":{"@id":"https:\/\/ticaret.edu.tr\/mimarlik\/#website"},"datePublished":"2025-01-27T10:33:58+00:00","dateModified":"2025-10-20T11:04:02+00:00","description":"Ders tan\u0131t\u0131m formlar\u0131 g\u00fcncel ve ge\u00e7mi\u015f y\u0131llara ait olmak \u00fczere iki farkl\u0131 sistem \u00fczerinden g\u00f6r\u00fcnt\u00fclenebilmektedir.","breadcrumb":{"@id":"https:\/\/ticaret.edu.tr\/mimarlik\/ders-tanitim-formlari\/#breadcrumb"},"inLanguage":"tr","potentialAction":[{"@type":"ReadAction","target":["https:\/\/ticaret.edu.tr\/mimarlik\/ders-tanitim-formlari\/"]}]},{"@type":"BreadcrumbList","@id":"https:\/\/ticaret.edu.tr\/mimarlik\/ders-tanitim-formlari\/#breadcrumb","itemListElement":[{"@type":"ListItem","position":1,"name":"Ana sayfa","item":"https:\/\/ticaret.edu.tr\/mimarlik\/"},{"@type":"ListItem","position":2,"name":"Ders Tan\u0131t\u0131m Formlar\u0131"}]},{"@type":"WebSite","@id":"https:\/\/ticaret.edu.tr\/mimarlik\/#website","url":"https:\/\/ticaret.edu.tr\/mimarlik\/","name":"Mimarl\u0131k","description":"","potentialAction":[{"@type":"SearchAction","target":{"@type":"EntryPoint","urlTemplate":"https:\/\/ticaret.edu.tr\/mimarlik\/?s={search_term_string}"},"query-input":"required name=search_term_string"}],"inLanguage":"tr"}]}},"lang":"tr","translations":{"tr":1818,"en":1989},"pll_sync_post":[],"_links":{"self":[{"href":"http:\/\/ticaret.edu.tr\/mimarlik\/wp-json\/wp\/v2\/pages\/1818"}],"collection":[{"href":"http:\/\/ticaret.edu.tr\/mimarlik\/wp-json\/wp\/v2\/pages"}],"about":[{"href":"http:\/\/ticaret.edu.tr\/mimarlik\/wp-json\/wp\/v2\/types\/page"}],"author":[{"embeddable":true,"href":"http:\/\/ticaret.edu.tr\/mimarlik\/wp-json\/wp\/v2\/users\/225"}],"replies":[{"embeddable":true,"href":"http:\/\/ticaret.edu.tr\/mimarlik\/wp-json\/wp\/v2\/comments?post=1818"}],"version-history":[{"count":5,"href":"http:\/\/ticaret.edu.tr\/mimarlik\/wp-json\/wp\/v2\/pages\/1818\/revisions"}],"predecessor-version":[{"id":2564,"href":"http:\/\/ticaret.edu.tr\/mimarlik\/wp-json\/wp\/v2\/pages\/1818\/revisions\/2564"}],"wp:attachment":[{"href":"http:\/\/ticaret.edu.tr\/mimarlik\/wp-json\/wp\/v2\/media?parent=1818"}],"curies":[{"name":"wp","href":"https:\/\/api.w.org\/{rel}","templated":true}]}}